{"id":8487,"date":"2026-01-29T15:08:16","date_gmt":"2026-01-29T14:08:16","guid":{"rendered":"https:\/\/ammann-stepstore.com\/?post_type=product&#038;p=8487"},"modified":"2026-03-31T11:25:29","modified_gmt":"2026-03-31T09:25:29","slug":"suporte-de-degraus-em-aco-inoxidavel-para-escadas-de-longarinas-de-aco-aparafusadas","status":"publish","type":"product","link":"https:\/\/ammann-stepstore.com\/pt\/produkt\/stufenauflager-aus-edelstahl-fuer-stahlwangentreppen-zum-einschrauben\/","title":{"rendered":"Suporte de degrau em a\u00e7o inoxid\u00e1vel para escadas de longarinas de a\u00e7o aparafusadas"},"content":{"rendered":"<div>\n<p>Acess\u00f3rio para o nariz da escada da Ammann Stairs:<\/p>\n<p data-start=\"437\" data-end=\"690\">Tamb\u00e9m desenvolvemos os suportes de degraus corretos para escadas com longarinas de a\u00e7o. Com os nossos suportes de degraus de alta qualidade para longarinas de a\u00e7o, os degraus podem ser fixados nas escadas de longarinas de a\u00e7o de forma f\u00e1cil, precisa e permanente.<\/p>\n<p data-start=\"692\" data-end=\"978\">Os nossos suportes de degraus aparafusados em a\u00e7o inoxid\u00e1vel oferecem uma solu\u00e7\u00e3o pr\u00e1tica e elegante para fixar degraus a longarinas de a\u00e7o. S\u00e3o f\u00e1ceis de instalar, aparafusando-os \u00e0 longarina de a\u00e7o e proporcionam um suporte est\u00e1vel e limpo para o degrau da escada.<\/p>\n<p data-start=\"980\" data-end=\"1195\">Os suportes de degraus aparafusados para escadas com longarinas de a\u00e7o s\u00e3o ideais para a constru\u00e7\u00e3o de escadas modernas e facilitam a instala\u00e7\u00e3o precisa de degraus de madeira em longarinas de a\u00e7o, tanto para profissionais como para entusiastas da bricolage.<\/p>\n<p data-start=\"1197\" data-end=\"1373\">Encomende j\u00e1 os nossos suportes de degraus para escadas com longarinas de a\u00e7o e descubra uma solu\u00e7\u00e3o sofisticada para a fixa\u00e7\u00e3o segura e duradoura de degraus de escadas.<\/p>\n<\/div>\n<div><\/div>\n<div><\/div>\n<div><\/div>\n<div>Informa\u00e7\u00f5es sobre o artigo:<\/div>\n<div><\/div>\n<div><\/div>\n<div>\n<div><span style=\"color: #202020; font-family: Helvetica Neue, Helvetica, Arial, sans-serif;\">Espig\u00e3o de 9 mm para montagem na face para aparafusar com 20 mm <\/span>\u00d8 e rosca M8, dist\u00e2ncia da longarina ao degrau 5mm para isolamento ac\u00fastico, suporte do degrau 45mm<\/div>\n<div>Fornecido sem parafusos (recomenda-se o uso de parafusos para madeira Torx 4,5 x 40 para degraus de 45 mm de espessura)<\/div>\n<div><\/div>\n<div><\/div>\n<div><span style=\"color: #202020; font-family: Helvetica Neue, Helvetica, Arial, sans-serif;\">S\u00e3o necess\u00e1rios 4 apoios de degrau por degrau reto.<\/span><\/div>\n<\/div>\n<div><\/div>\n<div>Envio a partir da Alemanha.<\/div>\n<div>\n<div><\/div>\n<div>\n<div><\/div>\n<div><\/div>\n<div>Suporte de degraus de escadas, suporte de degraus de a\u00e7o, suporte de degraus de escadas, suporte de degraus, suporte de degraus, suporte de degraus de madeira, fixa\u00e7\u00e3o de degraus de escadas, \u00e2ncora de degraus, suporte de degraus de escadas, suporte de degraus, conetor para a\u00e7o e madeira<\/div>\n<\/div>\n<\/div>","protected":false},"excerpt":{"rendered":"<p>por unidade para uma escada com 15 degraus<\/p>","protected":false},"featured_media":8490,"comment_status":"closed","ping_status":"closed","template":"","meta":[],"product_brand":[],"product_cat":[78],"product_tag":[],"class_list":{"0":"post-8487","1":"product","2":"type-product","3":"status-publish","4":"has-post-thumbnail","6":"product_cat-stufenauflager","8":"first","9":"instock","10":"taxable","11":"shipping-taxable","12":"purchasable","13":"product-type-simple"},"yoast_head":"<!-- This site is optimized with the Yoast SEO plugin v27.4 - https:\/\/yoast.com\/product\/yoast-seo-wordpress\/ -->\n<title>Stufenauflager aus Edelstahl f\u00fcr Stahlwangentreppen zum Einschrauben - Ammann Stepstore<\/title>\n<meta name=\"description\" content=\"Treppenstufenbefestigung aus Edelstahl f\u00fcr Stahlwangentreppen zum Einschrauben. Jetzt Stufentr\u00e4ger kaufen im Online-Shop von Ammann Treppen.\" \/>\n<meta name=\"robots\" content=\"index, follow, max-snippet:-1, max-image-preview:large, max-video-preview:-1\" \/>\n<link rel=\"canonical\" href=\"https:\/\/ammann-stepstore.com\/pt\/product-2\/suporte-de-degraus-em-aco-inoxidavel-para-escadas-de-longarinas-de-aco-aparafusadas\/\" \/>\n<meta property=\"og:locale\" content=\"pt_PT\" \/>\n<meta property=\"og:type\" content=\"article\" \/>\n<meta property=\"og:title\" content=\"Stufenauflager aus Edelstahl f\u00fcr Stahlwangentreppen zum Einschrauben - Ammann Stepstore\" \/>\n<meta property=\"og:description\" content=\"Treppenstufenbefestigung aus Edelstahl f\u00fcr Stahlwangentreppen zum Einschrauben. Jetzt Stufentr\u00e4ger kaufen im Online-Shop von Ammann Treppen.\" \/>\n<meta property=\"og:url\" content=\"https:\/\/ammann-stepstore.com\/pt\/product-2\/suporte-de-degraus-em-aco-inoxidavel-para-escadas-de-longarinas-de-aco-aparafusadas\/\" \/>\n<meta property=\"og:site_name\" content=\"Ammann Stepstore\" \/>\n<meta property=\"article:modified_time\" content=\"2026-03-31T09:25:29+00:00\" \/>\n<meta property=\"og:image\" content=\"https:\/\/ammann-stepstore.com\/wp-content\/uploads\/2026\/01\/StufenlagerStahlwangeSchraubbar.jpg\" \/>\n\t<meta property=\"og:image:width\" content=\"790\" \/>\n\t<meta property=\"og:image:height\" content=\"1000\" \/>\n\t<meta property=\"og:image:type\" content=\"image\/jpeg\" \/>\n<meta name=\"twitter:card\" content=\"summary_large_image\" \/>\n<meta name=\"twitter:label1\" content=\"Tempo estimado de leitura\" \/>\n\t<meta name=\"twitter:data1\" content=\"2 minutos\" \/>\n<script type=\"application\/ld+json\" class=\"yoast-schema-graph\">{\"@context\":\"https:\\\/\\\/schema.org\",\"@graph\":[{\"@type\":\"WebPage\",\"@id\":\"https:\\\/\\\/ammann-stepstore.com\\\/de\\\/produkt\\\/stufenauflager-aus-edelstahl-fuer-stahlwangentreppen-zum-einschrauben\\\/\",\"url\":\"https:\\\/\\\/ammann-stepstore.com\\\/de\\\/produkt\\\/stufenauflager-aus-edelstahl-fuer-stahlwangentreppen-zum-einschrauben\\\/\",\"name\":\"Stufenauflager aus Edelstahl f\u00fcr Stahlwangentreppen zum Einschrauben - Ammann Stepstore\",\"isPartOf\":{\"@id\":\"https:\\\/\\\/ammann-stepstore.com\\\/#website\"},\"primaryImageOfPage\":{\"@id\":\"https:\\\/\\\/ammann-stepstore.com\\\/de\\\/produkt\\\/stufenauflager-aus-edelstahl-fuer-stahlwangentreppen-zum-einschrauben\\\/#primaryimage\"},\"image\":{\"@id\":\"https:\\\/\\\/ammann-stepstore.com\\\/de\\\/produkt\\\/stufenauflager-aus-edelstahl-fuer-stahlwangentreppen-zum-einschrauben\\\/#primaryimage\"},\"thumbnailUrl\":\"https:\\\/\\\/ammann-stepstore.com\\\/wp-content\\\/uploads\\\/2026\\\/01\\\/StufenlagerStahlwangeSchraubbar.jpg\",\"datePublished\":\"2026-01-29T14:08:16+00:00\",\"dateModified\":\"2026-03-31T09:25:29+00:00\",\"description\":\"Treppenstufenbefestigung aus Edelstahl f\u00fcr Stahlwangentreppen zum Einschrauben. Jetzt Stufentr\u00e4ger kaufen im Online-Shop von Ammann Treppen.\",\"breadcrumb\":{\"@id\":\"https:\\\/\\\/ammann-stepstore.com\\\/de\\\/produkt\\\/stufenauflager-aus-edelstahl-fuer-stahlwangentreppen-zum-einschrauben\\\/#breadcrumb\"},\"inLanguage\":\"pt-PT\",\"potentialAction\":[{\"@type\":\"ReadAction\",\"target\":[\"https:\\\/\\\/ammann-stepstore.com\\\/de\\\/produkt\\\/stufenauflager-aus-edelstahl-fuer-stahlwangentreppen-zum-einschrauben\\\/\"]}]},{\"@type\":\"ImageObject\",\"inLanguage\":\"pt-PT\",\"@id\":\"https:\\\/\\\/ammann-stepstore.com\\\/de\\\/produkt\\\/stufenauflager-aus-edelstahl-fuer-stahlwangentreppen-zum-einschrauben\\\/#primaryimage\",\"url\":\"https:\\\/\\\/ammann-stepstore.com\\\/wp-content\\\/uploads\\\/2026\\\/01\\\/StufenlagerStahlwangeSchraubbar.jpg\",\"contentUrl\":\"https:\\\/\\\/ammann-stepstore.com\\\/wp-content\\\/uploads\\\/2026\\\/01\\\/StufenlagerStahlwangeSchraubbar.jpg\",\"width\":790,\"height\":1000,\"caption\":\"Stufenhalter f\u00fcr Stahlwangentreppen zum Einschrauben\"},{\"@type\":\"BreadcrumbList\",\"@id\":\"https:\\\/\\\/ammann-stepstore.com\\\/de\\\/produkt\\\/stufenauflager-aus-edelstahl-fuer-stahlwangentreppen-zum-einschrauben\\\/#breadcrumb\",\"itemListElement\":[{\"@type\":\"ListItem\",\"position\":1,\"name\":\"Startseite\",\"item\":\"https:\\\/\\\/ammann-stepstore.com\\\/\"},{\"@type\":\"ListItem\",\"position\":2,\"name\":\"Shop\",\"item\":\"https:\\\/\\\/ammann-stepstore.com\\\/shop\\\/\"},{\"@type\":\"ListItem\",\"position\":3,\"name\":\"Stufenauflager aus Edelstahl f\u00fcr Stahlwangentreppen zum Einschrauben\"}]},{\"@type\":\"WebSite\",\"@id\":\"https:\\\/\\\/ammann-stepstore.com\\\/#website\",\"url\":\"https:\\\/\\\/ammann-stepstore.com\\\/\",\"name\":\"Ammann Stepstore\",\"description\":\"Treppenbau-Zubeh\u00f6r bequem online kaufen\",\"publisher\":{\"@id\":\"https:\\\/\\\/ammann-stepstore.com\\\/#organization\"},\"potentialAction\":[{\"@type\":\"SearchAction\",\"target\":{\"@type\":\"EntryPoint\",\"urlTemplate\":\"https:\\\/\\\/ammann-stepstore.com\\\/?s={search_term_string}\"},\"query-input\":{\"@type\":\"PropertyValueSpecification\",\"valueRequired\":true,\"valueName\":\"search_term_string\"}}],\"inLanguage\":\"pt-PT\"},{\"@type\":\"Organization\",\"@id\":\"https:\\\/\\\/ammann-stepstore.com\\\/#organization\",\"name\":\"easy-step GmbH\",\"url\":\"https:\\\/\\\/ammann-stepstore.com\\\/\",\"logo\":{\"@type\":\"ImageObject\",\"inLanguage\":\"pt-PT\",\"@id\":\"https:\\\/\\\/ammann-stepstore.com\\\/#\\\/schema\\\/logo\\\/image\\\/\",\"url\":\"https:\\\/\\\/ammann-stepstore.com\\\/wp-content\\\/uploads\\\/2018\\\/09\\\/Systembautreppe-merged.png\",\"contentUrl\":\"https:\\\/\\\/ammann-stepstore.com\\\/wp-content\\\/uploads\\\/2018\\\/09\\\/Systembautreppe-merged.png\",\"width\":273,\"height\":67,\"caption\":\"easy-step GmbH\"},\"image\":{\"@id\":\"https:\\\/\\\/ammann-stepstore.com\\\/#\\\/schema\\\/logo\\\/image\\\/\"},\"sameAs\":[\"https:\\\/\\\/www.instagram.com\\\/easystep_bautreppe\\\/\"]}]}<\/script>\n<!-- \/ Yoast SEO plugin. -->","yoast_head_json":{"title":"Suporte de degraus em a\u00e7o inoxid\u00e1vel para escadas de a\u00e7o aparafusadas - Ammann Stepstore","description":"Fixa\u00e7\u00e3o de degraus de a\u00e7o inoxid\u00e1vel para escadas de a\u00e7o para aparafusar. Compre agora suportes de degraus na loja online da Ammann Treppen.","robots":{"index":"index","follow":"follow","max-snippet":"max-snippet:-1","max-image-preview":"max-image-preview:large","max-video-preview":"max-video-preview:-1"},"canonical":"https:\/\/ammann-stepstore.com\/pt\/product-2\/suporte-de-degraus-em-aco-inoxidavel-para-escadas-de-longarinas-de-aco-aparafusadas\/","og_locale":"pt_PT","og_type":"article","og_title":"Stufenauflager aus Edelstahl f\u00fcr Stahlwangentreppen zum Einschrauben - Ammann Stepstore","og_description":"Treppenstufenbefestigung aus Edelstahl f\u00fcr Stahlwangentreppen zum Einschrauben. Jetzt Stufentr\u00e4ger kaufen im Online-Shop von Ammann Treppen.","og_url":"https:\/\/ammann-stepstore.com\/pt\/product-2\/suporte-de-degraus-em-aco-inoxidavel-para-escadas-de-longarinas-de-aco-aparafusadas\/","og_site_name":"Ammann Stepstore","article_modified_time":"2026-03-31T09:25:29+00:00","og_image":[{"width":790,"height":1000,"url":"https:\/\/ammann-stepstore.com\/wp-content\/uploads\/2026\/01\/StufenlagerStahlwangeSchraubbar.jpg","type":"image\/jpeg"}],"twitter_card":"summary_large_image","twitter_misc":{"Tempo estimado de leitura":"2 minutos"},"schema":{"@context":"https:\/\/schema.org","@graph":[{"@type":"WebPage","@id":"https:\/\/ammann-stepstore.com\/de\/produkt\/stufenauflager-aus-edelstahl-fuer-stahlwangentreppen-zum-einschrauben\/","url":"https:\/\/ammann-stepstore.com\/de\/produkt\/stufenauflager-aus-edelstahl-fuer-stahlwangentreppen-zum-einschrauben\/","name":"Suporte de degraus em a\u00e7o inoxid\u00e1vel para escadas de a\u00e7o aparafusadas - Ammann Stepstore","isPartOf":{"@id":"https:\/\/ammann-stepstore.com\/#website"},"primaryImageOfPage":{"@id":"https:\/\/ammann-stepstore.com\/de\/produkt\/stufenauflager-aus-edelstahl-fuer-stahlwangentreppen-zum-einschrauben\/#primaryimage"},"image":{"@id":"https:\/\/ammann-stepstore.com\/de\/produkt\/stufenauflager-aus-edelstahl-fuer-stahlwangentreppen-zum-einschrauben\/#primaryimage"},"thumbnailUrl":"https:\/\/ammann-stepstore.com\/wp-content\/uploads\/2026\/01\/StufenlagerStahlwangeSchraubbar.jpg","datePublished":"2026-01-29T14:08:16+00:00","dateModified":"2026-03-31T09:25:29+00:00","description":"Fixa\u00e7\u00e3o de degraus de a\u00e7o inoxid\u00e1vel para escadas de a\u00e7o para aparafusar. Compre agora suportes de degraus na loja online da Ammann Treppen.","breadcrumb":{"@id":"https:\/\/ammann-stepstore.com\/de\/produkt\/stufenauflager-aus-edelstahl-fuer-stahlwangentreppen-zum-einschrauben\/#breadcrumb"},"inLanguage":"pt-PT","potentialAction":[{"@type":"ReadAction","target":["https:\/\/ammann-stepstore.com\/de\/produkt\/stufenauflager-aus-edelstahl-fuer-stahlwangentreppen-zum-einschrauben\/"]}]},{"@type":"ImageObject","inLanguage":"pt-PT","@id":"https:\/\/ammann-stepstore.com\/de\/produkt\/stufenauflager-aus-edelstahl-fuer-stahlwangentreppen-zum-einschrauben\/#primaryimage","url":"https:\/\/ammann-stepstore.com\/wp-content\/uploads\/2026\/01\/StufenlagerStahlwangeSchraubbar.jpg","contentUrl":"https:\/\/ammann-stepstore.com\/wp-content\/uploads\/2026\/01\/StufenlagerStahlwangeSchraubbar.jpg","width":790,"height":1000,"caption":"Stufenhalter f\u00fcr Stahlwangentreppen zum Einschrauben"},{"@type":"BreadcrumbList","@id":"https:\/\/ammann-stepstore.com\/de\/produkt\/stufenauflager-aus-edelstahl-fuer-stahlwangentreppen-zum-einschrauben\/#breadcrumb","itemListElement":[{"@type":"ListItem","position":1,"name":"Startseite","item":"https:\/\/ammann-stepstore.com\/"},{"@type":"ListItem","position":2,"name":"Shop","item":"https:\/\/ammann-stepstore.com\/shop\/"},{"@type":"ListItem","position":3,"name":"Stufenauflager aus Edelstahl f\u00fcr Stahlwangentreppen zum Einschrauben"}]},{"@type":"WebSite","@id":"https:\/\/ammann-stepstore.com\/#website","url":"https:\/\/ammann-stepstore.com\/","name":"Ammann Stepstore","description":"Comprar acess\u00f3rios para escadas comodamente em linha","publisher":{"@id":"https:\/\/ammann-stepstore.com\/#organization"},"potentialAction":[{"@type":"SearchAction","target":{"@type":"EntryPoint","urlTemplate":"https:\/\/ammann-stepstore.com\/?s={search_term_string}"},"query-input":{"@type":"PropertyValueSpecification","valueRequired":true,"valueName":"search_term_string"}}],"inLanguage":"pt-PT"},{"@type":"Organization","@id":"https:\/\/ammann-stepstore.com\/#organization","name":"easy-step GmbH","url":"https:\/\/ammann-stepstore.com\/","logo":{"@type":"ImageObject","inLanguage":"pt-PT","@id":"https:\/\/ammann-stepstore.com\/#\/schema\/logo\/image\/","url":"https:\/\/ammann-stepstore.com\/wp-content\/uploads\/2018\/09\/Systembautreppe-merged.png","contentUrl":"https:\/\/ammann-stepstore.com\/wp-content\/uploads\/2018\/09\/Systembautreppe-merged.png","width":273,"height":67,"caption":"easy-step GmbH"},"image":{"@id":"https:\/\/ammann-stepstore.com\/#\/schema\/logo\/image\/"},"sameAs":["https:\/\/www.instagram.com\/easystep_bautreppe\/"]}]}},"_links":{"self":[{"href":"https:\/\/ammann-stepstore.com\/pt\/wp-json\/wp\/v2\/product\/8487","targetHints":{"allow":["GET"]}}],"collection":[{"href":"https:\/\/ammann-stepstore.com\/pt\/wp-json\/wp\/v2\/product"}],"about":[{"href":"https:\/\/ammann-stepstore.com\/pt\/wp-json\/wp\/v2\/types\/product"}],"replies":[{"embeddable":true,"href":"https:\/\/ammann-stepstore.com\/pt\/wp-json\/wp\/v2\/comments?post=8487"}],"wp:featuredmedia":[{"embeddable":true,"href":"https:\/\/ammann-stepstore.com\/pt\/wp-json\/wp\/v2\/media\/8490"}],"wp:attachment":[{"href":"https:\/\/ammann-stepstore.com\/pt\/wp-json\/wp\/v2\/media?parent=8487"}],"wp:term":[{"taxonomy":"product_brand","embeddable":true,"href":"https:\/\/ammann-stepstore.com\/pt\/wp-json\/wp\/v2\/product_brand?post=8487"},{"taxonomy":"product_cat","embeddable":true,"href":"https:\/\/ammann-stepstore.com\/pt\/wp-json\/wp\/v2\/product_cat?post=8487"},{"taxonomy":"product_tag","embeddable":true,"href":"https:\/\/ammann-stepstore.com\/pt\/wp-json\/wp\/v2\/product_tag?post=8487"}],"curies":[{"name":"wp","href":"https:\/\/api.w.org\/{rel}","templated":true}]}}