{"id":8482,"date":"2026-01-29T11:49:43","date_gmt":"2026-01-29T10:49:43","guid":{"rendered":"https:\/\/ammann-stepstore.com\/?post_type=product&#038;p=8482"},"modified":"2026-03-31T11:26:12","modified_gmt":"2026-03-31T09:26:12","slug":"suporte-de-aco-inoxidavel-para-degraus-de-escadas-de-aco-para-soldar-em","status":"publish","type":"product","link":"https:\/\/ammann-stepstore.com\/pt\/produkt\/stufenauflager-aus-edelstahl-fuer-stahlwangentreppen-zum-einschweissen\/","title":{"rendered":"Suporte de degraus em a\u00e7o inoxid\u00e1vel para escadas de longarinas de a\u00e7o soldadas"},"content":{"rendered":"<div>\n<p data-start=\"288\" data-end=\"358\">Fixa\u00e7\u00e3o de degraus para escadas de a\u00e7o da Ammann Treppen<\/p>\n<p data-start=\"360\" data-end=\"571\">Concebemos suportes de degraus soldados especialmente desenvolvidos para escadas com longarinas de a\u00e7o. Estes permitem que os degraus sejam fixados de forma segura e permanente \u00e0s longarinas de a\u00e7o e instalados com precis\u00e3o.<\/p>\n<p data-start=\"573\" data-end=\"902\">Os nossos apoios de degraus para escadas com longarinas de a\u00e7o s\u00e3o soldados diretamente na longarina de a\u00e7o e formam um suporte est\u00e1vel e duradouro para degraus de madeira. O design sofisticado garante um aspeto limpo, uma elevada estabilidade e uma fixa\u00e7\u00e3o fi\u00e1vel dos degraus \u00e0 longarina de a\u00e7o.<\/p>\n<p data-start=\"904\" data-end=\"1175\">Os suportes de degraus soldados s\u00e3o ideais para a constru\u00e7\u00e3o de escadas com longarinas de a\u00e7o, onde os degraus t\u00eam de ser posicionados com precis\u00e3o e fixados de forma permanente. Facilitam a instala\u00e7\u00e3o e proporcionam uma solu\u00e7\u00e3o profissional na constru\u00e7\u00e3o de escadas modernas.<\/p>\n<p data-start=\"1177\" data-end=\"1340\">Descubra agora os nossos rolamentos de degraus de alta qualidade para escadas de longarinas de a\u00e7o e realize constru\u00e7\u00f5es de escadas est\u00e1veis, precisas e visualmente atractivas.<\/p>\n<\/div>\n<div><\/div>\n<div><\/div>\n<div><\/div>\n<div>Informa\u00e7\u00f5es sobre o artigo:<\/div>\n<div><\/div>\n<div><\/div>\n<div>\n<div><span style=\"color: #202020; font-family: Helvetica Neue, Helvetica, Arial, sans-serif;\">Espig\u00e3o de 8,5 mm para montagem na face para soldar com 20 mm <\/span>\u00d8 , dist\u00e2ncia da longarina ao degrau 5mm para isolamento ac\u00fastico, suporte do degrau 45mm<\/div>\n<div>Fornecido sem parafusos (recomenda-se o uso de parafusos para madeira Torx 4,5 x 40 para degraus de 45 mm de espessura)<\/div>\n<div><\/div>\n<div><\/div>\n<div><span style=\"color: #202020; font-family: Helvetica Neue, Helvetica, Arial, sans-serif;\">S\u00e3o necess\u00e1rios 4 apoios de degrau por degrau reto.<\/span><\/div>\n<div><\/div>\n<div>Expedi\u00e7\u00e3o a partir da Alemanha<\/div>\n<div>\n<div><\/div>\n<div><\/div>\n<div>Suporte de degraus de escadas, suporte de degraus de a\u00e7o, suporte de degraus de escadas, suporte de degraus, suporte de degraus, suporte de degraus de madeira, fixa\u00e7\u00e3o de degraus de escadas, \u00e2ncora de degraus, suporte de degraus de escadas, suporte de degraus, conetor para a\u00e7o e madeira<\/div>\n<\/div>\n<\/div>","protected":false},"excerpt":{"rendered":"<p>por unidade para uma escada com 15 degraus<\/p>","protected":false},"featured_media":8483,"comment_status":"closed","ping_status":"closed","template":"","meta":[],"product_brand":[],"product_cat":[78],"product_tag":[],"class_list":{"0":"post-8482","1":"product","2":"type-product","3":"status-publish","4":"has-post-thumbnail","6":"product_cat-stufenauflager","8":"first","9":"instock","10":"taxable","11":"shipping-taxable","12":"purchasable","13":"product-type-simple"},"yoast_head":"<!-- This site is optimized with the Yoast SEO plugin v27.4 - https:\/\/yoast.com\/product\/yoast-seo-wordpress\/ -->\n<title>Stufenauflager aus Edelstahl f\u00fcr Stahlwangentreppen zum Einschwei\u00dfen - Ammann Stepstore<\/title>\n<meta name=\"description\" content=\"Treppenstufenbefestigung aus Edelstahl f\u00fcr Stahlwangentreppen zum Einschwei\u00dfen. Jetzt Stufentr\u00e4ger kaufen im Online-Shop von Ammann Treppen.\" \/>\n<meta name=\"robots\" content=\"index, follow, max-snippet:-1, max-image-preview:large, max-video-preview:-1\" \/>\n<link rel=\"canonical\" href=\"https:\/\/ammann-stepstore.com\/pt\/product-2\/suporte-de-aco-inoxidavel-para-degraus-de-escadas-de-aco-para-soldar-em\/\" \/>\n<meta property=\"og:locale\" content=\"pt_PT\" \/>\n<meta property=\"og:type\" content=\"article\" \/>\n<meta property=\"og:title\" content=\"Stufenauflager aus Edelstahl f\u00fcr Stahlwangentreppen zum Einschwei\u00dfen - Ammann Stepstore\" \/>\n<meta property=\"og:description\" content=\"Treppenstufenbefestigung aus Edelstahl f\u00fcr Stahlwangentreppen zum Einschwei\u00dfen. Jetzt Stufentr\u00e4ger kaufen im Online-Shop von Ammann Treppen.\" \/>\n<meta property=\"og:url\" content=\"https:\/\/ammann-stepstore.com\/pt\/product-2\/suporte-de-aco-inoxidavel-para-degraus-de-escadas-de-aco-para-soldar-em\/\" \/>\n<meta property=\"og:site_name\" content=\"Ammann Stepstore\" \/>\n<meta property=\"article:modified_time\" content=\"2026-03-31T09:26:12+00:00\" \/>\n<meta property=\"og:image\" content=\"https:\/\/ammann-stepstore.com\/wp-content\/uploads\/2026\/01\/StufenlagerStahlwangeSchweissbar1.jpg\" \/>\n\t<meta property=\"og:image:width\" content=\"790\" \/>\n\t<meta property=\"og:image:height\" content=\"1000\" \/>\n\t<meta property=\"og:image:type\" content=\"image\/jpeg\" \/>\n<meta name=\"twitter:card\" content=\"summary_large_image\" \/>\n<meta name=\"twitter:label1\" content=\"Tempo estimado de leitura\" \/>\n\t<meta name=\"twitter:data1\" content=\"2 minutos\" \/>\n<script type=\"application\/ld+json\" class=\"yoast-schema-graph\">{\"@context\":\"https:\\\/\\\/schema.org\",\"@graph\":[{\"@type\":\"WebPage\",\"@id\":\"https:\\\/\\\/ammann-stepstore.com\\\/fr\\\/produit\\\/supports-de-marches-en-acier-inoxydable-pour-escaliers-a-limons-en-acier-a-souder\\\/\",\"url\":\"https:\\\/\\\/ammann-stepstore.com\\\/fr\\\/produit\\\/supports-de-marches-en-acier-inoxydable-pour-escaliers-a-limons-en-acier-a-souder\\\/\",\"name\":\"Stufenauflager aus Edelstahl f\u00fcr Stahlwangentreppen zum Einschwei\u00dfen - Ammann Stepstore\",\"isPartOf\":{\"@id\":\"https:\\\/\\\/ammann-stepstore.com\\\/#website\"},\"primaryImageOfPage\":{\"@id\":\"https:\\\/\\\/ammann-stepstore.com\\\/fr\\\/produit\\\/supports-de-marches-en-acier-inoxydable-pour-escaliers-a-limons-en-acier-a-souder\\\/#primaryimage\"},\"image\":{\"@id\":\"https:\\\/\\\/ammann-stepstore.com\\\/fr\\\/produit\\\/supports-de-marches-en-acier-inoxydable-pour-escaliers-a-limons-en-acier-a-souder\\\/#primaryimage\"},\"thumbnailUrl\":\"https:\\\/\\\/ammann-stepstore.com\\\/wp-content\\\/uploads\\\/2026\\\/01\\\/StufenlagerStahlwangeSchweissbar1.jpg\",\"datePublished\":\"2026-01-29T10:49:43+00:00\",\"dateModified\":\"2026-03-31T09:26:12+00:00\",\"description\":\"Treppenstufenbefestigung aus Edelstahl f\u00fcr Stahlwangentreppen zum Einschwei\u00dfen. Jetzt Stufentr\u00e4ger kaufen im Online-Shop von Ammann Treppen.\",\"breadcrumb\":{\"@id\":\"https:\\\/\\\/ammann-stepstore.com\\\/fr\\\/produit\\\/supports-de-marches-en-acier-inoxydable-pour-escaliers-a-limons-en-acier-a-souder\\\/#breadcrumb\"},\"inLanguage\":\"pt-PT\",\"potentialAction\":[{\"@type\":\"ReadAction\",\"target\":[\"https:\\\/\\\/ammann-stepstore.com\\\/fr\\\/produit\\\/supports-de-marches-en-acier-inoxydable-pour-escaliers-a-limons-en-acier-a-souder\\\/\"]}]},{\"@type\":\"ImageObject\",\"inLanguage\":\"pt-PT\",\"@id\":\"https:\\\/\\\/ammann-stepstore.com\\\/fr\\\/produit\\\/supports-de-marches-en-acier-inoxydable-pour-escaliers-a-limons-en-acier-a-souder\\\/#primaryimage\",\"url\":\"https:\\\/\\\/ammann-stepstore.com\\\/wp-content\\\/uploads\\\/2026\\\/01\\\/StufenlagerStahlwangeSchweissbar1.jpg\",\"contentUrl\":\"https:\\\/\\\/ammann-stepstore.com\\\/wp-content\\\/uploads\\\/2026\\\/01\\\/StufenlagerStahlwangeSchweissbar1.jpg\",\"width\":790,\"height\":1000,\"caption\":\"Stufenauflager f\u00fcr Stahlwangentreppen zum Einschwei\u00dfen\"},{\"@type\":\"BreadcrumbList\",\"@id\":\"https:\\\/\\\/ammann-stepstore.com\\\/fr\\\/produit\\\/supports-de-marches-en-acier-inoxydable-pour-escaliers-a-limons-en-acier-a-souder\\\/#breadcrumb\",\"itemListElement\":[{\"@type\":\"ListItem\",\"position\":1,\"name\":\"Startseite\",\"item\":\"https:\\\/\\\/ammann-stepstore.com\\\/\"},{\"@type\":\"ListItem\",\"position\":2,\"name\":\"Shop\",\"item\":\"https:\\\/\\\/ammann-stepstore.com\\\/shop\\\/\"},{\"@type\":\"ListItem\",\"position\":3,\"name\":\"Stufenauflager aus Edelstahl f\u00fcr Stahlwangentreppen zum Einschwei\u00dfen\"}]},{\"@type\":\"WebSite\",\"@id\":\"https:\\\/\\\/ammann-stepstore.com\\\/#website\",\"url\":\"https:\\\/\\\/ammann-stepstore.com\\\/\",\"name\":\"Ammann Stepstore\",\"description\":\"Treppenbau-Zubeh\u00f6r bequem online kaufen\",\"publisher\":{\"@id\":\"https:\\\/\\\/ammann-stepstore.com\\\/#organization\"},\"potentialAction\":[{\"@type\":\"SearchAction\",\"target\":{\"@type\":\"EntryPoint\",\"urlTemplate\":\"https:\\\/\\\/ammann-stepstore.com\\\/?s={search_term_string}\"},\"query-input\":{\"@type\":\"PropertyValueSpecification\",\"valueRequired\":true,\"valueName\":\"search_term_string\"}}],\"inLanguage\":\"pt-PT\"},{\"@type\":\"Organization\",\"@id\":\"https:\\\/\\\/ammann-stepstore.com\\\/#organization\",\"name\":\"easy-step GmbH\",\"url\":\"https:\\\/\\\/ammann-stepstore.com\\\/\",\"logo\":{\"@type\":\"ImageObject\",\"inLanguage\":\"pt-PT\",\"@id\":\"https:\\\/\\\/ammann-stepstore.com\\\/#\\\/schema\\\/logo\\\/image\\\/\",\"url\":\"https:\\\/\\\/ammann-stepstore.com\\\/wp-content\\\/uploads\\\/2018\\\/09\\\/Systembautreppe-merged.png\",\"contentUrl\":\"https:\\\/\\\/ammann-stepstore.com\\\/wp-content\\\/uploads\\\/2018\\\/09\\\/Systembautreppe-merged.png\",\"width\":273,\"height\":67,\"caption\":\"easy-step GmbH\"},\"image\":{\"@id\":\"https:\\\/\\\/ammann-stepstore.com\\\/#\\\/schema\\\/logo\\\/image\\\/\"},\"sameAs\":[\"https:\\\/\\\/www.instagram.com\\\/easystep_bautreppe\\\/\"]}]}<\/script>\n<!-- \/ Yoast SEO plugin. -->","yoast_head_json":{"title":"Suporte de degraus em a\u00e7o inoxid\u00e1vel para escadas com longarinas de a\u00e7o soldadas - Ammann Stepstore","description":"Fixa\u00e7\u00e3o de degraus em a\u00e7o inoxid\u00e1vel para escadas de longarinas de a\u00e7o para soldar em. Compre agora suportes de degraus na loja online da Ammann Treppen.","robots":{"index":"index","follow":"follow","max-snippet":"max-snippet:-1","max-image-preview":"max-image-preview:large","max-video-preview":"max-video-preview:-1"},"canonical":"https:\/\/ammann-stepstore.com\/pt\/product-2\/suporte-de-aco-inoxidavel-para-degraus-de-escadas-de-aco-para-soldar-em\/","og_locale":"pt_PT","og_type":"article","og_title":"Stufenauflager aus Edelstahl f\u00fcr Stahlwangentreppen zum Einschwei\u00dfen - Ammann Stepstore","og_description":"Treppenstufenbefestigung aus Edelstahl f\u00fcr Stahlwangentreppen zum Einschwei\u00dfen. Jetzt Stufentr\u00e4ger kaufen im Online-Shop von Ammann Treppen.","og_url":"https:\/\/ammann-stepstore.com\/pt\/product-2\/suporte-de-aco-inoxidavel-para-degraus-de-escadas-de-aco-para-soldar-em\/","og_site_name":"Ammann Stepstore","article_modified_time":"2026-03-31T09:26:12+00:00","og_image":[{"width":790,"height":1000,"url":"https:\/\/ammann-stepstore.com\/wp-content\/uploads\/2026\/01\/StufenlagerStahlwangeSchweissbar1.jpg","type":"image\/jpeg"}],"twitter_card":"summary_large_image","twitter_misc":{"Tempo estimado de leitura":"2 minutos"},"schema":{"@context":"https:\/\/schema.org","@graph":[{"@type":"WebPage","@id":"https:\/\/ammann-stepstore.com\/fr\/produit\/supports-de-marches-en-acier-inoxydable-pour-escaliers-a-limons-en-acier-a-souder\/","url":"https:\/\/ammann-stepstore.com\/fr\/produit\/supports-de-marches-en-acier-inoxydable-pour-escaliers-a-limons-en-acier-a-souder\/","name":"Suporte de degraus em a\u00e7o inoxid\u00e1vel para escadas com longarinas de a\u00e7o soldadas - Ammann Stepstore","isPartOf":{"@id":"https:\/\/ammann-stepstore.com\/#website"},"primaryImageOfPage":{"@id":"https:\/\/ammann-stepstore.com\/fr\/produit\/supports-de-marches-en-acier-inoxydable-pour-escaliers-a-limons-en-acier-a-souder\/#primaryimage"},"image":{"@id":"https:\/\/ammann-stepstore.com\/fr\/produit\/supports-de-marches-en-acier-inoxydable-pour-escaliers-a-limons-en-acier-a-souder\/#primaryimage"},"thumbnailUrl":"https:\/\/ammann-stepstore.com\/wp-content\/uploads\/2026\/01\/StufenlagerStahlwangeSchweissbar1.jpg","datePublished":"2026-01-29T10:49:43+00:00","dateModified":"2026-03-31T09:26:12+00:00","description":"Fixa\u00e7\u00e3o de degraus em a\u00e7o inoxid\u00e1vel para escadas de longarinas de a\u00e7o para soldar em. Compre agora suportes de degraus na loja online da Ammann Treppen.","breadcrumb":{"@id":"https:\/\/ammann-stepstore.com\/fr\/produit\/supports-de-marches-en-acier-inoxydable-pour-escaliers-a-limons-en-acier-a-souder\/#breadcrumb"},"inLanguage":"pt-PT","potentialAction":[{"@type":"ReadAction","target":["https:\/\/ammann-stepstore.com\/fr\/produit\/supports-de-marches-en-acier-inoxydable-pour-escaliers-a-limons-en-acier-a-souder\/"]}]},{"@type":"ImageObject","inLanguage":"pt-PT","@id":"https:\/\/ammann-stepstore.com\/fr\/produit\/supports-de-marches-en-acier-inoxydable-pour-escaliers-a-limons-en-acier-a-souder\/#primaryimage","url":"https:\/\/ammann-stepstore.com\/wp-content\/uploads\/2026\/01\/StufenlagerStahlwangeSchweissbar1.jpg","contentUrl":"https:\/\/ammann-stepstore.com\/wp-content\/uploads\/2026\/01\/StufenlagerStahlwangeSchweissbar1.jpg","width":790,"height":1000,"caption":"Stufenauflager f\u00fcr Stahlwangentreppen zum Einschwei\u00dfen"},{"@type":"BreadcrumbList","@id":"https:\/\/ammann-stepstore.com\/fr\/produit\/supports-de-marches-en-acier-inoxydable-pour-escaliers-a-limons-en-acier-a-souder\/#breadcrumb","itemListElement":[{"@type":"ListItem","position":1,"name":"Startseite","item":"https:\/\/ammann-stepstore.com\/"},{"@type":"ListItem","position":2,"name":"Shop","item":"https:\/\/ammann-stepstore.com\/shop\/"},{"@type":"ListItem","position":3,"name":"Stufenauflager aus Edelstahl f\u00fcr Stahlwangentreppen zum Einschwei\u00dfen"}]},{"@type":"WebSite","@id":"https:\/\/ammann-stepstore.com\/#website","url":"https:\/\/ammann-stepstore.com\/","name":"Ammann Stepstore","description":"Comprar acess\u00f3rios para escadas comodamente em linha","publisher":{"@id":"https:\/\/ammann-stepstore.com\/#organization"},"potentialAction":[{"@type":"SearchAction","target":{"@type":"EntryPoint","urlTemplate":"https:\/\/ammann-stepstore.com\/?s={search_term_string}"},"query-input":{"@type":"PropertyValueSpecification","valueRequired":true,"valueName":"search_term_string"}}],"inLanguage":"pt-PT"},{"@type":"Organization","@id":"https:\/\/ammann-stepstore.com\/#organization","name":"easy-step GmbH","url":"https:\/\/ammann-stepstore.com\/","logo":{"@type":"ImageObject","inLanguage":"pt-PT","@id":"https:\/\/ammann-stepstore.com\/#\/schema\/logo\/image\/","url":"https:\/\/ammann-stepstore.com\/wp-content\/uploads\/2018\/09\/Systembautreppe-merged.png","contentUrl":"https:\/\/ammann-stepstore.com\/wp-content\/uploads\/2018\/09\/Systembautreppe-merged.png","width":273,"height":67,"caption":"easy-step GmbH"},"image":{"@id":"https:\/\/ammann-stepstore.com\/#\/schema\/logo\/image\/"},"sameAs":["https:\/\/www.instagram.com\/easystep_bautreppe\/"]}]}},"_links":{"self":[{"href":"https:\/\/ammann-stepstore.com\/pt\/wp-json\/wp\/v2\/product\/8482","targetHints":{"allow":["GET"]}}],"collection":[{"href":"https:\/\/ammann-stepstore.com\/pt\/wp-json\/wp\/v2\/product"}],"about":[{"href":"https:\/\/ammann-stepstore.com\/pt\/wp-json\/wp\/v2\/types\/product"}],"replies":[{"embeddable":true,"href":"https:\/\/ammann-stepstore.com\/pt\/wp-json\/wp\/v2\/comments?post=8482"}],"wp:featuredmedia":[{"embeddable":true,"href":"https:\/\/ammann-stepstore.com\/pt\/wp-json\/wp\/v2\/media\/8483"}],"wp:attachment":[{"href":"https:\/\/ammann-stepstore.com\/pt\/wp-json\/wp\/v2\/media?parent=8482"}],"wp:term":[{"taxonomy":"product_brand","embeddable":true,"href":"https:\/\/ammann-stepstore.com\/pt\/wp-json\/wp\/v2\/product_brand?post=8482"},{"taxonomy":"product_cat","embeddable":true,"href":"https:\/\/ammann-stepstore.com\/pt\/wp-json\/wp\/v2\/product_cat?post=8482"},{"taxonomy":"product_tag","embeddable":true,"href":"https:\/\/ammann-stepstore.com\/pt\/wp-json\/wp\/v2\/product_tag?post=8482"}],"curies":[{"name":"wp","href":"https:\/\/api.w.org\/{rel}","templated":true}]}}