{"id":8474,"date":"2026-01-29T10:49:53","date_gmt":"2026-01-29T09:49:53","guid":{"rendered":"https:\/\/ammann-stepstore.com\/?post_type=product&#038;p=8474"},"modified":"2026-03-31T11:26:50","modified_gmt":"2026-03-31T09:26:50","slug":"conjunto-de-suporte-de-degraus-para-montagem-direta-na-parede","status":"publish","type":"product","link":"https:\/\/ammann-stepstore.com\/pt\/produkt\/stufenauflager-set-fuer-direkte-wandmontage\/","title":{"rendered":"Conjunto de suporte de degraus para montagem direta na parede"},"content":{"rendered":"<div>\n<p>Acess\u00f3rio para o nariz da escada da Ammann Stairs:<\/p>\n<p data-start=\"390\" data-end=\"648\">Desenvolvemos suportes de degraus especiais para montagem na parede, para fixar os degraus de forma segura \u00e0 parede. Isto permite que os degraus sejam fixados diretamente \u00e0 parede, mesmo sem uma estrutura cl\u00e1ssica de suporte de parede ou de escada lateral.<\/p>\n<p data-start=\"650\" data-end=\"964\">O nosso conjunto para degraus de parede \u00e9 composto por um rolamento de degrau para montagem na parede, um desacoplador de borracha para o piv\u00f4 e um disco de cobertura correspondente. Esta solu\u00e7\u00e3o permite uma fixa\u00e7\u00e3o est\u00e1vel, duradoura e, ao mesmo tempo, com isolamento ac\u00fastico dos degraus de madeira \u00e0 parede.<\/p>\n<p data-start=\"966\" data-end=\"1150\">Ideal para constru\u00e7\u00f5es de escadas modernas em que os degraus devem ser montados diretamente na parede - por exemplo, escadas em consola ou escadas sem uma longarina de parede.<\/p>\n<\/div>\n<div><\/div>\n<div><\/div>\n<div><\/div>\n<div><\/div>\n<div>Informa\u00e7\u00f5es sobre o artigo:<\/div>\n<div><\/div>\n<div><\/div>\n<div>\n<div><span style=\"color: #202020; font-family: Helvetica Neue, Helvetica, Arial, sans-serif;\">Espig\u00e3o de 80 mm para montagem direta na parede com 20 mm <\/span>\u00d8 + 5 mm rolamento de borracha para isolamento ac\u00fastico, resulta num orif\u00edcio de 25 mm \u00d8 na parede, dist\u00e2ncia da parede ao degrau 10 mm para isolamento ac\u00fastico adicional, suporte do degrau 45 mm<\/div>\n<div>Fornecido sem parafusos (recomenda-se o uso de parafusos para madeira Torx 4,5 x 40 para degraus de 45 mm de espessura)<\/div>\n<div><\/div>\n<div>Para mais informa\u00e7\u00f5es, consultar o manual de montagem.<\/div>\n<div><span style=\"color: #202020; font-family: Helvetica Neue, Helvetica, Arial, sans-serif;\">S\u00e3o necess\u00e1rios 4 apoios de degrau por degrau reto.<\/span><\/div>\n<div><\/div>\n<div>Envio a partir da Alemanha.<\/div>\n<div>\n<div><\/div>\n<div><\/div>\n<div>Suporte de degraus de escada, suporte de degraus de escada para montagem direta na parede, suporte de degraus de escada, suporte de degraus, suporte de degraus, suporte de degraus de madeira, fixa\u00e7\u00e3o de degraus de escada, \u00e2ncora de degraus, suporte de degraus de escada, suporte de degraus, conetor de madeira<\/div>\n<\/div>\n<\/div>","protected":false},"excerpt":{"rendered":"<p>por unidade para uma escada com 15 degraus<\/p>","protected":false},"featured_media":8481,"comment_status":"closed","ping_status":"closed","template":"","meta":[],"product_brand":[],"product_cat":[78],"product_tag":[],"class_list":{"0":"post-8474","1":"product","2":"type-product","3":"status-publish","4":"has-post-thumbnail","6":"product_cat-stufenauflager","8":"first","9":"instock","10":"taxable","11":"shipping-taxable","12":"purchasable","13":"product-type-simple"},"yoast_head":"<!-- This site is optimized with the Yoast SEO plugin v27.4 - https:\/\/yoast.com\/product\/yoast-seo-wordpress\/ -->\n<title>Stufenauflager-Set f\u00fcr direkte Wandmontage - Ammann Stepstore<\/title>\n<meta name=\"description\" content=\"Treppenstufenbefestigung aus Edelstahl f\u00fcr direkte Wandmontage. Jetzt Stufentr\u00e4ger kaufen im Online-Shop von Ammann Treppen.\" \/>\n<meta name=\"robots\" content=\"index, follow, max-snippet:-1, max-image-preview:large, max-video-preview:-1\" \/>\n<link rel=\"canonical\" href=\"https:\/\/ammann-stepstore.com\/pt\/product-2\/conjunto-de-suporte-de-degraus-para-montagem-direta-na-parede\/\" \/>\n<meta property=\"og:locale\" content=\"pt_PT\" \/>\n<meta property=\"og:type\" content=\"article\" \/>\n<meta property=\"og:title\" content=\"Stufenauflager-Set f\u00fcr direkte Wandmontage - Ammann Stepstore\" \/>\n<meta property=\"og:description\" content=\"Treppenstufenbefestigung aus Edelstahl f\u00fcr direkte Wandmontage. Jetzt Stufentr\u00e4ger kaufen im Online-Shop von Ammann Treppen.\" \/>\n<meta property=\"og:url\" content=\"https:\/\/ammann-stepstore.com\/pt\/product-2\/conjunto-de-suporte-de-degraus-para-montagem-direta-na-parede\/\" \/>\n<meta property=\"og:site_name\" content=\"Ammann Stepstore\" \/>\n<meta property=\"article:modified_time\" content=\"2026-03-31T09:26:50+00:00\" \/>\n<meta property=\"og:image\" content=\"https:\/\/ammann-stepstore.com\/wp-content\/uploads\/2026\/01\/StufenlagerWandmontage1-1.jpg\" \/>\n\t<meta property=\"og:image:width\" content=\"790\" \/>\n\t<meta property=\"og:image:height\" content=\"1000\" \/>\n\t<meta property=\"og:image:type\" content=\"image\/jpeg\" \/>\n<meta name=\"twitter:card\" content=\"summary_large_image\" \/>\n<meta name=\"twitter:label1\" content=\"Tempo estimado de leitura\" \/>\n\t<meta name=\"twitter:data1\" content=\"2 minutos\" \/>\n<script type=\"application\/ld+json\" class=\"yoast-schema-graph\">{\"@context\":\"https:\\\/\\\/schema.org\",\"@graph\":[{\"@type\":\"WebPage\",\"@id\":\"https:\\\/\\\/ammann-stepstore.com\\\/de\\\/produkt\\\/stufenauflager-set-fuer-direkte-wandmontage\\\/\",\"url\":\"https:\\\/\\\/ammann-stepstore.com\\\/de\\\/produkt\\\/stufenauflager-set-fuer-direkte-wandmontage\\\/\",\"name\":\"Stufenauflager-Set f\u00fcr direkte Wandmontage - Ammann Stepstore\",\"isPartOf\":{\"@id\":\"https:\\\/\\\/ammann-stepstore.com\\\/#website\"},\"primaryImageOfPage\":{\"@id\":\"https:\\\/\\\/ammann-stepstore.com\\\/de\\\/produkt\\\/stufenauflager-set-fuer-direkte-wandmontage\\\/#primaryimage\"},\"image\":{\"@id\":\"https:\\\/\\\/ammann-stepstore.com\\\/de\\\/produkt\\\/stufenauflager-set-fuer-direkte-wandmontage\\\/#primaryimage\"},\"thumbnailUrl\":\"https:\\\/\\\/ammann-stepstore.com\\\/wp-content\\\/uploads\\\/2026\\\/01\\\/StufenlagerWandmontage1-1.jpg\",\"datePublished\":\"2026-01-29T09:49:53+00:00\",\"dateModified\":\"2026-03-31T09:26:50+00:00\",\"description\":\"Treppenstufenbefestigung aus Edelstahl f\u00fcr direkte Wandmontage. Jetzt Stufentr\u00e4ger kaufen im Online-Shop von Ammann Treppen.\",\"breadcrumb\":{\"@id\":\"https:\\\/\\\/ammann-stepstore.com\\\/de\\\/produkt\\\/stufenauflager-set-fuer-direkte-wandmontage\\\/#breadcrumb\"},\"inLanguage\":\"pt-PT\",\"potentialAction\":[{\"@type\":\"ReadAction\",\"target\":[\"https:\\\/\\\/ammann-stepstore.com\\\/de\\\/produkt\\\/stufenauflager-set-fuer-direkte-wandmontage\\\/\"]}]},{\"@type\":\"ImageObject\",\"inLanguage\":\"pt-PT\",\"@id\":\"https:\\\/\\\/ammann-stepstore.com\\\/de\\\/produkt\\\/stufenauflager-set-fuer-direkte-wandmontage\\\/#primaryimage\",\"url\":\"https:\\\/\\\/ammann-stepstore.com\\\/wp-content\\\/uploads\\\/2026\\\/01\\\/StufenlagerWandmontage1-1.jpg\",\"contentUrl\":\"https:\\\/\\\/ammann-stepstore.com\\\/wp-content\\\/uploads\\\/2026\\\/01\\\/StufenlagerWandmontage1-1.jpg\",\"width\":790,\"height\":1000,\"caption\":\"Stufenbefestigung f\u00fcr die direkte Wandmontage\"},{\"@type\":\"BreadcrumbList\",\"@id\":\"https:\\\/\\\/ammann-stepstore.com\\\/de\\\/produkt\\\/stufenauflager-set-fuer-direkte-wandmontage\\\/#breadcrumb\",\"itemListElement\":[{\"@type\":\"ListItem\",\"position\":1,\"name\":\"Startseite\",\"item\":\"https:\\\/\\\/ammann-stepstore.com\\\/\"},{\"@type\":\"ListItem\",\"position\":2,\"name\":\"Shop\",\"item\":\"https:\\\/\\\/ammann-stepstore.com\\\/shop\\\/\"},{\"@type\":\"ListItem\",\"position\":3,\"name\":\"Stufenauflager-Set f\u00fcr direkte Wandmontage\"}]},{\"@type\":\"WebSite\",\"@id\":\"https:\\\/\\\/ammann-stepstore.com\\\/#website\",\"url\":\"https:\\\/\\\/ammann-stepstore.com\\\/\",\"name\":\"Ammann Stepstore\",\"description\":\"Treppenbau-Zubeh\u00f6r bequem online kaufen\",\"publisher\":{\"@id\":\"https:\\\/\\\/ammann-stepstore.com\\\/#organization\"},\"potentialAction\":[{\"@type\":\"SearchAction\",\"target\":{\"@type\":\"EntryPoint\",\"urlTemplate\":\"https:\\\/\\\/ammann-stepstore.com\\\/?s={search_term_string}\"},\"query-input\":{\"@type\":\"PropertyValueSpecification\",\"valueRequired\":true,\"valueName\":\"search_term_string\"}}],\"inLanguage\":\"pt-PT\"},{\"@type\":\"Organization\",\"@id\":\"https:\\\/\\\/ammann-stepstore.com\\\/#organization\",\"name\":\"easy-step GmbH\",\"url\":\"https:\\\/\\\/ammann-stepstore.com\\\/\",\"logo\":{\"@type\":\"ImageObject\",\"inLanguage\":\"pt-PT\",\"@id\":\"https:\\\/\\\/ammann-stepstore.com\\\/#\\\/schema\\\/logo\\\/image\\\/\",\"url\":\"https:\\\/\\\/ammann-stepstore.com\\\/wp-content\\\/uploads\\\/2018\\\/09\\\/Systembautreppe-merged.png\",\"contentUrl\":\"https:\\\/\\\/ammann-stepstore.com\\\/wp-content\\\/uploads\\\/2018\\\/09\\\/Systembautreppe-merged.png\",\"width\":273,\"height\":67,\"caption\":\"easy-step GmbH\"},\"image\":{\"@id\":\"https:\\\/\\\/ammann-stepstore.com\\\/#\\\/schema\\\/logo\\\/image\\\/\"},\"sameAs\":[\"https:\\\/\\\/www.instagram.com\\\/easystep_bautreppe\\\/\"]}]}<\/script>\n<!-- \/ Yoast SEO plugin. -->","yoast_head_json":{"title":"Conjunto de suporte de degraus para montagem direta na parede - Ammann Stepstore","description":"Suporte de degraus em a\u00e7o inoxid\u00e1vel para montagem direta na parede. Comprar suportes de degraus na loja online da Ammann Treppen.","robots":{"index":"index","follow":"follow","max-snippet":"max-snippet:-1","max-image-preview":"max-image-preview:large","max-video-preview":"max-video-preview:-1"},"canonical":"https:\/\/ammann-stepstore.com\/pt\/product-2\/conjunto-de-suporte-de-degraus-para-montagem-direta-na-parede\/","og_locale":"pt_PT","og_type":"article","og_title":"Stufenauflager-Set f\u00fcr direkte Wandmontage - Ammann Stepstore","og_description":"Treppenstufenbefestigung aus Edelstahl f\u00fcr direkte Wandmontage. Jetzt Stufentr\u00e4ger kaufen im Online-Shop von Ammann Treppen.","og_url":"https:\/\/ammann-stepstore.com\/pt\/product-2\/conjunto-de-suporte-de-degraus-para-montagem-direta-na-parede\/","og_site_name":"Ammann Stepstore","article_modified_time":"2026-03-31T09:26:50+00:00","og_image":[{"width":790,"height":1000,"url":"https:\/\/ammann-stepstore.com\/wp-content\/uploads\/2026\/01\/StufenlagerWandmontage1-1.jpg","type":"image\/jpeg"}],"twitter_card":"summary_large_image","twitter_misc":{"Tempo estimado de leitura":"2 minutos"},"schema":{"@context":"https:\/\/schema.org","@graph":[{"@type":"WebPage","@id":"https:\/\/ammann-stepstore.com\/de\/produkt\/stufenauflager-set-fuer-direkte-wandmontage\/","url":"https:\/\/ammann-stepstore.com\/de\/produkt\/stufenauflager-set-fuer-direkte-wandmontage\/","name":"Conjunto de suporte de degraus para montagem direta na parede - Ammann Stepstore","isPartOf":{"@id":"https:\/\/ammann-stepstore.com\/#website"},"primaryImageOfPage":{"@id":"https:\/\/ammann-stepstore.com\/de\/produkt\/stufenauflager-set-fuer-direkte-wandmontage\/#primaryimage"},"image":{"@id":"https:\/\/ammann-stepstore.com\/de\/produkt\/stufenauflager-set-fuer-direkte-wandmontage\/#primaryimage"},"thumbnailUrl":"https:\/\/ammann-stepstore.com\/wp-content\/uploads\/2026\/01\/StufenlagerWandmontage1-1.jpg","datePublished":"2026-01-29T09:49:53+00:00","dateModified":"2026-03-31T09:26:50+00:00","description":"Suporte de degraus em a\u00e7o inoxid\u00e1vel para montagem direta na parede. Comprar suportes de degraus na loja online da Ammann Treppen.","breadcrumb":{"@id":"https:\/\/ammann-stepstore.com\/de\/produkt\/stufenauflager-set-fuer-direkte-wandmontage\/#breadcrumb"},"inLanguage":"pt-PT","potentialAction":[{"@type":"ReadAction","target":["https:\/\/ammann-stepstore.com\/de\/produkt\/stufenauflager-set-fuer-direkte-wandmontage\/"]}]},{"@type":"ImageObject","inLanguage":"pt-PT","@id":"https:\/\/ammann-stepstore.com\/de\/produkt\/stufenauflager-set-fuer-direkte-wandmontage\/#primaryimage","url":"https:\/\/ammann-stepstore.com\/wp-content\/uploads\/2026\/01\/StufenlagerWandmontage1-1.jpg","contentUrl":"https:\/\/ammann-stepstore.com\/wp-content\/uploads\/2026\/01\/StufenlagerWandmontage1-1.jpg","width":790,"height":1000,"caption":"Stufenbefestigung f\u00fcr die direkte Wandmontage"},{"@type":"BreadcrumbList","@id":"https:\/\/ammann-stepstore.com\/de\/produkt\/stufenauflager-set-fuer-direkte-wandmontage\/#breadcrumb","itemListElement":[{"@type":"ListItem","position":1,"name":"Startseite","item":"https:\/\/ammann-stepstore.com\/"},{"@type":"ListItem","position":2,"name":"Shop","item":"https:\/\/ammann-stepstore.com\/shop\/"},{"@type":"ListItem","position":3,"name":"Stufenauflager-Set f\u00fcr direkte Wandmontage"}]},{"@type":"WebSite","@id":"https:\/\/ammann-stepstore.com\/#website","url":"https:\/\/ammann-stepstore.com\/","name":"Ammann Stepstore","description":"Comprar acess\u00f3rios para escadas comodamente em linha","publisher":{"@id":"https:\/\/ammann-stepstore.com\/#organization"},"potentialAction":[{"@type":"SearchAction","target":{"@type":"EntryPoint","urlTemplate":"https:\/\/ammann-stepstore.com\/?s={search_term_string}"},"query-input":{"@type":"PropertyValueSpecification","valueRequired":true,"valueName":"search_term_string"}}],"inLanguage":"pt-PT"},{"@type":"Organization","@id":"https:\/\/ammann-stepstore.com\/#organization","name":"easy-step GmbH","url":"https:\/\/ammann-stepstore.com\/","logo":{"@type":"ImageObject","inLanguage":"pt-PT","@id":"https:\/\/ammann-stepstore.com\/#\/schema\/logo\/image\/","url":"https:\/\/ammann-stepstore.com\/wp-content\/uploads\/2018\/09\/Systembautreppe-merged.png","contentUrl":"https:\/\/ammann-stepstore.com\/wp-content\/uploads\/2018\/09\/Systembautreppe-merged.png","width":273,"height":67,"caption":"easy-step GmbH"},"image":{"@id":"https:\/\/ammann-stepstore.com\/#\/schema\/logo\/image\/"},"sameAs":["https:\/\/www.instagram.com\/easystep_bautreppe\/"]}]}},"_links":{"self":[{"href":"https:\/\/ammann-stepstore.com\/pt\/wp-json\/wp\/v2\/product\/8474","targetHints":{"allow":["GET"]}}],"collection":[{"href":"https:\/\/ammann-stepstore.com\/pt\/wp-json\/wp\/v2\/product"}],"about":[{"href":"https:\/\/ammann-stepstore.com\/pt\/wp-json\/wp\/v2\/types\/product"}],"replies":[{"embeddable":true,"href":"https:\/\/ammann-stepstore.com\/pt\/wp-json\/wp\/v2\/comments?post=8474"}],"wp:featuredmedia":[{"embeddable":true,"href":"https:\/\/ammann-stepstore.com\/pt\/wp-json\/wp\/v2\/media\/8481"}],"wp:attachment":[{"href":"https:\/\/ammann-stepstore.com\/pt\/wp-json\/wp\/v2\/media?parent=8474"}],"wp:term":[{"taxonomy":"product_brand","embeddable":true,"href":"https:\/\/ammann-stepstore.com\/pt\/wp-json\/wp\/v2\/product_brand?post=8474"},{"taxonomy":"product_cat","embeddable":true,"href":"https:\/\/ammann-stepstore.com\/pt\/wp-json\/wp\/v2\/product_cat?post=8474"},{"taxonomy":"product_tag","embeddable":true,"href":"https:\/\/ammann-stepstore.com\/pt\/wp-json\/wp\/v2\/product_tag?post=8474"}],"curies":[{"name":"wp","href":"https:\/\/api.w.org\/{rel}","templated":true}]}}