{"id":8128,"date":"2024-04-11T11:04:31","date_gmt":"2024-04-11T09:04:31","guid":{"rendered":"https:\/\/ammann-stepstore-18589519.wptestserver2.de\/?post_type=product&#038;p=8128"},"modified":"2026-04-15T15:25:05","modified_gmt":"2026-04-15T13:25:05","slug":"suporte-para-corrimao-suporte-para-corrimao-suporte-para-corrimao-classic-ral-9005","status":"publish","type":"product","link":"https:\/\/ammann-stepstore.com\/pt\/produkt\/handlaufhalter-handlaufstuetze-handlauftraeger-handlaufhalterung-classic-ral-9005\/","title":{"rendered":"Suporte de corrim\u00e3o em a\u00e7o inoxid\u00e1vel Classic - preto"},"content":{"rendered":"<p data-start=\"273\" data-end=\"352\">Suporte de corrim\u00e3o cl\u00e1ssico em preto - fixa\u00e7\u00e3o moderna do corrim\u00e3o para escadas<\/p>\n<p data-start=\"354\" data-end=\"591\">O suporte para corrim\u00e3o Classic em preto combina um design moderno com uma funcionalidade est\u00e1vel. \u00c9 ideal para fixar corrim\u00f5es a escadas e paredes e garante uma instala\u00e7\u00e3o segura e duradoura do corrim\u00e3o.<\/p>\n<p data-start=\"593\" data-end=\"910\">Gra\u00e7as \u00e0 sua elegante superf\u00edcie preta, este suporte de corrim\u00e3o para escadas e corrim\u00f5es integra-se de forma particularmente harmoniosa em espa\u00e7os modernos, estilos de mobili\u00e1rio industrial ou corrim\u00f5es escuros. Ao mesmo tempo, o design robusto garante uma liga\u00e7\u00e3o fi\u00e1vel entre o corrim\u00e3o e a parede.<\/p>\n<p data-start=\"912\" data-end=\"1135\">O suporte de corrim\u00e3o preto \u00e9 adequado para v\u00e1rios corrim\u00f5es, por exemplo, de madeira ou metal, e oferece uma solu\u00e7\u00e3o duradoura para escadas, corrim\u00f5es e corrim\u00f5es de parede em casas ou instala\u00e7\u00f5es comerciais.<\/p>\n<p data-start=\"1137\" data-end=\"1344\">Gra\u00e7as \u00e0 sua montagem simples, o suporte de corrim\u00e3o para montagem na parede pode ser instalado r\u00e1pida e facilmente. Isto cria uma constru\u00e7\u00e3o de corrim\u00e3o segura e visualmente atractiva num curto espa\u00e7o de tempo.<\/p>\n<p data-start=\"1346\" data-end=\"1539\">Opte por um design moderno e uma tecnologia fi\u00e1vel com o suporte de corrim\u00e3o Classic em preto - a solu\u00e7\u00e3o ideal para uma fixa\u00e7\u00e3o elegante e est\u00e1vel do corrim\u00e3o na sua escada.<\/p>\n<p>Informa\u00e7\u00f5es sobre o artigo:<\/p>\n<p>Enden der Halterung auf einer Seite rund und auf einer Seite gerade &#8211; somit k\u00f6nnen eckige und runde Handl\u00e4ufe montiert werden.<\/p>\n<p>(suporte de corrim\u00e3o de parede de 3 pe\u00e7as)<\/p>\n<p>&nbsp;<\/p>\n<p>Envio a partir da Alemanha.<\/p>","protected":false},"excerpt":{"rendered":"<p>Handlaufhalter Classic in Schwarz \u2013 moderne Handlaufbefestigung f\u00fcr Treppen Der Handlaufhalter Classic in Schwarz verbindet modernes Design mit stabiler Funktionalit\u00e4t. Er eignet sich ideal f\u00fcr die Befestigung von Handl\u00e4ufen an Treppen und W\u00e4nden und sorgt f\u00fcr eine sichere und langlebige Handlaufmontage. Durch die elegante schwarze Oberfl\u00e4che f\u00fcgt sich dieser Handlaufhalter f\u00fcr Treppen und Gel\u00e4nder besonders&#8230;<\/p>","protected":false},"featured_media":8137,"comment_status":"closed","ping_status":"closed","template":"","meta":[],"product_brand":[],"product_cat":[77],"product_tag":[],"class_list":{"0":"post-8128","1":"product","2":"type-product","3":"status-publish","4":"has-post-thumbnail","6":"product_cat-wandlaufhalter","8":"first","9":"instock","10":"taxable","11":"shipping-taxable","12":"purchasable","13":"product-type-simple"},"yoast_head":"<!-- This site is optimized with the Yoast SEO plugin v27.4 - https:\/\/yoast.com\/product\/yoast-seo-wordpress\/ -->\n<title>Handlaufhalter Edelstahl Classic - Schwarz - Ammann Stepstore<\/title>\n<meta name=\"description\" content=\"Unser Handlaufhalter-Classic RAL 9005 passt perfekt in jedes Haus. Egal ob klassisch, oder modern: Dieser Handlauftr\u00e4ger passt immer perfekt.\" \/>\n<meta name=\"robots\" content=\"index, follow, max-snippet:-1, max-image-preview:large, max-video-preview:-1\" \/>\n<link rel=\"canonical\" href=\"https:\/\/ammann-stepstore.com\/pt\/product-2\/suporte-para-corrimao-suporte-para-corrimao-suporte-para-corrimao-classic-ral-9005\/\" \/>\n<meta property=\"og:locale\" content=\"pt_PT\" \/>\n<meta property=\"og:type\" content=\"article\" \/>\n<meta property=\"og:title\" content=\"Handlaufhalter Edelstahl Classic - Schwarz - Ammann Stepstore\" \/>\n<meta property=\"og:description\" content=\"Unser Handlaufhalter-Classic RAL 9005 passt perfekt in jedes Haus. Egal ob klassisch, oder modern: Dieser Handlauftr\u00e4ger passt immer perfekt.\" \/>\n<meta property=\"og:url\" content=\"https:\/\/ammann-stepstore.com\/pt\/product-2\/suporte-para-corrimao-suporte-para-corrimao-suporte-para-corrimao-classic-ral-9005\/\" \/>\n<meta property=\"og:site_name\" content=\"Ammann Stepstore\" \/>\n<meta property=\"article:modified_time\" content=\"2026-04-15T13:25:05+00:00\" \/>\n<meta property=\"og:image\" content=\"https:\/\/ammann-stepstore.com\/wp-content\/uploads\/2024\/04\/Ammann-Treppen_Wandlaufhalter_RAL9005_1-1.jpg\" \/>\n\t<meta property=\"og:image:width\" content=\"790\" \/>\n\t<meta property=\"og:image:height\" content=\"1000\" \/>\n\t<meta property=\"og:image:type\" content=\"image\/jpeg\" \/>\n<meta name=\"twitter:card\" content=\"summary_large_image\" \/>\n<meta name=\"twitter:label1\" content=\"Tempo estimado de leitura\" \/>\n\t<meta name=\"twitter:data1\" content=\"2 minutos\" \/>\n<script type=\"application\/ld+json\" class=\"yoast-schema-graph\">{\"@context\":\"https:\\\/\\\/schema.org\",\"@graph\":[{\"@type\":\"WebPage\",\"@id\":\"https:\\\/\\\/ammann-stepstore.com\\\/produkt\\\/handlaufhalter-handlaufstuetze-handlauftraeger-handlaufhalterung-classic-ral-9005\\\/\",\"url\":\"https:\\\/\\\/ammann-stepstore.com\\\/produkt\\\/handlaufhalter-handlaufstuetze-handlauftraeger-handlaufhalterung-classic-ral-9005\\\/\",\"name\":\"Handlaufhalter Edelstahl Classic - Schwarz - Ammann Stepstore\",\"isPartOf\":{\"@id\":\"https:\\\/\\\/ammann-stepstore.com\\\/#website\"},\"primaryImageOfPage\":{\"@id\":\"https:\\\/\\\/ammann-stepstore.com\\\/produkt\\\/handlaufhalter-handlaufstuetze-handlauftraeger-handlaufhalterung-classic-ral-9005\\\/#primaryimage\"},\"image\":{\"@id\":\"https:\\\/\\\/ammann-stepstore.com\\\/produkt\\\/handlaufhalter-handlaufstuetze-handlauftraeger-handlaufhalterung-classic-ral-9005\\\/#primaryimage\"},\"thumbnailUrl\":\"https:\\\/\\\/ammann-stepstore.com\\\/wp-content\\\/uploads\\\/2024\\\/04\\\/Ammann-Treppen_Wandlaufhalter_RAL9005_1-1.jpg\",\"datePublished\":\"2024-04-11T09:04:31+00:00\",\"dateModified\":\"2026-04-15T13:25:05+00:00\",\"description\":\"Unser Handlaufhalter-Classic RAL 9005 passt perfekt in jedes Haus. Egal ob klassisch, oder modern: Dieser Handlauftr\u00e4ger passt immer perfekt.\",\"breadcrumb\":{\"@id\":\"https:\\\/\\\/ammann-stepstore.com\\\/produkt\\\/handlaufhalter-handlaufstuetze-handlauftraeger-handlaufhalterung-classic-ral-9005\\\/#breadcrumb\"},\"inLanguage\":\"pt-PT\",\"potentialAction\":[{\"@type\":\"ReadAction\",\"target\":[\"https:\\\/\\\/ammann-stepstore.com\\\/produkt\\\/handlaufhalter-handlaufstuetze-handlauftraeger-handlaufhalterung-classic-ral-9005\\\/\"]}]},{\"@type\":\"ImageObject\",\"inLanguage\":\"pt-PT\",\"@id\":\"https:\\\/\\\/ammann-stepstore.com\\\/produkt\\\/handlaufhalter-handlaufstuetze-handlauftraeger-handlaufhalterung-classic-ral-9005\\\/#primaryimage\",\"url\":\"https:\\\/\\\/ammann-stepstore.com\\\/wp-content\\\/uploads\\\/2024\\\/04\\\/Ammann-Treppen_Wandlaufhalter_RAL9005_1-1.jpg\",\"contentUrl\":\"https:\\\/\\\/ammann-stepstore.com\\\/wp-content\\\/uploads\\\/2024\\\/04\\\/Ammann-Treppen_Wandlaufhalter_RAL9005_1-1.jpg\",\"width\":790,\"height\":1000,\"caption\":\"handlaufhalter-edelstahl-handlaufst\u00fctze-handlauftr\u00e4ger-lackiert-RAL-9005\"},{\"@type\":\"BreadcrumbList\",\"@id\":\"https:\\\/\\\/ammann-stepstore.com\\\/produkt\\\/handlaufhalter-handlaufstuetze-handlauftraeger-handlaufhalterung-classic-ral-9005\\\/#breadcrumb\",\"itemListElement\":[{\"@type\":\"ListItem\",\"position\":1,\"name\":\"Startseite\",\"item\":\"https:\\\/\\\/ammann-stepstore.com\\\/\"},{\"@type\":\"ListItem\",\"position\":2,\"name\":\"Shop\",\"item\":\"https:\\\/\\\/ammann-stepstore.com\\\/shop\\\/\"},{\"@type\":\"ListItem\",\"position\":3,\"name\":\"Handlaufhalter Edelstahl Classic &#8211; Schwarz\"}]},{\"@type\":\"WebSite\",\"@id\":\"https:\\\/\\\/ammann-stepstore.com\\\/#website\",\"url\":\"https:\\\/\\\/ammann-stepstore.com\\\/\",\"name\":\"Ammann Stepstore\",\"description\":\"Treppenbau-Zubeh\u00f6r bequem online kaufen\",\"publisher\":{\"@id\":\"https:\\\/\\\/ammann-stepstore.com\\\/#organization\"},\"potentialAction\":[{\"@type\":\"SearchAction\",\"target\":{\"@type\":\"EntryPoint\",\"urlTemplate\":\"https:\\\/\\\/ammann-stepstore.com\\\/?s={search_term_string}\"},\"query-input\":{\"@type\":\"PropertyValueSpecification\",\"valueRequired\":true,\"valueName\":\"search_term_string\"}}],\"inLanguage\":\"pt-PT\"},{\"@type\":\"Organization\",\"@id\":\"https:\\\/\\\/ammann-stepstore.com\\\/#organization\",\"name\":\"easy-step GmbH\",\"url\":\"https:\\\/\\\/ammann-stepstore.com\\\/\",\"logo\":{\"@type\":\"ImageObject\",\"inLanguage\":\"pt-PT\",\"@id\":\"https:\\\/\\\/ammann-stepstore.com\\\/#\\\/schema\\\/logo\\\/image\\\/\",\"url\":\"https:\\\/\\\/ammann-stepstore.com\\\/wp-content\\\/uploads\\\/2018\\\/09\\\/Systembautreppe-merged.png\",\"contentUrl\":\"https:\\\/\\\/ammann-stepstore.com\\\/wp-content\\\/uploads\\\/2018\\\/09\\\/Systembautreppe-merged.png\",\"width\":273,\"height\":67,\"caption\":\"easy-step GmbH\"},\"image\":{\"@id\":\"https:\\\/\\\/ammann-stepstore.com\\\/#\\\/schema\\\/logo\\\/image\\\/\"},\"sameAs\":[\"https:\\\/\\\/www.instagram.com\\\/easystep_bautreppe\\\/\"]}]}<\/script>\n<!-- \/ Yoast SEO plugin. -->","yoast_head_json":{"title":"Suporte de corrim\u00e3o em a\u00e7o inoxid\u00e1vel Classic - Preto - Ammann Stepstore","description":"O nosso suporte para corrim\u00e3o Classic RAL 9005 adapta-se perfeitamente a qualquer casa. Quer seja cl\u00e1ssico ou moderno: Este suporte de corrim\u00e3o adapta-se sempre na perfei\u00e7\u00e3o.","robots":{"index":"index","follow":"follow","max-snippet":"max-snippet:-1","max-image-preview":"max-image-preview:large","max-video-preview":"max-video-preview:-1"},"canonical":"https:\/\/ammann-stepstore.com\/pt\/product-2\/suporte-para-corrimao-suporte-para-corrimao-suporte-para-corrimao-classic-ral-9005\/","og_locale":"pt_PT","og_type":"article","og_title":"Handlaufhalter Edelstahl Classic - Schwarz - Ammann Stepstore","og_description":"Unser Handlaufhalter-Classic RAL 9005 passt perfekt in jedes Haus. Egal ob klassisch, oder modern: Dieser Handlauftr\u00e4ger passt immer perfekt.","og_url":"https:\/\/ammann-stepstore.com\/pt\/product-2\/suporte-para-corrimao-suporte-para-corrimao-suporte-para-corrimao-classic-ral-9005\/","og_site_name":"Ammann Stepstore","article_modified_time":"2026-04-15T13:25:05+00:00","og_image":[{"width":790,"height":1000,"url":"https:\/\/ammann-stepstore.com\/wp-content\/uploads\/2024\/04\/Ammann-Treppen_Wandlaufhalter_RAL9005_1-1.jpg","type":"image\/jpeg"}],"twitter_card":"summary_large_image","twitter_misc":{"Tempo estimado de leitura":"2 minutos"},"schema":{"@context":"https:\/\/schema.org","@graph":[{"@type":"WebPage","@id":"https:\/\/ammann-stepstore.com\/produkt\/handlaufhalter-handlaufstuetze-handlauftraeger-handlaufhalterung-classic-ral-9005\/","url":"https:\/\/ammann-stepstore.com\/produkt\/handlaufhalter-handlaufstuetze-handlauftraeger-handlaufhalterung-classic-ral-9005\/","name":"Suporte de corrim\u00e3o em a\u00e7o inoxid\u00e1vel Classic - Preto - Ammann Stepstore","isPartOf":{"@id":"https:\/\/ammann-stepstore.com\/#website"},"primaryImageOfPage":{"@id":"https:\/\/ammann-stepstore.com\/produkt\/handlaufhalter-handlaufstuetze-handlauftraeger-handlaufhalterung-classic-ral-9005\/#primaryimage"},"image":{"@id":"https:\/\/ammann-stepstore.com\/produkt\/handlaufhalter-handlaufstuetze-handlauftraeger-handlaufhalterung-classic-ral-9005\/#primaryimage"},"thumbnailUrl":"https:\/\/ammann-stepstore.com\/wp-content\/uploads\/2024\/04\/Ammann-Treppen_Wandlaufhalter_RAL9005_1-1.jpg","datePublished":"2024-04-11T09:04:31+00:00","dateModified":"2026-04-15T13:25:05+00:00","description":"O nosso suporte para corrim\u00e3o Classic RAL 9005 adapta-se perfeitamente a qualquer casa. Quer seja cl\u00e1ssico ou moderno: Este suporte de corrim\u00e3o adapta-se sempre na perfei\u00e7\u00e3o.","breadcrumb":{"@id":"https:\/\/ammann-stepstore.com\/produkt\/handlaufhalter-handlaufstuetze-handlauftraeger-handlaufhalterung-classic-ral-9005\/#breadcrumb"},"inLanguage":"pt-PT","potentialAction":[{"@type":"ReadAction","target":["https:\/\/ammann-stepstore.com\/produkt\/handlaufhalter-handlaufstuetze-handlauftraeger-handlaufhalterung-classic-ral-9005\/"]}]},{"@type":"ImageObject","inLanguage":"pt-PT","@id":"https:\/\/ammann-stepstore.com\/produkt\/handlaufhalter-handlaufstuetze-handlauftraeger-handlaufhalterung-classic-ral-9005\/#primaryimage","url":"https:\/\/ammann-stepstore.com\/wp-content\/uploads\/2024\/04\/Ammann-Treppen_Wandlaufhalter_RAL9005_1-1.jpg","contentUrl":"https:\/\/ammann-stepstore.com\/wp-content\/uploads\/2024\/04\/Ammann-Treppen_Wandlaufhalter_RAL9005_1-1.jpg","width":790,"height":1000,"caption":"handlaufhalter-edelstahl-handlaufst\u00fctze-handlauftr\u00e4ger-lackiert-RAL-9005"},{"@type":"BreadcrumbList","@id":"https:\/\/ammann-stepstore.com\/produkt\/handlaufhalter-handlaufstuetze-handlauftraeger-handlaufhalterung-classic-ral-9005\/#breadcrumb","itemListElement":[{"@type":"ListItem","position":1,"name":"Startseite","item":"https:\/\/ammann-stepstore.com\/"},{"@type":"ListItem","position":2,"name":"Shop","item":"https:\/\/ammann-stepstore.com\/shop\/"},{"@type":"ListItem","position":3,"name":"Handlaufhalter Edelstahl Classic &#8211; Schwarz"}]},{"@type":"WebSite","@id":"https:\/\/ammann-stepstore.com\/#website","url":"https:\/\/ammann-stepstore.com\/","name":"Ammann Stepstore","description":"Comprar acess\u00f3rios para escadas comodamente em linha","publisher":{"@id":"https:\/\/ammann-stepstore.com\/#organization"},"potentialAction":[{"@type":"SearchAction","target":{"@type":"EntryPoint","urlTemplate":"https:\/\/ammann-stepstore.com\/?s={search_term_string}"},"query-input":{"@type":"PropertyValueSpecification","valueRequired":true,"valueName":"search_term_string"}}],"inLanguage":"pt-PT"},{"@type":"Organization","@id":"https:\/\/ammann-stepstore.com\/#organization","name":"easy-step GmbH","url":"https:\/\/ammann-stepstore.com\/","logo":{"@type":"ImageObject","inLanguage":"pt-PT","@id":"https:\/\/ammann-stepstore.com\/#\/schema\/logo\/image\/","url":"https:\/\/ammann-stepstore.com\/wp-content\/uploads\/2018\/09\/Systembautreppe-merged.png","contentUrl":"https:\/\/ammann-stepstore.com\/wp-content\/uploads\/2018\/09\/Systembautreppe-merged.png","width":273,"height":67,"caption":"easy-step GmbH"},"image":{"@id":"https:\/\/ammann-stepstore.com\/#\/schema\/logo\/image\/"},"sameAs":["https:\/\/www.instagram.com\/easystep_bautreppe\/"]}]}},"_links":{"self":[{"href":"https:\/\/ammann-stepstore.com\/pt\/wp-json\/wp\/v2\/product\/8128","targetHints":{"allow":["GET"]}}],"collection":[{"href":"https:\/\/ammann-stepstore.com\/pt\/wp-json\/wp\/v2\/product"}],"about":[{"href":"https:\/\/ammann-stepstore.com\/pt\/wp-json\/wp\/v2\/types\/product"}],"replies":[{"embeddable":true,"href":"https:\/\/ammann-stepstore.com\/pt\/wp-json\/wp\/v2\/comments?post=8128"}],"wp:featuredmedia":[{"embeddable":true,"href":"https:\/\/ammann-stepstore.com\/pt\/wp-json\/wp\/v2\/media\/8137"}],"wp:attachment":[{"href":"https:\/\/ammann-stepstore.com\/pt\/wp-json\/wp\/v2\/media?parent=8128"}],"wp:term":[{"taxonomy":"product_brand","embeddable":true,"href":"https:\/\/ammann-stepstore.com\/pt\/wp-json\/wp\/v2\/product_brand?post=8128"},{"taxonomy":"product_cat","embeddable":true,"href":"https:\/\/ammann-stepstore.com\/pt\/wp-json\/wp\/v2\/product_cat?post=8128"},{"taxonomy":"product_tag","embeddable":true,"href":"https:\/\/ammann-stepstore.com\/pt\/wp-json\/wp\/v2\/product_tag?post=8128"}],"curies":[{"name":"wp","href":"https:\/\/api.w.org\/{rel}","templated":true}]}}