{"id":8126,"date":"2024-04-11T09:08:17","date_gmt":"2024-04-11T07:08:17","guid":{"rendered":"https:\/\/ammann-stepstore-18589519.wptestserver2.de\/?post_type=product&#038;p=8126"},"modified":"2025-06-11T17:16:03","modified_gmt":"2025-06-11T15:16:03","slug":"suporte-de-degrau-suporte-de-degrau-fixacao-de-degrau-em-aco-inoxidavel-conetor-de-degrau-para-escadas-de-madeira-ral-9010","status":"publish","type":"product","link":"https:\/\/ammann-stepstore.com\/pt\/produkt\/stufenauflager-stufentraeger-treppenstufenbefestigung-stufenverbinder-aus-edelstahl-fuer-holzwangentreppen-ral-9010\/","title":{"rendered":"Conectores de madeira em a\u00e7o inoxid\u00e1vel - Suportes de degraus para escadas e conectores de madeira vers\u00e1teis RAL 9010"},"content":{"rendered":"<div>\n<p>Acess\u00f3rio para o nariz da escada da Ammann Stairs:<\/p>\n<p class=\"\" data-start=\"378\" data-end=\"682\">Descubra as vantagens dos nossos suportes de degraus para escadas de madeira e acabe de vez com as escadas que chocalham ou rangem. Os nossos suportes de degraus proporcionam uma liga\u00e7\u00e3o com isolamento ac\u00fastico entre os degraus e as longarinas e oferecem uma experi\u00eancia de escadaria silenciosa, est\u00e1vel e duradoura.<\/p>\n<p class=\"\" data-start=\"684\" data-end=\"989\">Com os nossos suportes de degraus e conectores de degraus em a\u00e7o inoxid\u00e1vel de alta qualidade, os degraus individuais podem ser facilmente substitu\u00eddos - sem ter de desmontar toda a escadaria. N\u00e3o \u00e9 necess\u00e1rio fresar, basta um simples furo. Isto significa que at\u00e9 os principiantes podem construir escadas de forma r\u00e1pida e segura.<\/p>\n<p class=\"\" data-start=\"991\" data-end=\"1285\">As nossas ferragens para escadas n\u00e3o s\u00e3o apenas uma alternativa inteligente \u00e0s escadas com encaixes - s\u00e3o tamb\u00e9m universalmente adequadas como conectores de madeira para uma vasta gama de projectos de madeira em interiores e exteriores. Ideal para quem procura solu\u00e7\u00f5es de liga\u00e7\u00e3o em a\u00e7o inoxid\u00e1vel duradouras e vers\u00e1teis.<\/p>\n<p class=\"\" data-start=\"1287\" data-end=\"1453\">Encomende agora e experimente a diferen\u00e7a - com solu\u00e7\u00f5es sofisticadas para a fixa\u00e7\u00e3o de degraus e liga\u00e7\u00f5es de madeira flex\u00edveis da Ammann Treppen.<\/p>\n<\/div>\n<div><\/div>\n<div><\/div>\n<div><\/div>\n<div>Informa\u00e7\u00f5es sobre o artigo:<\/div>\n<div><\/div>\n<div>\n<div><span style=\"color: #202020; font-family: Helvetica Neue, Helvetica, Arial, sans-serif;\">Espig\u00e3o de 15 mm para montagem na face, 20 mm\u00a0<\/span>\u00d8 para perfurar o quadro de cordas, dist\u00e2ncia do quadro de cordas ao degrau 5mm para isolamento ac\u00fastico, suporte do degrau 45mm<\/div>\n<div>Fornecido sem parafusos (recomenda-se o uso de parafusos para madeira Torx 4,5 x 40 para degraus de 45 mm de espessura e longarinas de 45 mm de espessura)<\/div>\n<div><\/div>\n<div>Para mais informa\u00e7\u00f5es, consultar o manual de montagem.<\/div>\n<div><span style=\"color: #202020; font-family: Helvetica Neue, Helvetica, Arial, sans-serif;\">S\u00e3o necess\u00e1rios 4 apoios de degrau por degrau.<\/span><\/div>\n<div><\/div>\n<div><\/div>\n<div>\n<div><\/div>\n<div><\/div>\n<div>Suporte de degrau de escada, suporte de degrau de longarina, suporte de degrau, suporte de degrau, suporte de degrau, suporte de degrau de madeira, fixa\u00e7\u00e3o de degrau, \u00e2ncora de degrau, suporte de degrau, suporte de degrau, conetor de madeira<\/div>\n<\/div>\n<\/div>","protected":false},"excerpt":{"rendered":"<p>Treppenstufenbefestigung von Ammann Treppen: Entdecken Sie die Vorteile unserer Stufenauflager f\u00fcr Holzwangentreppen und beenden Sie klappernde oder quietschende Treppen dauerhaft. Unsere Treppenauflager sorgen f\u00fcr eine schallentkoppelte Verbindung zwischen Stufen und Wangen und bieten ein ruhiges, stabiles und langlebiges Treppenerlebnis. Mit unseren hochwertigen Stufentr\u00e4gern und Stufenverbindern aus Edelstahl k\u00f6nnen einzelne Stufen problemlos ausgetauscht werden \u2013 ganz&#8230;<\/p>","protected":false},"featured_media":8107,"comment_status":"closed","ping_status":"closed","template":"","meta":[],"product_brand":[],"product_cat":[78],"product_tag":[],"class_list":{"0":"post-8126","1":"product","2":"type-product","3":"status-publish","4":"has-post-thumbnail","6":"product_cat-stufenauflager","8":"first","9":"outofstock","10":"taxable","11":"shipping-taxable","12":"purchasable","13":"product-type-simple"},"yoast_head":"<!-- This site is optimized with the Yoast SEO plugin v27.4 - https:\/\/yoast.com\/product\/yoast-seo-wordpress\/ -->\n<title>Holzverbinder aus Edelstahl \u2013 Stufenauflager f\u00fcr Treppen &amp; vielseitige Holzverbindungen RAL 9010 - Ammann Stepstore<\/title>\n<meta name=\"description\" content=\"Treppenstufenbefestigung aus Edelstahl f\u00fcr Holzwangentreppen. Diese Stufentr\u00e4ger sind die bessere Alternative zur eingestemmten Treppe (Schallentkoppelt)\" \/>\n<meta name=\"robots\" content=\"index, follow, max-snippet:-1, max-image-preview:large, max-video-preview:-1\" \/>\n<link rel=\"canonical\" href=\"https:\/\/ammann-stepstore.com\/pt\/product-2\/suporte-de-degrau-suporte-de-degrau-fixacao-de-degrau-em-aco-inoxidavel-conetor-de-degrau-para-escadas-de-madeira-ral-9010\/\" \/>\n<meta property=\"og:locale\" content=\"pt_PT\" \/>\n<meta property=\"og:type\" content=\"article\" \/>\n<meta property=\"og:title\" content=\"Holzverbinder aus Edelstahl \u2013 Stufenauflager f\u00fcr Treppen &amp; vielseitige Holzverbindungen RAL 9010 - Ammann Stepstore\" \/>\n<meta property=\"og:description\" content=\"Treppenstufenbefestigung aus Edelstahl f\u00fcr Holzwangentreppen. Diese Stufentr\u00e4ger sind die bessere Alternative zur eingestemmten Treppe (Schallentkoppelt)\" \/>\n<meta property=\"og:url\" content=\"https:\/\/ammann-stepstore.com\/pt\/product-2\/suporte-de-degrau-suporte-de-degrau-fixacao-de-degrau-em-aco-inoxidavel-conetor-de-degrau-para-escadas-de-madeira-ral-9010\/\" \/>\n<meta property=\"og:site_name\" content=\"Ammann Stepstore\" \/>\n<meta property=\"article:modified_time\" content=\"2025-06-11T15:16:03+00:00\" \/>\n<meta property=\"og:image\" content=\"https:\/\/ammann-stepstore.com\/wp-content\/uploads\/2024\/04\/Ammann-Treppen_Stufenauflager_RAL9010_4.jpg\" \/>\n\t<meta property=\"og:image:width\" content=\"790\" \/>\n\t<meta property=\"og:image:height\" content=\"1000\" \/>\n\t<meta property=\"og:image:type\" content=\"image\/jpeg\" \/>\n<meta name=\"twitter:card\" content=\"summary_large_image\" \/>\n<meta name=\"twitter:label1\" content=\"Tempo estimado de leitura\" \/>\n\t<meta name=\"twitter:data1\" content=\"2 minutos\" \/>\n<script type=\"application\/ld+json\" class=\"yoast-schema-graph\">{\"@context\":\"https:\\\/\\\/schema.org\",\"@graph\":[{\"@type\":\"WebPage\",\"@id\":\"https:\\\/\\\/ammann-stepstore.com\\\/pt\\\/product-2\\\/suporte-de-degrau-suporte-de-degrau-fixacao-de-degrau-em-aco-inoxidavel-conetor-de-degrau-para-escadas-de-madeira-ral-9010\\\/\",\"url\":\"https:\\\/\\\/ammann-stepstore.com\\\/pt\\\/product-2\\\/suporte-de-degrau-suporte-de-degrau-fixacao-de-degrau-em-aco-inoxidavel-conetor-de-degrau-para-escadas-de-madeira-ral-9010\\\/\",\"name\":\"Holzverbinder aus Edelstahl \u2013 Stufenauflager f\u00fcr Treppen & vielseitige Holzverbindungen RAL 9010 - Ammann Stepstore\",\"isPartOf\":{\"@id\":\"https:\\\/\\\/ammann-stepstore.com\\\/#website\"},\"primaryImageOfPage\":{\"@id\":\"https:\\\/\\\/ammann-stepstore.com\\\/pt\\\/product-2\\\/suporte-de-degrau-suporte-de-degrau-fixacao-de-degrau-em-aco-inoxidavel-conetor-de-degrau-para-escadas-de-madeira-ral-9010\\\/#primaryimage\"},\"image\":{\"@id\":\"https:\\\/\\\/ammann-stepstore.com\\\/pt\\\/product-2\\\/suporte-de-degrau-suporte-de-degrau-fixacao-de-degrau-em-aco-inoxidavel-conetor-de-degrau-para-escadas-de-madeira-ral-9010\\\/#primaryimage\"},\"thumbnailUrl\":\"https:\\\/\\\/ammann-stepstore.com\\\/wp-content\\\/uploads\\\/2024\\\/04\\\/Ammann-Treppen_Stufenauflager_RAL9010_4.jpg\",\"datePublished\":\"2024-04-11T07:08:17+00:00\",\"dateModified\":\"2025-06-11T15:16:03+00:00\",\"description\":\"Treppenstufenbefestigung aus Edelstahl f\u00fcr Holzwangentreppen. Diese Stufentr\u00e4ger sind die bessere Alternative zur eingestemmten Treppe (Schallentkoppelt)\",\"breadcrumb\":{\"@id\":\"https:\\\/\\\/ammann-stepstore.com\\\/pt\\\/product-2\\\/suporte-de-degrau-suporte-de-degrau-fixacao-de-degrau-em-aco-inoxidavel-conetor-de-degrau-para-escadas-de-madeira-ral-9010\\\/#breadcrumb\"},\"inLanguage\":\"pt-PT\",\"potentialAction\":[{\"@type\":\"ReadAction\",\"target\":[\"https:\\\/\\\/ammann-stepstore.com\\\/pt\\\/product-2\\\/suporte-de-degrau-suporte-de-degrau-fixacao-de-degrau-em-aco-inoxidavel-conetor-de-degrau-para-escadas-de-madeira-ral-9010\\\/\"]}]},{\"@type\":\"ImageObject\",\"inLanguage\":\"pt-PT\",\"@id\":\"https:\\\/\\\/ammann-stepstore.com\\\/pt\\\/product-2\\\/suporte-de-degrau-suporte-de-degrau-fixacao-de-degrau-em-aco-inoxidavel-conetor-de-degrau-para-escadas-de-madeira-ral-9010\\\/#primaryimage\",\"url\":\"https:\\\/\\\/ammann-stepstore.com\\\/wp-content\\\/uploads\\\/2024\\\/04\\\/Ammann-Treppen_Stufenauflager_RAL9010_4.jpg\",\"contentUrl\":\"https:\\\/\\\/ammann-stepstore.com\\\/wp-content\\\/uploads\\\/2024\\\/04\\\/Ammann-Treppen_Stufenauflager_RAL9010_4.jpg\",\"width\":790,\"height\":1000,\"caption\":\"Stufenauflager f\u00fcr Befestigung an Treppenstufen wei\u00df\"},{\"@type\":\"BreadcrumbList\",\"@id\":\"https:\\\/\\\/ammann-stepstore.com\\\/pt\\\/product-2\\\/suporte-de-degrau-suporte-de-degrau-fixacao-de-degrau-em-aco-inoxidavel-conetor-de-degrau-para-escadas-de-madeira-ral-9010\\\/#breadcrumb\",\"itemListElement\":[{\"@type\":\"ListItem\",\"position\":1,\"name\":\"Startseite\",\"item\":\"https:\\\/\\\/ammann-stepstore.com\\\/\"},{\"@type\":\"ListItem\",\"position\":2,\"name\":\"Shop\",\"item\":\"https:\\\/\\\/ammann-stepstore.com\\\/shop\\\/\"},{\"@type\":\"ListItem\",\"position\":3,\"name\":\"Holzverbinder aus Edelstahl \u2013 Stufenauflager f\u00fcr Treppen &#038; vielseitige Holzverbindungen RAL 9010\"}]},{\"@type\":\"WebSite\",\"@id\":\"https:\\\/\\\/ammann-stepstore.com\\\/#website\",\"url\":\"https:\\\/\\\/ammann-stepstore.com\\\/\",\"name\":\"Ammann Stepstore\",\"description\":\"Treppenbau-Zubeh\u00f6r bequem online kaufen\",\"publisher\":{\"@id\":\"https:\\\/\\\/ammann-stepstore.com\\\/#organization\"},\"potentialAction\":[{\"@type\":\"SearchAction\",\"target\":{\"@type\":\"EntryPoint\",\"urlTemplate\":\"https:\\\/\\\/ammann-stepstore.com\\\/?s={search_term_string}\"},\"query-input\":{\"@type\":\"PropertyValueSpecification\",\"valueRequired\":true,\"valueName\":\"search_term_string\"}}],\"inLanguage\":\"pt-PT\"},{\"@type\":\"Organization\",\"@id\":\"https:\\\/\\\/ammann-stepstore.com\\\/#organization\",\"name\":\"easy-step GmbH\",\"url\":\"https:\\\/\\\/ammann-stepstore.com\\\/\",\"logo\":{\"@type\":\"ImageObject\",\"inLanguage\":\"pt-PT\",\"@id\":\"https:\\\/\\\/ammann-stepstore.com\\\/#\\\/schema\\\/logo\\\/image\\\/\",\"url\":\"https:\\\/\\\/ammann-stepstore.com\\\/wp-content\\\/uploads\\\/2018\\\/09\\\/Systembautreppe-merged.png\",\"contentUrl\":\"https:\\\/\\\/ammann-stepstore.com\\\/wp-content\\\/uploads\\\/2018\\\/09\\\/Systembautreppe-merged.png\",\"width\":273,\"height\":67,\"caption\":\"easy-step GmbH\"},\"image\":{\"@id\":\"https:\\\/\\\/ammann-stepstore.com\\\/#\\\/schema\\\/logo\\\/image\\\/\"},\"sameAs\":[\"https:\\\/\\\/www.instagram.com\\\/easystep_bautreppe\\\/\"]}]}<\/script>\n<!-- \/ Yoast SEO plugin. -->","yoast_head_json":{"title":"Conectores de madeira em a\u00e7o inoxid\u00e1vel - Suportes de degraus para escadas e conectores de madeira vers\u00e1teis RAL 9010 - Ammann Stepstore","description":"Fixa\u00e7\u00e3o do degrau em a\u00e7o inoxid\u00e1vel para escadas de madeira. Estes suportes de degraus s\u00e3o a melhor alternativa aos degraus encaixilhados (com isolamento ac\u00fastico)","robots":{"index":"index","follow":"follow","max-snippet":"max-snippet:-1","max-image-preview":"max-image-preview:large","max-video-preview":"max-video-preview:-1"},"canonical":"https:\/\/ammann-stepstore.com\/pt\/product-2\/suporte-de-degrau-suporte-de-degrau-fixacao-de-degrau-em-aco-inoxidavel-conetor-de-degrau-para-escadas-de-madeira-ral-9010\/","og_locale":"pt_PT","og_type":"article","og_title":"Holzverbinder aus Edelstahl \u2013 Stufenauflager f\u00fcr Treppen & vielseitige Holzverbindungen RAL 9010 - Ammann Stepstore","og_description":"Treppenstufenbefestigung aus Edelstahl f\u00fcr Holzwangentreppen. Diese Stufentr\u00e4ger sind die bessere Alternative zur eingestemmten Treppe (Schallentkoppelt)","og_url":"https:\/\/ammann-stepstore.com\/pt\/product-2\/suporte-de-degrau-suporte-de-degrau-fixacao-de-degrau-em-aco-inoxidavel-conetor-de-degrau-para-escadas-de-madeira-ral-9010\/","og_site_name":"Ammann Stepstore","article_modified_time":"2025-06-11T15:16:03+00:00","og_image":[{"width":790,"height":1000,"url":"https:\/\/ammann-stepstore.com\/wp-content\/uploads\/2024\/04\/Ammann-Treppen_Stufenauflager_RAL9010_4.jpg","type":"image\/jpeg"}],"twitter_card":"summary_large_image","twitter_misc":{"Tempo estimado de leitura":"2 minutos"},"schema":{"@context":"https:\/\/schema.org","@graph":[{"@type":"WebPage","@id":"https:\/\/ammann-stepstore.com\/pt\/product-2\/suporte-de-degrau-suporte-de-degrau-fixacao-de-degrau-em-aco-inoxidavel-conetor-de-degrau-para-escadas-de-madeira-ral-9010\/","url":"https:\/\/ammann-stepstore.com\/pt\/product-2\/suporte-de-degrau-suporte-de-degrau-fixacao-de-degrau-em-aco-inoxidavel-conetor-de-degrau-para-escadas-de-madeira-ral-9010\/","name":"Conectores de madeira em a\u00e7o inoxid\u00e1vel - Suportes de degraus para escadas e conectores de madeira vers\u00e1teis RAL 9010 - Ammann Stepstore","isPartOf":{"@id":"https:\/\/ammann-stepstore.com\/#website"},"primaryImageOfPage":{"@id":"https:\/\/ammann-stepstore.com\/pt\/product-2\/suporte-de-degrau-suporte-de-degrau-fixacao-de-degrau-em-aco-inoxidavel-conetor-de-degrau-para-escadas-de-madeira-ral-9010\/#primaryimage"},"image":{"@id":"https:\/\/ammann-stepstore.com\/pt\/product-2\/suporte-de-degrau-suporte-de-degrau-fixacao-de-degrau-em-aco-inoxidavel-conetor-de-degrau-para-escadas-de-madeira-ral-9010\/#primaryimage"},"thumbnailUrl":"https:\/\/ammann-stepstore.com\/wp-content\/uploads\/2024\/04\/Ammann-Treppen_Stufenauflager_RAL9010_4.jpg","datePublished":"2024-04-11T07:08:17+00:00","dateModified":"2025-06-11T15:16:03+00:00","description":"Fixa\u00e7\u00e3o do degrau em a\u00e7o inoxid\u00e1vel para escadas de madeira. Estes suportes de degraus s\u00e3o a melhor alternativa aos degraus encaixilhados (com isolamento ac\u00fastico)","breadcrumb":{"@id":"https:\/\/ammann-stepstore.com\/pt\/product-2\/suporte-de-degrau-suporte-de-degrau-fixacao-de-degrau-em-aco-inoxidavel-conetor-de-degrau-para-escadas-de-madeira-ral-9010\/#breadcrumb"},"inLanguage":"pt-PT","potentialAction":[{"@type":"ReadAction","target":["https:\/\/ammann-stepstore.com\/pt\/product-2\/suporte-de-degrau-suporte-de-degrau-fixacao-de-degrau-em-aco-inoxidavel-conetor-de-degrau-para-escadas-de-madeira-ral-9010\/"]}]},{"@type":"ImageObject","inLanguage":"pt-PT","@id":"https:\/\/ammann-stepstore.com\/pt\/product-2\/suporte-de-degrau-suporte-de-degrau-fixacao-de-degrau-em-aco-inoxidavel-conetor-de-degrau-para-escadas-de-madeira-ral-9010\/#primaryimage","url":"https:\/\/ammann-stepstore.com\/wp-content\/uploads\/2024\/04\/Ammann-Treppen_Stufenauflager_RAL9010_4.jpg","contentUrl":"https:\/\/ammann-stepstore.com\/wp-content\/uploads\/2024\/04\/Ammann-Treppen_Stufenauflager_RAL9010_4.jpg","width":790,"height":1000,"caption":"Stufenauflager f\u00fcr Befestigung an Treppenstufen wei\u00df"},{"@type":"BreadcrumbList","@id":"https:\/\/ammann-stepstore.com\/pt\/product-2\/suporte-de-degrau-suporte-de-degrau-fixacao-de-degrau-em-aco-inoxidavel-conetor-de-degrau-para-escadas-de-madeira-ral-9010\/#breadcrumb","itemListElement":[{"@type":"ListItem","position":1,"name":"Startseite","item":"https:\/\/ammann-stepstore.com\/"},{"@type":"ListItem","position":2,"name":"Shop","item":"https:\/\/ammann-stepstore.com\/shop\/"},{"@type":"ListItem","position":3,"name":"Holzverbinder aus Edelstahl \u2013 Stufenauflager f\u00fcr Treppen &#038; vielseitige Holzverbindungen RAL 9010"}]},{"@type":"WebSite","@id":"https:\/\/ammann-stepstore.com\/#website","url":"https:\/\/ammann-stepstore.com\/","name":"Ammann Stepstore","description":"Comprar acess\u00f3rios para escadas comodamente em linha","publisher":{"@id":"https:\/\/ammann-stepstore.com\/#organization"},"potentialAction":[{"@type":"SearchAction","target":{"@type":"EntryPoint","urlTemplate":"https:\/\/ammann-stepstore.com\/?s={search_term_string}"},"query-input":{"@type":"PropertyValueSpecification","valueRequired":true,"valueName":"search_term_string"}}],"inLanguage":"pt-PT"},{"@type":"Organization","@id":"https:\/\/ammann-stepstore.com\/#organization","name":"easy-step GmbH","url":"https:\/\/ammann-stepstore.com\/","logo":{"@type":"ImageObject","inLanguage":"pt-PT","@id":"https:\/\/ammann-stepstore.com\/#\/schema\/logo\/image\/","url":"https:\/\/ammann-stepstore.com\/wp-content\/uploads\/2018\/09\/Systembautreppe-merged.png","contentUrl":"https:\/\/ammann-stepstore.com\/wp-content\/uploads\/2018\/09\/Systembautreppe-merged.png","width":273,"height":67,"caption":"easy-step GmbH"},"image":{"@id":"https:\/\/ammann-stepstore.com\/#\/schema\/logo\/image\/"},"sameAs":["https:\/\/www.instagram.com\/easystep_bautreppe\/"]}]}},"_links":{"self":[{"href":"https:\/\/ammann-stepstore.com\/pt\/wp-json\/wp\/v2\/product\/8126","targetHints":{"allow":["GET"]}}],"collection":[{"href":"https:\/\/ammann-stepstore.com\/pt\/wp-json\/wp\/v2\/product"}],"about":[{"href":"https:\/\/ammann-stepstore.com\/pt\/wp-json\/wp\/v2\/types\/product"}],"replies":[{"embeddable":true,"href":"https:\/\/ammann-stepstore.com\/pt\/wp-json\/wp\/v2\/comments?post=8126"}],"wp:featuredmedia":[{"embeddable":true,"href":"https:\/\/ammann-stepstore.com\/pt\/wp-json\/wp\/v2\/media\/8107"}],"wp:attachment":[{"href":"https:\/\/ammann-stepstore.com\/pt\/wp-json\/wp\/v2\/media?parent=8126"}],"wp:term":[{"taxonomy":"product_brand","embeddable":true,"href":"https:\/\/ammann-stepstore.com\/pt\/wp-json\/wp\/v2\/product_brand?post=8126"},{"taxonomy":"product_cat","embeddable":true,"href":"https:\/\/ammann-stepstore.com\/pt\/wp-json\/wp\/v2\/product_cat?post=8126"},{"taxonomy":"product_tag","embeddable":true,"href":"https:\/\/ammann-stepstore.com\/pt\/wp-json\/wp\/v2\/product_tag?post=8126"}],"curies":[{"name":"wp","href":"https:\/\/api.w.org\/{rel}","templated":true}]}}