{"id":8019,"date":"2024-02-23T08:49:12","date_gmt":"2024-02-23T07:49:12","guid":{"rendered":"https:\/\/ammann-stepstore-18589519.wptestserver2.de\/?post_type=product&#038;p=8019"},"modified":"2026-03-31T11:29:28","modified_gmt":"2026-03-31T09:29:28","slug":"suporte-de-degrau-suporte-de-degrau-suporte-de-degrau-fixacao-de-degrau-conetor-de-degrau-suporte-de-degrau-feito-de-aco-inoxidavel-para-escadas-de-madeira-seladas","status":"publish","type":"product","link":"https:\/\/ammann-stepstore.com\/pt\/produkt\/stufenauflager-stufentraeger-stufenhalterung-treppenstufenbefestigung-stufenverbinder-stufenauflage-aus-edelstahl-fuer-aufgesattelte-holzwangentreppen\/","title":{"rendered":"Suporte de degrau em a\u00e7o inoxid\u00e1vel para escadas de madeira montadas em sela"},"content":{"rendered":"<p>Acess\u00f3rio para o nariz da escada da Ammann Stairs:<\/p>\n<div>\n<p data-start=\"360\" data-end=\"579\">Descubra os nossos suportes de degraus especialmente desenvolvidos para escadas de madeira montadas em sela. Permitem uma fixa\u00e7\u00e3o simples, precisa e est\u00e1vel dos degraus nas constru\u00e7\u00f5es modernas de escadas.<\/p>\n<p data-start=\"581\" data-end=\"878\">Desenvolvemos um suporte de degrau em a\u00e7o inoxid\u00e1vel de alta qualidade para escadas semi-montadas que assegura uma liga\u00e7\u00e3o segura e duradoura entre o degrau da escada e a longarina. \u00c9 f\u00e1cil de instalar e garante uma constru\u00e7\u00e3o de escadas limpa e profissional.<\/p>\n<p data-start=\"880\" data-end=\"1124\">Os nossos rolamentos de degraus para escadas de madeira semi-montadas facilitam muito a constru\u00e7\u00e3o de escadas - ideal para construtores de escadas profissionais, bem como para entusiastas de bricolage que pretendam realizar uma montagem de escadas est\u00e1vel e de alta qualidade.<\/p>\n<p data-start=\"1126\" data-end=\"1309\">Encomende j\u00e1 os nossos suportes de degraus para escadas semi-montadas e realize constru\u00e7\u00f5es de escadas duradouras e precisas com as solu\u00e7\u00f5es comprovadas da Ammann Stairs.<\/p>\n<\/div>\n<div><\/div>\n<div><\/div>\n<div><\/div>\n<div>Informa\u00e7\u00f5es sobre o artigo:<\/div>\n<div><\/div>\n<div>\n<div><\/div>\n<div><span style=\"color: #202020; font-family: Helvetica Neue, Helvetica, Arial, sans-serif;\">80 mm de comprimento total, dos quais 30 mm no furo da bochecha do selim, 25 mm de di\u00e2metro<\/span>, mais pormenores no desenho de pormenor (\u00faltima imagem)<\/div>\n<div><span style=\"color: #202020; font-family: Helvetica Neue, Helvetica, Arial, sans-serif;\">\u00a0<\/span><\/div>\n<div>Fornecido sem parafusos (recomenda-se o uso de parafusos para madeira Torx 4,5 x 40 para degraus de 45 mm de espessura e longarinas de 45 mm de espessura)<\/div>\n<div><\/div>\n<div><span style=\"color: #202020; font-family: Helvetica Neue, Helvetica, Arial, sans-serif;\">S\u00e3o necess\u00e1rios 4 apoios de degrau por degrau.<\/span><\/div>\n<div><\/div>\n<div>Envio a partir da Alemanha.<\/div>\n<div>\n<div><\/div>\n<div><\/div>\n<div>Suporte de degrau de escada, suporte de degrau de longarina, suporte de degrau de escada, suporte de degrau, suporte de degrau, suporte de degrau de madeira, fixa\u00e7\u00e3o de degrau, \u00e2ncora de degrau, suporte de degrau de escada, suporte de degrau, fixa\u00e7\u00e3o de degrau<\/div>\n<\/div>\n<\/div>","protected":false},"excerpt":{"rendered":"<p>por unidade para uma escada com 15 degraus<\/p>","protected":false},"featured_media":8095,"comment_status":"closed","ping_status":"closed","template":"","meta":[],"product_brand":[],"product_cat":[78],"product_tag":[],"class_list":{"0":"post-8019","1":"product","2":"type-product","3":"status-publish","4":"has-post-thumbnail","6":"product_cat-stufenauflager","8":"first","9":"instock","10":"taxable","11":"shipping-taxable","12":"purchasable","13":"product-type-simple"},"yoast_head":"<!-- This site is optimized with the Yoast SEO plugin v27.4 - https:\/\/yoast.com\/product\/yoast-seo-wordpress\/ -->\n<title>Stufenauflager aus Edelstahl f\u00fcr aufgesattelte Holzwangentreppen - Ammann Stepstore<\/title>\n<meta name=\"description\" content=\"Treppenstufenbefestigung aus Edelstahl f\u00fcr aufgesattelte Holztreppen - Bestellen Sie jetzt und entdecken die Vorteile der Stufentr\u00e4ger.\" \/>\n<meta name=\"robots\" content=\"index, follow, max-snippet:-1, max-image-preview:large, max-video-preview:-1\" \/>\n<link rel=\"canonical\" href=\"https:\/\/ammann-stepstore.com\/pt\/product-2\/suporte-de-degrau-suporte-de-degrau-suporte-de-degrau-fixacao-de-degrau-conetor-de-degrau-suporte-de-degrau-feito-de-aco-inoxidavel-para-escadas-de-madeira-seladas\/\" \/>\n<meta property=\"og:locale\" content=\"pt_PT\" \/>\n<meta property=\"og:type\" content=\"article\" \/>\n<meta property=\"og:title\" content=\"Stufenauflager aus Edelstahl f\u00fcr aufgesattelte Holzwangentreppen - Ammann Stepstore\" \/>\n<meta property=\"og:description\" content=\"Treppenstufenbefestigung aus Edelstahl f\u00fcr aufgesattelte Holztreppen - Bestellen Sie jetzt und entdecken die Vorteile der Stufentr\u00e4ger.\" \/>\n<meta property=\"og:url\" content=\"https:\/\/ammann-stepstore.com\/pt\/product-2\/suporte-de-degrau-suporte-de-degrau-suporte-de-degrau-fixacao-de-degrau-conetor-de-degrau-suporte-de-degrau-feito-de-aco-inoxidavel-para-escadas-de-madeira-seladas\/\" \/>\n<meta property=\"og:site_name\" content=\"Ammann Stepstore\" \/>\n<meta property=\"article:modified_time\" content=\"2026-03-31T09:29:28+00:00\" \/>\n<meta property=\"og:image\" content=\"https:\/\/ammann-stepstore.com\/wp-content\/uploads\/2024\/02\/Ammann-Treppen_Stufenauflager2_3.jpg\" \/>\n\t<meta property=\"og:image:width\" content=\"790\" \/>\n\t<meta property=\"og:image:height\" content=\"1000\" \/>\n\t<meta property=\"og:image:type\" content=\"image\/jpeg\" \/>\n<meta name=\"twitter:card\" content=\"summary_large_image\" \/>\n<meta name=\"twitter:label1\" content=\"Tempo estimado de leitura\" \/>\n\t<meta name=\"twitter:data1\" content=\"2 minutos\" \/>\n<script type=\"application\/ld+json\" class=\"yoast-schema-graph\">{\"@context\":\"https:\\\/\\\/schema.org\",\"@graph\":[{\"@type\":\"WebPage\",\"@id\":\"https:\\\/\\\/ammann-stepstore.com\\\/pt\\\/product-2\\\/suporte-de-degrau-suporte-de-degrau-suporte-de-degrau-fixacao-de-degrau-conetor-de-degrau-suporte-de-degrau-feito-de-aco-inoxidavel-para-escadas-de-madeira-seladas\\\/\",\"url\":\"https:\\\/\\\/ammann-stepstore.com\\\/pt\\\/product-2\\\/suporte-de-degrau-suporte-de-degrau-suporte-de-degrau-fixacao-de-degrau-conetor-de-degrau-suporte-de-degrau-feito-de-aco-inoxidavel-para-escadas-de-madeira-seladas\\\/\",\"name\":\"Stufenauflager aus Edelstahl f\u00fcr aufgesattelte Holzwangentreppen - Ammann Stepstore\",\"isPartOf\":{\"@id\":\"https:\\\/\\\/ammann-stepstore.com\\\/#website\"},\"primaryImageOfPage\":{\"@id\":\"https:\\\/\\\/ammann-stepstore.com\\\/pt\\\/product-2\\\/suporte-de-degrau-suporte-de-degrau-suporte-de-degrau-fixacao-de-degrau-conetor-de-degrau-suporte-de-degrau-feito-de-aco-inoxidavel-para-escadas-de-madeira-seladas\\\/#primaryimage\"},\"image\":{\"@id\":\"https:\\\/\\\/ammann-stepstore.com\\\/pt\\\/product-2\\\/suporte-de-degrau-suporte-de-degrau-suporte-de-degrau-fixacao-de-degrau-conetor-de-degrau-suporte-de-degrau-feito-de-aco-inoxidavel-para-escadas-de-madeira-seladas\\\/#primaryimage\"},\"thumbnailUrl\":\"https:\\\/\\\/ammann-stepstore.com\\\/wp-content\\\/uploads\\\/2024\\\/02\\\/Ammann-Treppen_Stufenauflager2_3.jpg\",\"datePublished\":\"2024-02-23T07:49:12+00:00\",\"dateModified\":\"2026-03-31T09:29:28+00:00\",\"description\":\"Treppenstufenbefestigung aus Edelstahl f\u00fcr aufgesattelte Holztreppen - Bestellen Sie jetzt und entdecken die Vorteile der Stufentr\u00e4ger.\",\"breadcrumb\":{\"@id\":\"https:\\\/\\\/ammann-stepstore.com\\\/pt\\\/product-2\\\/suporte-de-degrau-suporte-de-degrau-suporte-de-degrau-fixacao-de-degrau-conetor-de-degrau-suporte-de-degrau-feito-de-aco-inoxidavel-para-escadas-de-madeira-seladas\\\/#breadcrumb\"},\"inLanguage\":\"pt-PT\",\"potentialAction\":[{\"@type\":\"ReadAction\",\"target\":[\"https:\\\/\\\/ammann-stepstore.com\\\/pt\\\/product-2\\\/suporte-de-degrau-suporte-de-degrau-suporte-de-degrau-fixacao-de-degrau-conetor-de-degrau-suporte-de-degrau-feito-de-aco-inoxidavel-para-escadas-de-madeira-seladas\\\/\"]}]},{\"@type\":\"ImageObject\",\"inLanguage\":\"pt-PT\",\"@id\":\"https:\\\/\\\/ammann-stepstore.com\\\/pt\\\/product-2\\\/suporte-de-degrau-suporte-de-degrau-suporte-de-degrau-fixacao-de-degrau-conetor-de-degrau-suporte-de-degrau-feito-de-aco-inoxidavel-para-escadas-de-madeira-seladas\\\/#primaryimage\",\"url\":\"https:\\\/\\\/ammann-stepstore.com\\\/wp-content\\\/uploads\\\/2024\\\/02\\\/Ammann-Treppen_Stufenauflager2_3.jpg\",\"contentUrl\":\"https:\\\/\\\/ammann-stepstore.com\\\/wp-content\\\/uploads\\\/2024\\\/02\\\/Ammann-Treppen_Stufenauflager2_3.jpg\",\"width\":790,\"height\":1000,\"caption\":\"Stufenbefestigung f\u00fcr aufgesattelte Wangentreppen\"},{\"@type\":\"BreadcrumbList\",\"@id\":\"https:\\\/\\\/ammann-stepstore.com\\\/pt\\\/product-2\\\/suporte-de-degrau-suporte-de-degrau-suporte-de-degrau-fixacao-de-degrau-conetor-de-degrau-suporte-de-degrau-feito-de-aco-inoxidavel-para-escadas-de-madeira-seladas\\\/#breadcrumb\",\"itemListElement\":[{\"@type\":\"ListItem\",\"position\":1,\"name\":\"Startseite\",\"item\":\"https:\\\/\\\/ammann-stepstore.com\\\/\"},{\"@type\":\"ListItem\",\"position\":2,\"name\":\"Shop\",\"item\":\"https:\\\/\\\/ammann-stepstore.com\\\/shop\\\/\"},{\"@type\":\"ListItem\",\"position\":3,\"name\":\"Stufenauflager aus Edelstahl f\u00fcr aufgesattelte Holzwangentreppen\"}]},{\"@type\":\"WebSite\",\"@id\":\"https:\\\/\\\/ammann-stepstore.com\\\/#website\",\"url\":\"https:\\\/\\\/ammann-stepstore.com\\\/\",\"name\":\"Ammann Stepstore\",\"description\":\"Treppenbau-Zubeh\u00f6r bequem online kaufen\",\"publisher\":{\"@id\":\"https:\\\/\\\/ammann-stepstore.com\\\/#organization\"},\"potentialAction\":[{\"@type\":\"SearchAction\",\"target\":{\"@type\":\"EntryPoint\",\"urlTemplate\":\"https:\\\/\\\/ammann-stepstore.com\\\/?s={search_term_string}\"},\"query-input\":{\"@type\":\"PropertyValueSpecification\",\"valueRequired\":true,\"valueName\":\"search_term_string\"}}],\"inLanguage\":\"pt-PT\"},{\"@type\":\"Organization\",\"@id\":\"https:\\\/\\\/ammann-stepstore.com\\\/#organization\",\"name\":\"easy-step GmbH\",\"url\":\"https:\\\/\\\/ammann-stepstore.com\\\/\",\"logo\":{\"@type\":\"ImageObject\",\"inLanguage\":\"pt-PT\",\"@id\":\"https:\\\/\\\/ammann-stepstore.com\\\/#\\\/schema\\\/logo\\\/image\\\/\",\"url\":\"https:\\\/\\\/ammann-stepstore.com\\\/wp-content\\\/uploads\\\/2018\\\/09\\\/Systembautreppe-merged.png\",\"contentUrl\":\"https:\\\/\\\/ammann-stepstore.com\\\/wp-content\\\/uploads\\\/2018\\\/09\\\/Systembautreppe-merged.png\",\"width\":273,\"height\":67,\"caption\":\"easy-step GmbH\"},\"image\":{\"@id\":\"https:\\\/\\\/ammann-stepstore.com\\\/#\\\/schema\\\/logo\\\/image\\\/\"},\"sameAs\":[\"https:\\\/\\\/www.instagram.com\\\/easystep_bautreppe\\\/\"]}]}<\/script>\n<!-- \/ Yoast SEO plugin. -->","yoast_head_json":{"title":"Suporte de degrau em a\u00e7o inoxid\u00e1vel para escadas de madeira montadas em sela - Ammann Stepstore","description":"Fixadores de a\u00e7o inoxid\u00e1vel para escadas de madeira semi-montadas - Encomende j\u00e1 e descubra as vantagens dos suportes para chanfros de escadas.","robots":{"index":"index","follow":"follow","max-snippet":"max-snippet:-1","max-image-preview":"max-image-preview:large","max-video-preview":"max-video-preview:-1"},"canonical":"https:\/\/ammann-stepstore.com\/pt\/product-2\/suporte-de-degrau-suporte-de-degrau-suporte-de-degrau-fixacao-de-degrau-conetor-de-degrau-suporte-de-degrau-feito-de-aco-inoxidavel-para-escadas-de-madeira-seladas\/","og_locale":"pt_PT","og_type":"article","og_title":"Stufenauflager aus Edelstahl f\u00fcr aufgesattelte Holzwangentreppen - Ammann Stepstore","og_description":"Treppenstufenbefestigung aus Edelstahl f\u00fcr aufgesattelte Holztreppen - Bestellen Sie jetzt und entdecken die Vorteile der Stufentr\u00e4ger.","og_url":"https:\/\/ammann-stepstore.com\/pt\/product-2\/suporte-de-degrau-suporte-de-degrau-suporte-de-degrau-fixacao-de-degrau-conetor-de-degrau-suporte-de-degrau-feito-de-aco-inoxidavel-para-escadas-de-madeira-seladas\/","og_site_name":"Ammann Stepstore","article_modified_time":"2026-03-31T09:29:28+00:00","og_image":[{"width":790,"height":1000,"url":"https:\/\/ammann-stepstore.com\/wp-content\/uploads\/2024\/02\/Ammann-Treppen_Stufenauflager2_3.jpg","type":"image\/jpeg"}],"twitter_card":"summary_large_image","twitter_misc":{"Tempo estimado de leitura":"2 minutos"},"schema":{"@context":"https:\/\/schema.org","@graph":[{"@type":"WebPage","@id":"https:\/\/ammann-stepstore.com\/pt\/product-2\/suporte-de-degrau-suporte-de-degrau-suporte-de-degrau-fixacao-de-degrau-conetor-de-degrau-suporte-de-degrau-feito-de-aco-inoxidavel-para-escadas-de-madeira-seladas\/","url":"https:\/\/ammann-stepstore.com\/pt\/product-2\/suporte-de-degrau-suporte-de-degrau-suporte-de-degrau-fixacao-de-degrau-conetor-de-degrau-suporte-de-degrau-feito-de-aco-inoxidavel-para-escadas-de-madeira-seladas\/","name":"Suporte de degrau em a\u00e7o inoxid\u00e1vel para escadas de madeira montadas em sela - Ammann Stepstore","isPartOf":{"@id":"https:\/\/ammann-stepstore.com\/#website"},"primaryImageOfPage":{"@id":"https:\/\/ammann-stepstore.com\/pt\/product-2\/suporte-de-degrau-suporte-de-degrau-suporte-de-degrau-fixacao-de-degrau-conetor-de-degrau-suporte-de-degrau-feito-de-aco-inoxidavel-para-escadas-de-madeira-seladas\/#primaryimage"},"image":{"@id":"https:\/\/ammann-stepstore.com\/pt\/product-2\/suporte-de-degrau-suporte-de-degrau-suporte-de-degrau-fixacao-de-degrau-conetor-de-degrau-suporte-de-degrau-feito-de-aco-inoxidavel-para-escadas-de-madeira-seladas\/#primaryimage"},"thumbnailUrl":"https:\/\/ammann-stepstore.com\/wp-content\/uploads\/2024\/02\/Ammann-Treppen_Stufenauflager2_3.jpg","datePublished":"2024-02-23T07:49:12+00:00","dateModified":"2026-03-31T09:29:28+00:00","description":"Fixadores de a\u00e7o inoxid\u00e1vel para escadas de madeira semi-montadas - Encomende j\u00e1 e descubra as vantagens dos suportes para chanfros de escadas.","breadcrumb":{"@id":"https:\/\/ammann-stepstore.com\/pt\/product-2\/suporte-de-degrau-suporte-de-degrau-suporte-de-degrau-fixacao-de-degrau-conetor-de-degrau-suporte-de-degrau-feito-de-aco-inoxidavel-para-escadas-de-madeira-seladas\/#breadcrumb"},"inLanguage":"pt-PT","potentialAction":[{"@type":"ReadAction","target":["https:\/\/ammann-stepstore.com\/pt\/product-2\/suporte-de-degrau-suporte-de-degrau-suporte-de-degrau-fixacao-de-degrau-conetor-de-degrau-suporte-de-degrau-feito-de-aco-inoxidavel-para-escadas-de-madeira-seladas\/"]}]},{"@type":"ImageObject","inLanguage":"pt-PT","@id":"https:\/\/ammann-stepstore.com\/pt\/product-2\/suporte-de-degrau-suporte-de-degrau-suporte-de-degrau-fixacao-de-degrau-conetor-de-degrau-suporte-de-degrau-feito-de-aco-inoxidavel-para-escadas-de-madeira-seladas\/#primaryimage","url":"https:\/\/ammann-stepstore.com\/wp-content\/uploads\/2024\/02\/Ammann-Treppen_Stufenauflager2_3.jpg","contentUrl":"https:\/\/ammann-stepstore.com\/wp-content\/uploads\/2024\/02\/Ammann-Treppen_Stufenauflager2_3.jpg","width":790,"height":1000,"caption":"Stufenbefestigung f\u00fcr aufgesattelte Wangentreppen"},{"@type":"BreadcrumbList","@id":"https:\/\/ammann-stepstore.com\/pt\/product-2\/suporte-de-degrau-suporte-de-degrau-suporte-de-degrau-fixacao-de-degrau-conetor-de-degrau-suporte-de-degrau-feito-de-aco-inoxidavel-para-escadas-de-madeira-seladas\/#breadcrumb","itemListElement":[{"@type":"ListItem","position":1,"name":"Startseite","item":"https:\/\/ammann-stepstore.com\/"},{"@type":"ListItem","position":2,"name":"Shop","item":"https:\/\/ammann-stepstore.com\/shop\/"},{"@type":"ListItem","position":3,"name":"Stufenauflager aus Edelstahl f\u00fcr aufgesattelte Holzwangentreppen"}]},{"@type":"WebSite","@id":"https:\/\/ammann-stepstore.com\/#website","url":"https:\/\/ammann-stepstore.com\/","name":"Ammann Stepstore","description":"Comprar acess\u00f3rios para escadas comodamente em linha","publisher":{"@id":"https:\/\/ammann-stepstore.com\/#organization"},"potentialAction":[{"@type":"SearchAction","target":{"@type":"EntryPoint","urlTemplate":"https:\/\/ammann-stepstore.com\/?s={search_term_string}"},"query-input":{"@type":"PropertyValueSpecification","valueRequired":true,"valueName":"search_term_string"}}],"inLanguage":"pt-PT"},{"@type":"Organization","@id":"https:\/\/ammann-stepstore.com\/#organization","name":"easy-step GmbH","url":"https:\/\/ammann-stepstore.com\/","logo":{"@type":"ImageObject","inLanguage":"pt-PT","@id":"https:\/\/ammann-stepstore.com\/#\/schema\/logo\/image\/","url":"https:\/\/ammann-stepstore.com\/wp-content\/uploads\/2018\/09\/Systembautreppe-merged.png","contentUrl":"https:\/\/ammann-stepstore.com\/wp-content\/uploads\/2018\/09\/Systembautreppe-merged.png","width":273,"height":67,"caption":"easy-step GmbH"},"image":{"@id":"https:\/\/ammann-stepstore.com\/#\/schema\/logo\/image\/"},"sameAs":["https:\/\/www.instagram.com\/easystep_bautreppe\/"]}]}},"_links":{"self":[{"href":"https:\/\/ammann-stepstore.com\/pt\/wp-json\/wp\/v2\/product\/8019","targetHints":{"allow":["GET"]}}],"collection":[{"href":"https:\/\/ammann-stepstore.com\/pt\/wp-json\/wp\/v2\/product"}],"about":[{"href":"https:\/\/ammann-stepstore.com\/pt\/wp-json\/wp\/v2\/types\/product"}],"replies":[{"embeddable":true,"href":"https:\/\/ammann-stepstore.com\/pt\/wp-json\/wp\/v2\/comments?post=8019"}],"wp:featuredmedia":[{"embeddable":true,"href":"https:\/\/ammann-stepstore.com\/pt\/wp-json\/wp\/v2\/media\/8095"}],"wp:attachment":[{"href":"https:\/\/ammann-stepstore.com\/pt\/wp-json\/wp\/v2\/media?parent=8019"}],"wp:term":[{"taxonomy":"product_brand","embeddable":true,"href":"https:\/\/ammann-stepstore.com\/pt\/wp-json\/wp\/v2\/product_brand?post=8019"},{"taxonomy":"product_cat","embeddable":true,"href":"https:\/\/ammann-stepstore.com\/pt\/wp-json\/wp\/v2\/product_cat?post=8019"},{"taxonomy":"product_tag","embeddable":true,"href":"https:\/\/ammann-stepstore.com\/pt\/wp-json\/wp\/v2\/product_tag?post=8019"}],"curies":[{"name":"wp","href":"https:\/\/api.w.org\/{rel}","templated":true}]}}