{"id":7939,"date":"2024-02-23T10:35:35","date_gmt":"2024-02-23T09:35:35","guid":{"rendered":"https:\/\/ammann-stepstore-18589519.wptestserver2.de\/?post_type=product&#038;p=7939"},"modified":"2026-03-31T11:28:52","modified_gmt":"2026-03-31T09:28:52","slug":"suporte-de-degrau-suporte-de-degrau-suporte-de-degrau-fixacao-de-degrau-em-aco-inoxidavel-conetor-de-degrau-para-escadas-de-madeira","status":"publish","type":"product","link":"https:\/\/ammann-stepstore.com\/pt\/produkt\/stufenauflager-stufentraeger-stufenhalterung-treppenstufenbefestigung-stufenverbinder-aus-edelstahl-fuer-holzwangentreppen\/","title":{"rendered":"Suportes de degraus em a\u00e7o inoxid\u00e1vel para escadas de madeira e liga\u00e7\u00f5es de madeira vers\u00e1teis"},"content":{"rendered":"<div>\n<h3>Suportes para degraus da Ammann Stepstore<\/h3>\n<p>Descubra as vantagens dos nossos suportes de degraus para escadas de madeira e acabe de vez com as escadas que chocalham ou rangem. Os nossos suportes de degraus proporcionam uma liga\u00e7\u00e3o com isolamento ac\u00fastico entre os degraus e as longarinas e permitem uma experi\u00eancia de escadaria silenciosa, est\u00e1vel e duradoura.<\/p>\n<p>Com os nossos suportes de degraus e conectores de degraus em a\u00e7o inoxid\u00e1vel de alta qualidade, os degraus individuais podem ser facilmente substitu\u00eddos - sem ter de desmontar toda a escadaria. N\u00e3o \u00e9 necess\u00e1rio fresar, basta um simples furo. Isto significa que at\u00e9 os principiantes podem construir escadas de forma r\u00e1pida e segura.<\/p>\n<p>Os nossos suportes de degraus n\u00e3o s\u00e3o apenas uma alternativa inteligente \u00e0 cl\u00e1ssica escada entalhada. S\u00e3o tamb\u00e9m ideais como conectores de madeira universais para in\u00fameros projectos de madeira em interiores e exteriores.<\/p>\n<p>Ideal para quem procura uma solu\u00e7\u00e3o de liga\u00e7\u00e3o em a\u00e7o inoxid\u00e1vel duradoura, est\u00e1vel e vers\u00e1til.<\/p>\n<p>Encomende agora e experimente a diferen\u00e7a - com solu\u00e7\u00f5es sofisticadas para a fixa\u00e7\u00e3o de degraus e liga\u00e7\u00f5es de madeira flex\u00edveis da Ammann Treppen.<\/p>\n<\/div>\n<p>&nbsp;<\/p>\n<div>\n<h4>Informa\u00e7\u00f5es sobre o artigo<\/h4>\n<p><strong>Dados t\u00e9cnicos:<\/strong><\/p>\n<ul>\n<li>Espig\u00e3o de 15 mm para montagem na bochecha<\/li>\n<li>20 mm \u00d8 para perfurar a bochecha<\/li>\n<li>Dist\u00e2ncia entre a longarina e o degrau: 5 mm (para isolamento ac\u00fastico)<\/li>\n<li>Apoio do degrau: 45 mm<\/li>\n<\/ul>\n<p>entrega <strong>Sem parafusos<\/strong>.<br \/>\nCom degraus de 45 mm de espessura e longarinas de 45 mm de espessura <strong>4,5 \u00d7 40 parafusos Torx para madeira<\/strong> recomendado.<\/p>\n<p>Para mais pormenores, consultar o <strong>Instru\u00e7\u00f5es de montagem<\/strong>.<\/p>\n<p><strong>S\u00e3o necess\u00e1rios 4 apoios de degrau por degrau.<\/strong><\/p>\n<p>Envio a partir da Alemanha.<\/p>\n<\/div>\n<p>&nbsp;<\/p>\n<p><a style=\"display: inline-flex; align-items: center; justify-content: center; height: 46px; padding: 0 22px; background: #d4001f; color: #fff; border-radius: 24px; text-decoration: none; font-weight: 600; font-size: 16px; line-height: 1; box-sizing: border-box;\" href=\"\/pt\/treppenstufen-befestigen-wangentreppe\/\"><br \/>\nPassos de fixa\u00e7\u00e3o<br \/>\n<\/a><\/p>","protected":false},"excerpt":{"rendered":"<p>por unidade para uma escada com 15 degraus<\/p>","protected":false},"featured_media":8099,"comment_status":"closed","ping_status":"closed","template":"","meta":[],"product_brand":[],"product_cat":[78],"product_tag":[],"class_list":{"0":"post-7939","1":"product","2":"type-product","3":"status-publish","4":"has-post-thumbnail","6":"product_cat-stufenauflager","8":"first","9":"instock","10":"taxable","11":"shipping-taxable","12":"purchasable","13":"product-type-simple"},"yoast_head":"<!-- This site is optimized with the Yoast SEO plugin v27.4 - https:\/\/yoast.com\/product\/yoast-seo-wordpress\/ -->\n<title>Stufenauflager aus Edelstahl f\u00fcr Holztreppen &amp; vielseitige Holzverbindungen - Ammann Stepstore<\/title>\n<meta name=\"description\" content=\"Treppenstufenbefestigung aus Edelstahl f\u00fcr Holzwangentreppen. Jetzt Stufentr\u00e4ger kaufen im Online-Shop von Ammann Treppen.\" \/>\n<meta name=\"robots\" content=\"index, follow, max-snippet:-1, max-image-preview:large, max-video-preview:-1\" \/>\n<link rel=\"canonical\" href=\"https:\/\/ammann-stepstore.com\/pt\/product-2\/suporte-de-degrau-suporte-de-degrau-suporte-de-degrau-fixacao-de-degrau-em-aco-inoxidavel-conetor-de-degrau-para-escadas-de-madeira\/\" \/>\n<meta property=\"og:locale\" content=\"pt_PT\" \/>\n<meta property=\"og:type\" content=\"article\" \/>\n<meta property=\"og:title\" content=\"Stufenauflager aus Edelstahl f\u00fcr Holztreppen &amp; vielseitige Holzverbindungen - Ammann Stepstore\" \/>\n<meta property=\"og:description\" content=\"Treppenstufenbefestigung aus Edelstahl f\u00fcr Holzwangentreppen. Jetzt Stufentr\u00e4ger kaufen im Online-Shop von Ammann Treppen.\" \/>\n<meta property=\"og:url\" content=\"https:\/\/ammann-stepstore.com\/pt\/product-2\/suporte-de-degrau-suporte-de-degrau-suporte-de-degrau-fixacao-de-degrau-em-aco-inoxidavel-conetor-de-degrau-para-escadas-de-madeira\/\" \/>\n<meta property=\"og:site_name\" content=\"Ammann Stepstore\" \/>\n<meta property=\"article:modified_time\" content=\"2026-03-31T09:28:52+00:00\" \/>\n<meta property=\"og:image\" content=\"https:\/\/ammann-stepstore.com\/wp-content\/uploads\/2024\/02\/Ammann-Treppen_Stufenauflager_4-1.jpg\" \/>\n\t<meta property=\"og:image:width\" content=\"790\" \/>\n\t<meta property=\"og:image:height\" content=\"1000\" \/>\n\t<meta property=\"og:image:type\" content=\"image\/jpeg\" \/>\n<meta name=\"twitter:card\" content=\"summary_large_image\" \/>\n<meta name=\"twitter:label1\" content=\"Tempo estimado de leitura\" \/>\n\t<meta name=\"twitter:data1\" content=\"2 minutos\" \/>\n<script type=\"application\/ld+json\" class=\"yoast-schema-graph\">{\"@context\":\"https:\\\/\\\/schema.org\",\"@graph\":[{\"@type\":\"WebPage\",\"@id\":\"https:\\\/\\\/ammann-stepstore.com\\\/de\\\/produkt\\\/stufenauflager-stufentraeger-stufenhalterung-treppenstufenbefestigung-stufenverbinder-aus-edelstahl-fuer-holzwangentreppen\\\/\",\"url\":\"https:\\\/\\\/ammann-stepstore.com\\\/de\\\/produkt\\\/stufenauflager-stufentraeger-stufenhalterung-treppenstufenbefestigung-stufenverbinder-aus-edelstahl-fuer-holzwangentreppen\\\/\",\"name\":\"Stufenauflager aus Edelstahl f\u00fcr Holztreppen & vielseitige Holzverbindungen - Ammann Stepstore\",\"isPartOf\":{\"@id\":\"https:\\\/\\\/ammann-stepstore.com\\\/#website\"},\"primaryImageOfPage\":{\"@id\":\"https:\\\/\\\/ammann-stepstore.com\\\/de\\\/produkt\\\/stufenauflager-stufentraeger-stufenhalterung-treppenstufenbefestigung-stufenverbinder-aus-edelstahl-fuer-holzwangentreppen\\\/#primaryimage\"},\"image\":{\"@id\":\"https:\\\/\\\/ammann-stepstore.com\\\/de\\\/produkt\\\/stufenauflager-stufentraeger-stufenhalterung-treppenstufenbefestigung-stufenverbinder-aus-edelstahl-fuer-holzwangentreppen\\\/#primaryimage\"},\"thumbnailUrl\":\"https:\\\/\\\/ammann-stepstore.com\\\/wp-content\\\/uploads\\\/2024\\\/02\\\/Ammann-Treppen_Stufenauflager_4-1.jpg\",\"datePublished\":\"2024-02-23T09:35:35+00:00\",\"dateModified\":\"2026-03-31T09:28:52+00:00\",\"description\":\"Treppenstufenbefestigung aus Edelstahl f\u00fcr Holzwangentreppen. Jetzt Stufentr\u00e4ger kaufen im Online-Shop von Ammann Treppen.\",\"breadcrumb\":{\"@id\":\"https:\\\/\\\/ammann-stepstore.com\\\/de\\\/produkt\\\/stufenauflager-stufentraeger-stufenhalterung-treppenstufenbefestigung-stufenverbinder-aus-edelstahl-fuer-holzwangentreppen\\\/#breadcrumb\"},\"inLanguage\":\"pt-PT\",\"potentialAction\":[{\"@type\":\"ReadAction\",\"target\":[\"https:\\\/\\\/ammann-stepstore.com\\\/de\\\/produkt\\\/stufenauflager-stufentraeger-stufenhalterung-treppenstufenbefestigung-stufenverbinder-aus-edelstahl-fuer-holzwangentreppen\\\/\"]}]},{\"@type\":\"ImageObject\",\"inLanguage\":\"pt-PT\",\"@id\":\"https:\\\/\\\/ammann-stepstore.com\\\/de\\\/produkt\\\/stufenauflager-stufentraeger-stufenhalterung-treppenstufenbefestigung-stufenverbinder-aus-edelstahl-fuer-holzwangentreppen\\\/#primaryimage\",\"url\":\"https:\\\/\\\/ammann-stepstore.com\\\/wp-content\\\/uploads\\\/2024\\\/02\\\/Ammann-Treppen_Stufenauflager_4-1.jpg\",\"contentUrl\":\"https:\\\/\\\/ammann-stepstore.com\\\/wp-content\\\/uploads\\\/2024\\\/02\\\/Ammann-Treppen_Stufenauflager_4-1.jpg\",\"width\":790,\"height\":1000,\"caption\":\"Stufenhalterung f\u00fcr Holztreppen aus Edelstahl\"},{\"@type\":\"BreadcrumbList\",\"@id\":\"https:\\\/\\\/ammann-stepstore.com\\\/de\\\/produkt\\\/stufenauflager-stufentraeger-stufenhalterung-treppenstufenbefestigung-stufenverbinder-aus-edelstahl-fuer-holzwangentreppen\\\/#breadcrumb\",\"itemListElement\":[{\"@type\":\"ListItem\",\"position\":1,\"name\":\"Startseite\",\"item\":\"https:\\\/\\\/ammann-stepstore.com\\\/\"},{\"@type\":\"ListItem\",\"position\":2,\"name\":\"Shop\",\"item\":\"https:\\\/\\\/ammann-stepstore.com\\\/shop\\\/\"},{\"@type\":\"ListItem\",\"position\":3,\"name\":\"Stufenauflager aus Edelstahl f\u00fcr Holztreppen &#038; vielseitige Holzverbindungen\"}]},{\"@type\":\"WebSite\",\"@id\":\"https:\\\/\\\/ammann-stepstore.com\\\/#website\",\"url\":\"https:\\\/\\\/ammann-stepstore.com\\\/\",\"name\":\"Ammann Stepstore\",\"description\":\"Treppenbau-Zubeh\u00f6r bequem online kaufen\",\"publisher\":{\"@id\":\"https:\\\/\\\/ammann-stepstore.com\\\/#organization\"},\"potentialAction\":[{\"@type\":\"SearchAction\",\"target\":{\"@type\":\"EntryPoint\",\"urlTemplate\":\"https:\\\/\\\/ammann-stepstore.com\\\/?s={search_term_string}\"},\"query-input\":{\"@type\":\"PropertyValueSpecification\",\"valueRequired\":true,\"valueName\":\"search_term_string\"}}],\"inLanguage\":\"pt-PT\"},{\"@type\":\"Organization\",\"@id\":\"https:\\\/\\\/ammann-stepstore.com\\\/#organization\",\"name\":\"easy-step GmbH\",\"url\":\"https:\\\/\\\/ammann-stepstore.com\\\/\",\"logo\":{\"@type\":\"ImageObject\",\"inLanguage\":\"pt-PT\",\"@id\":\"https:\\\/\\\/ammann-stepstore.com\\\/#\\\/schema\\\/logo\\\/image\\\/\",\"url\":\"https:\\\/\\\/ammann-stepstore.com\\\/wp-content\\\/uploads\\\/2018\\\/09\\\/Systembautreppe-merged.png\",\"contentUrl\":\"https:\\\/\\\/ammann-stepstore.com\\\/wp-content\\\/uploads\\\/2018\\\/09\\\/Systembautreppe-merged.png\",\"width\":273,\"height\":67,\"caption\":\"easy-step GmbH\"},\"image\":{\"@id\":\"https:\\\/\\\/ammann-stepstore.com\\\/#\\\/schema\\\/logo\\\/image\\\/\"},\"sameAs\":[\"https:\\\/\\\/www.instagram.com\\\/easystep_bautreppe\\\/\"]}]}<\/script>\n<!-- \/ Yoast SEO plugin. -->","yoast_head_json":{"title":"Suportes de degraus em a\u00e7o inoxid\u00e1vel para escadas de madeira e liga\u00e7\u00f5es de madeira vers\u00e1teis - Ammann Stepstore","description":"Suporte de a\u00e7o inoxid\u00e1vel para degraus de escadas de madeira. Comprar suportes de degraus na loja online da Ammann Treppen.","robots":{"index":"index","follow":"follow","max-snippet":"max-snippet:-1","max-image-preview":"max-image-preview:large","max-video-preview":"max-video-preview:-1"},"canonical":"https:\/\/ammann-stepstore.com\/pt\/product-2\/suporte-de-degrau-suporte-de-degrau-suporte-de-degrau-fixacao-de-degrau-em-aco-inoxidavel-conetor-de-degrau-para-escadas-de-madeira\/","og_locale":"pt_PT","og_type":"article","og_title":"Stufenauflager aus Edelstahl f\u00fcr Holztreppen & vielseitige Holzverbindungen - Ammann Stepstore","og_description":"Treppenstufenbefestigung aus Edelstahl f\u00fcr Holzwangentreppen. Jetzt Stufentr\u00e4ger kaufen im Online-Shop von Ammann Treppen.","og_url":"https:\/\/ammann-stepstore.com\/pt\/product-2\/suporte-de-degrau-suporte-de-degrau-suporte-de-degrau-fixacao-de-degrau-em-aco-inoxidavel-conetor-de-degrau-para-escadas-de-madeira\/","og_site_name":"Ammann Stepstore","article_modified_time":"2026-03-31T09:28:52+00:00","og_image":[{"width":790,"height":1000,"url":"https:\/\/ammann-stepstore.com\/wp-content\/uploads\/2024\/02\/Ammann-Treppen_Stufenauflager_4-1.jpg","type":"image\/jpeg"}],"twitter_card":"summary_large_image","twitter_misc":{"Tempo estimado de leitura":"2 minutos"},"schema":{"@context":"https:\/\/schema.org","@graph":[{"@type":"WebPage","@id":"https:\/\/ammann-stepstore.com\/de\/produkt\/stufenauflager-stufentraeger-stufenhalterung-treppenstufenbefestigung-stufenverbinder-aus-edelstahl-fuer-holzwangentreppen\/","url":"https:\/\/ammann-stepstore.com\/de\/produkt\/stufenauflager-stufentraeger-stufenhalterung-treppenstufenbefestigung-stufenverbinder-aus-edelstahl-fuer-holzwangentreppen\/","name":"Suportes de degraus em a\u00e7o inoxid\u00e1vel para escadas de madeira e liga\u00e7\u00f5es de madeira vers\u00e1teis - Ammann Stepstore","isPartOf":{"@id":"https:\/\/ammann-stepstore.com\/#website"},"primaryImageOfPage":{"@id":"https:\/\/ammann-stepstore.com\/de\/produkt\/stufenauflager-stufentraeger-stufenhalterung-treppenstufenbefestigung-stufenverbinder-aus-edelstahl-fuer-holzwangentreppen\/#primaryimage"},"image":{"@id":"https:\/\/ammann-stepstore.com\/de\/produkt\/stufenauflager-stufentraeger-stufenhalterung-treppenstufenbefestigung-stufenverbinder-aus-edelstahl-fuer-holzwangentreppen\/#primaryimage"},"thumbnailUrl":"https:\/\/ammann-stepstore.com\/wp-content\/uploads\/2024\/02\/Ammann-Treppen_Stufenauflager_4-1.jpg","datePublished":"2024-02-23T09:35:35+00:00","dateModified":"2026-03-31T09:28:52+00:00","description":"Suporte de a\u00e7o inoxid\u00e1vel para degraus de escadas de madeira. Comprar suportes de degraus na loja online da Ammann Treppen.","breadcrumb":{"@id":"https:\/\/ammann-stepstore.com\/de\/produkt\/stufenauflager-stufentraeger-stufenhalterung-treppenstufenbefestigung-stufenverbinder-aus-edelstahl-fuer-holzwangentreppen\/#breadcrumb"},"inLanguage":"pt-PT","potentialAction":[{"@type":"ReadAction","target":["https:\/\/ammann-stepstore.com\/de\/produkt\/stufenauflager-stufentraeger-stufenhalterung-treppenstufenbefestigung-stufenverbinder-aus-edelstahl-fuer-holzwangentreppen\/"]}]},{"@type":"ImageObject","inLanguage":"pt-PT","@id":"https:\/\/ammann-stepstore.com\/de\/produkt\/stufenauflager-stufentraeger-stufenhalterung-treppenstufenbefestigung-stufenverbinder-aus-edelstahl-fuer-holzwangentreppen\/#primaryimage","url":"https:\/\/ammann-stepstore.com\/wp-content\/uploads\/2024\/02\/Ammann-Treppen_Stufenauflager_4-1.jpg","contentUrl":"https:\/\/ammann-stepstore.com\/wp-content\/uploads\/2024\/02\/Ammann-Treppen_Stufenauflager_4-1.jpg","width":790,"height":1000,"caption":"Stufenhalterung f\u00fcr Holztreppen aus Edelstahl"},{"@type":"BreadcrumbList","@id":"https:\/\/ammann-stepstore.com\/de\/produkt\/stufenauflager-stufentraeger-stufenhalterung-treppenstufenbefestigung-stufenverbinder-aus-edelstahl-fuer-holzwangentreppen\/#breadcrumb","itemListElement":[{"@type":"ListItem","position":1,"name":"Startseite","item":"https:\/\/ammann-stepstore.com\/"},{"@type":"ListItem","position":2,"name":"Shop","item":"https:\/\/ammann-stepstore.com\/shop\/"},{"@type":"ListItem","position":3,"name":"Stufenauflager aus Edelstahl f\u00fcr Holztreppen &#038; vielseitige Holzverbindungen"}]},{"@type":"WebSite","@id":"https:\/\/ammann-stepstore.com\/#website","url":"https:\/\/ammann-stepstore.com\/","name":"Ammann Stepstore","description":"Comprar acess\u00f3rios para escadas comodamente em linha","publisher":{"@id":"https:\/\/ammann-stepstore.com\/#organization"},"potentialAction":[{"@type":"SearchAction","target":{"@type":"EntryPoint","urlTemplate":"https:\/\/ammann-stepstore.com\/?s={search_term_string}"},"query-input":{"@type":"PropertyValueSpecification","valueRequired":true,"valueName":"search_term_string"}}],"inLanguage":"pt-PT"},{"@type":"Organization","@id":"https:\/\/ammann-stepstore.com\/#organization","name":"easy-step GmbH","url":"https:\/\/ammann-stepstore.com\/","logo":{"@type":"ImageObject","inLanguage":"pt-PT","@id":"https:\/\/ammann-stepstore.com\/#\/schema\/logo\/image\/","url":"https:\/\/ammann-stepstore.com\/wp-content\/uploads\/2018\/09\/Systembautreppe-merged.png","contentUrl":"https:\/\/ammann-stepstore.com\/wp-content\/uploads\/2018\/09\/Systembautreppe-merged.png","width":273,"height":67,"caption":"easy-step GmbH"},"image":{"@id":"https:\/\/ammann-stepstore.com\/#\/schema\/logo\/image\/"},"sameAs":["https:\/\/www.instagram.com\/easystep_bautreppe\/"]}]}},"_links":{"self":[{"href":"https:\/\/ammann-stepstore.com\/pt\/wp-json\/wp\/v2\/product\/7939","targetHints":{"allow":["GET"]}}],"collection":[{"href":"https:\/\/ammann-stepstore.com\/pt\/wp-json\/wp\/v2\/product"}],"about":[{"href":"https:\/\/ammann-stepstore.com\/pt\/wp-json\/wp\/v2\/types\/product"}],"replies":[{"embeddable":true,"href":"https:\/\/ammann-stepstore.com\/pt\/wp-json\/wp\/v2\/comments?post=7939"}],"wp:featuredmedia":[{"embeddable":true,"href":"https:\/\/ammann-stepstore.com\/pt\/wp-json\/wp\/v2\/media\/8099"}],"wp:attachment":[{"href":"https:\/\/ammann-stepstore.com\/pt\/wp-json\/wp\/v2\/media?parent=7939"}],"wp:term":[{"taxonomy":"product_brand","embeddable":true,"href":"https:\/\/ammann-stepstore.com\/pt\/wp-json\/wp\/v2\/product_brand?post=7939"},{"taxonomy":"product_cat","embeddable":true,"href":"https:\/\/ammann-stepstore.com\/pt\/wp-json\/wp\/v2\/product_cat?post=7939"},{"taxonomy":"product_tag","embeddable":true,"href":"https:\/\/ammann-stepstore.com\/pt\/wp-json\/wp\/v2\/product_tag?post=7939"}],"curies":[{"name":"wp","href":"https:\/\/api.w.org\/{rel}","templated":true}]}}