{"id":8533,"date":"2026-03-13T14:30:57","date_gmt":"2026-03-13T13:30:57","guid":{"rendered":"https:\/\/ammann-stepstore.com\/?page_id=8533"},"modified":"2026-04-21T11:52:07","modified_gmt":"2026-04-21T09:52:07","slug":"fixacao-de-degraus-de-escadas-escadas-de-longarinas","status":"publish","type":"page","link":"https:\/\/ammann-stepstore.com\/pt\/treppenstufen-befestigen-wangentreppen\/","title":{"rendered":"Fixa\u00e7\u00e3o de degraus para escadas de longarinas"},"content":{"rendered":"<section class=\"l-section wpb_row height_medium\"><div class=\"l-section-h i-cf\"><div class=\"g-cols vc_row via_flex valign_top type_default stacking_default\"><div class=\"vc_col-sm-12 wpb_column vc_column_container\"><div class=\"vc_column-inner\"><div class=\"wpb_wrapper\">\n\t<div class=\"wpb_raw_code wpb_raw_html wpb_content_element us_custom_909b2fd0\" >\n\t\t<div class=\"wpb_wrapper\">\n\t\t\t<style>\n  :root{\n    --red:#9f1f18;\n    --red-dark:#7d1914;\n    --text:#1f2937;\n    --muted:#5b6472;\n    --bg:#ffffff;\n    --soft:#f5f5f3;\n    --line:#e6e7eb;\n    --radius:20px;\n    --shadow:0 12px 32px rgba(0,0,0,.10);\n    --wrap:1180px;\n  }\n\n  *{box-sizing:border-box}\n\n  .ammann-guide{\n    width:min(var(--wrap),calc(100% - 32px));\n    margin:0 auto;\n    color:var(--text);\n    font-family:Arial,Helvetica,sans-serif;\n    line-height:1.6;\n  }\n\n  .ammann-guide img{\n    max-width:100%;\n    display:block;\n  }\n\n  .ammann-guide a{\n    text-decoration:none;\n  }\n\n  .ammann-section{\n    padding:80px 0;\n  }\n\n  .ammann-soft{\n    background:var(--soft);\n    border-radius:28px;\n    padding:80px 32px;\n    margin:0 0 40px;\n  }\n\n  .ammann-eyebrow{\n    display:inline-block;\n    color:var(--red);\n    font-weight:700;\n    letter-spacing:.03em;\n    text-transform:uppercase;\n    font-size:.86rem;\n    margin-bottom:14px;\n  }\n\n  .ammann-guide h1,\n  .ammann-guide h2,\n  .ammann-guide h3{\n    line-height:1.16;\n    margin:0 0 18px;\n    color:var(--text);\n  }\n\n  .ammann-guide h1{\n    font-size:clamp(2.2rem,5vw,4.1rem);\n  }\n\n  .ammann-guide h2{\n    font-size:clamp(1.9rem,3vw,2.8rem);\n  }\n\n  .ammann-guide h3{\n    font-size:1.28rem;\n  }\n\n  .ammann-guide p{\n    margin:0 0 16px;\n    color:var(--muted);\n    font-size:1.05rem;\n  }\n\n  .ammann-guide ul{\n    padding-left:20px;\n    margin:0;\n  }\n\n  .ammann-guide li{\n    margin:0 0 10px;\n    color:var(--muted);\n  }\n\n  .ammann-hero{\n    display:grid;\n    grid-template-columns:1.04fr .96fr;\n    gap:46px;\n    align-items:center;\n    padding:80px 0;\n  }\n\n  .ammann-grid-2{\n    display:grid;\n    grid-template-columns:1.04fr .96fr;\n    gap:46px;\n    align-items:center;\n  }\n\n  .ammann-grid-3{\n    display:grid;\n    grid-template-columns:repeat(3,1fr);\n    gap:22px;\n  }\n\n  .ammann-card{\n    background:#fff;\n    border:1px solid var(--line);\n    border-radius:var(--radius);\n    padding:28px;\n    box-shadow:0 8px 22px rgba(0,0,0,.05);\n    height:100%;\n  }\n\n  .ammann-card-icon{\n    width:44px;\n    height:44px;\n    border-radius:14px;\n    background:rgba(159,31,24,.09);\n    color:var(--red);\n    display:inline-flex;\n    align-items:center;\n    justify-content:center;\n    font-size:1.2rem;\n    font-weight:700;\n    margin-bottom:14px;\n  }\n\n  .ammann-image-card,\n  .ammann-side-image{\n    background:#fff;\n    border-radius:var(--radius);\n    overflow:hidden;\n    box-shadow:var(--shadow);\n  }\n\n  .ammann-image-card img,\n  .ammann-side-image img{\n    width:100%;\n    height:100%;\n    object-fit:cover;\n    object-position:center;\n  }\n\n  .ammann-image-card.square{\n    aspect-ratio:1\/1;\n  }\n\n  .ammann-side-image.landscape{\n    aspect-ratio:4\/3;\n  }\n\n  .ammann-image-caption{\n    font-size:14px;\n    color:#666;\n    padding:12px 16px 16px;\n    background:#fff;\n  }\n\n  .ammann-intro-box{\n    background:var(--soft);\n    border-radius:18px;\n    padding:24px 26px;\n    margin-top:22px;\n  }\n\n  .ammann-cta{\n    display:inline-flex;\n    align-items:center;\n    justify-content:center;\n    padding:15px 24px;\n    border-radius:999px;\n    background:var(--red);\n    color:#fff !important;\n    font-weight:700;\n    box-shadow:var(--shadow);\n    transition:.2s ease;\n    margin-top:10px;\n  }\n\n  .ammann-cta:hover{\n    background:var(--red-dark);\n    transform:translateY(-1px);\n  }\n\n  .ammann-highlight{\n    background:#f7f7f7;\n    border-left:4px solid var(--red);\n    padding:18px 20px;\n    border-radius:12px;\n    margin:28px 0;\n  }\n\n  .ammann-steps{\n    display:grid;\n    grid-template-columns:repeat(3,1fr);\n    gap:22px;\n    margin-top:18px;\n  }\n\n  .ammann-step{\n    background:#fff;\n    border:1px solid var(--line);\n    border-radius:var(--radius);\n    padding:28px;\n    box-shadow:0 8px 22px rgba(0,0,0,.05);\n  }\n\n  .ammann-step-number{\n    width:52px;\n    height:52px;\n    border-radius:50%;\n    background:var(--red);\n    color:#fff;\n    display:flex;\n    align-items:center;\n    justify-content:center;\n    font-weight:700;\n    margin-bottom:16px;\n    font-size:1.1rem;\n  }\n\n  .ammann-final-box{\n    background:linear-gradient(135deg,var(--red) 0%,#7b1813 100%);\n    color:#fff;\n    border-radius:28px;\n    padding:44px;\n    box-shadow:var(--shadow);\n    margin-top:42px;\n  }\n\n  .ammann-final-box h3{\n    color:#fff;\n  }\n\n  .ammann-final-box p{\n    color:rgba(255,255,255,.92);\n  }\n\n  .ammann-final-box .ammann-cta{\n    background:#fff;\n    color:var(--red) !important;\n    box-shadow:none;\n  }\n\n  .ammann-center{\n    text-align:center;\n    max-width:760px;\n    margin:0 auto 34px;\n  }\n\n  .ammann-mb-0{\n    margin-bottom:0;\n  }\n\n  @media (max-width:980px){\n    .ammann-hero,\n    .ammann-grid-2,\n    .ammann-grid-3,\n    .ammann-steps{\n      grid-template-columns:1fr;\n    }\n\n    .ammann-section{\n      padding:64px 0;\n    }\n\n    .ammann-soft{\n      padding:64px 24px;\n    }\n  }\n<\/style>\n\n<div class=\"ammann-guide\">\n\n  <section class=\"ammann-hero\">\n    <div>\n      <span class=\"ammann-eyebrow\">Guia e solu\u00e7\u00e3o<\/span>\n      <h1>Fixa\u00e7\u00e3o de degraus para escadas de longarinas - a solu\u00e7\u00e3o limpa com suportes de degraus<\/h1>\n\n      <p>Quem <strong>Degraus de fixa\u00e7\u00e3o para uma escada de longarinas<\/strong> precisa de uma solu\u00e7\u00e3o que seja est\u00e1vel, limpa e duradoura. \u00c9 exatamente isso que a nossa <strong>Suporte de degrau em a\u00e7o inoxid\u00e1vel<\/strong>.<\/p>\n\n      <p>Permitem uma fixa\u00e7\u00e3o fi\u00e1vel dos degraus de madeira \u00e0 longarina da escada sem necessidade de fresagem complexa dos degraus.<\/p>\n\n      <div class=\"ammann-intro-box\">\n        <p><strong>A nossa recomenda\u00e7\u00e3o para as escadas de longarinas:<\/strong><br>\n        Suportes de degraus ou suportes de degraus em a\u00e7o inoxid\u00e1vel para uma fixa\u00e7\u00e3o de escadas est\u00e1vel e visualmente limpa.<\/p>\n\n        <a class=\"ammann-cta\" href=\"\/pt\/produtos\/apoio-por-etapas\/\">Descubra os suportes de passos<\/a>\n      <\/div>\n    <\/div>\n\n    <div class=\"ammann-image-card square\">\n      <img decoding=\"async\" src=\"https:\/\/ammann-stepstore.com\/wp-content\/uploads\/2026\/03\/Stufenauflager4-scaled-kopie.jpg\" alt=\"Suporte de degrau montado por baixo de um degrau de madeira numa escada de longarinas\">\n      <div class=\"ammann-image-caption\">\n        Suporte de degrau montado por baixo de um degrau de madeira - fixa\u00e7\u00e3o est\u00e1vel e limpa para escadas de longarinas.\n      <\/div>\n    <\/div>\n  <\/section>\n\n  <section class=\"ammann-section\">\n    <span class=\"ammann-eyebrow\">Porqu\u00ea esta solu\u00e7\u00e3o?<\/span>\n    <h2>Porque \u00e9 que os suportes de degraus funcionam t\u00e3o bem em escadas de longarinas<\/h2>\n\n    <p>Com um cl\u00e1ssico <strong>Escada de longarinas<\/strong> os degraus situam-se entre duas longarinas laterais. \u00c9 aqui que a fixa\u00e7\u00e3o est\u00e1vel e precisa \u00e9 essencial.<\/p>\n\n    <div class=\"ammann-highlight\">\n      <p class=\"ammann-mb-0\"><strong>Vantagens:<\/strong> Liga\u00e7\u00e3o est\u00e1vel, degraus intercambi\u00e1veis, liga\u00e7\u00e3o degrau\/lateral com isolamento ac\u00fastico e aspeto de alta qualidade.<\/p>\n    <\/div>\n  <\/section>\n\n  <section class=\"ammann-soft\">\n    <div class=\"ammann-grid-2\">\n      <div>\n        <span class=\"ammann-eyebrow\">Dom\u00ednios de aplica\u00e7\u00e3o<\/span>\n        <h2>Ideal para escadas de madeira modernas<\/h2>\n\n        <p>A apar\u00eancia desempenha um papel particularmente importante nas escadas residenciais de alta qualidade e nas escadas modernas de longarinas.<\/p>\n\n        <p>Os nossos suportes de degraus s\u00e3o particularmente adequados para:<\/p>\n\n        <ul>\n          <li>Escadas de madeira com longarinas<\/li>\n          <li>Escadas em madeira maci\u00e7a<\/li>\n          <li>Constru\u00e7\u00e3o de escadas em edif\u00edcios novos<\/li>\n          <li>Renova\u00e7\u00e3o de escadas<\/li>\n          <li>Marceneiros, construtores de escadas e carpinteiros<\/li>\n        <\/ul>\n      <\/div>\n\n      <div class=\"ammann-side-image landscape\">\n        <img decoding=\"async\" src=\"https:\/\/ammann-stepstore.com\/wp-content\/uploads\/2026\/03\/Ammann-Treppen_Stufenauflager_4-1.jpg\" alt=\"Suporte de degraus em a\u00e7o inoxid\u00e1vel para fixa\u00e7\u00e3o de degraus de escadas\">\n        <div class=\"ammann-image-caption\">\n          Suporte de degrau em a\u00e7o inoxid\u00e1vel - desenvolvido para um degrau de escada est\u00e1vel.\n        <\/div>\n      <\/div>\n    <\/div>\n  <\/section>\n\n  <section class=\"ammann-section\">\n    <div class=\"ammann-center\">\n      <span class=\"ammann-eyebrow\">Montagem<\/span>\n      <h2>Fixa\u00e7\u00e3o de degraus para escadas de longarinas - como funciona a instala\u00e7\u00e3o<\/h2>\n      <p class=\"ammann-mb-0\">A instala\u00e7\u00e3o dos suportes dos degraus est\u00e1 claramente estruturada e pode ser perfeitamente integrada na constru\u00e7\u00e3o da escada.<\/p>\n    <\/div>\n\n    <div class=\"ammann-steps\">\n      <div class=\"ammann-step\">\n        <div class=\"ammann-step-number\">1<\/div>\n        <h3>Determinar a posi\u00e7\u00e3o dos degraus<\/h3>\n        <p>As posi\u00e7\u00f5es exactas dos degraus s\u00e3o marcadas nas longarinas. Isto cria uma base limpa para a fixa\u00e7\u00e3o subsequente.<\/p>\n      <\/div>\n\n      <div class=\"ammann-step\">\n        <div class=\"ammann-step-number\">2<\/div>\n        <h3>Fixa\u00e7\u00e3o do suporte do degrau<\/h3>\n        <p>Os suportes dos degraus s\u00e3o fixados \u00e0 longarina da escada com parafusos adequados e formam uma base est\u00e1vel para cada degrau individual.<\/p>\n      <\/div>\n\n      <div class=\"ammann-step\">\n        <div class=\"ammann-step-number\">3<\/div>\n        <h3>Colocar o degrau da escada<\/h3>\n        <p>O degrau de madeira \u00e9 colocado no suporte do degrau e fixado no lugar. O resultado \u00e9 uma solu\u00e7\u00e3o limpa, resistente e visualmente de alta qualidade.<\/p>\n      <\/div>\n    <\/div>\n  <\/section>\n\n  <section class=\"ammann-soft\">\n    <div class=\"ammann-grid-2\">\n      <div class=\"ammann-side-image landscape\">\n        <img decoding=\"async\" src=\"https:\/\/ammann-stepstore.com\/wp-content\/uploads\/2026\/03\/MontageStufenauflager1.jpg\" alt=\"Instala\u00e7\u00e3o de suportes de degraus para uma escada de madeira\">\n        <div class=\"ammann-image-caption\">\n          Montagem dos suportes dos degraus numa escada de madeira.\n        <\/div>\n      <\/div>\n\n      <div>\n        <span class=\"ammann-eyebrow\">Tamb\u00e9m interessante<\/span>\n        <h2>Igualmente interessante: Construir voc\u00ea mesmo escadas de madeira<\/h2>\n\n        <p>Muitos entusiastas da bricolage est\u00e3o \u00e0 procura de solu\u00e7\u00f5es como <strong>Construir a sua pr\u00f3pria escada de madeira<\/strong> ou <strong>Passos de fixa\u00e7\u00e3o<\/strong>. \u00c9 precisamente aqui que os suportes de degraus oferecem uma solu\u00e7\u00e3o est\u00e1vel, limpa e convincente a longo prazo.<\/p>\n\n        <div class=\"ammann-grid-3\" style=\"margin-top:24px;\">\n          <div class=\"ammann-card\">\n            <div class=\"ammann-card-icon\">1<\/div>\n            <h3>Aspeto limpo<\/h3>\n            <p>Os suportes assentam sob o degrau e garantem linhas claras e modernas.<\/p>\n          <\/div>\n\n          <div class=\"ammann-card\">\n            <div class=\"ammann-card-icon\">2<\/div>\n            <h3>Substitui\u00e7\u00e3o simples<\/h3>\n            <p>\u00c9 muito mais f\u00e1cil substituir os degraus individuais numa data posterior do que em muitas constru\u00e7\u00f5es cl\u00e1ssicas.<\/p>\n          <\/div>\n\n          <div class=\"ammann-card\">\n            <div class=\"ammann-card-icon\">3<\/div>\n            <h3>Ideal para novas constru\u00e7\u00f5es e renova\u00e7\u00f5es<\/h3>\n            <p>A solu\u00e7\u00e3o \u00e9 adequada tanto para escadas novas como para a moderniza\u00e7\u00e3o de escadas existentes.<\/p>\n          <\/div>\n        <\/div>\n      <\/div>\n    <\/div>\n  <\/section>\n\n  <section class=\"ammann-section\">\n    <div class=\"ammann-final-box\">\n      <span class=\"ammann-eyebrow\" style=\"color:#fff;\">Pr\u00f3ximo passo<\/span>\n      <h3>Ver diretamente o produto adequado<\/h3>\n\n      <p>Os nossos suportes de degraus foram especialmente desenvolvidos para escadas de madeira e de longarinas.<\/p>\n\n      <a class=\"ammann-cta\" href=\"\/pt\/produtos\/apoio-por-etapas\/\">Para os suportes dos degraus<\/a>\n    <\/div>\n  <\/section>\n\n<\/div>\n\t\t<\/div>\n\t<\/div>\n<\/div><\/div><\/div><\/div><\/div><\/section>","protected":false},"excerpt":{"rendered":"Ratgeber &amp; L\u00f6sung Treppenstufen befestigen bei Wangentreppen \u2013 die saubere L\u00f6sung mit Stufenauflagern Wer Treppenstufen bei einer Wangentreppe befestigen m\u00f6chte, braucht eine L\u00f6sung, die stabil, sauber und dauerhaft funktioniert. Genau daf\u00fcr eignen sich unsere Stufenauflager aus Edelstahl. Sie erm\u00f6glichen eine zuverl\u00e4ssige Befestigung von Holzstufen an der Treppenwange, ohne aufwendige Stufen-Einfr\u00e4sungen. Unsere Empfehlung f\u00fcr Wangentreppen: Stufenhalterungen...","protected":false},"author":7,"featured_media":0,"parent":0,"menu_order":0,"comment_status":"closed","ping_status":"closed","template":"","meta":{"footnotes":""},"class_list":["post-8533","page","type-page","status-publish","hentry"],"yoast_head":"<!-- This site is optimized with the Yoast SEO plugin v27.4 - https:\/\/yoast.com\/product\/yoast-seo-wordpress\/ -->\n<title>Treppenstufen befestigen bei Wangentreppen - Ammann Stepstore<\/title>\n<meta name=\"description\" content=\"Treppenstufen befestigen ohne Fr\u00e4sen: Mit Stufenauflagern montierst du Stufen schnell, stabil und austauschbar \u2013 ideal f\u00fcr Neubau und Renovierung.\" \/>\n<meta name=\"robots\" content=\"index, follow, max-snippet:-1, max-image-preview:large, max-video-preview:-1\" \/>\n<link rel=\"canonical\" href=\"https:\/\/ammann-stepstore.com\/pt\/fixacao-de-degraus-de-escadas-escadas-de-longarinas\/\" \/>\n<meta property=\"og:locale\" content=\"pt_PT\" \/>\n<meta property=\"og:type\" content=\"article\" \/>\n<meta property=\"og:title\" content=\"Treppenstufen befestigen bei Wangentreppen - Ammann Stepstore\" \/>\n<meta property=\"og:description\" content=\"Treppenstufen befestigen ohne Fr\u00e4sen: Mit Stufenauflagern montierst du Stufen schnell, stabil und austauschbar \u2013 ideal f\u00fcr Neubau und Renovierung.\" \/>\n<meta property=\"og:url\" content=\"https:\/\/ammann-stepstore.com\/pt\/fixacao-de-degraus-de-escadas-escadas-de-longarinas\/\" \/>\n<meta property=\"og:site_name\" content=\"Ammann Stepstore\" \/>\n<meta property=\"article:modified_time\" content=\"2026-04-21T09:52:07+00:00\" \/>\n<meta name=\"twitter:card\" content=\"summary_large_image\" \/>\n<meta name=\"twitter:label1\" content=\"Tempo estimado de leitura\" \/>\n\t<meta name=\"twitter:data1\" content=\"1 minuto\" \/>\n<script type=\"application\/ld+json\" class=\"yoast-schema-graph\">{\"@context\":\"https:\\\/\\\/schema.org\",\"@graph\":[{\"@type\":\"WebPage\",\"@id\":\"https:\\\/\\\/ammann-stepstore.com\\\/treppenstufen-befestigen-wangentreppen\\\/\",\"url\":\"https:\\\/\\\/ammann-stepstore.com\\\/treppenstufen-befestigen-wangentreppen\\\/\",\"name\":\"Treppenstufen befestigen bei Wangentreppen - Ammann Stepstore\",\"isPartOf\":{\"@id\":\"https:\\\/\\\/ammann-stepstore.com\\\/#website\"},\"datePublished\":\"2026-03-13T13:30:57+00:00\",\"dateModified\":\"2026-04-21T09:52:07+00:00\",\"description\":\"Treppenstufen befestigen ohne Fr\u00e4sen: Mit Stufenauflagern montierst du Stufen schnell, stabil und austauschbar \u2013 ideal f\u00fcr Neubau und Renovierung.\",\"breadcrumb\":{\"@id\":\"https:\\\/\\\/ammann-stepstore.com\\\/treppenstufen-befestigen-wangentreppen\\\/#breadcrumb\"},\"inLanguage\":\"pt-PT\",\"potentialAction\":[{\"@type\":\"ReadAction\",\"target\":[\"https:\\\/\\\/ammann-stepstore.com\\\/treppenstufen-befestigen-wangentreppen\\\/\"]}]},{\"@type\":\"BreadcrumbList\",\"@id\":\"https:\\\/\\\/ammann-stepstore.com\\\/treppenstufen-befestigen-wangentreppen\\\/#breadcrumb\",\"itemListElement\":[{\"@type\":\"ListItem\",\"position\":1,\"name\":\"Startseite\",\"item\":\"https:\\\/\\\/ammann-stepstore.com\\\/\"},{\"@type\":\"ListItem\",\"position\":2,\"name\":\"Treppenstufen befestigen bei Wangentreppen\"}]},{\"@type\":\"WebSite\",\"@id\":\"https:\\\/\\\/ammann-stepstore.com\\\/#website\",\"url\":\"https:\\\/\\\/ammann-stepstore.com\\\/\",\"name\":\"Ammann Stepstore\",\"description\":\"Treppenbau-Zubeh\u00f6r bequem online kaufen\",\"publisher\":{\"@id\":\"https:\\\/\\\/ammann-stepstore.com\\\/#organization\"},\"potentialAction\":[{\"@type\":\"SearchAction\",\"target\":{\"@type\":\"EntryPoint\",\"urlTemplate\":\"https:\\\/\\\/ammann-stepstore.com\\\/?s={search_term_string}\"},\"query-input\":{\"@type\":\"PropertyValueSpecification\",\"valueRequired\":true,\"valueName\":\"search_term_string\"}}],\"inLanguage\":\"pt-PT\"},{\"@type\":\"Organization\",\"@id\":\"https:\\\/\\\/ammann-stepstore.com\\\/#organization\",\"name\":\"easy-step GmbH\",\"url\":\"https:\\\/\\\/ammann-stepstore.com\\\/\",\"logo\":{\"@type\":\"ImageObject\",\"inLanguage\":\"pt-PT\",\"@id\":\"https:\\\/\\\/ammann-stepstore.com\\\/#\\\/schema\\\/logo\\\/image\\\/\",\"url\":\"https:\\\/\\\/ammann-stepstore.com\\\/wp-content\\\/uploads\\\/2018\\\/09\\\/Systembautreppe-merged.png\",\"contentUrl\":\"https:\\\/\\\/ammann-stepstore.com\\\/wp-content\\\/uploads\\\/2018\\\/09\\\/Systembautreppe-merged.png\",\"width\":273,\"height\":67,\"caption\":\"easy-step GmbH\"},\"image\":{\"@id\":\"https:\\\/\\\/ammann-stepstore.com\\\/#\\\/schema\\\/logo\\\/image\\\/\"},\"sameAs\":[\"https:\\\/\\\/www.instagram.com\\\/easystep_bautreppe\\\/\"]}]}<\/script>\n<!-- \/ Yoast SEO plugin. -->","yoast_head_json":{"title":"Degraus de fixa\u00e7\u00e3o para escadas de longarinas - Ammann Stepstore","description":"Fixa\u00e7\u00e3o de degraus sem fresagem: Com os suportes de degraus, pode instalar degraus de forma r\u00e1pida, est\u00e1vel e intercambi\u00e1vel - ideal para novas constru\u00e7\u00f5es e renova\u00e7\u00f5es.","robots":{"index":"index","follow":"follow","max-snippet":"max-snippet:-1","max-image-preview":"max-image-preview:large","max-video-preview":"max-video-preview:-1"},"canonical":"https:\/\/ammann-stepstore.com\/pt\/fixacao-de-degraus-de-escadas-escadas-de-longarinas\/","og_locale":"pt_PT","og_type":"article","og_title":"Treppenstufen befestigen bei Wangentreppen - Ammann Stepstore","og_description":"Treppenstufen befestigen ohne Fr\u00e4sen: Mit Stufenauflagern montierst du Stufen schnell, stabil und austauschbar \u2013 ideal f\u00fcr Neubau und Renovierung.","og_url":"https:\/\/ammann-stepstore.com\/pt\/fixacao-de-degraus-de-escadas-escadas-de-longarinas\/","og_site_name":"Ammann Stepstore","article_modified_time":"2026-04-21T09:52:07+00:00","twitter_card":"summary_large_image","twitter_misc":{"Tempo estimado de leitura":"1 minuto"},"schema":{"@context":"https:\/\/schema.org","@graph":[{"@type":"WebPage","@id":"https:\/\/ammann-stepstore.com\/treppenstufen-befestigen-wangentreppen\/","url":"https:\/\/ammann-stepstore.com\/treppenstufen-befestigen-wangentreppen\/","name":"Degraus de fixa\u00e7\u00e3o para escadas de longarinas - Ammann Stepstore","isPartOf":{"@id":"https:\/\/ammann-stepstore.com\/#website"},"datePublished":"2026-03-13T13:30:57+00:00","dateModified":"2026-04-21T09:52:07+00:00","description":"Fixa\u00e7\u00e3o de degraus sem fresagem: Com os suportes de degraus, pode instalar degraus de forma r\u00e1pida, est\u00e1vel e intercambi\u00e1vel - ideal para novas constru\u00e7\u00f5es e renova\u00e7\u00f5es.","breadcrumb":{"@id":"https:\/\/ammann-stepstore.com\/treppenstufen-befestigen-wangentreppen\/#breadcrumb"},"inLanguage":"pt-PT","potentialAction":[{"@type":"ReadAction","target":["https:\/\/ammann-stepstore.com\/treppenstufen-befestigen-wangentreppen\/"]}]},{"@type":"BreadcrumbList","@id":"https:\/\/ammann-stepstore.com\/treppenstufen-befestigen-wangentreppen\/#breadcrumb","itemListElement":[{"@type":"ListItem","position":1,"name":"Startseite","item":"https:\/\/ammann-stepstore.com\/"},{"@type":"ListItem","position":2,"name":"Treppenstufen befestigen bei Wangentreppen"}]},{"@type":"WebSite","@id":"https:\/\/ammann-stepstore.com\/#website","url":"https:\/\/ammann-stepstore.com\/","name":"Ammann Stepstore","description":"Comprar acess\u00f3rios para escadas comodamente em linha","publisher":{"@id":"https:\/\/ammann-stepstore.com\/#organization"},"potentialAction":[{"@type":"SearchAction","target":{"@type":"EntryPoint","urlTemplate":"https:\/\/ammann-stepstore.com\/?s={search_term_string}"},"query-input":{"@type":"PropertyValueSpecification","valueRequired":true,"valueName":"search_term_string"}}],"inLanguage":"pt-PT"},{"@type":"Organization","@id":"https:\/\/ammann-stepstore.com\/#organization","name":"easy-step GmbH","url":"https:\/\/ammann-stepstore.com\/","logo":{"@type":"ImageObject","inLanguage":"pt-PT","@id":"https:\/\/ammann-stepstore.com\/#\/schema\/logo\/image\/","url":"https:\/\/ammann-stepstore.com\/wp-content\/uploads\/2018\/09\/Systembautreppe-merged.png","contentUrl":"https:\/\/ammann-stepstore.com\/wp-content\/uploads\/2018\/09\/Systembautreppe-merged.png","width":273,"height":67,"caption":"easy-step GmbH"},"image":{"@id":"https:\/\/ammann-stepstore.com\/#\/schema\/logo\/image\/"},"sameAs":["https:\/\/www.instagram.com\/easystep_bautreppe\/"]}]}},"_links":{"self":[{"href":"https:\/\/ammann-stepstore.com\/pt\/wp-json\/wp\/v2\/pages\/8533","targetHints":{"allow":["GET"]}}],"collection":[{"href":"https:\/\/ammann-stepstore.com\/pt\/wp-json\/wp\/v2\/pages"}],"about":[{"href":"https:\/\/ammann-stepstore.com\/pt\/wp-json\/wp\/v2\/types\/page"}],"author":[{"embeddable":true,"href":"https:\/\/ammann-stepstore.com\/pt\/wp-json\/wp\/v2\/users\/7"}],"replies":[{"embeddable":true,"href":"https:\/\/ammann-stepstore.com\/pt\/wp-json\/wp\/v2\/comments?post=8533"}],"version-history":[{"count":13,"href":"https:\/\/ammann-stepstore.com\/pt\/wp-json\/wp\/v2\/pages\/8533\/revisions"}],"predecessor-version":[{"id":8667,"href":"https:\/\/ammann-stepstore.com\/pt\/wp-json\/wp\/v2\/pages\/8533\/revisions\/8667"}],"wp:attachment":[{"href":"https:\/\/ammann-stepstore.com\/pt\/wp-json\/wp\/v2\/media?parent=8533"}],"curies":[{"name":"wp","href":"https:\/\/api.w.org\/{rel}","templated":true}]}}