{"id":7101,"date":"2021-02-09T10:25:13","date_gmt":"2021-02-09T09:25:13","guid":{"rendered":"https:\/\/ammann-stepstore-18589519.wptestserver2.de\/warenkorb\/"},"modified":"2024-06-13T14:41:34","modified_gmt":"2024-06-13T12:41:34","slug":"cesto-de-compras","status":"publish","type":"page","link":"https:\/\/ammann-stepstore.com\/pt\/warenkorb\/","title":{"rendered":"Cesto de compras"},"content":{"rendered":"<section class=\"l-section wpb_row us_custom_8535c5f4 height_medium\"><div class=\"l-section-h i-cf\"><div class=\"g-cols vc_row via_flex valign_top type_default stacking_default\"><div class=\"vc_col-sm-12 wpb_column vc_column_container\"><div class=\"vc_column-inner\"><div class=\"wpb_wrapper\"><div class=\"wpb_text_column us_custom_a21c8b6f\"><div class=\"wpb_wrapper\"><h2>Warenkorb<\/h2>\n<\/div><\/div><div class=\"wpb_text_column\"><div class=\"wpb_wrapper\">\n<\/div><\/div><\/div><\/div><\/div><\/div><\/div><\/section><section class=\"l-section wpb_row us_custom_887a049b height_medium\"><div class=\"l-section-h i-cf\"><div class=\"g-cols vc_row via_flex valign_top type_default stacking_default\"><div class=\"vc_col-sm-12 wpb_column vc_column_container\"><div class=\"vc_column-inner\"><div class=\"wpb_wrapper\"><div class=\"wpb_text_column\"><div class=\"wpb_wrapper\"><h2>Sind Sie vielleicht interessiert an\u00a0\u2026<\/h2>\n<\/div><\/div><div class=\"w-separator size_medium\"><\/div><div class=\"w-grid amman-grid-item type_grid layout_shop_standard cols_3 preload_style_spinner\" id=\"us_grid_1\" style=\"--columns:3;--gap:1.5rem;\" data-filterable=\"true\"><style>@media (max-width:1024px){#us_grid_1{--columns:2!important}}@media (max-width:600px){#us_grid_1{--columns:1!important}}.layout_shop_standard .w-grid-item-h{}.layout_shop_standard .usg_product_field_1{color:#fff!important;font-size:12px!important;font-weight:700!important;text-transform:uppercase!important;position:absolute!important;top:10px!important;left:10px!important;padding-left:0.8rem!important;padding-right:0.8rem!important;border-radius:2rem!important;background:var(--color-content-primary)!important}.layout_shop_standard .usg_post_title_1{font-size:1rem!important;margin-top:0.8rem!important;margin-bottom:0.2rem!important}.layout_shop_standard .usg_product_field_2{margin-bottom:0.2rem!important}.layout_shop_standard .usg_product_field_3{font-weight:700!important}.layout_shop_standard .usg_add_to_cart_1{font-size:0.8rem!important;margin-top:0.4rem!important;border-radius:0.2rem!important}<\/style><div class=\"w-grid-list\">\t<article class=\"w-grid-item size_1x1 post-8128 product type-product status-publish has-post-thumbnail product_cat-wandlaufhalter first instock taxable shipping-taxable purchasable product-type-simple\" data-id=\"8128\">\r\n\t\t<div class=\"w-grid-item-h\">\r\n\t\t\t\t\t\t<div class=\"w-post-elm post_image usg_post_image_1 stretched\"><a href=\"https:\/\/ammann-stepstore.com\/pt\/produkt\/handlaufhalter-handlaufstuetze-handlauftraeger-handlaufhalterung-classic-ral-9005\/\" aria-label=\"Handlaufhalter Edelstahl Classic &#8211; Schwarz\"><img loading=\"lazy\" decoding=\"async\" width=\"600\" height=\"600\" src=\"https:\/\/ammann-stepstore.com\/wp-content\/uploads\/2024\/04\/Ammann-Treppen_Wandlaufhalter_RAL9005_1-1-600x600.jpg\" class=\"attachment-woocommerce_thumbnail size-woocommerce_thumbnail wp-post-image\" alt=\"handlaufhalter-edelstahl-handlaufst\u00fctze-handlauftr\u00e4ger-lackiert-RAL-9005\" srcset=\"https:\/\/ammann-stepstore.com\/wp-content\/uploads\/2024\/04\/Ammann-Treppen_Wandlaufhalter_RAL9005_1-1-600x600.jpg 600w, https:\/\/ammann-stepstore.com\/wp-content\/uploads\/2024\/04\/Ammann-Treppen_Wandlaufhalter_RAL9005_1-1-150x150.jpg 150w, https:\/\/ammann-stepstore.com\/wp-content\/uploads\/2024\/04\/Ammann-Treppen_Wandlaufhalter_RAL9005_1-1-350x350.jpg 350w\" sizes=\"auto, (max-width: 600px) 100vw, 600px\" \/><\/a><\/div><h2 class=\"w-post-elm post_title usg_post_title_1 woocommerce-loop-product__title color_link_inherit\"><a href=\"https:\/\/ammann-stepstore.com\/pt\/produkt\/handlaufhalter-handlaufstuetze-handlauftraeger-handlaufhalterung-classic-ral-9005\/\">Handlaufhalter Edelstahl Classic &#8211; Schwarz<\/a><\/h2><p class=\"w-post-elm product_field price usg_product_field_3\"><span class=\"woocommerce-Price-amount amount\"><bdi>10,90<span class=\"woocommerce-Price-currencySymbol\">&euro;<\/span><\/bdi><\/span><\/p><div class=\"w-btn-wrapper woocommerce usg_add_to_cart_1 has_border_radius has_font_size\"><a href=\"\/pt\/wp-json\/wp\/v2\/pages\/7101?add-to-cart=8128\" aria-describedby=\"woocommerce_loop_add_to_cart_link_describedby_8128\" data-quantity=\"1\" class=\"button product_type_simple add_to_cart_button ajax_add_to_cart\" data-product_pid=\"8128\" data-product_name=\"Handlaufhalter Edelstahl Classic - Schwarz\" data-product_price=\"10.9\" data-product_currency=\"EUR\" data-product_category=\"[&quot;Wandlaufhalter&quot;]\" data-product_id=\"8128\" data-product_sku=\"\" aria-label=\"Adiciona ao carrinho: &ldquo;Handlaufhalter Edelstahl Classic - Schwarz&rdquo;\" rel=\"nofollow\" data-success_message=\"&ldquo;Handlaufhalter Edelstahl Classic - Schwarz&rdquo; foi adicionado ao seu carrinho\" role=\"button\"><i class=\"g-preloader type_1\"><\/i><span class=\"w-btn-label\">Adicionar<\/span><\/a>\t<span id=\"woocommerce_loop_add_to_cart_link_describedby_8128\" class=\"screen-reader-text\">\n\t\t\t<\/span>\n<\/div>\t\t<\/div>\r\n\t\t\t<\/article>\r\n\t<article class=\"w-grid-item size_1x1 post-8127 product type-product status-publish has-post-thumbnail product_cat-wandlaufhalter  outofstock taxable shipping-taxable purchasable product-type-simple\" data-id=\"8127\">\r\n\t\t<div class=\"w-grid-item-h\">\r\n\t\t\t\t\t\t<div class=\"w-post-elm post_image usg_post_image_1 stretched\"><a href=\"https:\/\/ammann-stepstore.com\/pt\/produkt\/handlaufhalter-edelstahl-handlaufstuetze-handlauftraeger-handlaufhalterung-ral-9010\/\" aria-label=\"Handlaufhalter Edelstahl Classic &#8211; RAL 9010\"><img loading=\"lazy\" decoding=\"async\" width=\"600\" height=\"600\" src=\"https:\/\/ammann-stepstore.com\/wp-content\/uploads\/2024\/04\/Ammann-Treppen_Wandlaufhalter_RAL9010_1-1-600x600.jpg\" class=\"attachment-woocommerce_thumbnail size-woocommerce_thumbnail wp-post-image\" alt=\"handlaufhalter-edelstahl-handlaufst\u00fctze-handlauftr\u00e4ger-ral-9010\" srcset=\"https:\/\/ammann-stepstore.com\/wp-content\/uploads\/2024\/04\/Ammann-Treppen_Wandlaufhalter_RAL9010_1-1-600x600.jpg 600w, https:\/\/ammann-stepstore.com\/wp-content\/uploads\/2024\/04\/Ammann-Treppen_Wandlaufhalter_RAL9010_1-1-150x150.jpg 150w, https:\/\/ammann-stepstore.com\/wp-content\/uploads\/2024\/04\/Ammann-Treppen_Wandlaufhalter_RAL9010_1-1-350x350.jpg 350w\" sizes=\"auto, (max-width: 600px) 100vw, 600px\" \/><\/a><\/div><h2 class=\"w-post-elm post_title usg_post_title_1 woocommerce-loop-product__title color_link_inherit\"><a href=\"https:\/\/ammann-stepstore.com\/pt\/produkt\/handlaufhalter-edelstahl-handlaufstuetze-handlauftraeger-handlaufhalterung-ral-9010\/\">Handlaufhalter Edelstahl Classic &#8211; RAL 9010<\/a><\/h2><p class=\"w-post-elm product_field price usg_product_field_3\"><span class=\"woocommerce-Price-amount amount\"><bdi>10,90<span class=\"woocommerce-Price-currencySymbol\">&euro;<\/span><\/bdi><\/span><\/p><div class=\"w-btn-wrapper woocommerce usg_add_to_cart_1 has_border_radius has_font_size\"><a href=\"https:\/\/ammann-stepstore.com\/pt\/produkt\/handlaufhalter-edelstahl-handlaufstuetze-handlauftraeger-handlaufhalterung-ral-9010\/\" aria-describedby=\"woocommerce_loop_add_to_cart_link_describedby_8127\" data-quantity=\"1\" class=\"button product_type_simple\" data-product_pid=\"8127\" data-product_name=\"Handlaufhalter Edelstahl Classic - RAL 9010\" data-product_price=\"10.9\" data-product_currency=\"EUR\" data-product_category=\"[&quot;Wandlaufhalter&quot;]\" data-product_id=\"8127\" data-product_sku=\"\" aria-label=\"Leia mais sobre &ldquo;Handlaufhalter Edelstahl Classic - RAL 9010&rdquo;\" rel=\"nofollow\" data-success_message=\"\"><i class=\"g-preloader type_1\"><\/i><span class=\"w-btn-label\">Ler mais<\/span><\/a>\t<span id=\"woocommerce_loop_add_to_cart_link_describedby_8127\" class=\"screen-reader-text\">\n\t\t\t<\/span>\n<\/div>\t\t<\/div>\r\n\t\t\t<\/article>\r\n\t<article class=\"w-grid-item size_1x1 post-7952 product type-product status-publish has-post-thumbnail product_cat-wandlaufhalter last instock taxable shipping-taxable purchasable product-type-simple\" data-id=\"7952\">\r\n\t\t<div class=\"w-grid-item-h\">\r\n\t\t\t\t\t\t<div class=\"w-post-elm post_image usg_post_image_1 stretched\"><a href=\"https:\/\/ammann-stepstore.com\/pt\/produkt\/handlaufhalter-eckig-handlaufstuetze-handlauftraeger-handlaufhalterung-weiss-lackiert\/\" aria-label=\"Handlaufhalter Eckig &#8211; wei\u00df lackiert\"><img loading=\"lazy\" decoding=\"async\" width=\"600\" height=\"600\" src=\"https:\/\/ammann-stepstore.com\/wp-content\/uploads\/2024\/04\/Ammann-Treppen_Wandhandlaufhalter-Eckig-weiss_1-600x600.jpg\" class=\"attachment-woocommerce_thumbnail size-woocommerce_thumbnail wp-post-image\" alt=\"handlaufhalter-eckig-handlaufst\u00fctze-handlauftr\u00e4ger-lackiert-ral-9010\" srcset=\"https:\/\/ammann-stepstore.com\/wp-content\/uploads\/2024\/04\/Ammann-Treppen_Wandhandlaufhalter-Eckig-weiss_1-600x600.jpg 600w, https:\/\/ammann-stepstore.com\/wp-content\/uploads\/2024\/04\/Ammann-Treppen_Wandhandlaufhalter-Eckig-weiss_1-150x150.jpg 150w, https:\/\/ammann-stepstore.com\/wp-content\/uploads\/2024\/04\/Ammann-Treppen_Wandhandlaufhalter-Eckig-weiss_1-350x350.jpg 350w\" sizes=\"auto, (max-width: 600px) 100vw, 600px\" \/><\/a><\/div><h2 class=\"w-post-elm post_title usg_post_title_1 woocommerce-loop-product__title color_link_inherit\"><a href=\"https:\/\/ammann-stepstore.com\/pt\/produkt\/handlaufhalter-eckig-handlaufstuetze-handlauftraeger-handlaufhalterung-weiss-lackiert\/\">Handlaufhalter Eckig &#8211; wei\u00df lackiert<\/a><\/h2><p class=\"w-post-elm product_field price usg_product_field_3\"><span class=\"woocommerce-Price-amount amount\"><bdi>10,40<span class=\"woocommerce-Price-currencySymbol\">&euro;<\/span><\/bdi><\/span><\/p><div class=\"w-btn-wrapper woocommerce usg_add_to_cart_1 has_border_radius has_font_size\"><a href=\"\/pt\/wp-json\/wp\/v2\/pages\/7101?add-to-cart=7952\" aria-describedby=\"woocommerce_loop_add_to_cart_link_describedby_7952\" data-quantity=\"1\" class=\"button product_type_simple add_to_cart_button ajax_add_to_cart\" data-product_pid=\"7952\" data-product_name=\"Handlaufhalter Eckig - wei\u00df lackiert\" data-product_price=\"10.4\" data-product_currency=\"EUR\" data-product_category=\"[&quot;Wandlaufhalter&quot;]\" data-product_id=\"7952\" data-product_sku=\"\" aria-label=\"Adiciona ao carrinho: &ldquo;Handlaufhalter Eckig - wei\u00df lackiert&rdquo;\" rel=\"nofollow\" data-success_message=\"&ldquo;Handlaufhalter Eckig - wei\u00df lackiert&rdquo; foi adicionado ao seu carrinho\" role=\"button\"><i class=\"g-preloader type_1\"><\/i><span class=\"w-btn-label\">Adicionar<\/span><\/a>\t<span id=\"woocommerce_loop_add_to_cart_link_describedby_7952\" class=\"screen-reader-text\">\n\t\t\t<\/span>\n<\/div>\t\t<\/div>\r\n\t\t\t<\/article>\r\n\t<article class=\"w-grid-item size_1x1 post-7951 product type-product status-publish has-post-thumbnail product_cat-wandlaufhalter first instock taxable shipping-taxable purchasable product-type-simple\" data-id=\"7951\">\r\n\t\t<div class=\"w-grid-item-h\">\r\n\t\t\t\t\t\t<div class=\"w-post-elm post_image usg_post_image_1 stretched\"><a href=\"https:\/\/ammann-stepstore.com\/pt\/produkt\/handlaufhalter-eckig-handlaufstuetze-handlauftraeger-handlauftraeger-matt-schwarz-lackiert\/\" aria-label=\"Handlaufhalter Eckig &#8211; matt schwarz lackiert\"><img loading=\"lazy\" decoding=\"async\" width=\"600\" height=\"600\" src=\"https:\/\/ammann-stepstore.com\/wp-content\/uploads\/2024\/04\/Ammann-Treppen_Wandhandlaufhalter-Eckig-matt-schwarz_1-600x600.jpg\" class=\"attachment-woocommerce_thumbnail size-woocommerce_thumbnail wp-post-image\" alt=\"handlaufhalter-modern-handlaufst\u00fctze-eckig-lackiert-ral-9005\" srcset=\"https:\/\/ammann-stepstore.com\/wp-content\/uploads\/2024\/04\/Ammann-Treppen_Wandhandlaufhalter-Eckig-matt-schwarz_1-600x600.jpg 600w, https:\/\/ammann-stepstore.com\/wp-content\/uploads\/2024\/04\/Ammann-Treppen_Wandhandlaufhalter-Eckig-matt-schwarz_1-150x150.jpg 150w, https:\/\/ammann-stepstore.com\/wp-content\/uploads\/2024\/04\/Ammann-Treppen_Wandhandlaufhalter-Eckig-matt-schwarz_1-350x350.jpg 350w\" sizes=\"auto, (max-width: 600px) 100vw, 600px\" \/><\/a><\/div><h2 class=\"w-post-elm post_title usg_post_title_1 woocommerce-loop-product__title color_link_inherit\"><a href=\"https:\/\/ammann-stepstore.com\/pt\/produkt\/handlaufhalter-eckig-handlaufstuetze-handlauftraeger-handlauftraeger-matt-schwarz-lackiert\/\">Handlaufhalter Eckig &#8211; matt schwarz lackiert<\/a><\/h2><p class=\"w-post-elm product_field price usg_product_field_3\"><span class=\"woocommerce-Price-amount amount\"><bdi>10,40<span class=\"woocommerce-Price-currencySymbol\">&euro;<\/span><\/bdi><\/span><\/p><div class=\"w-btn-wrapper woocommerce usg_add_to_cart_1 has_border_radius has_font_size\"><a href=\"\/pt\/wp-json\/wp\/v2\/pages\/7101?add-to-cart=7951\" aria-describedby=\"woocommerce_loop_add_to_cart_link_describedby_7951\" data-quantity=\"1\" class=\"button product_type_simple add_to_cart_button ajax_add_to_cart\" data-product_pid=\"7951\" data-product_name=\"Handlaufhalter Eckig - matt schwarz lackiert\" data-product_price=\"10.4\" data-product_currency=\"EUR\" data-product_category=\"[&quot;Wandlaufhalter&quot;]\" data-product_id=\"7951\" data-product_sku=\"\" aria-label=\"Adiciona ao carrinho: &ldquo;Handlaufhalter Eckig - matt schwarz lackiert&rdquo;\" rel=\"nofollow\" data-success_message=\"&ldquo;Handlaufhalter Eckig - matt schwarz lackiert&rdquo; foi adicionado ao seu carrinho\" role=\"button\"><i class=\"g-preloader type_1\"><\/i><span class=\"w-btn-label\">Adicionar<\/span><\/a>\t<span id=\"woocommerce_loop_add_to_cart_link_describedby_7951\" class=\"screen-reader-text\">\n\t\t\t<\/span>\n<\/div>\t\t<\/div>\r\n\t\t\t<\/article>\r\n\t<article class=\"w-grid-item size_1x1 post-7950 product type-product status-publish has-post-thumbnail product_cat-wandlaufhalter  instock taxable shipping-taxable purchasable product-type-simple\" data-id=\"7950\">\r\n\t\t<div class=\"w-grid-item-h\">\r\n\t\t\t\t\t\t<div class=\"w-post-elm post_image usg_post_image_1 stretched\"><a href=\"https:\/\/ammann-stepstore.com\/pt\/produkt\/handlaufhalter-edelstahl-handlaufstuetze-handlauftraeger-handlaufhalterung-classic\/\" aria-label=\"Handlaufhalter Edelstahl Classic\"><img loading=\"lazy\" decoding=\"async\" width=\"600\" height=\"600\" src=\"https:\/\/ammann-stepstore.com\/wp-content\/uploads\/2024\/04\/Ammann-Treppen_Wandhandlaufhalter-Classic_1-600x600.jpg\" class=\"attachment-woocommerce_thumbnail size-woocommerce_thumbnail wp-post-image\" alt=\"Ammann-Treppen_handlaufhalter-handlaufhalterung-Handlauftr\u00e4ger-Classic_1\" srcset=\"https:\/\/ammann-stepstore.com\/wp-content\/uploads\/2024\/04\/Ammann-Treppen_Wandhandlaufhalter-Classic_1-600x600.jpg 600w, https:\/\/ammann-stepstore.com\/wp-content\/uploads\/2024\/04\/Ammann-Treppen_Wandhandlaufhalter-Classic_1-150x150.jpg 150w, https:\/\/ammann-stepstore.com\/wp-content\/uploads\/2024\/04\/Ammann-Treppen_Wandhandlaufhalter-Classic_1-350x350.jpg 350w\" sizes=\"auto, (max-width: 600px) 100vw, 600px\" \/><\/a><\/div><h2 class=\"w-post-elm post_title usg_post_title_1 woocommerce-loop-product__title color_link_inherit\"><a href=\"https:\/\/ammann-stepstore.com\/pt\/produkt\/handlaufhalter-edelstahl-handlaufstuetze-handlauftraeger-handlaufhalterung-classic\/\">Handlaufhalter Edelstahl Classic<\/a><\/h2><p class=\"w-post-elm product_field price usg_product_field_3\"><span class=\"woocommerce-Price-amount amount\"><bdi>9,90<span class=\"woocommerce-Price-currencySymbol\">&euro;<\/span><\/bdi><\/span><\/p><div class=\"w-btn-wrapper woocommerce usg_add_to_cart_1 has_border_radius has_font_size\"><a href=\"\/pt\/wp-json\/wp\/v2\/pages\/7101?add-to-cart=7950\" aria-describedby=\"woocommerce_loop_add_to_cart_link_describedby_7950\" data-quantity=\"1\" class=\"button product_type_simple add_to_cart_button ajax_add_to_cart\" data-product_pid=\"7950\" data-product_name=\"Handlaufhalter Edelstahl Classic\" data-product_price=\"9.9\" data-product_currency=\"EUR\" data-product_category=\"[&quot;Wandlaufhalter&quot;]\" data-product_id=\"7950\" data-product_sku=\"\" aria-label=\"Adiciona ao carrinho: &ldquo;Handlaufhalter Edelstahl Classic&rdquo;\" rel=\"nofollow\" data-success_message=\"&ldquo;Handlaufhalter Edelstahl Classic&rdquo; foi adicionado ao seu carrinho\" role=\"button\"><i class=\"g-preloader type_1\"><\/i><span class=\"w-btn-label\">Adicionar<\/span><\/a>\t<span id=\"woocommerce_loop_add_to_cart_link_describedby_7950\" class=\"screen-reader-text\">\n\t\t\t<\/span>\n<\/div>\t\t<\/div>\r\n\t\t\t<\/article>\r\n<\/div><div class=\"w-grid-preloader\">\t<div class=\"g-preloader type_1\">\r\n\t\t<div><\/div>\r\n\t<\/div>\r\n\t<\/div>\t<div class=\"w-grid-json hidden\" onclick='return {&quot;action&quot;:&quot;us_ajax_grid&quot;,&quot;infinite_scroll&quot;:0,&quot;max_num_pages&quot;:1,&quot;pagination&quot;:&quot;none&quot;,&quot;template_vars&quot;:{&quot;columns&quot;:&quot;3&quot;,&quot;exclude_items&quot;:&quot;none&quot;,&quot;img_size&quot;:&quot;default&quot;,&quot;ignore_items_size&quot;:0,&quot;items_layout&quot;:&quot;shop_standard&quot;,&quot;items_offset&quot;:&quot;1&quot;,&quot;load_animation&quot;:&quot;none&quot;,&quot;overriding_link&quot;:&quot;{\\&quot;url\\&quot;:\\&quot;\\&quot;}&quot;,&quot;post_id&quot;:0,&quot;query_args&quot;:{&quot;post_type&quot;:[&quot;product&quot;],&quot;tax_query&quot;:[{&quot;taxonomy&quot;:&quot;product_cat&quot;,&quot;field&quot;:&quot;slug&quot;,&quot;terms&quot;:[&quot;wandlaufhalter&quot;]},{&quot;taxonomy&quot;:&quot;product_visibility&quot;,&quot;field&quot;:&quot;slug&quot;,&quot;terms&quot;:[&quot;exclude-from-catalog&quot;],&quot;operator&quot;:&quot;NOT IN&quot;}],&quot;post_status&quot;:[&quot;publish&quot;,&quot;wc-pending-wdraw&quot;,&quot;wc-withdrawn&quot;],&quot;meta_query&quot;:[],&quot;posts_per_page&quot;:&quot;8&quot;},&quot;orderby_query_args&quot;:{&quot;orderby&quot;:{&quot;date&quot;:&quot;DESC&quot;}},&quot;type&quot;:&quot;grid&quot;,&quot;us_grid_post_type&quot;:&quot;product&quot;,&quot;us_grid_ajax_index&quot;:1,&quot;us_grid_filter_query_string&quot;:null,&quot;us_grid_index&quot;:1,&quot;page_args&quot;:[]}}'><\/div>\r\n\t<\/div><\/div><\/div><\/div><\/div><\/div><\/section><section class=\"l-section wpb_row us_custom_e4eb24e1 height_medium\"><div class=\"l-section-h i-cf\"><div class=\"g-cols vc_row via_flex valign_top type_default stacking_default\"><div class=\"vc_col-sm-6 wpb_column vc_column_container\"><div class=\"vc_column-inner\"><div class=\"wpb_wrapper\"><div class=\"wpb_text_column\"><div class=\"wpb_wrapper\"><h3>Zahlung per Vorkasse oder Paypal<\/h3>\n<p>Mit Vorkasse oder PayPal bezahlen Sie sicher und genie\u00dfen schnelle Abwicklung und Transparenz.<\/p>\n<\/div><\/div><\/div><\/div><\/div><div class=\"vc_col-sm-6 wpb_column vc_column_container\"><div class=\"vc_column-inner\"><div class=\"wpb_wrapper\"><div class=\"wpb_text_column\"><div class=\"wpb_wrapper\"><h3>Hervorragende Qualit\u00e4t<\/h3>\n<p>Sie k\u00f6nnen sich auf ein Produkt mit hervorragender Qualit\u00e4t freuen &#8211; daf\u00fcr stehen wir als mittelst\u00e4ndisches Unternehmen mit jahrzehntelanger Tradition!<\/p>\n<\/div><\/div><\/div><\/div><\/div><\/div><\/div><\/section><section class=\"l-section wpb_row height_medium\"><div class=\"l-section-h i-cf\"><div class=\"g-cols vc_row via_flex valign_top type_default stacking_default\"><div class=\"vc_col-sm-12 wpb_column vc_column_container\"><div class=\"vc_column-inner\"><div class=\"wpb_wrapper\"><\/div><\/div><\/div><\/div><\/div><\/section>\n","protected":false},"excerpt":{"rendered":"Klassische Eleganz f\u00fcr Ihre Treppe: Der Handlaufhalter Classic in Edelstahl Der Handlaufhalter Classic aus Edelstahl vereint zeitloses Design mit zuverl\u00e4ssiger Funktion. Er eignet sich ideal f\u00fcr die Befestigung von Handl\u00e4ufen an Treppen und W\u00e4nden und sorgt f\u00fcr eine sichere und langlebige Handlaufmontage. Mit seiner schlanken Form und der hochwertigen Edelstahloberfl\u00e4che passt dieser Handlaufhalter f\u00fcr Treppen...","protected":false},"author":10,"featured_media":0,"parent":0,"menu_order":0,"comment_status":"closed","ping_status":"closed","template":"","meta":{"footnotes":""},"class_list":["post-7101","page","type-page","status-publish","hentry"],"yoast_head":"<!-- This site is optimized with the Yoast SEO plugin v27.4 - https:\/\/yoast.com\/product\/yoast-seo-wordpress\/ -->\n<title>Warenkorb - Ammann Stepstore<\/title>\n<meta name=\"robots\" content=\"index, follow, max-snippet:-1, max-image-preview:large, max-video-preview:-1\" \/>\n<link rel=\"canonical\" href=\"https:\/\/ammann-stepstore.com\/pt\/cesto-de-compras\/\" \/>\n<meta property=\"og:locale\" content=\"pt_PT\" \/>\n<meta property=\"og:type\" content=\"article\" \/>\n<meta property=\"og:title\" content=\"Warenkorb - Ammann Stepstore\" \/>\n<meta property=\"og:url\" content=\"https:\/\/ammann-stepstore.com\/pt\/cesto-de-compras\/\" \/>\n<meta property=\"og:site_name\" content=\"Ammann Stepstore\" \/>\n<meta property=\"article:modified_time\" content=\"2024-06-13T12:41:34+00:00\" \/>\n<meta name=\"twitter:card\" content=\"summary_large_image\" \/>\n<meta name=\"twitter:label1\" content=\"Tempo estimado de leitura\" \/>\n\t<meta name=\"twitter:data1\" content=\"1 minuto\" \/>\n<script type=\"application\/ld+json\" class=\"yoast-schema-graph\">{\"@context\":\"https:\\\/\\\/schema.org\",\"@graph\":[{\"@type\":\"WebPage\",\"@id\":\"https:\\\/\\\/ammann-stepstore.com\\\/warenkorb\\\/\",\"url\":\"https:\\\/\\\/ammann-stepstore.com\\\/warenkorb\\\/\",\"name\":\"Warenkorb - Ammann Stepstore\",\"isPartOf\":{\"@id\":\"https:\\\/\\\/ammann-stepstore.com\\\/#website\"},\"datePublished\":\"2021-02-09T09:25:13+00:00\",\"dateModified\":\"2024-06-13T12:41:34+00:00\",\"breadcrumb\":{\"@id\":\"https:\\\/\\\/ammann-stepstore.com\\\/warenkorb\\\/#breadcrumb\"},\"inLanguage\":\"pt-PT\",\"potentialAction\":[{\"@type\":\"ReadAction\",\"target\":[\"https:\\\/\\\/ammann-stepstore.com\\\/warenkorb\\\/\"]}]},{\"@type\":\"BreadcrumbList\",\"@id\":\"https:\\\/\\\/ammann-stepstore.com\\\/warenkorb\\\/#breadcrumb\",\"itemListElement\":[{\"@type\":\"ListItem\",\"position\":1,\"name\":\"Startseite\",\"item\":\"https:\\\/\\\/ammann-stepstore.com\\\/\"},{\"@type\":\"ListItem\",\"position\":2,\"name\":\"Warenkorb\"}]},{\"@type\":\"WebSite\",\"@id\":\"https:\\\/\\\/ammann-stepstore.com\\\/#website\",\"url\":\"https:\\\/\\\/ammann-stepstore.com\\\/\",\"name\":\"Ammann Stepstore\",\"description\":\"Treppenbau-Zubeh\u00f6r bequem online kaufen\",\"publisher\":{\"@id\":\"https:\\\/\\\/ammann-stepstore.com\\\/#organization\"},\"potentialAction\":[{\"@type\":\"SearchAction\",\"target\":{\"@type\":\"EntryPoint\",\"urlTemplate\":\"https:\\\/\\\/ammann-stepstore.com\\\/?s={search_term_string}\"},\"query-input\":{\"@type\":\"PropertyValueSpecification\",\"valueRequired\":true,\"valueName\":\"search_term_string\"}}],\"inLanguage\":\"pt-PT\"},{\"@type\":\"Organization\",\"@id\":\"https:\\\/\\\/ammann-stepstore.com\\\/#organization\",\"name\":\"easy-step GmbH\",\"url\":\"https:\\\/\\\/ammann-stepstore.com\\\/\",\"logo\":{\"@type\":\"ImageObject\",\"inLanguage\":\"pt-PT\",\"@id\":\"https:\\\/\\\/ammann-stepstore.com\\\/#\\\/schema\\\/logo\\\/image\\\/\",\"url\":\"https:\\\/\\\/ammann-stepstore.com\\\/wp-content\\\/uploads\\\/2018\\\/09\\\/Systembautreppe-merged.png\",\"contentUrl\":\"https:\\\/\\\/ammann-stepstore.com\\\/wp-content\\\/uploads\\\/2018\\\/09\\\/Systembautreppe-merged.png\",\"width\":273,\"height\":67,\"caption\":\"easy-step GmbH\"},\"image\":{\"@id\":\"https:\\\/\\\/ammann-stepstore.com\\\/#\\\/schema\\\/logo\\\/image\\\/\"},\"sameAs\":[\"https:\\\/\\\/www.instagram.com\\\/easystep_bautreppe\\\/\"]}]}<\/script>\n<!-- \/ Yoast SEO plugin. -->","yoast_head_json":{"title":"Cesto de compras - Ammann Stepstore","robots":{"index":"index","follow":"follow","max-snippet":"max-snippet:-1","max-image-preview":"max-image-preview:large","max-video-preview":"max-video-preview:-1"},"canonical":"https:\/\/ammann-stepstore.com\/pt\/cesto-de-compras\/","og_locale":"pt_PT","og_type":"article","og_title":"Warenkorb - Ammann Stepstore","og_url":"https:\/\/ammann-stepstore.com\/pt\/cesto-de-compras\/","og_site_name":"Ammann Stepstore","article_modified_time":"2024-06-13T12:41:34+00:00","twitter_card":"summary_large_image","twitter_misc":{"Tempo estimado de leitura":"1 minuto"},"schema":{"@context":"https:\/\/schema.org","@graph":[{"@type":"WebPage","@id":"https:\/\/ammann-stepstore.com\/warenkorb\/","url":"https:\/\/ammann-stepstore.com\/warenkorb\/","name":"Cesto de compras - Ammann Stepstore","isPartOf":{"@id":"https:\/\/ammann-stepstore.com\/#website"},"datePublished":"2021-02-09T09:25:13+00:00","dateModified":"2024-06-13T12:41:34+00:00","breadcrumb":{"@id":"https:\/\/ammann-stepstore.com\/warenkorb\/#breadcrumb"},"inLanguage":"pt-PT","potentialAction":[{"@type":"ReadAction","target":["https:\/\/ammann-stepstore.com\/warenkorb\/"]}]},{"@type":"BreadcrumbList","@id":"https:\/\/ammann-stepstore.com\/warenkorb\/#breadcrumb","itemListElement":[{"@type":"ListItem","position":1,"name":"Startseite","item":"https:\/\/ammann-stepstore.com\/"},{"@type":"ListItem","position":2,"name":"Warenkorb"}]},{"@type":"WebSite","@id":"https:\/\/ammann-stepstore.com\/#website","url":"https:\/\/ammann-stepstore.com\/","name":"Ammann Stepstore","description":"Comprar acess\u00f3rios para escadas comodamente em linha","publisher":{"@id":"https:\/\/ammann-stepstore.com\/#organization"},"potentialAction":[{"@type":"SearchAction","target":{"@type":"EntryPoint","urlTemplate":"https:\/\/ammann-stepstore.com\/?s={search_term_string}"},"query-input":{"@type":"PropertyValueSpecification","valueRequired":true,"valueName":"search_term_string"}}],"inLanguage":"pt-PT"},{"@type":"Organization","@id":"https:\/\/ammann-stepstore.com\/#organization","name":"easy-step GmbH","url":"https:\/\/ammann-stepstore.com\/","logo":{"@type":"ImageObject","inLanguage":"pt-PT","@id":"https:\/\/ammann-stepstore.com\/#\/schema\/logo\/image\/","url":"https:\/\/ammann-stepstore.com\/wp-content\/uploads\/2018\/09\/Systembautreppe-merged.png","contentUrl":"https:\/\/ammann-stepstore.com\/wp-content\/uploads\/2018\/09\/Systembautreppe-merged.png","width":273,"height":67,"caption":"easy-step GmbH"},"image":{"@id":"https:\/\/ammann-stepstore.com\/#\/schema\/logo\/image\/"},"sameAs":["https:\/\/www.instagram.com\/easystep_bautreppe\/"]}]}},"_links":{"self":[{"href":"https:\/\/ammann-stepstore.com\/pt\/wp-json\/wp\/v2\/pages\/7101","targetHints":{"allow":["GET"]}}],"collection":[{"href":"https:\/\/ammann-stepstore.com\/pt\/wp-json\/wp\/v2\/pages"}],"about":[{"href":"https:\/\/ammann-stepstore.com\/pt\/wp-json\/wp\/v2\/types\/page"}],"author":[{"embeddable":true,"href":"https:\/\/ammann-stepstore.com\/pt\/wp-json\/wp\/v2\/users\/10"}],"replies":[{"embeddable":true,"href":"https:\/\/ammann-stepstore.com\/pt\/wp-json\/wp\/v2\/comments?post=7101"}],"version-history":[{"count":0,"href":"https:\/\/ammann-stepstore.com\/pt\/wp-json\/wp\/v2\/pages\/7101\/revisions"}],"wp:attachment":[{"href":"https:\/\/ammann-stepstore.com\/pt\/wp-json\/wp\/v2\/media?parent=7101"}],"curies":[{"name":"wp","href":"https:\/\/api.w.org\/{rel}","templated":true}]}}