{"id":3,"date":"2024-02-14T08:43:03","date_gmt":"2024-02-14T08:43:03","guid":{"rendered":"https:\/\/ammann-stepstore-18589519.wptestserver2.de\/?page_id=3"},"modified":"2024-02-14T09:43:03","modified_gmt":"2024-02-14T08:43:03","slug":"protecao-de-dados","status":"publish","type":"page","link":"https:\/\/ammann-stepstore.com\/pt\/datenschutz\/","title":{"rendered":"Pol\u00edtica de privacidade"},"content":{"rendered":"<h1>Pol\u00edtica de privacidade<\/h1>\n<div  class=\"agb_content agb_privacy  notranslate\"><div><h2>1) Apresenta\u00e7\u00e3o e dados de contacto do respons\u00e1vel pelo tratamento<\/h2>\n\n<p><b>1.1<\/b>&nbsp;Estamos satisfeitos por estar a visitar o nosso s\u00edtio Web e agradecemos o seu interesse. De seguida, iremos inform\u00e1-lo sobre a forma como tratamos os seus dados pessoais quando utiliza o nosso s\u00edtio Web. Os dados pessoais s\u00e3o todos os dados com os quais o utilizador pode ser identificado pessoalmente.<\/p>\n\n<p><b>1.2<\/b>&nbsp;O respons\u00e1vel pelo tratamento de dados neste s\u00edtio web, na ace\u00e7\u00e3o do Regulamento Geral sobre a Prote\u00e7\u00e3o de Dados (RGPD), \u00e9 a Ammann OHG, Robert-Bosch-Str. 2, 86830 Schwabm\u00fcnchen, Deutschland, Tel.: 08232809200, E-Mail: info@ammann-treppen.de. O respons\u00e1vel pelo tratamento de dados pessoais \u00e9 a pessoa singular ou colectiva que, sozinha ou em conjunto com outras, determina as finalidades e os meios de tratamento de dados pessoais.<\/p>\n\n<h2>2) Recolha de dados quando visita o nosso s\u00edtio Web<\/h2>\n\n<p><b>2.1<\/b>&nbsp;Se utilizar o nosso s\u00edtio Web apenas para fins informativos, ou seja, se n\u00e3o se registar ou n\u00e3o nos fornecer informa\u00e7\u00f5es de outra forma, apenas recolhemos os dados que o seu browser transmite ao servidor do s\u00edtio (os chamados \u201eficheiros de registo do servidor\u201c). Quando visita o nosso s\u00edtio Web, recolhemos os seguintes dados, que s\u00e3o tecnicamente necess\u00e1rios para lhe apresentarmos o s\u00edtio Web:<\/p>\n\n<ul>\n<li>O nosso s\u00edtio Web visitado<\/li>\n<li>Data e hora no momento do acesso<\/li>\n<li>Quantidade de dados enviados em bytes<\/li>\n<li>Fonte\/refer\u00eancia a partir da qual chegou \u00e0 p\u00e1gina<\/li>\n<li>Navegador utilizado<\/li>\n<li>Sistema operativo utilizado<\/li>\n<li>Endere\u00e7o IP utilizado (se aplic\u00e1vel: de forma an\u00f3nima)<\/li>\n<\/ul>\n\n<p>O processamento \u00e9 efectuado de acordo com o Art. 6, par\u00e1grafo 1 lit. f do RGPD, com base no nosso interesse leg\u00edtimo em melhorar a estabilidade e a funcionalidade do nosso s\u00edtio Web. Os dados n\u00e3o s\u00e3o transmitidos ou utilizados de qualquer outra forma. No entanto, reservamo-nos o direito de verificar posteriormente os ficheiros de registo do servidor se houver ind\u00edcios concretos de utiliza\u00e7\u00e3o il\u00edcita.<\/p>\n\n<p><b>2.2<\/b>&nbsp;Este s\u00edtio Web utiliza a encripta\u00e7\u00e3o SSL ou TLS por raz\u00f5es de seguran\u00e7a e para proteger a transmiss\u00e3o de dados pessoais e outros conte\u00fados confidenciais (por exemplo, encomendas ou pedidos de informa\u00e7\u00e3o ao respons\u00e1vel pelo tratamento). Pode reconhecer uma liga\u00e7\u00e3o encriptada atrav\u00e9s da cadeia de caracteres \u201ehttps:\/\/\u201c e do s\u00edmbolo de cadeado na linha do seu browser.<\/p>\n\n<h2>3) Estabelecer contacto<\/h2>\n\n<p>Quando nos contacta (por exemplo, atrav\u00e9s de um formul\u00e1rio de contacto ou por correio eletr\u00f3nico), os dados pessoais s\u00e3o tratados exclusivamente para efeitos de processamento e resposta ao seu pedido e apenas na medida do necess\u00e1rio para esse efeito.<\/p>\n\n<p>A base legal para o processamento destes dados \u00e9 o nosso interesse leg\u00edtimo em responder ao seu pedido, de acordo com o Art. 6, par. 1 lit. f do RGPD. Se o seu contacto se destinar a um contrato, a base legal adicional para o processamento \u00e9 o Art. 6 para. 1 lit. b do RGPD. Os seus dados ser\u00e3o eliminados se se puder deduzir das circunst\u00e2ncias que o assunto em quest\u00e3o foi esclarecido de forma conclusiva e desde que n\u00e3o existam obriga\u00e7\u00f5es legais de reten\u00e7\u00e3o em contr\u00e1rio.<\/p>\n\n<h2>4) Tratamento de dados aquando da abertura de uma conta de cliente<\/h2>\n\n<p>\u00ba, n.\u00ba 1, al\u00ednea b), do RGPD, os dados pessoais continuar\u00e3o a ser recolhidos e tratados na medida do necess\u00e1rio, se nos forem fornecidos por ocasi\u00e3o da abertura de uma conta de cliente. Os dados necess\u00e1rios para abrir uma conta podem ser encontrados na m\u00e1scara de entrada do formul\u00e1rio correspondente no nosso s\u00edtio Web.<\/p>\n\n<p>A elimina\u00e7\u00e3o da sua conta de cliente \u00e9 poss\u00edvel em qualquer altura e pode ser efectuada enviando uma mensagem para o endere\u00e7o acima mencionado do respons\u00e1vel pelo tratamento. Ap\u00f3s a elimina\u00e7\u00e3o da sua conta de cliente, os seus dados ser\u00e3o apagados, desde que todos os contratos celebrados atrav\u00e9s da mesma tenham sido totalmente processados, n\u00e3o existam per\u00edodos de reten\u00e7\u00e3o legais em contr\u00e1rio e n\u00e3o tenhamos qualquer interesse leg\u00edtimo na sua conserva\u00e7\u00e3o posterior.<\/p>\n\n<h2>5) Tratamento de dados para processamento de encomendas<\/h2>\n\n<p><b>5.1<\/b>&nbsp;Na medida do necess\u00e1rio para o processamento de contratos para fins de entrega e pagamento, os dados pessoais recolhidos por n\u00f3s ser\u00e3o transmitidos \u00e0 empresa de transporte contratada e \u00e0 institui\u00e7\u00e3o de cr\u00e9dito contratada, de acordo com o Art. 6, par\u00e1grafo 1 lit. b do RGPD.<\/p>\n\n<p>Se lhe devermos actualiza\u00e7\u00f5es de mercadorias com elementos digitais ou de produtos digitais com base num contrato correspondente, processamos os dados de contacto (nome, morada, endere\u00e7o de e-mail) fornecidos por si aquando da encomenda, para o informar pessoalmente atrav\u00e9s de meios de comunica\u00e7\u00e3o adequados (por exemplo, por correio ou e-mail) sobre as pr\u00f3ximas actualiza\u00e7\u00f5es dentro do prazo legalmente previsto, no \u00e2mbito das nossas obriga\u00e7\u00f5es legais de informa\u00e7\u00e3o, de acordo com o Art. 6, n.\u00ba 1, al\u00ednea c) do RGPD. Os seus dados de contacto ser\u00e3o utilizados estritamente para fins de notifica\u00e7\u00e3o de actualiza\u00e7\u00f5es que nos s\u00e3o devidas e s\u00f3 ser\u00e3o processados por n\u00f3s para este fim na medida em que tal seja necess\u00e1rio para a respectiva informa\u00e7\u00e3o.<\/p>\n\n<p>Para processar a sua encomenda, tamb\u00e9m trabalhamos em conjunto com o(s) seguinte(s) prestador(es) de servi\u00e7os, que nos apoiam, no todo ou em parte, no cumprimento dos contratos celebrados. Certos dados pessoais s\u00e3o transmitidos a estes prestadores de servi\u00e7os de acordo com as seguintes informa\u00e7\u00f5es.<\/p>\n\n<p><b>5.2<\/b>&nbsp;Utiliza\u00e7\u00e3o de prestadores de servi\u00e7os de pagamento (servi\u00e7os de pagamento)<\/p>\n\n<p>- Paypal<\/p>\n\n<p>Um ou mais m\u00e9todos de pagamento online do seguinte fornecedor est\u00e3o dispon\u00edveis neste s\u00edtio Web: PayPal (Europe) S.a.r.l. et Cie, S.C.A., 22-24 Boulevard Royal, L-2449 Luxembourg<\/p>\n\n<p>Se selecionar um m\u00e9todo de pagamento do fornecedor para o qual efectua o pagamento antecipado, os dados de pagamento que fornecer durante o processo de encomenda (incluindo nome, endere\u00e7o, informa\u00e7\u00f5es banc\u00e1rias e do cart\u00e3o de pagamento, moeda e n\u00famero da transa\u00e7\u00e3o), bem como informa\u00e7\u00f5es sobre o conte\u00fado da sua encomenda, ser\u00e3o transmitidos ao fornecedor, de acordo com o Art. 6, n.\u00ba 1, al\u00ednea b) do RGPD. \u00ba, n.\u00ba 1, al\u00ednea b) do RGPD. Neste caso, os seus dados s\u00f3 ser\u00e3o transmitidos para efeitos de processamento de pagamentos com o fornecedor e apenas na medida em que tal seja necess\u00e1rio para esse efeito.<\/p>\n\n<p>Se selecionar um m\u00e9todo de pagamento para o qual efectuamos pagamentos antecipados, ser-lhe-\u00e1 igualmente pedido que forne\u00e7a determinados dados pessoais (nome e apelido, rua, n\u00famero de porta, c\u00f3digo postal, localidade, data de nascimento, endere\u00e7o eletr\u00f3nico, n\u00famero de telefone e, se aplic\u00e1vel, dados sobre um meio de pagamento alternativo) durante o processo de encomenda.<\/p>\n\n<p>A fim de salvaguardar o nosso interesse leg\u00edtimo em determinar a sua solv\u00eancia em tais casos, transmitiremos estes dados ao fornecedor para efeitos de uma verifica\u00e7\u00e3o de cr\u00e9dito, de acordo com o Art. 6, n.\u00ba 1, al\u00ednea f) do RGPD. Com base nos dados pessoais fornecidos por si e noutros dados (como o cesto de compras, o montante da fatura, o hist\u00f3rico de encomendas, a experi\u00eancia de pagamento), o fornecedor verifica se a op\u00e7\u00e3o de pagamento que selecionou pode ser concedida no que diz respeito aos riscos de pagamento e\/ou de cr\u00e9dito mal parado.<\/p>\n\n<p>O relat\u00f3rio de cr\u00e9dito pode conter valores de probabilidade (os chamados valores de pontua\u00e7\u00e3o). Se forem inclu\u00eddos valores de pontua\u00e7\u00e3o no resultado do relat\u00f3rio de cr\u00e9dito, estes baseiam-se num procedimento matem\u00e1tico-estat\u00edstico cientificamente reconhecido. O c\u00e1lculo dos valores de pontua\u00e7\u00e3o inclui, mas n\u00e3o se limita a, dados de endere\u00e7o.<\/p>\n\n<p>Pode opor-se a este tratamento dos seus dados a qualquer momento, enviando uma mensagem para n\u00f3s ou para o prestador. No entanto, o prestador pode continuar a ser autorizado a tratar os seus dados pessoais se tal for necess\u00e1rio para efetuar pagamentos nos termos do contrato.<\/p>\n\n<h2>6) Direitos da pessoa em causa<\/h2>\n\n<p><b>6.1<\/b>&nbsp;A legisla\u00e7\u00e3o aplic\u00e1vel em mat\u00e9ria de prote\u00e7\u00e3o de dados concede-lhe os seguintes direitos (direitos de acesso e de interven\u00e7\u00e3o) em rela\u00e7\u00e3o ao respons\u00e1vel pelo tratamento no que diz respeito ao tratamento dos seus dados pessoais, sendo feita refer\u00eancia \u00e0 base jur\u00eddica declarada para os respectivos requisitos de exerc\u00edcio:<\/p>\n\n<ul>\n<li>Direito \u00e0 informa\u00e7\u00e3o nos termos do art. 15\u00ba do RGPD;<\/li>\n<li>Direito de retifica\u00e7\u00e3o nos termos do art. 16\u00ba do RGPD;<\/li>\n<li>Direito ao apagamento nos termos do art. 17\u00ba do RGPD;<\/li>\n<li>Direito \u00e0 limita\u00e7\u00e3o do tratamento nos termos do art. 18\u00ba do RGPD;<\/li>\n<li>Direito \u00e0 informa\u00e7\u00e3o em conformidade com o art. 19\u00ba do RGPD;<\/li>\n<li>Direito \u00e0 portabilidade dos dados nos termos do art. 20\u00ba do RGPD;<\/li>\n<li>Direito de retirar o consentimento concedido nos termos do Art. 7 (3) do GDPR;<\/li>\n<li>Direito de apresentar uma queixa nos termos do art. 77\u00ba do RGPD.<\/li>\n<\/ul>\n\n<p><b>6.2<\/b>&nbsp;DIREITO DE OBJEC\u00c7\u00c3O<\/p>\n\n<p>SE TRATARMOS OS SEUS DADOS PESSOAIS NO \u00c2MBITO DE UMA PONDERA\u00c7\u00c3O DE INTERESSES COM BASE NO NOSSO INTERESSE LEG\u00cdTIMO SUPERIOR, TEM O DIREITO DE SE OPOR A ESTE TRATAMENTO A QUALQUER MOMENTO, COM EFEITOS PARA O FUTURO, POR MOTIVOS RELACIONADOS COM A SUA SITUA\u00c7\u00c3O PARTICULAR.<\/p>\n\n<p>SE O UTILIZADOR EXERCER O SEU DIREITO DE OPOSI\u00c7\u00c3O, DEIXAREMOS DE TRATAR OS DADOS EM CAUSA. NO ENTANTO, RESERVAMO-NOS O DIREITO DE CONTINUAR O TRATAMENTO SE PUDERMOS DEMONSTRAR MOTIVOS LEG\u00cdTIMOS IMPERIOSOS PARA O TRATAMENTO QUE SE SOBREPONHAM AOS SEUS INTERESSES, DIREITOS E LIBERDADES FUNDAMENTAIS, OU SE O TRATAMENTO SERVIR PARA O ESTABELECIMENTO, EXERC\u00cdCIO OU DEFESA DE AC\u00c7\u00d5ES JUDICIAIS.<\/p>\n\n<p>SE OS SEUS DADOS PESSOAIS FOREM TRATADOS POR N\u00d3S PARA FINS DE MARKETING DIRECTO, TEM O DIREITO DE SE OPOR A QUALQUER MOMENTO AO TRATAMENTO DOS DADOS PESSOAIS QUE LHE DIGAM RESPEITO PARA EFEITOS DESSE MARKETING. PODE EXERCER A SUA OBJEC\u00c7\u00c3O DA FORMA DESCRITA ACIMA.<\/p>\n\n<p>SE EXERCER O SEU DIREITO DE OPOSI\u00c7\u00c3O, DEIXAREMOS DE TRATAR OS DADOS EM CAUSA PARA FINS DE COMERCIALIZA\u00c7\u00c3O DIRECTA.<\/p>\n\n<h2>7) Dura\u00e7\u00e3o da conserva\u00e7\u00e3o dos dados pessoais<\/h2>\n\n<p>A dura\u00e7\u00e3o do armazenamento de dados pessoais \u00e9 determinada pela respectiva base jur\u00eddica, pela finalidade do processamento e - se aplic\u00e1vel - adicionalmente pelo respetivo per\u00edodo de reten\u00e7\u00e3o legal (por exemplo, per\u00edodos de reten\u00e7\u00e3o ao abrigo da legisla\u00e7\u00e3o comercial e fiscal).<\/p>\n\n<p>Ao processar dados pessoais com base no consentimento expresso, de acordo com o artigo 6.\u00ba, n.\u00ba 1, al\u00ednea a), do RGPD, os dados em causa ser\u00e3o armazenados at\u00e9 que o utilizador revogue o seu consentimento.<\/p>\n\n<p>Se existirem per\u00edodos de reten\u00e7\u00e3o estatut\u00e1rios para os dados que s\u00e3o processados no \u00e2mbito de obriga\u00e7\u00f5es legais ou similares com base no Art. 6, n.\u00ba 1, al\u00ednea b) do RGPD, estes dados ser\u00e3o eliminados por rotina ap\u00f3s os per\u00edodos de reten\u00e7\u00e3o terem expirado, desde que j\u00e1 n\u00e3o sejam necess\u00e1rios para o cumprimento do contrato ou para o in\u00edcio do contrato e\/ou j\u00e1 n\u00e3o tenhamos um interesse leg\u00edtimo no armazenamento posterior.<\/p>\n\n<p>\u00ba, n.\u00ba 1, al\u00ednea f), do RGPD, estes dados ser\u00e3o conservados at\u00e9 que exer\u00e7a o seu direito de oposi\u00e7\u00e3o, em conformidade com o artigo 21.\u00ba, n.\u00ba 1, do RGPD, exceto se pudermos demonstrar motivos leg\u00edtimos imperiosos para o tratamento que se sobreponham aos seus interesses, direitos e liberdades, ou se o tratamento servir para a declara\u00e7\u00e3o, o exerc\u00edcio ou a defesa de um direito num processo judicial.<\/p>\n\n<p>Ao processar dados pessoais para fins de marketing direto com base no Art. 6 para 1 lit. f do RGPD, estes dados s\u00e3o armazenados at\u00e9 que exer\u00e7a o seu direito de oposi\u00e7\u00e3o de acordo com o Art. 21 para 2 do RGPD.<\/p>\n\n<p>Salvo indica\u00e7\u00e3o em contr\u00e1rio nas outras informa\u00e7\u00f5es da presente declara\u00e7\u00e3o sobre situa\u00e7\u00f5es espec\u00edficas de tratamento, os dados pessoais armazenados s\u00e3o apagados quando deixam de ser necess\u00e1rios para os fins para que foram recolhidos ou tratados.<\/p><\/div><div id=\"itkanzlei_txt_copyright\" style=\"font-size: 12px; margin-top: 8em;\"><div style=\"display: inline-block; vertical-align: top;\"><a href=\"https:\/\/www.it-recht-kanzlei.de\/\" target=\"_blank\"><img decoding=\"async\" src=\"https:\/\/www.it-recht-kanzlei.de\/logo\/Copyright-Logo_Datenschutzerklaerung.png?i=55220-3b9a2-39c8-907e-1\" id=\"itkanzlei_img_copyright\" alt=\"Escrit\u00f3rio de advocacia de TI\" title=\"Escrit\u00f3rio de advocacia de TI\" style=\"margin-top: -20px; border-style: none; max-width: 100%;\" \/><\/a><\/div><div style=\"display: inline-block; vertical-align: top; margin-left: 5px; float: right; white-space: nowrap;\">Estado: 14\/02\/2024, 09:43:00<\/div><div style=\"clear: right;\"><\/div><\/div><\/div>","protected":false},"excerpt":{"rendered":"<p>Pol\u00edtica de privacidade<\/p>","protected":false},"author":10,"featured_media":0,"parent":0,"menu_order":0,"comment_status":"closed","ping_status":"closed","template":"","meta":{"footnotes":""},"class_list":["post-3","page","type-page","status-publish","hentry"],"yoast_head":"<!-- This site is optimized with the Yoast SEO plugin v27.4 - https:\/\/yoast.com\/product\/yoast-seo-wordpress\/ -->\n<title>Datenschutzerkl\u00e4rung - Ammann Stepstore<\/title>\n<meta name=\"description\" content=\"Die verantwortliche Stelle f\u00fcr die Datenverarbeitung auf dieser Website ist: easy-step GmbH, Robert-Bosch-Str. 2, 86830 Schwabm\u00fcnchen\" \/>\n<meta name=\"robots\" content=\"index, follow, max-snippet:-1, max-image-preview:large, max-video-preview:-1\" \/>\n<link rel=\"canonical\" href=\"https:\/\/ammann-stepstore.com\/pt\/protecao-de-dados\/\" \/>\n<meta property=\"og:locale\" content=\"pt_PT\" \/>\n<meta property=\"og:type\" content=\"article\" \/>\n<meta property=\"og:title\" content=\"Datenschutzerkl\u00e4rung - Ammann Stepstore\" \/>\n<meta property=\"og:description\" content=\"Die verantwortliche Stelle f\u00fcr die Datenverarbeitung auf dieser Website ist: easy-step GmbH, Robert-Bosch-Str. 2, 86830 Schwabm\u00fcnchen\" \/>\n<meta property=\"og:url\" content=\"https:\/\/ammann-stepstore.com\/pt\/protecao-de-dados\/\" \/>\n<meta property=\"og:site_name\" content=\"Ammann Stepstore\" \/>\n<meta property=\"og:image\" content=\"https:\/\/ammann-stepstore.com\/wp-content\/uploads\/2018\/12\/transport-behelfstreppe-03.jpg\" \/>\n\t<meta property=\"og:image:width\" content=\"300\" \/>\n\t<meta property=\"og:image:height\" content=\"300\" \/>\n\t<meta property=\"og:image:type\" content=\"image\/jpeg\" \/>\n<meta name=\"twitter:card\" content=\"summary_large_image\" \/>\n<meta name=\"twitter:label1\" content=\"Tempo estimado de leitura\" \/>\n\t<meta name=\"twitter:data1\" content=\"1 minuto\" \/>\n<script type=\"application\/ld+json\" class=\"yoast-schema-graph\">{\"@context\":\"https:\\\/\\\/schema.org\",\"@graph\":[{\"@type\":\"WebPage\",\"@id\":\"https:\\\/\\\/ammann-stepstore.com\\\/datenschutz\\\/\",\"url\":\"https:\\\/\\\/ammann-stepstore.com\\\/datenschutz\\\/\",\"name\":\"Datenschutzerkl\u00e4rung - Ammann Stepstore\",\"isPartOf\":{\"@id\":\"https:\\\/\\\/ammann-stepstore.com\\\/#website\"},\"datePublished\":\"2024-02-14T08:43:03+00:00\",\"description\":\"Die verantwortliche Stelle f\u00fcr die Datenverarbeitung auf dieser Website ist: easy-step GmbH, Robert-Bosch-Str. 2, 86830 Schwabm\u00fcnchen\",\"breadcrumb\":{\"@id\":\"https:\\\/\\\/ammann-stepstore.com\\\/datenschutz\\\/#breadcrumb\"},\"inLanguage\":\"pt-PT\",\"potentialAction\":[{\"@type\":\"ReadAction\",\"target\":[\"https:\\\/\\\/ammann-stepstore.com\\\/datenschutz\\\/\"]}]},{\"@type\":\"BreadcrumbList\",\"@id\":\"https:\\\/\\\/ammann-stepstore.com\\\/datenschutz\\\/#breadcrumb\",\"itemListElement\":[{\"@type\":\"ListItem\",\"position\":1,\"name\":\"Startseite\",\"item\":\"https:\\\/\\\/ammann-stepstore.com\\\/\"},{\"@type\":\"ListItem\",\"position\":2,\"name\":\"Datenschutzerkl\u00e4rung\"}]},{\"@type\":\"WebSite\",\"@id\":\"https:\\\/\\\/ammann-stepstore.com\\\/#website\",\"url\":\"https:\\\/\\\/ammann-stepstore.com\\\/\",\"name\":\"Ammann Stepstore\",\"description\":\"Treppenbau-Zubeh\u00f6r bequem online kaufen\",\"publisher\":{\"@id\":\"https:\\\/\\\/ammann-stepstore.com\\\/#organization\"},\"potentialAction\":[{\"@type\":\"SearchAction\",\"target\":{\"@type\":\"EntryPoint\",\"urlTemplate\":\"https:\\\/\\\/ammann-stepstore.com\\\/?s={search_term_string}\"},\"query-input\":{\"@type\":\"PropertyValueSpecification\",\"valueRequired\":true,\"valueName\":\"search_term_string\"}}],\"inLanguage\":\"pt-PT\"},{\"@type\":\"Organization\",\"@id\":\"https:\\\/\\\/ammann-stepstore.com\\\/#organization\",\"name\":\"easy-step GmbH\",\"url\":\"https:\\\/\\\/ammann-stepstore.com\\\/\",\"logo\":{\"@type\":\"ImageObject\",\"inLanguage\":\"pt-PT\",\"@id\":\"https:\\\/\\\/ammann-stepstore.com\\\/#\\\/schema\\\/logo\\\/image\\\/\",\"url\":\"https:\\\/\\\/ammann-stepstore.com\\\/wp-content\\\/uploads\\\/2018\\\/09\\\/Systembautreppe-merged.png\",\"contentUrl\":\"https:\\\/\\\/ammann-stepstore.com\\\/wp-content\\\/uploads\\\/2018\\\/09\\\/Systembautreppe-merged.png\",\"width\":273,\"height\":67,\"caption\":\"easy-step GmbH\"},\"image\":{\"@id\":\"https:\\\/\\\/ammann-stepstore.com\\\/#\\\/schema\\\/logo\\\/image\\\/\"},\"sameAs\":[\"https:\\\/\\\/www.instagram.com\\\/easystep_bautreppe\\\/\"]}]}<\/script>\n<!-- \/ Yoast SEO plugin. -->","yoast_head_json":{"title":"Pol\u00edtica de privacidade - Ammann Stepstore","description":"O controlador respons\u00e1vel pelo processamento de dados neste s\u00edtio Web \u00e9: easy-step GmbH, Robert-Bosch-Str. 2, 86830 Schwabm\u00fcnchen, Alemanha","robots":{"index":"index","follow":"follow","max-snippet":"max-snippet:-1","max-image-preview":"max-image-preview:large","max-video-preview":"max-video-preview:-1"},"canonical":"https:\/\/ammann-stepstore.com\/pt\/protecao-de-dados\/","og_locale":"pt_PT","og_type":"article","og_title":"Datenschutzerkl\u00e4rung - Ammann Stepstore","og_description":"Die verantwortliche Stelle f\u00fcr die Datenverarbeitung auf dieser Website ist: easy-step GmbH, Robert-Bosch-Str. 2, 86830 Schwabm\u00fcnchen","og_url":"https:\/\/ammann-stepstore.com\/pt\/protecao-de-dados\/","og_site_name":"Ammann Stepstore","og_image":[{"width":300,"height":300,"url":"https:\/\/ammann-stepstore.com\/wp-content\/uploads\/2018\/12\/transport-behelfstreppe-03.jpg","type":"image\/jpeg"}],"twitter_card":"summary_large_image","twitter_misc":{"Tempo estimado de leitura":"1 minuto"},"schema":{"@context":"https:\/\/schema.org","@graph":[{"@type":"WebPage","@id":"https:\/\/ammann-stepstore.com\/datenschutz\/","url":"https:\/\/ammann-stepstore.com\/datenschutz\/","name":"Pol\u00edtica de privacidade - Ammann Stepstore","isPartOf":{"@id":"https:\/\/ammann-stepstore.com\/#website"},"datePublished":"2024-02-14T08:43:03+00:00","description":"O controlador respons\u00e1vel pelo processamento de dados neste s\u00edtio Web \u00e9: easy-step GmbH, Robert-Bosch-Str. 2, 86830 Schwabm\u00fcnchen, Alemanha","breadcrumb":{"@id":"https:\/\/ammann-stepstore.com\/datenschutz\/#breadcrumb"},"inLanguage":"pt-PT","potentialAction":[{"@type":"ReadAction","target":["https:\/\/ammann-stepstore.com\/datenschutz\/"]}]},{"@type":"BreadcrumbList","@id":"https:\/\/ammann-stepstore.com\/datenschutz\/#breadcrumb","itemListElement":[{"@type":"ListItem","position":1,"name":"Startseite","item":"https:\/\/ammann-stepstore.com\/"},{"@type":"ListItem","position":2,"name":"Datenschutzerkl\u00e4rung"}]},{"@type":"WebSite","@id":"https:\/\/ammann-stepstore.com\/#website","url":"https:\/\/ammann-stepstore.com\/","name":"Ammann Stepstore","description":"Comprar acess\u00f3rios para escadas comodamente em linha","publisher":{"@id":"https:\/\/ammann-stepstore.com\/#organization"},"potentialAction":[{"@type":"SearchAction","target":{"@type":"EntryPoint","urlTemplate":"https:\/\/ammann-stepstore.com\/?s={search_term_string}"},"query-input":{"@type":"PropertyValueSpecification","valueRequired":true,"valueName":"search_term_string"}}],"inLanguage":"pt-PT"},{"@type":"Organization","@id":"https:\/\/ammann-stepstore.com\/#organization","name":"easy-step GmbH","url":"https:\/\/ammann-stepstore.com\/","logo":{"@type":"ImageObject","inLanguage":"pt-PT","@id":"https:\/\/ammann-stepstore.com\/#\/schema\/logo\/image\/","url":"https:\/\/ammann-stepstore.com\/wp-content\/uploads\/2018\/09\/Systembautreppe-merged.png","contentUrl":"https:\/\/ammann-stepstore.com\/wp-content\/uploads\/2018\/09\/Systembautreppe-merged.png","width":273,"height":67,"caption":"easy-step GmbH"},"image":{"@id":"https:\/\/ammann-stepstore.com\/#\/schema\/logo\/image\/"},"sameAs":["https:\/\/www.instagram.com\/easystep_bautreppe\/"]}]}},"_links":{"self":[{"href":"https:\/\/ammann-stepstore.com\/pt\/wp-json\/wp\/v2\/pages\/3","targetHints":{"allow":["GET"]}}],"collection":[{"href":"https:\/\/ammann-stepstore.com\/pt\/wp-json\/wp\/v2\/pages"}],"about":[{"href":"https:\/\/ammann-stepstore.com\/pt\/wp-json\/wp\/v2\/types\/page"}],"author":[{"embeddable":true,"href":"https:\/\/ammann-stepstore.com\/pt\/wp-json\/wp\/v2\/users\/10"}],"replies":[{"embeddable":true,"href":"https:\/\/ammann-stepstore.com\/pt\/wp-json\/wp\/v2\/comments?post=3"}],"version-history":[{"count":0,"href":"https:\/\/ammann-stepstore.com\/pt\/wp-json\/wp\/v2\/pages\/3\/revisions"}],"wp:attachment":[{"href":"https:\/\/ammann-stepstore.com\/pt\/wp-json\/wp\/v2\/media?parent=3"}],"curies":[{"name":"wp","href":"https:\/\/api.w.org\/{rel}","templated":true}]}}