{"id":8487,"date":"2026-01-29T15:08:16","date_gmt":"2026-01-29T14:08:16","guid":{"rendered":"https:\/\/ammann-stepstore.com\/?post_type=product&#038;p=8487"},"modified":"2026-03-31T11:25:29","modified_gmt":"2026-03-31T09:25:29","slug":"roestvrijstalen-trapondersteuning-voor-inschroefbare-stalen-trapbomen","status":"publish","type":"product","link":"https:\/\/ammann-stepstore.com\/nl\/produkt\/stufenauflager-aus-edelstahl-fuer-stahlwangentreppen-zum-einschrauben\/","title":{"rendered":"Roestvrijstalen trapondersteuning voor inschroefbare stalen trapbomen"},"content":{"rendered":"<div>\n<p>Trapneusbevestiging van Ammann Trappen:<\/p>\n<p data-start=\"437\" data-end=\"690\">We hebben ook de juiste trapondersteuningen voor stalen trapbomen ontwikkeld. Met onze hoogwaardige trapopleggingen voor stalen trapbomen kunnen treden eenvoudig, precies en permanent aan een trap met stalen trapbomen worden bevestigd.<\/p>\n<p data-start=\"692\" data-end=\"978\">Onze opschroefbare roestvrijstalen trapsteunen bieden een praktische en stijlvolle oplossing voor het bevestigen van traptreden aan stalen trapbomen. Ze zijn eenvoudig te installeren door ze aan de stalen trapboom te schroeven en bieden een stabiele en schone ondersteuning voor de traptrede.<\/p>\n<p data-start=\"980\" data-end=\"1195\">De inschroefbare trapsteunen voor stalen trapbomen zijn ideaal voor moderne trappenbouw en maken het zowel voor professionals als doe-het-zelvers gemakkelijker om houten treden nauwkeurig op stalen trapbomen te plaatsen.<\/p>\n<p data-start=\"1197\" data-end=\"1373\">Bestel nu onze trapsteunen voor stalen trapbomen en ontdek een geavanceerde oplossing voor de veilige en duurzame bevestiging van traptreden.<\/p>\n<\/div>\n<div><\/div>\n<div><\/div>\n<div><\/div>\n<div>Artikel informatie:<\/div>\n<div><\/div>\n<div><\/div>\n<div>\n<div><span style=\"color: #202020; font-family: Helvetica Neue, Helvetica, Arial, sans-serif;\">9 mm draadeind voor wangmontage voor vastschroeven met 20 mm <\/span>\u00d8 en M8 draad, afstand tussen trap en trap 5mm voor geluidsisolatie, trapondersteuning 45mm<\/div>\n<div>Geleverd zonder schroeven (4,5 x 40 Torx houtschroeven worden aanbevolen voor 45 mm dikke treden)<\/div>\n<div><\/div>\n<div><\/div>\n<div><span style=\"color: #202020; font-family: Helvetica Neue, Helvetica, Arial, sans-serif;\">Er zijn 4 trapsteunen nodig per rechte trede.<\/span><\/div>\n<\/div>\n<div><\/div>\n<div>Verzending vanuit Duitsland.<\/div>\n<div>\n<div><\/div>\n<div>\n<div><\/div>\n<div><\/div>\n<div>Trapneussteun, stalen trapneussteun, trapneussteun, trapsteun, traphanger, houten trapbeugel, trapneusbevestiging, trapanker, trapneussteun, trapbeugel, verbindingsstuk voor staal en hout<\/div>\n<\/div>\n<\/div>","protected":false},"excerpt":{"rendered":"<p>per eenheid voor een trap met 15 stootborden<\/p>","protected":false},"featured_media":8490,"comment_status":"closed","ping_status":"closed","template":"","meta":[],"product_brand":[],"product_cat":[78],"product_tag":[],"class_list":{"0":"post-8487","1":"product","2":"type-product","3":"status-publish","4":"has-post-thumbnail","6":"product_cat-stufenauflager","8":"first","9":"instock","10":"taxable","11":"shipping-taxable","12":"purchasable","13":"product-type-simple"},"yoast_head":"<!-- This site is optimized with the Yoast SEO plugin v27.4 - https:\/\/yoast.com\/product\/yoast-seo-wordpress\/ -->\n<title>Stufenauflager aus Edelstahl f\u00fcr Stahlwangentreppen zum Einschrauben - Ammann Stepstore<\/title>\n<meta name=\"description\" content=\"Treppenstufenbefestigung aus Edelstahl f\u00fcr Stahlwangentreppen zum Einschrauben. Jetzt Stufentr\u00e4ger kaufen im Online-Shop von Ammann Treppen.\" \/>\n<meta name=\"robots\" content=\"index, follow, max-snippet:-1, max-image-preview:large, max-video-preview:-1\" \/>\n<link rel=\"canonical\" href=\"https:\/\/ammann-stepstore.com\/nl\/product-2\/roestvrijstalen-trapondersteuning-voor-inschroefbare-stalen-trapbomen\/\" \/>\n<meta property=\"og:locale\" content=\"nl_NL\" \/>\n<meta property=\"og:type\" content=\"article\" \/>\n<meta property=\"og:title\" content=\"Stufenauflager aus Edelstahl f\u00fcr Stahlwangentreppen zum Einschrauben - Ammann Stepstore\" \/>\n<meta property=\"og:description\" content=\"Treppenstufenbefestigung aus Edelstahl f\u00fcr Stahlwangentreppen zum Einschrauben. Jetzt Stufentr\u00e4ger kaufen im Online-Shop von Ammann Treppen.\" \/>\n<meta property=\"og:url\" content=\"https:\/\/ammann-stepstore.com\/nl\/product-2\/roestvrijstalen-trapondersteuning-voor-inschroefbare-stalen-trapbomen\/\" \/>\n<meta property=\"og:site_name\" content=\"Ammann Stepstore\" \/>\n<meta property=\"article:modified_time\" content=\"2026-03-31T09:25:29+00:00\" \/>\n<meta property=\"og:image\" content=\"https:\/\/ammann-stepstore.com\/wp-content\/uploads\/2026\/01\/StufenlagerStahlwangeSchraubbar.jpg\" \/>\n\t<meta property=\"og:image:width\" content=\"790\" \/>\n\t<meta property=\"og:image:height\" content=\"1000\" \/>\n\t<meta property=\"og:image:type\" content=\"image\/jpeg\" \/>\n<meta name=\"twitter:card\" content=\"summary_large_image\" \/>\n<meta name=\"twitter:label1\" content=\"Geschatte leestijd\" \/>\n\t<meta name=\"twitter:data1\" content=\"2 minuten\" \/>\n<script type=\"application\/ld+json\" class=\"yoast-schema-graph\">{\"@context\":\"https:\\\/\\\/schema.org\",\"@graph\":[{\"@type\":\"WebPage\",\"@id\":\"https:\\\/\\\/ammann-stepstore.com\\\/de\\\/produkt\\\/stufenauflager-aus-edelstahl-fuer-stahlwangentreppen-zum-einschrauben\\\/\",\"url\":\"https:\\\/\\\/ammann-stepstore.com\\\/de\\\/produkt\\\/stufenauflager-aus-edelstahl-fuer-stahlwangentreppen-zum-einschrauben\\\/\",\"name\":\"Stufenauflager aus Edelstahl f\u00fcr Stahlwangentreppen zum Einschrauben - Ammann Stepstore\",\"isPartOf\":{\"@id\":\"https:\\\/\\\/ammann-stepstore.com\\\/#website\"},\"primaryImageOfPage\":{\"@id\":\"https:\\\/\\\/ammann-stepstore.com\\\/de\\\/produkt\\\/stufenauflager-aus-edelstahl-fuer-stahlwangentreppen-zum-einschrauben\\\/#primaryimage\"},\"image\":{\"@id\":\"https:\\\/\\\/ammann-stepstore.com\\\/de\\\/produkt\\\/stufenauflager-aus-edelstahl-fuer-stahlwangentreppen-zum-einschrauben\\\/#primaryimage\"},\"thumbnailUrl\":\"https:\\\/\\\/ammann-stepstore.com\\\/wp-content\\\/uploads\\\/2026\\\/01\\\/StufenlagerStahlwangeSchraubbar.jpg\",\"datePublished\":\"2026-01-29T14:08:16+00:00\",\"dateModified\":\"2026-03-31T09:25:29+00:00\",\"description\":\"Treppenstufenbefestigung aus Edelstahl f\u00fcr Stahlwangentreppen zum Einschrauben. Jetzt Stufentr\u00e4ger kaufen im Online-Shop von Ammann Treppen.\",\"breadcrumb\":{\"@id\":\"https:\\\/\\\/ammann-stepstore.com\\\/de\\\/produkt\\\/stufenauflager-aus-edelstahl-fuer-stahlwangentreppen-zum-einschrauben\\\/#breadcrumb\"},\"inLanguage\":\"nl-NL\",\"potentialAction\":[{\"@type\":\"ReadAction\",\"target\":[\"https:\\\/\\\/ammann-stepstore.com\\\/de\\\/produkt\\\/stufenauflager-aus-edelstahl-fuer-stahlwangentreppen-zum-einschrauben\\\/\"]}]},{\"@type\":\"ImageObject\",\"inLanguage\":\"nl-NL\",\"@id\":\"https:\\\/\\\/ammann-stepstore.com\\\/de\\\/produkt\\\/stufenauflager-aus-edelstahl-fuer-stahlwangentreppen-zum-einschrauben\\\/#primaryimage\",\"url\":\"https:\\\/\\\/ammann-stepstore.com\\\/wp-content\\\/uploads\\\/2026\\\/01\\\/StufenlagerStahlwangeSchraubbar.jpg\",\"contentUrl\":\"https:\\\/\\\/ammann-stepstore.com\\\/wp-content\\\/uploads\\\/2026\\\/01\\\/StufenlagerStahlwangeSchraubbar.jpg\",\"width\":790,\"height\":1000,\"caption\":\"Stufenhalter f\u00fcr Stahlwangentreppen zum Einschrauben\"},{\"@type\":\"BreadcrumbList\",\"@id\":\"https:\\\/\\\/ammann-stepstore.com\\\/de\\\/produkt\\\/stufenauflager-aus-edelstahl-fuer-stahlwangentreppen-zum-einschrauben\\\/#breadcrumb\",\"itemListElement\":[{\"@type\":\"ListItem\",\"position\":1,\"name\":\"Startseite\",\"item\":\"https:\\\/\\\/ammann-stepstore.com\\\/\"},{\"@type\":\"ListItem\",\"position\":2,\"name\":\"Shop\",\"item\":\"https:\\\/\\\/ammann-stepstore.com\\\/shop\\\/\"},{\"@type\":\"ListItem\",\"position\":3,\"name\":\"Stufenauflager aus Edelstahl f\u00fcr Stahlwangentreppen zum Einschrauben\"}]},{\"@type\":\"WebSite\",\"@id\":\"https:\\\/\\\/ammann-stepstore.com\\\/#website\",\"url\":\"https:\\\/\\\/ammann-stepstore.com\\\/\",\"name\":\"Ammann Stepstore\",\"description\":\"Treppenbau-Zubeh\u00f6r bequem online kaufen\",\"publisher\":{\"@id\":\"https:\\\/\\\/ammann-stepstore.com\\\/#organization\"},\"potentialAction\":[{\"@type\":\"SearchAction\",\"target\":{\"@type\":\"EntryPoint\",\"urlTemplate\":\"https:\\\/\\\/ammann-stepstore.com\\\/?s={search_term_string}\"},\"query-input\":{\"@type\":\"PropertyValueSpecification\",\"valueRequired\":true,\"valueName\":\"search_term_string\"}}],\"inLanguage\":\"nl-NL\"},{\"@type\":\"Organization\",\"@id\":\"https:\\\/\\\/ammann-stepstore.com\\\/#organization\",\"name\":\"easy-step GmbH\",\"url\":\"https:\\\/\\\/ammann-stepstore.com\\\/\",\"logo\":{\"@type\":\"ImageObject\",\"inLanguage\":\"nl-NL\",\"@id\":\"https:\\\/\\\/ammann-stepstore.com\\\/#\\\/schema\\\/logo\\\/image\\\/\",\"url\":\"https:\\\/\\\/ammann-stepstore.com\\\/wp-content\\\/uploads\\\/2018\\\/09\\\/Systembautreppe-merged.png\",\"contentUrl\":\"https:\\\/\\\/ammann-stepstore.com\\\/wp-content\\\/uploads\\\/2018\\\/09\\\/Systembautreppe-merged.png\",\"width\":273,\"height\":67,\"caption\":\"easy-step GmbH\"},\"image\":{\"@id\":\"https:\\\/\\\/ammann-stepstore.com\\\/#\\\/schema\\\/logo\\\/image\\\/\"},\"sameAs\":[\"https:\\\/\\\/www.instagram.com\\\/easystep_bautreppe\\\/\"]}]}<\/script>\n<!-- \/ Yoast SEO plugin. -->","yoast_head_json":{"title":"Roestvrij stalen trapondersteuning voor inschroefbare stalen trapbomen - Ammann Stepstore","description":"Roestvrijstalen traptredebevestiging voor stalen trapbomen om in te schroeven. Koop nu trapsteunen in de online shop van Ammann Treppen.","robots":{"index":"index","follow":"follow","max-snippet":"max-snippet:-1","max-image-preview":"max-image-preview:large","max-video-preview":"max-video-preview:-1"},"canonical":"https:\/\/ammann-stepstore.com\/nl\/product-2\/roestvrijstalen-trapondersteuning-voor-inschroefbare-stalen-trapbomen\/","og_locale":"nl_NL","og_type":"article","og_title":"Stufenauflager aus Edelstahl f\u00fcr Stahlwangentreppen zum Einschrauben - Ammann Stepstore","og_description":"Treppenstufenbefestigung aus Edelstahl f\u00fcr Stahlwangentreppen zum Einschrauben. Jetzt Stufentr\u00e4ger kaufen im Online-Shop von Ammann Treppen.","og_url":"https:\/\/ammann-stepstore.com\/nl\/product-2\/roestvrijstalen-trapondersteuning-voor-inschroefbare-stalen-trapbomen\/","og_site_name":"Ammann Stepstore","article_modified_time":"2026-03-31T09:25:29+00:00","og_image":[{"width":790,"height":1000,"url":"https:\/\/ammann-stepstore.com\/wp-content\/uploads\/2026\/01\/StufenlagerStahlwangeSchraubbar.jpg","type":"image\/jpeg"}],"twitter_card":"summary_large_image","twitter_misc":{"Geschatte leestijd":"2 minuten"},"schema":{"@context":"https:\/\/schema.org","@graph":[{"@type":"WebPage","@id":"https:\/\/ammann-stepstore.com\/de\/produkt\/stufenauflager-aus-edelstahl-fuer-stahlwangentreppen-zum-einschrauben\/","url":"https:\/\/ammann-stepstore.com\/de\/produkt\/stufenauflager-aus-edelstahl-fuer-stahlwangentreppen-zum-einschrauben\/","name":"Roestvrij stalen trapondersteuning voor inschroefbare stalen trapbomen - Ammann Stepstore","isPartOf":{"@id":"https:\/\/ammann-stepstore.com\/#website"},"primaryImageOfPage":{"@id":"https:\/\/ammann-stepstore.com\/de\/produkt\/stufenauflager-aus-edelstahl-fuer-stahlwangentreppen-zum-einschrauben\/#primaryimage"},"image":{"@id":"https:\/\/ammann-stepstore.com\/de\/produkt\/stufenauflager-aus-edelstahl-fuer-stahlwangentreppen-zum-einschrauben\/#primaryimage"},"thumbnailUrl":"https:\/\/ammann-stepstore.com\/wp-content\/uploads\/2026\/01\/StufenlagerStahlwangeSchraubbar.jpg","datePublished":"2026-01-29T14:08:16+00:00","dateModified":"2026-03-31T09:25:29+00:00","description":"Roestvrijstalen traptredebevestiging voor stalen trapbomen om in te schroeven. Koop nu trapsteunen in de online shop van Ammann Treppen.","breadcrumb":{"@id":"https:\/\/ammann-stepstore.com\/de\/produkt\/stufenauflager-aus-edelstahl-fuer-stahlwangentreppen-zum-einschrauben\/#breadcrumb"},"inLanguage":"nl-NL","potentialAction":[{"@type":"ReadAction","target":["https:\/\/ammann-stepstore.com\/de\/produkt\/stufenauflager-aus-edelstahl-fuer-stahlwangentreppen-zum-einschrauben\/"]}]},{"@type":"ImageObject","inLanguage":"nl-NL","@id":"https:\/\/ammann-stepstore.com\/de\/produkt\/stufenauflager-aus-edelstahl-fuer-stahlwangentreppen-zum-einschrauben\/#primaryimage","url":"https:\/\/ammann-stepstore.com\/wp-content\/uploads\/2026\/01\/StufenlagerStahlwangeSchraubbar.jpg","contentUrl":"https:\/\/ammann-stepstore.com\/wp-content\/uploads\/2026\/01\/StufenlagerStahlwangeSchraubbar.jpg","width":790,"height":1000,"caption":"Stufenhalter f\u00fcr Stahlwangentreppen zum Einschrauben"},{"@type":"BreadcrumbList","@id":"https:\/\/ammann-stepstore.com\/de\/produkt\/stufenauflager-aus-edelstahl-fuer-stahlwangentreppen-zum-einschrauben\/#breadcrumb","itemListElement":[{"@type":"ListItem","position":1,"name":"Startseite","item":"https:\/\/ammann-stepstore.com\/"},{"@type":"ListItem","position":2,"name":"Shop","item":"https:\/\/ammann-stepstore.com\/shop\/"},{"@type":"ListItem","position":3,"name":"Stufenauflager aus Edelstahl f\u00fcr Stahlwangentreppen zum Einschrauben"}]},{"@type":"WebSite","@id":"https:\/\/ammann-stepstore.com\/#website","url":"https:\/\/ammann-stepstore.com\/","name":"Ammann Stapstore","description":"Trapaccessoires gemakkelijk online kopen","publisher":{"@id":"https:\/\/ammann-stepstore.com\/#organization"},"potentialAction":[{"@type":"SearchAction","target":{"@type":"EntryPoint","urlTemplate":"https:\/\/ammann-stepstore.com\/?s={search_term_string}"},"query-input":{"@type":"PropertyValueSpecification","valueRequired":true,"valueName":"search_term_string"}}],"inLanguage":"nl-NL"},{"@type":"Organization","@id":"https:\/\/ammann-stepstore.com\/#organization","name":"easy-step GmbH","url":"https:\/\/ammann-stepstore.com\/","logo":{"@type":"ImageObject","inLanguage":"nl-NL","@id":"https:\/\/ammann-stepstore.com\/#\/schema\/logo\/image\/","url":"https:\/\/ammann-stepstore.com\/wp-content\/uploads\/2018\/09\/Systembautreppe-merged.png","contentUrl":"https:\/\/ammann-stepstore.com\/wp-content\/uploads\/2018\/09\/Systembautreppe-merged.png","width":273,"height":67,"caption":"easy-step GmbH"},"image":{"@id":"https:\/\/ammann-stepstore.com\/#\/schema\/logo\/image\/"},"sameAs":["https:\/\/www.instagram.com\/easystep_bautreppe\/"]}]}},"_links":{"self":[{"href":"https:\/\/ammann-stepstore.com\/nl\/wp-json\/wp\/v2\/product\/8487","targetHints":{"allow":["GET"]}}],"collection":[{"href":"https:\/\/ammann-stepstore.com\/nl\/wp-json\/wp\/v2\/product"}],"about":[{"href":"https:\/\/ammann-stepstore.com\/nl\/wp-json\/wp\/v2\/types\/product"}],"replies":[{"embeddable":true,"href":"https:\/\/ammann-stepstore.com\/nl\/wp-json\/wp\/v2\/comments?post=8487"}],"wp:featuredmedia":[{"embeddable":true,"href":"https:\/\/ammann-stepstore.com\/nl\/wp-json\/wp\/v2\/media\/8490"}],"wp:attachment":[{"href":"https:\/\/ammann-stepstore.com\/nl\/wp-json\/wp\/v2\/media?parent=8487"}],"wp:term":[{"taxonomy":"product_brand","embeddable":true,"href":"https:\/\/ammann-stepstore.com\/nl\/wp-json\/wp\/v2\/product_brand?post=8487"},{"taxonomy":"product_cat","embeddable":true,"href":"https:\/\/ammann-stepstore.com\/nl\/wp-json\/wp\/v2\/product_cat?post=8487"},{"taxonomy":"product_tag","embeddable":true,"href":"https:\/\/ammann-stepstore.com\/nl\/wp-json\/wp\/v2\/product_tag?post=8487"}],"curies":[{"name":"wp","href":"https:\/\/api.w.org\/{rel}","templated":true}]}}