{"id":8474,"date":"2026-01-29T10:49:53","date_gmt":"2026-01-29T09:49:53","guid":{"rendered":"https:\/\/ammann-stepstore.com\/?post_type=product&#038;p=8474"},"modified":"2026-03-31T11:26:50","modified_gmt":"2026-03-31T09:26:50","slug":"trapondersteuningsset-voor-directe-wandmontage","status":"publish","type":"product","link":"https:\/\/ammann-stepstore.com\/nl\/produkt\/stufenauflager-set-fuer-direkte-wandmontage\/","title":{"rendered":"Trapsteunset voor directe wandmontage"},"content":{"rendered":"<div>\n<p>Trapneusbevestiging van Ammann Trappen:<\/p>\n<p data-start=\"390\" data-end=\"648\">We hebben speciale trapsteunen voor muurbevestiging ontwikkeld om treden stevig aan de muur te bevestigen. Hierdoor kunnen treden rechtstreeks aan de muur worden bevestigd, zelfs zonder een klassieke muurspijl of laterale trapconstructie.<\/p>\n<p data-start=\"650\" data-end=\"964\">Onze set voor traptreden voor wandmontage bestaat uit een traplager voor wandmontage, een rubberen ontkoppeling voor het draaipunt en een bijpassende afdekschijf. Deze oplossing maakt een stabiele, duurzame en tegelijkertijd geluidsontkoppelde bevestiging van houten treden aan de muur mogelijk.<\/p>\n<p data-start=\"966\" data-end=\"1150\">Ideaal voor moderne trapconstructies waarbij de treden rechtstreeks op de muur moeten worden gemonteerd - bijvoorbeeld vrijdragende trappen of trappen zonder trapboom.<\/p>\n<\/div>\n<div><\/div>\n<div><\/div>\n<div><\/div>\n<div><\/div>\n<div>Artikel informatie:<\/div>\n<div><\/div>\n<div><\/div>\n<div>\n<div><span style=\"color: #202020; font-family: Helvetica Neue, Helvetica, Arial, sans-serif;\">80 mm aansluittuit voor directe wandmontage met 20 mm <\/span>\u00d8 + 5 mm rubberen lager voor geluidsisolatie, resulteert in 25 mm \u00d8 gat in de muur, afstand tussen de muur en de trede 10 mm voor extra geluidsisolatie, tredesteun 45 mm<\/div>\n<div>Geleverd zonder schroeven (4,5 x 40 Torx houtschroeven worden aanbevolen voor 45 mm dikke treden)<\/div>\n<div><\/div>\n<div>Zie de montagehandleiding voor alle verdere informatie.<\/div>\n<div><span style=\"color: #202020; font-family: Helvetica Neue, Helvetica, Arial, sans-serif;\">Er zijn 4 trapsteunen nodig per rechte trede.<\/span><\/div>\n<div><\/div>\n<div>Verzending vanuit Duitsland.<\/div>\n<div>\n<div><\/div>\n<div><\/div>\n<div>Trapneussteun, trapneussteun voor directe wandmontage, trapneussteun, trapsteun, traphanger, houten trapbeugel, trapneusbevestiging, trapanker, trapneussteun, trapbeugel, houten verbindingsstuk<\/div>\n<\/div>\n<\/div>","protected":false},"excerpt":{"rendered":"<p>per eenheid voor een trap met 15 stootborden<\/p>","protected":false},"featured_media":8481,"comment_status":"closed","ping_status":"closed","template":"","meta":[],"product_brand":[],"product_cat":[78],"product_tag":[],"class_list":{"0":"post-8474","1":"product","2":"type-product","3":"status-publish","4":"has-post-thumbnail","6":"product_cat-stufenauflager","8":"first","9":"instock","10":"taxable","11":"shipping-taxable","12":"purchasable","13":"product-type-simple"},"yoast_head":"<!-- This site is optimized with the Yoast SEO plugin v27.4 - https:\/\/yoast.com\/product\/yoast-seo-wordpress\/ -->\n<title>Stufenauflager-Set f\u00fcr direkte Wandmontage - Ammann Stepstore<\/title>\n<meta name=\"description\" content=\"Treppenstufenbefestigung aus Edelstahl f\u00fcr direkte Wandmontage. Jetzt Stufentr\u00e4ger kaufen im Online-Shop von Ammann Treppen.\" \/>\n<meta name=\"robots\" content=\"index, follow, max-snippet:-1, max-image-preview:large, max-video-preview:-1\" \/>\n<link rel=\"canonical\" href=\"https:\/\/ammann-stepstore.com\/nl\/product-2\/trapondersteuningsset-voor-directe-wandmontage\/\" \/>\n<meta property=\"og:locale\" content=\"nl_NL\" \/>\n<meta property=\"og:type\" content=\"article\" \/>\n<meta property=\"og:title\" content=\"Stufenauflager-Set f\u00fcr direkte Wandmontage - Ammann Stepstore\" \/>\n<meta property=\"og:description\" content=\"Treppenstufenbefestigung aus Edelstahl f\u00fcr direkte Wandmontage. Jetzt Stufentr\u00e4ger kaufen im Online-Shop von Ammann Treppen.\" \/>\n<meta property=\"og:url\" content=\"https:\/\/ammann-stepstore.com\/nl\/product-2\/trapondersteuningsset-voor-directe-wandmontage\/\" \/>\n<meta property=\"og:site_name\" content=\"Ammann Stepstore\" \/>\n<meta property=\"article:modified_time\" content=\"2026-03-31T09:26:50+00:00\" \/>\n<meta property=\"og:image\" content=\"https:\/\/ammann-stepstore.com\/wp-content\/uploads\/2026\/01\/StufenlagerWandmontage1-1.jpg\" \/>\n\t<meta property=\"og:image:width\" content=\"790\" \/>\n\t<meta property=\"og:image:height\" content=\"1000\" \/>\n\t<meta property=\"og:image:type\" content=\"image\/jpeg\" \/>\n<meta name=\"twitter:card\" content=\"summary_large_image\" \/>\n<meta name=\"twitter:label1\" content=\"Geschatte leestijd\" \/>\n\t<meta name=\"twitter:data1\" content=\"2 minuten\" \/>\n<script type=\"application\/ld+json\" class=\"yoast-schema-graph\">{\"@context\":\"https:\\\/\\\/schema.org\",\"@graph\":[{\"@type\":\"WebPage\",\"@id\":\"https:\\\/\\\/ammann-stepstore.com\\\/de\\\/produkt\\\/stufenauflager-set-fuer-direkte-wandmontage\\\/\",\"url\":\"https:\\\/\\\/ammann-stepstore.com\\\/de\\\/produkt\\\/stufenauflager-set-fuer-direkte-wandmontage\\\/\",\"name\":\"Stufenauflager-Set f\u00fcr direkte Wandmontage - Ammann Stepstore\",\"isPartOf\":{\"@id\":\"https:\\\/\\\/ammann-stepstore.com\\\/#website\"},\"primaryImageOfPage\":{\"@id\":\"https:\\\/\\\/ammann-stepstore.com\\\/de\\\/produkt\\\/stufenauflager-set-fuer-direkte-wandmontage\\\/#primaryimage\"},\"image\":{\"@id\":\"https:\\\/\\\/ammann-stepstore.com\\\/de\\\/produkt\\\/stufenauflager-set-fuer-direkte-wandmontage\\\/#primaryimage\"},\"thumbnailUrl\":\"https:\\\/\\\/ammann-stepstore.com\\\/wp-content\\\/uploads\\\/2026\\\/01\\\/StufenlagerWandmontage1-1.jpg\",\"datePublished\":\"2026-01-29T09:49:53+00:00\",\"dateModified\":\"2026-03-31T09:26:50+00:00\",\"description\":\"Treppenstufenbefestigung aus Edelstahl f\u00fcr direkte Wandmontage. Jetzt Stufentr\u00e4ger kaufen im Online-Shop von Ammann Treppen.\",\"breadcrumb\":{\"@id\":\"https:\\\/\\\/ammann-stepstore.com\\\/de\\\/produkt\\\/stufenauflager-set-fuer-direkte-wandmontage\\\/#breadcrumb\"},\"inLanguage\":\"nl-NL\",\"potentialAction\":[{\"@type\":\"ReadAction\",\"target\":[\"https:\\\/\\\/ammann-stepstore.com\\\/de\\\/produkt\\\/stufenauflager-set-fuer-direkte-wandmontage\\\/\"]}]},{\"@type\":\"ImageObject\",\"inLanguage\":\"nl-NL\",\"@id\":\"https:\\\/\\\/ammann-stepstore.com\\\/de\\\/produkt\\\/stufenauflager-set-fuer-direkte-wandmontage\\\/#primaryimage\",\"url\":\"https:\\\/\\\/ammann-stepstore.com\\\/wp-content\\\/uploads\\\/2026\\\/01\\\/StufenlagerWandmontage1-1.jpg\",\"contentUrl\":\"https:\\\/\\\/ammann-stepstore.com\\\/wp-content\\\/uploads\\\/2026\\\/01\\\/StufenlagerWandmontage1-1.jpg\",\"width\":790,\"height\":1000,\"caption\":\"Stufenbefestigung f\u00fcr die direkte Wandmontage\"},{\"@type\":\"BreadcrumbList\",\"@id\":\"https:\\\/\\\/ammann-stepstore.com\\\/de\\\/produkt\\\/stufenauflager-set-fuer-direkte-wandmontage\\\/#breadcrumb\",\"itemListElement\":[{\"@type\":\"ListItem\",\"position\":1,\"name\":\"Startseite\",\"item\":\"https:\\\/\\\/ammann-stepstore.com\\\/\"},{\"@type\":\"ListItem\",\"position\":2,\"name\":\"Shop\",\"item\":\"https:\\\/\\\/ammann-stepstore.com\\\/shop\\\/\"},{\"@type\":\"ListItem\",\"position\":3,\"name\":\"Stufenauflager-Set f\u00fcr direkte Wandmontage\"}]},{\"@type\":\"WebSite\",\"@id\":\"https:\\\/\\\/ammann-stepstore.com\\\/#website\",\"url\":\"https:\\\/\\\/ammann-stepstore.com\\\/\",\"name\":\"Ammann Stepstore\",\"description\":\"Treppenbau-Zubeh\u00f6r bequem online kaufen\",\"publisher\":{\"@id\":\"https:\\\/\\\/ammann-stepstore.com\\\/#organization\"},\"potentialAction\":[{\"@type\":\"SearchAction\",\"target\":{\"@type\":\"EntryPoint\",\"urlTemplate\":\"https:\\\/\\\/ammann-stepstore.com\\\/?s={search_term_string}\"},\"query-input\":{\"@type\":\"PropertyValueSpecification\",\"valueRequired\":true,\"valueName\":\"search_term_string\"}}],\"inLanguage\":\"nl-NL\"},{\"@type\":\"Organization\",\"@id\":\"https:\\\/\\\/ammann-stepstore.com\\\/#organization\",\"name\":\"easy-step GmbH\",\"url\":\"https:\\\/\\\/ammann-stepstore.com\\\/\",\"logo\":{\"@type\":\"ImageObject\",\"inLanguage\":\"nl-NL\",\"@id\":\"https:\\\/\\\/ammann-stepstore.com\\\/#\\\/schema\\\/logo\\\/image\\\/\",\"url\":\"https:\\\/\\\/ammann-stepstore.com\\\/wp-content\\\/uploads\\\/2018\\\/09\\\/Systembautreppe-merged.png\",\"contentUrl\":\"https:\\\/\\\/ammann-stepstore.com\\\/wp-content\\\/uploads\\\/2018\\\/09\\\/Systembautreppe-merged.png\",\"width\":273,\"height\":67,\"caption\":\"easy-step GmbH\"},\"image\":{\"@id\":\"https:\\\/\\\/ammann-stepstore.com\\\/#\\\/schema\\\/logo\\\/image\\\/\"},\"sameAs\":[\"https:\\\/\\\/www.instagram.com\\\/easystep_bautreppe\\\/\"]}]}<\/script>\n<!-- \/ Yoast SEO plugin. -->","yoast_head_json":{"title":"Opstapsteun voor directe wandmontage - Ammann Stepstore","description":"Roestvrijstalen trapneussteun voor directe wandmontage. Koop nu trapsteunen in de Ammann Treppen online shop.","robots":{"index":"index","follow":"follow","max-snippet":"max-snippet:-1","max-image-preview":"max-image-preview:large","max-video-preview":"max-video-preview:-1"},"canonical":"https:\/\/ammann-stepstore.com\/nl\/product-2\/trapondersteuningsset-voor-directe-wandmontage\/","og_locale":"nl_NL","og_type":"article","og_title":"Stufenauflager-Set f\u00fcr direkte Wandmontage - Ammann Stepstore","og_description":"Treppenstufenbefestigung aus Edelstahl f\u00fcr direkte Wandmontage. Jetzt Stufentr\u00e4ger kaufen im Online-Shop von Ammann Treppen.","og_url":"https:\/\/ammann-stepstore.com\/nl\/product-2\/trapondersteuningsset-voor-directe-wandmontage\/","og_site_name":"Ammann Stepstore","article_modified_time":"2026-03-31T09:26:50+00:00","og_image":[{"width":790,"height":1000,"url":"https:\/\/ammann-stepstore.com\/wp-content\/uploads\/2026\/01\/StufenlagerWandmontage1-1.jpg","type":"image\/jpeg"}],"twitter_card":"summary_large_image","twitter_misc":{"Geschatte leestijd":"2 minuten"},"schema":{"@context":"https:\/\/schema.org","@graph":[{"@type":"WebPage","@id":"https:\/\/ammann-stepstore.com\/de\/produkt\/stufenauflager-set-fuer-direkte-wandmontage\/","url":"https:\/\/ammann-stepstore.com\/de\/produkt\/stufenauflager-set-fuer-direkte-wandmontage\/","name":"Opstapsteun voor directe wandmontage - Ammann Stepstore","isPartOf":{"@id":"https:\/\/ammann-stepstore.com\/#website"},"primaryImageOfPage":{"@id":"https:\/\/ammann-stepstore.com\/de\/produkt\/stufenauflager-set-fuer-direkte-wandmontage\/#primaryimage"},"image":{"@id":"https:\/\/ammann-stepstore.com\/de\/produkt\/stufenauflager-set-fuer-direkte-wandmontage\/#primaryimage"},"thumbnailUrl":"https:\/\/ammann-stepstore.com\/wp-content\/uploads\/2026\/01\/StufenlagerWandmontage1-1.jpg","datePublished":"2026-01-29T09:49:53+00:00","dateModified":"2026-03-31T09:26:50+00:00","description":"Roestvrijstalen trapneussteun voor directe wandmontage. Koop nu trapsteunen in de Ammann Treppen online shop.","breadcrumb":{"@id":"https:\/\/ammann-stepstore.com\/de\/produkt\/stufenauflager-set-fuer-direkte-wandmontage\/#breadcrumb"},"inLanguage":"nl-NL","potentialAction":[{"@type":"ReadAction","target":["https:\/\/ammann-stepstore.com\/de\/produkt\/stufenauflager-set-fuer-direkte-wandmontage\/"]}]},{"@type":"ImageObject","inLanguage":"nl-NL","@id":"https:\/\/ammann-stepstore.com\/de\/produkt\/stufenauflager-set-fuer-direkte-wandmontage\/#primaryimage","url":"https:\/\/ammann-stepstore.com\/wp-content\/uploads\/2026\/01\/StufenlagerWandmontage1-1.jpg","contentUrl":"https:\/\/ammann-stepstore.com\/wp-content\/uploads\/2026\/01\/StufenlagerWandmontage1-1.jpg","width":790,"height":1000,"caption":"Stufenbefestigung f\u00fcr die direkte Wandmontage"},{"@type":"BreadcrumbList","@id":"https:\/\/ammann-stepstore.com\/de\/produkt\/stufenauflager-set-fuer-direkte-wandmontage\/#breadcrumb","itemListElement":[{"@type":"ListItem","position":1,"name":"Startseite","item":"https:\/\/ammann-stepstore.com\/"},{"@type":"ListItem","position":2,"name":"Shop","item":"https:\/\/ammann-stepstore.com\/shop\/"},{"@type":"ListItem","position":3,"name":"Stufenauflager-Set f\u00fcr direkte Wandmontage"}]},{"@type":"WebSite","@id":"https:\/\/ammann-stepstore.com\/#website","url":"https:\/\/ammann-stepstore.com\/","name":"Ammann Stapstore","description":"Trapaccessoires gemakkelijk online kopen","publisher":{"@id":"https:\/\/ammann-stepstore.com\/#organization"},"potentialAction":[{"@type":"SearchAction","target":{"@type":"EntryPoint","urlTemplate":"https:\/\/ammann-stepstore.com\/?s={search_term_string}"},"query-input":{"@type":"PropertyValueSpecification","valueRequired":true,"valueName":"search_term_string"}}],"inLanguage":"nl-NL"},{"@type":"Organization","@id":"https:\/\/ammann-stepstore.com\/#organization","name":"easy-step GmbH","url":"https:\/\/ammann-stepstore.com\/","logo":{"@type":"ImageObject","inLanguage":"nl-NL","@id":"https:\/\/ammann-stepstore.com\/#\/schema\/logo\/image\/","url":"https:\/\/ammann-stepstore.com\/wp-content\/uploads\/2018\/09\/Systembautreppe-merged.png","contentUrl":"https:\/\/ammann-stepstore.com\/wp-content\/uploads\/2018\/09\/Systembautreppe-merged.png","width":273,"height":67,"caption":"easy-step GmbH"},"image":{"@id":"https:\/\/ammann-stepstore.com\/#\/schema\/logo\/image\/"},"sameAs":["https:\/\/www.instagram.com\/easystep_bautreppe\/"]}]}},"_links":{"self":[{"href":"https:\/\/ammann-stepstore.com\/nl\/wp-json\/wp\/v2\/product\/8474","targetHints":{"allow":["GET"]}}],"collection":[{"href":"https:\/\/ammann-stepstore.com\/nl\/wp-json\/wp\/v2\/product"}],"about":[{"href":"https:\/\/ammann-stepstore.com\/nl\/wp-json\/wp\/v2\/types\/product"}],"replies":[{"embeddable":true,"href":"https:\/\/ammann-stepstore.com\/nl\/wp-json\/wp\/v2\/comments?post=8474"}],"wp:featuredmedia":[{"embeddable":true,"href":"https:\/\/ammann-stepstore.com\/nl\/wp-json\/wp\/v2\/media\/8481"}],"wp:attachment":[{"href":"https:\/\/ammann-stepstore.com\/nl\/wp-json\/wp\/v2\/media?parent=8474"}],"wp:term":[{"taxonomy":"product_brand","embeddable":true,"href":"https:\/\/ammann-stepstore.com\/nl\/wp-json\/wp\/v2\/product_brand?post=8474"},{"taxonomy":"product_cat","embeddable":true,"href":"https:\/\/ammann-stepstore.com\/nl\/wp-json\/wp\/v2\/product_cat?post=8474"},{"taxonomy":"product_tag","embeddable":true,"href":"https:\/\/ammann-stepstore.com\/nl\/wp-json\/wp\/v2\/product_tag?post=8474"}],"curies":[{"name":"wp","href":"https:\/\/api.w.org\/{rel}","templated":true}]}}