{"id":8128,"date":"2024-04-11T11:04:31","date_gmt":"2024-04-11T09:04:31","guid":{"rendered":"https:\/\/ammann-stepstore-18589519.wptestserver2.de\/?post_type=product&#038;p=8128"},"modified":"2026-04-15T15:25:05","modified_gmt":"2026-04-15T13:25:05","slug":"leuningsteun-leuningsteun-classic-ral-9005","status":"publish","type":"product","link":"https:\/\/ammann-stepstore.com\/nl\/produkt\/handlaufhalter-handlaufstuetze-handlauftraeger-handlaufhalterung-classic-ral-9005\/","title":{"rendered":"Leuninghouder roestvrij staal Classic - zwart"},"content":{"rendered":"<p data-start=\"273\" data-end=\"352\">Klassieke leuninghouder in zwart - moderne leuninghouder voor trappen<\/p>\n<p data-start=\"354\" data-end=\"591\">De Classic leuninghouder in zwart combineert modern design met stabiele functionaliteit. Hij is ideaal voor het bevestigen van leuningen aan trappen en muren en zorgt voor een veilige en duurzame installatie van leuningen.<\/p>\n<p data-start=\"593\" data-end=\"910\">Dankzij het elegante zwarte oppervlak past deze leuninghouder voor trappen en trapleuningen bijzonder harmonieus in moderne woonruimtes, industri\u00eble inrichtingsstijlen of donkere leuningen. Tegelijkertijd zorgt het stevige ontwerp voor een betrouwbare verbinding tussen de leuning en de muur.<\/p>\n<p data-start=\"912\" data-end=\"1135\">De zwarte leuninghouder is geschikt voor verschillende leuningen, bijvoorbeeld van hout of metaal, en biedt een duurzame oplossing voor trappen, trapleuningen en muurleuningen in woningen of bedrijfspanden.<\/p>\n<p data-start=\"1137\" data-end=\"1344\">Dankzij de eenvoudige montage kan de leuninghouder voor wandmontage snel en eenvoudig worden ge\u00efnstalleerd. Zo ontstaat in korte tijd een veilige en visueel aantrekkelijke leuningconstructie.<\/p>\n<p data-start=\"1346\" data-end=\"1539\">Ga voor modern design en betrouwbare technologie met de Classic leuninghouder in zwart - de ideale oplossing voor een stijlvolle en stabiele leuningbevestiging aan je trap.<\/p>\n<p>Artikel informatie:<\/p>\n<p>Enden der Halterung auf einer Seite rund und auf einer Seite gerade &#8211; somit k\u00f6nnen eckige und runde Handl\u00e4ufe montiert werden.<\/p>\n<p>(3-delige leuninghouder)<\/p>\n<p>&nbsp;<\/p>\n<p>Verzending vanuit Duitsland.<\/p>","protected":false},"excerpt":{"rendered":"<p>Handlaufhalter Classic in Schwarz \u2013 moderne Handlaufbefestigung f\u00fcr Treppen Der Handlaufhalter Classic in Schwarz verbindet modernes Design mit stabiler Funktionalit\u00e4t. Er eignet sich ideal f\u00fcr die Befestigung von Handl\u00e4ufen an Treppen und W\u00e4nden und sorgt f\u00fcr eine sichere und langlebige Handlaufmontage. Durch die elegante schwarze Oberfl\u00e4che f\u00fcgt sich dieser Handlaufhalter f\u00fcr Treppen und Gel\u00e4nder besonders&#8230;<\/p>","protected":false},"featured_media":8137,"comment_status":"closed","ping_status":"closed","template":"","meta":[],"product_brand":[],"product_cat":[77],"product_tag":[],"class_list":{"0":"post-8128","1":"product","2":"type-product","3":"status-publish","4":"has-post-thumbnail","6":"product_cat-wandlaufhalter","8":"first","9":"instock","10":"taxable","11":"shipping-taxable","12":"purchasable","13":"product-type-simple"},"yoast_head":"<!-- This site is optimized with the Yoast SEO plugin v27.4 - https:\/\/yoast.com\/product\/yoast-seo-wordpress\/ -->\n<title>Handlaufhalter Edelstahl Classic - Schwarz - Ammann Stepstore<\/title>\n<meta name=\"description\" content=\"Unser Handlaufhalter-Classic RAL 9005 passt perfekt in jedes Haus. Egal ob klassisch, oder modern: Dieser Handlauftr\u00e4ger passt immer perfekt.\" \/>\n<meta name=\"robots\" content=\"index, follow, max-snippet:-1, max-image-preview:large, max-video-preview:-1\" \/>\n<link rel=\"canonical\" href=\"https:\/\/ammann-stepstore.com\/nl\/product-2\/leuningsteun-leuningsteun-classic-ral-9005\/\" \/>\n<meta property=\"og:locale\" content=\"nl_NL\" \/>\n<meta property=\"og:type\" content=\"article\" \/>\n<meta property=\"og:title\" content=\"Handlaufhalter Edelstahl Classic - Schwarz - Ammann Stepstore\" \/>\n<meta property=\"og:description\" content=\"Unser Handlaufhalter-Classic RAL 9005 passt perfekt in jedes Haus. Egal ob klassisch, oder modern: Dieser Handlauftr\u00e4ger passt immer perfekt.\" \/>\n<meta property=\"og:url\" content=\"https:\/\/ammann-stepstore.com\/nl\/product-2\/leuningsteun-leuningsteun-classic-ral-9005\/\" \/>\n<meta property=\"og:site_name\" content=\"Ammann Stepstore\" \/>\n<meta property=\"article:modified_time\" content=\"2026-04-15T13:25:05+00:00\" \/>\n<meta property=\"og:image\" content=\"https:\/\/ammann-stepstore.com\/wp-content\/uploads\/2024\/04\/Ammann-Treppen_Wandlaufhalter_RAL9005_1-1.jpg\" \/>\n\t<meta property=\"og:image:width\" content=\"790\" \/>\n\t<meta property=\"og:image:height\" content=\"1000\" \/>\n\t<meta property=\"og:image:type\" content=\"image\/jpeg\" \/>\n<meta name=\"twitter:card\" content=\"summary_large_image\" \/>\n<meta name=\"twitter:label1\" content=\"Geschatte leestijd\" \/>\n\t<meta name=\"twitter:data1\" content=\"2 minuten\" \/>\n<script type=\"application\/ld+json\" class=\"yoast-schema-graph\">{\"@context\":\"https:\\\/\\\/schema.org\",\"@graph\":[{\"@type\":\"WebPage\",\"@id\":\"https:\\\/\\\/ammann-stepstore.com\\\/produkt\\\/handlaufhalter-handlaufstuetze-handlauftraeger-handlaufhalterung-classic-ral-9005\\\/\",\"url\":\"https:\\\/\\\/ammann-stepstore.com\\\/produkt\\\/handlaufhalter-handlaufstuetze-handlauftraeger-handlaufhalterung-classic-ral-9005\\\/\",\"name\":\"Handlaufhalter Edelstahl Classic - Schwarz - Ammann Stepstore\",\"isPartOf\":{\"@id\":\"https:\\\/\\\/ammann-stepstore.com\\\/#website\"},\"primaryImageOfPage\":{\"@id\":\"https:\\\/\\\/ammann-stepstore.com\\\/produkt\\\/handlaufhalter-handlaufstuetze-handlauftraeger-handlaufhalterung-classic-ral-9005\\\/#primaryimage\"},\"image\":{\"@id\":\"https:\\\/\\\/ammann-stepstore.com\\\/produkt\\\/handlaufhalter-handlaufstuetze-handlauftraeger-handlaufhalterung-classic-ral-9005\\\/#primaryimage\"},\"thumbnailUrl\":\"https:\\\/\\\/ammann-stepstore.com\\\/wp-content\\\/uploads\\\/2024\\\/04\\\/Ammann-Treppen_Wandlaufhalter_RAL9005_1-1.jpg\",\"datePublished\":\"2024-04-11T09:04:31+00:00\",\"dateModified\":\"2026-04-15T13:25:05+00:00\",\"description\":\"Unser Handlaufhalter-Classic RAL 9005 passt perfekt in jedes Haus. Egal ob klassisch, oder modern: Dieser Handlauftr\u00e4ger passt immer perfekt.\",\"breadcrumb\":{\"@id\":\"https:\\\/\\\/ammann-stepstore.com\\\/produkt\\\/handlaufhalter-handlaufstuetze-handlauftraeger-handlaufhalterung-classic-ral-9005\\\/#breadcrumb\"},\"inLanguage\":\"nl-NL\",\"potentialAction\":[{\"@type\":\"ReadAction\",\"target\":[\"https:\\\/\\\/ammann-stepstore.com\\\/produkt\\\/handlaufhalter-handlaufstuetze-handlauftraeger-handlaufhalterung-classic-ral-9005\\\/\"]}]},{\"@type\":\"ImageObject\",\"inLanguage\":\"nl-NL\",\"@id\":\"https:\\\/\\\/ammann-stepstore.com\\\/produkt\\\/handlaufhalter-handlaufstuetze-handlauftraeger-handlaufhalterung-classic-ral-9005\\\/#primaryimage\",\"url\":\"https:\\\/\\\/ammann-stepstore.com\\\/wp-content\\\/uploads\\\/2024\\\/04\\\/Ammann-Treppen_Wandlaufhalter_RAL9005_1-1.jpg\",\"contentUrl\":\"https:\\\/\\\/ammann-stepstore.com\\\/wp-content\\\/uploads\\\/2024\\\/04\\\/Ammann-Treppen_Wandlaufhalter_RAL9005_1-1.jpg\",\"width\":790,\"height\":1000,\"caption\":\"handlaufhalter-edelstahl-handlaufst\u00fctze-handlauftr\u00e4ger-lackiert-RAL-9005\"},{\"@type\":\"BreadcrumbList\",\"@id\":\"https:\\\/\\\/ammann-stepstore.com\\\/produkt\\\/handlaufhalter-handlaufstuetze-handlauftraeger-handlaufhalterung-classic-ral-9005\\\/#breadcrumb\",\"itemListElement\":[{\"@type\":\"ListItem\",\"position\":1,\"name\":\"Startseite\",\"item\":\"https:\\\/\\\/ammann-stepstore.com\\\/\"},{\"@type\":\"ListItem\",\"position\":2,\"name\":\"Shop\",\"item\":\"https:\\\/\\\/ammann-stepstore.com\\\/shop\\\/\"},{\"@type\":\"ListItem\",\"position\":3,\"name\":\"Handlaufhalter Edelstahl Classic &#8211; Schwarz\"}]},{\"@type\":\"WebSite\",\"@id\":\"https:\\\/\\\/ammann-stepstore.com\\\/#website\",\"url\":\"https:\\\/\\\/ammann-stepstore.com\\\/\",\"name\":\"Ammann Stepstore\",\"description\":\"Treppenbau-Zubeh\u00f6r bequem online kaufen\",\"publisher\":{\"@id\":\"https:\\\/\\\/ammann-stepstore.com\\\/#organization\"},\"potentialAction\":[{\"@type\":\"SearchAction\",\"target\":{\"@type\":\"EntryPoint\",\"urlTemplate\":\"https:\\\/\\\/ammann-stepstore.com\\\/?s={search_term_string}\"},\"query-input\":{\"@type\":\"PropertyValueSpecification\",\"valueRequired\":true,\"valueName\":\"search_term_string\"}}],\"inLanguage\":\"nl-NL\"},{\"@type\":\"Organization\",\"@id\":\"https:\\\/\\\/ammann-stepstore.com\\\/#organization\",\"name\":\"easy-step GmbH\",\"url\":\"https:\\\/\\\/ammann-stepstore.com\\\/\",\"logo\":{\"@type\":\"ImageObject\",\"inLanguage\":\"nl-NL\",\"@id\":\"https:\\\/\\\/ammann-stepstore.com\\\/#\\\/schema\\\/logo\\\/image\\\/\",\"url\":\"https:\\\/\\\/ammann-stepstore.com\\\/wp-content\\\/uploads\\\/2018\\\/09\\\/Systembautreppe-merged.png\",\"contentUrl\":\"https:\\\/\\\/ammann-stepstore.com\\\/wp-content\\\/uploads\\\/2018\\\/09\\\/Systembautreppe-merged.png\",\"width\":273,\"height\":67,\"caption\":\"easy-step GmbH\"},\"image\":{\"@id\":\"https:\\\/\\\/ammann-stepstore.com\\\/#\\\/schema\\\/logo\\\/image\\\/\"},\"sameAs\":[\"https:\\\/\\\/www.instagram.com\\\/easystep_bautreppe\\\/\"]}]}<\/script>\n<!-- \/ Yoast SEO plugin. -->","yoast_head_json":{"title":"Roestvaststalen leuninghouder Classic - Zwart - Ammann Stepstore","description":"Onze leuninghouder Classic RAL 9005 past perfect in elk interieur. Klassiek of modern: Deze leuninghouder past altijd perfect.","robots":{"index":"index","follow":"follow","max-snippet":"max-snippet:-1","max-image-preview":"max-image-preview:large","max-video-preview":"max-video-preview:-1"},"canonical":"https:\/\/ammann-stepstore.com\/nl\/product-2\/leuningsteun-leuningsteun-classic-ral-9005\/","og_locale":"nl_NL","og_type":"article","og_title":"Handlaufhalter Edelstahl Classic - Schwarz - Ammann Stepstore","og_description":"Unser Handlaufhalter-Classic RAL 9005 passt perfekt in jedes Haus. Egal ob klassisch, oder modern: Dieser Handlauftr\u00e4ger passt immer perfekt.","og_url":"https:\/\/ammann-stepstore.com\/nl\/product-2\/leuningsteun-leuningsteun-classic-ral-9005\/","og_site_name":"Ammann Stepstore","article_modified_time":"2026-04-15T13:25:05+00:00","og_image":[{"width":790,"height":1000,"url":"https:\/\/ammann-stepstore.com\/wp-content\/uploads\/2024\/04\/Ammann-Treppen_Wandlaufhalter_RAL9005_1-1.jpg","type":"image\/jpeg"}],"twitter_card":"summary_large_image","twitter_misc":{"Geschatte leestijd":"2 minuten"},"schema":{"@context":"https:\/\/schema.org","@graph":[{"@type":"WebPage","@id":"https:\/\/ammann-stepstore.com\/produkt\/handlaufhalter-handlaufstuetze-handlauftraeger-handlaufhalterung-classic-ral-9005\/","url":"https:\/\/ammann-stepstore.com\/produkt\/handlaufhalter-handlaufstuetze-handlauftraeger-handlaufhalterung-classic-ral-9005\/","name":"Roestvaststalen leuninghouder Classic - Zwart - Ammann Stepstore","isPartOf":{"@id":"https:\/\/ammann-stepstore.com\/#website"},"primaryImageOfPage":{"@id":"https:\/\/ammann-stepstore.com\/produkt\/handlaufhalter-handlaufstuetze-handlauftraeger-handlaufhalterung-classic-ral-9005\/#primaryimage"},"image":{"@id":"https:\/\/ammann-stepstore.com\/produkt\/handlaufhalter-handlaufstuetze-handlauftraeger-handlaufhalterung-classic-ral-9005\/#primaryimage"},"thumbnailUrl":"https:\/\/ammann-stepstore.com\/wp-content\/uploads\/2024\/04\/Ammann-Treppen_Wandlaufhalter_RAL9005_1-1.jpg","datePublished":"2024-04-11T09:04:31+00:00","dateModified":"2026-04-15T13:25:05+00:00","description":"Onze leuninghouder Classic RAL 9005 past perfect in elk interieur. Klassiek of modern: Deze leuninghouder past altijd perfect.","breadcrumb":{"@id":"https:\/\/ammann-stepstore.com\/produkt\/handlaufhalter-handlaufstuetze-handlauftraeger-handlaufhalterung-classic-ral-9005\/#breadcrumb"},"inLanguage":"nl-NL","potentialAction":[{"@type":"ReadAction","target":["https:\/\/ammann-stepstore.com\/produkt\/handlaufhalter-handlaufstuetze-handlauftraeger-handlaufhalterung-classic-ral-9005\/"]}]},{"@type":"ImageObject","inLanguage":"nl-NL","@id":"https:\/\/ammann-stepstore.com\/produkt\/handlaufhalter-handlaufstuetze-handlauftraeger-handlaufhalterung-classic-ral-9005\/#primaryimage","url":"https:\/\/ammann-stepstore.com\/wp-content\/uploads\/2024\/04\/Ammann-Treppen_Wandlaufhalter_RAL9005_1-1.jpg","contentUrl":"https:\/\/ammann-stepstore.com\/wp-content\/uploads\/2024\/04\/Ammann-Treppen_Wandlaufhalter_RAL9005_1-1.jpg","width":790,"height":1000,"caption":"handlaufhalter-edelstahl-handlaufst\u00fctze-handlauftr\u00e4ger-lackiert-RAL-9005"},{"@type":"BreadcrumbList","@id":"https:\/\/ammann-stepstore.com\/produkt\/handlaufhalter-handlaufstuetze-handlauftraeger-handlaufhalterung-classic-ral-9005\/#breadcrumb","itemListElement":[{"@type":"ListItem","position":1,"name":"Startseite","item":"https:\/\/ammann-stepstore.com\/"},{"@type":"ListItem","position":2,"name":"Shop","item":"https:\/\/ammann-stepstore.com\/shop\/"},{"@type":"ListItem","position":3,"name":"Handlaufhalter Edelstahl Classic &#8211; Schwarz"}]},{"@type":"WebSite","@id":"https:\/\/ammann-stepstore.com\/#website","url":"https:\/\/ammann-stepstore.com\/","name":"Ammann Stapstore","description":"Trapaccessoires gemakkelijk online kopen","publisher":{"@id":"https:\/\/ammann-stepstore.com\/#organization"},"potentialAction":[{"@type":"SearchAction","target":{"@type":"EntryPoint","urlTemplate":"https:\/\/ammann-stepstore.com\/?s={search_term_string}"},"query-input":{"@type":"PropertyValueSpecification","valueRequired":true,"valueName":"search_term_string"}}],"inLanguage":"nl-NL"},{"@type":"Organization","@id":"https:\/\/ammann-stepstore.com\/#organization","name":"easy-step GmbH","url":"https:\/\/ammann-stepstore.com\/","logo":{"@type":"ImageObject","inLanguage":"nl-NL","@id":"https:\/\/ammann-stepstore.com\/#\/schema\/logo\/image\/","url":"https:\/\/ammann-stepstore.com\/wp-content\/uploads\/2018\/09\/Systembautreppe-merged.png","contentUrl":"https:\/\/ammann-stepstore.com\/wp-content\/uploads\/2018\/09\/Systembautreppe-merged.png","width":273,"height":67,"caption":"easy-step GmbH"},"image":{"@id":"https:\/\/ammann-stepstore.com\/#\/schema\/logo\/image\/"},"sameAs":["https:\/\/www.instagram.com\/easystep_bautreppe\/"]}]}},"_links":{"self":[{"href":"https:\/\/ammann-stepstore.com\/nl\/wp-json\/wp\/v2\/product\/8128","targetHints":{"allow":["GET"]}}],"collection":[{"href":"https:\/\/ammann-stepstore.com\/nl\/wp-json\/wp\/v2\/product"}],"about":[{"href":"https:\/\/ammann-stepstore.com\/nl\/wp-json\/wp\/v2\/types\/product"}],"replies":[{"embeddable":true,"href":"https:\/\/ammann-stepstore.com\/nl\/wp-json\/wp\/v2\/comments?post=8128"}],"wp:featuredmedia":[{"embeddable":true,"href":"https:\/\/ammann-stepstore.com\/nl\/wp-json\/wp\/v2\/media\/8137"}],"wp:attachment":[{"href":"https:\/\/ammann-stepstore.com\/nl\/wp-json\/wp\/v2\/media?parent=8128"}],"wp:term":[{"taxonomy":"product_brand","embeddable":true,"href":"https:\/\/ammann-stepstore.com\/nl\/wp-json\/wp\/v2\/product_brand?post=8128"},{"taxonomy":"product_cat","embeddable":true,"href":"https:\/\/ammann-stepstore.com\/nl\/wp-json\/wp\/v2\/product_cat?post=8128"},{"taxonomy":"product_tag","embeddable":true,"href":"https:\/\/ammann-stepstore.com\/nl\/wp-json\/wp\/v2\/product_tag?post=8128"}],"curies":[{"name":"wp","href":"https:\/\/api.w.org\/{rel}","templated":true}]}}