{"id":7952,"date":"2024-02-09T09:52:05","date_gmt":"2024-02-09T08:52:05","guid":{"rendered":"https:\/\/ammann-stepstore-18589519.wptestserver2.de\/?post_type=product&#038;p=7952"},"modified":"2026-04-15T15:44:17","modified_gmt":"2026-04-15T13:44:17","slug":"leuningsteun-hoekige-leuningsteun-leuningsteun-leuningsteun-wit-gelakt","status":"publish","type":"product","link":"https:\/\/ammann-stepstore.com\/nl\/produkt\/handlaufhalter-eckig-handlaufstuetze-handlauftraeger-handlaufhalterung-weiss-lackiert\/","title":{"rendered":"Leuninghouder hoekig - wit gelakt"},"content":{"rendered":"<p data-start=\"402\" data-end=\"473\">Eckiger Handlaufhalter in Wei\u00df\u2013 modernes Design f\u00fcr Ihre Treppe<\/p>\n<p data-start=\"475\" data-end=\"738\">Der eckige Handlaufhalter in Wei\u00df \u00fcberzeugt durch sein modernes, geradliniges Design und eine stabile Konstruktion. Er eignet sich ideal f\u00fcr die Befestigung von Handl\u00e4ufen an Treppen und W\u00e4nden und sorgt f\u00fcr eine sichere und langlebige Handlaufmontage.<\/p>\n<p data-start=\"740\" data-end=\"1058\">Durch die klare, kantige Form und die elegante wei\u00dfe Oberfl\u00e4che passt dieser moderne Handlaufhalter perfekt zu zeitgem\u00e4\u00dfen Treppen, minimalistischen Einrichtungen und industriellen Wohnstilen. Gleichzeitig gew\u00e4hrleistet die robuste Ausf\u00fchrung eine zuverl\u00e4ssige Verbindung zwischen Handlauf und Wand.<\/p>\n<p data-start=\"1060\" data-end=\"1293\">Der Handlaufhalter eckig in Wei\u00df eignet sich f\u00fcr verschiedene Handl\u00e4ufe aus Holz oder Metall und ist eine langlebige L\u00f6sung f\u00fcr Treppenhandl\u00e4ufe, Gel\u00e4nder und Wandhandl\u00e4ufe in Wohnh\u00e4usern, B\u00fcros oder \u00f6ffentlichen Geb\u00e4uden.<\/p>\n<p data-start=\"1295\" data-end=\"1482\">Dankzij de eenvoudige montage kan de leuninghouder voor wandmontage snel en eenvoudig worden ge\u00efnstalleerd. Het resultaat is een stabiele en optisch moderne leuningconstructie.<\/p>\n<p data-start=\"1484\" data-end=\"1667\">Ga voor modern design en betrouwbare technologie met de hoekige leuninghouder in zwart - de perfecte oplossing voor een stijlvolle leuningbevestiging op je trap.<\/p>\n<p data-start=\"1484\" data-end=\"1667\">Verzending vanuit Duitsland.<\/p>","protected":false},"excerpt":{"rendered":"<p>Eckiger Handlaufhalter in Wei\u00df\u2013 modernes Design f\u00fcr Ihre Treppe Der eckige Handlaufhalter in Wei\u00df \u00fcberzeugt durch sein modernes, geradliniges Design und eine stabile Konstruktion. Er eignet sich ideal f\u00fcr die Befestigung von Handl\u00e4ufen an Treppen und W\u00e4nden und sorgt f\u00fcr eine sichere und langlebige Handlaufmontage. Durch die klare, kantige Form und die elegante wei\u00dfe Oberfl\u00e4che&#8230;<\/p>","protected":false},"featured_media":8121,"comment_status":"closed","ping_status":"closed","template":"","meta":[],"product_brand":[],"product_cat":[77],"product_tag":[],"class_list":{"0":"post-7952","1":"product","2":"type-product","3":"status-publish","4":"has-post-thumbnail","6":"product_cat-wandlaufhalter","8":"first","9":"instock","10":"taxable","11":"shipping-taxable","12":"purchasable","13":"product-type-simple"},"yoast_head":"<!-- This site is optimized with the Yoast SEO plugin v27.4 - https:\/\/yoast.com\/product\/yoast-seo-wordpress\/ -->\n<title>Handlaufhalter Eckig - wei\u00df lackiert - Ammann Stepstore<\/title>\n<meta name=\"description\" content=\"Dieser moderne Handlaufhalter passt perfekt in jedes moderne Haus. Wahlweise bieten wir den Handlauftr\u00e4ger schwarz oder wei\u00df lackiert an.\" \/>\n<meta name=\"robots\" content=\"index, follow, max-snippet:-1, max-image-preview:large, max-video-preview:-1\" \/>\n<link rel=\"canonical\" href=\"https:\/\/ammann-stepstore.com\/nl\/product-2\/leuningsteun-hoekige-leuningsteun-leuningsteun-leuningsteun-wit-gelakt\/\" \/>\n<meta property=\"og:locale\" content=\"nl_NL\" \/>\n<meta property=\"og:type\" content=\"article\" \/>\n<meta property=\"og:title\" content=\"Handlaufhalter Eckig - wei\u00df lackiert - Ammann Stepstore\" \/>\n<meta property=\"og:description\" content=\"Dieser moderne Handlaufhalter passt perfekt in jedes moderne Haus. Wahlweise bieten wir den Handlauftr\u00e4ger schwarz oder wei\u00df lackiert an.\" \/>\n<meta property=\"og:url\" content=\"https:\/\/ammann-stepstore.com\/nl\/product-2\/leuningsteun-hoekige-leuningsteun-leuningsteun-leuningsteun-wit-gelakt\/\" \/>\n<meta property=\"og:site_name\" content=\"Ammann Stepstore\" \/>\n<meta property=\"article:modified_time\" content=\"2026-04-15T13:44:17+00:00\" \/>\n<meta property=\"og:image\" content=\"https:\/\/ammann-stepstore.com\/wp-content\/uploads\/2024\/04\/Ammann-Treppen_Wandhandlaufhalter-Eckig-weiss_1.jpg\" \/>\n\t<meta property=\"og:image:width\" content=\"790\" \/>\n\t<meta property=\"og:image:height\" content=\"1000\" \/>\n\t<meta property=\"og:image:type\" content=\"image\/jpeg\" \/>\n<meta name=\"twitter:card\" content=\"summary_large_image\" \/>\n<meta name=\"twitter:label1\" content=\"Geschatte leestijd\" \/>\n\t<meta name=\"twitter:data1\" content=\"2 minuten\" \/>\n<script type=\"application\/ld+json\" class=\"yoast-schema-graph\">{\"@context\":\"https:\\\/\\\/schema.org\",\"@graph\":[{\"@type\":\"WebPage\",\"@id\":\"https:\\\/\\\/ammann-stepstore.com\\\/produkt\\\/handlaufhalter-eckig-handlaufstuetze-handlauftraeger-handlaufhalterung-weiss-lackiert\\\/\",\"url\":\"https:\\\/\\\/ammann-stepstore.com\\\/produkt\\\/handlaufhalter-eckig-handlaufstuetze-handlauftraeger-handlaufhalterung-weiss-lackiert\\\/\",\"name\":\"Handlaufhalter Eckig - wei\u00df lackiert - Ammann Stepstore\",\"isPartOf\":{\"@id\":\"https:\\\/\\\/ammann-stepstore.com\\\/#website\"},\"primaryImageOfPage\":{\"@id\":\"https:\\\/\\\/ammann-stepstore.com\\\/produkt\\\/handlaufhalter-eckig-handlaufstuetze-handlauftraeger-handlaufhalterung-weiss-lackiert\\\/#primaryimage\"},\"image\":{\"@id\":\"https:\\\/\\\/ammann-stepstore.com\\\/produkt\\\/handlaufhalter-eckig-handlaufstuetze-handlauftraeger-handlaufhalterung-weiss-lackiert\\\/#primaryimage\"},\"thumbnailUrl\":\"https:\\\/\\\/ammann-stepstore.com\\\/wp-content\\\/uploads\\\/2024\\\/04\\\/Ammann-Treppen_Wandhandlaufhalter-Eckig-weiss_1.jpg\",\"datePublished\":\"2024-02-09T08:52:05+00:00\",\"dateModified\":\"2026-04-15T13:44:17+00:00\",\"description\":\"Dieser moderne Handlaufhalter passt perfekt in jedes moderne Haus. Wahlweise bieten wir den Handlauftr\u00e4ger schwarz oder wei\u00df lackiert an.\",\"breadcrumb\":{\"@id\":\"https:\\\/\\\/ammann-stepstore.com\\\/produkt\\\/handlaufhalter-eckig-handlaufstuetze-handlauftraeger-handlaufhalterung-weiss-lackiert\\\/#breadcrumb\"},\"inLanguage\":\"nl-NL\",\"potentialAction\":[{\"@type\":\"ReadAction\",\"target\":[\"https:\\\/\\\/ammann-stepstore.com\\\/produkt\\\/handlaufhalter-eckig-handlaufstuetze-handlauftraeger-handlaufhalterung-weiss-lackiert\\\/\"]}]},{\"@type\":\"ImageObject\",\"inLanguage\":\"nl-NL\",\"@id\":\"https:\\\/\\\/ammann-stepstore.com\\\/produkt\\\/handlaufhalter-eckig-handlaufstuetze-handlauftraeger-handlaufhalterung-weiss-lackiert\\\/#primaryimage\",\"url\":\"https:\\\/\\\/ammann-stepstore.com\\\/wp-content\\\/uploads\\\/2024\\\/04\\\/Ammann-Treppen_Wandhandlaufhalter-Eckig-weiss_1.jpg\",\"contentUrl\":\"https:\\\/\\\/ammann-stepstore.com\\\/wp-content\\\/uploads\\\/2024\\\/04\\\/Ammann-Treppen_Wandhandlaufhalter-Eckig-weiss_1.jpg\",\"width\":790,\"height\":1000,\"caption\":\"handlaufhalter-eckig-handlaufst\u00fctze-handlauftr\u00e4ger-lackiert-ral-9010\"},{\"@type\":\"BreadcrumbList\",\"@id\":\"https:\\\/\\\/ammann-stepstore.com\\\/produkt\\\/handlaufhalter-eckig-handlaufstuetze-handlauftraeger-handlaufhalterung-weiss-lackiert\\\/#breadcrumb\",\"itemListElement\":[{\"@type\":\"ListItem\",\"position\":1,\"name\":\"Startseite\",\"item\":\"https:\\\/\\\/ammann-stepstore.com\\\/\"},{\"@type\":\"ListItem\",\"position\":2,\"name\":\"Shop\",\"item\":\"https:\\\/\\\/ammann-stepstore.com\\\/shop\\\/\"},{\"@type\":\"ListItem\",\"position\":3,\"name\":\"Handlaufhalter Eckig &#8211; wei\u00df lackiert\"}]},{\"@type\":\"WebSite\",\"@id\":\"https:\\\/\\\/ammann-stepstore.com\\\/#website\",\"url\":\"https:\\\/\\\/ammann-stepstore.com\\\/\",\"name\":\"Ammann Stepstore\",\"description\":\"Treppenbau-Zubeh\u00f6r bequem online kaufen\",\"publisher\":{\"@id\":\"https:\\\/\\\/ammann-stepstore.com\\\/#organization\"},\"potentialAction\":[{\"@type\":\"SearchAction\",\"target\":{\"@type\":\"EntryPoint\",\"urlTemplate\":\"https:\\\/\\\/ammann-stepstore.com\\\/?s={search_term_string}\"},\"query-input\":{\"@type\":\"PropertyValueSpecification\",\"valueRequired\":true,\"valueName\":\"search_term_string\"}}],\"inLanguage\":\"nl-NL\"},{\"@type\":\"Organization\",\"@id\":\"https:\\\/\\\/ammann-stepstore.com\\\/#organization\",\"name\":\"easy-step GmbH\",\"url\":\"https:\\\/\\\/ammann-stepstore.com\\\/\",\"logo\":{\"@type\":\"ImageObject\",\"inLanguage\":\"nl-NL\",\"@id\":\"https:\\\/\\\/ammann-stepstore.com\\\/#\\\/schema\\\/logo\\\/image\\\/\",\"url\":\"https:\\\/\\\/ammann-stepstore.com\\\/wp-content\\\/uploads\\\/2018\\\/09\\\/Systembautreppe-merged.png\",\"contentUrl\":\"https:\\\/\\\/ammann-stepstore.com\\\/wp-content\\\/uploads\\\/2018\\\/09\\\/Systembautreppe-merged.png\",\"width\":273,\"height\":67,\"caption\":\"easy-step GmbH\"},\"image\":{\"@id\":\"https:\\\/\\\/ammann-stepstore.com\\\/#\\\/schema\\\/logo\\\/image\\\/\"},\"sameAs\":[\"https:\\\/\\\/www.instagram.com\\\/easystep_bautreppe\\\/\"]}]}<\/script>\n<!-- \/ Yoast SEO plugin. -->","yoast_head_json":{"title":"Hoekige leuninghouder - wit gelakt - Ammann Stepstore","description":"Deze moderne leuninghouder past perfect in elk modern huis. We bieden de leuninghouder aan in een zwarte of witte lak naar keuze.","robots":{"index":"index","follow":"follow","max-snippet":"max-snippet:-1","max-image-preview":"max-image-preview:large","max-video-preview":"max-video-preview:-1"},"canonical":"https:\/\/ammann-stepstore.com\/nl\/product-2\/leuningsteun-hoekige-leuningsteun-leuningsteun-leuningsteun-wit-gelakt\/","og_locale":"nl_NL","og_type":"article","og_title":"Handlaufhalter Eckig - wei\u00df lackiert - Ammann Stepstore","og_description":"Dieser moderne Handlaufhalter passt perfekt in jedes moderne Haus. Wahlweise bieten wir den Handlauftr\u00e4ger schwarz oder wei\u00df lackiert an.","og_url":"https:\/\/ammann-stepstore.com\/nl\/product-2\/leuningsteun-hoekige-leuningsteun-leuningsteun-leuningsteun-wit-gelakt\/","og_site_name":"Ammann Stepstore","article_modified_time":"2026-04-15T13:44:17+00:00","og_image":[{"width":790,"height":1000,"url":"https:\/\/ammann-stepstore.com\/wp-content\/uploads\/2024\/04\/Ammann-Treppen_Wandhandlaufhalter-Eckig-weiss_1.jpg","type":"image\/jpeg"}],"twitter_card":"summary_large_image","twitter_misc":{"Geschatte leestijd":"2 minuten"},"schema":{"@context":"https:\/\/schema.org","@graph":[{"@type":"WebPage","@id":"https:\/\/ammann-stepstore.com\/produkt\/handlaufhalter-eckig-handlaufstuetze-handlauftraeger-handlaufhalterung-weiss-lackiert\/","url":"https:\/\/ammann-stepstore.com\/produkt\/handlaufhalter-eckig-handlaufstuetze-handlauftraeger-handlaufhalterung-weiss-lackiert\/","name":"Hoekige leuninghouder - wit gelakt - Ammann Stepstore","isPartOf":{"@id":"https:\/\/ammann-stepstore.com\/#website"},"primaryImageOfPage":{"@id":"https:\/\/ammann-stepstore.com\/produkt\/handlaufhalter-eckig-handlaufstuetze-handlauftraeger-handlaufhalterung-weiss-lackiert\/#primaryimage"},"image":{"@id":"https:\/\/ammann-stepstore.com\/produkt\/handlaufhalter-eckig-handlaufstuetze-handlauftraeger-handlaufhalterung-weiss-lackiert\/#primaryimage"},"thumbnailUrl":"https:\/\/ammann-stepstore.com\/wp-content\/uploads\/2024\/04\/Ammann-Treppen_Wandhandlaufhalter-Eckig-weiss_1.jpg","datePublished":"2024-02-09T08:52:05+00:00","dateModified":"2026-04-15T13:44:17+00:00","description":"Deze moderne leuninghouder past perfect in elk modern huis. We bieden de leuninghouder aan in een zwarte of witte lak naar keuze.","breadcrumb":{"@id":"https:\/\/ammann-stepstore.com\/produkt\/handlaufhalter-eckig-handlaufstuetze-handlauftraeger-handlaufhalterung-weiss-lackiert\/#breadcrumb"},"inLanguage":"nl-NL","potentialAction":[{"@type":"ReadAction","target":["https:\/\/ammann-stepstore.com\/produkt\/handlaufhalter-eckig-handlaufstuetze-handlauftraeger-handlaufhalterung-weiss-lackiert\/"]}]},{"@type":"ImageObject","inLanguage":"nl-NL","@id":"https:\/\/ammann-stepstore.com\/produkt\/handlaufhalter-eckig-handlaufstuetze-handlauftraeger-handlaufhalterung-weiss-lackiert\/#primaryimage","url":"https:\/\/ammann-stepstore.com\/wp-content\/uploads\/2024\/04\/Ammann-Treppen_Wandhandlaufhalter-Eckig-weiss_1.jpg","contentUrl":"https:\/\/ammann-stepstore.com\/wp-content\/uploads\/2024\/04\/Ammann-Treppen_Wandhandlaufhalter-Eckig-weiss_1.jpg","width":790,"height":1000,"caption":"handlaufhalter-eckig-handlaufst\u00fctze-handlauftr\u00e4ger-lackiert-ral-9010"},{"@type":"BreadcrumbList","@id":"https:\/\/ammann-stepstore.com\/produkt\/handlaufhalter-eckig-handlaufstuetze-handlauftraeger-handlaufhalterung-weiss-lackiert\/#breadcrumb","itemListElement":[{"@type":"ListItem","position":1,"name":"Startseite","item":"https:\/\/ammann-stepstore.com\/"},{"@type":"ListItem","position":2,"name":"Shop","item":"https:\/\/ammann-stepstore.com\/shop\/"},{"@type":"ListItem","position":3,"name":"Handlaufhalter Eckig &#8211; wei\u00df lackiert"}]},{"@type":"WebSite","@id":"https:\/\/ammann-stepstore.com\/#website","url":"https:\/\/ammann-stepstore.com\/","name":"Ammann Stapstore","description":"Trapaccessoires gemakkelijk online kopen","publisher":{"@id":"https:\/\/ammann-stepstore.com\/#organization"},"potentialAction":[{"@type":"SearchAction","target":{"@type":"EntryPoint","urlTemplate":"https:\/\/ammann-stepstore.com\/?s={search_term_string}"},"query-input":{"@type":"PropertyValueSpecification","valueRequired":true,"valueName":"search_term_string"}}],"inLanguage":"nl-NL"},{"@type":"Organization","@id":"https:\/\/ammann-stepstore.com\/#organization","name":"easy-step GmbH","url":"https:\/\/ammann-stepstore.com\/","logo":{"@type":"ImageObject","inLanguage":"nl-NL","@id":"https:\/\/ammann-stepstore.com\/#\/schema\/logo\/image\/","url":"https:\/\/ammann-stepstore.com\/wp-content\/uploads\/2018\/09\/Systembautreppe-merged.png","contentUrl":"https:\/\/ammann-stepstore.com\/wp-content\/uploads\/2018\/09\/Systembautreppe-merged.png","width":273,"height":67,"caption":"easy-step GmbH"},"image":{"@id":"https:\/\/ammann-stepstore.com\/#\/schema\/logo\/image\/"},"sameAs":["https:\/\/www.instagram.com\/easystep_bautreppe\/"]}]}},"_links":{"self":[{"href":"https:\/\/ammann-stepstore.com\/nl\/wp-json\/wp\/v2\/product\/7952","targetHints":{"allow":["GET"]}}],"collection":[{"href":"https:\/\/ammann-stepstore.com\/nl\/wp-json\/wp\/v2\/product"}],"about":[{"href":"https:\/\/ammann-stepstore.com\/nl\/wp-json\/wp\/v2\/types\/product"}],"replies":[{"embeddable":true,"href":"https:\/\/ammann-stepstore.com\/nl\/wp-json\/wp\/v2\/comments?post=7952"}],"wp:featuredmedia":[{"embeddable":true,"href":"https:\/\/ammann-stepstore.com\/nl\/wp-json\/wp\/v2\/media\/8121"}],"wp:attachment":[{"href":"https:\/\/ammann-stepstore.com\/nl\/wp-json\/wp\/v2\/media?parent=7952"}],"wp:term":[{"taxonomy":"product_brand","embeddable":true,"href":"https:\/\/ammann-stepstore.com\/nl\/wp-json\/wp\/v2\/product_brand?post=7952"},{"taxonomy":"product_cat","embeddable":true,"href":"https:\/\/ammann-stepstore.com\/nl\/wp-json\/wp\/v2\/product_cat?post=7952"},{"taxonomy":"product_tag","embeddable":true,"href":"https:\/\/ammann-stepstore.com\/nl\/wp-json\/wp\/v2\/product_tag?post=7952"}],"curies":[{"name":"wp","href":"https:\/\/api.w.org\/{rel}","templated":true}]}}