{"id":8487,"date":"2026-01-29T15:08:16","date_gmt":"2026-01-29T14:08:16","guid":{"rendered":"https:\/\/ammann-stepstore.com\/?post_type=product&#038;p=8487"},"modified":"2026-03-31T11:25:29","modified_gmt":"2026-03-31T09:25:29","slug":"supporto-per-gradini-in-acciaio-inox-per-scale-con-traversino-in-acciaio-avvitato","status":"publish","type":"product","link":"https:\/\/ammann-stepstore.com\/it\/produkt\/stufenauflager-aus-edelstahl-fuer-stahlwangentreppen-zum-einschrauben\/","title":{"rendered":"Supporto per gradini in acciaio inox per scale con traversini in acciaio avvitati"},"content":{"rendered":"<div>\n<p>Attacco per paragradino di Ammann Stairs:<\/p>\n<p data-start=\"437\" data-end=\"690\">Abbiamo sviluppato anche i giusti supporti per gradini per scale a traversi in acciaio. Con i nostri supporti per gradini per traversi in acciaio di alta qualit\u00e0, i gradini possono essere fissati alle scale in traversi in acciaio in modo semplice, preciso e duraturo.<\/p>\n<p data-start=\"692\" data-end=\"978\">I nostri supporti per gradini in acciaio inox avvitati offrono una soluzione pratica ed elegante per il fissaggio dei gradini ai traversi in acciaio. Si installano facilmente avvitandoli al longherone d'acciaio e forniscono un supporto stabile e pulito per la pedata della scala.<\/p>\n<p data-start=\"980\" data-end=\"1195\">I supporti per gradini avvitati per scale a traversi in acciaio sono ideali per la costruzione di scale moderne e facilitano l'installazione precisa di gradini in legno su traversi in acciaio sia per i professionisti che per gli amanti del fai-da-te.<\/p>\n<p data-start=\"1197\" data-end=\"1373\">Ordinate subito i nostri supporti per gradini per scale a pioli in acciaio e scoprite una soluzione sofisticata per il fissaggio sicuro e duraturo dei gradini delle scale.<\/p>\n<\/div>\n<div><\/div>\n<div><\/div>\n<div><\/div>\n<div>Informazioni sull'articolo:<\/div>\n<div><\/div>\n<div><\/div>\n<div>\n<div><span style=\"color: #202020; font-family: Helvetica Neue, Helvetica, Arial, sans-serif;\">Perno da 9 mm per montaggio su guancia da avvitare con 20 mm <\/span>\u00d8 e filettatura M8, distanza tra i longheroni e il gradino 5 mm per l'isolamento acustico, supporto del gradino 45 mm<\/div>\n<div>Fornito senza viti (per i gradini di 45 mm di spessore si consigliano viti Torx 4,5 x 40 per legno)<\/div>\n<div><\/div>\n<div><\/div>\n<div><span style=\"color: #202020; font-family: Helvetica Neue, Helvetica, Arial, sans-serif;\">Sono necessari 4 supporti per gradini per ogni gradino diritto.<\/span><\/div>\n<\/div>\n<div><\/div>\n<div>Spedizione dalla Germania.<\/div>\n<div>\n<div><\/div>\n<div>\n<div><\/div>\n<div><\/div>\n<div>Supporto per paragradino, supporto per paragradino in acciaio, supporto per paragradino, supporto per gradino, gancio per gradino, staffa per gradino in legno, fissaggio per paragradino, ancoraggio per gradino, supporto per paragradino, staffa per gradino, connettore per acciaio e legno<\/div>\n<\/div>\n<\/div>","protected":false},"excerpt":{"rendered":"<p>per unit\u00e0 per una scala a 15 alzate<\/p>","protected":false},"featured_media":8490,"comment_status":"closed","ping_status":"closed","template":"","meta":[],"product_brand":[],"product_cat":[78],"product_tag":[],"class_list":{"0":"post-8487","1":"product","2":"type-product","3":"status-publish","4":"has-post-thumbnail","6":"product_cat-stufenauflager","8":"first","9":"instock","10":"taxable","11":"shipping-taxable","12":"purchasable","13":"product-type-simple"},"yoast_head":"<!-- This site is optimized with the Yoast SEO plugin v27.4 - https:\/\/yoast.com\/product\/yoast-seo-wordpress\/ -->\n<title>Stufenauflager aus Edelstahl f\u00fcr Stahlwangentreppen zum Einschrauben - Ammann Stepstore<\/title>\n<meta name=\"description\" content=\"Treppenstufenbefestigung aus Edelstahl f\u00fcr Stahlwangentreppen zum Einschrauben. Jetzt Stufentr\u00e4ger kaufen im Online-Shop von Ammann Treppen.\" \/>\n<meta name=\"robots\" content=\"index, follow, max-snippet:-1, max-image-preview:large, max-video-preview:-1\" \/>\n<link rel=\"canonical\" href=\"https:\/\/ammann-stepstore.com\/it\/prodotto\/supporto-per-gradini-in-acciaio-inox-per-scale-con-traversino-in-acciaio-avvitato\/\" \/>\n<meta property=\"og:locale\" content=\"it_IT\" \/>\n<meta property=\"og:type\" content=\"article\" \/>\n<meta property=\"og:title\" content=\"Stufenauflager aus Edelstahl f\u00fcr Stahlwangentreppen zum Einschrauben - Ammann Stepstore\" \/>\n<meta property=\"og:description\" content=\"Treppenstufenbefestigung aus Edelstahl f\u00fcr Stahlwangentreppen zum Einschrauben. Jetzt Stufentr\u00e4ger kaufen im Online-Shop von Ammann Treppen.\" \/>\n<meta property=\"og:url\" content=\"https:\/\/ammann-stepstore.com\/it\/prodotto\/supporto-per-gradini-in-acciaio-inox-per-scale-con-traversino-in-acciaio-avvitato\/\" \/>\n<meta property=\"og:site_name\" content=\"Ammann Stepstore\" \/>\n<meta property=\"article:modified_time\" content=\"2026-03-31T09:25:29+00:00\" \/>\n<meta property=\"og:image\" content=\"https:\/\/ammann-stepstore.com\/wp-content\/uploads\/2026\/01\/StufenlagerStahlwangeSchraubbar.jpg\" \/>\n\t<meta property=\"og:image:width\" content=\"790\" \/>\n\t<meta property=\"og:image:height\" content=\"1000\" \/>\n\t<meta property=\"og:image:type\" content=\"image\/jpeg\" \/>\n<meta name=\"twitter:card\" content=\"summary_large_image\" \/>\n<meta name=\"twitter:label1\" content=\"Tempo di lettura stimato\" \/>\n\t<meta name=\"twitter:data1\" content=\"2 minuti\" \/>\n<script type=\"application\/ld+json\" class=\"yoast-schema-graph\">{\"@context\":\"https:\\\/\\\/schema.org\",\"@graph\":[{\"@type\":\"WebPage\",\"@id\":\"https:\\\/\\\/ammann-stepstore.com\\\/de\\\/produkt\\\/stufenauflager-aus-edelstahl-fuer-stahlwangentreppen-zum-einschrauben\\\/\",\"url\":\"https:\\\/\\\/ammann-stepstore.com\\\/de\\\/produkt\\\/stufenauflager-aus-edelstahl-fuer-stahlwangentreppen-zum-einschrauben\\\/\",\"name\":\"Stufenauflager aus Edelstahl f\u00fcr Stahlwangentreppen zum Einschrauben - Ammann Stepstore\",\"isPartOf\":{\"@id\":\"https:\\\/\\\/ammann-stepstore.com\\\/#website\"},\"primaryImageOfPage\":{\"@id\":\"https:\\\/\\\/ammann-stepstore.com\\\/de\\\/produkt\\\/stufenauflager-aus-edelstahl-fuer-stahlwangentreppen-zum-einschrauben\\\/#primaryimage\"},\"image\":{\"@id\":\"https:\\\/\\\/ammann-stepstore.com\\\/de\\\/produkt\\\/stufenauflager-aus-edelstahl-fuer-stahlwangentreppen-zum-einschrauben\\\/#primaryimage\"},\"thumbnailUrl\":\"https:\\\/\\\/ammann-stepstore.com\\\/wp-content\\\/uploads\\\/2026\\\/01\\\/StufenlagerStahlwangeSchraubbar.jpg\",\"datePublished\":\"2026-01-29T14:08:16+00:00\",\"dateModified\":\"2026-03-31T09:25:29+00:00\",\"description\":\"Treppenstufenbefestigung aus Edelstahl f\u00fcr Stahlwangentreppen zum Einschrauben. Jetzt Stufentr\u00e4ger kaufen im Online-Shop von Ammann Treppen.\",\"breadcrumb\":{\"@id\":\"https:\\\/\\\/ammann-stepstore.com\\\/de\\\/produkt\\\/stufenauflager-aus-edelstahl-fuer-stahlwangentreppen-zum-einschrauben\\\/#breadcrumb\"},\"inLanguage\":\"it-IT\",\"potentialAction\":[{\"@type\":\"ReadAction\",\"target\":[\"https:\\\/\\\/ammann-stepstore.com\\\/de\\\/produkt\\\/stufenauflager-aus-edelstahl-fuer-stahlwangentreppen-zum-einschrauben\\\/\"]}]},{\"@type\":\"ImageObject\",\"inLanguage\":\"it-IT\",\"@id\":\"https:\\\/\\\/ammann-stepstore.com\\\/de\\\/produkt\\\/stufenauflager-aus-edelstahl-fuer-stahlwangentreppen-zum-einschrauben\\\/#primaryimage\",\"url\":\"https:\\\/\\\/ammann-stepstore.com\\\/wp-content\\\/uploads\\\/2026\\\/01\\\/StufenlagerStahlwangeSchraubbar.jpg\",\"contentUrl\":\"https:\\\/\\\/ammann-stepstore.com\\\/wp-content\\\/uploads\\\/2026\\\/01\\\/StufenlagerStahlwangeSchraubbar.jpg\",\"width\":790,\"height\":1000,\"caption\":\"Stufenhalter f\u00fcr Stahlwangentreppen zum Einschrauben\"},{\"@type\":\"BreadcrumbList\",\"@id\":\"https:\\\/\\\/ammann-stepstore.com\\\/de\\\/produkt\\\/stufenauflager-aus-edelstahl-fuer-stahlwangentreppen-zum-einschrauben\\\/#breadcrumb\",\"itemListElement\":[{\"@type\":\"ListItem\",\"position\":1,\"name\":\"Startseite\",\"item\":\"https:\\\/\\\/ammann-stepstore.com\\\/\"},{\"@type\":\"ListItem\",\"position\":2,\"name\":\"Shop\",\"item\":\"https:\\\/\\\/ammann-stepstore.com\\\/shop\\\/\"},{\"@type\":\"ListItem\",\"position\":3,\"name\":\"Stufenauflager aus Edelstahl f\u00fcr Stahlwangentreppen zum Einschrauben\"}]},{\"@type\":\"WebSite\",\"@id\":\"https:\\\/\\\/ammann-stepstore.com\\\/#website\",\"url\":\"https:\\\/\\\/ammann-stepstore.com\\\/\",\"name\":\"Ammann Stepstore\",\"description\":\"Treppenbau-Zubeh\u00f6r bequem online kaufen\",\"publisher\":{\"@id\":\"https:\\\/\\\/ammann-stepstore.com\\\/#organization\"},\"potentialAction\":[{\"@type\":\"SearchAction\",\"target\":{\"@type\":\"EntryPoint\",\"urlTemplate\":\"https:\\\/\\\/ammann-stepstore.com\\\/?s={search_term_string}\"},\"query-input\":{\"@type\":\"PropertyValueSpecification\",\"valueRequired\":true,\"valueName\":\"search_term_string\"}}],\"inLanguage\":\"it-IT\"},{\"@type\":\"Organization\",\"@id\":\"https:\\\/\\\/ammann-stepstore.com\\\/#organization\",\"name\":\"easy-step GmbH\",\"url\":\"https:\\\/\\\/ammann-stepstore.com\\\/\",\"logo\":{\"@type\":\"ImageObject\",\"inLanguage\":\"it-IT\",\"@id\":\"https:\\\/\\\/ammann-stepstore.com\\\/#\\\/schema\\\/logo\\\/image\\\/\",\"url\":\"https:\\\/\\\/ammann-stepstore.com\\\/wp-content\\\/uploads\\\/2018\\\/09\\\/Systembautreppe-merged.png\",\"contentUrl\":\"https:\\\/\\\/ammann-stepstore.com\\\/wp-content\\\/uploads\\\/2018\\\/09\\\/Systembautreppe-merged.png\",\"width\":273,\"height\":67,\"caption\":\"easy-step GmbH\"},\"image\":{\"@id\":\"https:\\\/\\\/ammann-stepstore.com\\\/#\\\/schema\\\/logo\\\/image\\\/\"},\"sameAs\":[\"https:\\\/\\\/www.instagram.com\\\/easystep_bautreppe\\\/\"]}]}<\/script>\n<!-- \/ Yoast SEO plugin. -->","yoast_head_json":{"title":"Supporto per gradini in acciaio inox per scale con longheroni in acciaio avvitati - Ammann Stepstore","description":"Fissaggio del gradino in acciaio inox per scale a traversi in acciaio da avvitare. Acquistate ora i supporti per gradini nel negozio online di Ammann Treppen.","robots":{"index":"index","follow":"follow","max-snippet":"max-snippet:-1","max-image-preview":"max-image-preview:large","max-video-preview":"max-video-preview:-1"},"canonical":"https:\/\/ammann-stepstore.com\/it\/prodotto\/supporto-per-gradini-in-acciaio-inox-per-scale-con-traversino-in-acciaio-avvitato\/","og_locale":"it_IT","og_type":"article","og_title":"Stufenauflager aus Edelstahl f\u00fcr Stahlwangentreppen zum Einschrauben - Ammann Stepstore","og_description":"Treppenstufenbefestigung aus Edelstahl f\u00fcr Stahlwangentreppen zum Einschrauben. Jetzt Stufentr\u00e4ger kaufen im Online-Shop von Ammann Treppen.","og_url":"https:\/\/ammann-stepstore.com\/it\/prodotto\/supporto-per-gradini-in-acciaio-inox-per-scale-con-traversino-in-acciaio-avvitato\/","og_site_name":"Ammann Stepstore","article_modified_time":"2026-03-31T09:25:29+00:00","og_image":[{"width":790,"height":1000,"url":"https:\/\/ammann-stepstore.com\/wp-content\/uploads\/2026\/01\/StufenlagerStahlwangeSchraubbar.jpg","type":"image\/jpeg"}],"twitter_card":"summary_large_image","twitter_misc":{"Tempo di lettura stimato":"2 minuti"},"schema":{"@context":"https:\/\/schema.org","@graph":[{"@type":"WebPage","@id":"https:\/\/ammann-stepstore.com\/de\/produkt\/stufenauflager-aus-edelstahl-fuer-stahlwangentreppen-zum-einschrauben\/","url":"https:\/\/ammann-stepstore.com\/de\/produkt\/stufenauflager-aus-edelstahl-fuer-stahlwangentreppen-zum-einschrauben\/","name":"Supporto per gradini in acciaio inox per scale con longheroni in acciaio avvitati - Ammann Stepstore","isPartOf":{"@id":"https:\/\/ammann-stepstore.com\/#website"},"primaryImageOfPage":{"@id":"https:\/\/ammann-stepstore.com\/de\/produkt\/stufenauflager-aus-edelstahl-fuer-stahlwangentreppen-zum-einschrauben\/#primaryimage"},"image":{"@id":"https:\/\/ammann-stepstore.com\/de\/produkt\/stufenauflager-aus-edelstahl-fuer-stahlwangentreppen-zum-einschrauben\/#primaryimage"},"thumbnailUrl":"https:\/\/ammann-stepstore.com\/wp-content\/uploads\/2026\/01\/StufenlagerStahlwangeSchraubbar.jpg","datePublished":"2026-01-29T14:08:16+00:00","dateModified":"2026-03-31T09:25:29+00:00","description":"Fissaggio del gradino in acciaio inox per scale a traversi in acciaio da avvitare. Acquistate ora i supporti per gradini nel negozio online di Ammann Treppen.","breadcrumb":{"@id":"https:\/\/ammann-stepstore.com\/de\/produkt\/stufenauflager-aus-edelstahl-fuer-stahlwangentreppen-zum-einschrauben\/#breadcrumb"},"inLanguage":"it-IT","potentialAction":[{"@type":"ReadAction","target":["https:\/\/ammann-stepstore.com\/de\/produkt\/stufenauflager-aus-edelstahl-fuer-stahlwangentreppen-zum-einschrauben\/"]}]},{"@type":"ImageObject","inLanguage":"it-IT","@id":"https:\/\/ammann-stepstore.com\/de\/produkt\/stufenauflager-aus-edelstahl-fuer-stahlwangentreppen-zum-einschrauben\/#primaryimage","url":"https:\/\/ammann-stepstore.com\/wp-content\/uploads\/2026\/01\/StufenlagerStahlwangeSchraubbar.jpg","contentUrl":"https:\/\/ammann-stepstore.com\/wp-content\/uploads\/2026\/01\/StufenlagerStahlwangeSchraubbar.jpg","width":790,"height":1000,"caption":"Stufenhalter f\u00fcr Stahlwangentreppen zum Einschrauben"},{"@type":"BreadcrumbList","@id":"https:\/\/ammann-stepstore.com\/de\/produkt\/stufenauflager-aus-edelstahl-fuer-stahlwangentreppen-zum-einschrauben\/#breadcrumb","itemListElement":[{"@type":"ListItem","position":1,"name":"Startseite","item":"https:\/\/ammann-stepstore.com\/"},{"@type":"ListItem","position":2,"name":"Shop","item":"https:\/\/ammann-stepstore.com\/shop\/"},{"@type":"ListItem","position":3,"name":"Stufenauflager aus Edelstahl f\u00fcr Stahlwangentreppen zum Einschrauben"}]},{"@type":"WebSite","@id":"https:\/\/ammann-stepstore.com\/#website","url":"https:\/\/ammann-stepstore.com\/","name":"Ammann Stepstore","description":"Acquistare comodamente online gli accessori per scale","publisher":{"@id":"https:\/\/ammann-stepstore.com\/#organization"},"potentialAction":[{"@type":"SearchAction","target":{"@type":"EntryPoint","urlTemplate":"https:\/\/ammann-stepstore.com\/?s={search_term_string}"},"query-input":{"@type":"PropertyValueSpecification","valueRequired":true,"valueName":"search_term_string"}}],"inLanguage":"it-IT"},{"@type":"Organization","@id":"https:\/\/ammann-stepstore.com\/#organization","name":"easy-step GmbH","url":"https:\/\/ammann-stepstore.com\/","logo":{"@type":"ImageObject","inLanguage":"it-IT","@id":"https:\/\/ammann-stepstore.com\/#\/schema\/logo\/image\/","url":"https:\/\/ammann-stepstore.com\/wp-content\/uploads\/2018\/09\/Systembautreppe-merged.png","contentUrl":"https:\/\/ammann-stepstore.com\/wp-content\/uploads\/2018\/09\/Systembautreppe-merged.png","width":273,"height":67,"caption":"easy-step GmbH"},"image":{"@id":"https:\/\/ammann-stepstore.com\/#\/schema\/logo\/image\/"},"sameAs":["https:\/\/www.instagram.com\/easystep_bautreppe\/"]}]}},"_links":{"self":[{"href":"https:\/\/ammann-stepstore.com\/it\/wp-json\/wp\/v2\/product\/8487","targetHints":{"allow":["GET"]}}],"collection":[{"href":"https:\/\/ammann-stepstore.com\/it\/wp-json\/wp\/v2\/product"}],"about":[{"href":"https:\/\/ammann-stepstore.com\/it\/wp-json\/wp\/v2\/types\/product"}],"replies":[{"embeddable":true,"href":"https:\/\/ammann-stepstore.com\/it\/wp-json\/wp\/v2\/comments?post=8487"}],"wp:featuredmedia":[{"embeddable":true,"href":"https:\/\/ammann-stepstore.com\/it\/wp-json\/wp\/v2\/media\/8490"}],"wp:attachment":[{"href":"https:\/\/ammann-stepstore.com\/it\/wp-json\/wp\/v2\/media?parent=8487"}],"wp:term":[{"taxonomy":"product_brand","embeddable":true,"href":"https:\/\/ammann-stepstore.com\/it\/wp-json\/wp\/v2\/product_brand?post=8487"},{"taxonomy":"product_cat","embeddable":true,"href":"https:\/\/ammann-stepstore.com\/it\/wp-json\/wp\/v2\/product_cat?post=8487"},{"taxonomy":"product_tag","embeddable":true,"href":"https:\/\/ammann-stepstore.com\/it\/wp-json\/wp\/v2\/product_tag?post=8487"}],"curies":[{"name":"wp","href":"https:\/\/api.w.org\/{rel}","templated":true}]}}