{"id":8482,"date":"2026-01-29T11:49:43","date_gmt":"2026-01-29T10:49:43","guid":{"rendered":"https:\/\/ammann-stepstore.com\/?post_type=product&#038;p=8482"},"modified":"2026-03-31T11:26:12","modified_gmt":"2026-03-31T09:26:12","slug":"supporto-per-gradini-in-acciaio-inox-per-scale-a-traversini-in-acciaio-per-la-saldatura-in","status":"publish","type":"product","link":"https:\/\/ammann-stepstore.com\/it\/produkt\/stufenauflager-aus-edelstahl-fuer-stahlwangentreppen-zum-einschweissen\/","title":{"rendered":"Supporto per gradini in acciaio inox per scale con traversi in acciaio saldati"},"content":{"rendered":"<div>\n<p data-start=\"288\" data-end=\"358\">Fissaggio del paragradino per scale a traversi in acciaio di Ammann Treppen<\/p>\n<p data-start=\"360\" data-end=\"571\">Abbiamo progettato supporti per gradini a saldare appositamente per le scale con travi in acciaio. Questi consentono di fissare in modo sicuro e permanente i gradini ai traversi in acciaio e di installarli con precisione.<\/p>\n<p data-start=\"573\" data-end=\"902\">I nostri cuscinetti per gradini per scale con traversi in acciaio sono saldati direttamente nel traverso in acciaio e costituiscono un supporto stabile e duraturo per i gradini in legno. Il design sofisticato garantisce un aspetto pulito, un'elevata stabilit\u00e0 e un fissaggio affidabile dei gradini alla trave d'acciaio.<\/p>\n<p data-start=\"904\" data-end=\"1175\">I supporti per gradini saldati sono ideali per la costruzione di scale con traversi in acciaio, dove i gradini devono essere posizionati con precisione e fissati in modo permanente. Facilitano l'installazione e rappresentano una soluzione professionale nella costruzione di scale moderne.<\/p>\n<p data-start=\"1177\" data-end=\"1340\">Scoprite subito i nostri cuscinetti per gradini di alta qualit\u00e0 per scale a travi in acciaio e realizzate costruzioni di scale stabili, precise ed esteticamente gradevoli.<\/p>\n<\/div>\n<div><\/div>\n<div><\/div>\n<div><\/div>\n<div>Informazioni sull'articolo:<\/div>\n<div><\/div>\n<div><\/div>\n<div>\n<div><span style=\"color: #202020; font-family: Helvetica Neue, Helvetica, Arial, sans-serif;\">Raccordo da 8,5 mm per il montaggio su guancia per la saldatura con 20 mm <\/span>\u00d8 , distanza dei longheroni dal gradino 5 mm per l'isolamento acustico, supporto del gradino 45 mm<\/div>\n<div>Fornito senza viti (per i gradini di 45 mm di spessore si consigliano viti Torx 4,5 x 40).<\/div>\n<div><\/div>\n<div><\/div>\n<div><span style=\"color: #202020; font-family: Helvetica Neue, Helvetica, Arial, sans-serif;\">Sono necessari 4 supporti per gradini per ogni gradino diritto.<\/span><\/div>\n<div><\/div>\n<div>Spedizione dalla Germania<\/div>\n<div>\n<div><\/div>\n<div><\/div>\n<div>Supporto per paragradino, supporto per paragradino in acciaio, supporto per paragradino, supporto per gradino, gancio per gradino, staffa per gradino in legno, fissaggio per paragradino, ancoraggio per gradino, supporto per paragradino, staffa per gradino, connettore per acciaio e legno<\/div>\n<\/div>\n<\/div>","protected":false},"excerpt":{"rendered":"<p>per unit\u00e0 per una scala a 15 alzate<\/p>","protected":false},"featured_media":8483,"comment_status":"closed","ping_status":"closed","template":"","meta":[],"product_brand":[],"product_cat":[78],"product_tag":[],"class_list":{"0":"post-8482","1":"product","2":"type-product","3":"status-publish","4":"has-post-thumbnail","6":"product_cat-stufenauflager","8":"first","9":"instock","10":"taxable","11":"shipping-taxable","12":"purchasable","13":"product-type-simple"},"yoast_head":"<!-- This site is optimized with the Yoast SEO plugin v27.4 - https:\/\/yoast.com\/product\/yoast-seo-wordpress\/ -->\n<title>Stufenauflager aus Edelstahl f\u00fcr Stahlwangentreppen zum Einschwei\u00dfen - Ammann Stepstore<\/title>\n<meta name=\"description\" content=\"Treppenstufenbefestigung aus Edelstahl f\u00fcr Stahlwangentreppen zum Einschwei\u00dfen. Jetzt Stufentr\u00e4ger kaufen im Online-Shop von Ammann Treppen.\" \/>\n<meta name=\"robots\" content=\"index, follow, max-snippet:-1, max-image-preview:large, max-video-preview:-1\" \/>\n<link rel=\"canonical\" href=\"https:\/\/ammann-stepstore.com\/it\/prodotto\/supporto-per-gradini-in-acciaio-inox-per-scale-a-traversini-in-acciaio-per-la-saldatura-in\/\" \/>\n<meta property=\"og:locale\" content=\"it_IT\" \/>\n<meta property=\"og:type\" content=\"article\" \/>\n<meta property=\"og:title\" content=\"Stufenauflager aus Edelstahl f\u00fcr Stahlwangentreppen zum Einschwei\u00dfen - Ammann Stepstore\" \/>\n<meta property=\"og:description\" content=\"Treppenstufenbefestigung aus Edelstahl f\u00fcr Stahlwangentreppen zum Einschwei\u00dfen. Jetzt Stufentr\u00e4ger kaufen im Online-Shop von Ammann Treppen.\" \/>\n<meta property=\"og:url\" content=\"https:\/\/ammann-stepstore.com\/it\/prodotto\/supporto-per-gradini-in-acciaio-inox-per-scale-a-traversini-in-acciaio-per-la-saldatura-in\/\" \/>\n<meta property=\"og:site_name\" content=\"Ammann Stepstore\" \/>\n<meta property=\"article:modified_time\" content=\"2026-03-31T09:26:12+00:00\" \/>\n<meta property=\"og:image\" content=\"https:\/\/ammann-stepstore.com\/wp-content\/uploads\/2026\/01\/StufenlagerStahlwangeSchweissbar1.jpg\" \/>\n\t<meta property=\"og:image:width\" content=\"790\" \/>\n\t<meta property=\"og:image:height\" content=\"1000\" \/>\n\t<meta property=\"og:image:type\" content=\"image\/jpeg\" \/>\n<meta name=\"twitter:card\" content=\"summary_large_image\" \/>\n<meta name=\"twitter:label1\" content=\"Tempo di lettura stimato\" \/>\n\t<meta name=\"twitter:data1\" content=\"2 minuti\" \/>\n<script type=\"application\/ld+json\" class=\"yoast-schema-graph\">{\"@context\":\"https:\\\/\\\/schema.org\",\"@graph\":[{\"@type\":\"WebPage\",\"@id\":\"https:\\\/\\\/ammann-stepstore.com\\\/fr\\\/produit\\\/supports-de-marches-en-acier-inoxydable-pour-escaliers-a-limons-en-acier-a-souder\\\/\",\"url\":\"https:\\\/\\\/ammann-stepstore.com\\\/fr\\\/produit\\\/supports-de-marches-en-acier-inoxydable-pour-escaliers-a-limons-en-acier-a-souder\\\/\",\"name\":\"Stufenauflager aus Edelstahl f\u00fcr Stahlwangentreppen zum Einschwei\u00dfen - Ammann Stepstore\",\"isPartOf\":{\"@id\":\"https:\\\/\\\/ammann-stepstore.com\\\/#website\"},\"primaryImageOfPage\":{\"@id\":\"https:\\\/\\\/ammann-stepstore.com\\\/fr\\\/produit\\\/supports-de-marches-en-acier-inoxydable-pour-escaliers-a-limons-en-acier-a-souder\\\/#primaryimage\"},\"image\":{\"@id\":\"https:\\\/\\\/ammann-stepstore.com\\\/fr\\\/produit\\\/supports-de-marches-en-acier-inoxydable-pour-escaliers-a-limons-en-acier-a-souder\\\/#primaryimage\"},\"thumbnailUrl\":\"https:\\\/\\\/ammann-stepstore.com\\\/wp-content\\\/uploads\\\/2026\\\/01\\\/StufenlagerStahlwangeSchweissbar1.jpg\",\"datePublished\":\"2026-01-29T10:49:43+00:00\",\"dateModified\":\"2026-03-31T09:26:12+00:00\",\"description\":\"Treppenstufenbefestigung aus Edelstahl f\u00fcr Stahlwangentreppen zum Einschwei\u00dfen. Jetzt Stufentr\u00e4ger kaufen im Online-Shop von Ammann Treppen.\",\"breadcrumb\":{\"@id\":\"https:\\\/\\\/ammann-stepstore.com\\\/fr\\\/produit\\\/supports-de-marches-en-acier-inoxydable-pour-escaliers-a-limons-en-acier-a-souder\\\/#breadcrumb\"},\"inLanguage\":\"it-IT\",\"potentialAction\":[{\"@type\":\"ReadAction\",\"target\":[\"https:\\\/\\\/ammann-stepstore.com\\\/fr\\\/produit\\\/supports-de-marches-en-acier-inoxydable-pour-escaliers-a-limons-en-acier-a-souder\\\/\"]}]},{\"@type\":\"ImageObject\",\"inLanguage\":\"it-IT\",\"@id\":\"https:\\\/\\\/ammann-stepstore.com\\\/fr\\\/produit\\\/supports-de-marches-en-acier-inoxydable-pour-escaliers-a-limons-en-acier-a-souder\\\/#primaryimage\",\"url\":\"https:\\\/\\\/ammann-stepstore.com\\\/wp-content\\\/uploads\\\/2026\\\/01\\\/StufenlagerStahlwangeSchweissbar1.jpg\",\"contentUrl\":\"https:\\\/\\\/ammann-stepstore.com\\\/wp-content\\\/uploads\\\/2026\\\/01\\\/StufenlagerStahlwangeSchweissbar1.jpg\",\"width\":790,\"height\":1000,\"caption\":\"Stufenauflager f\u00fcr Stahlwangentreppen zum Einschwei\u00dfen\"},{\"@type\":\"BreadcrumbList\",\"@id\":\"https:\\\/\\\/ammann-stepstore.com\\\/fr\\\/produit\\\/supports-de-marches-en-acier-inoxydable-pour-escaliers-a-limons-en-acier-a-souder\\\/#breadcrumb\",\"itemListElement\":[{\"@type\":\"ListItem\",\"position\":1,\"name\":\"Startseite\",\"item\":\"https:\\\/\\\/ammann-stepstore.com\\\/\"},{\"@type\":\"ListItem\",\"position\":2,\"name\":\"Shop\",\"item\":\"https:\\\/\\\/ammann-stepstore.com\\\/shop\\\/\"},{\"@type\":\"ListItem\",\"position\":3,\"name\":\"Stufenauflager aus Edelstahl f\u00fcr Stahlwangentreppen zum Einschwei\u00dfen\"}]},{\"@type\":\"WebSite\",\"@id\":\"https:\\\/\\\/ammann-stepstore.com\\\/#website\",\"url\":\"https:\\\/\\\/ammann-stepstore.com\\\/\",\"name\":\"Ammann Stepstore\",\"description\":\"Treppenbau-Zubeh\u00f6r bequem online kaufen\",\"publisher\":{\"@id\":\"https:\\\/\\\/ammann-stepstore.com\\\/#organization\"},\"potentialAction\":[{\"@type\":\"SearchAction\",\"target\":{\"@type\":\"EntryPoint\",\"urlTemplate\":\"https:\\\/\\\/ammann-stepstore.com\\\/?s={search_term_string}\"},\"query-input\":{\"@type\":\"PropertyValueSpecification\",\"valueRequired\":true,\"valueName\":\"search_term_string\"}}],\"inLanguage\":\"it-IT\"},{\"@type\":\"Organization\",\"@id\":\"https:\\\/\\\/ammann-stepstore.com\\\/#organization\",\"name\":\"easy-step GmbH\",\"url\":\"https:\\\/\\\/ammann-stepstore.com\\\/\",\"logo\":{\"@type\":\"ImageObject\",\"inLanguage\":\"it-IT\",\"@id\":\"https:\\\/\\\/ammann-stepstore.com\\\/#\\\/schema\\\/logo\\\/image\\\/\",\"url\":\"https:\\\/\\\/ammann-stepstore.com\\\/wp-content\\\/uploads\\\/2018\\\/09\\\/Systembautreppe-merged.png\",\"contentUrl\":\"https:\\\/\\\/ammann-stepstore.com\\\/wp-content\\\/uploads\\\/2018\\\/09\\\/Systembautreppe-merged.png\",\"width\":273,\"height\":67,\"caption\":\"easy-step GmbH\"},\"image\":{\"@id\":\"https:\\\/\\\/ammann-stepstore.com\\\/#\\\/schema\\\/logo\\\/image\\\/\"},\"sameAs\":[\"https:\\\/\\\/www.instagram.com\\\/easystep_bautreppe\\\/\"]}]}<\/script>\n<!-- \/ Yoast SEO plugin. -->","yoast_head_json":{"title":"Supporto per gradini in acciaio inox per scale con traversi in acciaio saldati - Ammann Stepstore","description":"Fissaggio del gradino in acciaio inox per scale a trave in acciaio da saldare in. Acquistate ora i supporti per gradini nel negozio online di Ammann Treppen.","robots":{"index":"index","follow":"follow","max-snippet":"max-snippet:-1","max-image-preview":"max-image-preview:large","max-video-preview":"max-video-preview:-1"},"canonical":"https:\/\/ammann-stepstore.com\/it\/prodotto\/supporto-per-gradini-in-acciaio-inox-per-scale-a-traversini-in-acciaio-per-la-saldatura-in\/","og_locale":"it_IT","og_type":"article","og_title":"Stufenauflager aus Edelstahl f\u00fcr Stahlwangentreppen zum Einschwei\u00dfen - Ammann Stepstore","og_description":"Treppenstufenbefestigung aus Edelstahl f\u00fcr Stahlwangentreppen zum Einschwei\u00dfen. Jetzt Stufentr\u00e4ger kaufen im Online-Shop von Ammann Treppen.","og_url":"https:\/\/ammann-stepstore.com\/it\/prodotto\/supporto-per-gradini-in-acciaio-inox-per-scale-a-traversini-in-acciaio-per-la-saldatura-in\/","og_site_name":"Ammann Stepstore","article_modified_time":"2026-03-31T09:26:12+00:00","og_image":[{"width":790,"height":1000,"url":"https:\/\/ammann-stepstore.com\/wp-content\/uploads\/2026\/01\/StufenlagerStahlwangeSchweissbar1.jpg","type":"image\/jpeg"}],"twitter_card":"summary_large_image","twitter_misc":{"Tempo di lettura stimato":"2 minuti"},"schema":{"@context":"https:\/\/schema.org","@graph":[{"@type":"WebPage","@id":"https:\/\/ammann-stepstore.com\/fr\/produit\/supports-de-marches-en-acier-inoxydable-pour-escaliers-a-limons-en-acier-a-souder\/","url":"https:\/\/ammann-stepstore.com\/fr\/produit\/supports-de-marches-en-acier-inoxydable-pour-escaliers-a-limons-en-acier-a-souder\/","name":"Supporto per gradini in acciaio inox per scale con traversi in acciaio saldati - Ammann Stepstore","isPartOf":{"@id":"https:\/\/ammann-stepstore.com\/#website"},"primaryImageOfPage":{"@id":"https:\/\/ammann-stepstore.com\/fr\/produit\/supports-de-marches-en-acier-inoxydable-pour-escaliers-a-limons-en-acier-a-souder\/#primaryimage"},"image":{"@id":"https:\/\/ammann-stepstore.com\/fr\/produit\/supports-de-marches-en-acier-inoxydable-pour-escaliers-a-limons-en-acier-a-souder\/#primaryimage"},"thumbnailUrl":"https:\/\/ammann-stepstore.com\/wp-content\/uploads\/2026\/01\/StufenlagerStahlwangeSchweissbar1.jpg","datePublished":"2026-01-29T10:49:43+00:00","dateModified":"2026-03-31T09:26:12+00:00","description":"Fissaggio del gradino in acciaio inox per scale a trave in acciaio da saldare in. Acquistate ora i supporti per gradini nel negozio online di Ammann Treppen.","breadcrumb":{"@id":"https:\/\/ammann-stepstore.com\/fr\/produit\/supports-de-marches-en-acier-inoxydable-pour-escaliers-a-limons-en-acier-a-souder\/#breadcrumb"},"inLanguage":"it-IT","potentialAction":[{"@type":"ReadAction","target":["https:\/\/ammann-stepstore.com\/fr\/produit\/supports-de-marches-en-acier-inoxydable-pour-escaliers-a-limons-en-acier-a-souder\/"]}]},{"@type":"ImageObject","inLanguage":"it-IT","@id":"https:\/\/ammann-stepstore.com\/fr\/produit\/supports-de-marches-en-acier-inoxydable-pour-escaliers-a-limons-en-acier-a-souder\/#primaryimage","url":"https:\/\/ammann-stepstore.com\/wp-content\/uploads\/2026\/01\/StufenlagerStahlwangeSchweissbar1.jpg","contentUrl":"https:\/\/ammann-stepstore.com\/wp-content\/uploads\/2026\/01\/StufenlagerStahlwangeSchweissbar1.jpg","width":790,"height":1000,"caption":"Stufenauflager f\u00fcr Stahlwangentreppen zum Einschwei\u00dfen"},{"@type":"BreadcrumbList","@id":"https:\/\/ammann-stepstore.com\/fr\/produit\/supports-de-marches-en-acier-inoxydable-pour-escaliers-a-limons-en-acier-a-souder\/#breadcrumb","itemListElement":[{"@type":"ListItem","position":1,"name":"Startseite","item":"https:\/\/ammann-stepstore.com\/"},{"@type":"ListItem","position":2,"name":"Shop","item":"https:\/\/ammann-stepstore.com\/shop\/"},{"@type":"ListItem","position":3,"name":"Stufenauflager aus Edelstahl f\u00fcr Stahlwangentreppen zum Einschwei\u00dfen"}]},{"@type":"WebSite","@id":"https:\/\/ammann-stepstore.com\/#website","url":"https:\/\/ammann-stepstore.com\/","name":"Ammann Stepstore","description":"Acquistare comodamente online gli accessori per scale","publisher":{"@id":"https:\/\/ammann-stepstore.com\/#organization"},"potentialAction":[{"@type":"SearchAction","target":{"@type":"EntryPoint","urlTemplate":"https:\/\/ammann-stepstore.com\/?s={search_term_string}"},"query-input":{"@type":"PropertyValueSpecification","valueRequired":true,"valueName":"search_term_string"}}],"inLanguage":"it-IT"},{"@type":"Organization","@id":"https:\/\/ammann-stepstore.com\/#organization","name":"easy-step GmbH","url":"https:\/\/ammann-stepstore.com\/","logo":{"@type":"ImageObject","inLanguage":"it-IT","@id":"https:\/\/ammann-stepstore.com\/#\/schema\/logo\/image\/","url":"https:\/\/ammann-stepstore.com\/wp-content\/uploads\/2018\/09\/Systembautreppe-merged.png","contentUrl":"https:\/\/ammann-stepstore.com\/wp-content\/uploads\/2018\/09\/Systembautreppe-merged.png","width":273,"height":67,"caption":"easy-step GmbH"},"image":{"@id":"https:\/\/ammann-stepstore.com\/#\/schema\/logo\/image\/"},"sameAs":["https:\/\/www.instagram.com\/easystep_bautreppe\/"]}]}},"_links":{"self":[{"href":"https:\/\/ammann-stepstore.com\/it\/wp-json\/wp\/v2\/product\/8482","targetHints":{"allow":["GET"]}}],"collection":[{"href":"https:\/\/ammann-stepstore.com\/it\/wp-json\/wp\/v2\/product"}],"about":[{"href":"https:\/\/ammann-stepstore.com\/it\/wp-json\/wp\/v2\/types\/product"}],"replies":[{"embeddable":true,"href":"https:\/\/ammann-stepstore.com\/it\/wp-json\/wp\/v2\/comments?post=8482"}],"wp:featuredmedia":[{"embeddable":true,"href":"https:\/\/ammann-stepstore.com\/it\/wp-json\/wp\/v2\/media\/8483"}],"wp:attachment":[{"href":"https:\/\/ammann-stepstore.com\/it\/wp-json\/wp\/v2\/media?parent=8482"}],"wp:term":[{"taxonomy":"product_brand","embeddable":true,"href":"https:\/\/ammann-stepstore.com\/it\/wp-json\/wp\/v2\/product_brand?post=8482"},{"taxonomy":"product_cat","embeddable":true,"href":"https:\/\/ammann-stepstore.com\/it\/wp-json\/wp\/v2\/product_cat?post=8482"},{"taxonomy":"product_tag","embeddable":true,"href":"https:\/\/ammann-stepstore.com\/it\/wp-json\/wp\/v2\/product_tag?post=8482"}],"curies":[{"name":"wp","href":"https:\/\/api.w.org\/{rel}","templated":true}]}}