{"id":7951,"date":"2024-02-09T09:50:33","date_gmt":"2024-02-09T08:50:33","guid":{"rendered":"https:\/\/ammann-stepstore-18589519.wptestserver2.de\/?post_type=product&#038;p=7951"},"modified":"2026-04-15T15:42:03","modified_gmt":"2026-04-15T13:42:03","slug":"supporto-per-corrimano-angolare-supporto-per-corrimano-supporto-per-corrimano-laccato-nero-opaco","status":"publish","type":"product","link":"https:\/\/ammann-stepstore.com\/it\/produkt\/handlaufhalter-eckig-handlaufstuetze-handlauftraeger-handlauftraeger-matt-schwarz-lackiert\/","title":{"rendered":"Supporto per corrimano angolare - laccato nero opaco"},"content":{"rendered":"<p data-start=\"402\" data-end=\"473\">Supporto angolare per corrimano in nero - design moderno per le vostre scale<\/p>\n<p data-start=\"475\" data-end=\"738\">Il supporto angolare per corrimano in nero colpisce per il suo design moderno e lineare e per la sua struttura robusta. \u00c8 ideale per fissare i corrimano alle scale e alle pareti e garantisce un'installazione sicura e duratura del corrimano.<\/p>\n<p data-start=\"740\" data-end=\"1058\">Con la sua forma chiara e angolare e l'elegante finitura nera, questo moderno supporto per corrimano si abbina perfettamente alle scale contemporanee, agli interni minimalisti e agli stili di vita industriali. Allo stesso tempo, il design robusto assicura un collegamento affidabile tra il corrimano e la parete.<\/p>\n<p data-start=\"1060\" data-end=\"1293\">Il supporto angolare per corrimano nero \u00e8 adatto a vari corrimani in legno o metallo ed \u00e8 una soluzione durevole per corrimani di scale, ringhiere e corrimani a muro in case, uffici o edifici pubblici.<\/p>\n<p data-start=\"1295\" data-end=\"1482\">Grazie al suo semplice assemblaggio, il supporto per corrimano per il montaggio a parete pu\u00f2 essere installato in modo rapido e semplice. Il risultato \u00e8 una struttura per corrimano stabile e visivamente moderna.<\/p>\n<p data-start=\"1484\" data-end=\"1667\">Scegliete un design moderno e una tecnologia affidabile con il supporto angolare per corrimano in nero, la soluzione perfetta per un fissaggio elegante del corrimano sulle vostre scale.<\/p>\n<p data-start=\"1484\" data-end=\"1667\">Spedizione dalla Germania.<\/p>","protected":false},"excerpt":{"rendered":"<p>Eckiger Handlaufhalter in Schwarz \u2013 modernes Design f\u00fcr Ihre Treppe Der eckige Handlaufhalter in Schwarz \u00fcberzeugt durch sein modernes, geradliniges Design und eine stabile Konstruktion. Er eignet sich ideal f\u00fcr die Befestigung von Handl\u00e4ufen an Treppen und W\u00e4nden und sorgt f\u00fcr eine sichere und langlebige Handlaufmontage. Durch die klare, kantige Form und die elegante schwarze&#8230;<\/p>","protected":false},"featured_media":8117,"comment_status":"closed","ping_status":"closed","template":"","meta":[],"product_brand":[],"product_cat":[77],"product_tag":[],"class_list":{"0":"post-7951","1":"product","2":"type-product","3":"status-publish","4":"has-post-thumbnail","6":"product_cat-wandlaufhalter","8":"first","9":"instock","10":"taxable","11":"shipping-taxable","12":"purchasable","13":"product-type-simple"},"yoast_head":"<!-- This site is optimized with the Yoast SEO plugin v27.4 - https:\/\/yoast.com\/product\/yoast-seo-wordpress\/ -->\n<title>Handlaufhalter Eckig - matt schwarz lackiert - Ammann Stepstore<\/title>\n<meta name=\"description\" content=\"Dieser moderne Handlaufhalter passt perfekt in jedes moderne Haus. Wahlweise bieten wir den Handlauftr\u00e4ger schwarz oder wei\u00df lackiert an.\" \/>\n<meta name=\"robots\" content=\"index, follow, max-snippet:-1, max-image-preview:large, max-video-preview:-1\" \/>\n<link rel=\"canonical\" href=\"https:\/\/ammann-stepstore.com\/it\/prodotto\/supporto-per-corrimano-angolare-supporto-per-corrimano-supporto-per-corrimano-laccato-nero-opaco\/\" \/>\n<meta property=\"og:locale\" content=\"it_IT\" \/>\n<meta property=\"og:type\" content=\"article\" \/>\n<meta property=\"og:title\" content=\"Handlaufhalter Eckig - matt schwarz lackiert - Ammann Stepstore\" \/>\n<meta property=\"og:description\" content=\"Dieser moderne Handlaufhalter passt perfekt in jedes moderne Haus. Wahlweise bieten wir den Handlauftr\u00e4ger schwarz oder wei\u00df lackiert an.\" \/>\n<meta property=\"og:url\" content=\"https:\/\/ammann-stepstore.com\/it\/prodotto\/supporto-per-corrimano-angolare-supporto-per-corrimano-supporto-per-corrimano-laccato-nero-opaco\/\" \/>\n<meta property=\"og:site_name\" content=\"Ammann Stepstore\" \/>\n<meta property=\"article:modified_time\" content=\"2026-04-15T13:42:03+00:00\" \/>\n<meta property=\"og:image\" content=\"https:\/\/ammann-stepstore.com\/wp-content\/uploads\/2024\/04\/Ammann-Treppen_Wandhandlaufhalter-Eckig-matt-schwarz_1.jpg\" \/>\n\t<meta property=\"og:image:width\" content=\"790\" \/>\n\t<meta property=\"og:image:height\" content=\"1000\" \/>\n\t<meta property=\"og:image:type\" content=\"image\/jpeg\" \/>\n<meta name=\"twitter:card\" content=\"summary_large_image\" \/>\n<meta name=\"twitter:label1\" content=\"Tempo di lettura stimato\" \/>\n\t<meta name=\"twitter:data1\" content=\"2 minuti\" \/>\n<script type=\"application\/ld+json\" class=\"yoast-schema-graph\">{\"@context\":\"https:\\\/\\\/schema.org\",\"@graph\":[{\"@type\":\"WebPage\",\"@id\":\"https:\\\/\\\/ammann-stepstore.com\\\/produkt\\\/handlaufhalter-eckig-handlaufstuetze-handlauftraeger-handlauftraeger-matt-schwarz-lackiert\\\/\",\"url\":\"https:\\\/\\\/ammann-stepstore.com\\\/produkt\\\/handlaufhalter-eckig-handlaufstuetze-handlauftraeger-handlauftraeger-matt-schwarz-lackiert\\\/\",\"name\":\"Handlaufhalter Eckig - matt schwarz lackiert - Ammann Stepstore\",\"isPartOf\":{\"@id\":\"https:\\\/\\\/ammann-stepstore.com\\\/#website\"},\"primaryImageOfPage\":{\"@id\":\"https:\\\/\\\/ammann-stepstore.com\\\/produkt\\\/handlaufhalter-eckig-handlaufstuetze-handlauftraeger-handlauftraeger-matt-schwarz-lackiert\\\/#primaryimage\"},\"image\":{\"@id\":\"https:\\\/\\\/ammann-stepstore.com\\\/produkt\\\/handlaufhalter-eckig-handlaufstuetze-handlauftraeger-handlauftraeger-matt-schwarz-lackiert\\\/#primaryimage\"},\"thumbnailUrl\":\"https:\\\/\\\/ammann-stepstore.com\\\/wp-content\\\/uploads\\\/2024\\\/04\\\/Ammann-Treppen_Wandhandlaufhalter-Eckig-matt-schwarz_1.jpg\",\"datePublished\":\"2024-02-09T08:50:33+00:00\",\"dateModified\":\"2026-04-15T13:42:03+00:00\",\"description\":\"Dieser moderne Handlaufhalter passt perfekt in jedes moderne Haus. Wahlweise bieten wir den Handlauftr\u00e4ger schwarz oder wei\u00df lackiert an.\",\"breadcrumb\":{\"@id\":\"https:\\\/\\\/ammann-stepstore.com\\\/produkt\\\/handlaufhalter-eckig-handlaufstuetze-handlauftraeger-handlauftraeger-matt-schwarz-lackiert\\\/#breadcrumb\"},\"inLanguage\":\"it-IT\",\"potentialAction\":[{\"@type\":\"ReadAction\",\"target\":[\"https:\\\/\\\/ammann-stepstore.com\\\/produkt\\\/handlaufhalter-eckig-handlaufstuetze-handlauftraeger-handlauftraeger-matt-schwarz-lackiert\\\/\"]}]},{\"@type\":\"ImageObject\",\"inLanguage\":\"it-IT\",\"@id\":\"https:\\\/\\\/ammann-stepstore.com\\\/produkt\\\/handlaufhalter-eckig-handlaufstuetze-handlauftraeger-handlauftraeger-matt-schwarz-lackiert\\\/#primaryimage\",\"url\":\"https:\\\/\\\/ammann-stepstore.com\\\/wp-content\\\/uploads\\\/2024\\\/04\\\/Ammann-Treppen_Wandhandlaufhalter-Eckig-matt-schwarz_1.jpg\",\"contentUrl\":\"https:\\\/\\\/ammann-stepstore.com\\\/wp-content\\\/uploads\\\/2024\\\/04\\\/Ammann-Treppen_Wandhandlaufhalter-Eckig-matt-schwarz_1.jpg\",\"width\":790,\"height\":1000,\"caption\":\"handlaufhalter-modern-handlaufst\u00fctze-eckig-lackiert-ral-9005\"},{\"@type\":\"BreadcrumbList\",\"@id\":\"https:\\\/\\\/ammann-stepstore.com\\\/produkt\\\/handlaufhalter-eckig-handlaufstuetze-handlauftraeger-handlauftraeger-matt-schwarz-lackiert\\\/#breadcrumb\",\"itemListElement\":[{\"@type\":\"ListItem\",\"position\":1,\"name\":\"Startseite\",\"item\":\"https:\\\/\\\/ammann-stepstore.com\\\/\"},{\"@type\":\"ListItem\",\"position\":2,\"name\":\"Shop\",\"item\":\"https:\\\/\\\/ammann-stepstore.com\\\/shop\\\/\"},{\"@type\":\"ListItem\",\"position\":3,\"name\":\"Handlaufhalter Eckig &#8211; matt schwarz lackiert\"}]},{\"@type\":\"WebSite\",\"@id\":\"https:\\\/\\\/ammann-stepstore.com\\\/#website\",\"url\":\"https:\\\/\\\/ammann-stepstore.com\\\/\",\"name\":\"Ammann Stepstore\",\"description\":\"Treppenbau-Zubeh\u00f6r bequem online kaufen\",\"publisher\":{\"@id\":\"https:\\\/\\\/ammann-stepstore.com\\\/#organization\"},\"potentialAction\":[{\"@type\":\"SearchAction\",\"target\":{\"@type\":\"EntryPoint\",\"urlTemplate\":\"https:\\\/\\\/ammann-stepstore.com\\\/?s={search_term_string}\"},\"query-input\":{\"@type\":\"PropertyValueSpecification\",\"valueRequired\":true,\"valueName\":\"search_term_string\"}}],\"inLanguage\":\"it-IT\"},{\"@type\":\"Organization\",\"@id\":\"https:\\\/\\\/ammann-stepstore.com\\\/#organization\",\"name\":\"easy-step GmbH\",\"url\":\"https:\\\/\\\/ammann-stepstore.com\\\/\",\"logo\":{\"@type\":\"ImageObject\",\"inLanguage\":\"it-IT\",\"@id\":\"https:\\\/\\\/ammann-stepstore.com\\\/#\\\/schema\\\/logo\\\/image\\\/\",\"url\":\"https:\\\/\\\/ammann-stepstore.com\\\/wp-content\\\/uploads\\\/2018\\\/09\\\/Systembautreppe-merged.png\",\"contentUrl\":\"https:\\\/\\\/ammann-stepstore.com\\\/wp-content\\\/uploads\\\/2018\\\/09\\\/Systembautreppe-merged.png\",\"width\":273,\"height\":67,\"caption\":\"easy-step GmbH\"},\"image\":{\"@id\":\"https:\\\/\\\/ammann-stepstore.com\\\/#\\\/schema\\\/logo\\\/image\\\/\"},\"sameAs\":[\"https:\\\/\\\/www.instagram.com\\\/easystep_bautreppe\\\/\"]}]}<\/script>\n<!-- \/ Yoast SEO plugin. -->","yoast_head_json":{"title":"Supporto per corrimano angolare - laccato nero opaco - Ammann Stepstore","description":"Questo moderno supporto per corrimano si adatta perfettamente a qualsiasi casa moderna. Il supporto per corrimano \u00e8 disponibile in una versione laccata bianca o nera.","robots":{"index":"index","follow":"follow","max-snippet":"max-snippet:-1","max-image-preview":"max-image-preview:large","max-video-preview":"max-video-preview:-1"},"canonical":"https:\/\/ammann-stepstore.com\/it\/prodotto\/supporto-per-corrimano-angolare-supporto-per-corrimano-supporto-per-corrimano-laccato-nero-opaco\/","og_locale":"it_IT","og_type":"article","og_title":"Handlaufhalter Eckig - matt schwarz lackiert - Ammann Stepstore","og_description":"Dieser moderne Handlaufhalter passt perfekt in jedes moderne Haus. Wahlweise bieten wir den Handlauftr\u00e4ger schwarz oder wei\u00df lackiert an.","og_url":"https:\/\/ammann-stepstore.com\/it\/prodotto\/supporto-per-corrimano-angolare-supporto-per-corrimano-supporto-per-corrimano-laccato-nero-opaco\/","og_site_name":"Ammann Stepstore","article_modified_time":"2026-04-15T13:42:03+00:00","og_image":[{"width":790,"height":1000,"url":"https:\/\/ammann-stepstore.com\/wp-content\/uploads\/2024\/04\/Ammann-Treppen_Wandhandlaufhalter-Eckig-matt-schwarz_1.jpg","type":"image\/jpeg"}],"twitter_card":"summary_large_image","twitter_misc":{"Tempo di lettura stimato":"2 minuti"},"schema":{"@context":"https:\/\/schema.org","@graph":[{"@type":"WebPage","@id":"https:\/\/ammann-stepstore.com\/produkt\/handlaufhalter-eckig-handlaufstuetze-handlauftraeger-handlauftraeger-matt-schwarz-lackiert\/","url":"https:\/\/ammann-stepstore.com\/produkt\/handlaufhalter-eckig-handlaufstuetze-handlauftraeger-handlauftraeger-matt-schwarz-lackiert\/","name":"Supporto per corrimano angolare - laccato nero opaco - Ammann Stepstore","isPartOf":{"@id":"https:\/\/ammann-stepstore.com\/#website"},"primaryImageOfPage":{"@id":"https:\/\/ammann-stepstore.com\/produkt\/handlaufhalter-eckig-handlaufstuetze-handlauftraeger-handlauftraeger-matt-schwarz-lackiert\/#primaryimage"},"image":{"@id":"https:\/\/ammann-stepstore.com\/produkt\/handlaufhalter-eckig-handlaufstuetze-handlauftraeger-handlauftraeger-matt-schwarz-lackiert\/#primaryimage"},"thumbnailUrl":"https:\/\/ammann-stepstore.com\/wp-content\/uploads\/2024\/04\/Ammann-Treppen_Wandhandlaufhalter-Eckig-matt-schwarz_1.jpg","datePublished":"2024-02-09T08:50:33+00:00","dateModified":"2026-04-15T13:42:03+00:00","description":"Questo moderno supporto per corrimano si adatta perfettamente a qualsiasi casa moderna. Il supporto per corrimano \u00e8 disponibile in una versione laccata bianca o nera.","breadcrumb":{"@id":"https:\/\/ammann-stepstore.com\/produkt\/handlaufhalter-eckig-handlaufstuetze-handlauftraeger-handlauftraeger-matt-schwarz-lackiert\/#breadcrumb"},"inLanguage":"it-IT","potentialAction":[{"@type":"ReadAction","target":["https:\/\/ammann-stepstore.com\/produkt\/handlaufhalter-eckig-handlaufstuetze-handlauftraeger-handlauftraeger-matt-schwarz-lackiert\/"]}]},{"@type":"ImageObject","inLanguage":"it-IT","@id":"https:\/\/ammann-stepstore.com\/produkt\/handlaufhalter-eckig-handlaufstuetze-handlauftraeger-handlauftraeger-matt-schwarz-lackiert\/#primaryimage","url":"https:\/\/ammann-stepstore.com\/wp-content\/uploads\/2024\/04\/Ammann-Treppen_Wandhandlaufhalter-Eckig-matt-schwarz_1.jpg","contentUrl":"https:\/\/ammann-stepstore.com\/wp-content\/uploads\/2024\/04\/Ammann-Treppen_Wandhandlaufhalter-Eckig-matt-schwarz_1.jpg","width":790,"height":1000,"caption":"handlaufhalter-modern-handlaufst\u00fctze-eckig-lackiert-ral-9005"},{"@type":"BreadcrumbList","@id":"https:\/\/ammann-stepstore.com\/produkt\/handlaufhalter-eckig-handlaufstuetze-handlauftraeger-handlauftraeger-matt-schwarz-lackiert\/#breadcrumb","itemListElement":[{"@type":"ListItem","position":1,"name":"Startseite","item":"https:\/\/ammann-stepstore.com\/"},{"@type":"ListItem","position":2,"name":"Shop","item":"https:\/\/ammann-stepstore.com\/shop\/"},{"@type":"ListItem","position":3,"name":"Handlaufhalter Eckig &#8211; matt schwarz lackiert"}]},{"@type":"WebSite","@id":"https:\/\/ammann-stepstore.com\/#website","url":"https:\/\/ammann-stepstore.com\/","name":"Ammann Stepstore","description":"Acquistare comodamente online gli accessori per scale","publisher":{"@id":"https:\/\/ammann-stepstore.com\/#organization"},"potentialAction":[{"@type":"SearchAction","target":{"@type":"EntryPoint","urlTemplate":"https:\/\/ammann-stepstore.com\/?s={search_term_string}"},"query-input":{"@type":"PropertyValueSpecification","valueRequired":true,"valueName":"search_term_string"}}],"inLanguage":"it-IT"},{"@type":"Organization","@id":"https:\/\/ammann-stepstore.com\/#organization","name":"easy-step GmbH","url":"https:\/\/ammann-stepstore.com\/","logo":{"@type":"ImageObject","inLanguage":"it-IT","@id":"https:\/\/ammann-stepstore.com\/#\/schema\/logo\/image\/","url":"https:\/\/ammann-stepstore.com\/wp-content\/uploads\/2018\/09\/Systembautreppe-merged.png","contentUrl":"https:\/\/ammann-stepstore.com\/wp-content\/uploads\/2018\/09\/Systembautreppe-merged.png","width":273,"height":67,"caption":"easy-step GmbH"},"image":{"@id":"https:\/\/ammann-stepstore.com\/#\/schema\/logo\/image\/"},"sameAs":["https:\/\/www.instagram.com\/easystep_bautreppe\/"]}]}},"_links":{"self":[{"href":"https:\/\/ammann-stepstore.com\/it\/wp-json\/wp\/v2\/product\/7951","targetHints":{"allow":["GET"]}}],"collection":[{"href":"https:\/\/ammann-stepstore.com\/it\/wp-json\/wp\/v2\/product"}],"about":[{"href":"https:\/\/ammann-stepstore.com\/it\/wp-json\/wp\/v2\/types\/product"}],"replies":[{"embeddable":true,"href":"https:\/\/ammann-stepstore.com\/it\/wp-json\/wp\/v2\/comments?post=7951"}],"wp:featuredmedia":[{"embeddable":true,"href":"https:\/\/ammann-stepstore.com\/it\/wp-json\/wp\/v2\/media\/8117"}],"wp:attachment":[{"href":"https:\/\/ammann-stepstore.com\/it\/wp-json\/wp\/v2\/media?parent=7951"}],"wp:term":[{"taxonomy":"product_brand","embeddable":true,"href":"https:\/\/ammann-stepstore.com\/it\/wp-json\/wp\/v2\/product_brand?post=7951"},{"taxonomy":"product_cat","embeddable":true,"href":"https:\/\/ammann-stepstore.com\/it\/wp-json\/wp\/v2\/product_cat?post=7951"},{"taxonomy":"product_tag","embeddable":true,"href":"https:\/\/ammann-stepstore.com\/it\/wp-json\/wp\/v2\/product_tag?post=7951"}],"curies":[{"name":"wp","href":"https:\/\/api.w.org\/{rel}","templated":true}]}}