{"id":8533,"date":"2026-03-13T14:30:57","date_gmt":"2026-03-13T13:30:57","guid":{"rendered":"https:\/\/ammann-stepstore.com\/?page_id=8533"},"modified":"2026-04-21T11:52:07","modified_gmt":"2026-04-21T09:52:07","slug":"fissaggio-dei-gradini-delle-scale","status":"publish","type":"page","link":"https:\/\/ammann-stepstore.com\/it\/treppenstufen-befestigen-wangentreppen\/","title":{"rendered":"Fissaggio dei gradini per scale a traversini"},"content":{"rendered":"<section class=\"l-section wpb_row height_medium\"><div class=\"l-section-h i-cf\"><div class=\"g-cols vc_row via_flex valign_top type_default stacking_default\"><div class=\"vc_col-sm-12 wpb_column vc_column_container\"><div class=\"vc_column-inner\"><div class=\"wpb_wrapper\">\n\t<div class=\"wpb_raw_code wpb_raw_html wpb_content_element us_custom_909b2fd0\" >\n\t\t<div class=\"wpb_wrapper\">\n\t\t\t<style>\n  :root{\n    --red:#9f1f18;\n    --red-dark:#7d1914;\n    --text:#1f2937;\n    --muted:#5b6472;\n    --bg:#ffffff;\n    --soft:#f5f5f3;\n    --line:#e6e7eb;\n    --radius:20px;\n    --shadow:0 12px 32px rgba(0,0,0,.10);\n    --wrap:1180px;\n  }\n\n  *{box-sizing:border-box}\n\n  .ammann-guide{\n    width:min(var(--wrap),calc(100% - 32px));\n    margin:0 auto;\n    color:var(--text);\n    font-family:Arial,Helvetica,sans-serif;\n    line-height:1.6;\n  }\n\n  .ammann-guide img{\n    max-width:100%;\n    display:block;\n  }\n\n  .ammann-guide a{\n    text-decoration:none;\n  }\n\n  .ammann-section{\n    padding:80px 0;\n  }\n\n  .ammann-soft{\n    background:var(--soft);\n    border-radius:28px;\n    padding:80px 32px;\n    margin:0 0 40px;\n  }\n\n  .ammann-eyebrow{\n    display:inline-block;\n    color:var(--red);\n    font-weight:700;\n    letter-spacing:.03em;\n    text-transform:uppercase;\n    font-size:.86rem;\n    margin-bottom:14px;\n  }\n\n  .ammann-guide h1,\n  .ammann-guide h2,\n  .ammann-guide h3{\n    line-height:1.16;\n    margin:0 0 18px;\n    color:var(--text);\n  }\n\n  .ammann-guide h1{\n    font-size:clamp(2.2rem,5vw,4.1rem);\n  }\n\n  .ammann-guide h2{\n    font-size:clamp(1.9rem,3vw,2.8rem);\n  }\n\n  .ammann-guide h3{\n    font-size:1.28rem;\n  }\n\n  .ammann-guide p{\n    margin:0 0 16px;\n    color:var(--muted);\n    font-size:1.05rem;\n  }\n\n  .ammann-guide ul{\n    padding-left:20px;\n    margin:0;\n  }\n\n  .ammann-guide li{\n    margin:0 0 10px;\n    color:var(--muted);\n  }\n\n  .ammann-hero{\n    display:grid;\n    grid-template-columns:1.04fr .96fr;\n    gap:46px;\n    align-items:center;\n    padding:80px 0;\n  }\n\n  .ammann-grid-2{\n    display:grid;\n    grid-template-columns:1.04fr .96fr;\n    gap:46px;\n    align-items:center;\n  }\n\n  .ammann-grid-3{\n    display:grid;\n    grid-template-columns:repeat(3,1fr);\n    gap:22px;\n  }\n\n  .ammann-card{\n    background:#fff;\n    border:1px solid var(--line);\n    border-radius:var(--radius);\n    padding:28px;\n    box-shadow:0 8px 22px rgba(0,0,0,.05);\n    height:100%;\n  }\n\n  .ammann-card-icon{\n    width:44px;\n    height:44px;\n    border-radius:14px;\n    background:rgba(159,31,24,.09);\n    color:var(--red);\n    display:inline-flex;\n    align-items:center;\n    justify-content:center;\n    font-size:1.2rem;\n    font-weight:700;\n    margin-bottom:14px;\n  }\n\n  .ammann-image-card,\n  .ammann-side-image{\n    background:#fff;\n    border-radius:var(--radius);\n    overflow:hidden;\n    box-shadow:var(--shadow);\n  }\n\n  .ammann-image-card img,\n  .ammann-side-image img{\n    width:100%;\n    height:100%;\n    object-fit:cover;\n    object-position:center;\n  }\n\n  .ammann-image-card.square{\n    aspect-ratio:1\/1;\n  }\n\n  .ammann-side-image.landscape{\n    aspect-ratio:4\/3;\n  }\n\n  .ammann-image-caption{\n    font-size:14px;\n    color:#666;\n    padding:12px 16px 16px;\n    background:#fff;\n  }\n\n  .ammann-intro-box{\n    background:var(--soft);\n    border-radius:18px;\n    padding:24px 26px;\n    margin-top:22px;\n  }\n\n  .ammann-cta{\n    display:inline-flex;\n    align-items:center;\n    justify-content:center;\n    padding:15px 24px;\n    border-radius:999px;\n    background:var(--red);\n    color:#fff !important;\n    font-weight:700;\n    box-shadow:var(--shadow);\n    transition:.2s ease;\n    margin-top:10px;\n  }\n\n  .ammann-cta:hover{\n    background:var(--red-dark);\n    transform:translateY(-1px);\n  }\n\n  .ammann-highlight{\n    background:#f7f7f7;\n    border-left:4px solid var(--red);\n    padding:18px 20px;\n    border-radius:12px;\n    margin:28px 0;\n  }\n\n  .ammann-steps{\n    display:grid;\n    grid-template-columns:repeat(3,1fr);\n    gap:22px;\n    margin-top:18px;\n  }\n\n  .ammann-step{\n    background:#fff;\n    border:1px solid var(--line);\n    border-radius:var(--radius);\n    padding:28px;\n    box-shadow:0 8px 22px rgba(0,0,0,.05);\n  }\n\n  .ammann-step-number{\n    width:52px;\n    height:52px;\n    border-radius:50%;\n    background:var(--red);\n    color:#fff;\n    display:flex;\n    align-items:center;\n    justify-content:center;\n    font-weight:700;\n    margin-bottom:16px;\n    font-size:1.1rem;\n  }\n\n  .ammann-final-box{\n    background:linear-gradient(135deg,var(--red) 0%,#7b1813 100%);\n    color:#fff;\n    border-radius:28px;\n    padding:44px;\n    box-shadow:var(--shadow);\n    margin-top:42px;\n  }\n\n  .ammann-final-box h3{\n    color:#fff;\n  }\n\n  .ammann-final-box p{\n    color:rgba(255,255,255,.92);\n  }\n\n  .ammann-final-box .ammann-cta{\n    background:#fff;\n    color:var(--red) !important;\n    box-shadow:none;\n  }\n\n  .ammann-center{\n    text-align:center;\n    max-width:760px;\n    margin:0 auto 34px;\n  }\n\n  .ammann-mb-0{\n    margin-bottom:0;\n  }\n\n  @media (max-width:980px){\n    .ammann-hero,\n    .ammann-grid-2,\n    .ammann-grid-3,\n    .ammann-steps{\n      grid-template-columns:1fr;\n    }\n\n    .ammann-section{\n      padding:64px 0;\n    }\n\n    .ammann-soft{\n      padding:64px 24px;\n    }\n  }\n<\/style>\n\n<div class=\"ammann-guide\">\n\n  <section class=\"ammann-hero\">\n    <div>\n      <span class=\"ammann-eyebrow\">Guida e soluzione<\/span>\n      <h1>Fissaggio dei gradini per le scale a pioli - la soluzione pulita con i supporti per gradini<\/h1>\n\n      <p>Chi <strong>Gradini di fissaggio per una scala a traversi<\/strong> ha bisogno di una soluzione stabile, pulita e duratura. Questo \u00e8 esattamente ci\u00f2 che il nostro <strong>Supporto per gradini in acciaio inox<\/strong>.<\/p>\n\n      <p>Consentono un fissaggio affidabile dei gradini in legno al traverso della scala, senza la necessit\u00e0 di una lunga fresatura del gradino.<\/p>\n\n      <div class=\"ammann-intro-box\">\n        <p><strong>Il nostro consiglio per le scale a traversi:<\/strong><br>\n        Staffe per gradini o supporti per gradini in acciaio inox per un fissaggio stabile e visivamente pulito delle scale.<\/p>\n\n        <a class=\"ammann-cta\" href=\"\/it\/prodotti\/supporto-al-passo\/\">Scoprire i supporti per le fasi<\/a>\n      <\/div>\n    <\/div>\n\n    <div class=\"ammann-image-card square\">\n      <img decoding=\"async\" src=\"https:\/\/ammann-stepstore.com\/wp-content\/uploads\/2026\/03\/Stufenauflager4-scaled-kopie.jpg\" alt=\"Supporto per gradini montato sotto un gradino in legno su una scala a pioli\">\n      <div class=\"ammann-image-caption\">\n        Staffa per gradini montata sotto un gradino in legno - fissaggio stabile e pulito per le scale a pioli.\n      <\/div>\n    <\/div>\n  <\/section>\n\n  <section class=\"ammann-section\">\n    <span class=\"ammann-eyebrow\">Perch\u00e9 questa soluzione?<\/span>\n    <h2>Perch\u00e9 i supporti per gradini funzionano cos\u00ec bene per le scale a pioli<\/h2>\n\n    <p>Con un classico <strong>Scala a pioli<\/strong> i gradini si trovano tra due longheroni laterali. \u00c8 qui che \u00e8 essenziale un fissaggio stabile e preciso.<\/p>\n\n    <div class=\"ammann-highlight\">\n      <p class=\"ammann-mb-0\"><strong>Vantaggi:<\/strong> Connessione stabile, gradini intercambiabili, connessione laterale\/gradino disaccoppiata acusticamente e aspetto di alta qualit\u00e0.<\/p>\n    <\/div>\n  <\/section>\n\n  <section class=\"ammann-soft\">\n    <div class=\"ammann-grid-2\">\n      <div>\n        <span class=\"ammann-eyebrow\">Aree di applicazione<\/span>\n        <h2>Ideale per scale moderne in legno<\/h2>\n\n        <p>L'estetica riveste un ruolo particolarmente importante nelle scale residenziali di alta qualit\u00e0 e nelle moderne scale a pioli.<\/p>\n\n        <p>I nostri supporti per gradini sono particolarmente adatti per:<\/p>\n\n        <ul>\n          <li>Scale a traversi in legno<\/li>\n          <li>Scale in legno massiccio<\/li>\n          <li>Costruzione di scale in edifici nuovi<\/li>\n          <li>Ristrutturazione delle scale<\/li>\n          <li>Falegnami, costruttori di scale e carpentieri<\/li>\n        <\/ul>\n      <\/div>\n\n      <div class=\"ammann-side-image landscape\">\n        <img decoding=\"async\" src=\"https:\/\/ammann-stepstore.com\/wp-content\/uploads\/2026\/03\/Ammann-Treppen_Stufenauflager_4-1.jpg\" alt=\"Supporto per gradini in acciaio inox per il fissaggio delle pedate delle scale\">\n        <div class=\"ammann-image-caption\">\n          Supporto per gradini in acciaio inox - sviluppato per un paragrafetto stabile.\n        <\/div>\n      <\/div>\n    <\/div>\n  <\/section>\n\n  <section class=\"ammann-section\">\n    <div class=\"ammann-center\">\n      <span class=\"ammann-eyebrow\">Montaggio<\/span>\n      <h2>Fissaggio dei gradini per scale a pioli - ecco come funziona l'installazione<\/h2>\n      <p class=\"ammann-mb-0\">L'installazione dei supporti per gradini \u00e8 strutturata in modo chiaro e pu\u00f2 essere integrata perfettamente nella costruzione della scala.<\/p>\n    <\/div>\n\n    <div class=\"ammann-steps\">\n      <div class=\"ammann-step\">\n        <div class=\"ammann-step-number\">1<\/div>\n        <h3>Determinare la posizione dei gradini<\/h3>\n        <p>Le posizioni esatte dei gradini sono segnate sui longheroni. In questo modo si crea una base pulita per il successivo fissaggio.<\/p>\n      <\/div>\n\n      <div class=\"ammann-step\">\n        <div class=\"ammann-step-number\">2<\/div>\n        <h3>Fissare il supporto del gradino<\/h3>\n        <p>I supporti per gradini vengono fissati al traverso della scala con viti adatte e costituiscono una base stabile per ogni singolo gradino.<\/p>\n      <\/div>\n\n      <div class=\"ammann-step\">\n        <div class=\"ammann-step-number\">3<\/div>\n        <h3>Posizionare la pedata della scala<\/h3>\n        <p>Il gradino in legno viene posizionato sul supporto del gradino e fissato in posizione. Il risultato \u00e8 una soluzione pulita, resistente e di alta qualit\u00e0 visiva.<\/p>\n      <\/div>\n    <\/div>\n  <\/section>\n\n  <section class=\"ammann-soft\">\n    <div class=\"ammann-grid-2\">\n      <div class=\"ammann-side-image landscape\">\n        <img decoding=\"async\" src=\"https:\/\/ammann-stepstore.com\/wp-content\/uploads\/2026\/03\/MontageStufenauflager1.jpg\" alt=\"Installazione di supporti per gradini di una scala in legno\">\n        <div class=\"ammann-image-caption\">\n          Montaggio dei supporti per gradini su una scala in legno.\n        <\/div>\n      <\/div>\n\n      <div>\n        <span class=\"ammann-eyebrow\">Interessante anche<\/span>\n        <h2>Interessante anche: Costruire da soli le scale in legno<\/h2>\n\n        <p>Molti appassionati del fai-da-te sono alla ricerca di soluzioni come <strong>Costruire la propria scala in legno<\/strong> o <strong>Fasi di fissaggio<\/strong>. Proprio in questo caso i supporti a gradini offrono una soluzione stabile, pulita e convincente a lungo termine.<\/p>\n\n        <div class=\"ammann-grid-3\" style=\"margin-top:24px;\">\n          <div class=\"ammann-card\">\n            <div class=\"ammann-card-icon\">1<\/div>\n            <h3>Look pulito<\/h3>\n            <p>I supporti si trovano sotto il gradino e garantiscono linee chiare e moderne.<\/p>\n          <\/div>\n\n          <div class=\"ammann-card\">\n            <div class=\"ammann-card-icon\">2<\/div>\n            <h3>Sostituzione semplice<\/h3>\n            <p>\u00c8 molto pi\u00f9 facile sostituire i singoli gradini in un secondo momento rispetto a molte costruzioni classiche.<\/p>\n          <\/div>\n\n          <div class=\"ammann-card\">\n            <div class=\"ammann-card-icon\">3<\/div>\n            <h3>Ideale per nuove costruzioni e ristrutturazioni<\/h3>\n            <p>La soluzione \u00e8 adatta sia per le nuove scale che per l'ammodernamento di quelle esistenti.<\/p>\n          <\/div>\n        <\/div>\n      <\/div>\n    <\/div>\n  <\/section>\n\n  <section class=\"ammann-section\">\n    <div class=\"ammann-final-box\">\n      <span class=\"ammann-eyebrow\" style=\"color:#fff;\">Passo successivo<\/span>\n      <h3>Visualizza direttamente il prodotto adatto<\/h3>\n\n      <p>I nostri supporti per gradini sono stati sviluppati appositamente per le scale in legno e a pioli.<\/p>\n\n      <a class=\"ammann-cta\" href=\"\/it\/prodotti\/supporto-al-passo\/\">Ai supporti dei gradini<\/a>\n    <\/div>\n  <\/section>\n\n<\/div>\n\t\t<\/div>\n\t<\/div>\n<\/div><\/div><\/div><\/div><\/div><\/section>","protected":false},"excerpt":{"rendered":"Ratgeber &amp; L\u00f6sung Treppenstufen befestigen bei Wangentreppen \u2013 die saubere L\u00f6sung mit Stufenauflagern Wer Treppenstufen bei einer Wangentreppe befestigen m\u00f6chte, braucht eine L\u00f6sung, die stabil, sauber und dauerhaft funktioniert. Genau daf\u00fcr eignen sich unsere Stufenauflager aus Edelstahl. Sie erm\u00f6glichen eine zuverl\u00e4ssige Befestigung von Holzstufen an der Treppenwange, ohne aufwendige Stufen-Einfr\u00e4sungen. Unsere Empfehlung f\u00fcr Wangentreppen: Stufenhalterungen...","protected":false},"author":7,"featured_media":0,"parent":0,"menu_order":0,"comment_status":"closed","ping_status":"closed","template":"","meta":{"footnotes":""},"class_list":["post-8533","page","type-page","status-publish","hentry"],"yoast_head":"<!-- This site is optimized with the Yoast SEO plugin v27.4 - https:\/\/yoast.com\/product\/yoast-seo-wordpress\/ -->\n<title>Treppenstufen befestigen bei Wangentreppen - Ammann Stepstore<\/title>\n<meta name=\"description\" content=\"Treppenstufen befestigen ohne Fr\u00e4sen: Mit Stufenauflagern montierst du Stufen schnell, stabil und austauschbar \u2013 ideal f\u00fcr Neubau und Renovierung.\" \/>\n<meta name=\"robots\" content=\"index, follow, max-snippet:-1, max-image-preview:large, max-video-preview:-1\" \/>\n<link rel=\"canonical\" href=\"https:\/\/ammann-stepstore.com\/it\/fissaggio-dei-gradini-delle-scale\/\" \/>\n<meta property=\"og:locale\" content=\"it_IT\" \/>\n<meta property=\"og:type\" content=\"article\" \/>\n<meta property=\"og:title\" content=\"Treppenstufen befestigen bei Wangentreppen - Ammann Stepstore\" \/>\n<meta property=\"og:description\" content=\"Treppenstufen befestigen ohne Fr\u00e4sen: Mit Stufenauflagern montierst du Stufen schnell, stabil und austauschbar \u2013 ideal f\u00fcr Neubau und Renovierung.\" \/>\n<meta property=\"og:url\" content=\"https:\/\/ammann-stepstore.com\/it\/fissaggio-dei-gradini-delle-scale\/\" \/>\n<meta property=\"og:site_name\" content=\"Ammann Stepstore\" \/>\n<meta property=\"article:modified_time\" content=\"2026-04-21T09:52:07+00:00\" \/>\n<meta name=\"twitter:card\" content=\"summary_large_image\" \/>\n<meta name=\"twitter:label1\" content=\"Tempo di lettura stimato\" \/>\n\t<meta name=\"twitter:data1\" content=\"1 minuto\" \/>\n<script type=\"application\/ld+json\" class=\"yoast-schema-graph\">{\"@context\":\"https:\\\/\\\/schema.org\",\"@graph\":[{\"@type\":\"WebPage\",\"@id\":\"https:\\\/\\\/ammann-stepstore.com\\\/treppenstufen-befestigen-wangentreppen\\\/\",\"url\":\"https:\\\/\\\/ammann-stepstore.com\\\/treppenstufen-befestigen-wangentreppen\\\/\",\"name\":\"Treppenstufen befestigen bei Wangentreppen - Ammann Stepstore\",\"isPartOf\":{\"@id\":\"https:\\\/\\\/ammann-stepstore.com\\\/#website\"},\"datePublished\":\"2026-03-13T13:30:57+00:00\",\"dateModified\":\"2026-04-21T09:52:07+00:00\",\"description\":\"Treppenstufen befestigen ohne Fr\u00e4sen: Mit Stufenauflagern montierst du Stufen schnell, stabil und austauschbar \u2013 ideal f\u00fcr Neubau und Renovierung.\",\"breadcrumb\":{\"@id\":\"https:\\\/\\\/ammann-stepstore.com\\\/treppenstufen-befestigen-wangentreppen\\\/#breadcrumb\"},\"inLanguage\":\"it-IT\",\"potentialAction\":[{\"@type\":\"ReadAction\",\"target\":[\"https:\\\/\\\/ammann-stepstore.com\\\/treppenstufen-befestigen-wangentreppen\\\/\"]}]},{\"@type\":\"BreadcrumbList\",\"@id\":\"https:\\\/\\\/ammann-stepstore.com\\\/treppenstufen-befestigen-wangentreppen\\\/#breadcrumb\",\"itemListElement\":[{\"@type\":\"ListItem\",\"position\":1,\"name\":\"Startseite\",\"item\":\"https:\\\/\\\/ammann-stepstore.com\\\/\"},{\"@type\":\"ListItem\",\"position\":2,\"name\":\"Treppenstufen befestigen bei Wangentreppen\"}]},{\"@type\":\"WebSite\",\"@id\":\"https:\\\/\\\/ammann-stepstore.com\\\/#website\",\"url\":\"https:\\\/\\\/ammann-stepstore.com\\\/\",\"name\":\"Ammann Stepstore\",\"description\":\"Treppenbau-Zubeh\u00f6r bequem online kaufen\",\"publisher\":{\"@id\":\"https:\\\/\\\/ammann-stepstore.com\\\/#organization\"},\"potentialAction\":[{\"@type\":\"SearchAction\",\"target\":{\"@type\":\"EntryPoint\",\"urlTemplate\":\"https:\\\/\\\/ammann-stepstore.com\\\/?s={search_term_string}\"},\"query-input\":{\"@type\":\"PropertyValueSpecification\",\"valueRequired\":true,\"valueName\":\"search_term_string\"}}],\"inLanguage\":\"it-IT\"},{\"@type\":\"Organization\",\"@id\":\"https:\\\/\\\/ammann-stepstore.com\\\/#organization\",\"name\":\"easy-step GmbH\",\"url\":\"https:\\\/\\\/ammann-stepstore.com\\\/\",\"logo\":{\"@type\":\"ImageObject\",\"inLanguage\":\"it-IT\",\"@id\":\"https:\\\/\\\/ammann-stepstore.com\\\/#\\\/schema\\\/logo\\\/image\\\/\",\"url\":\"https:\\\/\\\/ammann-stepstore.com\\\/wp-content\\\/uploads\\\/2018\\\/09\\\/Systembautreppe-merged.png\",\"contentUrl\":\"https:\\\/\\\/ammann-stepstore.com\\\/wp-content\\\/uploads\\\/2018\\\/09\\\/Systembautreppe-merged.png\",\"width\":273,\"height\":67,\"caption\":\"easy-step GmbH\"},\"image\":{\"@id\":\"https:\\\/\\\/ammann-stepstore.com\\\/#\\\/schema\\\/logo\\\/image\\\/\"},\"sameAs\":[\"https:\\\/\\\/www.instagram.com\\\/easystep_bautreppe\\\/\"]}]}<\/script>\n<!-- \/ Yoast SEO plugin. -->","yoast_head_json":{"title":"Gradini di fissaggio per scale a pioli - Ammann Stepstore","description":"Fissare i gradini senza fresare: con i supporti per gradini \u00e8 possibile installare i gradini in modo rapido, stabile e intercambiabile, ideale per le nuove costruzioni e le ristrutturazioni.","robots":{"index":"index","follow":"follow","max-snippet":"max-snippet:-1","max-image-preview":"max-image-preview:large","max-video-preview":"max-video-preview:-1"},"canonical":"https:\/\/ammann-stepstore.com\/it\/fissaggio-dei-gradini-delle-scale\/","og_locale":"it_IT","og_type":"article","og_title":"Treppenstufen befestigen bei Wangentreppen - Ammann Stepstore","og_description":"Treppenstufen befestigen ohne Fr\u00e4sen: Mit Stufenauflagern montierst du Stufen schnell, stabil und austauschbar \u2013 ideal f\u00fcr Neubau und Renovierung.","og_url":"https:\/\/ammann-stepstore.com\/it\/fissaggio-dei-gradini-delle-scale\/","og_site_name":"Ammann Stepstore","article_modified_time":"2026-04-21T09:52:07+00:00","twitter_card":"summary_large_image","twitter_misc":{"Tempo di lettura stimato":"1 minuto"},"schema":{"@context":"https:\/\/schema.org","@graph":[{"@type":"WebPage","@id":"https:\/\/ammann-stepstore.com\/treppenstufen-befestigen-wangentreppen\/","url":"https:\/\/ammann-stepstore.com\/treppenstufen-befestigen-wangentreppen\/","name":"Gradini di fissaggio per scale a pioli - Ammann Stepstore","isPartOf":{"@id":"https:\/\/ammann-stepstore.com\/#website"},"datePublished":"2026-03-13T13:30:57+00:00","dateModified":"2026-04-21T09:52:07+00:00","description":"Fissare i gradini senza fresare: con i supporti per gradini \u00e8 possibile installare i gradini in modo rapido, stabile e intercambiabile, ideale per le nuove costruzioni e le ristrutturazioni.","breadcrumb":{"@id":"https:\/\/ammann-stepstore.com\/treppenstufen-befestigen-wangentreppen\/#breadcrumb"},"inLanguage":"it-IT","potentialAction":[{"@type":"ReadAction","target":["https:\/\/ammann-stepstore.com\/treppenstufen-befestigen-wangentreppen\/"]}]},{"@type":"BreadcrumbList","@id":"https:\/\/ammann-stepstore.com\/treppenstufen-befestigen-wangentreppen\/#breadcrumb","itemListElement":[{"@type":"ListItem","position":1,"name":"Startseite","item":"https:\/\/ammann-stepstore.com\/"},{"@type":"ListItem","position":2,"name":"Treppenstufen befestigen bei Wangentreppen"}]},{"@type":"WebSite","@id":"https:\/\/ammann-stepstore.com\/#website","url":"https:\/\/ammann-stepstore.com\/","name":"Ammann Stepstore","description":"Acquistare comodamente online gli accessori per scale","publisher":{"@id":"https:\/\/ammann-stepstore.com\/#organization"},"potentialAction":[{"@type":"SearchAction","target":{"@type":"EntryPoint","urlTemplate":"https:\/\/ammann-stepstore.com\/?s={search_term_string}"},"query-input":{"@type":"PropertyValueSpecification","valueRequired":true,"valueName":"search_term_string"}}],"inLanguage":"it-IT"},{"@type":"Organization","@id":"https:\/\/ammann-stepstore.com\/#organization","name":"easy-step GmbH","url":"https:\/\/ammann-stepstore.com\/","logo":{"@type":"ImageObject","inLanguage":"it-IT","@id":"https:\/\/ammann-stepstore.com\/#\/schema\/logo\/image\/","url":"https:\/\/ammann-stepstore.com\/wp-content\/uploads\/2018\/09\/Systembautreppe-merged.png","contentUrl":"https:\/\/ammann-stepstore.com\/wp-content\/uploads\/2018\/09\/Systembautreppe-merged.png","width":273,"height":67,"caption":"easy-step GmbH"},"image":{"@id":"https:\/\/ammann-stepstore.com\/#\/schema\/logo\/image\/"},"sameAs":["https:\/\/www.instagram.com\/easystep_bautreppe\/"]}]}},"_links":{"self":[{"href":"https:\/\/ammann-stepstore.com\/it\/wp-json\/wp\/v2\/pages\/8533","targetHints":{"allow":["GET"]}}],"collection":[{"href":"https:\/\/ammann-stepstore.com\/it\/wp-json\/wp\/v2\/pages"}],"about":[{"href":"https:\/\/ammann-stepstore.com\/it\/wp-json\/wp\/v2\/types\/page"}],"author":[{"embeddable":true,"href":"https:\/\/ammann-stepstore.com\/it\/wp-json\/wp\/v2\/users\/7"}],"replies":[{"embeddable":true,"href":"https:\/\/ammann-stepstore.com\/it\/wp-json\/wp\/v2\/comments?post=8533"}],"version-history":[{"count":13,"href":"https:\/\/ammann-stepstore.com\/it\/wp-json\/wp\/v2\/pages\/8533\/revisions"}],"predecessor-version":[{"id":8667,"href":"https:\/\/ammann-stepstore.com\/it\/wp-json\/wp\/v2\/pages\/8533\/revisions\/8667"}],"wp:attachment":[{"href":"https:\/\/ammann-stepstore.com\/it\/wp-json\/wp\/v2\/media?parent=8533"}],"curies":[{"name":"wp","href":"https:\/\/api.w.org\/{rel}","templated":true}]}}