{"id":7884,"date":"2024-01-22T20:13:42","date_gmt":"2024-01-22T19:13:42","guid":{"rendered":"https:\/\/ammann-stepstore-18589519.wptestserver2.de\/?page_id=7884"},"modified":"2025-06-03T09:54:39","modified_gmt":"2025-06-03T07:54:39","slug":"messe-speciali","status":"publish","type":"page","link":"https:\/\/ammann-stepstore.com\/it\/sondermassen\/","title":{"rendered":"Sondergr\u00f6\u00dfe"},"content":{"rendered":"<section class=\"l-section wpb_row us_custom_760749aa height_large\" id=\"kontaktformular\"><div class=\"l-section-h i-cf\"><div class=\"g-cols vc_row via_flex valign_middle type_default stacking_default\"><div class=\"vc_col-sm-12 wpb_column vc_column_container\"><div class=\"vc_column-inner us_custom_eb849559\"><div class=\"wpb_wrapper\"><div class=\"wpb_text_column us_custom_fdebccf7 amman-shop-title has_text_color\"><div class=\"wpb_wrapper\"><h1>Avete bisogno di quantit\u00e0 speciali o avete domande?<\/h1>\n<\/div><\/div><div class=\"wpb_text_column amman-shop-text\"><div class=\"wpb_wrapper\"><p>Non esitate a contattarci direttamente.<\/p>\n<\/div><\/div><\/div><\/div><\/div><\/div><\/div><\/section><section class=\"l-section wpb_row height_medium\"><div class=\"l-section-h i-cf\"><div class=\"g-cols vc_row via_flex valign_top type_default stacking_default\"><div class=\"vc_col-sm-12 wpb_column vc_column_container\"><div class=\"vc_column-inner\"><div class=\"wpb_wrapper\">\n<div class=\"wpcf7 no-js\" id=\"wpcf7-f7883-o1\" lang=\"en-US\" dir=\"ltr\" data-wpcf7-id=\"7883\">\n<div class=\"screen-reader-response\"><p role=\"status\" aria-live=\"polite\" aria-atomic=\"true\"><\/p> <ul><\/ul><\/div>\n<form action=\"\/it\/wp-json\/wp\/v2\/pages\/7884#wpcf7-f7883-o1\" method=\"post\" class=\"wpcf7-form init\" aria-label=\"Contact form\" novalidate=\"novalidate\" data-status=\"init\" data-trp-original-action=\"\/it\/wp-json\/wp\/v2\/pages\/7884#wpcf7-f7883-o1\">\n<fieldset class=\"hidden-fields-container\"><input type=\"hidden\" name=\"_wpcf7\" value=\"7883\" \/><input type=\"hidden\" name=\"_wpcf7_version\" value=\"6.1.5\" \/><input type=\"hidden\" name=\"_wpcf7_locale\" value=\"en_US\" \/><input type=\"hidden\" name=\"_wpcf7_unit_tag\" value=\"wpcf7-f7883-o1\" \/><input type=\"hidden\" name=\"_wpcf7_container_post\" value=\"0\" \/><input type=\"hidden\" name=\"_wpcf7_posted_data_hash\" value=\"\" \/>\n<\/fieldset>\n<p><label class=\"amman-shop-subtitle half\"> Nome*<br \/>\n<span class=\"wpcf7-form-control-wrap\" data-name=\"easystep-mail-vorname\"><input size=\"40\" maxlength=\"400\" class=\"wpcf7-form-control wpcf7-text wpcf7-validates-as-required\" aria-required=\"true\" aria-invalid=\"false\" value=\"\" type=\"text\" name=\"easystep-mail-vorname\" \/><\/span> <\/label>\n<\/p>\n<p><label class=\"amman-shop-subtitle half\"> Cognome*<br \/>\n<span class=\"wpcf7-form-control-wrap\" data-name=\"easystep-mail-nachname\"><input size=\"40\" maxlength=\"400\" class=\"wpcf7-form-control wpcf7-text wpcf7-validates-as-required\" aria-required=\"true\" aria-invalid=\"false\" value=\"\" type=\"text\" name=\"easystep-mail-nachname\" \/><\/span> <\/label>\n<\/p>\n<p><label class=\"amman-shop-subtitle\"> Indirizzo e-mail*<br \/>\n<span class=\"wpcf7-form-control-wrap\" data-name=\"easystep-mail-email\"><input size=\"40\" maxlength=\"400\" class=\"wpcf7-form-control wpcf7-email wpcf7-validates-as-required wpcf7-text wpcf7-validates-as-email\" aria-required=\"true\" aria-invalid=\"false\" value=\"\" type=\"email\" name=\"easystep-mail-email\" \/><\/span> <\/label>\n<\/p>\n<p><label class=\"amman-shop-subtitle\"> Telefono<br \/>\n<span class=\"wpcf7-form-control-wrap\" data-name=\"easystep-mail-tel\"><input size=\"40\" maxlength=\"400\" class=\"wpcf7-form-control wpcf7-tel wpcf7-text wpcf7-validates-as-tel\" aria-invalid=\"false\" value=\"\" type=\"tel\" name=\"easystep-mail-tel\" \/><\/span><br \/>\n<\/label>\n<\/p>\n<p><label class=\"amman-shop-subtitle\"> Selezionare il prodotto<br \/>\n<select name=\"product-dropdown\" class=\"wpcf7-form-control wpcf7-select\"><option value=\"\">Selezionare un prodotto<\/option><option value=\"Ammann Connect Stufenauflager f\u00fcr Holztreppen &amp; vielseitige Holzverbindungen\">Supporti per gradini Ammann Connect per scale in legno e connessioni in legno versatili<\/option><option value=\"Stufenauflager aus Edelstahl f\u00fcr Stahlwangentreppen zum Einschrauben\">Supporto per gradini in acciaio inox per scale con traversini in acciaio avvitati<\/option><option value=\"Stufenauflager aus Edelstahl f\u00fcr Stahlwangentreppen zum Einschwei\u00dfen\">Supporto per gradini in acciaio inox per scale con traversi in acciaio saldati<\/option><option value=\"Stufenauflager-Set f\u00fcr direkte Wandmontage\">Set di supporti per il montaggio diretto a parete<\/option><option value=\"Handlaufhalter Edelstahl Classic - Schwarz\">Supporto per corrimano in acciaio inox Classic - nero<\/option><option value=\"Handlaufhalter Edelstahl Classic - RAL 9010\">Supporto per corrimano in acciaio inox Classic - RAL 9010<\/option><option value=\"Holzverbinder aus Edelstahl \u2013 Stufenauflager f\u00fcr Treppen &amp; vielseitige Holzverbindungen RAL 9010\">Connettori per legno in acciaio inox - Supporti per scale e connettori per legno versatili RAL 9010<\/option><option value=\"Stufenauflager aus Edelstahl f\u00fcr Holztreppen &amp; vielseitige Holzverbindungen schwarz\">Supporto per gradini in acciaio inox per scale in legno e connessioni versatili in legno nero<\/option><option value=\"Stufenauflager aus Edelstahl f\u00fcr Holztreppen &amp; vielseitige Holzverbindungen\">Supporti per gradini in acciaio inox per scale in legno e collegamenti versatili in legno<\/option><option value=\"Stufenauflager aus Edelstahl f\u00fcr aufgesattelte Holzwangentreppen\">Supporto per gradini in acciaio inox per scale in legno a doghe<\/option><option value=\"Handlaufhalter Eckig - wei\u00df lackiert\">Supporto per corrimano angolare - laccato bianco<\/option><option value=\"Handlaufhalter Eckig - matt schwarz lackiert\">Supporto per corrimano angolare - laccato nero opaco<\/option><option value=\"Handlaufhalter Edelstahl Classic\">Supporto per corrimano in acciaio inox Classic<\/option><\/select><br \/>\n<\/label>\n<\/p>\n<p><label class=\"amman-shop-subtitle\"> Soggetto*<br \/>\n<span class=\"wpcf7-form-control-wrap\" data-name=\"easystep-mail-betreff\"><input size=\"40\" maxlength=\"400\" class=\"wpcf7-form-control wpcf7-text wpcf7-validates-as-required\" aria-required=\"true\" aria-invalid=\"false\" value=\"\" type=\"text\" name=\"easystep-mail-betreff\" \/><\/span> <\/label>\n<\/p>\n<p><label class=\"amman-shop-subtitle\"> Il vostro messaggio per noi<br \/>\n<span class=\"wpcf7-form-control-wrap\" data-name=\"easystep-mail-message\"><textarea cols=\"40\" rows=\"10\" maxlength=\"2000\" class=\"wpcf7-form-control wpcf7-textarea\" aria-invalid=\"false\" name=\"easystep-mail-message\"><\/textarea><\/span> <\/label>\n<\/p>\n<p><span class=\"wpcf7-form-control-wrap\" data-name=\"easystep-mail-acceptance\"><span class=\"wpcf7-form-control wpcf7-acceptance\"><span class=\"wpcf7-list-item\"><label><input type=\"checkbox\" name=\"easystep-mail-acceptance\" value=\"1\" aria-invalid=\"false\" \/><span class=\"wpcf7-list-item-label\">Ho il <a href=\"https:\/\/ammann-stepstore.com\/it\/protezione-dei-dati\/\" target=\"_blank\">Informativa sulla privacy<\/a> e accettarli.<\/span><\/label><\/span><\/span><\/span>\n<\/p>\n<p><label class=\"amann-submit\"><br \/>\n<span id=\"wpcf7-69e12df1689ea-wrapper\" class=\"wpcf7-form-control-wrap email-wrap\" style=\"display:none !important; visibility:hidden !important;\"><label for=\"wpcf7-69e12df1689ea-field\" class=\"hp-message\">Please leave this field empty.<\/label><input id=\"wpcf7-69e12df1689ea-field\"  class=\"wpcf7-form-control wpcf7-text\" type=\"text\" name=\"email\" value=\"\" size=\"40\" tabindex=\"-1\" autocomplete=\"new-password\" \/><\/span><br \/>\n<input class=\"wpcf7-form-control wpcf7-submit has-spinner\" type=\"submit\" value=\"Invio\" \/><\/label>\n<\/p><p style=\"display: none !important;\" class=\"akismet-fields-container\" data-prefix=\"_wpcf7_ak_\"><label>&#916;<textarea name=\"_wpcf7_ak_hp_textarea\" cols=\"45\" rows=\"8\" maxlength=\"100\"><\/textarea><\/label><input type=\"hidden\" id=\"ak_js_1\" name=\"_wpcf7_ak_js\" value=\"79\"\/><script>document.getElementById( \"ak_js_1\" ).setAttribute( \"value\", ( new Date() ).getTime() );<\/script><\/p><input type='hidden' class='wpcf7-pum' value='{\"closepopup\":false,\"closedelay\":0,\"openpopup\":false,\"openpopup_id\":0}' \/><div class=\"wpcf7-response-output\" aria-hidden=\"true\"><\/div>\n<input type=\"hidden\" name=\"trp-form-language\" value=\"it\"\/><\/form>\n<\/div>\n<\/div><\/div><\/div><\/div><\/div><\/section>","protected":false},"excerpt":{"rendered":"Sie ben\u00f6tigen Sondermengen oder haben Fragen? Nehmen Sie gerne direkt Kontakt mit uns auf. Vorname* Nachname* E-Mail-Adresse* Telefon Produkt ausw\u00e4hlen Bitte w\u00e4hlen Sie ein ProduktAmmann Connect Stufenauflager f\u00fcr Holztreppen &amp; vielseitige HolzverbindungenStufenauflager aus Edelstahl f\u00fcr Stahlwangentreppen zum EinschraubenStufenauflager aus Edelstahl f\u00fcr Stahlwangentreppen zum Einschwei\u00dfenStufenauflager-Set f\u00fcr direkte WandmontageHandlaufhalter Edelstahl Classic - SchwarzHandlaufhalter Edelstahl Classic - RAL...","protected":false},"author":8,"featured_media":0,"parent":0,"menu_order":0,"comment_status":"closed","ping_status":"closed","template":"","meta":{"footnotes":""},"class_list":["post-7884","page","type-page","status-publish","hentry"],"yoast_head":"<!-- This site is optimized with the Yoast SEO plugin v27.4 - https:\/\/yoast.com\/product\/yoast-seo-wordpress\/ -->\n<title>Bautreppen-Firma: Kontakt zu easy-step<\/title>\n<meta name=\"description\" content=\"Bautreppen zur Miete und zum Kauf: innovative Bautreppen mit sicherem Stecksystem: gleich hier Kontakt aufnehmen zu easy-step!\" \/>\n<meta name=\"robots\" content=\"index, follow, max-snippet:-1, max-image-preview:large, max-video-preview:-1\" \/>\n<link rel=\"canonical\" href=\"https:\/\/ammann-stepstore.com\/it\/messe-speciali\/\" \/>\n<meta property=\"og:locale\" content=\"it_IT\" \/>\n<meta property=\"og:type\" content=\"article\" \/>\n<meta property=\"og:title\" content=\"Bautreppen-Firma: Kontakt zu easy-step\" \/>\n<meta property=\"og:description\" content=\"Bautreppen zur Miete und zum Kauf: innovative Bautreppen mit sicherem Stecksystem: gleich hier Kontakt aufnehmen zu easy-step!\" \/>\n<meta property=\"og:url\" content=\"https:\/\/ammann-stepstore.com\/it\/messe-speciali\/\" \/>\n<meta property=\"og:site_name\" content=\"Ammann Stepstore\" \/>\n<meta property=\"article:modified_time\" content=\"2025-06-03T07:54:39+00:00\" \/>\n<meta name=\"twitter:card\" content=\"summary_large_image\" \/>\n<meta name=\"twitter:label1\" content=\"Tempo di lettura stimato\" \/>\n\t<meta name=\"twitter:data1\" content=\"1 minuto\" \/>\n<script type=\"application\/ld+json\" class=\"yoast-schema-graph\">{\"@context\":\"https:\\\/\\\/schema.org\",\"@graph\":[{\"@type\":\"WebPage\",\"@id\":\"https:\\\/\\\/ammann-stepstore.com\\\/sondermassen\\\/\",\"url\":\"https:\\\/\\\/ammann-stepstore.com\\\/sondermassen\\\/\",\"name\":\"Bautreppen-Firma: Kontakt zu easy-step\",\"isPartOf\":{\"@id\":\"https:\\\/\\\/ammann-stepstore.com\\\/#website\"},\"datePublished\":\"2024-01-22T19:13:42+00:00\",\"dateModified\":\"2025-06-03T07:54:39+00:00\",\"description\":\"Bautreppen zur Miete und zum Kauf: innovative Bautreppen mit sicherem Stecksystem: gleich hier Kontakt aufnehmen zu easy-step!\",\"breadcrumb\":{\"@id\":\"https:\\\/\\\/ammann-stepstore.com\\\/sondermassen\\\/#breadcrumb\"},\"inLanguage\":\"it-IT\",\"potentialAction\":[{\"@type\":\"ReadAction\",\"target\":[\"https:\\\/\\\/ammann-stepstore.com\\\/sondermassen\\\/\"]}]},{\"@type\":\"BreadcrumbList\",\"@id\":\"https:\\\/\\\/ammann-stepstore.com\\\/sondermassen\\\/#breadcrumb\",\"itemListElement\":[{\"@type\":\"ListItem\",\"position\":1,\"name\":\"Startseite\",\"item\":\"https:\\\/\\\/ammann-stepstore.com\\\/\"},{\"@type\":\"ListItem\",\"position\":2,\"name\":\"Sondergr\u00f6\u00dfe\"}]},{\"@type\":\"WebSite\",\"@id\":\"https:\\\/\\\/ammann-stepstore.com\\\/#website\",\"url\":\"https:\\\/\\\/ammann-stepstore.com\\\/\",\"name\":\"Ammann Stepstore\",\"description\":\"Treppenbau-Zubeh\u00f6r bequem online kaufen\",\"publisher\":{\"@id\":\"https:\\\/\\\/ammann-stepstore.com\\\/#organization\"},\"potentialAction\":[{\"@type\":\"SearchAction\",\"target\":{\"@type\":\"EntryPoint\",\"urlTemplate\":\"https:\\\/\\\/ammann-stepstore.com\\\/?s={search_term_string}\"},\"query-input\":{\"@type\":\"PropertyValueSpecification\",\"valueRequired\":true,\"valueName\":\"search_term_string\"}}],\"inLanguage\":\"it-IT\"},{\"@type\":\"Organization\",\"@id\":\"https:\\\/\\\/ammann-stepstore.com\\\/#organization\",\"name\":\"easy-step GmbH\",\"url\":\"https:\\\/\\\/ammann-stepstore.com\\\/\",\"logo\":{\"@type\":\"ImageObject\",\"inLanguage\":\"it-IT\",\"@id\":\"https:\\\/\\\/ammann-stepstore.com\\\/#\\\/schema\\\/logo\\\/image\\\/\",\"url\":\"https:\\\/\\\/ammann-stepstore.com\\\/wp-content\\\/uploads\\\/2018\\\/09\\\/Systembautreppe-merged.png\",\"contentUrl\":\"https:\\\/\\\/ammann-stepstore.com\\\/wp-content\\\/uploads\\\/2018\\\/09\\\/Systembautreppe-merged.png\",\"width\":273,\"height\":67,\"caption\":\"easy-step GmbH\"},\"image\":{\"@id\":\"https:\\\/\\\/ammann-stepstore.com\\\/#\\\/schema\\\/logo\\\/image\\\/\"},\"sameAs\":[\"https:\\\/\\\/www.instagram.com\\\/easystep_bautreppe\\\/\"]}]}<\/script>\n<!-- \/ Yoast SEO plugin. -->","yoast_head_json":{"title":"Impresa di costruzione di scale: contattare easy-step","description":"Costruire scale in affitto e in vendita: costruire scale innovative con un sistema a innesto sicuro: contatta easy-step proprio qui!","robots":{"index":"index","follow":"follow","max-snippet":"max-snippet:-1","max-image-preview":"max-image-preview:large","max-video-preview":"max-video-preview:-1"},"canonical":"https:\/\/ammann-stepstore.com\/it\/messe-speciali\/","og_locale":"it_IT","og_type":"article","og_title":"Bautreppen-Firma: Kontakt zu easy-step","og_description":"Bautreppen zur Miete und zum Kauf: innovative Bautreppen mit sicherem Stecksystem: gleich hier Kontakt aufnehmen zu easy-step!","og_url":"https:\/\/ammann-stepstore.com\/it\/messe-speciali\/","og_site_name":"Ammann Stepstore","article_modified_time":"2025-06-03T07:54:39+00:00","twitter_card":"summary_large_image","twitter_misc":{"Tempo di lettura stimato":"1 minuto"},"schema":{"@context":"https:\/\/schema.org","@graph":[{"@type":"WebPage","@id":"https:\/\/ammann-stepstore.com\/sondermassen\/","url":"https:\/\/ammann-stepstore.com\/sondermassen\/","name":"Impresa di costruzione di scale: contattare easy-step","isPartOf":{"@id":"https:\/\/ammann-stepstore.com\/#website"},"datePublished":"2024-01-22T19:13:42+00:00","dateModified":"2025-06-03T07:54:39+00:00","description":"Costruire scale in affitto e in vendita: costruire scale innovative con un sistema a innesto sicuro: contatta easy-step proprio qui!","breadcrumb":{"@id":"https:\/\/ammann-stepstore.com\/sondermassen\/#breadcrumb"},"inLanguage":"it-IT","potentialAction":[{"@type":"ReadAction","target":["https:\/\/ammann-stepstore.com\/sondermassen\/"]}]},{"@type":"BreadcrumbList","@id":"https:\/\/ammann-stepstore.com\/sondermassen\/#breadcrumb","itemListElement":[{"@type":"ListItem","position":1,"name":"Startseite","item":"https:\/\/ammann-stepstore.com\/"},{"@type":"ListItem","position":2,"name":"Sondergr\u00f6\u00dfe"}]},{"@type":"WebSite","@id":"https:\/\/ammann-stepstore.com\/#website","url":"https:\/\/ammann-stepstore.com\/","name":"Ammann Stepstore","description":"Acquistare comodamente online gli accessori per scale","publisher":{"@id":"https:\/\/ammann-stepstore.com\/#organization"},"potentialAction":[{"@type":"SearchAction","target":{"@type":"EntryPoint","urlTemplate":"https:\/\/ammann-stepstore.com\/?s={search_term_string}"},"query-input":{"@type":"PropertyValueSpecification","valueRequired":true,"valueName":"search_term_string"}}],"inLanguage":"it-IT"},{"@type":"Organization","@id":"https:\/\/ammann-stepstore.com\/#organization","name":"easy-step GmbH","url":"https:\/\/ammann-stepstore.com\/","logo":{"@type":"ImageObject","inLanguage":"it-IT","@id":"https:\/\/ammann-stepstore.com\/#\/schema\/logo\/image\/","url":"https:\/\/ammann-stepstore.com\/wp-content\/uploads\/2018\/09\/Systembautreppe-merged.png","contentUrl":"https:\/\/ammann-stepstore.com\/wp-content\/uploads\/2018\/09\/Systembautreppe-merged.png","width":273,"height":67,"caption":"easy-step GmbH"},"image":{"@id":"https:\/\/ammann-stepstore.com\/#\/schema\/logo\/image\/"},"sameAs":["https:\/\/www.instagram.com\/easystep_bautreppe\/"]}]}},"_links":{"self":[{"href":"https:\/\/ammann-stepstore.com\/it\/wp-json\/wp\/v2\/pages\/7884","targetHints":{"allow":["GET"]}}],"collection":[{"href":"https:\/\/ammann-stepstore.com\/it\/wp-json\/wp\/v2\/pages"}],"about":[{"href":"https:\/\/ammann-stepstore.com\/it\/wp-json\/wp\/v2\/types\/page"}],"author":[{"embeddable":true,"href":"https:\/\/ammann-stepstore.com\/it\/wp-json\/wp\/v2\/users\/8"}],"replies":[{"embeddable":true,"href":"https:\/\/ammann-stepstore.com\/it\/wp-json\/wp\/v2\/comments?post=7884"}],"version-history":[{"count":0,"href":"https:\/\/ammann-stepstore.com\/it\/wp-json\/wp\/v2\/pages\/7884\/revisions"}],"wp:attachment":[{"href":"https:\/\/ammann-stepstore.com\/it\/wp-json\/wp\/v2\/media?parent=7884"}],"curies":[{"name":"wp","href":"https:\/\/api.w.org\/{rel}","templated":true}]}}