{"id":7779,"date":"2024-01-22T19:06:26","date_gmt":"2024-01-22T18:06:26","guid":{"rendered":"https:\/\/ammann-stepstore-18589519.wptestserver2.de\/?page_id=7779"},"modified":"2026-03-12T11:10:47","modified_gmt":"2026-03-12T10:10:47","slug":"azienda","status":"publish","type":"page","link":"https:\/\/ammann-stepstore.com\/it\/unternehmen\/","title":{"rendered":"L'azienda"},"content":{"rendered":"<section class=\"l-section wpb_row us_custom_854ca308 height_medium\"><div class=\"l-section-h i-cf\"><div class=\"g-cols vc_row via_flex valign_top type_default stacking_default\"><div class=\"vc_col-sm-12 wpb_column vc_column_container\"><div class=\"vc_column-inner\"><div class=\"wpb_wrapper\"><\/div><\/div><\/div><\/div><\/div><\/section><section class=\"l-section wpb_row us_custom_11374b0e height_medium\"><div class=\"l-section-h i-cf\"><div class=\"g-cols vc_row via_flex valign_top type_default stacking_default\"><div class=\"vc_col-sm-6 wpb_column vc_column_container\"><div class=\"vc_column-inner\"><div class=\"wpb_wrapper\"><div class=\"wpb_text_column us_custom_5ba5a645\"><div class=\"wpb_wrapper\"><h3>COMPETENZA SULLE SCALE DAL 1988<\/h3>\n<\/div><\/div><\/div><\/div><\/div><div class=\"vc_col-sm-6 wpb_column vc_column_container\"><div class=\"vc_column-inner\"><div class=\"wpb_wrapper\"><div class=\"wpb_text_column\"><div class=\"wpb_wrapper\"><p>Dal 1988, il nome AMMANN TREPPEN \u00e8 sinonimo di soluzioni progettuali innovative e di alta qualit\u00e0 nella costruzione di scale. I nostri specialisti, flessibili, fantasiosi e altamente qualificati, vi offrono una consulenza di prim'ordine e sono coinvolti nel processo di progettazione e pianificazione.<\/p>\n<p>Nel nostro nuovo negozio online AMMANN STEPSTORE troverete un'ampia gamma di prodotti che abbiamo sviluppato e ottimizzato nel corso degli anni.<\/p>\n<\/div><\/div><\/div><\/div><\/div><\/div><\/div><\/section><section class=\"l-section wpb_row us_custom_887a049b height_medium\"><div class=\"l-section-h i-cf\"><div class=\"g-cols vc_row via_flex valign_top type_default stacking_default\"><div class=\"vc_col-sm-6 wpb_column vc_column_container has_text_color has_bg_color\"><div class=\"vc_column-inner us_custom_8cb1acd0\"><div class=\"wpb_wrapper\"><div class=\"wpb_text_column us_custom_079e8bee\"><div class=\"wpb_wrapper\"><p>vivere le nostre scale da vicino<\/p>\n<\/div><\/div><div class=\"wpb_text_column us_custom_5c800f2d\"><div class=\"wpb_wrapper\"><p>Visitate una delle nostre esposizioni: su 400 metri quadrati a Schwabm\u00fcnchen potrete sperimentare le varie forme di scale e le opzioni di design per la vostra scala individuale.<\/p>\n<\/div><\/div><\/div><\/div><\/div><div class=\"vc_col-sm-6 wpb_column vc_column_container\"><div class=\"vc_column-inner\"><div class=\"wpb_wrapper\"><div class=\"g-cols wpb_row via_flex valign_top type_default stacking_default\"><div class=\"vc_col-sm-12 wpb_column vc_column_container\"><div class=\"vc_column-inner us_custom_b6a72ce1\"><div class=\"wpb_wrapper\"><div class=\"w-image us_custom_b6a72ce1 align_none\"><div class=\"w-image-h\"><img decoding=\"async\" width=\"1426\" height=\"969\" src=\"https:\/\/ammann-stepstore.com\/wp-content\/uploads\/2024\/01\/image-8-1.png\" class=\"attachment-full size-full\" alt=\"\" loading=\"lazy\" srcset=\"https:\/\/ammann-stepstore.com\/wp-content\/uploads\/2024\/01\/image-8-1.png 1426w, https:\/\/ammann-stepstore.com\/wp-content\/uploads\/2024\/01\/image-8-1-300x204.png 300w, https:\/\/ammann-stepstore.com\/wp-content\/uploads\/2024\/01\/image-8-1-1024x696.png 1024w, https:\/\/ammann-stepstore.com\/wp-content\/uploads\/2024\/01\/image-8-1-18x12.png 18w, https:\/\/ammann-stepstore.com\/wp-content\/uploads\/2024\/01\/image-8-1-600x408.png 600w, https:\/\/ammann-stepstore.com\/wp-content\/uploads\/2024\/01\/image-8-1-74x50.png 74w\" sizes=\"auto, (max-width: 1426px) 100vw, 1426px\" \/><\/div><\/div><\/div><\/div><\/div><\/div><\/div><\/div><\/div><\/div><\/div><\/section><section class=\"l-section wpb_row height_medium\"><div class=\"l-section-h i-cf\"><div class=\"g-cols vc_row via_flex valign_top type_default stacking_default\"><div class=\"vc_col-sm-6 wpb_column vc_column_container has_text_color\"><div class=\"vc_column-inner us_custom_cb43d0d8\"><div class=\"wpb_wrapper\"><div class=\"g-cols wpb_row via_flex valign_top type_default stacking_default\"><div class=\"vc_col-sm-12 wpb_column vc_column_container\"><div class=\"vc_column-inner us_custom_b6a72ce1\"><div class=\"wpb_wrapper\"><div class=\"w-image us_custom_b6a72ce1 align_none\"><div class=\"w-image-h\"><img decoding=\"async\" width=\"1220\" height=\"927\" src=\"https:\/\/ammann-stepstore.com\/wp-content\/uploads\/2024\/01\/image-9.png\" class=\"attachment-full size-full\" alt=\"Lavoro manuale\" loading=\"lazy\" srcset=\"https:\/\/ammann-stepstore.com\/wp-content\/uploads\/2024\/01\/image-9.png 1220w, https:\/\/ammann-stepstore.com\/wp-content\/uploads\/2024\/01\/image-9-300x228.png 300w, https:\/\/ammann-stepstore.com\/wp-content\/uploads\/2024\/01\/image-9-1024x778.png 1024w, https:\/\/ammann-stepstore.com\/wp-content\/uploads\/2024\/01\/image-9-16x12.png 16w, https:\/\/ammann-stepstore.com\/wp-content\/uploads\/2024\/01\/image-9-600x456.png 600w, https:\/\/ammann-stepstore.com\/wp-content\/uploads\/2024\/01\/image-9-66x50.png 66w\" sizes=\"auto, (max-width: 1220px) 100vw, 1220px\" \/><\/div><\/div><\/div><\/div><\/div><\/div><\/div><\/div><\/div><div class=\"vc_col-sm-6 wpb_column vc_column_container\"><div class=\"vc_column-inner\"><div class=\"wpb_wrapper\"><div class=\"wpb_text_column us_custom_11374b0e amman-shop-title\"><div class=\"wpb_wrapper\"><p>produciamo in ARTIGIANATO TRADIZIONALE<\/p>\n<\/div><\/div><div class=\"wpb_text_column us_custom_5c800f2d\"><div class=\"wpb_wrapper\"><p>Le nostre scale sono tutte realizzate con legni locali e con legni provenienti da tutto il mondo.<br \/>\nIl legno \u00e8 un materiale forte, durevole, resistente e facile da lavorare. Grazie alle sue propriet\u00e0 versatili ed eccezionali e al suo aspetto naturale e caldo, il legno \u00e8 pi\u00f9 popolare che mai. Il legno si armonizza in modo giocoso e perfetto con altri materiali come la pietra, il vetro e il metallo. .<br \/>\nLa massima cura nella selezione e nella finitura del legno garantisce un prodotto duraturo e stabile.<\/p>\n<\/div><\/div><div class=\"w-btn-wrapper align_none\"><a class=\"w-btn us-btn-style_4\" title=\"Per saperne di pi\u00f9 su Ammann-Treppen.de\" target=\" _blank\" rel=\"nofollow\" href=\"https:\/\/www.ammann-treppen.de\/\"><span class=\"w-btn-label\">Per saperne di pi\u00f9 su Ammann-Treppen.de<\/span><\/a><\/div><\/div><\/div><\/div><\/div><\/div><\/section>","protected":false},"excerpt":{"rendered":"TREPPEN-KOMPETENZ SEIT 1988 Seit 1988 steht der Name AMMANN TREPPEN f\u00fcr innovative, qualitativ hochwertige Designl\u00f6sungen im Treppenbau. Durch unsere flexiblen, ideenreichen und hochqualifizierten Fachkr\u00e4fte werden Sie erstklassig beraten und bei der Gestaltung und Planung mit einbezogen. In unserem neuen Online-Shop AMMANN STEPSTORE finden Sie nun eine Vielzahl an Artikeln, die von uns \u00fcber Jahre entwickelt...","protected":false},"author":8,"featured_media":0,"parent":0,"menu_order":0,"comment_status":"closed","ping_status":"closed","template":"","meta":{"footnotes":""},"class_list":["post-7779","page","type-page","status-publish","hentry"],"yoast_head":"<!-- This site is optimized with the Yoast SEO plugin v27.4 - https:\/\/yoast.com\/product\/yoast-seo-wordpress\/ -->\n<title>Unternehmen - Ammann Stepstore<\/title>\n<meta name=\"robots\" content=\"index, follow, max-snippet:-1, max-image-preview:large, max-video-preview:-1\" \/>\n<link rel=\"canonical\" href=\"https:\/\/ammann-stepstore.com\/it\/azienda\/\" \/>\n<meta property=\"og:locale\" content=\"it_IT\" \/>\n<meta property=\"og:type\" content=\"article\" \/>\n<meta property=\"og:title\" content=\"Unternehmen - Ammann Stepstore\" \/>\n<meta property=\"og:url\" content=\"https:\/\/ammann-stepstore.com\/it\/azienda\/\" \/>\n<meta property=\"og:site_name\" content=\"Ammann Stepstore\" \/>\n<meta property=\"article:modified_time\" content=\"2026-03-12T10:10:47+00:00\" \/>\n<meta name=\"twitter:card\" content=\"summary_large_image\" \/>\n<meta name=\"twitter:label1\" content=\"Tempo di lettura stimato\" \/>\n\t<meta name=\"twitter:data1\" content=\"2 minuti\" \/>\n<script type=\"application\/ld+json\" class=\"yoast-schema-graph\">{\"@context\":\"https:\\\/\\\/schema.org\",\"@graph\":[{\"@type\":\"WebPage\",\"@id\":\"https:\\\/\\\/ammann-stepstore.com\\\/unternehmen\\\/\",\"url\":\"https:\\\/\\\/ammann-stepstore.com\\\/unternehmen\\\/\",\"name\":\"Unternehmen - Ammann Stepstore\",\"isPartOf\":{\"@id\":\"https:\\\/\\\/ammann-stepstore.com\\\/#website\"},\"datePublished\":\"2024-01-22T18:06:26+00:00\",\"dateModified\":\"2026-03-12T10:10:47+00:00\",\"breadcrumb\":{\"@id\":\"https:\\\/\\\/ammann-stepstore.com\\\/unternehmen\\\/#breadcrumb\"},\"inLanguage\":\"it-IT\",\"potentialAction\":[{\"@type\":\"ReadAction\",\"target\":[\"https:\\\/\\\/ammann-stepstore.com\\\/unternehmen\\\/\"]}]},{\"@type\":\"BreadcrumbList\",\"@id\":\"https:\\\/\\\/ammann-stepstore.com\\\/unternehmen\\\/#breadcrumb\",\"itemListElement\":[{\"@type\":\"ListItem\",\"position\":1,\"name\":\"Startseite\",\"item\":\"https:\\\/\\\/ammann-stepstore.com\\\/\"},{\"@type\":\"ListItem\",\"position\":2,\"name\":\"Unternehmen\"}]},{\"@type\":\"WebSite\",\"@id\":\"https:\\\/\\\/ammann-stepstore.com\\\/#website\",\"url\":\"https:\\\/\\\/ammann-stepstore.com\\\/\",\"name\":\"Ammann Stepstore\",\"description\":\"Treppenbau-Zubeh\u00f6r bequem online kaufen\",\"publisher\":{\"@id\":\"https:\\\/\\\/ammann-stepstore.com\\\/#organization\"},\"potentialAction\":[{\"@type\":\"SearchAction\",\"target\":{\"@type\":\"EntryPoint\",\"urlTemplate\":\"https:\\\/\\\/ammann-stepstore.com\\\/?s={search_term_string}\"},\"query-input\":{\"@type\":\"PropertyValueSpecification\",\"valueRequired\":true,\"valueName\":\"search_term_string\"}}],\"inLanguage\":\"it-IT\"},{\"@type\":\"Organization\",\"@id\":\"https:\\\/\\\/ammann-stepstore.com\\\/#organization\",\"name\":\"easy-step GmbH\",\"url\":\"https:\\\/\\\/ammann-stepstore.com\\\/\",\"logo\":{\"@type\":\"ImageObject\",\"inLanguage\":\"it-IT\",\"@id\":\"https:\\\/\\\/ammann-stepstore.com\\\/#\\\/schema\\\/logo\\\/image\\\/\",\"url\":\"https:\\\/\\\/ammann-stepstore.com\\\/wp-content\\\/uploads\\\/2018\\\/09\\\/Systembautreppe-merged.png\",\"contentUrl\":\"https:\\\/\\\/ammann-stepstore.com\\\/wp-content\\\/uploads\\\/2018\\\/09\\\/Systembautreppe-merged.png\",\"width\":273,\"height\":67,\"caption\":\"easy-step GmbH\"},\"image\":{\"@id\":\"https:\\\/\\\/ammann-stepstore.com\\\/#\\\/schema\\\/logo\\\/image\\\/\"},\"sameAs\":[\"https:\\\/\\\/www.instagram.com\\\/easystep_bautreppe\\\/\"]}]}<\/script>\n<!-- \/ Yoast SEO plugin. -->","yoast_head_json":{"title":"Azienda - Ammann Stepstore","robots":{"index":"index","follow":"follow","max-snippet":"max-snippet:-1","max-image-preview":"max-image-preview:large","max-video-preview":"max-video-preview:-1"},"canonical":"https:\/\/ammann-stepstore.com\/it\/azienda\/","og_locale":"it_IT","og_type":"article","og_title":"Unternehmen - Ammann Stepstore","og_url":"https:\/\/ammann-stepstore.com\/it\/azienda\/","og_site_name":"Ammann Stepstore","article_modified_time":"2026-03-12T10:10:47+00:00","twitter_card":"summary_large_image","twitter_misc":{"Tempo di lettura stimato":"2 minuti"},"schema":{"@context":"https:\/\/schema.org","@graph":[{"@type":"WebPage","@id":"https:\/\/ammann-stepstore.com\/unternehmen\/","url":"https:\/\/ammann-stepstore.com\/unternehmen\/","name":"Azienda - Ammann Stepstore","isPartOf":{"@id":"https:\/\/ammann-stepstore.com\/#website"},"datePublished":"2024-01-22T18:06:26+00:00","dateModified":"2026-03-12T10:10:47+00:00","breadcrumb":{"@id":"https:\/\/ammann-stepstore.com\/unternehmen\/#breadcrumb"},"inLanguage":"it-IT","potentialAction":[{"@type":"ReadAction","target":["https:\/\/ammann-stepstore.com\/unternehmen\/"]}]},{"@type":"BreadcrumbList","@id":"https:\/\/ammann-stepstore.com\/unternehmen\/#breadcrumb","itemListElement":[{"@type":"ListItem","position":1,"name":"Startseite","item":"https:\/\/ammann-stepstore.com\/"},{"@type":"ListItem","position":2,"name":"Unternehmen"}]},{"@type":"WebSite","@id":"https:\/\/ammann-stepstore.com\/#website","url":"https:\/\/ammann-stepstore.com\/","name":"Ammann Stepstore","description":"Acquistare comodamente online gli accessori per scale","publisher":{"@id":"https:\/\/ammann-stepstore.com\/#organization"},"potentialAction":[{"@type":"SearchAction","target":{"@type":"EntryPoint","urlTemplate":"https:\/\/ammann-stepstore.com\/?s={search_term_string}"},"query-input":{"@type":"PropertyValueSpecification","valueRequired":true,"valueName":"search_term_string"}}],"inLanguage":"it-IT"},{"@type":"Organization","@id":"https:\/\/ammann-stepstore.com\/#organization","name":"easy-step GmbH","url":"https:\/\/ammann-stepstore.com\/","logo":{"@type":"ImageObject","inLanguage":"it-IT","@id":"https:\/\/ammann-stepstore.com\/#\/schema\/logo\/image\/","url":"https:\/\/ammann-stepstore.com\/wp-content\/uploads\/2018\/09\/Systembautreppe-merged.png","contentUrl":"https:\/\/ammann-stepstore.com\/wp-content\/uploads\/2018\/09\/Systembautreppe-merged.png","width":273,"height":67,"caption":"easy-step GmbH"},"image":{"@id":"https:\/\/ammann-stepstore.com\/#\/schema\/logo\/image\/"},"sameAs":["https:\/\/www.instagram.com\/easystep_bautreppe\/"]}]}},"_links":{"self":[{"href":"https:\/\/ammann-stepstore.com\/it\/wp-json\/wp\/v2\/pages\/7779","targetHints":{"allow":["GET"]}}],"collection":[{"href":"https:\/\/ammann-stepstore.com\/it\/wp-json\/wp\/v2\/pages"}],"about":[{"href":"https:\/\/ammann-stepstore.com\/it\/wp-json\/wp\/v2\/types\/page"}],"author":[{"embeddable":true,"href":"https:\/\/ammann-stepstore.com\/it\/wp-json\/wp\/v2\/users\/8"}],"replies":[{"embeddable":true,"href":"https:\/\/ammann-stepstore.com\/it\/wp-json\/wp\/v2\/comments?post=7779"}],"version-history":[{"count":3,"href":"https:\/\/ammann-stepstore.com\/it\/wp-json\/wp\/v2\/pages\/7779\/revisions"}],"predecessor-version":[{"id":8517,"href":"https:\/\/ammann-stepstore.com\/it\/wp-json\/wp\/v2\/pages\/7779\/revisions\/8517"}],"wp:attachment":[{"href":"https:\/\/ammann-stepstore.com\/it\/wp-json\/wp\/v2\/media?parent=7779"}],"curies":[{"name":"wp","href":"https:\/\/api.w.org\/{rel}","templated":true}]}}