{"id":8603,"date":"2026-03-26T14:26:35","date_gmt":"2026-03-26T13:26:35","guid":{"rendered":"https:\/\/ammann-stepstore.com\/?post_type=product&#038;p=8603"},"modified":"2026-04-07T14:55:51","modified_gmt":"2026-04-07T12:55:51","slug":"ammann-connect-support-de-marche","status":"publish","type":"product","link":"https:\/\/ammann-stepstore.com\/fr\/produkt\/ammann-connect-stufenauflager\/","title":{"rendered":"Appui de marche Ammann Connect pour escaliers en bois &amp; assemblages en bois polyvalents"},"content":{"rendered":"<div>\n<h2 data-section-id=\"xsojrj\" data-start=\"147\" data-end=\"197\"><span role=\"text\"><strong data-start=\"150\" data-end=\"197\">Appui de marche Ammann Connect en aluminium<\/strong><\/span><\/h2>\n<p data-start=\"199\" data-end=\"255\"><strong data-start=\"199\" data-end=\"255\">La solution moderne pour la fixation de vos marches d'escalier<\/strong><\/p>\n<p data-start=\"257\" data-end=\"568\">D\u00e9couvrez avec le nouveau <strong data-start=\"279\" data-end=\"326\">Appui de marche Ammann Connect en aluminium<\/strong> une solution l\u00e9g\u00e8re, moderne et \u00e9conomique pour la construction d'escaliers. D\u00e9velopp\u00e9 pour les escaliers \u00e0 limons en bois, il assure une <strong data-start=\"447\" data-end=\"503\">connexion insonoris\u00e9e, stable et durable<\/strong> entre les marches et les limons - sans aucun cliquetis ni grincement.<\/p>\n<p data-start=\"570\" data-end=\"825\">Gr\u00e2ce \u00e0 sa construction bien pens\u00e9e, Ammann Connect permet une <strong data-start=\"636\" data-end=\"673\">montage simple et rapide<\/strong>Au lieu de fraisages co\u00fbteux, un per\u00e7age pr\u00e9cis suffit. La construction d'escaliers est ainsi rapide, propre et sans probl\u00e8me, m\u00eame pour les utilisateurs moins exp\u00e9riment\u00e9s.<\/p>\n<p data-start=\"827\" data-end=\"1011\">Un avantage particulier : <strong data-start=\"851\" data-end=\"914\">Les marches individuelles peuvent \u00eatre remplac\u00e9es \u00e0 tout moment<\/strong>, Le syst\u00e8me de fixation permet de fixer la structure sans avoir \u00e0 la d\u00e9monter enti\u00e8rement, ce qui est id\u00e9al pour l'entretien, la r\u00e9novation ou les adaptations.<\/p>\n<p data-start=\"1013\" data-end=\"1290\">Les supports de marches en aluminium convainquent non seulement par leur <strong data-start=\"1077\" data-end=\"1117\">faible poids et design moderne<\/strong>, Ils se distinguent \u00e9galement par leur excellent rapport qualit\u00e9-prix. Ils sont donc le choix id\u00e9al pour tous ceux qui veulent une <strong data-start=\"1235\" data-end=\"1282\">solution de connexion efficace et moderne<\/strong> chercher.<\/p>\n<p data-start=\"1292\" data-end=\"1472\">Outre leur utilisation dans la construction d'escaliers, les fixations de marches Ammann Connect conviennent \u00e9galement comme <strong data-start=\"1379\" data-end=\"1408\">connecteurs universels pour le bois<\/strong> pour de nombreux projets d'int\u00e9rieur.<\/p>\n<p data-start=\"1474\" data-end=\"1508\"><strong data-start=\"1474\" data-end=\"1508\">Vos avantages en un coup d'\u0153il :<\/strong><\/p>\n<ul data-start=\"1509\" data-end=\"1765\">\n<li data-section-id=\"ebtb46\" data-start=\"1509\" data-end=\"1550\">Design l\u00e9ger et moderne en aluminium<\/li>\n<li data-section-id=\"11bi7fq\" data-start=\"1551\" data-end=\"1592\">Connexion stable et insonoris\u00e9e<\/li>\n<li data-section-id=\"1j5ofck\" data-start=\"1593\" data-end=\"1629\">Montage rapide sans fraisage<\/li>\n<li data-section-id=\"6rg218\" data-start=\"1630\" data-end=\"1678\">Possibilit\u00e9 de remplacer les diff\u00e9rents niveaux \u00e0 tout moment<\/li>\n<li data-section-id=\"hfbt9k\" data-start=\"1679\" data-end=\"1722\">Utilisable de mani\u00e8re polyvalente comme connecteur de bois<\/li>\n<li data-section-id=\"1b1m188\" data-start=\"1723\" data-end=\"1765\">Rapport qualit\u00e9-prix attractif<\/li>\n<\/ul>\n<p data-start=\"1767\" data-end=\"1853\"><strong data-start=\"1767\" data-end=\"1853\">D\u00e9couvrir maintenant et repenser la construction d'escaliers - avec Ammann Connect.<\/strong><\/p>\n<\/div>\n<p>&nbsp;<\/p>\n<div>\n<h4>Informations sur l'article<\/h4>\n<p><strong>Donn\u00e9es techniques :<\/strong><\/p>\n<ul>\n<li>Tourillon de 15 mm pour montage sur joue<\/li>\n<li>20 mm \u00d8 \u00e0 percer dans la joue<\/li>\n<li>Distance entre le limon et la marche : 5 mm (pour l'insonorisation)<\/li>\n<li>support des marches : 45 mm<\/li>\n<\/ul>\n<p>Livraison <strong>sans vis<\/strong>.<br \/>\nPour les marches de 45 mm d'\u00e9paisseur et les limons de 45 mm, des <strong>4,5 \u00d7 40 Vis \u00e0 bois Torx<\/strong> recommand\u00e9.<\/p>\n<p>Pour plus de d\u00e9tails, consultez la <strong>Instructions de montage<\/strong>.<\/p>\n<p><strong>4 supports de marche sont n\u00e9cessaires par marche.<\/strong><\/p>\n<p>Exp\u00e9dition depuis l'Allemagne.<\/p>\n<\/div>\n<p>&nbsp;<\/p>\n<p><a style=\"display: inline-flex; align-items: center; justify-content: center; height: 46px; padding: 0 22px; background: #d4001f; color: #fff; border-radius: 24px; text-decoration: none; font-weight: 600; font-size: 16px; line-height: 1; box-sizing: border-box;\" href=\"\/fr\/treppenstufen-befestigen-wangentreppe\/\"><br \/>\nFixer les marches d'escalier<br \/>\n<\/a><\/p>","protected":false},"excerpt":{"rendered":"<p>par pi\u00e8ce pour un escalier de 15 marches<\/p>","protected":false},"featured_media":8605,"comment_status":"closed","ping_status":"closed","template":"","meta":[],"product_brand":[],"product_cat":[78],"product_tag":[],"class_list":{"0":"post-8603","1":"product","2":"type-product","3":"status-publish","4":"has-post-thumbnail","6":"product_cat-stufenauflager","8":"first","9":"instock","10":"taxable","11":"shipping-taxable","12":"purchasable","13":"product-type-simple"},"yoast_head":"<!-- This site is optimized with the Yoast SEO plugin v27.4 - https:\/\/yoast.com\/product\/yoast-seo-wordpress\/ -->\n<title>Ammann Connect Stufenauflager f\u00fcr Holztreppen &amp; vielseitige Holzverbindungen - Ammann Stepstore<\/title>\n<meta name=\"description\" content=\"Moderne Stufenbefestigung aus Aluminium - leicht, einfach und g\u00fcnstig. Treppe Bauen leicht gemacht mit Ammann Connect Stufenauflager. Jetzt kaufen.\" \/>\n<meta name=\"robots\" content=\"index, follow, max-snippet:-1, max-image-preview:large, max-video-preview:-1\" \/>\n<link rel=\"canonical\" href=\"https:\/\/ammann-stepstore.com\/fr\/produit\/ammann-connect-support-de-marche\/\" \/>\n<meta property=\"og:locale\" content=\"fr_FR\" \/>\n<meta property=\"og:type\" content=\"article\" \/>\n<meta property=\"og:title\" content=\"Ammann Connect Stufenauflager f\u00fcr Holztreppen &amp; vielseitige Holzverbindungen - Ammann Stepstore\" \/>\n<meta property=\"og:description\" content=\"Moderne Stufenbefestigung aus Aluminium - leicht, einfach und g\u00fcnstig. Treppe Bauen leicht gemacht mit Ammann Connect Stufenauflager. Jetzt kaufen.\" \/>\n<meta property=\"og:url\" content=\"https:\/\/ammann-stepstore.com\/fr\/produit\/ammann-connect-support-de-marche\/\" \/>\n<meta property=\"og:site_name\" content=\"Ammann Stepstore\" \/>\n<meta property=\"article:modified_time\" content=\"2026-04-07T12:55:51+00:00\" \/>\n<meta property=\"og:image\" content=\"https:\/\/ammann-stepstore.com\/wp-content\/uploads\/2026\/03\/Ammann_Connect_Stufenauflager_Stufentraeger.jpg\" \/>\n\t<meta property=\"og:image:width\" content=\"790\" \/>\n\t<meta property=\"og:image:height\" content=\"1000\" \/>\n\t<meta property=\"og:image:type\" content=\"image\/jpeg\" \/>\n<meta name=\"twitter:card\" content=\"summary_large_image\" \/>\n<meta name=\"twitter:label1\" content=\"Dur\u00e9e de lecture estim\u00e9e\" \/>\n\t<meta name=\"twitter:data1\" content=\"2 minutes\" \/>\n<script type=\"application\/ld+json\" class=\"yoast-schema-graph\">{\"@context\":\"https:\\\/\\\/schema.org\",\"@graph\":[{\"@type\":\"WebPage\",\"@id\":\"https:\\\/\\\/ammann-stepstore.com\\\/de\\\/produkt\\\/ammann-connect-stufenauflager\\\/\",\"url\":\"https:\\\/\\\/ammann-stepstore.com\\\/de\\\/produkt\\\/ammann-connect-stufenauflager\\\/\",\"name\":\"Ammann Connect Stufenauflager f\u00fcr Holztreppen & vielseitige Holzverbindungen - Ammann Stepstore\",\"isPartOf\":{\"@id\":\"https:\\\/\\\/ammann-stepstore.com\\\/#website\"},\"primaryImageOfPage\":{\"@id\":\"https:\\\/\\\/ammann-stepstore.com\\\/de\\\/produkt\\\/ammann-connect-stufenauflager\\\/#primaryimage\"},\"image\":{\"@id\":\"https:\\\/\\\/ammann-stepstore.com\\\/de\\\/produkt\\\/ammann-connect-stufenauflager\\\/#primaryimage\"},\"thumbnailUrl\":\"https:\\\/\\\/ammann-stepstore.com\\\/wp-content\\\/uploads\\\/2026\\\/03\\\/Ammann_Connect_Stufenauflager_Stufentraeger.jpg\",\"datePublished\":\"2026-03-26T13:26:35+00:00\",\"dateModified\":\"2026-04-07T12:55:51+00:00\",\"description\":\"Moderne Stufenbefestigung aus Aluminium - leicht, einfach und g\u00fcnstig. Treppe Bauen leicht gemacht mit Ammann Connect Stufenauflager. Jetzt kaufen.\",\"breadcrumb\":{\"@id\":\"https:\\\/\\\/ammann-stepstore.com\\\/de\\\/produkt\\\/ammann-connect-stufenauflager\\\/#breadcrumb\"},\"inLanguage\":\"fr-FR\",\"potentialAction\":[{\"@type\":\"ReadAction\",\"target\":[\"https:\\\/\\\/ammann-stepstore.com\\\/de\\\/produkt\\\/ammann-connect-stufenauflager\\\/\"]}]},{\"@type\":\"ImageObject\",\"inLanguage\":\"fr-FR\",\"@id\":\"https:\\\/\\\/ammann-stepstore.com\\\/de\\\/produkt\\\/ammann-connect-stufenauflager\\\/#primaryimage\",\"url\":\"https:\\\/\\\/ammann-stepstore.com\\\/wp-content\\\/uploads\\\/2026\\\/03\\\/Ammann_Connect_Stufenauflager_Stufentraeger.jpg\",\"contentUrl\":\"https:\\\/\\\/ammann-stepstore.com\\\/wp-content\\\/uploads\\\/2026\\\/03\\\/Ammann_Connect_Stufenauflager_Stufentraeger.jpg\",\"width\":790,\"height\":1000,\"caption\":\"moderne Stufenbefestigung aus Aluminium\"},{\"@type\":\"BreadcrumbList\",\"@id\":\"https:\\\/\\\/ammann-stepstore.com\\\/de\\\/produkt\\\/ammann-connect-stufenauflager\\\/#breadcrumb\",\"itemListElement\":[{\"@type\":\"ListItem\",\"position\":1,\"name\":\"Startseite\",\"item\":\"https:\\\/\\\/ammann-stepstore.com\\\/\"},{\"@type\":\"ListItem\",\"position\":2,\"name\":\"Shop\",\"item\":\"https:\\\/\\\/ammann-stepstore.com\\\/shop\\\/\"},{\"@type\":\"ListItem\",\"position\":3,\"name\":\"Ammann Connect Stufenauflager f\u00fcr Holztreppen &#038; vielseitige Holzverbindungen\"}]},{\"@type\":\"WebSite\",\"@id\":\"https:\\\/\\\/ammann-stepstore.com\\\/#website\",\"url\":\"https:\\\/\\\/ammann-stepstore.com\\\/\",\"name\":\"Ammann Stepstore\",\"description\":\"Treppenbau-Zubeh\u00f6r bequem online kaufen\",\"publisher\":{\"@id\":\"https:\\\/\\\/ammann-stepstore.com\\\/#organization\"},\"potentialAction\":[{\"@type\":\"SearchAction\",\"target\":{\"@type\":\"EntryPoint\",\"urlTemplate\":\"https:\\\/\\\/ammann-stepstore.com\\\/?s={search_term_string}\"},\"query-input\":{\"@type\":\"PropertyValueSpecification\",\"valueRequired\":true,\"valueName\":\"search_term_string\"}}],\"inLanguage\":\"fr-FR\"},{\"@type\":\"Organization\",\"@id\":\"https:\\\/\\\/ammann-stepstore.com\\\/#organization\",\"name\":\"easy-step GmbH\",\"url\":\"https:\\\/\\\/ammann-stepstore.com\\\/\",\"logo\":{\"@type\":\"ImageObject\",\"inLanguage\":\"fr-FR\",\"@id\":\"https:\\\/\\\/ammann-stepstore.com\\\/#\\\/schema\\\/logo\\\/image\\\/\",\"url\":\"https:\\\/\\\/ammann-stepstore.com\\\/wp-content\\\/uploads\\\/2018\\\/09\\\/Systembautreppe-merged.png\",\"contentUrl\":\"https:\\\/\\\/ammann-stepstore.com\\\/wp-content\\\/uploads\\\/2018\\\/09\\\/Systembautreppe-merged.png\",\"width\":273,\"height\":67,\"caption\":\"easy-step GmbH\"},\"image\":{\"@id\":\"https:\\\/\\\/ammann-stepstore.com\\\/#\\\/schema\\\/logo\\\/image\\\/\"},\"sameAs\":[\"https:\\\/\\\/www.instagram.com\\\/easystep_bautreppe\\\/\"]}]}<\/script>\n<!-- \/ Yoast SEO plugin. -->","yoast_head_json":{"title":"Ammann Connect Supports de marches pour escaliers en bois &amp; assemblages polyvalents en bois - Ammann Stepstore","description":"Fixation moderne des marches en aluminium - l\u00e9g\u00e8re, simple et avantageuse. Construire des escaliers en toute simplicit\u00e9 avec les supports de marches Ammann Connect. Acheter maintenant.","robots":{"index":"index","follow":"follow","max-snippet":"max-snippet:-1","max-image-preview":"max-image-preview:large","max-video-preview":"max-video-preview:-1"},"canonical":"https:\/\/ammann-stepstore.com\/fr\/produit\/ammann-connect-support-de-marche\/","og_locale":"fr_FR","og_type":"article","og_title":"Ammann Connect Stufenauflager f\u00fcr Holztreppen & vielseitige Holzverbindungen - Ammann Stepstore","og_description":"Moderne Stufenbefestigung aus Aluminium - leicht, einfach und g\u00fcnstig. Treppe Bauen leicht gemacht mit Ammann Connect Stufenauflager. Jetzt kaufen.","og_url":"https:\/\/ammann-stepstore.com\/fr\/produit\/ammann-connect-support-de-marche\/","og_site_name":"Ammann Stepstore","article_modified_time":"2026-04-07T12:55:51+00:00","og_image":[{"width":790,"height":1000,"url":"https:\/\/ammann-stepstore.com\/wp-content\/uploads\/2026\/03\/Ammann_Connect_Stufenauflager_Stufentraeger.jpg","type":"image\/jpeg"}],"twitter_card":"summary_large_image","twitter_misc":{"Dur\u00e9e de lecture estim\u00e9e":"2 minutes"},"schema":{"@context":"https:\/\/schema.org","@graph":[{"@type":"WebPage","@id":"https:\/\/ammann-stepstore.com\/de\/produkt\/ammann-connect-stufenauflager\/","url":"https:\/\/ammann-stepstore.com\/de\/produkt\/ammann-connect-stufenauflager\/","name":"Ammann Connect Supports de marches pour escaliers en bois &amp; assemblages polyvalents en bois - Ammann Stepstore","isPartOf":{"@id":"https:\/\/ammann-stepstore.com\/#website"},"primaryImageOfPage":{"@id":"https:\/\/ammann-stepstore.com\/de\/produkt\/ammann-connect-stufenauflager\/#primaryimage"},"image":{"@id":"https:\/\/ammann-stepstore.com\/de\/produkt\/ammann-connect-stufenauflager\/#primaryimage"},"thumbnailUrl":"https:\/\/ammann-stepstore.com\/wp-content\/uploads\/2026\/03\/Ammann_Connect_Stufenauflager_Stufentraeger.jpg","datePublished":"2026-03-26T13:26:35+00:00","dateModified":"2026-04-07T12:55:51+00:00","description":"Fixation moderne des marches en aluminium - l\u00e9g\u00e8re, simple et avantageuse. Construire des escaliers en toute simplicit\u00e9 avec les supports de marches Ammann Connect. Acheter maintenant.","breadcrumb":{"@id":"https:\/\/ammann-stepstore.com\/de\/produkt\/ammann-connect-stufenauflager\/#breadcrumb"},"inLanguage":"fr-FR","potentialAction":[{"@type":"ReadAction","target":["https:\/\/ammann-stepstore.com\/de\/produkt\/ammann-connect-stufenauflager\/"]}]},{"@type":"ImageObject","inLanguage":"fr-FR","@id":"https:\/\/ammann-stepstore.com\/de\/produkt\/ammann-connect-stufenauflager\/#primaryimage","url":"https:\/\/ammann-stepstore.com\/wp-content\/uploads\/2026\/03\/Ammann_Connect_Stufenauflager_Stufentraeger.jpg","contentUrl":"https:\/\/ammann-stepstore.com\/wp-content\/uploads\/2026\/03\/Ammann_Connect_Stufenauflager_Stufentraeger.jpg","width":790,"height":1000,"caption":"moderne Stufenbefestigung aus Aluminium"},{"@type":"BreadcrumbList","@id":"https:\/\/ammann-stepstore.com\/de\/produkt\/ammann-connect-stufenauflager\/#breadcrumb","itemListElement":[{"@type":"ListItem","position":1,"name":"Startseite","item":"https:\/\/ammann-stepstore.com\/"},{"@type":"ListItem","position":2,"name":"Shop","item":"https:\/\/ammann-stepstore.com\/shop\/"},{"@type":"ListItem","position":3,"name":"Ammann Connect Stufenauflager f\u00fcr Holztreppen &#038; vielseitige Holzverbindungen"}]},{"@type":"WebSite","@id":"https:\/\/ammann-stepstore.com\/#website","url":"https:\/\/ammann-stepstore.com\/","name":"Stepstore Ammann","description":"Acheter des accessoires pour la construction d'escaliers en ligne","publisher":{"@id":"https:\/\/ammann-stepstore.com\/#organization"},"potentialAction":[{"@type":"SearchAction","target":{"@type":"EntryPoint","urlTemplate":"https:\/\/ammann-stepstore.com\/?s={search_term_string}"},"query-input":{"@type":"PropertyValueSpecification","valueRequired":true,"valueName":"search_term_string"}}],"inLanguage":"fr-FR"},{"@type":"Organization","@id":"https:\/\/ammann-stepstore.com\/#organization","name":"easy-step GmbH","url":"https:\/\/ammann-stepstore.com\/","logo":{"@type":"ImageObject","inLanguage":"fr-FR","@id":"https:\/\/ammann-stepstore.com\/#\/schema\/logo\/image\/","url":"https:\/\/ammann-stepstore.com\/wp-content\/uploads\/2018\/09\/Systembautreppe-merged.png","contentUrl":"https:\/\/ammann-stepstore.com\/wp-content\/uploads\/2018\/09\/Systembautreppe-merged.png","width":273,"height":67,"caption":"easy-step GmbH"},"image":{"@id":"https:\/\/ammann-stepstore.com\/#\/schema\/logo\/image\/"},"sameAs":["https:\/\/www.instagram.com\/easystep_bautreppe\/"]}]}},"_links":{"self":[{"href":"https:\/\/ammann-stepstore.com\/fr\/wp-json\/wp\/v2\/product\/8603","targetHints":{"allow":["GET"]}}],"collection":[{"href":"https:\/\/ammann-stepstore.com\/fr\/wp-json\/wp\/v2\/product"}],"about":[{"href":"https:\/\/ammann-stepstore.com\/fr\/wp-json\/wp\/v2\/types\/product"}],"replies":[{"embeddable":true,"href":"https:\/\/ammann-stepstore.com\/fr\/wp-json\/wp\/v2\/comments?post=8603"}],"wp:featuredmedia":[{"embeddable":true,"href":"https:\/\/ammann-stepstore.com\/fr\/wp-json\/wp\/v2\/media\/8605"}],"wp:attachment":[{"href":"https:\/\/ammann-stepstore.com\/fr\/wp-json\/wp\/v2\/media?parent=8603"}],"wp:term":[{"taxonomy":"product_brand","embeddable":true,"href":"https:\/\/ammann-stepstore.com\/fr\/wp-json\/wp\/v2\/product_brand?post=8603"},{"taxonomy":"product_cat","embeddable":true,"href":"https:\/\/ammann-stepstore.com\/fr\/wp-json\/wp\/v2\/product_cat?post=8603"},{"taxonomy":"product_tag","embeddable":true,"href":"https:\/\/ammann-stepstore.com\/fr\/wp-json\/wp\/v2\/product_tag?post=8603"}],"curies":[{"name":"wp","href":"https:\/\/api.w.org\/{rel}","templated":true}]}}