{"id":8127,"date":"2024-04-11T09:13:09","date_gmt":"2024-04-11T07:13:09","guid":{"rendered":"https:\/\/ammann-stepstore-18589519.wptestserver2.de\/?post_type=product&#038;p=8127"},"modified":"2026-04-15T15:50:44","modified_gmt":"2026-04-15T13:50:44","slug":"support-de-main-courante-en-acier-inoxydable-support-de-main-courante-support-de-main-courante-ral-9010","status":"publish","type":"product","link":"https:\/\/ammann-stepstore.com\/fr\/produkt\/handlaufhalter-edelstahl-handlaufstuetze-handlauftraeger-handlaufhalterung-ral-9010\/","title":{"rendered":"Support main courante Acier inoxydable Classic - RAL 9010"},"content":{"rendered":"<p data-start=\"1577\" data-end=\"1652\">Support de main courante Classic en blanc - fixation murale \u00e9l\u00e9gante pour les mains courantes<\/p>\n<p data-start=\"1654\" data-end=\"1935\">Le support de main courante Classic en blanc offre une solution \u00e9l\u00e9gante et fonctionnelle pour la fixation de mains courantes sur les escaliers et les murs. La surface claire assure un aspect discret et s'accorde particuli\u00e8rement bien avec les escaliers clairs, les mains courantes en bois et les habitations modernes.<\/p>\n<p data-start=\"1937\" data-end=\"2188\">Ce support pour main courante d'escalier allie un design intemporel \u00e0 une construction stable. La finition de haute qualit\u00e9 assure une liaison s\u00fbre entre la main courante et le mur et garantit une utilisation fiable au quotidien.<\/p>\n<p data-start=\"2190\" data-end=\"2426\">Le support de main courante blanc est id\u00e9al pour diff\u00e9rents types d'escaliers et de mains courantes en bois ou en m\u00e9tal. Il constitue une solution durable pour les escaliers, les rampes et les mains courantes murales dans les habitations, les bureaux ou les b\u00e2timents publics.<\/p>\n<p data-start=\"2428\" data-end=\"2618\">Le montage est simple et rapide. Le support de main courante pour montage mural se fixe en un tour de main et assure imm\u00e9diatement une construction stable de la main courante.<\/p>\n<p data-start=\"2620\" data-end=\"2778\">Avec le support de main courante Classic en blanc, vous misez sur une solution \u00e9l\u00e9gante et pratique pour fixer en toute s\u00e9curit\u00e9 des mains courantes \u00e0 votre escalier.<\/p>\n<p>Informations sur l'article :<\/p>\n<p>Enden der Halterung auf einer Seite rund und auf einer Seite gerade &#8211; somit k\u00f6nnen eckige und runde Handl\u00e4ufe montiert werden.<\/p>\n<p>(support de main courante murale en 3 parties)<\/p>","protected":false},"excerpt":{"rendered":"<p>Handlaufhalter Classic in Wei\u00df \u2013 elegante Wandbefestigung f\u00fcr Handl\u00e4ufe Der Handlaufhalter Classic in Wei\u00df bietet eine elegante und funktionale L\u00f6sung f\u00fcr die Befestigung von Handl\u00e4ufen an Treppen und W\u00e4nden. Die helle Oberfl\u00e4che sorgt f\u00fcr eine dezente Optik und passt besonders gut zu hellen Treppen, Holzhandl\u00e4ufen und modernen Wohnr\u00e4umen. Dieser Handlaufhalter f\u00fcr Treppenhandl\u00e4ufe verbindet ein zeitloses&#8230;<\/p>","protected":false},"featured_media":8136,"comment_status":"closed","ping_status":"closed","template":"","meta":[],"product_brand":[],"product_cat":[77],"product_tag":[],"class_list":{"0":"post-8127","1":"product","2":"type-product","3":"status-publish","4":"has-post-thumbnail","6":"product_cat-wandlaufhalter","8":"first","9":"outofstock","10":"taxable","11":"shipping-taxable","12":"purchasable","13":"product-type-simple"},"yoast_head":"<!-- This site is optimized with the Yoast SEO plugin v27.4 - https:\/\/yoast.com\/product\/yoast-seo-wordpress\/ -->\n<title>Handlaufhalter Edelstahl Classic - RAL 9010 - Ammann Stepstore<\/title>\n<meta name=\"description\" content=\"Unser Handlaufhalter-Classic passt perfekt in jedes Haus. Egal ob klassisch, oder modern: Dieser Handlauftr\u00e4ger passt immer perfekt.\" \/>\n<meta name=\"robots\" content=\"index, follow, max-snippet:-1, max-image-preview:large, max-video-preview:-1\" \/>\n<link rel=\"canonical\" href=\"https:\/\/ammann-stepstore.com\/fr\/produit\/support-de-main-courante-en-acier-inoxydable-support-de-main-courante-support-de-main-courante-ral-9010\/\" \/>\n<meta property=\"og:locale\" content=\"fr_FR\" \/>\n<meta property=\"og:type\" content=\"article\" \/>\n<meta property=\"og:title\" content=\"Handlaufhalter Edelstahl Classic - RAL 9010 - Ammann Stepstore\" \/>\n<meta property=\"og:description\" content=\"Unser Handlaufhalter-Classic passt perfekt in jedes Haus. Egal ob klassisch, oder modern: Dieser Handlauftr\u00e4ger passt immer perfekt.\" \/>\n<meta property=\"og:url\" content=\"https:\/\/ammann-stepstore.com\/fr\/produit\/support-de-main-courante-en-acier-inoxydable-support-de-main-courante-support-de-main-courante-ral-9010\/\" \/>\n<meta property=\"og:site_name\" content=\"Ammann Stepstore\" \/>\n<meta property=\"article:modified_time\" content=\"2026-04-15T13:50:44+00:00\" \/>\n<meta property=\"og:image\" content=\"https:\/\/ammann-stepstore.com\/wp-content\/uploads\/2024\/04\/Ammann-Treppen_Wandlaufhalter_RAL9010_1-1.jpg\" \/>\n\t<meta property=\"og:image:width\" content=\"790\" \/>\n\t<meta property=\"og:image:height\" content=\"1000\" \/>\n\t<meta property=\"og:image:type\" content=\"image\/jpeg\" \/>\n<meta name=\"twitter:card\" content=\"summary_large_image\" \/>\n<meta name=\"twitter:label1\" content=\"Dur\u00e9e de lecture estim\u00e9e\" \/>\n\t<meta name=\"twitter:data1\" content=\"2 minutes\" \/>\n<script type=\"application\/ld+json\" class=\"yoast-schema-graph\">{\"@context\":\"https:\\\/\\\/schema.org\",\"@graph\":[{\"@type\":\"WebPage\",\"@id\":\"https:\\\/\\\/ammann-stepstore.com\\\/produkt\\\/handlaufhalter-edelstahl-handlaufstuetze-handlauftraeger-handlaufhalterung-ral-9010\\\/\",\"url\":\"https:\\\/\\\/ammann-stepstore.com\\\/produkt\\\/handlaufhalter-edelstahl-handlaufstuetze-handlauftraeger-handlaufhalterung-ral-9010\\\/\",\"name\":\"Handlaufhalter Edelstahl Classic - RAL 9010 - Ammann Stepstore\",\"isPartOf\":{\"@id\":\"https:\\\/\\\/ammann-stepstore.com\\\/#website\"},\"primaryImageOfPage\":{\"@id\":\"https:\\\/\\\/ammann-stepstore.com\\\/produkt\\\/handlaufhalter-edelstahl-handlaufstuetze-handlauftraeger-handlaufhalterung-ral-9010\\\/#primaryimage\"},\"image\":{\"@id\":\"https:\\\/\\\/ammann-stepstore.com\\\/produkt\\\/handlaufhalter-edelstahl-handlaufstuetze-handlauftraeger-handlaufhalterung-ral-9010\\\/#primaryimage\"},\"thumbnailUrl\":\"https:\\\/\\\/ammann-stepstore.com\\\/wp-content\\\/uploads\\\/2024\\\/04\\\/Ammann-Treppen_Wandlaufhalter_RAL9010_1-1.jpg\",\"datePublished\":\"2024-04-11T07:13:09+00:00\",\"dateModified\":\"2026-04-15T13:50:44+00:00\",\"description\":\"Unser Handlaufhalter-Classic passt perfekt in jedes Haus. Egal ob klassisch, oder modern: Dieser Handlauftr\u00e4ger passt immer perfekt.\",\"breadcrumb\":{\"@id\":\"https:\\\/\\\/ammann-stepstore.com\\\/produkt\\\/handlaufhalter-edelstahl-handlaufstuetze-handlauftraeger-handlaufhalterung-ral-9010\\\/#breadcrumb\"},\"inLanguage\":\"fr-FR\",\"potentialAction\":[{\"@type\":\"ReadAction\",\"target\":[\"https:\\\/\\\/ammann-stepstore.com\\\/produkt\\\/handlaufhalter-edelstahl-handlaufstuetze-handlauftraeger-handlaufhalterung-ral-9010\\\/\"]}]},{\"@type\":\"ImageObject\",\"inLanguage\":\"fr-FR\",\"@id\":\"https:\\\/\\\/ammann-stepstore.com\\\/produkt\\\/handlaufhalter-edelstahl-handlaufstuetze-handlauftraeger-handlaufhalterung-ral-9010\\\/#primaryimage\",\"url\":\"https:\\\/\\\/ammann-stepstore.com\\\/wp-content\\\/uploads\\\/2024\\\/04\\\/Ammann-Treppen_Wandlaufhalter_RAL9010_1-1.jpg\",\"contentUrl\":\"https:\\\/\\\/ammann-stepstore.com\\\/wp-content\\\/uploads\\\/2024\\\/04\\\/Ammann-Treppen_Wandlaufhalter_RAL9010_1-1.jpg\",\"width\":790,\"height\":1000,\"caption\":\"handlaufhalter-edelstahl-handlaufst\u00fctze-handlauftr\u00e4ger-ral-9010\"},{\"@type\":\"BreadcrumbList\",\"@id\":\"https:\\\/\\\/ammann-stepstore.com\\\/produkt\\\/handlaufhalter-edelstahl-handlaufstuetze-handlauftraeger-handlaufhalterung-ral-9010\\\/#breadcrumb\",\"itemListElement\":[{\"@type\":\"ListItem\",\"position\":1,\"name\":\"Startseite\",\"item\":\"https:\\\/\\\/ammann-stepstore.com\\\/\"},{\"@type\":\"ListItem\",\"position\":2,\"name\":\"Shop\",\"item\":\"https:\\\/\\\/ammann-stepstore.com\\\/shop\\\/\"},{\"@type\":\"ListItem\",\"position\":3,\"name\":\"Handlaufhalter Edelstahl Classic &#8211; RAL 9010\"}]},{\"@type\":\"WebSite\",\"@id\":\"https:\\\/\\\/ammann-stepstore.com\\\/#website\",\"url\":\"https:\\\/\\\/ammann-stepstore.com\\\/\",\"name\":\"Ammann Stepstore\",\"description\":\"Treppenbau-Zubeh\u00f6r bequem online kaufen\",\"publisher\":{\"@id\":\"https:\\\/\\\/ammann-stepstore.com\\\/#organization\"},\"potentialAction\":[{\"@type\":\"SearchAction\",\"target\":{\"@type\":\"EntryPoint\",\"urlTemplate\":\"https:\\\/\\\/ammann-stepstore.com\\\/?s={search_term_string}\"},\"query-input\":{\"@type\":\"PropertyValueSpecification\",\"valueRequired\":true,\"valueName\":\"search_term_string\"}}],\"inLanguage\":\"fr-FR\"},{\"@type\":\"Organization\",\"@id\":\"https:\\\/\\\/ammann-stepstore.com\\\/#organization\",\"name\":\"easy-step GmbH\",\"url\":\"https:\\\/\\\/ammann-stepstore.com\\\/\",\"logo\":{\"@type\":\"ImageObject\",\"inLanguage\":\"fr-FR\",\"@id\":\"https:\\\/\\\/ammann-stepstore.com\\\/#\\\/schema\\\/logo\\\/image\\\/\",\"url\":\"https:\\\/\\\/ammann-stepstore.com\\\/wp-content\\\/uploads\\\/2018\\\/09\\\/Systembautreppe-merged.png\",\"contentUrl\":\"https:\\\/\\\/ammann-stepstore.com\\\/wp-content\\\/uploads\\\/2018\\\/09\\\/Systembautreppe-merged.png\",\"width\":273,\"height\":67,\"caption\":\"easy-step GmbH\"},\"image\":{\"@id\":\"https:\\\/\\\/ammann-stepstore.com\\\/#\\\/schema\\\/logo\\\/image\\\/\"},\"sameAs\":[\"https:\\\/\\\/www.instagram.com\\\/easystep_bautreppe\\\/\"]}]}<\/script>\n<!-- \/ Yoast SEO plugin. -->","yoast_head_json":{"title":"Support main courante acier inoxydable Classic - RAL 9010 - Ammann Stepstore","description":"Notre support de main courante Classic s'adapte parfaitement \u00e0 chaque maison. Qu'il soit classique ou moderne : Ce support de main courante s'adapte toujours parfaitement.","robots":{"index":"index","follow":"follow","max-snippet":"max-snippet:-1","max-image-preview":"max-image-preview:large","max-video-preview":"max-video-preview:-1"},"canonical":"https:\/\/ammann-stepstore.com\/fr\/produit\/support-de-main-courante-en-acier-inoxydable-support-de-main-courante-support-de-main-courante-ral-9010\/","og_locale":"fr_FR","og_type":"article","og_title":"Handlaufhalter Edelstahl Classic - RAL 9010 - Ammann Stepstore","og_description":"Unser Handlaufhalter-Classic passt perfekt in jedes Haus. Egal ob klassisch, oder modern: Dieser Handlauftr\u00e4ger passt immer perfekt.","og_url":"https:\/\/ammann-stepstore.com\/fr\/produit\/support-de-main-courante-en-acier-inoxydable-support-de-main-courante-support-de-main-courante-ral-9010\/","og_site_name":"Ammann Stepstore","article_modified_time":"2026-04-15T13:50:44+00:00","og_image":[{"width":790,"height":1000,"url":"https:\/\/ammann-stepstore.com\/wp-content\/uploads\/2024\/04\/Ammann-Treppen_Wandlaufhalter_RAL9010_1-1.jpg","type":"image\/jpeg"}],"twitter_card":"summary_large_image","twitter_misc":{"Dur\u00e9e de lecture estim\u00e9e":"2 minutes"},"schema":{"@context":"https:\/\/schema.org","@graph":[{"@type":"WebPage","@id":"https:\/\/ammann-stepstore.com\/produkt\/handlaufhalter-edelstahl-handlaufstuetze-handlauftraeger-handlaufhalterung-ral-9010\/","url":"https:\/\/ammann-stepstore.com\/produkt\/handlaufhalter-edelstahl-handlaufstuetze-handlauftraeger-handlaufhalterung-ral-9010\/","name":"Support main courante acier inoxydable Classic - RAL 9010 - Ammann Stepstore","isPartOf":{"@id":"https:\/\/ammann-stepstore.com\/#website"},"primaryImageOfPage":{"@id":"https:\/\/ammann-stepstore.com\/produkt\/handlaufhalter-edelstahl-handlaufstuetze-handlauftraeger-handlaufhalterung-ral-9010\/#primaryimage"},"image":{"@id":"https:\/\/ammann-stepstore.com\/produkt\/handlaufhalter-edelstahl-handlaufstuetze-handlauftraeger-handlaufhalterung-ral-9010\/#primaryimage"},"thumbnailUrl":"https:\/\/ammann-stepstore.com\/wp-content\/uploads\/2024\/04\/Ammann-Treppen_Wandlaufhalter_RAL9010_1-1.jpg","datePublished":"2024-04-11T07:13:09+00:00","dateModified":"2026-04-15T13:50:44+00:00","description":"Notre support de main courante Classic s'adapte parfaitement \u00e0 chaque maison. Qu'il soit classique ou moderne : Ce support de main courante s'adapte toujours parfaitement.","breadcrumb":{"@id":"https:\/\/ammann-stepstore.com\/produkt\/handlaufhalter-edelstahl-handlaufstuetze-handlauftraeger-handlaufhalterung-ral-9010\/#breadcrumb"},"inLanguage":"fr-FR","potentialAction":[{"@type":"ReadAction","target":["https:\/\/ammann-stepstore.com\/produkt\/handlaufhalter-edelstahl-handlaufstuetze-handlauftraeger-handlaufhalterung-ral-9010\/"]}]},{"@type":"ImageObject","inLanguage":"fr-FR","@id":"https:\/\/ammann-stepstore.com\/produkt\/handlaufhalter-edelstahl-handlaufstuetze-handlauftraeger-handlaufhalterung-ral-9010\/#primaryimage","url":"https:\/\/ammann-stepstore.com\/wp-content\/uploads\/2024\/04\/Ammann-Treppen_Wandlaufhalter_RAL9010_1-1.jpg","contentUrl":"https:\/\/ammann-stepstore.com\/wp-content\/uploads\/2024\/04\/Ammann-Treppen_Wandlaufhalter_RAL9010_1-1.jpg","width":790,"height":1000,"caption":"handlaufhalter-edelstahl-handlaufst\u00fctze-handlauftr\u00e4ger-ral-9010"},{"@type":"BreadcrumbList","@id":"https:\/\/ammann-stepstore.com\/produkt\/handlaufhalter-edelstahl-handlaufstuetze-handlauftraeger-handlaufhalterung-ral-9010\/#breadcrumb","itemListElement":[{"@type":"ListItem","position":1,"name":"Startseite","item":"https:\/\/ammann-stepstore.com\/"},{"@type":"ListItem","position":2,"name":"Shop","item":"https:\/\/ammann-stepstore.com\/shop\/"},{"@type":"ListItem","position":3,"name":"Handlaufhalter Edelstahl Classic &#8211; RAL 9010"}]},{"@type":"WebSite","@id":"https:\/\/ammann-stepstore.com\/#website","url":"https:\/\/ammann-stepstore.com\/","name":"Stepstore Ammann","description":"Acheter des accessoires pour la construction d'escaliers en ligne","publisher":{"@id":"https:\/\/ammann-stepstore.com\/#organization"},"potentialAction":[{"@type":"SearchAction","target":{"@type":"EntryPoint","urlTemplate":"https:\/\/ammann-stepstore.com\/?s={search_term_string}"},"query-input":{"@type":"PropertyValueSpecification","valueRequired":true,"valueName":"search_term_string"}}],"inLanguage":"fr-FR"},{"@type":"Organization","@id":"https:\/\/ammann-stepstore.com\/#organization","name":"easy-step GmbH","url":"https:\/\/ammann-stepstore.com\/","logo":{"@type":"ImageObject","inLanguage":"fr-FR","@id":"https:\/\/ammann-stepstore.com\/#\/schema\/logo\/image\/","url":"https:\/\/ammann-stepstore.com\/wp-content\/uploads\/2018\/09\/Systembautreppe-merged.png","contentUrl":"https:\/\/ammann-stepstore.com\/wp-content\/uploads\/2018\/09\/Systembautreppe-merged.png","width":273,"height":67,"caption":"easy-step GmbH"},"image":{"@id":"https:\/\/ammann-stepstore.com\/#\/schema\/logo\/image\/"},"sameAs":["https:\/\/www.instagram.com\/easystep_bautreppe\/"]}]}},"_links":{"self":[{"href":"https:\/\/ammann-stepstore.com\/fr\/wp-json\/wp\/v2\/product\/8127","targetHints":{"allow":["GET"]}}],"collection":[{"href":"https:\/\/ammann-stepstore.com\/fr\/wp-json\/wp\/v2\/product"}],"about":[{"href":"https:\/\/ammann-stepstore.com\/fr\/wp-json\/wp\/v2\/types\/product"}],"replies":[{"embeddable":true,"href":"https:\/\/ammann-stepstore.com\/fr\/wp-json\/wp\/v2\/comments?post=8127"}],"wp:featuredmedia":[{"embeddable":true,"href":"https:\/\/ammann-stepstore.com\/fr\/wp-json\/wp\/v2\/media\/8136"}],"wp:attachment":[{"href":"https:\/\/ammann-stepstore.com\/fr\/wp-json\/wp\/v2\/media?parent=8127"}],"wp:term":[{"taxonomy":"product_brand","embeddable":true,"href":"https:\/\/ammann-stepstore.com\/fr\/wp-json\/wp\/v2\/product_brand?post=8127"},{"taxonomy":"product_cat","embeddable":true,"href":"https:\/\/ammann-stepstore.com\/fr\/wp-json\/wp\/v2\/product_cat?post=8127"},{"taxonomy":"product_tag","embeddable":true,"href":"https:\/\/ammann-stepstore.com\/fr\/wp-json\/wp\/v2\/product_tag?post=8127"}],"curies":[{"name":"wp","href":"https:\/\/api.w.org\/{rel}","templated":true}]}}