{"id":8126,"date":"2024-04-11T09:08:17","date_gmt":"2024-04-11T07:08:17","guid":{"rendered":"https:\/\/ammann-stepstore-18589519.wptestserver2.de\/?post_type=product&#038;p=8126"},"modified":"2025-06-11T17:16:03","modified_gmt":"2025-06-11T15:16:03","slug":"support-de-marches-support-de-marches-fixation-de-marches-connecteur-de-marches-en-acier-inoxydable-pour-escaliers-a-limons-en-bois-ral-9010","status":"publish","type":"product","link":"https:\/\/ammann-stepstore.com\/fr\/produkt\/stufenauflager-stufentraeger-treppenstufenbefestigung-stufenverbinder-aus-edelstahl-fuer-holzwangentreppen-ral-9010\/","title":{"rendered":"Raccords en bois en acier inoxydable - Supports de marches pour escaliers &amp; raccords polyvalents en bois RAL 9010"},"content":{"rendered":"<div>\n<p>Fixation des marches d'escalier de Ammann Treppen :<\/p>\n<p class=\"\" data-start=\"378\" data-end=\"682\">D\u00e9couvrez les avantages de nos supports de marches pour escaliers \u00e0 limons en bois et mettez fin durablement aux escaliers qui claquent ou grincent. Nos supports d'escalier assurent une liaison insonoris\u00e9e entre les marches et les limons et offrent une exp\u00e9rience d'escalier calme, stable et durable.<\/p>\n<p class=\"\" data-start=\"684\" data-end=\"989\">Avec nos supports de marches et nos raccords de marches en acier inoxydable de haute qualit\u00e9, il est possible de remplacer facilement des marches individuelles - sans avoir \u00e0 d\u00e9monter l'escalier complet. Le fraisage fastidieux n'est plus n\u00e9cessaire, un simple per\u00e7age suffit. Ainsi, m\u00eame les novices r\u00e9ussissent \u00e0 construire des escaliers rapidement et en toute s\u00e9curit\u00e9.<\/p>\n<p class=\"\" data-start=\"991\" data-end=\"1285\">Nos ferrures d'escalier ne sont pas seulement une alternative intelligente \u00e0 l'escalier encastr\u00e9 - elles conviennent aussi universellement comme raccords de bois pour de multiples projets en bois \u00e0 l'int\u00e9rieur et \u00e0 l'ext\u00e9rieur. Id\u00e9al pour tous ceux qui recherchent des solutions d'assemblage durables et polyvalentes en acier inoxydable.<\/p>\n<p class=\"\" data-start=\"1287\" data-end=\"1453\">Commandez maintenant et d\u00e9couvrez la diff\u00e9rence - avec des solutions bien pens\u00e9es pour la fixation de vos marches et des assemblages flexibles en bois de la maison Ammann Treppen.<\/p>\n<\/div>\n<div><\/div>\n<div><\/div>\n<div><\/div>\n<div>Informations sur l'article :<\/div>\n<div><\/div>\n<div>\n<div><span style=\"color: #202020; font-family: Helvetica Neue, Helvetica, Arial, sans-serif;\">Tourillon de 15 mm pour montage sur joue, 20 mm\u00a0<\/span>\u00d8 \u00e0 percer dans le limon, distance du limon \u00e0 la marche 5mm pour l'insonorisation, support de marche 45mm<\/div>\n<div>Livraison sans vis (pour les marches de 45 mm d'\u00e9paisseur et les limons de 45 mm d'\u00e9paisseur, il est recommand\u00e9 d'utiliser des vis \u00e0 bois 4,5 x 40 Torx)<\/div>\n<div><\/div>\n<div>Voir les instructions de montage pour toute information compl\u00e9mentaire.<\/div>\n<div><span style=\"color: #202020; font-family: Helvetica Neue, Helvetica, Arial, sans-serif;\">4 supports de marche sont n\u00e9cessaires par marche.<\/span><\/div>\n<div><\/div>\n<div><\/div>\n<div>\n<div><\/div>\n<div><\/div>\n<div>Appui pour marches d'escalier, appui pour marches de limon, appui pour marches, supports de marches, supports de marches en bois, fixation de marches d'escalier, ancrage de marches, supports de marches d'escalier, support de marches, connecteur en bois<\/div>\n<\/div>\n<\/div>","protected":false},"excerpt":{"rendered":"<p>Treppenstufenbefestigung von Ammann Treppen: Entdecken Sie die Vorteile unserer Stufenauflager f\u00fcr Holzwangentreppen und beenden Sie klappernde oder quietschende Treppen dauerhaft. Unsere Treppenauflager sorgen f\u00fcr eine schallentkoppelte Verbindung zwischen Stufen und Wangen und bieten ein ruhiges, stabiles und langlebiges Treppenerlebnis. Mit unseren hochwertigen Stufentr\u00e4gern und Stufenverbindern aus Edelstahl k\u00f6nnen einzelne Stufen problemlos ausgetauscht werden \u2013 ganz&#8230;<\/p>","protected":false},"featured_media":8107,"comment_status":"closed","ping_status":"closed","template":"","meta":[],"product_brand":[],"product_cat":[78],"product_tag":[],"class_list":{"0":"post-8126","1":"product","2":"type-product","3":"status-publish","4":"has-post-thumbnail","6":"product_cat-stufenauflager","8":"first","9":"outofstock","10":"taxable","11":"shipping-taxable","12":"purchasable","13":"product-type-simple"},"yoast_head":"<!-- This site is optimized with the Yoast SEO plugin v27.4 - https:\/\/yoast.com\/product\/yoast-seo-wordpress\/ -->\n<title>Holzverbinder aus Edelstahl \u2013 Stufenauflager f\u00fcr Treppen &amp; vielseitige Holzverbindungen RAL 9010 - Ammann Stepstore<\/title>\n<meta name=\"description\" content=\"Treppenstufenbefestigung aus Edelstahl f\u00fcr Holzwangentreppen. Diese Stufentr\u00e4ger sind die bessere Alternative zur eingestemmten Treppe (Schallentkoppelt)\" \/>\n<meta name=\"robots\" content=\"index, follow, max-snippet:-1, max-image-preview:large, max-video-preview:-1\" \/>\n<link rel=\"canonical\" href=\"https:\/\/ammann-stepstore.com\/fr\/produit\/support-de-marches-support-de-marches-fixation-de-marches-connecteur-de-marches-en-acier-inoxydable-pour-escaliers-a-limons-en-bois-ral-9010\/\" \/>\n<meta property=\"og:locale\" content=\"fr_FR\" \/>\n<meta property=\"og:type\" content=\"article\" \/>\n<meta property=\"og:title\" content=\"Holzverbinder aus Edelstahl \u2013 Stufenauflager f\u00fcr Treppen &amp; vielseitige Holzverbindungen RAL 9010 - Ammann Stepstore\" \/>\n<meta property=\"og:description\" content=\"Treppenstufenbefestigung aus Edelstahl f\u00fcr Holzwangentreppen. Diese Stufentr\u00e4ger sind die bessere Alternative zur eingestemmten Treppe (Schallentkoppelt)\" \/>\n<meta property=\"og:url\" content=\"https:\/\/ammann-stepstore.com\/fr\/produit\/support-de-marches-support-de-marches-fixation-de-marches-connecteur-de-marches-en-acier-inoxydable-pour-escaliers-a-limons-en-bois-ral-9010\/\" \/>\n<meta property=\"og:site_name\" content=\"Ammann Stepstore\" \/>\n<meta property=\"article:modified_time\" content=\"2025-06-11T15:16:03+00:00\" \/>\n<meta property=\"og:image\" content=\"https:\/\/ammann-stepstore.com\/wp-content\/uploads\/2024\/04\/Ammann-Treppen_Stufenauflager_RAL9010_4.jpg\" \/>\n\t<meta property=\"og:image:width\" content=\"790\" \/>\n\t<meta property=\"og:image:height\" content=\"1000\" \/>\n\t<meta property=\"og:image:type\" content=\"image\/jpeg\" \/>\n<meta name=\"twitter:card\" content=\"summary_large_image\" \/>\n<meta name=\"twitter:label1\" content=\"Dur\u00e9e de lecture estim\u00e9e\" \/>\n\t<meta name=\"twitter:data1\" content=\"2 minutes\" \/>\n<script type=\"application\/ld+json\" class=\"yoast-schema-graph\">{\"@context\":\"https:\\\/\\\/schema.org\",\"@graph\":[{\"@type\":\"WebPage\",\"@id\":\"https:\\\/\\\/ammann-stepstore.com\\\/pt\\\/product-2\\\/suporte-de-degrau-suporte-de-degrau-fixacao-de-degrau-em-aco-inoxidavel-conetor-de-degrau-para-escadas-de-madeira-ral-9010\\\/\",\"url\":\"https:\\\/\\\/ammann-stepstore.com\\\/pt\\\/product-2\\\/suporte-de-degrau-suporte-de-degrau-fixacao-de-degrau-em-aco-inoxidavel-conetor-de-degrau-para-escadas-de-madeira-ral-9010\\\/\",\"name\":\"Holzverbinder aus Edelstahl \u2013 Stufenauflager f\u00fcr Treppen & vielseitige Holzverbindungen RAL 9010 - Ammann Stepstore\",\"isPartOf\":{\"@id\":\"https:\\\/\\\/ammann-stepstore.com\\\/#website\"},\"primaryImageOfPage\":{\"@id\":\"https:\\\/\\\/ammann-stepstore.com\\\/pt\\\/product-2\\\/suporte-de-degrau-suporte-de-degrau-fixacao-de-degrau-em-aco-inoxidavel-conetor-de-degrau-para-escadas-de-madeira-ral-9010\\\/#primaryimage\"},\"image\":{\"@id\":\"https:\\\/\\\/ammann-stepstore.com\\\/pt\\\/product-2\\\/suporte-de-degrau-suporte-de-degrau-fixacao-de-degrau-em-aco-inoxidavel-conetor-de-degrau-para-escadas-de-madeira-ral-9010\\\/#primaryimage\"},\"thumbnailUrl\":\"https:\\\/\\\/ammann-stepstore.com\\\/wp-content\\\/uploads\\\/2024\\\/04\\\/Ammann-Treppen_Stufenauflager_RAL9010_4.jpg\",\"datePublished\":\"2024-04-11T07:08:17+00:00\",\"dateModified\":\"2025-06-11T15:16:03+00:00\",\"description\":\"Treppenstufenbefestigung aus Edelstahl f\u00fcr Holzwangentreppen. Diese Stufentr\u00e4ger sind die bessere Alternative zur eingestemmten Treppe (Schallentkoppelt)\",\"breadcrumb\":{\"@id\":\"https:\\\/\\\/ammann-stepstore.com\\\/pt\\\/product-2\\\/suporte-de-degrau-suporte-de-degrau-fixacao-de-degrau-em-aco-inoxidavel-conetor-de-degrau-para-escadas-de-madeira-ral-9010\\\/#breadcrumb\"},\"inLanguage\":\"fr-FR\",\"potentialAction\":[{\"@type\":\"ReadAction\",\"target\":[\"https:\\\/\\\/ammann-stepstore.com\\\/pt\\\/product-2\\\/suporte-de-degrau-suporte-de-degrau-fixacao-de-degrau-em-aco-inoxidavel-conetor-de-degrau-para-escadas-de-madeira-ral-9010\\\/\"]}]},{\"@type\":\"ImageObject\",\"inLanguage\":\"fr-FR\",\"@id\":\"https:\\\/\\\/ammann-stepstore.com\\\/pt\\\/product-2\\\/suporte-de-degrau-suporte-de-degrau-fixacao-de-degrau-em-aco-inoxidavel-conetor-de-degrau-para-escadas-de-madeira-ral-9010\\\/#primaryimage\",\"url\":\"https:\\\/\\\/ammann-stepstore.com\\\/wp-content\\\/uploads\\\/2024\\\/04\\\/Ammann-Treppen_Stufenauflager_RAL9010_4.jpg\",\"contentUrl\":\"https:\\\/\\\/ammann-stepstore.com\\\/wp-content\\\/uploads\\\/2024\\\/04\\\/Ammann-Treppen_Stufenauflager_RAL9010_4.jpg\",\"width\":790,\"height\":1000,\"caption\":\"Stufenauflager f\u00fcr Befestigung an Treppenstufen wei\u00df\"},{\"@type\":\"BreadcrumbList\",\"@id\":\"https:\\\/\\\/ammann-stepstore.com\\\/pt\\\/product-2\\\/suporte-de-degrau-suporte-de-degrau-fixacao-de-degrau-em-aco-inoxidavel-conetor-de-degrau-para-escadas-de-madeira-ral-9010\\\/#breadcrumb\",\"itemListElement\":[{\"@type\":\"ListItem\",\"position\":1,\"name\":\"Startseite\",\"item\":\"https:\\\/\\\/ammann-stepstore.com\\\/\"},{\"@type\":\"ListItem\",\"position\":2,\"name\":\"Shop\",\"item\":\"https:\\\/\\\/ammann-stepstore.com\\\/shop\\\/\"},{\"@type\":\"ListItem\",\"position\":3,\"name\":\"Holzverbinder aus Edelstahl \u2013 Stufenauflager f\u00fcr Treppen &#038; vielseitige Holzverbindungen RAL 9010\"}]},{\"@type\":\"WebSite\",\"@id\":\"https:\\\/\\\/ammann-stepstore.com\\\/#website\",\"url\":\"https:\\\/\\\/ammann-stepstore.com\\\/\",\"name\":\"Ammann Stepstore\",\"description\":\"Treppenbau-Zubeh\u00f6r bequem online kaufen\",\"publisher\":{\"@id\":\"https:\\\/\\\/ammann-stepstore.com\\\/#organization\"},\"potentialAction\":[{\"@type\":\"SearchAction\",\"target\":{\"@type\":\"EntryPoint\",\"urlTemplate\":\"https:\\\/\\\/ammann-stepstore.com\\\/?s={search_term_string}\"},\"query-input\":{\"@type\":\"PropertyValueSpecification\",\"valueRequired\":true,\"valueName\":\"search_term_string\"}}],\"inLanguage\":\"fr-FR\"},{\"@type\":\"Organization\",\"@id\":\"https:\\\/\\\/ammann-stepstore.com\\\/#organization\",\"name\":\"easy-step GmbH\",\"url\":\"https:\\\/\\\/ammann-stepstore.com\\\/\",\"logo\":{\"@type\":\"ImageObject\",\"inLanguage\":\"fr-FR\",\"@id\":\"https:\\\/\\\/ammann-stepstore.com\\\/#\\\/schema\\\/logo\\\/image\\\/\",\"url\":\"https:\\\/\\\/ammann-stepstore.com\\\/wp-content\\\/uploads\\\/2018\\\/09\\\/Systembautreppe-merged.png\",\"contentUrl\":\"https:\\\/\\\/ammann-stepstore.com\\\/wp-content\\\/uploads\\\/2018\\\/09\\\/Systembautreppe-merged.png\",\"width\":273,\"height\":67,\"caption\":\"easy-step GmbH\"},\"image\":{\"@id\":\"https:\\\/\\\/ammann-stepstore.com\\\/#\\\/schema\\\/logo\\\/image\\\/\"},\"sameAs\":[\"https:\\\/\\\/www.instagram.com\\\/easystep_bautreppe\\\/\"]}]}<\/script>\n<!-- \/ Yoast SEO plugin. -->","yoast_head_json":{"title":"Raccords en bois en acier inoxydable - Supports de marches pour escaliers &amp; raccords polyvalents en bois RAL 9010 - Ammann Stepstore","description":"Fixation de marches en acier inoxydable pour escaliers \u00e0 limons en bois. Ces supports de marches sont une meilleure alternative aux escaliers encastr\u00e9s (isolation phonique).","robots":{"index":"index","follow":"follow","max-snippet":"max-snippet:-1","max-image-preview":"max-image-preview:large","max-video-preview":"max-video-preview:-1"},"canonical":"https:\/\/ammann-stepstore.com\/fr\/produit\/support-de-marches-support-de-marches-fixation-de-marches-connecteur-de-marches-en-acier-inoxydable-pour-escaliers-a-limons-en-bois-ral-9010\/","og_locale":"fr_FR","og_type":"article","og_title":"Holzverbinder aus Edelstahl \u2013 Stufenauflager f\u00fcr Treppen & vielseitige Holzverbindungen RAL 9010 - Ammann Stepstore","og_description":"Treppenstufenbefestigung aus Edelstahl f\u00fcr Holzwangentreppen. Diese Stufentr\u00e4ger sind die bessere Alternative zur eingestemmten Treppe (Schallentkoppelt)","og_url":"https:\/\/ammann-stepstore.com\/fr\/produit\/support-de-marches-support-de-marches-fixation-de-marches-connecteur-de-marches-en-acier-inoxydable-pour-escaliers-a-limons-en-bois-ral-9010\/","og_site_name":"Ammann Stepstore","article_modified_time":"2025-06-11T15:16:03+00:00","og_image":[{"width":790,"height":1000,"url":"https:\/\/ammann-stepstore.com\/wp-content\/uploads\/2024\/04\/Ammann-Treppen_Stufenauflager_RAL9010_4.jpg","type":"image\/jpeg"}],"twitter_card":"summary_large_image","twitter_misc":{"Dur\u00e9e de lecture estim\u00e9e":"2 minutes"},"schema":{"@context":"https:\/\/schema.org","@graph":[{"@type":"WebPage","@id":"https:\/\/ammann-stepstore.com\/pt\/product-2\/suporte-de-degrau-suporte-de-degrau-fixacao-de-degrau-em-aco-inoxidavel-conetor-de-degrau-para-escadas-de-madeira-ral-9010\/","url":"https:\/\/ammann-stepstore.com\/pt\/product-2\/suporte-de-degrau-suporte-de-degrau-fixacao-de-degrau-em-aco-inoxidavel-conetor-de-degrau-para-escadas-de-madeira-ral-9010\/","name":"Raccords en bois en acier inoxydable - Supports de marches pour escaliers &amp; raccords polyvalents en bois RAL 9010 - Ammann Stepstore","isPartOf":{"@id":"https:\/\/ammann-stepstore.com\/#website"},"primaryImageOfPage":{"@id":"https:\/\/ammann-stepstore.com\/pt\/product-2\/suporte-de-degrau-suporte-de-degrau-fixacao-de-degrau-em-aco-inoxidavel-conetor-de-degrau-para-escadas-de-madeira-ral-9010\/#primaryimage"},"image":{"@id":"https:\/\/ammann-stepstore.com\/pt\/product-2\/suporte-de-degrau-suporte-de-degrau-fixacao-de-degrau-em-aco-inoxidavel-conetor-de-degrau-para-escadas-de-madeira-ral-9010\/#primaryimage"},"thumbnailUrl":"https:\/\/ammann-stepstore.com\/wp-content\/uploads\/2024\/04\/Ammann-Treppen_Stufenauflager_RAL9010_4.jpg","datePublished":"2024-04-11T07:08:17+00:00","dateModified":"2025-06-11T15:16:03+00:00","description":"Fixation de marches en acier inoxydable pour escaliers \u00e0 limons en bois. Ces supports de marches sont une meilleure alternative aux escaliers encastr\u00e9s (isolation phonique).","breadcrumb":{"@id":"https:\/\/ammann-stepstore.com\/pt\/product-2\/suporte-de-degrau-suporte-de-degrau-fixacao-de-degrau-em-aco-inoxidavel-conetor-de-degrau-para-escadas-de-madeira-ral-9010\/#breadcrumb"},"inLanguage":"fr-FR","potentialAction":[{"@type":"ReadAction","target":["https:\/\/ammann-stepstore.com\/pt\/product-2\/suporte-de-degrau-suporte-de-degrau-fixacao-de-degrau-em-aco-inoxidavel-conetor-de-degrau-para-escadas-de-madeira-ral-9010\/"]}]},{"@type":"ImageObject","inLanguage":"fr-FR","@id":"https:\/\/ammann-stepstore.com\/pt\/product-2\/suporte-de-degrau-suporte-de-degrau-fixacao-de-degrau-em-aco-inoxidavel-conetor-de-degrau-para-escadas-de-madeira-ral-9010\/#primaryimage","url":"https:\/\/ammann-stepstore.com\/wp-content\/uploads\/2024\/04\/Ammann-Treppen_Stufenauflager_RAL9010_4.jpg","contentUrl":"https:\/\/ammann-stepstore.com\/wp-content\/uploads\/2024\/04\/Ammann-Treppen_Stufenauflager_RAL9010_4.jpg","width":790,"height":1000,"caption":"Stufenauflager f\u00fcr Befestigung an Treppenstufen wei\u00df"},{"@type":"BreadcrumbList","@id":"https:\/\/ammann-stepstore.com\/pt\/product-2\/suporte-de-degrau-suporte-de-degrau-fixacao-de-degrau-em-aco-inoxidavel-conetor-de-degrau-para-escadas-de-madeira-ral-9010\/#breadcrumb","itemListElement":[{"@type":"ListItem","position":1,"name":"Startseite","item":"https:\/\/ammann-stepstore.com\/"},{"@type":"ListItem","position":2,"name":"Shop","item":"https:\/\/ammann-stepstore.com\/shop\/"},{"@type":"ListItem","position":3,"name":"Holzverbinder aus Edelstahl \u2013 Stufenauflager f\u00fcr Treppen &#038; vielseitige Holzverbindungen RAL 9010"}]},{"@type":"WebSite","@id":"https:\/\/ammann-stepstore.com\/#website","url":"https:\/\/ammann-stepstore.com\/","name":"Stepstore Ammann","description":"Acheter des accessoires pour la construction d'escaliers en ligne","publisher":{"@id":"https:\/\/ammann-stepstore.com\/#organization"},"potentialAction":[{"@type":"SearchAction","target":{"@type":"EntryPoint","urlTemplate":"https:\/\/ammann-stepstore.com\/?s={search_term_string}"},"query-input":{"@type":"PropertyValueSpecification","valueRequired":true,"valueName":"search_term_string"}}],"inLanguage":"fr-FR"},{"@type":"Organization","@id":"https:\/\/ammann-stepstore.com\/#organization","name":"easy-step GmbH","url":"https:\/\/ammann-stepstore.com\/","logo":{"@type":"ImageObject","inLanguage":"fr-FR","@id":"https:\/\/ammann-stepstore.com\/#\/schema\/logo\/image\/","url":"https:\/\/ammann-stepstore.com\/wp-content\/uploads\/2018\/09\/Systembautreppe-merged.png","contentUrl":"https:\/\/ammann-stepstore.com\/wp-content\/uploads\/2018\/09\/Systembautreppe-merged.png","width":273,"height":67,"caption":"easy-step GmbH"},"image":{"@id":"https:\/\/ammann-stepstore.com\/#\/schema\/logo\/image\/"},"sameAs":["https:\/\/www.instagram.com\/easystep_bautreppe\/"]}]}},"_links":{"self":[{"href":"https:\/\/ammann-stepstore.com\/fr\/wp-json\/wp\/v2\/product\/8126","targetHints":{"allow":["GET"]}}],"collection":[{"href":"https:\/\/ammann-stepstore.com\/fr\/wp-json\/wp\/v2\/product"}],"about":[{"href":"https:\/\/ammann-stepstore.com\/fr\/wp-json\/wp\/v2\/types\/product"}],"replies":[{"embeddable":true,"href":"https:\/\/ammann-stepstore.com\/fr\/wp-json\/wp\/v2\/comments?post=8126"}],"wp:featuredmedia":[{"embeddable":true,"href":"https:\/\/ammann-stepstore.com\/fr\/wp-json\/wp\/v2\/media\/8107"}],"wp:attachment":[{"href":"https:\/\/ammann-stepstore.com\/fr\/wp-json\/wp\/v2\/media?parent=8126"}],"wp:term":[{"taxonomy":"product_brand","embeddable":true,"href":"https:\/\/ammann-stepstore.com\/fr\/wp-json\/wp\/v2\/product_brand?post=8126"},{"taxonomy":"product_cat","embeddable":true,"href":"https:\/\/ammann-stepstore.com\/fr\/wp-json\/wp\/v2\/product_cat?post=8126"},{"taxonomy":"product_tag","embeddable":true,"href":"https:\/\/ammann-stepstore.com\/fr\/wp-json\/wp\/v2\/product_tag?post=8126"}],"curies":[{"name":"wp","href":"https:\/\/api.w.org\/{rel}","templated":true}]}}