{"id":8019,"date":"2024-02-23T08:49:12","date_gmt":"2024-02-23T07:49:12","guid":{"rendered":"https:\/\/ammann-stepstore-18589519.wptestserver2.de\/?post_type=product&#038;p=8019"},"modified":"2026-03-31T11:29:28","modified_gmt":"2026-03-31T09:29:28","slug":"support-de-marches-support-de-marches-fixation-de-marches-connecteur-de-marches-support-de-marches-en-inox-pour-escaliers-a-limon-en-bois","status":"publish","type":"product","link":"https:\/\/ammann-stepstore.com\/fr\/produkt\/stufenauflager-stufentraeger-stufenhalterung-treppenstufenbefestigung-stufenverbinder-stufenauflage-aus-edelstahl-fuer-aufgesattelte-holzwangentreppen\/","title":{"rendered":"Support de marches en acier inoxydable pour escaliers \u00e0 limons en bois sur\u00e9lev\u00e9s"},"content":{"rendered":"<p>Fixation des marches d'escalier de Ammann Treppen :<\/p>\n<div>\n<p data-start=\"360\" data-end=\"579\">D\u00e9couvrez nos supports de marches sp\u00e9cialement con\u00e7us pour les escaliers \u00e0 limons en bois sur\u00e9lev\u00e9s. Ils permettent une fixation simple, pr\u00e9cise et stable des marches dans les constructions d'escaliers modernes.<\/p>\n<p data-start=\"581\" data-end=\"878\">Pour les escaliers sur\u00e9lev\u00e9s, nous avons d\u00e9velopp\u00e9 un support de marche en acier inoxydable de haute qualit\u00e9 qui garantit une liaison s\u00fbre et durable entre la marche et le limon. Le montage est facile \u00e0 mettre en \u0153uvre et garantit une construction d'escalier propre et professionnelle.<\/p>\n<p data-start=\"880\" data-end=\"1124\">Avec nos supports de marches pour escaliers en bois sur\u00e9lev\u00e9s, la construction d'escaliers est nettement plus simple - id\u00e9al pour les constructeurs d'escaliers professionnels ainsi que pour les bricoleurs qui souhaitent mettre en \u0153uvre une fixation de marches d'escalier stable et de qualit\u00e9.<\/p>\n<p data-start=\"1126\" data-end=\"1309\">Commandez d\u00e8s maintenant nos supports de marches pour escaliers sur\u00e9lev\u00e9s et r\u00e9alisez des constructions d'escaliers durables et pr\u00e9cises gr\u00e2ce aux solutions \u00e9prouv\u00e9es d'Ammann Treppen.<\/p>\n<\/div>\n<div><\/div>\n<div><\/div>\n<div><\/div>\n<div>Informations sur l'article :<\/div>\n<div><\/div>\n<div>\n<div><\/div>\n<div><span style=\"color: #202020; font-family: Helvetica Neue, Helvetica, Arial, sans-serif;\">80 mm de longueur totale, dont 30 mm sur l'al\u00e9sage de la joue sur\u00e9lev\u00e9e , 25 mm de diam\u00e8tre<\/span>, plus de d\u00e9tails sur le dessin d\u00e9taill\u00e9 (derni\u00e8re photo)<\/div>\n<div><span style=\"color: #202020; font-family: Helvetica Neue, Helvetica, Arial, sans-serif;\">\u00a0<\/span><\/div>\n<div>Livraison sans vis (pour les marches de 45 mm d'\u00e9paisseur et les limons de 45 mm d'\u00e9paisseur, il est recommand\u00e9 d'utiliser des vis \u00e0 bois 4,5 x 40 Torx)<\/div>\n<div><\/div>\n<div><span style=\"color: #202020; font-family: Helvetica Neue, Helvetica, Arial, sans-serif;\">4 supports de marche sont n\u00e9cessaires par marche.<\/span><\/div>\n<div><\/div>\n<div>Exp\u00e9dition depuis l'Allemagne.<\/div>\n<div>\n<div><\/div>\n<div><\/div>\n<div>Appui pour marches d'escalier, appui pour marches de limon, appui pour marches, supports pour marches, supports pour marches en bois, fixation pour marches d'escalier, ancrage pour marches, supports pour marches d'escalier, support pour marches d'escalier, fixation pour marches d'escalier<\/div>\n<\/div>\n<\/div>","protected":false},"excerpt":{"rendered":"<p>par pi\u00e8ce pour un escalier de 15 marches<\/p>","protected":false},"featured_media":8095,"comment_status":"closed","ping_status":"closed","template":"","meta":[],"product_brand":[],"product_cat":[78],"product_tag":[],"class_list":{"0":"post-8019","1":"product","2":"type-product","3":"status-publish","4":"has-post-thumbnail","6":"product_cat-stufenauflager","8":"first","9":"instock","10":"taxable","11":"shipping-taxable","12":"purchasable","13":"product-type-simple"},"yoast_head":"<!-- This site is optimized with the Yoast SEO plugin v27.4 - https:\/\/yoast.com\/product\/yoast-seo-wordpress\/ -->\n<title>Stufenauflager aus Edelstahl f\u00fcr aufgesattelte Holzwangentreppen - Ammann Stepstore<\/title>\n<meta name=\"description\" content=\"Treppenstufenbefestigung aus Edelstahl f\u00fcr aufgesattelte Holztreppen - Bestellen Sie jetzt und entdecken die Vorteile der Stufentr\u00e4ger.\" \/>\n<meta name=\"robots\" content=\"index, follow, max-snippet:-1, max-image-preview:large, max-video-preview:-1\" \/>\n<link rel=\"canonical\" href=\"https:\/\/ammann-stepstore.com\/fr\/produit\/support-de-marches-support-de-marches-fixation-de-marches-connecteur-de-marches-support-de-marches-en-inox-pour-escaliers-a-limon-en-bois\/\" \/>\n<meta property=\"og:locale\" content=\"fr_FR\" \/>\n<meta property=\"og:type\" content=\"article\" \/>\n<meta property=\"og:title\" content=\"Stufenauflager aus Edelstahl f\u00fcr aufgesattelte Holzwangentreppen - Ammann Stepstore\" \/>\n<meta property=\"og:description\" content=\"Treppenstufenbefestigung aus Edelstahl f\u00fcr aufgesattelte Holztreppen - Bestellen Sie jetzt und entdecken die Vorteile der Stufentr\u00e4ger.\" \/>\n<meta property=\"og:url\" content=\"https:\/\/ammann-stepstore.com\/fr\/produit\/support-de-marches-support-de-marches-fixation-de-marches-connecteur-de-marches-support-de-marches-en-inox-pour-escaliers-a-limon-en-bois\/\" \/>\n<meta property=\"og:site_name\" content=\"Ammann Stepstore\" \/>\n<meta property=\"article:modified_time\" content=\"2026-03-31T09:29:28+00:00\" \/>\n<meta property=\"og:image\" content=\"https:\/\/ammann-stepstore.com\/wp-content\/uploads\/2024\/02\/Ammann-Treppen_Stufenauflager2_3.jpg\" \/>\n\t<meta property=\"og:image:width\" content=\"790\" \/>\n\t<meta property=\"og:image:height\" content=\"1000\" \/>\n\t<meta property=\"og:image:type\" content=\"image\/jpeg\" \/>\n<meta name=\"twitter:card\" content=\"summary_large_image\" \/>\n<meta name=\"twitter:label1\" content=\"Dur\u00e9e de lecture estim\u00e9e\" \/>\n\t<meta name=\"twitter:data1\" content=\"2 minutes\" \/>\n<script type=\"application\/ld+json\" class=\"yoast-schema-graph\">{\"@context\":\"https:\\\/\\\/schema.org\",\"@graph\":[{\"@type\":\"WebPage\",\"@id\":\"https:\\\/\\\/ammann-stepstore.com\\\/pt\\\/product-2\\\/suporte-de-degrau-suporte-de-degrau-suporte-de-degrau-fixacao-de-degrau-conetor-de-degrau-suporte-de-degrau-feito-de-aco-inoxidavel-para-escadas-de-madeira-seladas\\\/\",\"url\":\"https:\\\/\\\/ammann-stepstore.com\\\/pt\\\/product-2\\\/suporte-de-degrau-suporte-de-degrau-suporte-de-degrau-fixacao-de-degrau-conetor-de-degrau-suporte-de-degrau-feito-de-aco-inoxidavel-para-escadas-de-madeira-seladas\\\/\",\"name\":\"Stufenauflager aus Edelstahl f\u00fcr aufgesattelte Holzwangentreppen - Ammann Stepstore\",\"isPartOf\":{\"@id\":\"https:\\\/\\\/ammann-stepstore.com\\\/#website\"},\"primaryImageOfPage\":{\"@id\":\"https:\\\/\\\/ammann-stepstore.com\\\/pt\\\/product-2\\\/suporte-de-degrau-suporte-de-degrau-suporte-de-degrau-fixacao-de-degrau-conetor-de-degrau-suporte-de-degrau-feito-de-aco-inoxidavel-para-escadas-de-madeira-seladas\\\/#primaryimage\"},\"image\":{\"@id\":\"https:\\\/\\\/ammann-stepstore.com\\\/pt\\\/product-2\\\/suporte-de-degrau-suporte-de-degrau-suporte-de-degrau-fixacao-de-degrau-conetor-de-degrau-suporte-de-degrau-feito-de-aco-inoxidavel-para-escadas-de-madeira-seladas\\\/#primaryimage\"},\"thumbnailUrl\":\"https:\\\/\\\/ammann-stepstore.com\\\/wp-content\\\/uploads\\\/2024\\\/02\\\/Ammann-Treppen_Stufenauflager2_3.jpg\",\"datePublished\":\"2024-02-23T07:49:12+00:00\",\"dateModified\":\"2026-03-31T09:29:28+00:00\",\"description\":\"Treppenstufenbefestigung aus Edelstahl f\u00fcr aufgesattelte Holztreppen - Bestellen Sie jetzt und entdecken die Vorteile der Stufentr\u00e4ger.\",\"breadcrumb\":{\"@id\":\"https:\\\/\\\/ammann-stepstore.com\\\/pt\\\/product-2\\\/suporte-de-degrau-suporte-de-degrau-suporte-de-degrau-fixacao-de-degrau-conetor-de-degrau-suporte-de-degrau-feito-de-aco-inoxidavel-para-escadas-de-madeira-seladas\\\/#breadcrumb\"},\"inLanguage\":\"fr-FR\",\"potentialAction\":[{\"@type\":\"ReadAction\",\"target\":[\"https:\\\/\\\/ammann-stepstore.com\\\/pt\\\/product-2\\\/suporte-de-degrau-suporte-de-degrau-suporte-de-degrau-fixacao-de-degrau-conetor-de-degrau-suporte-de-degrau-feito-de-aco-inoxidavel-para-escadas-de-madeira-seladas\\\/\"]}]},{\"@type\":\"ImageObject\",\"inLanguage\":\"fr-FR\",\"@id\":\"https:\\\/\\\/ammann-stepstore.com\\\/pt\\\/product-2\\\/suporte-de-degrau-suporte-de-degrau-suporte-de-degrau-fixacao-de-degrau-conetor-de-degrau-suporte-de-degrau-feito-de-aco-inoxidavel-para-escadas-de-madeira-seladas\\\/#primaryimage\",\"url\":\"https:\\\/\\\/ammann-stepstore.com\\\/wp-content\\\/uploads\\\/2024\\\/02\\\/Ammann-Treppen_Stufenauflager2_3.jpg\",\"contentUrl\":\"https:\\\/\\\/ammann-stepstore.com\\\/wp-content\\\/uploads\\\/2024\\\/02\\\/Ammann-Treppen_Stufenauflager2_3.jpg\",\"width\":790,\"height\":1000,\"caption\":\"Stufenbefestigung f\u00fcr aufgesattelte Wangentreppen\"},{\"@type\":\"BreadcrumbList\",\"@id\":\"https:\\\/\\\/ammann-stepstore.com\\\/pt\\\/product-2\\\/suporte-de-degrau-suporte-de-degrau-suporte-de-degrau-fixacao-de-degrau-conetor-de-degrau-suporte-de-degrau-feito-de-aco-inoxidavel-para-escadas-de-madeira-seladas\\\/#breadcrumb\",\"itemListElement\":[{\"@type\":\"ListItem\",\"position\":1,\"name\":\"Startseite\",\"item\":\"https:\\\/\\\/ammann-stepstore.com\\\/\"},{\"@type\":\"ListItem\",\"position\":2,\"name\":\"Shop\",\"item\":\"https:\\\/\\\/ammann-stepstore.com\\\/shop\\\/\"},{\"@type\":\"ListItem\",\"position\":3,\"name\":\"Stufenauflager aus Edelstahl f\u00fcr aufgesattelte Holzwangentreppen\"}]},{\"@type\":\"WebSite\",\"@id\":\"https:\\\/\\\/ammann-stepstore.com\\\/#website\",\"url\":\"https:\\\/\\\/ammann-stepstore.com\\\/\",\"name\":\"Ammann Stepstore\",\"description\":\"Treppenbau-Zubeh\u00f6r bequem online kaufen\",\"publisher\":{\"@id\":\"https:\\\/\\\/ammann-stepstore.com\\\/#organization\"},\"potentialAction\":[{\"@type\":\"SearchAction\",\"target\":{\"@type\":\"EntryPoint\",\"urlTemplate\":\"https:\\\/\\\/ammann-stepstore.com\\\/?s={search_term_string}\"},\"query-input\":{\"@type\":\"PropertyValueSpecification\",\"valueRequired\":true,\"valueName\":\"search_term_string\"}}],\"inLanguage\":\"fr-FR\"},{\"@type\":\"Organization\",\"@id\":\"https:\\\/\\\/ammann-stepstore.com\\\/#organization\",\"name\":\"easy-step GmbH\",\"url\":\"https:\\\/\\\/ammann-stepstore.com\\\/\",\"logo\":{\"@type\":\"ImageObject\",\"inLanguage\":\"fr-FR\",\"@id\":\"https:\\\/\\\/ammann-stepstore.com\\\/#\\\/schema\\\/logo\\\/image\\\/\",\"url\":\"https:\\\/\\\/ammann-stepstore.com\\\/wp-content\\\/uploads\\\/2018\\\/09\\\/Systembautreppe-merged.png\",\"contentUrl\":\"https:\\\/\\\/ammann-stepstore.com\\\/wp-content\\\/uploads\\\/2018\\\/09\\\/Systembautreppe-merged.png\",\"width\":273,\"height\":67,\"caption\":\"easy-step GmbH\"},\"image\":{\"@id\":\"https:\\\/\\\/ammann-stepstore.com\\\/#\\\/schema\\\/logo\\\/image\\\/\"},\"sameAs\":[\"https:\\\/\\\/www.instagram.com\\\/easystep_bautreppe\\\/\"]}]}<\/script>\n<!-- \/ Yoast SEO plugin. -->","yoast_head_json":{"title":"Support de marches en acier inoxydable pour escaliers \u00e0 limons en bois sur\u00e9lev\u00e9s - Ammann Stepstore","description":"Fixation de marches d'escalier en acier inoxydable pour escaliers en bois sur\u00e9lev\u00e9s - Commandez d\u00e8s maintenant et d\u00e9couvrez les avantages des supports de marches.","robots":{"index":"index","follow":"follow","max-snippet":"max-snippet:-1","max-image-preview":"max-image-preview:large","max-video-preview":"max-video-preview:-1"},"canonical":"https:\/\/ammann-stepstore.com\/fr\/produit\/support-de-marches-support-de-marches-fixation-de-marches-connecteur-de-marches-support-de-marches-en-inox-pour-escaliers-a-limon-en-bois\/","og_locale":"fr_FR","og_type":"article","og_title":"Stufenauflager aus Edelstahl f\u00fcr aufgesattelte Holzwangentreppen - Ammann Stepstore","og_description":"Treppenstufenbefestigung aus Edelstahl f\u00fcr aufgesattelte Holztreppen - Bestellen Sie jetzt und entdecken die Vorteile der Stufentr\u00e4ger.","og_url":"https:\/\/ammann-stepstore.com\/fr\/produit\/support-de-marches-support-de-marches-fixation-de-marches-connecteur-de-marches-support-de-marches-en-inox-pour-escaliers-a-limon-en-bois\/","og_site_name":"Ammann Stepstore","article_modified_time":"2026-03-31T09:29:28+00:00","og_image":[{"width":790,"height":1000,"url":"https:\/\/ammann-stepstore.com\/wp-content\/uploads\/2024\/02\/Ammann-Treppen_Stufenauflager2_3.jpg","type":"image\/jpeg"}],"twitter_card":"summary_large_image","twitter_misc":{"Dur\u00e9e de lecture estim\u00e9e":"2 minutes"},"schema":{"@context":"https:\/\/schema.org","@graph":[{"@type":"WebPage","@id":"https:\/\/ammann-stepstore.com\/pt\/product-2\/suporte-de-degrau-suporte-de-degrau-suporte-de-degrau-fixacao-de-degrau-conetor-de-degrau-suporte-de-degrau-feito-de-aco-inoxidavel-para-escadas-de-madeira-seladas\/","url":"https:\/\/ammann-stepstore.com\/pt\/product-2\/suporte-de-degrau-suporte-de-degrau-suporte-de-degrau-fixacao-de-degrau-conetor-de-degrau-suporte-de-degrau-feito-de-aco-inoxidavel-para-escadas-de-madeira-seladas\/","name":"Support de marches en acier inoxydable pour escaliers \u00e0 limons en bois sur\u00e9lev\u00e9s - Ammann Stepstore","isPartOf":{"@id":"https:\/\/ammann-stepstore.com\/#website"},"primaryImageOfPage":{"@id":"https:\/\/ammann-stepstore.com\/pt\/product-2\/suporte-de-degrau-suporte-de-degrau-suporte-de-degrau-fixacao-de-degrau-conetor-de-degrau-suporte-de-degrau-feito-de-aco-inoxidavel-para-escadas-de-madeira-seladas\/#primaryimage"},"image":{"@id":"https:\/\/ammann-stepstore.com\/pt\/product-2\/suporte-de-degrau-suporte-de-degrau-suporte-de-degrau-fixacao-de-degrau-conetor-de-degrau-suporte-de-degrau-feito-de-aco-inoxidavel-para-escadas-de-madeira-seladas\/#primaryimage"},"thumbnailUrl":"https:\/\/ammann-stepstore.com\/wp-content\/uploads\/2024\/02\/Ammann-Treppen_Stufenauflager2_3.jpg","datePublished":"2024-02-23T07:49:12+00:00","dateModified":"2026-03-31T09:29:28+00:00","description":"Fixation de marches d'escalier en acier inoxydable pour escaliers en bois sur\u00e9lev\u00e9s - Commandez d\u00e8s maintenant et d\u00e9couvrez les avantages des supports de marches.","breadcrumb":{"@id":"https:\/\/ammann-stepstore.com\/pt\/product-2\/suporte-de-degrau-suporte-de-degrau-suporte-de-degrau-fixacao-de-degrau-conetor-de-degrau-suporte-de-degrau-feito-de-aco-inoxidavel-para-escadas-de-madeira-seladas\/#breadcrumb"},"inLanguage":"fr-FR","potentialAction":[{"@type":"ReadAction","target":["https:\/\/ammann-stepstore.com\/pt\/product-2\/suporte-de-degrau-suporte-de-degrau-suporte-de-degrau-fixacao-de-degrau-conetor-de-degrau-suporte-de-degrau-feito-de-aco-inoxidavel-para-escadas-de-madeira-seladas\/"]}]},{"@type":"ImageObject","inLanguage":"fr-FR","@id":"https:\/\/ammann-stepstore.com\/pt\/product-2\/suporte-de-degrau-suporte-de-degrau-suporte-de-degrau-fixacao-de-degrau-conetor-de-degrau-suporte-de-degrau-feito-de-aco-inoxidavel-para-escadas-de-madeira-seladas\/#primaryimage","url":"https:\/\/ammann-stepstore.com\/wp-content\/uploads\/2024\/02\/Ammann-Treppen_Stufenauflager2_3.jpg","contentUrl":"https:\/\/ammann-stepstore.com\/wp-content\/uploads\/2024\/02\/Ammann-Treppen_Stufenauflager2_3.jpg","width":790,"height":1000,"caption":"Stufenbefestigung f\u00fcr aufgesattelte Wangentreppen"},{"@type":"BreadcrumbList","@id":"https:\/\/ammann-stepstore.com\/pt\/product-2\/suporte-de-degrau-suporte-de-degrau-suporte-de-degrau-fixacao-de-degrau-conetor-de-degrau-suporte-de-degrau-feito-de-aco-inoxidavel-para-escadas-de-madeira-seladas\/#breadcrumb","itemListElement":[{"@type":"ListItem","position":1,"name":"Startseite","item":"https:\/\/ammann-stepstore.com\/"},{"@type":"ListItem","position":2,"name":"Shop","item":"https:\/\/ammann-stepstore.com\/shop\/"},{"@type":"ListItem","position":3,"name":"Stufenauflager aus Edelstahl f\u00fcr aufgesattelte Holzwangentreppen"}]},{"@type":"WebSite","@id":"https:\/\/ammann-stepstore.com\/#website","url":"https:\/\/ammann-stepstore.com\/","name":"Stepstore Ammann","description":"Acheter des accessoires pour la construction d'escaliers en ligne","publisher":{"@id":"https:\/\/ammann-stepstore.com\/#organization"},"potentialAction":[{"@type":"SearchAction","target":{"@type":"EntryPoint","urlTemplate":"https:\/\/ammann-stepstore.com\/?s={search_term_string}"},"query-input":{"@type":"PropertyValueSpecification","valueRequired":true,"valueName":"search_term_string"}}],"inLanguage":"fr-FR"},{"@type":"Organization","@id":"https:\/\/ammann-stepstore.com\/#organization","name":"easy-step GmbH","url":"https:\/\/ammann-stepstore.com\/","logo":{"@type":"ImageObject","inLanguage":"fr-FR","@id":"https:\/\/ammann-stepstore.com\/#\/schema\/logo\/image\/","url":"https:\/\/ammann-stepstore.com\/wp-content\/uploads\/2018\/09\/Systembautreppe-merged.png","contentUrl":"https:\/\/ammann-stepstore.com\/wp-content\/uploads\/2018\/09\/Systembautreppe-merged.png","width":273,"height":67,"caption":"easy-step GmbH"},"image":{"@id":"https:\/\/ammann-stepstore.com\/#\/schema\/logo\/image\/"},"sameAs":["https:\/\/www.instagram.com\/easystep_bautreppe\/"]}]}},"_links":{"self":[{"href":"https:\/\/ammann-stepstore.com\/fr\/wp-json\/wp\/v2\/product\/8019","targetHints":{"allow":["GET"]}}],"collection":[{"href":"https:\/\/ammann-stepstore.com\/fr\/wp-json\/wp\/v2\/product"}],"about":[{"href":"https:\/\/ammann-stepstore.com\/fr\/wp-json\/wp\/v2\/types\/product"}],"replies":[{"embeddable":true,"href":"https:\/\/ammann-stepstore.com\/fr\/wp-json\/wp\/v2\/comments?post=8019"}],"wp:featuredmedia":[{"embeddable":true,"href":"https:\/\/ammann-stepstore.com\/fr\/wp-json\/wp\/v2\/media\/8095"}],"wp:attachment":[{"href":"https:\/\/ammann-stepstore.com\/fr\/wp-json\/wp\/v2\/media?parent=8019"}],"wp:term":[{"taxonomy":"product_brand","embeddable":true,"href":"https:\/\/ammann-stepstore.com\/fr\/wp-json\/wp\/v2\/product_brand?post=8019"},{"taxonomy":"product_cat","embeddable":true,"href":"https:\/\/ammann-stepstore.com\/fr\/wp-json\/wp\/v2\/product_cat?post=8019"},{"taxonomy":"product_tag","embeddable":true,"href":"https:\/\/ammann-stepstore.com\/fr\/wp-json\/wp\/v2\/product_tag?post=8019"}],"curies":[{"name":"wp","href":"https:\/\/api.w.org\/{rel}","templated":true}]}}