{"id":7951,"date":"2024-02-09T09:50:33","date_gmt":"2024-02-09T08:50:33","guid":{"rendered":"https:\/\/ammann-stepstore-18589519.wptestserver2.de\/?post_type=product&#038;p=7951"},"modified":"2026-04-15T15:42:03","modified_gmt":"2026-04-15T13:42:03","slug":"support-de-main-courante-angulaire-support-de-main-courante-support-de-main-courante-laque-noir-mat","status":"publish","type":"product","link":"https:\/\/ammann-stepstore.com\/fr\/produkt\/handlaufhalter-eckig-handlaufstuetze-handlauftraeger-handlauftraeger-matt-schwarz-lackiert\/","title":{"rendered":"Support de main courante Angulaire - laqu\u00e9 noir mat"},"content":{"rendered":"<p data-start=\"402\" data-end=\"473\">Support de main courante anguleux en noir - design moderne pour votre escalier<\/p>\n<p data-start=\"475\" data-end=\"738\">Le support de main courante carr\u00e9 en noir convainc par son design moderne et rectiligne et sa construction stable. Il convient parfaitement \u00e0 la fixation de mains courantes sur les escaliers et les murs et assure un montage s\u00fbr et durable de la main courante.<\/p>\n<p data-start=\"740\" data-end=\"1058\">Gr\u00e2ce \u00e0 sa forme claire et anguleuse et \u00e0 sa surface noire \u00e9l\u00e9gante, ce support de main courante moderne s'adapte parfaitement aux escaliers contemporains, aux am\u00e9nagements minimalistes et aux styles d'habitat industriels. En m\u00eame temps, sa conception robuste garantit une connexion fiable entre la main courante et le mur.<\/p>\n<p data-start=\"1060\" data-end=\"1293\">Le support de main courante carr\u00e9 en noir convient \u00e0 diff\u00e9rentes mains courantes en bois ou en m\u00e9tal et constitue une solution durable pour les mains courantes d'escalier, les garde-corps et les mains courantes murales dans les habitations, les bureaux ou les b\u00e2timents publics.<\/p>\n<p data-start=\"1295\" data-end=\"1482\">Gr\u00e2ce au montage simple, le support de main courante \u00e0 fixation murale s'installe rapidement et facilement. On obtient ainsi une construction de main courante stable et visuellement moderne.<\/p>\n<p data-start=\"1484\" data-end=\"1667\">Misez sur un design moderne et une technique fiable avec le support de main courante carr\u00e9 en noir - la solution parfaite pour une fixation \u00e9l\u00e9gante de la main courante sur votre escalier.<\/p>\n<p data-start=\"1484\" data-end=\"1667\">Exp\u00e9dition depuis l'Allemagne.<\/p>","protected":false},"excerpt":{"rendered":"<p>Eckiger Handlaufhalter in Schwarz \u2013 modernes Design f\u00fcr Ihre Treppe Der eckige Handlaufhalter in Schwarz \u00fcberzeugt durch sein modernes, geradliniges Design und eine stabile Konstruktion. Er eignet sich ideal f\u00fcr die Befestigung von Handl\u00e4ufen an Treppen und W\u00e4nden und sorgt f\u00fcr eine sichere und langlebige Handlaufmontage. Durch die klare, kantige Form und die elegante schwarze&#8230;<\/p>","protected":false},"featured_media":8117,"comment_status":"closed","ping_status":"closed","template":"","meta":[],"product_brand":[],"product_cat":[77],"product_tag":[],"class_list":{"0":"post-7951","1":"product","2":"type-product","3":"status-publish","4":"has-post-thumbnail","6":"product_cat-wandlaufhalter","8":"first","9":"instock","10":"taxable","11":"shipping-taxable","12":"purchasable","13":"product-type-simple"},"yoast_head":"<!-- This site is optimized with the Yoast SEO plugin v27.4 - https:\/\/yoast.com\/product\/yoast-seo-wordpress\/ -->\n<title>Handlaufhalter Eckig - matt schwarz lackiert - Ammann Stepstore<\/title>\n<meta name=\"description\" content=\"Dieser moderne Handlaufhalter passt perfekt in jedes moderne Haus. Wahlweise bieten wir den Handlauftr\u00e4ger schwarz oder wei\u00df lackiert an.\" \/>\n<meta name=\"robots\" content=\"index, follow, max-snippet:-1, max-image-preview:large, max-video-preview:-1\" \/>\n<link rel=\"canonical\" href=\"https:\/\/ammann-stepstore.com\/fr\/produit\/support-de-main-courante-angulaire-support-de-main-courante-support-de-main-courante-laque-noir-mat\/\" \/>\n<meta property=\"og:locale\" content=\"fr_FR\" \/>\n<meta property=\"og:type\" content=\"article\" \/>\n<meta property=\"og:title\" content=\"Handlaufhalter Eckig - matt schwarz lackiert - Ammann Stepstore\" \/>\n<meta property=\"og:description\" content=\"Dieser moderne Handlaufhalter passt perfekt in jedes moderne Haus. Wahlweise bieten wir den Handlauftr\u00e4ger schwarz oder wei\u00df lackiert an.\" \/>\n<meta property=\"og:url\" content=\"https:\/\/ammann-stepstore.com\/fr\/produit\/support-de-main-courante-angulaire-support-de-main-courante-support-de-main-courante-laque-noir-mat\/\" \/>\n<meta property=\"og:site_name\" content=\"Ammann Stepstore\" \/>\n<meta property=\"article:modified_time\" content=\"2026-04-15T13:42:03+00:00\" \/>\n<meta property=\"og:image\" content=\"https:\/\/ammann-stepstore.com\/wp-content\/uploads\/2024\/04\/Ammann-Treppen_Wandhandlaufhalter-Eckig-matt-schwarz_1.jpg\" \/>\n\t<meta property=\"og:image:width\" content=\"790\" \/>\n\t<meta property=\"og:image:height\" content=\"1000\" \/>\n\t<meta property=\"og:image:type\" content=\"image\/jpeg\" \/>\n<meta name=\"twitter:card\" content=\"summary_large_image\" \/>\n<meta name=\"twitter:label1\" content=\"Dur\u00e9e de lecture estim\u00e9e\" \/>\n\t<meta name=\"twitter:data1\" content=\"2 minutes\" \/>\n<script type=\"application\/ld+json\" class=\"yoast-schema-graph\">{\"@context\":\"https:\\\/\\\/schema.org\",\"@graph\":[{\"@type\":\"WebPage\",\"@id\":\"https:\\\/\\\/ammann-stepstore.com\\\/produkt\\\/handlaufhalter-eckig-handlaufstuetze-handlauftraeger-handlauftraeger-matt-schwarz-lackiert\\\/\",\"url\":\"https:\\\/\\\/ammann-stepstore.com\\\/produkt\\\/handlaufhalter-eckig-handlaufstuetze-handlauftraeger-handlauftraeger-matt-schwarz-lackiert\\\/\",\"name\":\"Handlaufhalter Eckig - matt schwarz lackiert - Ammann Stepstore\",\"isPartOf\":{\"@id\":\"https:\\\/\\\/ammann-stepstore.com\\\/#website\"},\"primaryImageOfPage\":{\"@id\":\"https:\\\/\\\/ammann-stepstore.com\\\/produkt\\\/handlaufhalter-eckig-handlaufstuetze-handlauftraeger-handlauftraeger-matt-schwarz-lackiert\\\/#primaryimage\"},\"image\":{\"@id\":\"https:\\\/\\\/ammann-stepstore.com\\\/produkt\\\/handlaufhalter-eckig-handlaufstuetze-handlauftraeger-handlauftraeger-matt-schwarz-lackiert\\\/#primaryimage\"},\"thumbnailUrl\":\"https:\\\/\\\/ammann-stepstore.com\\\/wp-content\\\/uploads\\\/2024\\\/04\\\/Ammann-Treppen_Wandhandlaufhalter-Eckig-matt-schwarz_1.jpg\",\"datePublished\":\"2024-02-09T08:50:33+00:00\",\"dateModified\":\"2026-04-15T13:42:03+00:00\",\"description\":\"Dieser moderne Handlaufhalter passt perfekt in jedes moderne Haus. Wahlweise bieten wir den Handlauftr\u00e4ger schwarz oder wei\u00df lackiert an.\",\"breadcrumb\":{\"@id\":\"https:\\\/\\\/ammann-stepstore.com\\\/produkt\\\/handlaufhalter-eckig-handlaufstuetze-handlauftraeger-handlauftraeger-matt-schwarz-lackiert\\\/#breadcrumb\"},\"inLanguage\":\"fr-FR\",\"potentialAction\":[{\"@type\":\"ReadAction\",\"target\":[\"https:\\\/\\\/ammann-stepstore.com\\\/produkt\\\/handlaufhalter-eckig-handlaufstuetze-handlauftraeger-handlauftraeger-matt-schwarz-lackiert\\\/\"]}]},{\"@type\":\"ImageObject\",\"inLanguage\":\"fr-FR\",\"@id\":\"https:\\\/\\\/ammann-stepstore.com\\\/produkt\\\/handlaufhalter-eckig-handlaufstuetze-handlauftraeger-handlauftraeger-matt-schwarz-lackiert\\\/#primaryimage\",\"url\":\"https:\\\/\\\/ammann-stepstore.com\\\/wp-content\\\/uploads\\\/2024\\\/04\\\/Ammann-Treppen_Wandhandlaufhalter-Eckig-matt-schwarz_1.jpg\",\"contentUrl\":\"https:\\\/\\\/ammann-stepstore.com\\\/wp-content\\\/uploads\\\/2024\\\/04\\\/Ammann-Treppen_Wandhandlaufhalter-Eckig-matt-schwarz_1.jpg\",\"width\":790,\"height\":1000,\"caption\":\"handlaufhalter-modern-handlaufst\u00fctze-eckig-lackiert-ral-9005\"},{\"@type\":\"BreadcrumbList\",\"@id\":\"https:\\\/\\\/ammann-stepstore.com\\\/produkt\\\/handlaufhalter-eckig-handlaufstuetze-handlauftraeger-handlauftraeger-matt-schwarz-lackiert\\\/#breadcrumb\",\"itemListElement\":[{\"@type\":\"ListItem\",\"position\":1,\"name\":\"Startseite\",\"item\":\"https:\\\/\\\/ammann-stepstore.com\\\/\"},{\"@type\":\"ListItem\",\"position\":2,\"name\":\"Shop\",\"item\":\"https:\\\/\\\/ammann-stepstore.com\\\/shop\\\/\"},{\"@type\":\"ListItem\",\"position\":3,\"name\":\"Handlaufhalter Eckig &#8211; matt schwarz lackiert\"}]},{\"@type\":\"WebSite\",\"@id\":\"https:\\\/\\\/ammann-stepstore.com\\\/#website\",\"url\":\"https:\\\/\\\/ammann-stepstore.com\\\/\",\"name\":\"Ammann Stepstore\",\"description\":\"Treppenbau-Zubeh\u00f6r bequem online kaufen\",\"publisher\":{\"@id\":\"https:\\\/\\\/ammann-stepstore.com\\\/#organization\"},\"potentialAction\":[{\"@type\":\"SearchAction\",\"target\":{\"@type\":\"EntryPoint\",\"urlTemplate\":\"https:\\\/\\\/ammann-stepstore.com\\\/?s={search_term_string}\"},\"query-input\":{\"@type\":\"PropertyValueSpecification\",\"valueRequired\":true,\"valueName\":\"search_term_string\"}}],\"inLanguage\":\"fr-FR\"},{\"@type\":\"Organization\",\"@id\":\"https:\\\/\\\/ammann-stepstore.com\\\/#organization\",\"name\":\"easy-step GmbH\",\"url\":\"https:\\\/\\\/ammann-stepstore.com\\\/\",\"logo\":{\"@type\":\"ImageObject\",\"inLanguage\":\"fr-FR\",\"@id\":\"https:\\\/\\\/ammann-stepstore.com\\\/#\\\/schema\\\/logo\\\/image\\\/\",\"url\":\"https:\\\/\\\/ammann-stepstore.com\\\/wp-content\\\/uploads\\\/2018\\\/09\\\/Systembautreppe-merged.png\",\"contentUrl\":\"https:\\\/\\\/ammann-stepstore.com\\\/wp-content\\\/uploads\\\/2018\\\/09\\\/Systembautreppe-merged.png\",\"width\":273,\"height\":67,\"caption\":\"easy-step GmbH\"},\"image\":{\"@id\":\"https:\\\/\\\/ammann-stepstore.com\\\/#\\\/schema\\\/logo\\\/image\\\/\"},\"sameAs\":[\"https:\\\/\\\/www.instagram.com\\\/easystep_bautreppe\\\/\"]}]}<\/script>\n<!-- \/ Yoast SEO plugin. -->","yoast_head_json":{"title":"Support de main courante Angulaire - laqu\u00e9 noir mat - Ammann Stepstore","description":"Ce support de main courante moderne s'int\u00e8gre parfaitement dans toute maison moderne. Nous proposons au choix le support de main courante laqu\u00e9 noir ou blanc.","robots":{"index":"index","follow":"follow","max-snippet":"max-snippet:-1","max-image-preview":"max-image-preview:large","max-video-preview":"max-video-preview:-1"},"canonical":"https:\/\/ammann-stepstore.com\/fr\/produit\/support-de-main-courante-angulaire-support-de-main-courante-support-de-main-courante-laque-noir-mat\/","og_locale":"fr_FR","og_type":"article","og_title":"Handlaufhalter Eckig - matt schwarz lackiert - Ammann Stepstore","og_description":"Dieser moderne Handlaufhalter passt perfekt in jedes moderne Haus. Wahlweise bieten wir den Handlauftr\u00e4ger schwarz oder wei\u00df lackiert an.","og_url":"https:\/\/ammann-stepstore.com\/fr\/produit\/support-de-main-courante-angulaire-support-de-main-courante-support-de-main-courante-laque-noir-mat\/","og_site_name":"Ammann Stepstore","article_modified_time":"2026-04-15T13:42:03+00:00","og_image":[{"width":790,"height":1000,"url":"https:\/\/ammann-stepstore.com\/wp-content\/uploads\/2024\/04\/Ammann-Treppen_Wandhandlaufhalter-Eckig-matt-schwarz_1.jpg","type":"image\/jpeg"}],"twitter_card":"summary_large_image","twitter_misc":{"Dur\u00e9e de lecture estim\u00e9e":"2 minutes"},"schema":{"@context":"https:\/\/schema.org","@graph":[{"@type":"WebPage","@id":"https:\/\/ammann-stepstore.com\/produkt\/handlaufhalter-eckig-handlaufstuetze-handlauftraeger-handlauftraeger-matt-schwarz-lackiert\/","url":"https:\/\/ammann-stepstore.com\/produkt\/handlaufhalter-eckig-handlaufstuetze-handlauftraeger-handlauftraeger-matt-schwarz-lackiert\/","name":"Support de main courante Angulaire - laqu\u00e9 noir mat - Ammann Stepstore","isPartOf":{"@id":"https:\/\/ammann-stepstore.com\/#website"},"primaryImageOfPage":{"@id":"https:\/\/ammann-stepstore.com\/produkt\/handlaufhalter-eckig-handlaufstuetze-handlauftraeger-handlauftraeger-matt-schwarz-lackiert\/#primaryimage"},"image":{"@id":"https:\/\/ammann-stepstore.com\/produkt\/handlaufhalter-eckig-handlaufstuetze-handlauftraeger-handlauftraeger-matt-schwarz-lackiert\/#primaryimage"},"thumbnailUrl":"https:\/\/ammann-stepstore.com\/wp-content\/uploads\/2024\/04\/Ammann-Treppen_Wandhandlaufhalter-Eckig-matt-schwarz_1.jpg","datePublished":"2024-02-09T08:50:33+00:00","dateModified":"2026-04-15T13:42:03+00:00","description":"Ce support de main courante moderne s'int\u00e8gre parfaitement dans toute maison moderne. Nous proposons au choix le support de main courante laqu\u00e9 noir ou blanc.","breadcrumb":{"@id":"https:\/\/ammann-stepstore.com\/produkt\/handlaufhalter-eckig-handlaufstuetze-handlauftraeger-handlauftraeger-matt-schwarz-lackiert\/#breadcrumb"},"inLanguage":"fr-FR","potentialAction":[{"@type":"ReadAction","target":["https:\/\/ammann-stepstore.com\/produkt\/handlaufhalter-eckig-handlaufstuetze-handlauftraeger-handlauftraeger-matt-schwarz-lackiert\/"]}]},{"@type":"ImageObject","inLanguage":"fr-FR","@id":"https:\/\/ammann-stepstore.com\/produkt\/handlaufhalter-eckig-handlaufstuetze-handlauftraeger-handlauftraeger-matt-schwarz-lackiert\/#primaryimage","url":"https:\/\/ammann-stepstore.com\/wp-content\/uploads\/2024\/04\/Ammann-Treppen_Wandhandlaufhalter-Eckig-matt-schwarz_1.jpg","contentUrl":"https:\/\/ammann-stepstore.com\/wp-content\/uploads\/2024\/04\/Ammann-Treppen_Wandhandlaufhalter-Eckig-matt-schwarz_1.jpg","width":790,"height":1000,"caption":"handlaufhalter-modern-handlaufst\u00fctze-eckig-lackiert-ral-9005"},{"@type":"BreadcrumbList","@id":"https:\/\/ammann-stepstore.com\/produkt\/handlaufhalter-eckig-handlaufstuetze-handlauftraeger-handlauftraeger-matt-schwarz-lackiert\/#breadcrumb","itemListElement":[{"@type":"ListItem","position":1,"name":"Startseite","item":"https:\/\/ammann-stepstore.com\/"},{"@type":"ListItem","position":2,"name":"Shop","item":"https:\/\/ammann-stepstore.com\/shop\/"},{"@type":"ListItem","position":3,"name":"Handlaufhalter Eckig &#8211; matt schwarz lackiert"}]},{"@type":"WebSite","@id":"https:\/\/ammann-stepstore.com\/#website","url":"https:\/\/ammann-stepstore.com\/","name":"Stepstore Ammann","description":"Acheter des accessoires pour la construction d'escaliers en ligne","publisher":{"@id":"https:\/\/ammann-stepstore.com\/#organization"},"potentialAction":[{"@type":"SearchAction","target":{"@type":"EntryPoint","urlTemplate":"https:\/\/ammann-stepstore.com\/?s={search_term_string}"},"query-input":{"@type":"PropertyValueSpecification","valueRequired":true,"valueName":"search_term_string"}}],"inLanguage":"fr-FR"},{"@type":"Organization","@id":"https:\/\/ammann-stepstore.com\/#organization","name":"easy-step GmbH","url":"https:\/\/ammann-stepstore.com\/","logo":{"@type":"ImageObject","inLanguage":"fr-FR","@id":"https:\/\/ammann-stepstore.com\/#\/schema\/logo\/image\/","url":"https:\/\/ammann-stepstore.com\/wp-content\/uploads\/2018\/09\/Systembautreppe-merged.png","contentUrl":"https:\/\/ammann-stepstore.com\/wp-content\/uploads\/2018\/09\/Systembautreppe-merged.png","width":273,"height":67,"caption":"easy-step GmbH"},"image":{"@id":"https:\/\/ammann-stepstore.com\/#\/schema\/logo\/image\/"},"sameAs":["https:\/\/www.instagram.com\/easystep_bautreppe\/"]}]}},"_links":{"self":[{"href":"https:\/\/ammann-stepstore.com\/fr\/wp-json\/wp\/v2\/product\/7951","targetHints":{"allow":["GET"]}}],"collection":[{"href":"https:\/\/ammann-stepstore.com\/fr\/wp-json\/wp\/v2\/product"}],"about":[{"href":"https:\/\/ammann-stepstore.com\/fr\/wp-json\/wp\/v2\/types\/product"}],"replies":[{"embeddable":true,"href":"https:\/\/ammann-stepstore.com\/fr\/wp-json\/wp\/v2\/comments?post=7951"}],"wp:featuredmedia":[{"embeddable":true,"href":"https:\/\/ammann-stepstore.com\/fr\/wp-json\/wp\/v2\/media\/8117"}],"wp:attachment":[{"href":"https:\/\/ammann-stepstore.com\/fr\/wp-json\/wp\/v2\/media?parent=7951"}],"wp:term":[{"taxonomy":"product_brand","embeddable":true,"href":"https:\/\/ammann-stepstore.com\/fr\/wp-json\/wp\/v2\/product_brand?post=7951"},{"taxonomy":"product_cat","embeddable":true,"href":"https:\/\/ammann-stepstore.com\/fr\/wp-json\/wp\/v2\/product_cat?post=7951"},{"taxonomy":"product_tag","embeddable":true,"href":"https:\/\/ammann-stepstore.com\/fr\/wp-json\/wp\/v2\/product_tag?post=7951"}],"curies":[{"name":"wp","href":"https:\/\/api.w.org\/{rel}","templated":true}]}}