{"id":7939,"date":"2024-02-23T10:35:35","date_gmt":"2024-02-23T09:35:35","guid":{"rendered":"https:\/\/ammann-stepstore-18589519.wptestserver2.de\/?post_type=product&#038;p=7939"},"modified":"2026-03-31T11:28:52","modified_gmt":"2026-03-31T09:28:52","slug":"support-de-marches-support-de-marches-fixation-de-marches-connecteur-de-marches-en-inox-pour-escaliers-a-limon-en-bois","status":"publish","type":"product","link":"https:\/\/ammann-stepstore.com\/fr\/produkt\/stufenauflager-stufentraeger-stufenhalterung-treppenstufenbefestigung-stufenverbinder-aus-edelstahl-fuer-holzwangentreppen\/","title":{"rendered":"Supports de marches en acier inoxydable pour escaliers en bois &amp; assemblages polyvalents en bois"},"content":{"rendered":"<div>\n<h3>Supports de marches de Ammann Stepstore<\/h3>\n<p>D\u00e9couvrez les avantages de nos supports de marches pour escaliers \u00e0 limons en bois et mettez fin durablement aux escaliers qui claquent ou grincent. Nos supports d'escalier assurent une liaison insonoris\u00e9e entre les marches et les limons et permettent une exp\u00e9rience d'escalier calme, stable et durable.<\/p>\n<p>Avec nos supports de marches et nos raccords de marches en acier inoxydable de haute qualit\u00e9, il est possible de remplacer facilement des marches d'escalier individuelles - sans avoir \u00e0 d\u00e9monter l'escalier complet. Le fraisage co\u00fbteux n'est plus n\u00e9cessaire, un simple per\u00e7age suffit. Ainsi, m\u00eame les d\u00e9butants r\u00e9ussissent \u00e0 construire des escaliers rapidement et en toute s\u00e9curit\u00e9.<\/p>\n<p>Nos supports de marches ne sont pas seulement une alternative intelligente \u00e0 l'escalier classique encastr\u00e9. Ils conviennent aussi parfaitement comme raccords universels pour de nombreux projets en bois, \u00e0 l'int\u00e9rieur comme \u00e0 l'ext\u00e9rieur.<\/p>\n<p>Id\u00e9al pour tous ceux qui recherchent une solution de connexion durable, stable et polyvalente en acier inoxydable.<\/p>\n<p>Commandez maintenant et d\u00e9couvrez la diff\u00e9rence - avec des solutions bien pens\u00e9es pour la fixation de vos marches et des assemblages flexibles en bois de la maison Ammann Treppen.<\/p>\n<\/div>\n<p>&nbsp;<\/p>\n<div>\n<h4>Informations sur l'article<\/h4>\n<p><strong>Donn\u00e9es techniques :<\/strong><\/p>\n<ul>\n<li>Tourillon de 15 mm pour montage sur joue<\/li>\n<li>20 mm \u00d8 \u00e0 percer dans la joue<\/li>\n<li>Distance entre le limon et la marche : 5 mm (pour l'insonorisation)<\/li>\n<li>support des marches : 45 mm<\/li>\n<\/ul>\n<p>Livraison <strong>sans vis<\/strong>.<br \/>\nPour les marches de 45 mm d'\u00e9paisseur et les limons de 45 mm, des <strong>4,5 \u00d7 40 Vis \u00e0 bois Torx<\/strong> recommand\u00e9.<\/p>\n<p>Pour plus de d\u00e9tails, consultez la <strong>Instructions de montage<\/strong>.<\/p>\n<p><strong>4 supports de marche sont n\u00e9cessaires par marche.<\/strong><\/p>\n<p>Exp\u00e9dition depuis l'Allemagne.<\/p>\n<\/div>\n<p>&nbsp;<\/p>\n<p><a style=\"display: inline-flex; align-items: center; justify-content: center; height: 46px; padding: 0 22px; background: #d4001f; color: #fff; border-radius: 24px; text-decoration: none; font-weight: 600; font-size: 16px; line-height: 1; box-sizing: border-box;\" href=\"\/fr\/treppenstufen-befestigen-wangentreppe\/\"><br \/>\nFixer les marches d'escalier<br \/>\n<\/a><\/p>","protected":false},"excerpt":{"rendered":"<p>par pi\u00e8ce pour un escalier de 15 marches<\/p>","protected":false},"featured_media":8099,"comment_status":"closed","ping_status":"closed","template":"","meta":[],"product_brand":[],"product_cat":[78],"product_tag":[],"class_list":{"0":"post-7939","1":"product","2":"type-product","3":"status-publish","4":"has-post-thumbnail","6":"product_cat-stufenauflager","8":"first","9":"instock","10":"taxable","11":"shipping-taxable","12":"purchasable","13":"product-type-simple"},"yoast_head":"<!-- This site is optimized with the Yoast SEO plugin v27.4 - https:\/\/yoast.com\/product\/yoast-seo-wordpress\/ -->\n<title>Stufenauflager aus Edelstahl f\u00fcr Holztreppen &amp; vielseitige Holzverbindungen - Ammann Stepstore<\/title>\n<meta name=\"description\" content=\"Treppenstufenbefestigung aus Edelstahl f\u00fcr Holzwangentreppen. Jetzt Stufentr\u00e4ger kaufen im Online-Shop von Ammann Treppen.\" \/>\n<meta name=\"robots\" content=\"index, follow, max-snippet:-1, max-image-preview:large, max-video-preview:-1\" \/>\n<link rel=\"canonical\" href=\"https:\/\/ammann-stepstore.com\/fr\/produit\/support-de-marches-support-de-marches-fixation-de-marches-connecteur-de-marches-en-inox-pour-escaliers-a-limon-en-bois\/\" \/>\n<meta property=\"og:locale\" content=\"fr_FR\" \/>\n<meta property=\"og:type\" content=\"article\" \/>\n<meta property=\"og:title\" content=\"Stufenauflager aus Edelstahl f\u00fcr Holztreppen &amp; vielseitige Holzverbindungen - Ammann Stepstore\" \/>\n<meta property=\"og:description\" content=\"Treppenstufenbefestigung aus Edelstahl f\u00fcr Holzwangentreppen. Jetzt Stufentr\u00e4ger kaufen im Online-Shop von Ammann Treppen.\" \/>\n<meta property=\"og:url\" content=\"https:\/\/ammann-stepstore.com\/fr\/produit\/support-de-marches-support-de-marches-fixation-de-marches-connecteur-de-marches-en-inox-pour-escaliers-a-limon-en-bois\/\" \/>\n<meta property=\"og:site_name\" content=\"Ammann Stepstore\" \/>\n<meta property=\"article:modified_time\" content=\"2026-03-31T09:28:52+00:00\" \/>\n<meta property=\"og:image\" content=\"https:\/\/ammann-stepstore.com\/wp-content\/uploads\/2024\/02\/Ammann-Treppen_Stufenauflager_4-1.jpg\" \/>\n\t<meta property=\"og:image:width\" content=\"790\" \/>\n\t<meta property=\"og:image:height\" content=\"1000\" \/>\n\t<meta property=\"og:image:type\" content=\"image\/jpeg\" \/>\n<meta name=\"twitter:card\" content=\"summary_large_image\" \/>\n<meta name=\"twitter:label1\" content=\"Dur\u00e9e de lecture estim\u00e9e\" \/>\n\t<meta name=\"twitter:data1\" content=\"2 minutes\" \/>\n<script type=\"application\/ld+json\" class=\"yoast-schema-graph\">{\"@context\":\"https:\\\/\\\/schema.org\",\"@graph\":[{\"@type\":\"WebPage\",\"@id\":\"https:\\\/\\\/ammann-stepstore.com\\\/de\\\/produkt\\\/stufenauflager-stufentraeger-stufenhalterung-treppenstufenbefestigung-stufenverbinder-aus-edelstahl-fuer-holzwangentreppen\\\/\",\"url\":\"https:\\\/\\\/ammann-stepstore.com\\\/de\\\/produkt\\\/stufenauflager-stufentraeger-stufenhalterung-treppenstufenbefestigung-stufenverbinder-aus-edelstahl-fuer-holzwangentreppen\\\/\",\"name\":\"Stufenauflager aus Edelstahl f\u00fcr Holztreppen & vielseitige Holzverbindungen - Ammann Stepstore\",\"isPartOf\":{\"@id\":\"https:\\\/\\\/ammann-stepstore.com\\\/#website\"},\"primaryImageOfPage\":{\"@id\":\"https:\\\/\\\/ammann-stepstore.com\\\/de\\\/produkt\\\/stufenauflager-stufentraeger-stufenhalterung-treppenstufenbefestigung-stufenverbinder-aus-edelstahl-fuer-holzwangentreppen\\\/#primaryimage\"},\"image\":{\"@id\":\"https:\\\/\\\/ammann-stepstore.com\\\/de\\\/produkt\\\/stufenauflager-stufentraeger-stufenhalterung-treppenstufenbefestigung-stufenverbinder-aus-edelstahl-fuer-holzwangentreppen\\\/#primaryimage\"},\"thumbnailUrl\":\"https:\\\/\\\/ammann-stepstore.com\\\/wp-content\\\/uploads\\\/2024\\\/02\\\/Ammann-Treppen_Stufenauflager_4-1.jpg\",\"datePublished\":\"2024-02-23T09:35:35+00:00\",\"dateModified\":\"2026-03-31T09:28:52+00:00\",\"description\":\"Treppenstufenbefestigung aus Edelstahl f\u00fcr Holzwangentreppen. Jetzt Stufentr\u00e4ger kaufen im Online-Shop von Ammann Treppen.\",\"breadcrumb\":{\"@id\":\"https:\\\/\\\/ammann-stepstore.com\\\/de\\\/produkt\\\/stufenauflager-stufentraeger-stufenhalterung-treppenstufenbefestigung-stufenverbinder-aus-edelstahl-fuer-holzwangentreppen\\\/#breadcrumb\"},\"inLanguage\":\"fr-FR\",\"potentialAction\":[{\"@type\":\"ReadAction\",\"target\":[\"https:\\\/\\\/ammann-stepstore.com\\\/de\\\/produkt\\\/stufenauflager-stufentraeger-stufenhalterung-treppenstufenbefestigung-stufenverbinder-aus-edelstahl-fuer-holzwangentreppen\\\/\"]}]},{\"@type\":\"ImageObject\",\"inLanguage\":\"fr-FR\",\"@id\":\"https:\\\/\\\/ammann-stepstore.com\\\/de\\\/produkt\\\/stufenauflager-stufentraeger-stufenhalterung-treppenstufenbefestigung-stufenverbinder-aus-edelstahl-fuer-holzwangentreppen\\\/#primaryimage\",\"url\":\"https:\\\/\\\/ammann-stepstore.com\\\/wp-content\\\/uploads\\\/2024\\\/02\\\/Ammann-Treppen_Stufenauflager_4-1.jpg\",\"contentUrl\":\"https:\\\/\\\/ammann-stepstore.com\\\/wp-content\\\/uploads\\\/2024\\\/02\\\/Ammann-Treppen_Stufenauflager_4-1.jpg\",\"width\":790,\"height\":1000,\"caption\":\"Stufenhalterung f\u00fcr Holztreppen aus Edelstahl\"},{\"@type\":\"BreadcrumbList\",\"@id\":\"https:\\\/\\\/ammann-stepstore.com\\\/de\\\/produkt\\\/stufenauflager-stufentraeger-stufenhalterung-treppenstufenbefestigung-stufenverbinder-aus-edelstahl-fuer-holzwangentreppen\\\/#breadcrumb\",\"itemListElement\":[{\"@type\":\"ListItem\",\"position\":1,\"name\":\"Startseite\",\"item\":\"https:\\\/\\\/ammann-stepstore.com\\\/\"},{\"@type\":\"ListItem\",\"position\":2,\"name\":\"Shop\",\"item\":\"https:\\\/\\\/ammann-stepstore.com\\\/shop\\\/\"},{\"@type\":\"ListItem\",\"position\":3,\"name\":\"Stufenauflager aus Edelstahl f\u00fcr Holztreppen &#038; vielseitige Holzverbindungen\"}]},{\"@type\":\"WebSite\",\"@id\":\"https:\\\/\\\/ammann-stepstore.com\\\/#website\",\"url\":\"https:\\\/\\\/ammann-stepstore.com\\\/\",\"name\":\"Ammann Stepstore\",\"description\":\"Treppenbau-Zubeh\u00f6r bequem online kaufen\",\"publisher\":{\"@id\":\"https:\\\/\\\/ammann-stepstore.com\\\/#organization\"},\"potentialAction\":[{\"@type\":\"SearchAction\",\"target\":{\"@type\":\"EntryPoint\",\"urlTemplate\":\"https:\\\/\\\/ammann-stepstore.com\\\/?s={search_term_string}\"},\"query-input\":{\"@type\":\"PropertyValueSpecification\",\"valueRequired\":true,\"valueName\":\"search_term_string\"}}],\"inLanguage\":\"fr-FR\"},{\"@type\":\"Organization\",\"@id\":\"https:\\\/\\\/ammann-stepstore.com\\\/#organization\",\"name\":\"easy-step GmbH\",\"url\":\"https:\\\/\\\/ammann-stepstore.com\\\/\",\"logo\":{\"@type\":\"ImageObject\",\"inLanguage\":\"fr-FR\",\"@id\":\"https:\\\/\\\/ammann-stepstore.com\\\/#\\\/schema\\\/logo\\\/image\\\/\",\"url\":\"https:\\\/\\\/ammann-stepstore.com\\\/wp-content\\\/uploads\\\/2018\\\/09\\\/Systembautreppe-merged.png\",\"contentUrl\":\"https:\\\/\\\/ammann-stepstore.com\\\/wp-content\\\/uploads\\\/2018\\\/09\\\/Systembautreppe-merged.png\",\"width\":273,\"height\":67,\"caption\":\"easy-step GmbH\"},\"image\":{\"@id\":\"https:\\\/\\\/ammann-stepstore.com\\\/#\\\/schema\\\/logo\\\/image\\\/\"},\"sameAs\":[\"https:\\\/\\\/www.instagram.com\\\/easystep_bautreppe\\\/\"]}]}<\/script>\n<!-- \/ Yoast SEO plugin. -->","yoast_head_json":{"title":"Supports de marches en acier inoxydable pour escaliers en bois &amp; assemblages polyvalents en bois - Ammann Stepstore","description":"Fixation de marches d'escalier en acier inoxydable pour escaliers \u00e0 limons en bois. Acheter maintenant des supports de marches dans la boutique en ligne d'Ammann Treppen.","robots":{"index":"index","follow":"follow","max-snippet":"max-snippet:-1","max-image-preview":"max-image-preview:large","max-video-preview":"max-video-preview:-1"},"canonical":"https:\/\/ammann-stepstore.com\/fr\/produit\/support-de-marches-support-de-marches-fixation-de-marches-connecteur-de-marches-en-inox-pour-escaliers-a-limon-en-bois\/","og_locale":"fr_FR","og_type":"article","og_title":"Stufenauflager aus Edelstahl f\u00fcr Holztreppen & vielseitige Holzverbindungen - Ammann Stepstore","og_description":"Treppenstufenbefestigung aus Edelstahl f\u00fcr Holzwangentreppen. Jetzt Stufentr\u00e4ger kaufen im Online-Shop von Ammann Treppen.","og_url":"https:\/\/ammann-stepstore.com\/fr\/produit\/support-de-marches-support-de-marches-fixation-de-marches-connecteur-de-marches-en-inox-pour-escaliers-a-limon-en-bois\/","og_site_name":"Ammann Stepstore","article_modified_time":"2026-03-31T09:28:52+00:00","og_image":[{"width":790,"height":1000,"url":"https:\/\/ammann-stepstore.com\/wp-content\/uploads\/2024\/02\/Ammann-Treppen_Stufenauflager_4-1.jpg","type":"image\/jpeg"}],"twitter_card":"summary_large_image","twitter_misc":{"Dur\u00e9e de lecture estim\u00e9e":"2 minutes"},"schema":{"@context":"https:\/\/schema.org","@graph":[{"@type":"WebPage","@id":"https:\/\/ammann-stepstore.com\/de\/produkt\/stufenauflager-stufentraeger-stufenhalterung-treppenstufenbefestigung-stufenverbinder-aus-edelstahl-fuer-holzwangentreppen\/","url":"https:\/\/ammann-stepstore.com\/de\/produkt\/stufenauflager-stufentraeger-stufenhalterung-treppenstufenbefestigung-stufenverbinder-aus-edelstahl-fuer-holzwangentreppen\/","name":"Supports de marches en acier inoxydable pour escaliers en bois &amp; assemblages polyvalents en bois - Ammann Stepstore","isPartOf":{"@id":"https:\/\/ammann-stepstore.com\/#website"},"primaryImageOfPage":{"@id":"https:\/\/ammann-stepstore.com\/de\/produkt\/stufenauflager-stufentraeger-stufenhalterung-treppenstufenbefestigung-stufenverbinder-aus-edelstahl-fuer-holzwangentreppen\/#primaryimage"},"image":{"@id":"https:\/\/ammann-stepstore.com\/de\/produkt\/stufenauflager-stufentraeger-stufenhalterung-treppenstufenbefestigung-stufenverbinder-aus-edelstahl-fuer-holzwangentreppen\/#primaryimage"},"thumbnailUrl":"https:\/\/ammann-stepstore.com\/wp-content\/uploads\/2024\/02\/Ammann-Treppen_Stufenauflager_4-1.jpg","datePublished":"2024-02-23T09:35:35+00:00","dateModified":"2026-03-31T09:28:52+00:00","description":"Fixation de marches d'escalier en acier inoxydable pour escaliers \u00e0 limons en bois. Acheter maintenant des supports de marches dans la boutique en ligne d'Ammann Treppen.","breadcrumb":{"@id":"https:\/\/ammann-stepstore.com\/de\/produkt\/stufenauflager-stufentraeger-stufenhalterung-treppenstufenbefestigung-stufenverbinder-aus-edelstahl-fuer-holzwangentreppen\/#breadcrumb"},"inLanguage":"fr-FR","potentialAction":[{"@type":"ReadAction","target":["https:\/\/ammann-stepstore.com\/de\/produkt\/stufenauflager-stufentraeger-stufenhalterung-treppenstufenbefestigung-stufenverbinder-aus-edelstahl-fuer-holzwangentreppen\/"]}]},{"@type":"ImageObject","inLanguage":"fr-FR","@id":"https:\/\/ammann-stepstore.com\/de\/produkt\/stufenauflager-stufentraeger-stufenhalterung-treppenstufenbefestigung-stufenverbinder-aus-edelstahl-fuer-holzwangentreppen\/#primaryimage","url":"https:\/\/ammann-stepstore.com\/wp-content\/uploads\/2024\/02\/Ammann-Treppen_Stufenauflager_4-1.jpg","contentUrl":"https:\/\/ammann-stepstore.com\/wp-content\/uploads\/2024\/02\/Ammann-Treppen_Stufenauflager_4-1.jpg","width":790,"height":1000,"caption":"Stufenhalterung f\u00fcr Holztreppen aus Edelstahl"},{"@type":"BreadcrumbList","@id":"https:\/\/ammann-stepstore.com\/de\/produkt\/stufenauflager-stufentraeger-stufenhalterung-treppenstufenbefestigung-stufenverbinder-aus-edelstahl-fuer-holzwangentreppen\/#breadcrumb","itemListElement":[{"@type":"ListItem","position":1,"name":"Startseite","item":"https:\/\/ammann-stepstore.com\/"},{"@type":"ListItem","position":2,"name":"Shop","item":"https:\/\/ammann-stepstore.com\/shop\/"},{"@type":"ListItem","position":3,"name":"Stufenauflager aus Edelstahl f\u00fcr Holztreppen &#038; vielseitige Holzverbindungen"}]},{"@type":"WebSite","@id":"https:\/\/ammann-stepstore.com\/#website","url":"https:\/\/ammann-stepstore.com\/","name":"Stepstore Ammann","description":"Acheter des accessoires pour la construction d'escaliers en ligne","publisher":{"@id":"https:\/\/ammann-stepstore.com\/#organization"},"potentialAction":[{"@type":"SearchAction","target":{"@type":"EntryPoint","urlTemplate":"https:\/\/ammann-stepstore.com\/?s={search_term_string}"},"query-input":{"@type":"PropertyValueSpecification","valueRequired":true,"valueName":"search_term_string"}}],"inLanguage":"fr-FR"},{"@type":"Organization","@id":"https:\/\/ammann-stepstore.com\/#organization","name":"easy-step GmbH","url":"https:\/\/ammann-stepstore.com\/","logo":{"@type":"ImageObject","inLanguage":"fr-FR","@id":"https:\/\/ammann-stepstore.com\/#\/schema\/logo\/image\/","url":"https:\/\/ammann-stepstore.com\/wp-content\/uploads\/2018\/09\/Systembautreppe-merged.png","contentUrl":"https:\/\/ammann-stepstore.com\/wp-content\/uploads\/2018\/09\/Systembautreppe-merged.png","width":273,"height":67,"caption":"easy-step GmbH"},"image":{"@id":"https:\/\/ammann-stepstore.com\/#\/schema\/logo\/image\/"},"sameAs":["https:\/\/www.instagram.com\/easystep_bautreppe\/"]}]}},"_links":{"self":[{"href":"https:\/\/ammann-stepstore.com\/fr\/wp-json\/wp\/v2\/product\/7939","targetHints":{"allow":["GET"]}}],"collection":[{"href":"https:\/\/ammann-stepstore.com\/fr\/wp-json\/wp\/v2\/product"}],"about":[{"href":"https:\/\/ammann-stepstore.com\/fr\/wp-json\/wp\/v2\/types\/product"}],"replies":[{"embeddable":true,"href":"https:\/\/ammann-stepstore.com\/fr\/wp-json\/wp\/v2\/comments?post=7939"}],"wp:featuredmedia":[{"embeddable":true,"href":"https:\/\/ammann-stepstore.com\/fr\/wp-json\/wp\/v2\/media\/8099"}],"wp:attachment":[{"href":"https:\/\/ammann-stepstore.com\/fr\/wp-json\/wp\/v2\/media?parent=7939"}],"wp:term":[{"taxonomy":"product_brand","embeddable":true,"href":"https:\/\/ammann-stepstore.com\/fr\/wp-json\/wp\/v2\/product_brand?post=7939"},{"taxonomy":"product_cat","embeddable":true,"href":"https:\/\/ammann-stepstore.com\/fr\/wp-json\/wp\/v2\/product_cat?post=7939"},{"taxonomy":"product_tag","embeddable":true,"href":"https:\/\/ammann-stepstore.com\/fr\/wp-json\/wp\/v2\/product_tag?post=7939"}],"curies":[{"name":"wp","href":"https:\/\/api.w.org\/{rel}","templated":true}]}}