{"id":8533,"date":"2026-03-13T14:30:57","date_gmt":"2026-03-13T13:30:57","guid":{"rendered":"https:\/\/ammann-stepstore.com\/?page_id=8533"},"modified":"2026-04-21T11:52:07","modified_gmt":"2026-04-21T09:52:07","slug":"fixer-les-marches-dun-escalier-a-limon","status":"publish","type":"page","link":"https:\/\/ammann-stepstore.com\/fr\/treppenstufen-befestigen-wangentreppen\/","title":{"rendered":"Fixer les marches d'escalier pour les escaliers \u00e0 limon"},"content":{"rendered":"<section class=\"l-section wpb_row height_medium\"><div class=\"l-section-h i-cf\"><div class=\"g-cols vc_row via_flex valign_top type_default stacking_default\"><div class=\"vc_col-sm-12 wpb_column vc_column_container\"><div class=\"vc_column-inner\"><div class=\"wpb_wrapper\">\n\t<div class=\"wpb_raw_code wpb_raw_html wpb_content_element us_custom_909b2fd0\" >\n\t\t<div class=\"wpb_wrapper\">\n\t\t\t<style>\n  :root{\n    --red:#9f1f18;\n    --red-dark:#7d1914;\n    --text:#1f2937;\n    --muted:#5b6472;\n    --bg:#ffffff;\n    --soft:#f5f5f3;\n    --line:#e6e7eb;\n    --radius:20px;\n    --shadow:0 12px 32px rgba(0,0,0,.10);\n    --wrap:1180px;\n  }\n\n  *{box-sizing:border-box}\n\n  .ammann-guide{\n    width:min(var(--wrap),calc(100% - 32px));\n    margin:0 auto;\n    color:var(--text);\n    font-family:Arial,Helvetica,sans-serif;\n    line-height:1.6;\n  }\n\n  .ammann-guide img{\n    max-width:100%;\n    display:block;\n  }\n\n  .ammann-guide a{\n    text-decoration:none;\n  }\n\n  .ammann-section{\n    padding:80px 0;\n  }\n\n  .ammann-soft{\n    background:var(--soft);\n    border-radius:28px;\n    padding:80px 32px;\n    margin:0 0 40px;\n  }\n\n  .ammann-eyebrow{\n    display:inline-block;\n    color:var(--red);\n    font-weight:700;\n    letter-spacing:.03em;\n    text-transform:uppercase;\n    font-size:.86rem;\n    margin-bottom:14px;\n  }\n\n  .ammann-guide h1,\n  .ammann-guide h2,\n  .ammann-guide h3{\n    line-height:1.16;\n    margin:0 0 18px;\n    color:var(--text);\n  }\n\n  .ammann-guide h1{\n    font-size:clamp(2.2rem,5vw,4.1rem);\n  }\n\n  .ammann-guide h2{\n    font-size:clamp(1.9rem,3vw,2.8rem);\n  }\n\n  .ammann-guide h3{\n    font-size:1.28rem;\n  }\n\n  .ammann-guide p{\n    margin:0 0 16px;\n    color:var(--muted);\n    font-size:1.05rem;\n  }\n\n  .ammann-guide ul{\n    padding-left:20px;\n    margin:0;\n  }\n\n  .ammann-guide li{\n    margin:0 0 10px;\n    color:var(--muted);\n  }\n\n  .ammann-hero{\n    display:grid;\n    grid-template-columns:1.04fr .96fr;\n    gap:46px;\n    align-items:center;\n    padding:80px 0;\n  }\n\n  .ammann-grid-2{\n    display:grid;\n    grid-template-columns:1.04fr .96fr;\n    gap:46px;\n    align-items:center;\n  }\n\n  .ammann-grid-3{\n    display:grid;\n    grid-template-columns:repeat(3,1fr);\n    gap:22px;\n  }\n\n  .ammann-card{\n    background:#fff;\n    border:1px solid var(--line);\n    border-radius:var(--radius);\n    padding:28px;\n    box-shadow:0 8px 22px rgba(0,0,0,.05);\n    height:100%;\n  }\n\n  .ammann-card-icon{\n    width:44px;\n    height:44px;\n    border-radius:14px;\n    background:rgba(159,31,24,.09);\n    color:var(--red);\n    display:inline-flex;\n    align-items:center;\n    justify-content:center;\n    font-size:1.2rem;\n    font-weight:700;\n    margin-bottom:14px;\n  }\n\n  .ammann-image-card,\n  .ammann-side-image{\n    background:#fff;\n    border-radius:var(--radius);\n    overflow:hidden;\n    box-shadow:var(--shadow);\n  }\n\n  .ammann-image-card img,\n  .ammann-side-image img{\n    width:100%;\n    height:100%;\n    object-fit:cover;\n    object-position:center;\n  }\n\n  .ammann-image-card.square{\n    aspect-ratio:1\/1;\n  }\n\n  .ammann-side-image.landscape{\n    aspect-ratio:4\/3;\n  }\n\n  .ammann-image-caption{\n    font-size:14px;\n    color:#666;\n    padding:12px 16px 16px;\n    background:#fff;\n  }\n\n  .ammann-intro-box{\n    background:var(--soft);\n    border-radius:18px;\n    padding:24px 26px;\n    margin-top:22px;\n  }\n\n  .ammann-cta{\n    display:inline-flex;\n    align-items:center;\n    justify-content:center;\n    padding:15px 24px;\n    border-radius:999px;\n    background:var(--red);\n    color:#fff !important;\n    font-weight:700;\n    box-shadow:var(--shadow);\n    transition:.2s ease;\n    margin-top:10px;\n  }\n\n  .ammann-cta:hover{\n    background:var(--red-dark);\n    transform:translateY(-1px);\n  }\n\n  .ammann-highlight{\n    background:#f7f7f7;\n    border-left:4px solid var(--red);\n    padding:18px 20px;\n    border-radius:12px;\n    margin:28px 0;\n  }\n\n  .ammann-steps{\n    display:grid;\n    grid-template-columns:repeat(3,1fr);\n    gap:22px;\n    margin-top:18px;\n  }\n\n  .ammann-step{\n    background:#fff;\n    border:1px solid var(--line);\n    border-radius:var(--radius);\n    padding:28px;\n    box-shadow:0 8px 22px rgba(0,0,0,.05);\n  }\n\n  .ammann-step-number{\n    width:52px;\n    height:52px;\n    border-radius:50%;\n    background:var(--red);\n    color:#fff;\n    display:flex;\n    align-items:center;\n    justify-content:center;\n    font-weight:700;\n    margin-bottom:16px;\n    font-size:1.1rem;\n  }\n\n  .ammann-final-box{\n    background:linear-gradient(135deg,var(--red) 0%,#7b1813 100%);\n    color:#fff;\n    border-radius:28px;\n    padding:44px;\n    box-shadow:var(--shadow);\n    margin-top:42px;\n  }\n\n  .ammann-final-box h3{\n    color:#fff;\n  }\n\n  .ammann-final-box p{\n    color:rgba(255,255,255,.92);\n  }\n\n  .ammann-final-box .ammann-cta{\n    background:#fff;\n    color:var(--red) !important;\n    box-shadow:none;\n  }\n\n  .ammann-center{\n    text-align:center;\n    max-width:760px;\n    margin:0 auto 34px;\n  }\n\n  .ammann-mb-0{\n    margin-bottom:0;\n  }\n\n  @media (max-width:980px){\n    .ammann-hero,\n    .ammann-grid-2,\n    .ammann-grid-3,\n    .ammann-steps{\n      grid-template-columns:1fr;\n    }\n\n    .ammann-section{\n      padding:64px 0;\n    }\n\n    .ammann-soft{\n      padding:64px 24px;\n    }\n  }\n<\/style>\n\n<div class=\"ammann-guide\">\n\n  <section class=\"ammann-hero\">\n    <div>\n      <span class=\"ammann-eyebrow\">Guide &amp; solution<\/span>\n      <h1>Fixer les marches d'un escalier \u00e0 limons - la solution propre avec des supports de marches<\/h1>\n\n      <p>Qui <strong>Fixer les marches d'un escalier \u00e0 limons<\/strong> a besoin d'une solution qui fonctionne de mani\u00e8re stable, propre et durable. C'est pr\u00e9cis\u00e9ment \u00e0 cela que servent nos <strong>Appui de marche en acier inoxydable<\/strong>.<\/p>\n\n      <p>Ils permettent une fixation fiable des marches en bois au limon de l'escalier, sans fraisage co\u00fbteux des marches.<\/p>\n\n      <div class=\"ammann-intro-box\">\n        <p><strong>Notre recommandation pour les escaliers \u00e0 limons :<\/strong><br>\n        Supports de marches ou supports de marches en acier inoxydable pour une fixation stable et visuellement propre des marches d'escalier.<\/p>\n\n        <a class=\"ammann-cta\" href=\"\/fr\/produits\/support-de-marche\/\">D\u00e9couvrir les supports de marches<\/a>\n      <\/div>\n    <\/div>\n\n    <div class=\"ammann-image-card square\">\n      <img decoding=\"async\" src=\"https:\/\/ammann-stepstore.com\/wp-content\/uploads\/2026\/03\/Stufenauflager4-scaled-kopie.jpg\" alt=\"Support de marche mont\u00e9 sous la marche en bois d&#039;un escalier \u00e0 limons\">\n      <div class=\"ammann-image-caption\">\n        Support de marche mont\u00e9 sous une marche en bois - fixation stable et propre pour les escaliers \u00e0 limon.\n      <\/div>\n    <\/div>\n  <\/section>\n\n  <section class=\"ammann-section\">\n    <span class=\"ammann-eyebrow\">Pourquoi cette solution ?<\/span>\n    <h2>Pourquoi les supports de marches fonctionnent-ils si bien dans les escaliers \u00e0 limon ?<\/h2>\n\n    <p>Dans le cas d'un classique <strong>Escalier \u00e0 limons<\/strong> les marches se trouvent entre deux limons lat\u00e9raux. C'est pr\u00e9cis\u00e9ment l\u00e0 qu'une fixation stable et pr\u00e9cise est importante.<\/p>\n\n    <div class=\"ammann-highlight\">\n      <p class=\"ammann-mb-0\"><strong>Avantages :<\/strong> un assemblage stable, des marches interchangeables, un assemblage de marches et de limons insonoris\u00e9s et une esth\u00e9tique de qualit\u00e9.<\/p>\n    <\/div>\n  <\/section>\n\n  <section class=\"ammann-soft\">\n    <div class=\"ammann-grid-2\">\n      <div>\n        <span class=\"ammann-eyebrow\">Domaines d'application<\/span>\n        <h2>Id\u00e9al pour les escaliers en bois modernes<\/h2>\n\n        <p>L'aspect visuel joue un r\u00f4le important, en particulier pour les escaliers r\u00e9sidentiels haut de gamme et les escaliers \u00e0 limons modernes.<\/p>\n\n        <p>Nos supports de marches conviennent particuli\u00e8rement pour :<\/p>\n\n        <ul>\n          <li>Escaliers \u00e0 limons en bois<\/li>\n          <li>Escaliers en bois massif<\/li>\n          <li>Construction d'escaliers dans les nouvelles constructions<\/li>\n          <li>R\u00e9novation d'escaliers<\/li>\n          <li>Menuisier, constructeur d'escaliers et charpentier<\/li>\n        <\/ul>\n      <\/div>\n\n      <div class=\"ammann-side-image landscape\">\n        <img decoding=\"async\" src=\"https:\/\/ammann-stepstore.com\/wp-content\/uploads\/2026\/03\/Ammann-Treppen_Stufenauflager_4-1.jpg\" alt=\"Appui de marche en acier inoxydable pour la fixation des marches d&#039;escalier\">\n        <div class=\"ammann-image-caption\">\n          Support de marche en acier inoxydable - con\u00e7u pour une fixation stable des marches d'escalier.\n        <\/div>\n      <\/div>\n    <\/div>\n  <\/section>\n\n  <section class=\"ammann-section\">\n    <div class=\"ammann-center\">\n      <span class=\"ammann-eyebrow\">Montage<\/span>\n      <h2>Fixer les marches d'un escalier \u00e0 limons - voici comment fonctionne le montage<\/h2>\n      <p class=\"ammann-mb-0\">Le montage des supports de marches est clairement structur\u00e9 et s'int\u00e8gre proprement dans la construction de l'escalier.<\/p>\n    <\/div>\n\n    <div class=\"ammann-steps\">\n      <div class=\"ammann-step\">\n        <div class=\"ammann-step-number\">1<\/div>\n        <h3>D\u00e9finir la position des marches d'escalier<\/h3>\n        <p>Les positions exactes des marches sont marqu\u00e9es sur les limons. On obtient ainsi une base propre pour la fixation ult\u00e9rieure.<\/p>\n      <\/div>\n\n      <div class=\"ammann-step\">\n        <div class=\"ammann-step-number\">2<\/div>\n        <h3>Fixer les supports de marches<\/h3>\n        <p>Les supports de marches sont mont\u00e9s sur le limon de l'escalier \u00e0 l'aide de vis adapt\u00e9es et constituent une base stable pour chaque marche.<\/p>\n      <\/div>\n\n      <div class=\"ammann-step\">\n        <div class=\"ammann-step-number\">3<\/div>\n        <h3>Poser une marche d'escalier<\/h3>\n        <p>La marche en bois est pos\u00e9e et fix\u00e9e sur le support de la marche. Le r\u00e9sultat est une solution propre, r\u00e9sistante et de grande qualit\u00e9 visuelle.<\/p>\n      <\/div>\n    <\/div>\n  <\/section>\n\n  <section class=\"ammann-soft\">\n    <div class=\"ammann-grid-2\">\n      <div class=\"ammann-side-image landscape\">\n        <img decoding=\"async\" src=\"https:\/\/ammann-stepstore.com\/wp-content\/uploads\/2026\/03\/MontageStufenauflager1.jpg\" alt=\"Montage des supports de marches d&#039;un escalier en bois\">\n        <div class=\"ammann-image-caption\">\n          Montage des supports de marches d'un escalier en bois.\n        <\/div>\n      <\/div>\n\n      <div>\n        <span class=\"ammann-eyebrow\">Aussi int\u00e9ressant<\/span>\n        <h2>Aussi int\u00e9ressant : construire soi-m\u00eame un escalier en bois<\/h2>\n\n        <p>De nombreux bricoleurs cherchent des solutions comme <strong>Construire soi-m\u00eame un escalier en bois<\/strong> ou <strong>Fixer les marches d'escalier<\/strong>. C'est pr\u00e9cis\u00e9ment l\u00e0 que les supports de marches offrent une solution stable, propre et convaincante \u00e0 long terme.<\/p>\n\n        <div class=\"ammann-grid-3\" style=\"margin-top:24px;\">\n          <div class=\"ammann-card\">\n            <div class=\"ammann-card-icon\">1<\/div>\n            <h3>Aspect propre<\/h3>\n            <p>Les supports sont plac\u00e9s sous la marche et assurent une ligne claire et moderne.<\/p>\n          <\/div>\n\n          <div class=\"ammann-card\">\n            <div class=\"ammann-card-icon\">2<\/div>\n            <h3>Remplacement facile<\/h3>\n            <p>Les marches individuelles sont beaucoup plus faciles \u00e0 remplacer ult\u00e9rieurement que dans de nombreuses constructions classiques.<\/p>\n          <\/div>\n\n          <div class=\"ammann-card\">\n            <div class=\"ammann-card-icon\">3<\/div>\n            <h3>Id\u00e9al pour les nouvelles constructions et les r\u00e9novations<\/h3>\n            <p>Cette solution convient aussi bien pour les nouveaux escaliers que pour les modernisations dans l'existant.<\/p>\n          <\/div>\n        <\/div>\n      <\/div>\n    <\/div>\n  <\/section>\n\n  <section class=\"ammann-section\">\n    <div class=\"ammann-final-box\">\n      <span class=\"ammann-eyebrow\" style=\"color:#fff;\">Prochaine \u00e9tape<\/span>\n      <h3>Voir directement le produit correspondant<\/h3>\n\n      <p>Nos supports de marches ont \u00e9t\u00e9 sp\u00e9cialement con\u00e7us pour les escaliers en bois et \u00e0 limons.<\/p>\n\n      <a class=\"ammann-cta\" href=\"\/fr\/produits\/support-de-marche\/\">Vers les supports de marches<\/a>\n    <\/div>\n  <\/section>\n\n<\/div>\n\t\t<\/div>\n\t<\/div>\n<\/div><\/div><\/div><\/div><\/div><\/section>","protected":false},"excerpt":{"rendered":"Ratgeber &amp; L\u00f6sung Treppenstufen befestigen bei Wangentreppen \u2013 die saubere L\u00f6sung mit Stufenauflagern Wer Treppenstufen bei einer Wangentreppe befestigen m\u00f6chte, braucht eine L\u00f6sung, die stabil, sauber und dauerhaft funktioniert. Genau daf\u00fcr eignen sich unsere Stufenauflager aus Edelstahl. Sie erm\u00f6glichen eine zuverl\u00e4ssige Befestigung von Holzstufen an der Treppenwange, ohne aufwendige Stufen-Einfr\u00e4sungen. Unsere Empfehlung f\u00fcr Wangentreppen: Stufenhalterungen...","protected":false},"author":7,"featured_media":0,"parent":0,"menu_order":0,"comment_status":"closed","ping_status":"closed","template":"","meta":{"footnotes":""},"class_list":["post-8533","page","type-page","status-publish","hentry"],"yoast_head":"<!-- This site is optimized with the Yoast SEO plugin v27.4 - https:\/\/yoast.com\/product\/yoast-seo-wordpress\/ -->\n<title>Treppenstufen befestigen bei Wangentreppen - Ammann Stepstore<\/title>\n<meta name=\"description\" content=\"Treppenstufen befestigen ohne Fr\u00e4sen: Mit Stufenauflagern montierst du Stufen schnell, stabil und austauschbar \u2013 ideal f\u00fcr Neubau und Renovierung.\" \/>\n<meta name=\"robots\" content=\"index, follow, max-snippet:-1, max-image-preview:large, max-video-preview:-1\" \/>\n<link rel=\"canonical\" href=\"https:\/\/ammann-stepstore.com\/fr\/fixer-les-marches-dun-escalier-a-limon\/\" \/>\n<meta property=\"og:locale\" content=\"fr_FR\" \/>\n<meta property=\"og:type\" content=\"article\" \/>\n<meta property=\"og:title\" content=\"Treppenstufen befestigen bei Wangentreppen - Ammann Stepstore\" \/>\n<meta property=\"og:description\" content=\"Treppenstufen befestigen ohne Fr\u00e4sen: Mit Stufenauflagern montierst du Stufen schnell, stabil und austauschbar \u2013 ideal f\u00fcr Neubau und Renovierung.\" \/>\n<meta property=\"og:url\" content=\"https:\/\/ammann-stepstore.com\/fr\/fixer-les-marches-dun-escalier-a-limon\/\" \/>\n<meta property=\"og:site_name\" content=\"Ammann Stepstore\" \/>\n<meta property=\"article:modified_time\" content=\"2026-04-21T09:52:07+00:00\" \/>\n<meta name=\"twitter:card\" content=\"summary_large_image\" \/>\n<meta name=\"twitter:label1\" content=\"Dur\u00e9e de lecture estim\u00e9e\" \/>\n\t<meta name=\"twitter:data1\" content=\"1 minute\" \/>\n<script type=\"application\/ld+json\" class=\"yoast-schema-graph\">{\"@context\":\"https:\\\/\\\/schema.org\",\"@graph\":[{\"@type\":\"WebPage\",\"@id\":\"https:\\\/\\\/ammann-stepstore.com\\\/treppenstufen-befestigen-wangentreppen\\\/\",\"url\":\"https:\\\/\\\/ammann-stepstore.com\\\/treppenstufen-befestigen-wangentreppen\\\/\",\"name\":\"Treppenstufen befestigen bei Wangentreppen - Ammann Stepstore\",\"isPartOf\":{\"@id\":\"https:\\\/\\\/ammann-stepstore.com\\\/#website\"},\"datePublished\":\"2026-03-13T13:30:57+00:00\",\"dateModified\":\"2026-04-21T09:52:07+00:00\",\"description\":\"Treppenstufen befestigen ohne Fr\u00e4sen: Mit Stufenauflagern montierst du Stufen schnell, stabil und austauschbar \u2013 ideal f\u00fcr Neubau und Renovierung.\",\"breadcrumb\":{\"@id\":\"https:\\\/\\\/ammann-stepstore.com\\\/treppenstufen-befestigen-wangentreppen\\\/#breadcrumb\"},\"inLanguage\":\"fr-FR\",\"potentialAction\":[{\"@type\":\"ReadAction\",\"target\":[\"https:\\\/\\\/ammann-stepstore.com\\\/treppenstufen-befestigen-wangentreppen\\\/\"]}]},{\"@type\":\"BreadcrumbList\",\"@id\":\"https:\\\/\\\/ammann-stepstore.com\\\/treppenstufen-befestigen-wangentreppen\\\/#breadcrumb\",\"itemListElement\":[{\"@type\":\"ListItem\",\"position\":1,\"name\":\"Startseite\",\"item\":\"https:\\\/\\\/ammann-stepstore.com\\\/\"},{\"@type\":\"ListItem\",\"position\":2,\"name\":\"Treppenstufen befestigen bei Wangentreppen\"}]},{\"@type\":\"WebSite\",\"@id\":\"https:\\\/\\\/ammann-stepstore.com\\\/#website\",\"url\":\"https:\\\/\\\/ammann-stepstore.com\\\/\",\"name\":\"Ammann Stepstore\",\"description\":\"Treppenbau-Zubeh\u00f6r bequem online kaufen\",\"publisher\":{\"@id\":\"https:\\\/\\\/ammann-stepstore.com\\\/#organization\"},\"potentialAction\":[{\"@type\":\"SearchAction\",\"target\":{\"@type\":\"EntryPoint\",\"urlTemplate\":\"https:\\\/\\\/ammann-stepstore.com\\\/?s={search_term_string}\"},\"query-input\":{\"@type\":\"PropertyValueSpecification\",\"valueRequired\":true,\"valueName\":\"search_term_string\"}}],\"inLanguage\":\"fr-FR\"},{\"@type\":\"Organization\",\"@id\":\"https:\\\/\\\/ammann-stepstore.com\\\/#organization\",\"name\":\"easy-step GmbH\",\"url\":\"https:\\\/\\\/ammann-stepstore.com\\\/\",\"logo\":{\"@type\":\"ImageObject\",\"inLanguage\":\"fr-FR\",\"@id\":\"https:\\\/\\\/ammann-stepstore.com\\\/#\\\/schema\\\/logo\\\/image\\\/\",\"url\":\"https:\\\/\\\/ammann-stepstore.com\\\/wp-content\\\/uploads\\\/2018\\\/09\\\/Systembautreppe-merged.png\",\"contentUrl\":\"https:\\\/\\\/ammann-stepstore.com\\\/wp-content\\\/uploads\\\/2018\\\/09\\\/Systembautreppe-merged.png\",\"width\":273,\"height\":67,\"caption\":\"easy-step GmbH\"},\"image\":{\"@id\":\"https:\\\/\\\/ammann-stepstore.com\\\/#\\\/schema\\\/logo\\\/image\\\/\"},\"sameAs\":[\"https:\\\/\\\/www.instagram.com\\\/easystep_bautreppe\\\/\"]}]}<\/script>\n<!-- \/ Yoast SEO plugin. -->","yoast_head_json":{"title":"Fixer les marches des escaliers \u00e0 limon - Ammann Stepstore","description":"Fixer des marches d'escalier sans fraiser : avec les supports de marches, tu montes des marches rapidement, de mani\u00e8re stable et interchangeable - id\u00e9al pour les nouvelles constructions et les r\u00e9novations.","robots":{"index":"index","follow":"follow","max-snippet":"max-snippet:-1","max-image-preview":"max-image-preview:large","max-video-preview":"max-video-preview:-1"},"canonical":"https:\/\/ammann-stepstore.com\/fr\/fixer-les-marches-dun-escalier-a-limon\/","og_locale":"fr_FR","og_type":"article","og_title":"Treppenstufen befestigen bei Wangentreppen - Ammann Stepstore","og_description":"Treppenstufen befestigen ohne Fr\u00e4sen: Mit Stufenauflagern montierst du Stufen schnell, stabil und austauschbar \u2013 ideal f\u00fcr Neubau und Renovierung.","og_url":"https:\/\/ammann-stepstore.com\/fr\/fixer-les-marches-dun-escalier-a-limon\/","og_site_name":"Ammann Stepstore","article_modified_time":"2026-04-21T09:52:07+00:00","twitter_card":"summary_large_image","twitter_misc":{"Dur\u00e9e de lecture estim\u00e9e":"1 minute"},"schema":{"@context":"https:\/\/schema.org","@graph":[{"@type":"WebPage","@id":"https:\/\/ammann-stepstore.com\/treppenstufen-befestigen-wangentreppen\/","url":"https:\/\/ammann-stepstore.com\/treppenstufen-befestigen-wangentreppen\/","name":"Fixer les marches des escaliers \u00e0 limon - Ammann Stepstore","isPartOf":{"@id":"https:\/\/ammann-stepstore.com\/#website"},"datePublished":"2026-03-13T13:30:57+00:00","dateModified":"2026-04-21T09:52:07+00:00","description":"Fixer des marches d'escalier sans fraiser : avec les supports de marches, tu montes des marches rapidement, de mani\u00e8re stable et interchangeable - id\u00e9al pour les nouvelles constructions et les r\u00e9novations.","breadcrumb":{"@id":"https:\/\/ammann-stepstore.com\/treppenstufen-befestigen-wangentreppen\/#breadcrumb"},"inLanguage":"fr-FR","potentialAction":[{"@type":"ReadAction","target":["https:\/\/ammann-stepstore.com\/treppenstufen-befestigen-wangentreppen\/"]}]},{"@type":"BreadcrumbList","@id":"https:\/\/ammann-stepstore.com\/treppenstufen-befestigen-wangentreppen\/#breadcrumb","itemListElement":[{"@type":"ListItem","position":1,"name":"Startseite","item":"https:\/\/ammann-stepstore.com\/"},{"@type":"ListItem","position":2,"name":"Treppenstufen befestigen bei Wangentreppen"}]},{"@type":"WebSite","@id":"https:\/\/ammann-stepstore.com\/#website","url":"https:\/\/ammann-stepstore.com\/","name":"Stepstore Ammann","description":"Acheter des accessoires pour la construction d'escaliers en ligne","publisher":{"@id":"https:\/\/ammann-stepstore.com\/#organization"},"potentialAction":[{"@type":"SearchAction","target":{"@type":"EntryPoint","urlTemplate":"https:\/\/ammann-stepstore.com\/?s={search_term_string}"},"query-input":{"@type":"PropertyValueSpecification","valueRequired":true,"valueName":"search_term_string"}}],"inLanguage":"fr-FR"},{"@type":"Organization","@id":"https:\/\/ammann-stepstore.com\/#organization","name":"easy-step GmbH","url":"https:\/\/ammann-stepstore.com\/","logo":{"@type":"ImageObject","inLanguage":"fr-FR","@id":"https:\/\/ammann-stepstore.com\/#\/schema\/logo\/image\/","url":"https:\/\/ammann-stepstore.com\/wp-content\/uploads\/2018\/09\/Systembautreppe-merged.png","contentUrl":"https:\/\/ammann-stepstore.com\/wp-content\/uploads\/2018\/09\/Systembautreppe-merged.png","width":273,"height":67,"caption":"easy-step GmbH"},"image":{"@id":"https:\/\/ammann-stepstore.com\/#\/schema\/logo\/image\/"},"sameAs":["https:\/\/www.instagram.com\/easystep_bautreppe\/"]}]}},"_links":{"self":[{"href":"https:\/\/ammann-stepstore.com\/fr\/wp-json\/wp\/v2\/pages\/8533","targetHints":{"allow":["GET"]}}],"collection":[{"href":"https:\/\/ammann-stepstore.com\/fr\/wp-json\/wp\/v2\/pages"}],"about":[{"href":"https:\/\/ammann-stepstore.com\/fr\/wp-json\/wp\/v2\/types\/page"}],"author":[{"embeddable":true,"href":"https:\/\/ammann-stepstore.com\/fr\/wp-json\/wp\/v2\/users\/7"}],"replies":[{"embeddable":true,"href":"https:\/\/ammann-stepstore.com\/fr\/wp-json\/wp\/v2\/comments?post=8533"}],"version-history":[{"count":13,"href":"https:\/\/ammann-stepstore.com\/fr\/wp-json\/wp\/v2\/pages\/8533\/revisions"}],"predecessor-version":[{"id":8667,"href":"https:\/\/ammann-stepstore.com\/fr\/wp-json\/wp\/v2\/pages\/8533\/revisions\/8667"}],"wp:attachment":[{"href":"https:\/\/ammann-stepstore.com\/fr\/wp-json\/wp\/v2\/media?parent=8533"}],"curies":[{"name":"wp","href":"https:\/\/api.w.org\/{rel}","templated":true}]}}