{"id":6644,"date":"2018-10-28T12:57:55","date_gmt":"2018-10-28T12:57:55","guid":{"rendered":"https:\/\/ammann-stepstore-18589519.wptestserver2.de\/?page_id=6644"},"modified":"2024-05-03T11:37:23","modified_gmt":"2024-05-03T09:37:23","slug":"contact","status":"publish","type":"page","link":"https:\/\/ammann-stepstore.com\/fr\/kontakt\/","title":{"rendered":"Contact"},"content":{"rendered":"<section class=\"l-section wpb_row us_custom_e11ab399 height_large\" id=\"ansprechpartner\"><div class=\"l-section-h i-cf\"><div class=\"g-cols vc_row via_flex valign_middle type_default stacking_default\"><div class=\"vc_col-sm-6 wpb_column vc_column_container easystep-ansprechpartner-column\"><div class=\"vc_column-inner\"><div class=\"wpb_wrapper\"><div class=\"wpb_text_column us_custom_8dbe3722 easystep-ansprechpartner-column has_text_color\"><div class=\"wpb_wrapper\"><h3>Contactez-nous<\/h3>\n<\/div><\/div><div class=\"wpb_text_column amman-shop-text\"><div class=\"wpb_wrapper\"><p>Vous avez des questions ou des suggestions ? N'h\u00e9sitez pas \u00e0 prendre directement contact avec nous.<\/p>\n<\/div><\/div><\/div><\/div><\/div><div class=\"vc_col-sm-6 wpb_column vc_column_container\"><div class=\"vc_column-inner\"><div class=\"wpb_wrapper\"><div class=\"g-cols wpb_row via_flex valign_top type_default stacking_default\"><div class=\"vc_col-sm-6 wpb_column vc_column_container\"><div class=\"vc_column-inner\"><div class=\"wpb_wrapper\"><div class=\"wpb_text_column\"><div class=\"wpb_wrapper\"><p><b>Ammann oHG<\/b><br \/>\n2, rue Robert Bosch<br \/>\n86830 Schwabm\u00fcnchen<br \/>\nT\u00e9l. : 08232 809200<br \/>\nT\u00e9l\u00e9copieur : 08232 8092050<br \/>\ninfo@ammann-treppen.de<\/p>\n<p><a href=\"https:\/\/www.google.com\/maps\/place\/Ammann+oHG+Treppenbau\/@48.19817,10.7609897,17z\/data=!3m1!4b1!4m6!3m5!1s0x479c1e3e68f54371:0x9420803ac3a2f46d!8m2!3d48.19817!4d10.76357!16s%2Fg%2F1tdm7992?entry=ttu\" target=\"_blank\" rel=\"noopener\">Adresse sur Google Maps &gt;<\/a><\/p>\n<\/div><\/div><\/div><\/div><\/div><div class=\"vc_col-sm-6 wpb_column vc_column_container\"><div class=\"vc_column-inner\"><div class=\"wpb_wrapper\"><\/div><\/div><\/div><\/div><\/div><\/div><\/div><\/div><\/div><\/section><section class=\"l-section wpb_row us_custom_75a59b7b height_large\" id=\"kontaktformular\"><div class=\"l-section-h i-cf\"><div class=\"g-cols vc_row via_flex valign_middle type_default stacking_default\"><div class=\"vc_col-sm-12 wpb_column vc_column_container\"><div class=\"vc_column-inner us_custom_eb849559\"><div class=\"wpb_wrapper\"><div class=\"w-separator size_medium with_line width_default thick_3 style_solid color_border align_center\"><div class=\"w-separator-h\"><\/div><\/div><div class=\"wpb_text_column us_custom_fdebccf7 amman-shop-title has_text_color\"><div class=\"wpb_wrapper\"><p>Ou envoyez-nous une demande<\/p>\n<\/div><\/div><\/div><\/div><\/div><\/div><\/div><\/section><section class=\"l-section wpb_row height_medium\"><div class=\"l-section-h i-cf\"><div class=\"g-cols vc_row via_flex valign_top type_default stacking_default\"><div class=\"vc_col-sm-2 wpb_column vc_column_container\"><div class=\"vc_column-inner\"><div class=\"wpb_wrapper\"><\/div><\/div><\/div><div class=\"vc_col-sm-8 wpb_column vc_column_container\"><div class=\"vc_column-inner us_custom_278d8c57\"><div class=\"wpb_wrapper\">\n<div class=\"wpcf7 no-js\" id=\"wpcf7-f6647-o1\" lang=\"en-US\" dir=\"ltr\" data-wpcf7-id=\"6647\">\n<div class=\"screen-reader-response\"><p role=\"status\" aria-live=\"polite\" aria-atomic=\"true\"><\/p> <ul><\/ul><\/div>\n<form action=\"\/fr\/wp-json\/wp\/v2\/pages\/6644#wpcf7-f6647-o1\" method=\"post\" class=\"wpcf7-form init\" aria-label=\"Formulaire de contact\" enctype=\"multipart\/form-data\" novalidate=\"novalidate\" data-status=\"init\" data-trp-original-action=\"\/fr\/wp-json\/wp\/v2\/pages\/6644#wpcf7-f6647-o1\">\n<fieldset class=\"hidden-fields-container\"><input type=\"hidden\" name=\"_wpcf7\" value=\"6647\" \/><input type=\"hidden\" name=\"_wpcf7_version\" value=\"6.1.5\" \/><input type=\"hidden\" name=\"_wpcf7_locale\" value=\"en_US\" \/><input type=\"hidden\" name=\"_wpcf7_unit_tag\" value=\"wpcf7-f6647-o1\" \/><input type=\"hidden\" name=\"_wpcf7_container_post\" value=\"0\" \/><input type=\"hidden\" name=\"_wpcf7_posted_data_hash\" value=\"\" \/>\n<\/fieldset>\n<p><label class=\"ammann-shop-subtitle half\">Pr\u00e9nom*<br \/>\n<span class=\"wpcf7-form-control-wrap\" data-name=\"amm-mail-vorname\"><input size=\"40\" maxlength=\"400\" class=\"wpcf7-form-control wpcf7-text wpcf7-validates-as-required\" aria-required=\"true\" aria-invalid=\"false\" value=\"\" type=\"text\" name=\"amm-mail-vorname\" \/><\/span><br \/>\n<\/label>\n<\/p>\n<p><label class=\"ammann-shop-subtitle half\">Nom de famille*<br \/>\n<span class=\"wpcf7-form-control-wrap\" data-name=\"amm-mail-nachname\"><input size=\"40\" maxlength=\"400\" class=\"wpcf7-form-control wpcf7-text wpcf7-validates-as-required\" aria-required=\"true\" aria-invalid=\"false\" value=\"\" type=\"text\" name=\"amm-mail-nachname\" \/><\/span><br \/>\n<\/label>\n<\/p>\n<p><label class=\"ammann-shop-subtitle\">Adresse \u00e9lectronique*<br \/>\n<span class=\"wpcf7-form-control-wrap\" data-name=\"amm-mail-email\"><input size=\"40\" maxlength=\"400\" class=\"wpcf7-form-control wpcf7-email wpcf7-validates-as-required wpcf7-text wpcf7-validates-as-email\" aria-required=\"true\" aria-invalid=\"false\" value=\"\" type=\"email\" name=\"amm-mail-email\" \/><\/span><br \/>\n<\/label>\n<\/p>\n<p><label class=\"ammann-shop-subtitle\">T\u00e9l\u00e9phone<br \/>\n<span class=\"wpcf7-form-control-wrap\" data-name=\"amm-mail-tel\"><input size=\"40\" maxlength=\"400\" class=\"wpcf7-form-control wpcf7-tel wpcf7-text wpcf7-validates-as-tel\" aria-invalid=\"false\" value=\"\" type=\"tel\" name=\"amm-mail-tel\" \/><\/span><br \/>\n<\/label>\n<\/p>\n<p><label class=\"ammann-shop-subtitle\">Sujet*<br \/>\n<span class=\"wpcf7-form-control-wrap\" data-name=\"amm-mail-betreff\"><input size=\"40\" maxlength=\"400\" class=\"wpcf7-form-control wpcf7-text wpcf7-validates-as-required\" aria-required=\"true\" aria-invalid=\"false\" value=\"\" type=\"text\" name=\"amm-mail-betreff\" \/><\/span><br \/>\n<\/label>\n<\/p>\n<p><label class=\"ammann-shop-subtitle\">Votre message pour nous<br \/>\n<span class=\"wpcf7-form-control-wrap\" data-name=\"amm-mail-message\"><textarea cols=\"40\" rows=\"10\" maxlength=\"2000\" class=\"wpcf7-form-control wpcf7-textarea\" aria-invalid=\"false\" name=\"amm-mail-message\"><\/textarea><\/span><br \/>\n<\/label>\n<\/p>\n<p><label class=\"ammann-shop-subtitle\">T\u00e9l\u00e9chargement de fichiers<br \/>\n<span class=\"wpcf7-form-control-wrap\" data-name=\"amm-mail-upload\"><input size=\"40\" class=\"wpcf7-form-control wpcf7-file\" accept=\".pdf,.jpg,.png\" aria-invalid=\"false\" type=\"file\" name=\"amm-mail-upload\" \/><\/span><br \/>\n<\/label>\n<\/p>\n<p><span class=\"wpcf7-form-control-wrap\" data-name=\"amm-mail-acceptance\"><span class=\"wpcf7-form-control wpcf7-acceptance\"><span class=\"wpcf7-list-item\"><label><input type=\"checkbox\" name=\"amm-mail-acceptance\" value=\"1\" aria-invalid=\"false\" \/><span class=\"wpcf7-list-item-label\">J'ai fait <a href=\"https:\/\/ammann-stepstore.com\/fr\/protection-des-donnees\/\" target=\"_blank\">D\u00e9claration de confidentialit\u00e9<\/a> et je les accepte.<\/span><\/label><\/span><\/span><\/span>\n<\/p>\n<p><label class=\"ammann-submit\"><br \/>\n<span id=\"wpcf7-69e5f8fc60111-wrapper\" class=\"wpcf7-form-control-wrap email-wrap\" style=\"display:none !important; visibility:hidden !important;\"><label for=\"wpcf7-69e5f8fc60111-field\" class=\"hp-message\">Veuillez laisser ce champ vide.<\/label><input id=\"wpcf7-69e5f8fc60111-field\"  class=\"wpcf7-form-control wpcf7-text\" type=\"text\" name=\"email\" value=\"\" size=\"40\" tabindex=\"-1\" autocomplete=\"new-password\" \/><\/span><br \/>\n<input class=\"wpcf7-form-control wpcf7-submit has-spinner\" type=\"submit\" value=\"Envoyer\" \/><br \/>\n<\/label>\n<\/p><p style=\"display: none !important;\" class=\"akismet-fields-container\" data-prefix=\"_wpcf7_ak_\"><label>&#916;<textarea name=\"_wpcf7_ak_hp_textarea\" cols=\"45\" rows=\"8\" maxlength=\"100\"><\/textarea><\/label><input type=\"hidden\" id=\"ak_js_1\" name=\"_wpcf7_ak_js\" value=\"87\"\/><script>document.getElementById( \"ak_js_1\" ).setAttribute( \"value\", ( new Date() ).getTime() );<\/script><\/p><input type='hidden' class='wpcf7-pum' value='{\"closepopup\":false,\"closedelay\":0,\"openpopup\":false,\"openpopup_id\":0}' \/><div class=\"wpcf7-response-output\" aria-hidden=\"true\"><\/div>\n<input type=\"hidden\" name=\"trp-form-language\" value=\"fr\"\/><\/form>\n<\/div>\n<\/div><\/div><\/div><div class=\"vc_col-sm-2 wpb_column vc_column_container\"><div class=\"vc_column-inner\"><div class=\"wpb_wrapper\"><\/div><\/div><\/div><\/div><\/div><\/section>","protected":false},"excerpt":{"rendered":"Contactez-nous Vous avez des questions ou des suggestions ? N'h\u00e9sitez pas \u00e0 prendre directement contact avec nous. Ammann oHG Robert-Bosch-Stra\u00dfe 2 86830 Schwabm\u00fcnchen T\u00e9l. : 08232 809200 Fax : 08232 8092050 info@ammann-treppen.de Adresse sur Google Maps &gt; Ou envoyez-nous facilement une demande Pr\u00e9nom* Nom* Adresse e-mail* T\u00e9l\u00e9phone Sujet* Votre message pour nous T\u00e9l\u00e9chargement de fichiers J'ai lu la d\u00e9claration de confidentialit\u00e9...","protected":false},"author":10,"featured_media":0,"parent":0,"menu_order":0,"comment_status":"closed","ping_status":"closed","template":"","meta":{"footnotes":""},"class_list":["post-6644","page","type-page","status-publish","hentry"],"yoast_head":"<!-- This site is optimized with the Yoast SEO plugin v27.4 - https:\/\/yoast.com\/product\/yoast-seo-wordpress\/ -->\n<title>Ammann Treppen Shop: Kontakt<\/title>\n<meta name=\"description\" content=\"Treppenzubeh\u00f6r vom Profi: Ob innovative Stufenauflager oder stilvolle Wandhandlaufhalter - nehmen Sie jetzt Kontakt mit uns auf.\" \/>\n<meta name=\"robots\" content=\"index, follow, max-snippet:-1, max-image-preview:large, max-video-preview:-1\" \/>\n<link rel=\"canonical\" href=\"https:\/\/ammann-stepstore.com\/fr\/contact\/\" \/>\n<meta property=\"og:locale\" content=\"fr_FR\" \/>\n<meta property=\"og:type\" content=\"article\" \/>\n<meta property=\"og:title\" content=\"Ammann Treppen Shop: Kontakt\" \/>\n<meta property=\"og:description\" content=\"Treppenzubeh\u00f6r vom Profi: Ob innovative Stufenauflager oder stilvolle Wandhandlaufhalter - nehmen Sie jetzt Kontakt mit uns auf.\" \/>\n<meta property=\"og:url\" content=\"https:\/\/ammann-stepstore.com\/fr\/contact\/\" \/>\n<meta property=\"og:site_name\" content=\"Ammann Stepstore\" \/>\n<meta property=\"article:modified_time\" content=\"2024-05-03T09:37:23+00:00\" \/>\n<meta name=\"twitter:card\" content=\"summary_large_image\" \/>\n<meta name=\"twitter:label1\" content=\"Dur\u00e9e de lecture estim\u00e9e\" \/>\n\t<meta name=\"twitter:data1\" content=\"1 minute\" \/>\n<script type=\"application\/ld+json\" class=\"yoast-schema-graph\">{\"@context\":\"https:\\\/\\\/schema.org\",\"@graph\":[{\"@type\":\"WebPage\",\"@id\":\"https:\\\/\\\/ammann-stepstore.com\\\/kontakt\\\/\",\"url\":\"https:\\\/\\\/ammann-stepstore.com\\\/kontakt\\\/\",\"name\":\"Ammann Treppen Shop: Kontakt\",\"isPartOf\":{\"@id\":\"https:\\\/\\\/ammann-stepstore.com\\\/#website\"},\"datePublished\":\"2018-10-28T12:57:55+00:00\",\"dateModified\":\"2024-05-03T09:37:23+00:00\",\"description\":\"Treppenzubeh\u00f6r vom Profi: Ob innovative Stufenauflager oder stilvolle Wandhandlaufhalter - nehmen Sie jetzt Kontakt mit uns auf.\",\"breadcrumb\":{\"@id\":\"https:\\\/\\\/ammann-stepstore.com\\\/kontakt\\\/#breadcrumb\"},\"inLanguage\":\"fr-FR\",\"potentialAction\":[{\"@type\":\"ReadAction\",\"target\":[\"https:\\\/\\\/ammann-stepstore.com\\\/kontakt\\\/\"]}]},{\"@type\":\"BreadcrumbList\",\"@id\":\"https:\\\/\\\/ammann-stepstore.com\\\/kontakt\\\/#breadcrumb\",\"itemListElement\":[{\"@type\":\"ListItem\",\"position\":1,\"name\":\"Startseite\",\"item\":\"https:\\\/\\\/ammann-stepstore.com\\\/\"},{\"@type\":\"ListItem\",\"position\":2,\"name\":\"Kontakt\"}]},{\"@type\":\"WebSite\",\"@id\":\"https:\\\/\\\/ammann-stepstore.com\\\/#website\",\"url\":\"https:\\\/\\\/ammann-stepstore.com\\\/\",\"name\":\"Ammann Stepstore\",\"description\":\"Treppenbau-Zubeh\u00f6r bequem online kaufen\",\"publisher\":{\"@id\":\"https:\\\/\\\/ammann-stepstore.com\\\/#organization\"},\"potentialAction\":[{\"@type\":\"SearchAction\",\"target\":{\"@type\":\"EntryPoint\",\"urlTemplate\":\"https:\\\/\\\/ammann-stepstore.com\\\/?s={search_term_string}\"},\"query-input\":{\"@type\":\"PropertyValueSpecification\",\"valueRequired\":true,\"valueName\":\"search_term_string\"}}],\"inLanguage\":\"fr-FR\"},{\"@type\":\"Organization\",\"@id\":\"https:\\\/\\\/ammann-stepstore.com\\\/#organization\",\"name\":\"easy-step GmbH\",\"url\":\"https:\\\/\\\/ammann-stepstore.com\\\/\",\"logo\":{\"@type\":\"ImageObject\",\"inLanguage\":\"fr-FR\",\"@id\":\"https:\\\/\\\/ammann-stepstore.com\\\/#\\\/schema\\\/logo\\\/image\\\/\",\"url\":\"https:\\\/\\\/ammann-stepstore.com\\\/wp-content\\\/uploads\\\/2018\\\/09\\\/Systembautreppe-merged.png\",\"contentUrl\":\"https:\\\/\\\/ammann-stepstore.com\\\/wp-content\\\/uploads\\\/2018\\\/09\\\/Systembautreppe-merged.png\",\"width\":273,\"height\":67,\"caption\":\"easy-step GmbH\"},\"image\":{\"@id\":\"https:\\\/\\\/ammann-stepstore.com\\\/#\\\/schema\\\/logo\\\/image\\\/\"},\"sameAs\":[\"https:\\\/\\\/www.instagram.com\\\/easystep_bautreppe\\\/\"]}]}<\/script>\n<!-- \/ Yoast SEO plugin. -->","yoast_head_json":{"title":"Ammann Treppen Shop : Contact","description":"Accessoires pour escaliers du professionnel : qu'il s'agisse de supports de marches innovants ou de supports de main courante murale \u00e9l\u00e9gants - contactez-nous d\u00e8s maintenant.","robots":{"index":"index","follow":"follow","max-snippet":"max-snippet:-1","max-image-preview":"max-image-preview:large","max-video-preview":"max-video-preview:-1"},"canonical":"https:\/\/ammann-stepstore.com\/fr\/contact\/","og_locale":"fr_FR","og_type":"article","og_title":"Ammann Treppen Shop: Kontakt","og_description":"Treppenzubeh\u00f6r vom Profi: Ob innovative Stufenauflager oder stilvolle Wandhandlaufhalter - nehmen Sie jetzt Kontakt mit uns auf.","og_url":"https:\/\/ammann-stepstore.com\/fr\/contact\/","og_site_name":"Ammann Stepstore","article_modified_time":"2024-05-03T09:37:23+00:00","twitter_card":"summary_large_image","twitter_misc":{"Dur\u00e9e de lecture estim\u00e9e":"1 minute"},"schema":{"@context":"https:\/\/schema.org","@graph":[{"@type":"WebPage","@id":"https:\/\/ammann-stepstore.com\/kontakt\/","url":"https:\/\/ammann-stepstore.com\/kontakt\/","name":"Ammann Treppen Shop : Contact","isPartOf":{"@id":"https:\/\/ammann-stepstore.com\/#website"},"datePublished":"2018-10-28T12:57:55+00:00","dateModified":"2024-05-03T09:37:23+00:00","description":"Accessoires pour escaliers du professionnel : qu'il s'agisse de supports de marches innovants ou de supports de main courante murale \u00e9l\u00e9gants - contactez-nous d\u00e8s maintenant.","breadcrumb":{"@id":"https:\/\/ammann-stepstore.com\/kontakt\/#breadcrumb"},"inLanguage":"fr-FR","potentialAction":[{"@type":"ReadAction","target":["https:\/\/ammann-stepstore.com\/kontakt\/"]}]},{"@type":"BreadcrumbList","@id":"https:\/\/ammann-stepstore.com\/kontakt\/#breadcrumb","itemListElement":[{"@type":"ListItem","position":1,"name":"Startseite","item":"https:\/\/ammann-stepstore.com\/"},{"@type":"ListItem","position":2,"name":"Kontakt"}]},{"@type":"WebSite","@id":"https:\/\/ammann-stepstore.com\/#website","url":"https:\/\/ammann-stepstore.com\/","name":"Stepstore Ammann","description":"Acheter des accessoires pour la construction d'escaliers en ligne","publisher":{"@id":"https:\/\/ammann-stepstore.com\/#organization"},"potentialAction":[{"@type":"SearchAction","target":{"@type":"EntryPoint","urlTemplate":"https:\/\/ammann-stepstore.com\/?s={search_term_string}"},"query-input":{"@type":"PropertyValueSpecification","valueRequired":true,"valueName":"search_term_string"}}],"inLanguage":"fr-FR"},{"@type":"Organization","@id":"https:\/\/ammann-stepstore.com\/#organization","name":"easy-step GmbH","url":"https:\/\/ammann-stepstore.com\/","logo":{"@type":"ImageObject","inLanguage":"fr-FR","@id":"https:\/\/ammann-stepstore.com\/#\/schema\/logo\/image\/","url":"https:\/\/ammann-stepstore.com\/wp-content\/uploads\/2018\/09\/Systembautreppe-merged.png","contentUrl":"https:\/\/ammann-stepstore.com\/wp-content\/uploads\/2018\/09\/Systembautreppe-merged.png","width":273,"height":67,"caption":"easy-step GmbH"},"image":{"@id":"https:\/\/ammann-stepstore.com\/#\/schema\/logo\/image\/"},"sameAs":["https:\/\/www.instagram.com\/easystep_bautreppe\/"]}]}},"_links":{"self":[{"href":"https:\/\/ammann-stepstore.com\/fr\/wp-json\/wp\/v2\/pages\/6644","targetHints":{"allow":["GET"]}}],"collection":[{"href":"https:\/\/ammann-stepstore.com\/fr\/wp-json\/wp\/v2\/pages"}],"about":[{"href":"https:\/\/ammann-stepstore.com\/fr\/wp-json\/wp\/v2\/types\/page"}],"author":[{"embeddable":true,"href":"https:\/\/ammann-stepstore.com\/fr\/wp-json\/wp\/v2\/users\/10"}],"replies":[{"embeddable":true,"href":"https:\/\/ammann-stepstore.com\/fr\/wp-json\/wp\/v2\/comments?post=6644"}],"version-history":[{"count":0,"href":"https:\/\/ammann-stepstore.com\/fr\/wp-json\/wp\/v2\/pages\/6644\/revisions"}],"wp:attachment":[{"href":"https:\/\/ammann-stepstore.com\/fr\/wp-json\/wp\/v2\/media?parent=6644"}],"curies":[{"name":"wp","href":"https:\/\/api.w.org\/{rel}","templated":true}]}}