{"id":8603,"date":"2026-03-26T14:26:35","date_gmt":"2026-03-26T13:26:35","guid":{"rendered":"https:\/\/ammann-stepstore.com\/?post_type=product&#038;p=8603"},"modified":"2026-04-07T14:55:51","modified_gmt":"2026-04-07T12:55:51","slug":"soporte-ammann-connect-step","status":"publish","type":"product","link":"https:\/\/ammann-stepstore.com\/es\/produkt\/ammann-connect-stufenauflager\/","title":{"rendered":"Ammann Connect soportes de pelda\u00f1os para escaleras de madera y conexiones de madera vers\u00e1tiles"},"content":{"rendered":"<div>\n<h2 data-section-id=\"xsojrj\" data-start=\"147\" data-end=\"197\"><span role=\"text\"><strong data-start=\"150\" data-end=\"197\">Soporte para pelda\u00f1os de aluminio Ammann Connect<\/strong><\/span><\/h2>\n<p data-start=\"199\" data-end=\"255\"><strong data-start=\"199\" data-end=\"255\">La soluci\u00f3n moderna para fijar sus pelda\u00f1os<\/strong><\/p>\n<p data-start=\"257\" data-end=\"568\">Descubre con el nuevo <strong data-start=\"279\" data-end=\"326\">Soporte para pelda\u00f1os de aluminio Ammann Connect<\/strong> una soluci\u00f3n ligera, moderna y econ\u00f3mica para la construcci\u00f3n de escaleras. Desarrollada para escaleras de largueros de madera, proporciona un <strong data-start=\"447\" data-end=\"503\">Conexi\u00f3n insonorizada, estable y duradera<\/strong> entre pelda\u00f1os y mejillas, sin traqueteos ni chirridos.<\/p>\n<p data-start=\"570\" data-end=\"825\">Gracias a su estudiado dise\u00f1o, Ammann Connect permite <strong data-start=\"636\" data-end=\"673\">Instalaci\u00f3n sencilla y r\u00e1pida<\/strong>En lugar de complejos fresados, todo lo que se necesita es un taladro preciso. Esto hace que la construcci\u00f3n de escaleras sea r\u00e1pida, limpia y sencilla, incluso para los usuarios menos experimentados.<\/p>\n<p data-start=\"827\" data-end=\"1011\">Una ventaja especial: <strong data-start=\"851\" data-end=\"914\">Los pelda\u00f1os pueden sustituirse en cualquier momento<\/strong>, sin desmontar toda la estructura: ideal para el mantenimiento, la renovaci\u00f3n o la personalizaci\u00f3n.<\/p>\n<p data-start=\"1013\" data-end=\"1290\">Los soportes para pelda\u00f1os de aluminio no s\u00f3lo impresionan por su <strong data-start=\"1077\" data-end=\"1117\">Dise\u00f1o ligero y moderno<\/strong>, sino tambi\u00e9n por su excelente relaci\u00f3n calidad-precio. Esto los convierte en la opci\u00f3n ideal para cualquiera que busque un <strong data-start=\"1235\" data-end=\"1282\">Soluci\u00f3n de conexi\u00f3n eficaz y moderna<\/strong> b\u00fasqueda.<\/p>\n<p data-start=\"1292\" data-end=\"1472\">Adem\u00e1s de utilizarse en la construcci\u00f3n de escaleras, las fijaciones de pelda\u00f1os Ammann Connect tambi\u00e9n son adecuadas como <strong data-start=\"1379\" data-end=\"1408\">Conectores universales para madera<\/strong> para numerosos proyectos de interiores.<\/p>\n<p data-start=\"1474\" data-end=\"1508\"><strong data-start=\"1474\" data-end=\"1508\">Sus ventajas de un vistazo:<\/strong><\/p>\n<ul data-start=\"1509\" data-end=\"1765\">\n<li data-section-id=\"ebtb46\" data-start=\"1509\" data-end=\"1550\">Dise\u00f1o de aluminio ligero y moderno<\/li>\n<li data-section-id=\"11bi7fq\" data-start=\"1551\" data-end=\"1592\">Conexi\u00f3n insonorizada y estable<\/li>\n<li data-section-id=\"1j5ofck\" data-start=\"1593\" data-end=\"1629\">Instalaci\u00f3n r\u00e1pida sin fresado<\/li>\n<li data-section-id=\"6rg218\" data-start=\"1630\" data-end=\"1678\">Las etapas individuales pueden sustituirse en cualquier momento<\/li>\n<li data-section-id=\"hfbt9k\" data-start=\"1679\" data-end=\"1722\">Uso vers\u00e1til como conector de madera<\/li>\n<li data-section-id=\"1b1m188\" data-start=\"1723\" data-end=\"1765\">Atractiva relaci\u00f3n calidad-precio<\/li>\n<\/ul>\n<p data-start=\"1767\" data-end=\"1853\"><strong data-start=\"1767\" data-end=\"1853\">Descubra ahora y replantee la construcci\u00f3n de escaleras - con Ammann Connect.<\/strong><\/p>\n<\/div>\n<p>&nbsp;<\/p>\n<div>\n<h4>Informaci\u00f3n sobre el art\u00edculo<\/h4>\n<p><strong>Datos t\u00e9cnicos:<\/strong><\/p>\n<ul>\n<li>Espiga de 15 mm para montaje en la mejilla<\/li>\n<li>20 mm \u00d8 para taladrar en la mejilla<\/li>\n<li>Distancia entre larguero y pelda\u00f1o: 5 mm (para aislamiento ac\u00fastico)<\/li>\n<li>Soporte del pelda\u00f1o: 45 mm<\/li>\n<\/ul>\n<p>entrega <strong>Sin tornillos<\/strong>.<br \/>\nCon pelda\u00f1os de 45 mm de grosor y largueros de 45 mm de grosor <strong>Tornillos Torx para madera de 4,5 \u00d7 40<\/strong> recomendada.<\/p>\n<p>Para m\u00e1s informaci\u00f3n, consulte el <strong>Instrucciones de montaje<\/strong>.<\/p>\n<p><strong>Se necesitan 4 soportes de pelda\u00f1o por pelda\u00f1o.<\/strong><\/p>\n<p>Env\u00edo desde Alemania.<\/p>\n<\/div>\n<p>&nbsp;<\/p>\n<p><a style=\"display: inline-flex; align-items: center; justify-content: center; height: 46px; padding: 0 22px; background: #d4001f; color: #fff; border-radius: 24px; text-decoration: none; font-weight: 600; font-size: 16px; line-height: 1; box-sizing: border-box;\" href=\"\/es\/treppenstufen-befestigen-wangentreppe\/\"><br \/>\nPasos de fijaci\u00f3n<br \/>\n<\/a><\/p>","protected":false},"excerpt":{"rendered":"<p>por unidad para una escalera de 15 contrahuellas<\/p>","protected":false},"featured_media":8605,"comment_status":"closed","ping_status":"closed","template":"","meta":[],"product_brand":[],"product_cat":[78],"product_tag":[],"class_list":{"0":"post-8603","1":"product","2":"type-product","3":"status-publish","4":"has-post-thumbnail","6":"product_cat-stufenauflager","8":"first","9":"instock","10":"taxable","11":"shipping-taxable","12":"purchasable","13":"product-type-simple"},"yoast_head":"<!-- This site is optimized with the Yoast SEO plugin v27.4 - https:\/\/yoast.com\/product\/yoast-seo-wordpress\/ -->\n<title>Ammann Connect Stufenauflager f\u00fcr Holztreppen &amp; vielseitige Holzverbindungen - Ammann Stepstore<\/title>\n<meta name=\"description\" content=\"Moderne Stufenbefestigung aus Aluminium - leicht, einfach und g\u00fcnstig. Treppe Bauen leicht gemacht mit Ammann Connect Stufenauflager. Jetzt kaufen.\" \/>\n<meta name=\"robots\" content=\"index, follow, max-snippet:-1, max-image-preview:large, max-video-preview:-1\" \/>\n<link rel=\"canonical\" href=\"https:\/\/ammann-stepstore.com\/es\/producto\/soporte-ammann-connect-step\/\" \/>\n<meta property=\"og:locale\" content=\"es_ES\" \/>\n<meta property=\"og:type\" content=\"article\" \/>\n<meta property=\"og:title\" content=\"Ammann Connect Stufenauflager f\u00fcr Holztreppen &amp; vielseitige Holzverbindungen - Ammann Stepstore\" \/>\n<meta property=\"og:description\" content=\"Moderne Stufenbefestigung aus Aluminium - leicht, einfach und g\u00fcnstig. Treppe Bauen leicht gemacht mit Ammann Connect Stufenauflager. Jetzt kaufen.\" \/>\n<meta property=\"og:url\" content=\"https:\/\/ammann-stepstore.com\/es\/producto\/soporte-ammann-connect-step\/\" \/>\n<meta property=\"og:site_name\" content=\"Ammann Stepstore\" \/>\n<meta property=\"article:modified_time\" content=\"2026-04-07T12:55:51+00:00\" \/>\n<meta property=\"og:image\" content=\"https:\/\/ammann-stepstore.com\/wp-content\/uploads\/2026\/03\/Ammann_Connect_Stufenauflager_Stufentraeger.jpg\" \/>\n\t<meta property=\"og:image:width\" content=\"790\" \/>\n\t<meta property=\"og:image:height\" content=\"1000\" \/>\n\t<meta property=\"og:image:type\" content=\"image\/jpeg\" \/>\n<meta name=\"twitter:card\" content=\"summary_large_image\" \/>\n<meta name=\"twitter:label1\" content=\"Tiempo de lectura\" \/>\n\t<meta name=\"twitter:data1\" content=\"2 minutos\" \/>\n<script type=\"application\/ld+json\" class=\"yoast-schema-graph\">{\"@context\":\"https:\\\/\\\/schema.org\",\"@graph\":[{\"@type\":\"WebPage\",\"@id\":\"https:\\\/\\\/ammann-stepstore.com\\\/de\\\/produkt\\\/ammann-connect-stufenauflager\\\/\",\"url\":\"https:\\\/\\\/ammann-stepstore.com\\\/de\\\/produkt\\\/ammann-connect-stufenauflager\\\/\",\"name\":\"Ammann Connect Stufenauflager f\u00fcr Holztreppen & vielseitige Holzverbindungen - Ammann Stepstore\",\"isPartOf\":{\"@id\":\"https:\\\/\\\/ammann-stepstore.com\\\/#website\"},\"primaryImageOfPage\":{\"@id\":\"https:\\\/\\\/ammann-stepstore.com\\\/de\\\/produkt\\\/ammann-connect-stufenauflager\\\/#primaryimage\"},\"image\":{\"@id\":\"https:\\\/\\\/ammann-stepstore.com\\\/de\\\/produkt\\\/ammann-connect-stufenauflager\\\/#primaryimage\"},\"thumbnailUrl\":\"https:\\\/\\\/ammann-stepstore.com\\\/wp-content\\\/uploads\\\/2026\\\/03\\\/Ammann_Connect_Stufenauflager_Stufentraeger.jpg\",\"datePublished\":\"2026-03-26T13:26:35+00:00\",\"dateModified\":\"2026-04-07T12:55:51+00:00\",\"description\":\"Moderne Stufenbefestigung aus Aluminium - leicht, einfach und g\u00fcnstig. Treppe Bauen leicht gemacht mit Ammann Connect Stufenauflager. Jetzt kaufen.\",\"breadcrumb\":{\"@id\":\"https:\\\/\\\/ammann-stepstore.com\\\/de\\\/produkt\\\/ammann-connect-stufenauflager\\\/#breadcrumb\"},\"inLanguage\":\"es\",\"potentialAction\":[{\"@type\":\"ReadAction\",\"target\":[\"https:\\\/\\\/ammann-stepstore.com\\\/de\\\/produkt\\\/ammann-connect-stufenauflager\\\/\"]}]},{\"@type\":\"ImageObject\",\"inLanguage\":\"es\",\"@id\":\"https:\\\/\\\/ammann-stepstore.com\\\/de\\\/produkt\\\/ammann-connect-stufenauflager\\\/#primaryimage\",\"url\":\"https:\\\/\\\/ammann-stepstore.com\\\/wp-content\\\/uploads\\\/2026\\\/03\\\/Ammann_Connect_Stufenauflager_Stufentraeger.jpg\",\"contentUrl\":\"https:\\\/\\\/ammann-stepstore.com\\\/wp-content\\\/uploads\\\/2026\\\/03\\\/Ammann_Connect_Stufenauflager_Stufentraeger.jpg\",\"width\":790,\"height\":1000,\"caption\":\"moderne Stufenbefestigung aus Aluminium\"},{\"@type\":\"BreadcrumbList\",\"@id\":\"https:\\\/\\\/ammann-stepstore.com\\\/de\\\/produkt\\\/ammann-connect-stufenauflager\\\/#breadcrumb\",\"itemListElement\":[{\"@type\":\"ListItem\",\"position\":1,\"name\":\"Startseite\",\"item\":\"https:\\\/\\\/ammann-stepstore.com\\\/\"},{\"@type\":\"ListItem\",\"position\":2,\"name\":\"Shop\",\"item\":\"https:\\\/\\\/ammann-stepstore.com\\\/shop\\\/\"},{\"@type\":\"ListItem\",\"position\":3,\"name\":\"Ammann Connect Stufenauflager f\u00fcr Holztreppen &#038; vielseitige Holzverbindungen\"}]},{\"@type\":\"WebSite\",\"@id\":\"https:\\\/\\\/ammann-stepstore.com\\\/#website\",\"url\":\"https:\\\/\\\/ammann-stepstore.com\\\/\",\"name\":\"Ammann Stepstore\",\"description\":\"Treppenbau-Zubeh\u00f6r bequem online kaufen\",\"publisher\":{\"@id\":\"https:\\\/\\\/ammann-stepstore.com\\\/#organization\"},\"potentialAction\":[{\"@type\":\"SearchAction\",\"target\":{\"@type\":\"EntryPoint\",\"urlTemplate\":\"https:\\\/\\\/ammann-stepstore.com\\\/?s={search_term_string}\"},\"query-input\":{\"@type\":\"PropertyValueSpecification\",\"valueRequired\":true,\"valueName\":\"search_term_string\"}}],\"inLanguage\":\"es\"},{\"@type\":\"Organization\",\"@id\":\"https:\\\/\\\/ammann-stepstore.com\\\/#organization\",\"name\":\"easy-step GmbH\",\"url\":\"https:\\\/\\\/ammann-stepstore.com\\\/\",\"logo\":{\"@type\":\"ImageObject\",\"inLanguage\":\"es\",\"@id\":\"https:\\\/\\\/ammann-stepstore.com\\\/#\\\/schema\\\/logo\\\/image\\\/\",\"url\":\"https:\\\/\\\/ammann-stepstore.com\\\/wp-content\\\/uploads\\\/2018\\\/09\\\/Systembautreppe-merged.png\",\"contentUrl\":\"https:\\\/\\\/ammann-stepstore.com\\\/wp-content\\\/uploads\\\/2018\\\/09\\\/Systembautreppe-merged.png\",\"width\":273,\"height\":67,\"caption\":\"easy-step GmbH\"},\"image\":{\"@id\":\"https:\\\/\\\/ammann-stepstore.com\\\/#\\\/schema\\\/logo\\\/image\\\/\"},\"sameAs\":[\"https:\\\/\\\/www.instagram.com\\\/easystep_bautreppe\\\/\"]}]}<\/script>\n<!-- \/ Yoast SEO plugin. -->","yoast_head_json":{"title":"Ammann Connect soportes de pelda\u00f1os para escaleras de madera y conexiones de madera vers\u00e1tiles - Ammann Stepstore","description":"Moderna fijaci\u00f3n de pelda\u00f1os de aluminio: ligera, sencilla y econ\u00f3mica. Construcci\u00f3n de escaleras m\u00e1s f\u00e1cil con los soportes de pelda\u00f1os Ammann Connect. Comprar ahora.","robots":{"index":"index","follow":"follow","max-snippet":"max-snippet:-1","max-image-preview":"max-image-preview:large","max-video-preview":"max-video-preview:-1"},"canonical":"https:\/\/ammann-stepstore.com\/es\/producto\/soporte-ammann-connect-step\/","og_locale":"es_ES","og_type":"article","og_title":"Ammann Connect Stufenauflager f\u00fcr Holztreppen & vielseitige Holzverbindungen - Ammann Stepstore","og_description":"Moderne Stufenbefestigung aus Aluminium - leicht, einfach und g\u00fcnstig. Treppe Bauen leicht gemacht mit Ammann Connect Stufenauflager. Jetzt kaufen.","og_url":"https:\/\/ammann-stepstore.com\/es\/producto\/soporte-ammann-connect-step\/","og_site_name":"Ammann Stepstore","article_modified_time":"2026-04-07T12:55:51+00:00","og_image":[{"width":790,"height":1000,"url":"https:\/\/ammann-stepstore.com\/wp-content\/uploads\/2026\/03\/Ammann_Connect_Stufenauflager_Stufentraeger.jpg","type":"image\/jpeg"}],"twitter_card":"summary_large_image","twitter_misc":{"Tiempo de lectura":"2 minutos"},"schema":{"@context":"https:\/\/schema.org","@graph":[{"@type":"WebPage","@id":"https:\/\/ammann-stepstore.com\/de\/produkt\/ammann-connect-stufenauflager\/","url":"https:\/\/ammann-stepstore.com\/de\/produkt\/ammann-connect-stufenauflager\/","name":"Ammann Connect soportes de pelda\u00f1os para escaleras de madera y conexiones de madera vers\u00e1tiles - Ammann Stepstore","isPartOf":{"@id":"https:\/\/ammann-stepstore.com\/#website"},"primaryImageOfPage":{"@id":"https:\/\/ammann-stepstore.com\/de\/produkt\/ammann-connect-stufenauflager\/#primaryimage"},"image":{"@id":"https:\/\/ammann-stepstore.com\/de\/produkt\/ammann-connect-stufenauflager\/#primaryimage"},"thumbnailUrl":"https:\/\/ammann-stepstore.com\/wp-content\/uploads\/2026\/03\/Ammann_Connect_Stufenauflager_Stufentraeger.jpg","datePublished":"2026-03-26T13:26:35+00:00","dateModified":"2026-04-07T12:55:51+00:00","description":"Moderna fijaci\u00f3n de pelda\u00f1os de aluminio: ligera, sencilla y econ\u00f3mica. Construcci\u00f3n de escaleras m\u00e1s f\u00e1cil con los soportes de pelda\u00f1os Ammann Connect. Comprar ahora.","breadcrumb":{"@id":"https:\/\/ammann-stepstore.com\/de\/produkt\/ammann-connect-stufenauflager\/#breadcrumb"},"inLanguage":"es","potentialAction":[{"@type":"ReadAction","target":["https:\/\/ammann-stepstore.com\/de\/produkt\/ammann-connect-stufenauflager\/"]}]},{"@type":"ImageObject","inLanguage":"es","@id":"https:\/\/ammann-stepstore.com\/de\/produkt\/ammann-connect-stufenauflager\/#primaryimage","url":"https:\/\/ammann-stepstore.com\/wp-content\/uploads\/2026\/03\/Ammann_Connect_Stufenauflager_Stufentraeger.jpg","contentUrl":"https:\/\/ammann-stepstore.com\/wp-content\/uploads\/2026\/03\/Ammann_Connect_Stufenauflager_Stufentraeger.jpg","width":790,"height":1000,"caption":"moderne Stufenbefestigung aus Aluminium"},{"@type":"BreadcrumbList","@id":"https:\/\/ammann-stepstore.com\/de\/produkt\/ammann-connect-stufenauflager\/#breadcrumb","itemListElement":[{"@type":"ListItem","position":1,"name":"Startseite","item":"https:\/\/ammann-stepstore.com\/"},{"@type":"ListItem","position":2,"name":"Shop","item":"https:\/\/ammann-stepstore.com\/shop\/"},{"@type":"ListItem","position":3,"name":"Ammann Connect Stufenauflager f\u00fcr Holztreppen &#038; vielseitige Holzverbindungen"}]},{"@type":"WebSite","@id":"https:\/\/ammann-stepstore.com\/#website","url":"https:\/\/ammann-stepstore.com\/","name":"Tienda Ammann Stepstore","description":"Comprar accesorios para escaleras c\u00f3modamente en l\u00ednea","publisher":{"@id":"https:\/\/ammann-stepstore.com\/#organization"},"potentialAction":[{"@type":"SearchAction","target":{"@type":"EntryPoint","urlTemplate":"https:\/\/ammann-stepstore.com\/?s={search_term_string}"},"query-input":{"@type":"PropertyValueSpecification","valueRequired":true,"valueName":"search_term_string"}}],"inLanguage":"es"},{"@type":"Organization","@id":"https:\/\/ammann-stepstore.com\/#organization","name":"easy-step GmbH","url":"https:\/\/ammann-stepstore.com\/","logo":{"@type":"ImageObject","inLanguage":"es","@id":"https:\/\/ammann-stepstore.com\/#\/schema\/logo\/image\/","url":"https:\/\/ammann-stepstore.com\/wp-content\/uploads\/2018\/09\/Systembautreppe-merged.png","contentUrl":"https:\/\/ammann-stepstore.com\/wp-content\/uploads\/2018\/09\/Systembautreppe-merged.png","width":273,"height":67,"caption":"easy-step GmbH"},"image":{"@id":"https:\/\/ammann-stepstore.com\/#\/schema\/logo\/image\/"},"sameAs":["https:\/\/www.instagram.com\/easystep_bautreppe\/"]}]}},"_links":{"self":[{"href":"https:\/\/ammann-stepstore.com\/es\/wp-json\/wp\/v2\/product\/8603","targetHints":{"allow":["GET"]}}],"collection":[{"href":"https:\/\/ammann-stepstore.com\/es\/wp-json\/wp\/v2\/product"}],"about":[{"href":"https:\/\/ammann-stepstore.com\/es\/wp-json\/wp\/v2\/types\/product"}],"replies":[{"embeddable":true,"href":"https:\/\/ammann-stepstore.com\/es\/wp-json\/wp\/v2\/comments?post=8603"}],"wp:featuredmedia":[{"embeddable":true,"href":"https:\/\/ammann-stepstore.com\/es\/wp-json\/wp\/v2\/media\/8605"}],"wp:attachment":[{"href":"https:\/\/ammann-stepstore.com\/es\/wp-json\/wp\/v2\/media?parent=8603"}],"wp:term":[{"taxonomy":"product_brand","embeddable":true,"href":"https:\/\/ammann-stepstore.com\/es\/wp-json\/wp\/v2\/product_brand?post=8603"},{"taxonomy":"product_cat","embeddable":true,"href":"https:\/\/ammann-stepstore.com\/es\/wp-json\/wp\/v2\/product_cat?post=8603"},{"taxonomy":"product_tag","embeddable":true,"href":"https:\/\/ammann-stepstore.com\/es\/wp-json\/wp\/v2\/product_tag?post=8603"}],"curies":[{"name":"wp","href":"https:\/\/api.w.org\/{rel}","templated":true}]}}