{"id":8487,"date":"2026-01-29T15:08:16","date_gmt":"2026-01-29T14:08:16","guid":{"rendered":"https:\/\/ammann-stepstore.com\/?post_type=product&#038;p=8487"},"modified":"2026-03-31T11:25:29","modified_gmt":"2026-03-31T09:25:29","slug":"soporte-de-peldanos-de-acero-inoxidable-para-escaleras-de-zancas-de-acero-atornilladas","status":"publish","type":"product","link":"https:\/\/ammann-stepstore.com\/es\/produkt\/stufenauflager-aus-edelstahl-fuer-stahlwangentreppen-zum-einschrauben\/","title":{"rendered":"Soporte de pelda\u00f1os de acero inoxidable para escaleras de zancas de acero atornilladas"},"content":{"rendered":"<div>\n<p>Fijaci\u00f3n de pelda\u00f1os de escalera de Ammann Stairs:<\/p>\n<p data-start=\"437\" data-end=\"690\">Tambi\u00e9n hemos desarrollado los soportes de pelda\u00f1os adecuados para escaleras de largueros de acero. Con nuestros soportes de pelda\u00f1os de alta calidad para largueros de acero, los pelda\u00f1os se pueden fijar a las escaleras de largueros de acero de forma f\u00e1cil, precisa y permanente.<\/p>\n<p data-start=\"692\" data-end=\"978\">Nuestros soportes atornillables para pelda\u00f1os de acero inoxidable ofrecen una soluci\u00f3n pr\u00e1ctica y elegante para fijar pelda\u00f1os a largueros de acero. Se instalan f\u00e1cilmente atornill\u00e1ndolos al larguero de acero y proporcionan un soporte estable y limpio para la huella de la escalera.<\/p>\n<p data-start=\"980\" data-end=\"1195\">Los soportes de pelda\u00f1os atornillables para escaleras con largueros de acero son ideales para la construcci\u00f3n de escaleras modernas y facilitan tanto a los profesionales como a los aficionados al bricolaje la instalaci\u00f3n precisa de pelda\u00f1os de madera sobre largueros de acero.<\/p>\n<p data-start=\"1197\" data-end=\"1373\">Pida ahora nuestros soportes de pelda\u00f1os para escaleras de zancas de acero y descubra una soluci\u00f3n sofisticada para la fijaci\u00f3n segura y duradera de pelda\u00f1os de escaleras.<\/p>\n<\/div>\n<div><\/div>\n<div><\/div>\n<div><\/div>\n<div>Informaci\u00f3n sobre el art\u00edculo:<\/div>\n<div><\/div>\n<div><\/div>\n<div>\n<div><span style=\"color: #202020; font-family: Helvetica Neue, Helvetica, Arial, sans-serif;\">Esp\u00e1rrago de 9 mm para montaje en la mejilla para atornillar con 20 mm <\/span>\u00d8 y rosca M8, distancia del larguero al pelda\u00f1o 5mm para aislamiento ac\u00fastico, soporte del pelda\u00f1o 45mm<\/div>\n<div>Se suministra sin tornillos (se recomiendan tornillos Torx para madera de 4,5 x 40 para pelda\u00f1os de 45 mm de grosor)<\/div>\n<div><\/div>\n<div><\/div>\n<div><span style=\"color: #202020; font-family: Helvetica Neue, Helvetica, Arial, sans-serif;\">Se necesitan 4 soportes de pelda\u00f1o por pelda\u00f1o recto.<\/span><\/div>\n<\/div>\n<div><\/div>\n<div>Env\u00edo desde Alemania.<\/div>\n<div>\n<div><\/div>\n<div>\n<div><\/div>\n<div><\/div>\n<div>Soporte de cantonera de escalera, soporte de cantonera de acero, soporte de cantonera de escalera, soporte de pelda\u00f1o, soporte de pelda\u00f1o, soporte de pelda\u00f1o de madera, fijaci\u00f3n de cantonera de escalera, anclaje de pelda\u00f1o, soporte de cantonera de escalera, soporte de pelda\u00f1o, conector para acero y madera<\/div>\n<\/div>\n<\/div>","protected":false},"excerpt":{"rendered":"<p>por unidad para una escalera de 15 contrahuellas<\/p>","protected":false},"featured_media":8490,"comment_status":"closed","ping_status":"closed","template":"","meta":[],"product_brand":[],"product_cat":[78],"product_tag":[],"class_list":{"0":"post-8487","1":"product","2":"type-product","3":"status-publish","4":"has-post-thumbnail","6":"product_cat-stufenauflager","8":"first","9":"instock","10":"taxable","11":"shipping-taxable","12":"purchasable","13":"product-type-simple"},"yoast_head":"<!-- This site is optimized with the Yoast SEO plugin v27.4 - https:\/\/yoast.com\/product\/yoast-seo-wordpress\/ -->\n<title>Stufenauflager aus Edelstahl f\u00fcr Stahlwangentreppen zum Einschrauben - Ammann Stepstore<\/title>\n<meta name=\"description\" content=\"Treppenstufenbefestigung aus Edelstahl f\u00fcr Stahlwangentreppen zum Einschrauben. Jetzt Stufentr\u00e4ger kaufen im Online-Shop von Ammann Treppen.\" \/>\n<meta name=\"robots\" content=\"index, follow, max-snippet:-1, max-image-preview:large, max-video-preview:-1\" \/>\n<link rel=\"canonical\" href=\"https:\/\/ammann-stepstore.com\/es\/producto\/soporte-de-peldanos-de-acero-inoxidable-para-escaleras-de-zancas-de-acero-atornilladas\/\" \/>\n<meta property=\"og:locale\" content=\"es_ES\" \/>\n<meta property=\"og:type\" content=\"article\" \/>\n<meta property=\"og:title\" content=\"Stufenauflager aus Edelstahl f\u00fcr Stahlwangentreppen zum Einschrauben - Ammann Stepstore\" \/>\n<meta property=\"og:description\" content=\"Treppenstufenbefestigung aus Edelstahl f\u00fcr Stahlwangentreppen zum Einschrauben. Jetzt Stufentr\u00e4ger kaufen im Online-Shop von Ammann Treppen.\" \/>\n<meta property=\"og:url\" content=\"https:\/\/ammann-stepstore.com\/es\/producto\/soporte-de-peldanos-de-acero-inoxidable-para-escaleras-de-zancas-de-acero-atornilladas\/\" \/>\n<meta property=\"og:site_name\" content=\"Ammann Stepstore\" \/>\n<meta property=\"article:modified_time\" content=\"2026-03-31T09:25:29+00:00\" \/>\n<meta property=\"og:image\" content=\"https:\/\/ammann-stepstore.com\/wp-content\/uploads\/2026\/01\/StufenlagerStahlwangeSchraubbar.jpg\" \/>\n\t<meta property=\"og:image:width\" content=\"790\" \/>\n\t<meta property=\"og:image:height\" content=\"1000\" \/>\n\t<meta property=\"og:image:type\" content=\"image\/jpeg\" \/>\n<meta name=\"twitter:card\" content=\"summary_large_image\" \/>\n<meta name=\"twitter:label1\" content=\"Tiempo de lectura\" \/>\n\t<meta name=\"twitter:data1\" content=\"2 minutos\" \/>\n<script type=\"application\/ld+json\" class=\"yoast-schema-graph\">{\"@context\":\"https:\\\/\\\/schema.org\",\"@graph\":[{\"@type\":\"WebPage\",\"@id\":\"https:\\\/\\\/ammann-stepstore.com\\\/de\\\/produkt\\\/stufenauflager-aus-edelstahl-fuer-stahlwangentreppen-zum-einschrauben\\\/\",\"url\":\"https:\\\/\\\/ammann-stepstore.com\\\/de\\\/produkt\\\/stufenauflager-aus-edelstahl-fuer-stahlwangentreppen-zum-einschrauben\\\/\",\"name\":\"Stufenauflager aus Edelstahl f\u00fcr Stahlwangentreppen zum Einschrauben - Ammann Stepstore\",\"isPartOf\":{\"@id\":\"https:\\\/\\\/ammann-stepstore.com\\\/#website\"},\"primaryImageOfPage\":{\"@id\":\"https:\\\/\\\/ammann-stepstore.com\\\/de\\\/produkt\\\/stufenauflager-aus-edelstahl-fuer-stahlwangentreppen-zum-einschrauben\\\/#primaryimage\"},\"image\":{\"@id\":\"https:\\\/\\\/ammann-stepstore.com\\\/de\\\/produkt\\\/stufenauflager-aus-edelstahl-fuer-stahlwangentreppen-zum-einschrauben\\\/#primaryimage\"},\"thumbnailUrl\":\"https:\\\/\\\/ammann-stepstore.com\\\/wp-content\\\/uploads\\\/2026\\\/01\\\/StufenlagerStahlwangeSchraubbar.jpg\",\"datePublished\":\"2026-01-29T14:08:16+00:00\",\"dateModified\":\"2026-03-31T09:25:29+00:00\",\"description\":\"Treppenstufenbefestigung aus Edelstahl f\u00fcr Stahlwangentreppen zum Einschrauben. Jetzt Stufentr\u00e4ger kaufen im Online-Shop von Ammann Treppen.\",\"breadcrumb\":{\"@id\":\"https:\\\/\\\/ammann-stepstore.com\\\/de\\\/produkt\\\/stufenauflager-aus-edelstahl-fuer-stahlwangentreppen-zum-einschrauben\\\/#breadcrumb\"},\"inLanguage\":\"es\",\"potentialAction\":[{\"@type\":\"ReadAction\",\"target\":[\"https:\\\/\\\/ammann-stepstore.com\\\/de\\\/produkt\\\/stufenauflager-aus-edelstahl-fuer-stahlwangentreppen-zum-einschrauben\\\/\"]}]},{\"@type\":\"ImageObject\",\"inLanguage\":\"es\",\"@id\":\"https:\\\/\\\/ammann-stepstore.com\\\/de\\\/produkt\\\/stufenauflager-aus-edelstahl-fuer-stahlwangentreppen-zum-einschrauben\\\/#primaryimage\",\"url\":\"https:\\\/\\\/ammann-stepstore.com\\\/wp-content\\\/uploads\\\/2026\\\/01\\\/StufenlagerStahlwangeSchraubbar.jpg\",\"contentUrl\":\"https:\\\/\\\/ammann-stepstore.com\\\/wp-content\\\/uploads\\\/2026\\\/01\\\/StufenlagerStahlwangeSchraubbar.jpg\",\"width\":790,\"height\":1000,\"caption\":\"Stufenhalter f\u00fcr Stahlwangentreppen zum Einschrauben\"},{\"@type\":\"BreadcrumbList\",\"@id\":\"https:\\\/\\\/ammann-stepstore.com\\\/de\\\/produkt\\\/stufenauflager-aus-edelstahl-fuer-stahlwangentreppen-zum-einschrauben\\\/#breadcrumb\",\"itemListElement\":[{\"@type\":\"ListItem\",\"position\":1,\"name\":\"Startseite\",\"item\":\"https:\\\/\\\/ammann-stepstore.com\\\/\"},{\"@type\":\"ListItem\",\"position\":2,\"name\":\"Shop\",\"item\":\"https:\\\/\\\/ammann-stepstore.com\\\/shop\\\/\"},{\"@type\":\"ListItem\",\"position\":3,\"name\":\"Stufenauflager aus Edelstahl f\u00fcr Stahlwangentreppen zum Einschrauben\"}]},{\"@type\":\"WebSite\",\"@id\":\"https:\\\/\\\/ammann-stepstore.com\\\/#website\",\"url\":\"https:\\\/\\\/ammann-stepstore.com\\\/\",\"name\":\"Ammann Stepstore\",\"description\":\"Treppenbau-Zubeh\u00f6r bequem online kaufen\",\"publisher\":{\"@id\":\"https:\\\/\\\/ammann-stepstore.com\\\/#organization\"},\"potentialAction\":[{\"@type\":\"SearchAction\",\"target\":{\"@type\":\"EntryPoint\",\"urlTemplate\":\"https:\\\/\\\/ammann-stepstore.com\\\/?s={search_term_string}\"},\"query-input\":{\"@type\":\"PropertyValueSpecification\",\"valueRequired\":true,\"valueName\":\"search_term_string\"}}],\"inLanguage\":\"es\"},{\"@type\":\"Organization\",\"@id\":\"https:\\\/\\\/ammann-stepstore.com\\\/#organization\",\"name\":\"easy-step GmbH\",\"url\":\"https:\\\/\\\/ammann-stepstore.com\\\/\",\"logo\":{\"@type\":\"ImageObject\",\"inLanguage\":\"es\",\"@id\":\"https:\\\/\\\/ammann-stepstore.com\\\/#\\\/schema\\\/logo\\\/image\\\/\",\"url\":\"https:\\\/\\\/ammann-stepstore.com\\\/wp-content\\\/uploads\\\/2018\\\/09\\\/Systembautreppe-merged.png\",\"contentUrl\":\"https:\\\/\\\/ammann-stepstore.com\\\/wp-content\\\/uploads\\\/2018\\\/09\\\/Systembautreppe-merged.png\",\"width\":273,\"height\":67,\"caption\":\"easy-step GmbH\"},\"image\":{\"@id\":\"https:\\\/\\\/ammann-stepstore.com\\\/#\\\/schema\\\/logo\\\/image\\\/\"},\"sameAs\":[\"https:\\\/\\\/www.instagram.com\\\/easystep_bautreppe\\\/\"]}]}<\/script>\n<!-- \/ Yoast SEO plugin. -->","yoast_head_json":{"title":"Soporte de pelda\u00f1os de acero inoxidable para escaleras de zancas de acero atornilladas - Ammann Stepstore","description":"Fijaci\u00f3n de pelda\u00f1os de acero inoxidable para escaleras de zancas de acero para atornillar. Compre ahora soportes para pelda\u00f1os en la tienda online de Ammann Treppen.","robots":{"index":"index","follow":"follow","max-snippet":"max-snippet:-1","max-image-preview":"max-image-preview:large","max-video-preview":"max-video-preview:-1"},"canonical":"https:\/\/ammann-stepstore.com\/es\/producto\/soporte-de-peldanos-de-acero-inoxidable-para-escaleras-de-zancas-de-acero-atornilladas\/","og_locale":"es_ES","og_type":"article","og_title":"Stufenauflager aus Edelstahl f\u00fcr Stahlwangentreppen zum Einschrauben - Ammann Stepstore","og_description":"Treppenstufenbefestigung aus Edelstahl f\u00fcr Stahlwangentreppen zum Einschrauben. Jetzt Stufentr\u00e4ger kaufen im Online-Shop von Ammann Treppen.","og_url":"https:\/\/ammann-stepstore.com\/es\/producto\/soporte-de-peldanos-de-acero-inoxidable-para-escaleras-de-zancas-de-acero-atornilladas\/","og_site_name":"Ammann Stepstore","article_modified_time":"2026-03-31T09:25:29+00:00","og_image":[{"width":790,"height":1000,"url":"https:\/\/ammann-stepstore.com\/wp-content\/uploads\/2026\/01\/StufenlagerStahlwangeSchraubbar.jpg","type":"image\/jpeg"}],"twitter_card":"summary_large_image","twitter_misc":{"Tiempo de lectura":"2 minutos"},"schema":{"@context":"https:\/\/schema.org","@graph":[{"@type":"WebPage","@id":"https:\/\/ammann-stepstore.com\/de\/produkt\/stufenauflager-aus-edelstahl-fuer-stahlwangentreppen-zum-einschrauben\/","url":"https:\/\/ammann-stepstore.com\/de\/produkt\/stufenauflager-aus-edelstahl-fuer-stahlwangentreppen-zum-einschrauben\/","name":"Soporte de pelda\u00f1os de acero inoxidable para escaleras de zancas de acero atornilladas - Ammann Stepstore","isPartOf":{"@id":"https:\/\/ammann-stepstore.com\/#website"},"primaryImageOfPage":{"@id":"https:\/\/ammann-stepstore.com\/de\/produkt\/stufenauflager-aus-edelstahl-fuer-stahlwangentreppen-zum-einschrauben\/#primaryimage"},"image":{"@id":"https:\/\/ammann-stepstore.com\/de\/produkt\/stufenauflager-aus-edelstahl-fuer-stahlwangentreppen-zum-einschrauben\/#primaryimage"},"thumbnailUrl":"https:\/\/ammann-stepstore.com\/wp-content\/uploads\/2026\/01\/StufenlagerStahlwangeSchraubbar.jpg","datePublished":"2026-01-29T14:08:16+00:00","dateModified":"2026-03-31T09:25:29+00:00","description":"Fijaci\u00f3n de pelda\u00f1os de acero inoxidable para escaleras de zancas de acero para atornillar. Compre ahora soportes para pelda\u00f1os en la tienda online de Ammann Treppen.","breadcrumb":{"@id":"https:\/\/ammann-stepstore.com\/de\/produkt\/stufenauflager-aus-edelstahl-fuer-stahlwangentreppen-zum-einschrauben\/#breadcrumb"},"inLanguage":"es","potentialAction":[{"@type":"ReadAction","target":["https:\/\/ammann-stepstore.com\/de\/produkt\/stufenauflager-aus-edelstahl-fuer-stahlwangentreppen-zum-einschrauben\/"]}]},{"@type":"ImageObject","inLanguage":"es","@id":"https:\/\/ammann-stepstore.com\/de\/produkt\/stufenauflager-aus-edelstahl-fuer-stahlwangentreppen-zum-einschrauben\/#primaryimage","url":"https:\/\/ammann-stepstore.com\/wp-content\/uploads\/2026\/01\/StufenlagerStahlwangeSchraubbar.jpg","contentUrl":"https:\/\/ammann-stepstore.com\/wp-content\/uploads\/2026\/01\/StufenlagerStahlwangeSchraubbar.jpg","width":790,"height":1000,"caption":"Stufenhalter f\u00fcr Stahlwangentreppen zum Einschrauben"},{"@type":"BreadcrumbList","@id":"https:\/\/ammann-stepstore.com\/de\/produkt\/stufenauflager-aus-edelstahl-fuer-stahlwangentreppen-zum-einschrauben\/#breadcrumb","itemListElement":[{"@type":"ListItem","position":1,"name":"Startseite","item":"https:\/\/ammann-stepstore.com\/"},{"@type":"ListItem","position":2,"name":"Shop","item":"https:\/\/ammann-stepstore.com\/shop\/"},{"@type":"ListItem","position":3,"name":"Stufenauflager aus Edelstahl f\u00fcr Stahlwangentreppen zum Einschrauben"}]},{"@type":"WebSite","@id":"https:\/\/ammann-stepstore.com\/#website","url":"https:\/\/ammann-stepstore.com\/","name":"Tienda Ammann Stepstore","description":"Comprar accesorios para escaleras c\u00f3modamente en l\u00ednea","publisher":{"@id":"https:\/\/ammann-stepstore.com\/#organization"},"potentialAction":[{"@type":"SearchAction","target":{"@type":"EntryPoint","urlTemplate":"https:\/\/ammann-stepstore.com\/?s={search_term_string}"},"query-input":{"@type":"PropertyValueSpecification","valueRequired":true,"valueName":"search_term_string"}}],"inLanguage":"es"},{"@type":"Organization","@id":"https:\/\/ammann-stepstore.com\/#organization","name":"easy-step GmbH","url":"https:\/\/ammann-stepstore.com\/","logo":{"@type":"ImageObject","inLanguage":"es","@id":"https:\/\/ammann-stepstore.com\/#\/schema\/logo\/image\/","url":"https:\/\/ammann-stepstore.com\/wp-content\/uploads\/2018\/09\/Systembautreppe-merged.png","contentUrl":"https:\/\/ammann-stepstore.com\/wp-content\/uploads\/2018\/09\/Systembautreppe-merged.png","width":273,"height":67,"caption":"easy-step GmbH"},"image":{"@id":"https:\/\/ammann-stepstore.com\/#\/schema\/logo\/image\/"},"sameAs":["https:\/\/www.instagram.com\/easystep_bautreppe\/"]}]}},"_links":{"self":[{"href":"https:\/\/ammann-stepstore.com\/es\/wp-json\/wp\/v2\/product\/8487","targetHints":{"allow":["GET"]}}],"collection":[{"href":"https:\/\/ammann-stepstore.com\/es\/wp-json\/wp\/v2\/product"}],"about":[{"href":"https:\/\/ammann-stepstore.com\/es\/wp-json\/wp\/v2\/types\/product"}],"replies":[{"embeddable":true,"href":"https:\/\/ammann-stepstore.com\/es\/wp-json\/wp\/v2\/comments?post=8487"}],"wp:featuredmedia":[{"embeddable":true,"href":"https:\/\/ammann-stepstore.com\/es\/wp-json\/wp\/v2\/media\/8490"}],"wp:attachment":[{"href":"https:\/\/ammann-stepstore.com\/es\/wp-json\/wp\/v2\/media?parent=8487"}],"wp:term":[{"taxonomy":"product_brand","embeddable":true,"href":"https:\/\/ammann-stepstore.com\/es\/wp-json\/wp\/v2\/product_brand?post=8487"},{"taxonomy":"product_cat","embeddable":true,"href":"https:\/\/ammann-stepstore.com\/es\/wp-json\/wp\/v2\/product_cat?post=8487"},{"taxonomy":"product_tag","embeddable":true,"href":"https:\/\/ammann-stepstore.com\/es\/wp-json\/wp\/v2\/product_tag?post=8487"}],"curies":[{"name":"wp","href":"https:\/\/api.w.org\/{rel}","templated":true}]}}