{"id":8482,"date":"2026-01-29T11:49:43","date_gmt":"2026-01-29T10:49:43","guid":{"rendered":"https:\/\/ammann-stepstore.com\/?post_type=product&#038;p=8482"},"modified":"2026-03-31T11:26:12","modified_gmt":"2026-03-31T09:26:12","slug":"soporte-de-peldanos-de-acero-inoxidable-para-escaleras-de-zancas-de-acero-para-soldar-en","status":"publish","type":"product","link":"https:\/\/ammann-stepstore.com\/es\/produkt\/stufenauflager-aus-edelstahl-fuer-stahlwangentreppen-zum-einschweissen\/","title":{"rendered":"Soporte de pelda\u00f1os de acero inoxidable para escaleras de largueros de acero soldados"},"content":{"rendered":"<div>\n<p data-start=\"288\" data-end=\"358\">Fijaci\u00f3n de pelda\u00f1os para escaleras de zancas de acero de Ammann Treppen<\/p>\n<p data-start=\"360\" data-end=\"571\">Hemos dise\u00f1ado soportes de pelda\u00f1os soldados especialmente desarrollados para escaleras de largueros de acero. Gracias a ellos, los pelda\u00f1os pueden fijarse de forma segura y permanente a los largueros de acero e instalarse con precisi\u00f3n.<\/p>\n<p data-start=\"573\" data-end=\"902\">Nuestros rodamientos para pelda\u00f1os de escaleras con zanca de acero se sueldan directamente a la zanca de acero y forman un soporte estable y duradero para los pelda\u00f1os de madera. Su sofisticado dise\u00f1o garantiza un aspecto limpio, una gran estabilidad y una fijaci\u00f3n fiable de los pelda\u00f1os al larguero de acero.<\/p>\n<p data-start=\"904\" data-end=\"1175\">Los soportes de pelda\u00f1os soldados son ideales para la construcci\u00f3n de escaleras con largueros de acero, donde los pelda\u00f1os deben colocarse con precisi\u00f3n y fijarse de forma permanente. Facilitan la instalaci\u00f3n y ofrecen una soluci\u00f3n profesional en la construcci\u00f3n de escaleras modernas.<\/p>\n<p data-start=\"1177\" data-end=\"1340\">Descubra ahora nuestros rodamientos de pelda\u00f1os de alta calidad para escaleras de zancas de acero y realice construcciones de escaleras estables, precisas y visualmente atractivas.<\/p>\n<\/div>\n<div><\/div>\n<div><\/div>\n<div><\/div>\n<div>Informaci\u00f3n sobre el art\u00edculo:<\/div>\n<div><\/div>\n<div><\/div>\n<div>\n<div><span style=\"color: #202020; font-family: Helvetica Neue, Helvetica, Arial, sans-serif;\">Espiga de 8,5 mm para montaje en la mejilla para soldar con 20 mm <\/span>\u00d8 , distancia del larguero al pelda\u00f1o 5mm para aislamiento ac\u00fastico, soporte del pelda\u00f1o 45mm<\/div>\n<div>Se suministra sin tornillos (se recomiendan tornillos Torx para madera de 4,5 x 40 para pelda\u00f1os de 45 mm de grosor)<\/div>\n<div><\/div>\n<div><\/div>\n<div><span style=\"color: #202020; font-family: Helvetica Neue, Helvetica, Arial, sans-serif;\">Se necesitan 4 soportes de pelda\u00f1o por pelda\u00f1o recto.<\/span><\/div>\n<div><\/div>\n<div>Env\u00edo desde Alemania<\/div>\n<div>\n<div><\/div>\n<div><\/div>\n<div>Soporte de cantonera de escalera, soporte de cantonera de acero, soporte de cantonera de escalera, soporte de pelda\u00f1o, soporte de pelda\u00f1o, soporte de pelda\u00f1o de madera, fijaci\u00f3n de cantonera de escalera, anclaje de pelda\u00f1o, soporte de cantonera de escalera, soporte de pelda\u00f1o, conector para acero y madera<\/div>\n<\/div>\n<\/div>","protected":false},"excerpt":{"rendered":"<p>por unidad para una escalera de 15 contrahuellas<\/p>","protected":false},"featured_media":8483,"comment_status":"closed","ping_status":"closed","template":"","meta":[],"product_brand":[],"product_cat":[78],"product_tag":[],"class_list":{"0":"post-8482","1":"product","2":"type-product","3":"status-publish","4":"has-post-thumbnail","6":"product_cat-stufenauflager","8":"first","9":"instock","10":"taxable","11":"shipping-taxable","12":"purchasable","13":"product-type-simple"},"yoast_head":"<!-- This site is optimized with the Yoast SEO plugin v27.4 - https:\/\/yoast.com\/product\/yoast-seo-wordpress\/ -->\n<title>Stufenauflager aus Edelstahl f\u00fcr Stahlwangentreppen zum Einschwei\u00dfen - Ammann Stepstore<\/title>\n<meta name=\"description\" content=\"Treppenstufenbefestigung aus Edelstahl f\u00fcr Stahlwangentreppen zum Einschwei\u00dfen. Jetzt Stufentr\u00e4ger kaufen im Online-Shop von Ammann Treppen.\" \/>\n<meta name=\"robots\" content=\"index, follow, max-snippet:-1, max-image-preview:large, max-video-preview:-1\" \/>\n<link rel=\"canonical\" href=\"https:\/\/ammann-stepstore.com\/es\/producto\/soporte-de-peldanos-de-acero-inoxidable-para-escaleras-de-zancas-de-acero-para-soldar-en\/\" \/>\n<meta property=\"og:locale\" content=\"es_ES\" \/>\n<meta property=\"og:type\" content=\"article\" \/>\n<meta property=\"og:title\" content=\"Stufenauflager aus Edelstahl f\u00fcr Stahlwangentreppen zum Einschwei\u00dfen - Ammann Stepstore\" \/>\n<meta property=\"og:description\" content=\"Treppenstufenbefestigung aus Edelstahl f\u00fcr Stahlwangentreppen zum Einschwei\u00dfen. Jetzt Stufentr\u00e4ger kaufen im Online-Shop von Ammann Treppen.\" \/>\n<meta property=\"og:url\" content=\"https:\/\/ammann-stepstore.com\/es\/producto\/soporte-de-peldanos-de-acero-inoxidable-para-escaleras-de-zancas-de-acero-para-soldar-en\/\" \/>\n<meta property=\"og:site_name\" content=\"Ammann Stepstore\" \/>\n<meta property=\"article:modified_time\" content=\"2026-03-31T09:26:12+00:00\" \/>\n<meta property=\"og:image\" content=\"https:\/\/ammann-stepstore.com\/wp-content\/uploads\/2026\/01\/StufenlagerStahlwangeSchweissbar1.jpg\" \/>\n\t<meta property=\"og:image:width\" content=\"790\" \/>\n\t<meta property=\"og:image:height\" content=\"1000\" \/>\n\t<meta property=\"og:image:type\" content=\"image\/jpeg\" \/>\n<meta name=\"twitter:card\" content=\"summary_large_image\" \/>\n<meta name=\"twitter:label1\" content=\"Tiempo de lectura\" \/>\n\t<meta name=\"twitter:data1\" content=\"2 minutos\" \/>\n<script type=\"application\/ld+json\" class=\"yoast-schema-graph\">{\"@context\":\"https:\\\/\\\/schema.org\",\"@graph\":[{\"@type\":\"WebPage\",\"@id\":\"https:\\\/\\\/ammann-stepstore.com\\\/fr\\\/produit\\\/supports-de-marches-en-acier-inoxydable-pour-escaliers-a-limons-en-acier-a-souder\\\/\",\"url\":\"https:\\\/\\\/ammann-stepstore.com\\\/fr\\\/produit\\\/supports-de-marches-en-acier-inoxydable-pour-escaliers-a-limons-en-acier-a-souder\\\/\",\"name\":\"Stufenauflager aus Edelstahl f\u00fcr Stahlwangentreppen zum Einschwei\u00dfen - Ammann Stepstore\",\"isPartOf\":{\"@id\":\"https:\\\/\\\/ammann-stepstore.com\\\/#website\"},\"primaryImageOfPage\":{\"@id\":\"https:\\\/\\\/ammann-stepstore.com\\\/fr\\\/produit\\\/supports-de-marches-en-acier-inoxydable-pour-escaliers-a-limons-en-acier-a-souder\\\/#primaryimage\"},\"image\":{\"@id\":\"https:\\\/\\\/ammann-stepstore.com\\\/fr\\\/produit\\\/supports-de-marches-en-acier-inoxydable-pour-escaliers-a-limons-en-acier-a-souder\\\/#primaryimage\"},\"thumbnailUrl\":\"https:\\\/\\\/ammann-stepstore.com\\\/wp-content\\\/uploads\\\/2026\\\/01\\\/StufenlagerStahlwangeSchweissbar1.jpg\",\"datePublished\":\"2026-01-29T10:49:43+00:00\",\"dateModified\":\"2026-03-31T09:26:12+00:00\",\"description\":\"Treppenstufenbefestigung aus Edelstahl f\u00fcr Stahlwangentreppen zum Einschwei\u00dfen. Jetzt Stufentr\u00e4ger kaufen im Online-Shop von Ammann Treppen.\",\"breadcrumb\":{\"@id\":\"https:\\\/\\\/ammann-stepstore.com\\\/fr\\\/produit\\\/supports-de-marches-en-acier-inoxydable-pour-escaliers-a-limons-en-acier-a-souder\\\/#breadcrumb\"},\"inLanguage\":\"es\",\"potentialAction\":[{\"@type\":\"ReadAction\",\"target\":[\"https:\\\/\\\/ammann-stepstore.com\\\/fr\\\/produit\\\/supports-de-marches-en-acier-inoxydable-pour-escaliers-a-limons-en-acier-a-souder\\\/\"]}]},{\"@type\":\"ImageObject\",\"inLanguage\":\"es\",\"@id\":\"https:\\\/\\\/ammann-stepstore.com\\\/fr\\\/produit\\\/supports-de-marches-en-acier-inoxydable-pour-escaliers-a-limons-en-acier-a-souder\\\/#primaryimage\",\"url\":\"https:\\\/\\\/ammann-stepstore.com\\\/wp-content\\\/uploads\\\/2026\\\/01\\\/StufenlagerStahlwangeSchweissbar1.jpg\",\"contentUrl\":\"https:\\\/\\\/ammann-stepstore.com\\\/wp-content\\\/uploads\\\/2026\\\/01\\\/StufenlagerStahlwangeSchweissbar1.jpg\",\"width\":790,\"height\":1000,\"caption\":\"Stufenauflager f\u00fcr Stahlwangentreppen zum Einschwei\u00dfen\"},{\"@type\":\"BreadcrumbList\",\"@id\":\"https:\\\/\\\/ammann-stepstore.com\\\/fr\\\/produit\\\/supports-de-marches-en-acier-inoxydable-pour-escaliers-a-limons-en-acier-a-souder\\\/#breadcrumb\",\"itemListElement\":[{\"@type\":\"ListItem\",\"position\":1,\"name\":\"Startseite\",\"item\":\"https:\\\/\\\/ammann-stepstore.com\\\/\"},{\"@type\":\"ListItem\",\"position\":2,\"name\":\"Shop\",\"item\":\"https:\\\/\\\/ammann-stepstore.com\\\/shop\\\/\"},{\"@type\":\"ListItem\",\"position\":3,\"name\":\"Stufenauflager aus Edelstahl f\u00fcr Stahlwangentreppen zum Einschwei\u00dfen\"}]},{\"@type\":\"WebSite\",\"@id\":\"https:\\\/\\\/ammann-stepstore.com\\\/#website\",\"url\":\"https:\\\/\\\/ammann-stepstore.com\\\/\",\"name\":\"Ammann Stepstore\",\"description\":\"Treppenbau-Zubeh\u00f6r bequem online kaufen\",\"publisher\":{\"@id\":\"https:\\\/\\\/ammann-stepstore.com\\\/#organization\"},\"potentialAction\":[{\"@type\":\"SearchAction\",\"target\":{\"@type\":\"EntryPoint\",\"urlTemplate\":\"https:\\\/\\\/ammann-stepstore.com\\\/?s={search_term_string}\"},\"query-input\":{\"@type\":\"PropertyValueSpecification\",\"valueRequired\":true,\"valueName\":\"search_term_string\"}}],\"inLanguage\":\"es\"},{\"@type\":\"Organization\",\"@id\":\"https:\\\/\\\/ammann-stepstore.com\\\/#organization\",\"name\":\"easy-step GmbH\",\"url\":\"https:\\\/\\\/ammann-stepstore.com\\\/\",\"logo\":{\"@type\":\"ImageObject\",\"inLanguage\":\"es\",\"@id\":\"https:\\\/\\\/ammann-stepstore.com\\\/#\\\/schema\\\/logo\\\/image\\\/\",\"url\":\"https:\\\/\\\/ammann-stepstore.com\\\/wp-content\\\/uploads\\\/2018\\\/09\\\/Systembautreppe-merged.png\",\"contentUrl\":\"https:\\\/\\\/ammann-stepstore.com\\\/wp-content\\\/uploads\\\/2018\\\/09\\\/Systembautreppe-merged.png\",\"width\":273,\"height\":67,\"caption\":\"easy-step GmbH\"},\"image\":{\"@id\":\"https:\\\/\\\/ammann-stepstore.com\\\/#\\\/schema\\\/logo\\\/image\\\/\"},\"sameAs\":[\"https:\\\/\\\/www.instagram.com\\\/easystep_bautreppe\\\/\"]}]}<\/script>\n<!-- \/ Yoast SEO plugin. -->","yoast_head_json":{"title":"Soporte de pelda\u00f1os de acero inoxidable para escaleras de zancas de acero soldadas - Ammann Stepstore","description":"Fijaci\u00f3n de pelda\u00f1os de acero inoxidable para escaleras de zancas de acero para soldar en. Compre ahora soportes para pelda\u00f1os en la tienda online de Ammann Treppen.","robots":{"index":"index","follow":"follow","max-snippet":"max-snippet:-1","max-image-preview":"max-image-preview:large","max-video-preview":"max-video-preview:-1"},"canonical":"https:\/\/ammann-stepstore.com\/es\/producto\/soporte-de-peldanos-de-acero-inoxidable-para-escaleras-de-zancas-de-acero-para-soldar-en\/","og_locale":"es_ES","og_type":"article","og_title":"Stufenauflager aus Edelstahl f\u00fcr Stahlwangentreppen zum Einschwei\u00dfen - Ammann Stepstore","og_description":"Treppenstufenbefestigung aus Edelstahl f\u00fcr Stahlwangentreppen zum Einschwei\u00dfen. Jetzt Stufentr\u00e4ger kaufen im Online-Shop von Ammann Treppen.","og_url":"https:\/\/ammann-stepstore.com\/es\/producto\/soporte-de-peldanos-de-acero-inoxidable-para-escaleras-de-zancas-de-acero-para-soldar-en\/","og_site_name":"Ammann Stepstore","article_modified_time":"2026-03-31T09:26:12+00:00","og_image":[{"width":790,"height":1000,"url":"https:\/\/ammann-stepstore.com\/wp-content\/uploads\/2026\/01\/StufenlagerStahlwangeSchweissbar1.jpg","type":"image\/jpeg"}],"twitter_card":"summary_large_image","twitter_misc":{"Tiempo de lectura":"2 minutos"},"schema":{"@context":"https:\/\/schema.org","@graph":[{"@type":"WebPage","@id":"https:\/\/ammann-stepstore.com\/fr\/produit\/supports-de-marches-en-acier-inoxydable-pour-escaliers-a-limons-en-acier-a-souder\/","url":"https:\/\/ammann-stepstore.com\/fr\/produit\/supports-de-marches-en-acier-inoxydable-pour-escaliers-a-limons-en-acier-a-souder\/","name":"Soporte de pelda\u00f1os de acero inoxidable para escaleras de zancas de acero soldadas - Ammann Stepstore","isPartOf":{"@id":"https:\/\/ammann-stepstore.com\/#website"},"primaryImageOfPage":{"@id":"https:\/\/ammann-stepstore.com\/fr\/produit\/supports-de-marches-en-acier-inoxydable-pour-escaliers-a-limons-en-acier-a-souder\/#primaryimage"},"image":{"@id":"https:\/\/ammann-stepstore.com\/fr\/produit\/supports-de-marches-en-acier-inoxydable-pour-escaliers-a-limons-en-acier-a-souder\/#primaryimage"},"thumbnailUrl":"https:\/\/ammann-stepstore.com\/wp-content\/uploads\/2026\/01\/StufenlagerStahlwangeSchweissbar1.jpg","datePublished":"2026-01-29T10:49:43+00:00","dateModified":"2026-03-31T09:26:12+00:00","description":"Fijaci\u00f3n de pelda\u00f1os de acero inoxidable para escaleras de zancas de acero para soldar en. Compre ahora soportes para pelda\u00f1os en la tienda online de Ammann Treppen.","breadcrumb":{"@id":"https:\/\/ammann-stepstore.com\/fr\/produit\/supports-de-marches-en-acier-inoxydable-pour-escaliers-a-limons-en-acier-a-souder\/#breadcrumb"},"inLanguage":"es","potentialAction":[{"@type":"ReadAction","target":["https:\/\/ammann-stepstore.com\/fr\/produit\/supports-de-marches-en-acier-inoxydable-pour-escaliers-a-limons-en-acier-a-souder\/"]}]},{"@type":"ImageObject","inLanguage":"es","@id":"https:\/\/ammann-stepstore.com\/fr\/produit\/supports-de-marches-en-acier-inoxydable-pour-escaliers-a-limons-en-acier-a-souder\/#primaryimage","url":"https:\/\/ammann-stepstore.com\/wp-content\/uploads\/2026\/01\/StufenlagerStahlwangeSchweissbar1.jpg","contentUrl":"https:\/\/ammann-stepstore.com\/wp-content\/uploads\/2026\/01\/StufenlagerStahlwangeSchweissbar1.jpg","width":790,"height":1000,"caption":"Stufenauflager f\u00fcr Stahlwangentreppen zum Einschwei\u00dfen"},{"@type":"BreadcrumbList","@id":"https:\/\/ammann-stepstore.com\/fr\/produit\/supports-de-marches-en-acier-inoxydable-pour-escaliers-a-limons-en-acier-a-souder\/#breadcrumb","itemListElement":[{"@type":"ListItem","position":1,"name":"Startseite","item":"https:\/\/ammann-stepstore.com\/"},{"@type":"ListItem","position":2,"name":"Shop","item":"https:\/\/ammann-stepstore.com\/shop\/"},{"@type":"ListItem","position":3,"name":"Stufenauflager aus Edelstahl f\u00fcr Stahlwangentreppen zum Einschwei\u00dfen"}]},{"@type":"WebSite","@id":"https:\/\/ammann-stepstore.com\/#website","url":"https:\/\/ammann-stepstore.com\/","name":"Tienda Ammann Stepstore","description":"Comprar accesorios para escaleras c\u00f3modamente en l\u00ednea","publisher":{"@id":"https:\/\/ammann-stepstore.com\/#organization"},"potentialAction":[{"@type":"SearchAction","target":{"@type":"EntryPoint","urlTemplate":"https:\/\/ammann-stepstore.com\/?s={search_term_string}"},"query-input":{"@type":"PropertyValueSpecification","valueRequired":true,"valueName":"search_term_string"}}],"inLanguage":"es"},{"@type":"Organization","@id":"https:\/\/ammann-stepstore.com\/#organization","name":"easy-step GmbH","url":"https:\/\/ammann-stepstore.com\/","logo":{"@type":"ImageObject","inLanguage":"es","@id":"https:\/\/ammann-stepstore.com\/#\/schema\/logo\/image\/","url":"https:\/\/ammann-stepstore.com\/wp-content\/uploads\/2018\/09\/Systembautreppe-merged.png","contentUrl":"https:\/\/ammann-stepstore.com\/wp-content\/uploads\/2018\/09\/Systembautreppe-merged.png","width":273,"height":67,"caption":"easy-step GmbH"},"image":{"@id":"https:\/\/ammann-stepstore.com\/#\/schema\/logo\/image\/"},"sameAs":["https:\/\/www.instagram.com\/easystep_bautreppe\/"]}]}},"_links":{"self":[{"href":"https:\/\/ammann-stepstore.com\/es\/wp-json\/wp\/v2\/product\/8482","targetHints":{"allow":["GET"]}}],"collection":[{"href":"https:\/\/ammann-stepstore.com\/es\/wp-json\/wp\/v2\/product"}],"about":[{"href":"https:\/\/ammann-stepstore.com\/es\/wp-json\/wp\/v2\/types\/product"}],"replies":[{"embeddable":true,"href":"https:\/\/ammann-stepstore.com\/es\/wp-json\/wp\/v2\/comments?post=8482"}],"wp:featuredmedia":[{"embeddable":true,"href":"https:\/\/ammann-stepstore.com\/es\/wp-json\/wp\/v2\/media\/8483"}],"wp:attachment":[{"href":"https:\/\/ammann-stepstore.com\/es\/wp-json\/wp\/v2\/media?parent=8482"}],"wp:term":[{"taxonomy":"product_brand","embeddable":true,"href":"https:\/\/ammann-stepstore.com\/es\/wp-json\/wp\/v2\/product_brand?post=8482"},{"taxonomy":"product_cat","embeddable":true,"href":"https:\/\/ammann-stepstore.com\/es\/wp-json\/wp\/v2\/product_cat?post=8482"},{"taxonomy":"product_tag","embeddable":true,"href":"https:\/\/ammann-stepstore.com\/es\/wp-json\/wp\/v2\/product_tag?post=8482"}],"curies":[{"name":"wp","href":"https:\/\/api.w.org\/{rel}","templated":true}]}}