{"id":8127,"date":"2024-04-11T09:13:09","date_gmt":"2024-04-11T07:13:09","guid":{"rendered":"https:\/\/ammann-stepstore-18589519.wptestserver2.de\/?post_type=product&#038;p=8127"},"modified":"2026-04-15T15:50:44","modified_gmt":"2026-04-15T13:50:44","slug":"soporte-pasamanos-acero-inoxidable-soporte-pasamanos-soporte-pasamanos-ral-9010","status":"publish","type":"product","link":"https:\/\/ammann-stepstore.com\/es\/produkt\/handlaufhalter-edelstahl-handlaufstuetze-handlauftraeger-handlaufhalterung-ral-9010\/","title":{"rendered":"Soporte de pasamanos acero inoxidable Classic - RAL 9010"},"content":{"rendered":"<p data-start=\"1577\" data-end=\"1652\">Soporte de pasamanos cl\u00e1sico en blanco - elegante fijaci\u00f3n mural para pasamanos<\/p>\n<p data-start=\"1654\" data-end=\"1935\">El soporte de pasamanos Classic de color blanco ofrece una soluci\u00f3n elegante y funcional para fijar pasamanos a escaleras y paredes. La superficie de color claro garantiza un aspecto discreto y combina especialmente bien con escaleras de colores claros, pasamanos de madera y espacios modernos.<\/p>\n<p data-start=\"1937\" data-end=\"2188\">Este soporte para pasamanos de escaleras combina un dise\u00f1o atemporal con una construcci\u00f3n robusta. El dise\u00f1o de alta calidad asegura una conexi\u00f3n segura entre el pasamanos y la pared y garantiza un uso diario fiable.<\/p>\n<p data-start=\"2190\" data-end=\"2426\">El soporte para pasamanos blanco es ideal para distintos tipos de escaleras y pasamanos de madera o metal. Es una soluci\u00f3n duradera para escaleras, barandillas y pasamanos de pared en viviendas, oficinas o edificios p\u00fablicos.<\/p>\n<p data-start=\"2428\" data-end=\"2618\">La instalaci\u00f3n es r\u00e1pida y sencilla. El soporte de barandilla para montaje en pared puede fijarse en unos sencillos pasos y garantiza de inmediato una construcci\u00f3n estable de la barandilla.<\/p>\n<p data-start=\"2620\" data-end=\"2778\">Con el soporte de barandilla Classic en blanco, puede confiar en una soluci\u00f3n elegante y pr\u00e1ctica para la fijaci\u00f3n segura de las barandillas a su escalera.<\/p>\n<p>Informaci\u00f3n sobre el art\u00edculo:<\/p>\n<p>Enden der Halterung auf einer Seite rund und auf einer Seite gerade &#8211; somit k\u00f6nnen eckige und runde Handl\u00e4ufe montiert werden.<\/p>\n<p>(soporte de pasamanos de pared de 3 piezas)<\/p>","protected":false},"excerpt":{"rendered":"<p>Handlaufhalter Classic in Wei\u00df \u2013 elegante Wandbefestigung f\u00fcr Handl\u00e4ufe Der Handlaufhalter Classic in Wei\u00df bietet eine elegante und funktionale L\u00f6sung f\u00fcr die Befestigung von Handl\u00e4ufen an Treppen und W\u00e4nden. Die helle Oberfl\u00e4che sorgt f\u00fcr eine dezente Optik und passt besonders gut zu hellen Treppen, Holzhandl\u00e4ufen und modernen Wohnr\u00e4umen. Dieser Handlaufhalter f\u00fcr Treppenhandl\u00e4ufe verbindet ein zeitloses&#8230;<\/p>","protected":false},"featured_media":8136,"comment_status":"closed","ping_status":"closed","template":"","meta":[],"product_brand":[],"product_cat":[77],"product_tag":[],"class_list":{"0":"post-8127","1":"product","2":"type-product","3":"status-publish","4":"has-post-thumbnail","6":"product_cat-wandlaufhalter","8":"first","9":"outofstock","10":"taxable","11":"shipping-taxable","12":"purchasable","13":"product-type-simple"},"yoast_head":"<!-- This site is optimized with the Yoast SEO plugin v27.4 - https:\/\/yoast.com\/product\/yoast-seo-wordpress\/ -->\n<title>Handlaufhalter Edelstahl Classic - RAL 9010 - Ammann Stepstore<\/title>\n<meta name=\"description\" content=\"Unser Handlaufhalter-Classic passt perfekt in jedes Haus. Egal ob klassisch, oder modern: Dieser Handlauftr\u00e4ger passt immer perfekt.\" \/>\n<meta name=\"robots\" content=\"index, follow, max-snippet:-1, max-image-preview:large, max-video-preview:-1\" \/>\n<link rel=\"canonical\" href=\"https:\/\/ammann-stepstore.com\/es\/producto\/soporte-pasamanos-acero-inoxidable-soporte-pasamanos-soporte-pasamanos-ral-9010\/\" \/>\n<meta property=\"og:locale\" content=\"es_ES\" \/>\n<meta property=\"og:type\" content=\"article\" \/>\n<meta property=\"og:title\" content=\"Handlaufhalter Edelstahl Classic - RAL 9010 - Ammann Stepstore\" \/>\n<meta property=\"og:description\" content=\"Unser Handlaufhalter-Classic passt perfekt in jedes Haus. Egal ob klassisch, oder modern: Dieser Handlauftr\u00e4ger passt immer perfekt.\" \/>\n<meta property=\"og:url\" content=\"https:\/\/ammann-stepstore.com\/es\/producto\/soporte-pasamanos-acero-inoxidable-soporte-pasamanos-soporte-pasamanos-ral-9010\/\" \/>\n<meta property=\"og:site_name\" content=\"Ammann Stepstore\" \/>\n<meta property=\"article:modified_time\" content=\"2026-04-15T13:50:44+00:00\" \/>\n<meta property=\"og:image\" content=\"https:\/\/ammann-stepstore.com\/wp-content\/uploads\/2024\/04\/Ammann-Treppen_Wandlaufhalter_RAL9010_1-1.jpg\" \/>\n\t<meta property=\"og:image:width\" content=\"790\" \/>\n\t<meta property=\"og:image:height\" content=\"1000\" \/>\n\t<meta property=\"og:image:type\" content=\"image\/jpeg\" \/>\n<meta name=\"twitter:card\" content=\"summary_large_image\" \/>\n<meta name=\"twitter:label1\" content=\"Tiempo de lectura\" \/>\n\t<meta name=\"twitter:data1\" content=\"2 minutos\" \/>\n<script type=\"application\/ld+json\" class=\"yoast-schema-graph\">{\"@context\":\"https:\\\/\\\/schema.org\",\"@graph\":[{\"@type\":\"WebPage\",\"@id\":\"https:\\\/\\\/ammann-stepstore.com\\\/produkt\\\/handlaufhalter-edelstahl-handlaufstuetze-handlauftraeger-handlaufhalterung-ral-9010\\\/\",\"url\":\"https:\\\/\\\/ammann-stepstore.com\\\/produkt\\\/handlaufhalter-edelstahl-handlaufstuetze-handlauftraeger-handlaufhalterung-ral-9010\\\/\",\"name\":\"Handlaufhalter Edelstahl Classic - RAL 9010 - Ammann Stepstore\",\"isPartOf\":{\"@id\":\"https:\\\/\\\/ammann-stepstore.com\\\/#website\"},\"primaryImageOfPage\":{\"@id\":\"https:\\\/\\\/ammann-stepstore.com\\\/produkt\\\/handlaufhalter-edelstahl-handlaufstuetze-handlauftraeger-handlaufhalterung-ral-9010\\\/#primaryimage\"},\"image\":{\"@id\":\"https:\\\/\\\/ammann-stepstore.com\\\/produkt\\\/handlaufhalter-edelstahl-handlaufstuetze-handlauftraeger-handlaufhalterung-ral-9010\\\/#primaryimage\"},\"thumbnailUrl\":\"https:\\\/\\\/ammann-stepstore.com\\\/wp-content\\\/uploads\\\/2024\\\/04\\\/Ammann-Treppen_Wandlaufhalter_RAL9010_1-1.jpg\",\"datePublished\":\"2024-04-11T07:13:09+00:00\",\"dateModified\":\"2026-04-15T13:50:44+00:00\",\"description\":\"Unser Handlaufhalter-Classic passt perfekt in jedes Haus. Egal ob klassisch, oder modern: Dieser Handlauftr\u00e4ger passt immer perfekt.\",\"breadcrumb\":{\"@id\":\"https:\\\/\\\/ammann-stepstore.com\\\/produkt\\\/handlaufhalter-edelstahl-handlaufstuetze-handlauftraeger-handlaufhalterung-ral-9010\\\/#breadcrumb\"},\"inLanguage\":\"es\",\"potentialAction\":[{\"@type\":\"ReadAction\",\"target\":[\"https:\\\/\\\/ammann-stepstore.com\\\/produkt\\\/handlaufhalter-edelstahl-handlaufstuetze-handlauftraeger-handlaufhalterung-ral-9010\\\/\"]}]},{\"@type\":\"ImageObject\",\"inLanguage\":\"es\",\"@id\":\"https:\\\/\\\/ammann-stepstore.com\\\/produkt\\\/handlaufhalter-edelstahl-handlaufstuetze-handlauftraeger-handlaufhalterung-ral-9010\\\/#primaryimage\",\"url\":\"https:\\\/\\\/ammann-stepstore.com\\\/wp-content\\\/uploads\\\/2024\\\/04\\\/Ammann-Treppen_Wandlaufhalter_RAL9010_1-1.jpg\",\"contentUrl\":\"https:\\\/\\\/ammann-stepstore.com\\\/wp-content\\\/uploads\\\/2024\\\/04\\\/Ammann-Treppen_Wandlaufhalter_RAL9010_1-1.jpg\",\"width\":790,\"height\":1000,\"caption\":\"handlaufhalter-edelstahl-handlaufst\u00fctze-handlauftr\u00e4ger-ral-9010\"},{\"@type\":\"BreadcrumbList\",\"@id\":\"https:\\\/\\\/ammann-stepstore.com\\\/produkt\\\/handlaufhalter-edelstahl-handlaufstuetze-handlauftraeger-handlaufhalterung-ral-9010\\\/#breadcrumb\",\"itemListElement\":[{\"@type\":\"ListItem\",\"position\":1,\"name\":\"Startseite\",\"item\":\"https:\\\/\\\/ammann-stepstore.com\\\/\"},{\"@type\":\"ListItem\",\"position\":2,\"name\":\"Shop\",\"item\":\"https:\\\/\\\/ammann-stepstore.com\\\/shop\\\/\"},{\"@type\":\"ListItem\",\"position\":3,\"name\":\"Handlaufhalter Edelstahl Classic &#8211; RAL 9010\"}]},{\"@type\":\"WebSite\",\"@id\":\"https:\\\/\\\/ammann-stepstore.com\\\/#website\",\"url\":\"https:\\\/\\\/ammann-stepstore.com\\\/\",\"name\":\"Ammann Stepstore\",\"description\":\"Treppenbau-Zubeh\u00f6r bequem online kaufen\",\"publisher\":{\"@id\":\"https:\\\/\\\/ammann-stepstore.com\\\/#organization\"},\"potentialAction\":[{\"@type\":\"SearchAction\",\"target\":{\"@type\":\"EntryPoint\",\"urlTemplate\":\"https:\\\/\\\/ammann-stepstore.com\\\/?s={search_term_string}\"},\"query-input\":{\"@type\":\"PropertyValueSpecification\",\"valueRequired\":true,\"valueName\":\"search_term_string\"}}],\"inLanguage\":\"es\"},{\"@type\":\"Organization\",\"@id\":\"https:\\\/\\\/ammann-stepstore.com\\\/#organization\",\"name\":\"easy-step GmbH\",\"url\":\"https:\\\/\\\/ammann-stepstore.com\\\/\",\"logo\":{\"@type\":\"ImageObject\",\"inLanguage\":\"es\",\"@id\":\"https:\\\/\\\/ammann-stepstore.com\\\/#\\\/schema\\\/logo\\\/image\\\/\",\"url\":\"https:\\\/\\\/ammann-stepstore.com\\\/wp-content\\\/uploads\\\/2018\\\/09\\\/Systembautreppe-merged.png\",\"contentUrl\":\"https:\\\/\\\/ammann-stepstore.com\\\/wp-content\\\/uploads\\\/2018\\\/09\\\/Systembautreppe-merged.png\",\"width\":273,\"height\":67,\"caption\":\"easy-step GmbH\"},\"image\":{\"@id\":\"https:\\\/\\\/ammann-stepstore.com\\\/#\\\/schema\\\/logo\\\/image\\\/\"},\"sameAs\":[\"https:\\\/\\\/www.instagram.com\\\/easystep_bautreppe\\\/\"]}]}<\/script>\n<!-- \/ Yoast SEO plugin. -->","yoast_head_json":{"title":"Soporte de pasamanos de acero inoxidable Classic - RAL 9010 - Ammann Stepstore","description":"Nuestro soporte de pasamanos Classic encaja perfectamente en cualquier hogar. Ya sea cl\u00e1sico o moderno: Este soporte de pasamanos siempre encaja a la perfecci\u00f3n.","robots":{"index":"index","follow":"follow","max-snippet":"max-snippet:-1","max-image-preview":"max-image-preview:large","max-video-preview":"max-video-preview:-1"},"canonical":"https:\/\/ammann-stepstore.com\/es\/producto\/soporte-pasamanos-acero-inoxidable-soporte-pasamanos-soporte-pasamanos-ral-9010\/","og_locale":"es_ES","og_type":"article","og_title":"Handlaufhalter Edelstahl Classic - RAL 9010 - Ammann Stepstore","og_description":"Unser Handlaufhalter-Classic passt perfekt in jedes Haus. Egal ob klassisch, oder modern: Dieser Handlauftr\u00e4ger passt immer perfekt.","og_url":"https:\/\/ammann-stepstore.com\/es\/producto\/soporte-pasamanos-acero-inoxidable-soporte-pasamanos-soporte-pasamanos-ral-9010\/","og_site_name":"Ammann Stepstore","article_modified_time":"2026-04-15T13:50:44+00:00","og_image":[{"width":790,"height":1000,"url":"https:\/\/ammann-stepstore.com\/wp-content\/uploads\/2024\/04\/Ammann-Treppen_Wandlaufhalter_RAL9010_1-1.jpg","type":"image\/jpeg"}],"twitter_card":"summary_large_image","twitter_misc":{"Tiempo de lectura":"2 minutos"},"schema":{"@context":"https:\/\/schema.org","@graph":[{"@type":"WebPage","@id":"https:\/\/ammann-stepstore.com\/produkt\/handlaufhalter-edelstahl-handlaufstuetze-handlauftraeger-handlaufhalterung-ral-9010\/","url":"https:\/\/ammann-stepstore.com\/produkt\/handlaufhalter-edelstahl-handlaufstuetze-handlauftraeger-handlaufhalterung-ral-9010\/","name":"Soporte de pasamanos de acero inoxidable Classic - RAL 9010 - Ammann Stepstore","isPartOf":{"@id":"https:\/\/ammann-stepstore.com\/#website"},"primaryImageOfPage":{"@id":"https:\/\/ammann-stepstore.com\/produkt\/handlaufhalter-edelstahl-handlaufstuetze-handlauftraeger-handlaufhalterung-ral-9010\/#primaryimage"},"image":{"@id":"https:\/\/ammann-stepstore.com\/produkt\/handlaufhalter-edelstahl-handlaufstuetze-handlauftraeger-handlaufhalterung-ral-9010\/#primaryimage"},"thumbnailUrl":"https:\/\/ammann-stepstore.com\/wp-content\/uploads\/2024\/04\/Ammann-Treppen_Wandlaufhalter_RAL9010_1-1.jpg","datePublished":"2024-04-11T07:13:09+00:00","dateModified":"2026-04-15T13:50:44+00:00","description":"Nuestro soporte de pasamanos Classic encaja perfectamente en cualquier hogar. Ya sea cl\u00e1sico o moderno: Este soporte de pasamanos siempre encaja a la perfecci\u00f3n.","breadcrumb":{"@id":"https:\/\/ammann-stepstore.com\/produkt\/handlaufhalter-edelstahl-handlaufstuetze-handlauftraeger-handlaufhalterung-ral-9010\/#breadcrumb"},"inLanguage":"es","potentialAction":[{"@type":"ReadAction","target":["https:\/\/ammann-stepstore.com\/produkt\/handlaufhalter-edelstahl-handlaufstuetze-handlauftraeger-handlaufhalterung-ral-9010\/"]}]},{"@type":"ImageObject","inLanguage":"es","@id":"https:\/\/ammann-stepstore.com\/produkt\/handlaufhalter-edelstahl-handlaufstuetze-handlauftraeger-handlaufhalterung-ral-9010\/#primaryimage","url":"https:\/\/ammann-stepstore.com\/wp-content\/uploads\/2024\/04\/Ammann-Treppen_Wandlaufhalter_RAL9010_1-1.jpg","contentUrl":"https:\/\/ammann-stepstore.com\/wp-content\/uploads\/2024\/04\/Ammann-Treppen_Wandlaufhalter_RAL9010_1-1.jpg","width":790,"height":1000,"caption":"handlaufhalter-edelstahl-handlaufst\u00fctze-handlauftr\u00e4ger-ral-9010"},{"@type":"BreadcrumbList","@id":"https:\/\/ammann-stepstore.com\/produkt\/handlaufhalter-edelstahl-handlaufstuetze-handlauftraeger-handlaufhalterung-ral-9010\/#breadcrumb","itemListElement":[{"@type":"ListItem","position":1,"name":"Startseite","item":"https:\/\/ammann-stepstore.com\/"},{"@type":"ListItem","position":2,"name":"Shop","item":"https:\/\/ammann-stepstore.com\/shop\/"},{"@type":"ListItem","position":3,"name":"Handlaufhalter Edelstahl Classic &#8211; RAL 9010"}]},{"@type":"WebSite","@id":"https:\/\/ammann-stepstore.com\/#website","url":"https:\/\/ammann-stepstore.com\/","name":"Tienda Ammann Stepstore","description":"Comprar accesorios para escaleras c\u00f3modamente en l\u00ednea","publisher":{"@id":"https:\/\/ammann-stepstore.com\/#organization"},"potentialAction":[{"@type":"SearchAction","target":{"@type":"EntryPoint","urlTemplate":"https:\/\/ammann-stepstore.com\/?s={search_term_string}"},"query-input":{"@type":"PropertyValueSpecification","valueRequired":true,"valueName":"search_term_string"}}],"inLanguage":"es"},{"@type":"Organization","@id":"https:\/\/ammann-stepstore.com\/#organization","name":"easy-step GmbH","url":"https:\/\/ammann-stepstore.com\/","logo":{"@type":"ImageObject","inLanguage":"es","@id":"https:\/\/ammann-stepstore.com\/#\/schema\/logo\/image\/","url":"https:\/\/ammann-stepstore.com\/wp-content\/uploads\/2018\/09\/Systembautreppe-merged.png","contentUrl":"https:\/\/ammann-stepstore.com\/wp-content\/uploads\/2018\/09\/Systembautreppe-merged.png","width":273,"height":67,"caption":"easy-step GmbH"},"image":{"@id":"https:\/\/ammann-stepstore.com\/#\/schema\/logo\/image\/"},"sameAs":["https:\/\/www.instagram.com\/easystep_bautreppe\/"]}]}},"_links":{"self":[{"href":"https:\/\/ammann-stepstore.com\/es\/wp-json\/wp\/v2\/product\/8127","targetHints":{"allow":["GET"]}}],"collection":[{"href":"https:\/\/ammann-stepstore.com\/es\/wp-json\/wp\/v2\/product"}],"about":[{"href":"https:\/\/ammann-stepstore.com\/es\/wp-json\/wp\/v2\/types\/product"}],"replies":[{"embeddable":true,"href":"https:\/\/ammann-stepstore.com\/es\/wp-json\/wp\/v2\/comments?post=8127"}],"wp:featuredmedia":[{"embeddable":true,"href":"https:\/\/ammann-stepstore.com\/es\/wp-json\/wp\/v2\/media\/8136"}],"wp:attachment":[{"href":"https:\/\/ammann-stepstore.com\/es\/wp-json\/wp\/v2\/media?parent=8127"}],"wp:term":[{"taxonomy":"product_brand","embeddable":true,"href":"https:\/\/ammann-stepstore.com\/es\/wp-json\/wp\/v2\/product_brand?post=8127"},{"taxonomy":"product_cat","embeddable":true,"href":"https:\/\/ammann-stepstore.com\/es\/wp-json\/wp\/v2\/product_cat?post=8127"},{"taxonomy":"product_tag","embeddable":true,"href":"https:\/\/ammann-stepstore.com\/es\/wp-json\/wp\/v2\/product_tag?post=8127"}],"curies":[{"name":"wp","href":"https:\/\/api.w.org\/{rel}","templated":true}]}}