{"id":8125,"date":"2024-04-11T09:01:03","date_gmt":"2024-04-11T07:01:03","guid":{"rendered":"https:\/\/ammann-stepstore-18589519.wptestserver2.de\/?post_type=product&#038;p=8125"},"modified":"2026-04-14T14:47:13","modified_gmt":"2026-04-14T12:47:13","slug":"soporte-de-peldano-fijacion-de-peldano-conector-de-peldano-para-escaleras-de-zanca-de-madera-ral-9005","status":"publish","type":"product","link":"https:\/\/ammann-stepstore.com\/es\/produkt\/stufenauflager-stufentraeger-treppenstufenbefestigung-stufenverbinder-fuer-holzwangentreppen-ral-9005\/","title":{"rendered":"Soporte de pelda\u00f1os de acero inoxidable para escaleras de madera y conexiones vers\u00e1tiles de madera negro"},"content":{"rendered":"<div>\n<p>Apoyos para escalones de Ammann Treppen:<\/p>\n<p class=\"\" data-start=\"378\" data-end=\"682\">Descubra las ventajas de nuestros soportes de pelda\u00f1os para escaleras de largueros de madera y ponga fin de forma permanente a los traqueteos o chirridos de las escaleras. Nuestros soportes para escaleras proporcionan una conexi\u00f3n insonorizada entre los pelda\u00f1os y los largueros y ofrecen una experiencia de escalera silenciosa, estable y duradera.<\/p>\n<p class=\"\" data-start=\"684\" data-end=\"989\">Con nuestros soportes y conectores de pelda\u00f1os de acero inoxidable de alta calidad, los pelda\u00f1os individuales pueden sustituirse f\u00e1cilmente, sin tener que desmontar toda la escalera. No es necesario un laborioso fresado, basta con un simple taladro. Esto significa que incluso los principiantes pueden construir escaleras de forma r\u00e1pida y segura.<\/p>\n<p class=\"\" data-start=\"991\" data-end=\"1285\">Nuestros soportes de pelda\u00f1os no s\u00f3lo son una alternativa inteligente a las escaleras con mortaja, sino que tambi\u00e9n son universalmente adecuados como conectores de madera para una amplia gama de proyectos de madera en interiores y exteriores. Ideal para cualquiera que busque soluciones de conexi\u00f3n de acero inoxidable duraderas y vers\u00e1tiles.<\/p>\n<p class=\"\" data-start=\"1287\" data-end=\"1453\">Haga su pedido ahora y experimente la diferencia: con las sofisticadas soluciones de Ammann Treppen para la fijaci\u00f3n de pelda\u00f1os y las uniones flexibles de madera.<\/p>\n<\/div>\n<div><\/div>\n<div><\/div>\n<div>Informaci\u00f3n sobre el art\u00edculo:<\/div>\n<div><\/div>\n<div>\n<div><span style=\"color: #202020; font-family: Helvetica Neue, Helvetica, Arial, sans-serif;\">Espiga de 15 mm para montaje en la mejilla, 20 mm\u00a0<\/span>\u00d8 para taladrar en el larguero, distancia del larguero al pelda\u00f1o 5mm para aislamiento ac\u00fastico, soporte del pelda\u00f1o 45mm<\/div>\n<div>Se suministra sin tornillos (se recomiendan tornillos Torx para madera de 4,5 x 40 para pelda\u00f1os de 45 mm de grosor y largueros de 45 mm de grosor)<\/div>\n<div><\/div>\n<div>Para m\u00e1s informaci\u00f3n, consulte las instrucciones de montaje.<\/div>\n<div><span style=\"color: #202020; font-family: Helvetica Neue, Helvetica, Arial, sans-serif;\">Se necesitan 4 soportes de pelda\u00f1o por pelda\u00f1o.<\/span><\/div>\n<\/div>\n<div><\/div>\n<div>Env\u00edo desde Alemania.<\/div>\n<div>\n<div><\/div>\n<div><\/div>\n<div>\n<div><\/div>\n<div><\/div>\n<div>Soporte de pelda\u00f1o, soporte de pelda\u00f1o, soporte de pelda\u00f1o, soporte de pelda\u00f1o, soporte de pelda\u00f1o, soporte de pelda\u00f1o de madera, fijaci\u00f3n de pelda\u00f1o, anclaje de pelda\u00f1o, soporte de pelda\u00f1o, soporte de pelda\u00f1o<\/div>\n<\/div>\n<\/div>","protected":false},"excerpt":{"rendered":"<p>Stufenauflager von Ammann Treppen: Entdecken Sie die Vorteile unserer Stufenauflager f\u00fcr Holzwangentreppen und beenden Sie klappernde oder quietschende Treppen dauerhaft. Unsere Treppenauflager sorgen f\u00fcr eine schallentkoppelte Verbindung zwischen Stufen und Wangen und bieten ein ruhiges, stabiles und langlebiges Treppenerlebnis. Mit unseren hochwertigen Stufentr\u00e4gern und Stufenverbindern aus Edelstahl k\u00f6nnen einzelne Stufen problemlos ausgetauscht werden \u2013 ganz&#8230;<\/p>","protected":false},"featured_media":8103,"comment_status":"closed","ping_status":"closed","template":"","meta":[],"product_brand":[],"product_cat":[78],"product_tag":[],"class_list":{"0":"post-8125","1":"product","2":"type-product","3":"status-publish","4":"has-post-thumbnail","6":"product_cat-stufenauflager","8":"first","9":"instock","10":"taxable","11":"shipping-taxable","12":"purchasable","13":"product-type-simple"},"yoast_head":"<!-- This site is optimized with the Yoast SEO plugin v27.4 - https:\/\/yoast.com\/product\/yoast-seo-wordpress\/ -->\n<title>Stufenauflager aus Edelstahl f\u00fcr Holztreppen &amp; vielseitige Holzverbindungen schwarz - Ammann Stepstore<\/title>\n<meta name=\"description\" content=\"Treppenstufenbefestigung aus Edelstahl f\u00fcr Holzwangentreppen. Diese Stufentr\u00e4ger sind die bessere Alternative zur eingestemmten Treppe (Schallentkoppelt)\" \/>\n<meta name=\"robots\" content=\"index, follow, max-snippet:-1, max-image-preview:large, max-video-preview:-1\" \/>\n<link rel=\"canonical\" href=\"https:\/\/ammann-stepstore.com\/es\/producto\/soporte-de-peldano-fijacion-de-peldano-conector-de-peldano-para-escaleras-de-zanca-de-madera-ral-9005\/\" \/>\n<meta property=\"og:locale\" content=\"es_ES\" \/>\n<meta property=\"og:type\" content=\"article\" \/>\n<meta property=\"og:title\" content=\"Stufenauflager aus Edelstahl f\u00fcr Holztreppen &amp; vielseitige Holzverbindungen schwarz - Ammann Stepstore\" \/>\n<meta property=\"og:description\" content=\"Treppenstufenbefestigung aus Edelstahl f\u00fcr Holzwangentreppen. Diese Stufentr\u00e4ger sind die bessere Alternative zur eingestemmten Treppe (Schallentkoppelt)\" \/>\n<meta property=\"og:url\" content=\"https:\/\/ammann-stepstore.com\/es\/producto\/soporte-de-peldano-fijacion-de-peldano-conector-de-peldano-para-escaleras-de-zanca-de-madera-ral-9005\/\" \/>\n<meta property=\"og:site_name\" content=\"Ammann Stepstore\" \/>\n<meta property=\"article:modified_time\" content=\"2026-04-14T12:47:13+00:00\" \/>\n<meta property=\"og:image\" content=\"https:\/\/ammann-stepstore.com\/wp-content\/uploads\/2024\/04\/Ammann-Treppen_Stufenauflager_RAL9005_4.jpg\" \/>\n\t<meta property=\"og:image:width\" content=\"790\" \/>\n\t<meta property=\"og:image:height\" content=\"1000\" \/>\n\t<meta property=\"og:image:type\" content=\"image\/jpeg\" \/>\n<meta name=\"twitter:card\" content=\"summary_large_image\" \/>\n<meta name=\"twitter:label1\" content=\"Tiempo de lectura\" \/>\n\t<meta name=\"twitter:data1\" content=\"2 minutos\" \/>\n<script type=\"application\/ld+json\" class=\"yoast-schema-graph\">{\"@context\":\"https:\\\/\\\/schema.org\",\"@graph\":[{\"@type\":\"WebPage\",\"@id\":\"https:\\\/\\\/ammann-stepstore.com\\\/produkt\\\/stufenauflager-stufentraeger-treppenstufenbefestigung-stufenverbinder-fuer-holzwangentreppen-ral-9005\\\/\",\"url\":\"https:\\\/\\\/ammann-stepstore.com\\\/produkt\\\/stufenauflager-stufentraeger-treppenstufenbefestigung-stufenverbinder-fuer-holzwangentreppen-ral-9005\\\/\",\"name\":\"Stufenauflager aus Edelstahl f\u00fcr Holztreppen & vielseitige Holzverbindungen schwarz - Ammann Stepstore\",\"isPartOf\":{\"@id\":\"https:\\\/\\\/ammann-stepstore.com\\\/#website\"},\"primaryImageOfPage\":{\"@id\":\"https:\\\/\\\/ammann-stepstore.com\\\/produkt\\\/stufenauflager-stufentraeger-treppenstufenbefestigung-stufenverbinder-fuer-holzwangentreppen-ral-9005\\\/#primaryimage\"},\"image\":{\"@id\":\"https:\\\/\\\/ammann-stepstore.com\\\/produkt\\\/stufenauflager-stufentraeger-treppenstufenbefestigung-stufenverbinder-fuer-holzwangentreppen-ral-9005\\\/#primaryimage\"},\"thumbnailUrl\":\"https:\\\/\\\/ammann-stepstore.com\\\/wp-content\\\/uploads\\\/2024\\\/04\\\/Ammann-Treppen_Stufenauflager_RAL9005_4.jpg\",\"datePublished\":\"2024-04-11T07:01:03+00:00\",\"dateModified\":\"2026-04-14T12:47:13+00:00\",\"description\":\"Treppenstufenbefestigung aus Edelstahl f\u00fcr Holzwangentreppen. Diese Stufentr\u00e4ger sind die bessere Alternative zur eingestemmten Treppe (Schallentkoppelt)\",\"breadcrumb\":{\"@id\":\"https:\\\/\\\/ammann-stepstore.com\\\/produkt\\\/stufenauflager-stufentraeger-treppenstufenbefestigung-stufenverbinder-fuer-holzwangentreppen-ral-9005\\\/#breadcrumb\"},\"inLanguage\":\"es\",\"potentialAction\":[{\"@type\":\"ReadAction\",\"target\":[\"https:\\\/\\\/ammann-stepstore.com\\\/produkt\\\/stufenauflager-stufentraeger-treppenstufenbefestigung-stufenverbinder-fuer-holzwangentreppen-ral-9005\\\/\"]}]},{\"@type\":\"ImageObject\",\"inLanguage\":\"es\",\"@id\":\"https:\\\/\\\/ammann-stepstore.com\\\/produkt\\\/stufenauflager-stufentraeger-treppenstufenbefestigung-stufenverbinder-fuer-holzwangentreppen-ral-9005\\\/#primaryimage\",\"url\":\"https:\\\/\\\/ammann-stepstore.com\\\/wp-content\\\/uploads\\\/2024\\\/04\\\/Ammann-Treppen_Stufenauflager_RAL9005_4.jpg\",\"contentUrl\":\"https:\\\/\\\/ammann-stepstore.com\\\/wp-content\\\/uploads\\\/2024\\\/04\\\/Ammann-Treppen_Stufenauflager_RAL9005_4.jpg\",\"width\":790,\"height\":1000,\"caption\":\"Stufenberbinder f\u00fcr Holztreppen schwarz\"},{\"@type\":\"BreadcrumbList\",\"@id\":\"https:\\\/\\\/ammann-stepstore.com\\\/produkt\\\/stufenauflager-stufentraeger-treppenstufenbefestigung-stufenverbinder-fuer-holzwangentreppen-ral-9005\\\/#breadcrumb\",\"itemListElement\":[{\"@type\":\"ListItem\",\"position\":1,\"name\":\"Startseite\",\"item\":\"https:\\\/\\\/ammann-stepstore.com\\\/\"},{\"@type\":\"ListItem\",\"position\":2,\"name\":\"Shop\",\"item\":\"https:\\\/\\\/ammann-stepstore.com\\\/shop\\\/\"},{\"@type\":\"ListItem\",\"position\":3,\"name\":\"Stufenauflager aus Edelstahl f\u00fcr Holztreppen &#038; vielseitige Holzverbindungen schwarz\"}]},{\"@type\":\"WebSite\",\"@id\":\"https:\\\/\\\/ammann-stepstore.com\\\/#website\",\"url\":\"https:\\\/\\\/ammann-stepstore.com\\\/\",\"name\":\"Ammann Stepstore\",\"description\":\"Treppenbau-Zubeh\u00f6r bequem online kaufen\",\"publisher\":{\"@id\":\"https:\\\/\\\/ammann-stepstore.com\\\/#organization\"},\"potentialAction\":[{\"@type\":\"SearchAction\",\"target\":{\"@type\":\"EntryPoint\",\"urlTemplate\":\"https:\\\/\\\/ammann-stepstore.com\\\/?s={search_term_string}\"},\"query-input\":{\"@type\":\"PropertyValueSpecification\",\"valueRequired\":true,\"valueName\":\"search_term_string\"}}],\"inLanguage\":\"es\"},{\"@type\":\"Organization\",\"@id\":\"https:\\\/\\\/ammann-stepstore.com\\\/#organization\",\"name\":\"easy-step GmbH\",\"url\":\"https:\\\/\\\/ammann-stepstore.com\\\/\",\"logo\":{\"@type\":\"ImageObject\",\"inLanguage\":\"es\",\"@id\":\"https:\\\/\\\/ammann-stepstore.com\\\/#\\\/schema\\\/logo\\\/image\\\/\",\"url\":\"https:\\\/\\\/ammann-stepstore.com\\\/wp-content\\\/uploads\\\/2018\\\/09\\\/Systembautreppe-merged.png\",\"contentUrl\":\"https:\\\/\\\/ammann-stepstore.com\\\/wp-content\\\/uploads\\\/2018\\\/09\\\/Systembautreppe-merged.png\",\"width\":273,\"height\":67,\"caption\":\"easy-step GmbH\"},\"image\":{\"@id\":\"https:\\\/\\\/ammann-stepstore.com\\\/#\\\/schema\\\/logo\\\/image\\\/\"},\"sameAs\":[\"https:\\\/\\\/www.instagram.com\\\/easystep_bautreppe\\\/\"]}]}<\/script>\n<!-- \/ Yoast SEO plugin. -->","yoast_head_json":{"title":"Soporte de pelda\u00f1o de acero inoxidable para escaleras de madera y conexiones vers\u00e1tiles de madera negro - Ammann Stepstore","description":"Fijaci\u00f3n de pelda\u00f1os de acero inoxidable para escaleras de zancas de madera. Estos soportes de pelda\u00f1os son la mejor alternativa a las escaleras con mortaja (insonorizadas)","robots":{"index":"index","follow":"follow","max-snippet":"max-snippet:-1","max-image-preview":"max-image-preview:large","max-video-preview":"max-video-preview:-1"},"canonical":"https:\/\/ammann-stepstore.com\/es\/producto\/soporte-de-peldano-fijacion-de-peldano-conector-de-peldano-para-escaleras-de-zanca-de-madera-ral-9005\/","og_locale":"es_ES","og_type":"article","og_title":"Stufenauflager aus Edelstahl f\u00fcr Holztreppen & vielseitige Holzverbindungen schwarz - Ammann Stepstore","og_description":"Treppenstufenbefestigung aus Edelstahl f\u00fcr Holzwangentreppen. Diese Stufentr\u00e4ger sind die bessere Alternative zur eingestemmten Treppe (Schallentkoppelt)","og_url":"https:\/\/ammann-stepstore.com\/es\/producto\/soporte-de-peldano-fijacion-de-peldano-conector-de-peldano-para-escaleras-de-zanca-de-madera-ral-9005\/","og_site_name":"Ammann Stepstore","article_modified_time":"2026-04-14T12:47:13+00:00","og_image":[{"width":790,"height":1000,"url":"https:\/\/ammann-stepstore.com\/wp-content\/uploads\/2024\/04\/Ammann-Treppen_Stufenauflager_RAL9005_4.jpg","type":"image\/jpeg"}],"twitter_card":"summary_large_image","twitter_misc":{"Tiempo de lectura":"2 minutos"},"schema":{"@context":"https:\/\/schema.org","@graph":[{"@type":"WebPage","@id":"https:\/\/ammann-stepstore.com\/produkt\/stufenauflager-stufentraeger-treppenstufenbefestigung-stufenverbinder-fuer-holzwangentreppen-ral-9005\/","url":"https:\/\/ammann-stepstore.com\/produkt\/stufenauflager-stufentraeger-treppenstufenbefestigung-stufenverbinder-fuer-holzwangentreppen-ral-9005\/","name":"Soporte de pelda\u00f1o de acero inoxidable para escaleras de madera y conexiones vers\u00e1tiles de madera negro - Ammann Stepstore","isPartOf":{"@id":"https:\/\/ammann-stepstore.com\/#website"},"primaryImageOfPage":{"@id":"https:\/\/ammann-stepstore.com\/produkt\/stufenauflager-stufentraeger-treppenstufenbefestigung-stufenverbinder-fuer-holzwangentreppen-ral-9005\/#primaryimage"},"image":{"@id":"https:\/\/ammann-stepstore.com\/produkt\/stufenauflager-stufentraeger-treppenstufenbefestigung-stufenverbinder-fuer-holzwangentreppen-ral-9005\/#primaryimage"},"thumbnailUrl":"https:\/\/ammann-stepstore.com\/wp-content\/uploads\/2024\/04\/Ammann-Treppen_Stufenauflager_RAL9005_4.jpg","datePublished":"2024-04-11T07:01:03+00:00","dateModified":"2026-04-14T12:47:13+00:00","description":"Fijaci\u00f3n de pelda\u00f1os de acero inoxidable para escaleras de zancas de madera. Estos soportes de pelda\u00f1os son la mejor alternativa a las escaleras con mortaja (insonorizadas)","breadcrumb":{"@id":"https:\/\/ammann-stepstore.com\/produkt\/stufenauflager-stufentraeger-treppenstufenbefestigung-stufenverbinder-fuer-holzwangentreppen-ral-9005\/#breadcrumb"},"inLanguage":"es","potentialAction":[{"@type":"ReadAction","target":["https:\/\/ammann-stepstore.com\/produkt\/stufenauflager-stufentraeger-treppenstufenbefestigung-stufenverbinder-fuer-holzwangentreppen-ral-9005\/"]}]},{"@type":"ImageObject","inLanguage":"es","@id":"https:\/\/ammann-stepstore.com\/produkt\/stufenauflager-stufentraeger-treppenstufenbefestigung-stufenverbinder-fuer-holzwangentreppen-ral-9005\/#primaryimage","url":"https:\/\/ammann-stepstore.com\/wp-content\/uploads\/2024\/04\/Ammann-Treppen_Stufenauflager_RAL9005_4.jpg","contentUrl":"https:\/\/ammann-stepstore.com\/wp-content\/uploads\/2024\/04\/Ammann-Treppen_Stufenauflager_RAL9005_4.jpg","width":790,"height":1000,"caption":"Stufenberbinder f\u00fcr Holztreppen schwarz"},{"@type":"BreadcrumbList","@id":"https:\/\/ammann-stepstore.com\/produkt\/stufenauflager-stufentraeger-treppenstufenbefestigung-stufenverbinder-fuer-holzwangentreppen-ral-9005\/#breadcrumb","itemListElement":[{"@type":"ListItem","position":1,"name":"Startseite","item":"https:\/\/ammann-stepstore.com\/"},{"@type":"ListItem","position":2,"name":"Shop","item":"https:\/\/ammann-stepstore.com\/shop\/"},{"@type":"ListItem","position":3,"name":"Stufenauflager aus Edelstahl f\u00fcr Holztreppen &#038; vielseitige Holzverbindungen schwarz"}]},{"@type":"WebSite","@id":"https:\/\/ammann-stepstore.com\/#website","url":"https:\/\/ammann-stepstore.com\/","name":"Tienda Ammann Stepstore","description":"Comprar accesorios para escaleras c\u00f3modamente en l\u00ednea","publisher":{"@id":"https:\/\/ammann-stepstore.com\/#organization"},"potentialAction":[{"@type":"SearchAction","target":{"@type":"EntryPoint","urlTemplate":"https:\/\/ammann-stepstore.com\/?s={search_term_string}"},"query-input":{"@type":"PropertyValueSpecification","valueRequired":true,"valueName":"search_term_string"}}],"inLanguage":"es"},{"@type":"Organization","@id":"https:\/\/ammann-stepstore.com\/#organization","name":"easy-step GmbH","url":"https:\/\/ammann-stepstore.com\/","logo":{"@type":"ImageObject","inLanguage":"es","@id":"https:\/\/ammann-stepstore.com\/#\/schema\/logo\/image\/","url":"https:\/\/ammann-stepstore.com\/wp-content\/uploads\/2018\/09\/Systembautreppe-merged.png","contentUrl":"https:\/\/ammann-stepstore.com\/wp-content\/uploads\/2018\/09\/Systembautreppe-merged.png","width":273,"height":67,"caption":"easy-step GmbH"},"image":{"@id":"https:\/\/ammann-stepstore.com\/#\/schema\/logo\/image\/"},"sameAs":["https:\/\/www.instagram.com\/easystep_bautreppe\/"]}]}},"_links":{"self":[{"href":"https:\/\/ammann-stepstore.com\/es\/wp-json\/wp\/v2\/product\/8125","targetHints":{"allow":["GET"]}}],"collection":[{"href":"https:\/\/ammann-stepstore.com\/es\/wp-json\/wp\/v2\/product"}],"about":[{"href":"https:\/\/ammann-stepstore.com\/es\/wp-json\/wp\/v2\/types\/product"}],"replies":[{"embeddable":true,"href":"https:\/\/ammann-stepstore.com\/es\/wp-json\/wp\/v2\/comments?post=8125"}],"wp:featuredmedia":[{"embeddable":true,"href":"https:\/\/ammann-stepstore.com\/es\/wp-json\/wp\/v2\/media\/8103"}],"wp:attachment":[{"href":"https:\/\/ammann-stepstore.com\/es\/wp-json\/wp\/v2\/media?parent=8125"}],"wp:term":[{"taxonomy":"product_brand","embeddable":true,"href":"https:\/\/ammann-stepstore.com\/es\/wp-json\/wp\/v2\/product_brand?post=8125"},{"taxonomy":"product_cat","embeddable":true,"href":"https:\/\/ammann-stepstore.com\/es\/wp-json\/wp\/v2\/product_cat?post=8125"},{"taxonomy":"product_tag","embeddable":true,"href":"https:\/\/ammann-stepstore.com\/es\/wp-json\/wp\/v2\/product_tag?post=8125"}],"curies":[{"name":"wp","href":"https:\/\/api.w.org\/{rel}","templated":true}]}}