{"id":8019,"date":"2024-02-23T08:49:12","date_gmt":"2024-02-23T07:49:12","guid":{"rendered":"https:\/\/ammann-stepstore-18589519.wptestserver2.de\/?post_type=product&#038;p=8019"},"modified":"2026-03-31T11:29:28","modified_gmt":"2026-03-31T09:29:28","slug":"soporte-de-peldano-soporte-de-peldano-fijacion-de-peldano-conector-de-peldano-soporte-de-peldano-de-acero-inoxidable-para-escaleras-de-zanca-de-madera-ensillada","status":"publish","type":"product","link":"https:\/\/ammann-stepstore.com\/es\/produkt\/stufenauflager-stufentraeger-stufenhalterung-treppenstufenbefestigung-stufenverbinder-stufenauflage-aus-edelstahl-fuer-aufgesattelte-holzwangentreppen\/","title":{"rendered":"Soporte de pelda\u00f1os de acero inoxidable para escaleras de largueros de madera montadas en silla de montar"},"content":{"rendered":"<p>Fijaci\u00f3n de pelda\u00f1os de escalera de Ammann Stairs:<\/p>\n<div>\n<p data-start=\"360\" data-end=\"579\">Descubra nuestros soportes de pelda\u00f1os especialmente desarrollados para escaleras de zancas de madera montadas sobre caballete. Permiten una fijaci\u00f3n sencilla, precisa y estable de los pelda\u00f1os en las construcciones de escaleras modernas.<\/p>\n<p data-start=\"581\" data-end=\"878\">Hemos desarrollado un soporte de acero inoxidable de alta calidad para escaleras semisuspendidas que garantiza una conexi\u00f3n segura y duradera entre el pelda\u00f1o de la escalera y el larguero. Es f\u00e1cil de instalar y garantiza una construcci\u00f3n de escaleras limpia y profesional.<\/p>\n<p data-start=\"880\" data-end=\"1124\">Nuestros cojinetes de pelda\u00f1o para escaleras de madera semisuspendidas facilitan enormemente la construcci\u00f3n de escaleras: ideales tanto para constructores de escaleras profesionales como para aficionados al bricolaje que deseen realizar un montaje de escaleras estable y de alta calidad.<\/p>\n<p data-start=\"1126\" data-end=\"1309\">Pida ahora nuestros soportes de pelda\u00f1os para escaleras semisuspendidas y realice construcciones de escaleras duraderas y precisas con las acreditadas soluciones de Ammann Stairs.<\/p>\n<\/div>\n<div><\/div>\n<div><\/div>\n<div><\/div>\n<div>Informaci\u00f3n sobre el art\u00edculo:<\/div>\n<div><\/div>\n<div>\n<div><\/div>\n<div><span style=\"color: #202020; font-family: Helvetica Neue, Helvetica, Arial, sans-serif;\">80 mm de longitud total, 30 mm de los cuales en el orificio de la mejilla ensillada, 25 mm de di\u00e1metro<\/span>, m\u00e1s detalles en el dibujo detallado (\u00faltima imagen)<\/div>\n<div><span style=\"color: #202020; font-family: Helvetica Neue, Helvetica, Arial, sans-serif;\">\u00a0<\/span><\/div>\n<div>Se suministra sin tornillos (se recomiendan tornillos Torx para madera de 4,5 x 40 para pelda\u00f1os de 45 mm de grosor y largueros de 45 mm de grosor)<\/div>\n<div><\/div>\n<div><span style=\"color: #202020; font-family: Helvetica Neue, Helvetica, Arial, sans-serif;\">Se necesitan 4 soportes de pelda\u00f1o por pelda\u00f1o.<\/span><\/div>\n<div><\/div>\n<div>Env\u00edo desde Alemania.<\/div>\n<div>\n<div><\/div>\n<div><\/div>\n<div>Soporte de pelda\u00f1o, soporte de pelda\u00f1o, soporte de pelda\u00f1o, soporte de pelda\u00f1o, colgador de pelda\u00f1o, soporte de pelda\u00f1o de madera, fijaci\u00f3n de pelda\u00f1o, anclaje de pelda\u00f1o, soporte de pelda\u00f1o, soporte de pelda\u00f1o, fijaci\u00f3n de pelda\u00f1o<\/div>\n<\/div>\n<\/div>","protected":false},"excerpt":{"rendered":"<p>por unidad para una escalera de 15 contrahuellas<\/p>","protected":false},"featured_media":8095,"comment_status":"closed","ping_status":"closed","template":"","meta":[],"product_brand":[],"product_cat":[78],"product_tag":[],"class_list":{"0":"post-8019","1":"product","2":"type-product","3":"status-publish","4":"has-post-thumbnail","6":"product_cat-stufenauflager","8":"first","9":"instock","10":"taxable","11":"shipping-taxable","12":"purchasable","13":"product-type-simple"},"yoast_head":"<!-- This site is optimized with the Yoast SEO plugin v27.4 - https:\/\/yoast.com\/product\/yoast-seo-wordpress\/ -->\n<title>Stufenauflager aus Edelstahl f\u00fcr aufgesattelte Holzwangentreppen - Ammann Stepstore<\/title>\n<meta name=\"description\" content=\"Treppenstufenbefestigung aus Edelstahl f\u00fcr aufgesattelte Holztreppen - Bestellen Sie jetzt und entdecken die Vorteile der Stufentr\u00e4ger.\" \/>\n<meta name=\"robots\" content=\"index, follow, max-snippet:-1, max-image-preview:large, max-video-preview:-1\" \/>\n<link rel=\"canonical\" href=\"https:\/\/ammann-stepstore.com\/es\/producto\/soporte-de-peldano-soporte-de-peldano-fijacion-de-peldano-conector-de-peldano-soporte-de-peldano-de-acero-inoxidable-para-escaleras-de-zanca-de-madera-ensillada\/\" \/>\n<meta property=\"og:locale\" content=\"es_ES\" \/>\n<meta property=\"og:type\" content=\"article\" \/>\n<meta property=\"og:title\" content=\"Stufenauflager aus Edelstahl f\u00fcr aufgesattelte Holzwangentreppen - Ammann Stepstore\" \/>\n<meta property=\"og:description\" content=\"Treppenstufenbefestigung aus Edelstahl f\u00fcr aufgesattelte Holztreppen - Bestellen Sie jetzt und entdecken die Vorteile der Stufentr\u00e4ger.\" \/>\n<meta property=\"og:url\" content=\"https:\/\/ammann-stepstore.com\/es\/producto\/soporte-de-peldano-soporte-de-peldano-fijacion-de-peldano-conector-de-peldano-soporte-de-peldano-de-acero-inoxidable-para-escaleras-de-zanca-de-madera-ensillada\/\" \/>\n<meta property=\"og:site_name\" content=\"Ammann Stepstore\" \/>\n<meta property=\"article:modified_time\" content=\"2026-03-31T09:29:28+00:00\" \/>\n<meta property=\"og:image\" content=\"https:\/\/ammann-stepstore.com\/wp-content\/uploads\/2024\/02\/Ammann-Treppen_Stufenauflager2_3.jpg\" \/>\n\t<meta property=\"og:image:width\" content=\"790\" \/>\n\t<meta property=\"og:image:height\" content=\"1000\" \/>\n\t<meta property=\"og:image:type\" content=\"image\/jpeg\" \/>\n<meta name=\"twitter:card\" content=\"summary_large_image\" \/>\n<meta name=\"twitter:label1\" content=\"Tiempo de lectura\" \/>\n\t<meta name=\"twitter:data1\" content=\"2 minutos\" \/>\n<script type=\"application\/ld+json\" class=\"yoast-schema-graph\">{\"@context\":\"https:\\\/\\\/schema.org\",\"@graph\":[{\"@type\":\"WebPage\",\"@id\":\"https:\\\/\\\/ammann-stepstore.com\\\/pt\\\/product-2\\\/suporte-de-degrau-suporte-de-degrau-suporte-de-degrau-fixacao-de-degrau-conetor-de-degrau-suporte-de-degrau-feito-de-aco-inoxidavel-para-escadas-de-madeira-seladas\\\/\",\"url\":\"https:\\\/\\\/ammann-stepstore.com\\\/pt\\\/product-2\\\/suporte-de-degrau-suporte-de-degrau-suporte-de-degrau-fixacao-de-degrau-conetor-de-degrau-suporte-de-degrau-feito-de-aco-inoxidavel-para-escadas-de-madeira-seladas\\\/\",\"name\":\"Stufenauflager aus Edelstahl f\u00fcr aufgesattelte Holzwangentreppen - Ammann Stepstore\",\"isPartOf\":{\"@id\":\"https:\\\/\\\/ammann-stepstore.com\\\/#website\"},\"primaryImageOfPage\":{\"@id\":\"https:\\\/\\\/ammann-stepstore.com\\\/pt\\\/product-2\\\/suporte-de-degrau-suporte-de-degrau-suporte-de-degrau-fixacao-de-degrau-conetor-de-degrau-suporte-de-degrau-feito-de-aco-inoxidavel-para-escadas-de-madeira-seladas\\\/#primaryimage\"},\"image\":{\"@id\":\"https:\\\/\\\/ammann-stepstore.com\\\/pt\\\/product-2\\\/suporte-de-degrau-suporte-de-degrau-suporte-de-degrau-fixacao-de-degrau-conetor-de-degrau-suporte-de-degrau-feito-de-aco-inoxidavel-para-escadas-de-madeira-seladas\\\/#primaryimage\"},\"thumbnailUrl\":\"https:\\\/\\\/ammann-stepstore.com\\\/wp-content\\\/uploads\\\/2024\\\/02\\\/Ammann-Treppen_Stufenauflager2_3.jpg\",\"datePublished\":\"2024-02-23T07:49:12+00:00\",\"dateModified\":\"2026-03-31T09:29:28+00:00\",\"description\":\"Treppenstufenbefestigung aus Edelstahl f\u00fcr aufgesattelte Holztreppen - Bestellen Sie jetzt und entdecken die Vorteile der Stufentr\u00e4ger.\",\"breadcrumb\":{\"@id\":\"https:\\\/\\\/ammann-stepstore.com\\\/pt\\\/product-2\\\/suporte-de-degrau-suporte-de-degrau-suporte-de-degrau-fixacao-de-degrau-conetor-de-degrau-suporte-de-degrau-feito-de-aco-inoxidavel-para-escadas-de-madeira-seladas\\\/#breadcrumb\"},\"inLanguage\":\"es\",\"potentialAction\":[{\"@type\":\"ReadAction\",\"target\":[\"https:\\\/\\\/ammann-stepstore.com\\\/pt\\\/product-2\\\/suporte-de-degrau-suporte-de-degrau-suporte-de-degrau-fixacao-de-degrau-conetor-de-degrau-suporte-de-degrau-feito-de-aco-inoxidavel-para-escadas-de-madeira-seladas\\\/\"]}]},{\"@type\":\"ImageObject\",\"inLanguage\":\"es\",\"@id\":\"https:\\\/\\\/ammann-stepstore.com\\\/pt\\\/product-2\\\/suporte-de-degrau-suporte-de-degrau-suporte-de-degrau-fixacao-de-degrau-conetor-de-degrau-suporte-de-degrau-feito-de-aco-inoxidavel-para-escadas-de-madeira-seladas\\\/#primaryimage\",\"url\":\"https:\\\/\\\/ammann-stepstore.com\\\/wp-content\\\/uploads\\\/2024\\\/02\\\/Ammann-Treppen_Stufenauflager2_3.jpg\",\"contentUrl\":\"https:\\\/\\\/ammann-stepstore.com\\\/wp-content\\\/uploads\\\/2024\\\/02\\\/Ammann-Treppen_Stufenauflager2_3.jpg\",\"width\":790,\"height\":1000,\"caption\":\"Stufenbefestigung f\u00fcr aufgesattelte Wangentreppen\"},{\"@type\":\"BreadcrumbList\",\"@id\":\"https:\\\/\\\/ammann-stepstore.com\\\/pt\\\/product-2\\\/suporte-de-degrau-suporte-de-degrau-suporte-de-degrau-fixacao-de-degrau-conetor-de-degrau-suporte-de-degrau-feito-de-aco-inoxidavel-para-escadas-de-madeira-seladas\\\/#breadcrumb\",\"itemListElement\":[{\"@type\":\"ListItem\",\"position\":1,\"name\":\"Startseite\",\"item\":\"https:\\\/\\\/ammann-stepstore.com\\\/\"},{\"@type\":\"ListItem\",\"position\":2,\"name\":\"Shop\",\"item\":\"https:\\\/\\\/ammann-stepstore.com\\\/shop\\\/\"},{\"@type\":\"ListItem\",\"position\":3,\"name\":\"Stufenauflager aus Edelstahl f\u00fcr aufgesattelte Holzwangentreppen\"}]},{\"@type\":\"WebSite\",\"@id\":\"https:\\\/\\\/ammann-stepstore.com\\\/#website\",\"url\":\"https:\\\/\\\/ammann-stepstore.com\\\/\",\"name\":\"Ammann Stepstore\",\"description\":\"Treppenbau-Zubeh\u00f6r bequem online kaufen\",\"publisher\":{\"@id\":\"https:\\\/\\\/ammann-stepstore.com\\\/#organization\"},\"potentialAction\":[{\"@type\":\"SearchAction\",\"target\":{\"@type\":\"EntryPoint\",\"urlTemplate\":\"https:\\\/\\\/ammann-stepstore.com\\\/?s={search_term_string}\"},\"query-input\":{\"@type\":\"PropertyValueSpecification\",\"valueRequired\":true,\"valueName\":\"search_term_string\"}}],\"inLanguage\":\"es\"},{\"@type\":\"Organization\",\"@id\":\"https:\\\/\\\/ammann-stepstore.com\\\/#organization\",\"name\":\"easy-step GmbH\",\"url\":\"https:\\\/\\\/ammann-stepstore.com\\\/\",\"logo\":{\"@type\":\"ImageObject\",\"inLanguage\":\"es\",\"@id\":\"https:\\\/\\\/ammann-stepstore.com\\\/#\\\/schema\\\/logo\\\/image\\\/\",\"url\":\"https:\\\/\\\/ammann-stepstore.com\\\/wp-content\\\/uploads\\\/2018\\\/09\\\/Systembautreppe-merged.png\",\"contentUrl\":\"https:\\\/\\\/ammann-stepstore.com\\\/wp-content\\\/uploads\\\/2018\\\/09\\\/Systembautreppe-merged.png\",\"width\":273,\"height\":67,\"caption\":\"easy-step GmbH\"},\"image\":{\"@id\":\"https:\\\/\\\/ammann-stepstore.com\\\/#\\\/schema\\\/logo\\\/image\\\/\"},\"sameAs\":[\"https:\\\/\\\/www.instagram.com\\\/easystep_bautreppe\\\/\"]}]}<\/script>\n<!-- \/ Yoast SEO plugin. -->","yoast_head_json":{"title":"Soporte de pelda\u00f1os de acero inoxidable para escaleras de zancas de madera con montante - Ammann Stepstore","description":"Fijaciones de cantonera de escalera de acero inoxidable para escaleras de madera semisuspendidas - Haga su pedido ahora y descubra las ventajas de las fijaciones de cantonera de escalera.","robots":{"index":"index","follow":"follow","max-snippet":"max-snippet:-1","max-image-preview":"max-image-preview:large","max-video-preview":"max-video-preview:-1"},"canonical":"https:\/\/ammann-stepstore.com\/es\/producto\/soporte-de-peldano-soporte-de-peldano-fijacion-de-peldano-conector-de-peldano-soporte-de-peldano-de-acero-inoxidable-para-escaleras-de-zanca-de-madera-ensillada\/","og_locale":"es_ES","og_type":"article","og_title":"Stufenauflager aus Edelstahl f\u00fcr aufgesattelte Holzwangentreppen - Ammann Stepstore","og_description":"Treppenstufenbefestigung aus Edelstahl f\u00fcr aufgesattelte Holztreppen - Bestellen Sie jetzt und entdecken die Vorteile der Stufentr\u00e4ger.","og_url":"https:\/\/ammann-stepstore.com\/es\/producto\/soporte-de-peldano-soporte-de-peldano-fijacion-de-peldano-conector-de-peldano-soporte-de-peldano-de-acero-inoxidable-para-escaleras-de-zanca-de-madera-ensillada\/","og_site_name":"Ammann Stepstore","article_modified_time":"2026-03-31T09:29:28+00:00","og_image":[{"width":790,"height":1000,"url":"https:\/\/ammann-stepstore.com\/wp-content\/uploads\/2024\/02\/Ammann-Treppen_Stufenauflager2_3.jpg","type":"image\/jpeg"}],"twitter_card":"summary_large_image","twitter_misc":{"Tiempo de lectura":"2 minutos"},"schema":{"@context":"https:\/\/schema.org","@graph":[{"@type":"WebPage","@id":"https:\/\/ammann-stepstore.com\/pt\/product-2\/suporte-de-degrau-suporte-de-degrau-suporte-de-degrau-fixacao-de-degrau-conetor-de-degrau-suporte-de-degrau-feito-de-aco-inoxidavel-para-escadas-de-madeira-seladas\/","url":"https:\/\/ammann-stepstore.com\/pt\/product-2\/suporte-de-degrau-suporte-de-degrau-suporte-de-degrau-fixacao-de-degrau-conetor-de-degrau-suporte-de-degrau-feito-de-aco-inoxidavel-para-escadas-de-madeira-seladas\/","name":"Soporte de pelda\u00f1os de acero inoxidable para escaleras de zancas de madera con montante - Ammann Stepstore","isPartOf":{"@id":"https:\/\/ammann-stepstore.com\/#website"},"primaryImageOfPage":{"@id":"https:\/\/ammann-stepstore.com\/pt\/product-2\/suporte-de-degrau-suporte-de-degrau-suporte-de-degrau-fixacao-de-degrau-conetor-de-degrau-suporte-de-degrau-feito-de-aco-inoxidavel-para-escadas-de-madeira-seladas\/#primaryimage"},"image":{"@id":"https:\/\/ammann-stepstore.com\/pt\/product-2\/suporte-de-degrau-suporte-de-degrau-suporte-de-degrau-fixacao-de-degrau-conetor-de-degrau-suporte-de-degrau-feito-de-aco-inoxidavel-para-escadas-de-madeira-seladas\/#primaryimage"},"thumbnailUrl":"https:\/\/ammann-stepstore.com\/wp-content\/uploads\/2024\/02\/Ammann-Treppen_Stufenauflager2_3.jpg","datePublished":"2024-02-23T07:49:12+00:00","dateModified":"2026-03-31T09:29:28+00:00","description":"Fijaciones de cantonera de escalera de acero inoxidable para escaleras de madera semisuspendidas - Haga su pedido ahora y descubra las ventajas de las fijaciones de cantonera de escalera.","breadcrumb":{"@id":"https:\/\/ammann-stepstore.com\/pt\/product-2\/suporte-de-degrau-suporte-de-degrau-suporte-de-degrau-fixacao-de-degrau-conetor-de-degrau-suporte-de-degrau-feito-de-aco-inoxidavel-para-escadas-de-madeira-seladas\/#breadcrumb"},"inLanguage":"es","potentialAction":[{"@type":"ReadAction","target":["https:\/\/ammann-stepstore.com\/pt\/product-2\/suporte-de-degrau-suporte-de-degrau-suporte-de-degrau-fixacao-de-degrau-conetor-de-degrau-suporte-de-degrau-feito-de-aco-inoxidavel-para-escadas-de-madeira-seladas\/"]}]},{"@type":"ImageObject","inLanguage":"es","@id":"https:\/\/ammann-stepstore.com\/pt\/product-2\/suporte-de-degrau-suporte-de-degrau-suporte-de-degrau-fixacao-de-degrau-conetor-de-degrau-suporte-de-degrau-feito-de-aco-inoxidavel-para-escadas-de-madeira-seladas\/#primaryimage","url":"https:\/\/ammann-stepstore.com\/wp-content\/uploads\/2024\/02\/Ammann-Treppen_Stufenauflager2_3.jpg","contentUrl":"https:\/\/ammann-stepstore.com\/wp-content\/uploads\/2024\/02\/Ammann-Treppen_Stufenauflager2_3.jpg","width":790,"height":1000,"caption":"Stufenbefestigung f\u00fcr aufgesattelte Wangentreppen"},{"@type":"BreadcrumbList","@id":"https:\/\/ammann-stepstore.com\/pt\/product-2\/suporte-de-degrau-suporte-de-degrau-suporte-de-degrau-fixacao-de-degrau-conetor-de-degrau-suporte-de-degrau-feito-de-aco-inoxidavel-para-escadas-de-madeira-seladas\/#breadcrumb","itemListElement":[{"@type":"ListItem","position":1,"name":"Startseite","item":"https:\/\/ammann-stepstore.com\/"},{"@type":"ListItem","position":2,"name":"Shop","item":"https:\/\/ammann-stepstore.com\/shop\/"},{"@type":"ListItem","position":3,"name":"Stufenauflager aus Edelstahl f\u00fcr aufgesattelte Holzwangentreppen"}]},{"@type":"WebSite","@id":"https:\/\/ammann-stepstore.com\/#website","url":"https:\/\/ammann-stepstore.com\/","name":"Tienda Ammann Stepstore","description":"Comprar accesorios para escaleras c\u00f3modamente en l\u00ednea","publisher":{"@id":"https:\/\/ammann-stepstore.com\/#organization"},"potentialAction":[{"@type":"SearchAction","target":{"@type":"EntryPoint","urlTemplate":"https:\/\/ammann-stepstore.com\/?s={search_term_string}"},"query-input":{"@type":"PropertyValueSpecification","valueRequired":true,"valueName":"search_term_string"}}],"inLanguage":"es"},{"@type":"Organization","@id":"https:\/\/ammann-stepstore.com\/#organization","name":"easy-step GmbH","url":"https:\/\/ammann-stepstore.com\/","logo":{"@type":"ImageObject","inLanguage":"es","@id":"https:\/\/ammann-stepstore.com\/#\/schema\/logo\/image\/","url":"https:\/\/ammann-stepstore.com\/wp-content\/uploads\/2018\/09\/Systembautreppe-merged.png","contentUrl":"https:\/\/ammann-stepstore.com\/wp-content\/uploads\/2018\/09\/Systembautreppe-merged.png","width":273,"height":67,"caption":"easy-step GmbH"},"image":{"@id":"https:\/\/ammann-stepstore.com\/#\/schema\/logo\/image\/"},"sameAs":["https:\/\/www.instagram.com\/easystep_bautreppe\/"]}]}},"_links":{"self":[{"href":"https:\/\/ammann-stepstore.com\/es\/wp-json\/wp\/v2\/product\/8019","targetHints":{"allow":["GET"]}}],"collection":[{"href":"https:\/\/ammann-stepstore.com\/es\/wp-json\/wp\/v2\/product"}],"about":[{"href":"https:\/\/ammann-stepstore.com\/es\/wp-json\/wp\/v2\/types\/product"}],"replies":[{"embeddable":true,"href":"https:\/\/ammann-stepstore.com\/es\/wp-json\/wp\/v2\/comments?post=8019"}],"wp:featuredmedia":[{"embeddable":true,"href":"https:\/\/ammann-stepstore.com\/es\/wp-json\/wp\/v2\/media\/8095"}],"wp:attachment":[{"href":"https:\/\/ammann-stepstore.com\/es\/wp-json\/wp\/v2\/media?parent=8019"}],"wp:term":[{"taxonomy":"product_brand","embeddable":true,"href":"https:\/\/ammann-stepstore.com\/es\/wp-json\/wp\/v2\/product_brand?post=8019"},{"taxonomy":"product_cat","embeddable":true,"href":"https:\/\/ammann-stepstore.com\/es\/wp-json\/wp\/v2\/product_cat?post=8019"},{"taxonomy":"product_tag","embeddable":true,"href":"https:\/\/ammann-stepstore.com\/es\/wp-json\/wp\/v2\/product_tag?post=8019"}],"curies":[{"name":"wp","href":"https:\/\/api.w.org\/{rel}","templated":true}]}}