{"id":7952,"date":"2024-02-09T09:52:05","date_gmt":"2024-02-09T08:52:05","guid":{"rendered":"https:\/\/ammann-stepstore-18589519.wptestserver2.de\/?post_type=product&#038;p=7952"},"modified":"2026-04-15T15:44:17","modified_gmt":"2026-04-15T13:44:17","slug":"soporte-pasamanos-angular-soporte-pasamanos-soporte-pasamanos-lacado-blanco","status":"publish","type":"product","link":"https:\/\/ammann-stepstore.com\/es\/produkt\/handlaufhalter-eckig-handlaufstuetze-handlauftraeger-handlaufhalterung-weiss-lackiert\/","title":{"rendered":"Soporte de pasamanos angular - lacado blanco"},"content":{"rendered":"<p data-start=\"402\" data-end=\"473\">Soporte de pasamanos cuadrado en blanco - dise\u00f1o moderno para su escalera<\/p>\n<p data-start=\"475\" data-end=\"738\">El soporte angular para pasamanos en blanco impresiona por su dise\u00f1o moderno y lineal y su robusta construcci\u00f3n. Es ideal para fijar pasamanos a escaleras y paredes y garantiza una instalaci\u00f3n segura y duradera del pasamanos.<\/p>\n<p data-start=\"740\" data-end=\"1058\">Con su forma clara y angulosa y su elegante acabado en blanco, este moderno soporte de pasamanos es el complemento perfecto para escaleras contempor\u00e1neas, interiores minimalistas y estilos de vida industriales. Al mismo tiempo, su robusto dise\u00f1o garantiza una conexi\u00f3n fiable entre el pasamanos y la pared.<\/p>\n<p data-start=\"1060\" data-end=\"1293\">El soporte cuadrado para pasamanos en blanco es adecuado para varios pasamanos de madera o metal y es una soluci\u00f3n duradera para pasamanos de escaleras, barandillas y pasamanos de pared en hogares, oficinas o edificios p\u00fablicos.<\/p>\n<p data-start=\"1295\" data-end=\"1482\">Gracias a su sencillo montaje, el soporte de pasamanos para montaje en pared puede instalarse r\u00e1pida y f\u00e1cilmente. El resultado es una construcci\u00f3n de pasamanos estable y visualmente moderna.<\/p>\n<p data-start=\"1484\" data-end=\"1667\">Apueste por un dise\u00f1o moderno y una tecnolog\u00eda fiable con el soporte angular para pasamanos en negro: la soluci\u00f3n perfecta para una fijaci\u00f3n elegante del pasamanos en su escalera.<\/p>\n<p data-start=\"1484\" data-end=\"1667\">Env\u00edo desde Alemania.<\/p>","protected":false},"excerpt":{"rendered":"<p>Eckiger Handlaufhalter in Wei\u00df\u2013 modernes Design f\u00fcr Ihre Treppe Der eckige Handlaufhalter in Wei\u00df \u00fcberzeugt durch sein modernes, geradliniges Design und eine stabile Konstruktion. Er eignet sich ideal f\u00fcr die Befestigung von Handl\u00e4ufen an Treppen und W\u00e4nden und sorgt f\u00fcr eine sichere und langlebige Handlaufmontage. Durch die klare, kantige Form und die elegante wei\u00dfe Oberfl\u00e4che&#8230;<\/p>","protected":false},"featured_media":8121,"comment_status":"closed","ping_status":"closed","template":"","meta":[],"product_brand":[],"product_cat":[77],"product_tag":[],"class_list":{"0":"post-7952","1":"product","2":"type-product","3":"status-publish","4":"has-post-thumbnail","6":"product_cat-wandlaufhalter","8":"first","9":"instock","10":"taxable","11":"shipping-taxable","12":"purchasable","13":"product-type-simple"},"yoast_head":"<!-- This site is optimized with the Yoast SEO plugin v27.4 - https:\/\/yoast.com\/product\/yoast-seo-wordpress\/ -->\n<title>Handlaufhalter Eckig - wei\u00df lackiert - Ammann Stepstore<\/title>\n<meta name=\"description\" content=\"Dieser moderne Handlaufhalter passt perfekt in jedes moderne Haus. Wahlweise bieten wir den Handlauftr\u00e4ger schwarz oder wei\u00df lackiert an.\" \/>\n<meta name=\"robots\" content=\"index, follow, max-snippet:-1, max-image-preview:large, max-video-preview:-1\" \/>\n<link rel=\"canonical\" href=\"https:\/\/ammann-stepstore.com\/es\/producto\/soporte-pasamanos-angular-soporte-pasamanos-soporte-pasamanos-lacado-blanco\/\" \/>\n<meta property=\"og:locale\" content=\"es_ES\" \/>\n<meta property=\"og:type\" content=\"article\" \/>\n<meta property=\"og:title\" content=\"Handlaufhalter Eckig - wei\u00df lackiert - Ammann Stepstore\" \/>\n<meta property=\"og:description\" content=\"Dieser moderne Handlaufhalter passt perfekt in jedes moderne Haus. Wahlweise bieten wir den Handlauftr\u00e4ger schwarz oder wei\u00df lackiert an.\" \/>\n<meta property=\"og:url\" content=\"https:\/\/ammann-stepstore.com\/es\/producto\/soporte-pasamanos-angular-soporte-pasamanos-soporte-pasamanos-lacado-blanco\/\" \/>\n<meta property=\"og:site_name\" content=\"Ammann Stepstore\" \/>\n<meta property=\"article:modified_time\" content=\"2026-04-15T13:44:17+00:00\" \/>\n<meta property=\"og:image\" content=\"https:\/\/ammann-stepstore.com\/wp-content\/uploads\/2024\/04\/Ammann-Treppen_Wandhandlaufhalter-Eckig-weiss_1.jpg\" \/>\n\t<meta property=\"og:image:width\" content=\"790\" \/>\n\t<meta property=\"og:image:height\" content=\"1000\" \/>\n\t<meta property=\"og:image:type\" content=\"image\/jpeg\" \/>\n<meta name=\"twitter:card\" content=\"summary_large_image\" \/>\n<meta name=\"twitter:label1\" content=\"Tiempo de lectura\" \/>\n\t<meta name=\"twitter:data1\" content=\"2 minutos\" \/>\n<script type=\"application\/ld+json\" class=\"yoast-schema-graph\">{\"@context\":\"https:\\\/\\\/schema.org\",\"@graph\":[{\"@type\":\"WebPage\",\"@id\":\"https:\\\/\\\/ammann-stepstore.com\\\/produkt\\\/handlaufhalter-eckig-handlaufstuetze-handlauftraeger-handlaufhalterung-weiss-lackiert\\\/\",\"url\":\"https:\\\/\\\/ammann-stepstore.com\\\/produkt\\\/handlaufhalter-eckig-handlaufstuetze-handlauftraeger-handlaufhalterung-weiss-lackiert\\\/\",\"name\":\"Handlaufhalter Eckig - wei\u00df lackiert - Ammann Stepstore\",\"isPartOf\":{\"@id\":\"https:\\\/\\\/ammann-stepstore.com\\\/#website\"},\"primaryImageOfPage\":{\"@id\":\"https:\\\/\\\/ammann-stepstore.com\\\/produkt\\\/handlaufhalter-eckig-handlaufstuetze-handlauftraeger-handlaufhalterung-weiss-lackiert\\\/#primaryimage\"},\"image\":{\"@id\":\"https:\\\/\\\/ammann-stepstore.com\\\/produkt\\\/handlaufhalter-eckig-handlaufstuetze-handlauftraeger-handlaufhalterung-weiss-lackiert\\\/#primaryimage\"},\"thumbnailUrl\":\"https:\\\/\\\/ammann-stepstore.com\\\/wp-content\\\/uploads\\\/2024\\\/04\\\/Ammann-Treppen_Wandhandlaufhalter-Eckig-weiss_1.jpg\",\"datePublished\":\"2024-02-09T08:52:05+00:00\",\"dateModified\":\"2026-04-15T13:44:17+00:00\",\"description\":\"Dieser moderne Handlaufhalter passt perfekt in jedes moderne Haus. Wahlweise bieten wir den Handlauftr\u00e4ger schwarz oder wei\u00df lackiert an.\",\"breadcrumb\":{\"@id\":\"https:\\\/\\\/ammann-stepstore.com\\\/produkt\\\/handlaufhalter-eckig-handlaufstuetze-handlauftraeger-handlaufhalterung-weiss-lackiert\\\/#breadcrumb\"},\"inLanguage\":\"es\",\"potentialAction\":[{\"@type\":\"ReadAction\",\"target\":[\"https:\\\/\\\/ammann-stepstore.com\\\/produkt\\\/handlaufhalter-eckig-handlaufstuetze-handlauftraeger-handlaufhalterung-weiss-lackiert\\\/\"]}]},{\"@type\":\"ImageObject\",\"inLanguage\":\"es\",\"@id\":\"https:\\\/\\\/ammann-stepstore.com\\\/produkt\\\/handlaufhalter-eckig-handlaufstuetze-handlauftraeger-handlaufhalterung-weiss-lackiert\\\/#primaryimage\",\"url\":\"https:\\\/\\\/ammann-stepstore.com\\\/wp-content\\\/uploads\\\/2024\\\/04\\\/Ammann-Treppen_Wandhandlaufhalter-Eckig-weiss_1.jpg\",\"contentUrl\":\"https:\\\/\\\/ammann-stepstore.com\\\/wp-content\\\/uploads\\\/2024\\\/04\\\/Ammann-Treppen_Wandhandlaufhalter-Eckig-weiss_1.jpg\",\"width\":790,\"height\":1000,\"caption\":\"handlaufhalter-eckig-handlaufst\u00fctze-handlauftr\u00e4ger-lackiert-ral-9010\"},{\"@type\":\"BreadcrumbList\",\"@id\":\"https:\\\/\\\/ammann-stepstore.com\\\/produkt\\\/handlaufhalter-eckig-handlaufstuetze-handlauftraeger-handlaufhalterung-weiss-lackiert\\\/#breadcrumb\",\"itemListElement\":[{\"@type\":\"ListItem\",\"position\":1,\"name\":\"Startseite\",\"item\":\"https:\\\/\\\/ammann-stepstore.com\\\/\"},{\"@type\":\"ListItem\",\"position\":2,\"name\":\"Shop\",\"item\":\"https:\\\/\\\/ammann-stepstore.com\\\/shop\\\/\"},{\"@type\":\"ListItem\",\"position\":3,\"name\":\"Handlaufhalter Eckig &#8211; wei\u00df lackiert\"}]},{\"@type\":\"WebSite\",\"@id\":\"https:\\\/\\\/ammann-stepstore.com\\\/#website\",\"url\":\"https:\\\/\\\/ammann-stepstore.com\\\/\",\"name\":\"Ammann Stepstore\",\"description\":\"Treppenbau-Zubeh\u00f6r bequem online kaufen\",\"publisher\":{\"@id\":\"https:\\\/\\\/ammann-stepstore.com\\\/#organization\"},\"potentialAction\":[{\"@type\":\"SearchAction\",\"target\":{\"@type\":\"EntryPoint\",\"urlTemplate\":\"https:\\\/\\\/ammann-stepstore.com\\\/?s={search_term_string}\"},\"query-input\":{\"@type\":\"PropertyValueSpecification\",\"valueRequired\":true,\"valueName\":\"search_term_string\"}}],\"inLanguage\":\"es\"},{\"@type\":\"Organization\",\"@id\":\"https:\\\/\\\/ammann-stepstore.com\\\/#organization\",\"name\":\"easy-step GmbH\",\"url\":\"https:\\\/\\\/ammann-stepstore.com\\\/\",\"logo\":{\"@type\":\"ImageObject\",\"inLanguage\":\"es\",\"@id\":\"https:\\\/\\\/ammann-stepstore.com\\\/#\\\/schema\\\/logo\\\/image\\\/\",\"url\":\"https:\\\/\\\/ammann-stepstore.com\\\/wp-content\\\/uploads\\\/2018\\\/09\\\/Systembautreppe-merged.png\",\"contentUrl\":\"https:\\\/\\\/ammann-stepstore.com\\\/wp-content\\\/uploads\\\/2018\\\/09\\\/Systembautreppe-merged.png\",\"width\":273,\"height\":67,\"caption\":\"easy-step GmbH\"},\"image\":{\"@id\":\"https:\\\/\\\/ammann-stepstore.com\\\/#\\\/schema\\\/logo\\\/image\\\/\"},\"sameAs\":[\"https:\\\/\\\/www.instagram.com\\\/easystep_bautreppe\\\/\"]}]}<\/script>\n<!-- \/ Yoast SEO plugin. -->","yoast_head_json":{"title":"Soporte de pasamanos angular - lacado blanco - Ammann Stepstore","description":"Este moderno soporte de pasamanos encaja perfectamente en cualquier hogar moderno. Ofrecemos el soporte de pasamanos en lacado blanco o negro a elegir.","robots":{"index":"index","follow":"follow","max-snippet":"max-snippet:-1","max-image-preview":"max-image-preview:large","max-video-preview":"max-video-preview:-1"},"canonical":"https:\/\/ammann-stepstore.com\/es\/producto\/soporte-pasamanos-angular-soporte-pasamanos-soporte-pasamanos-lacado-blanco\/","og_locale":"es_ES","og_type":"article","og_title":"Handlaufhalter Eckig - wei\u00df lackiert - Ammann Stepstore","og_description":"Dieser moderne Handlaufhalter passt perfekt in jedes moderne Haus. Wahlweise bieten wir den Handlauftr\u00e4ger schwarz oder wei\u00df lackiert an.","og_url":"https:\/\/ammann-stepstore.com\/es\/producto\/soporte-pasamanos-angular-soporte-pasamanos-soporte-pasamanos-lacado-blanco\/","og_site_name":"Ammann Stepstore","article_modified_time":"2026-04-15T13:44:17+00:00","og_image":[{"width":790,"height":1000,"url":"https:\/\/ammann-stepstore.com\/wp-content\/uploads\/2024\/04\/Ammann-Treppen_Wandhandlaufhalter-Eckig-weiss_1.jpg","type":"image\/jpeg"}],"twitter_card":"summary_large_image","twitter_misc":{"Tiempo de lectura":"2 minutos"},"schema":{"@context":"https:\/\/schema.org","@graph":[{"@type":"WebPage","@id":"https:\/\/ammann-stepstore.com\/produkt\/handlaufhalter-eckig-handlaufstuetze-handlauftraeger-handlaufhalterung-weiss-lackiert\/","url":"https:\/\/ammann-stepstore.com\/produkt\/handlaufhalter-eckig-handlaufstuetze-handlauftraeger-handlaufhalterung-weiss-lackiert\/","name":"Soporte de pasamanos angular - lacado blanco - Ammann Stepstore","isPartOf":{"@id":"https:\/\/ammann-stepstore.com\/#website"},"primaryImageOfPage":{"@id":"https:\/\/ammann-stepstore.com\/produkt\/handlaufhalter-eckig-handlaufstuetze-handlauftraeger-handlaufhalterung-weiss-lackiert\/#primaryimage"},"image":{"@id":"https:\/\/ammann-stepstore.com\/produkt\/handlaufhalter-eckig-handlaufstuetze-handlauftraeger-handlaufhalterung-weiss-lackiert\/#primaryimage"},"thumbnailUrl":"https:\/\/ammann-stepstore.com\/wp-content\/uploads\/2024\/04\/Ammann-Treppen_Wandhandlaufhalter-Eckig-weiss_1.jpg","datePublished":"2024-02-09T08:52:05+00:00","dateModified":"2026-04-15T13:44:17+00:00","description":"Este moderno soporte de pasamanos encaja perfectamente en cualquier hogar moderno. Ofrecemos el soporte de pasamanos en lacado blanco o negro a elegir.","breadcrumb":{"@id":"https:\/\/ammann-stepstore.com\/produkt\/handlaufhalter-eckig-handlaufstuetze-handlauftraeger-handlaufhalterung-weiss-lackiert\/#breadcrumb"},"inLanguage":"es","potentialAction":[{"@type":"ReadAction","target":["https:\/\/ammann-stepstore.com\/produkt\/handlaufhalter-eckig-handlaufstuetze-handlauftraeger-handlaufhalterung-weiss-lackiert\/"]}]},{"@type":"ImageObject","inLanguage":"es","@id":"https:\/\/ammann-stepstore.com\/produkt\/handlaufhalter-eckig-handlaufstuetze-handlauftraeger-handlaufhalterung-weiss-lackiert\/#primaryimage","url":"https:\/\/ammann-stepstore.com\/wp-content\/uploads\/2024\/04\/Ammann-Treppen_Wandhandlaufhalter-Eckig-weiss_1.jpg","contentUrl":"https:\/\/ammann-stepstore.com\/wp-content\/uploads\/2024\/04\/Ammann-Treppen_Wandhandlaufhalter-Eckig-weiss_1.jpg","width":790,"height":1000,"caption":"handlaufhalter-eckig-handlaufst\u00fctze-handlauftr\u00e4ger-lackiert-ral-9010"},{"@type":"BreadcrumbList","@id":"https:\/\/ammann-stepstore.com\/produkt\/handlaufhalter-eckig-handlaufstuetze-handlauftraeger-handlaufhalterung-weiss-lackiert\/#breadcrumb","itemListElement":[{"@type":"ListItem","position":1,"name":"Startseite","item":"https:\/\/ammann-stepstore.com\/"},{"@type":"ListItem","position":2,"name":"Shop","item":"https:\/\/ammann-stepstore.com\/shop\/"},{"@type":"ListItem","position":3,"name":"Handlaufhalter Eckig &#8211; wei\u00df lackiert"}]},{"@type":"WebSite","@id":"https:\/\/ammann-stepstore.com\/#website","url":"https:\/\/ammann-stepstore.com\/","name":"Tienda Ammann Stepstore","description":"Comprar accesorios para escaleras c\u00f3modamente en l\u00ednea","publisher":{"@id":"https:\/\/ammann-stepstore.com\/#organization"},"potentialAction":[{"@type":"SearchAction","target":{"@type":"EntryPoint","urlTemplate":"https:\/\/ammann-stepstore.com\/?s={search_term_string}"},"query-input":{"@type":"PropertyValueSpecification","valueRequired":true,"valueName":"search_term_string"}}],"inLanguage":"es"},{"@type":"Organization","@id":"https:\/\/ammann-stepstore.com\/#organization","name":"easy-step GmbH","url":"https:\/\/ammann-stepstore.com\/","logo":{"@type":"ImageObject","inLanguage":"es","@id":"https:\/\/ammann-stepstore.com\/#\/schema\/logo\/image\/","url":"https:\/\/ammann-stepstore.com\/wp-content\/uploads\/2018\/09\/Systembautreppe-merged.png","contentUrl":"https:\/\/ammann-stepstore.com\/wp-content\/uploads\/2018\/09\/Systembautreppe-merged.png","width":273,"height":67,"caption":"easy-step GmbH"},"image":{"@id":"https:\/\/ammann-stepstore.com\/#\/schema\/logo\/image\/"},"sameAs":["https:\/\/www.instagram.com\/easystep_bautreppe\/"]}]}},"_links":{"self":[{"href":"https:\/\/ammann-stepstore.com\/es\/wp-json\/wp\/v2\/product\/7952","targetHints":{"allow":["GET"]}}],"collection":[{"href":"https:\/\/ammann-stepstore.com\/es\/wp-json\/wp\/v2\/product"}],"about":[{"href":"https:\/\/ammann-stepstore.com\/es\/wp-json\/wp\/v2\/types\/product"}],"replies":[{"embeddable":true,"href":"https:\/\/ammann-stepstore.com\/es\/wp-json\/wp\/v2\/comments?post=7952"}],"wp:featuredmedia":[{"embeddable":true,"href":"https:\/\/ammann-stepstore.com\/es\/wp-json\/wp\/v2\/media\/8121"}],"wp:attachment":[{"href":"https:\/\/ammann-stepstore.com\/es\/wp-json\/wp\/v2\/media?parent=7952"}],"wp:term":[{"taxonomy":"product_brand","embeddable":true,"href":"https:\/\/ammann-stepstore.com\/es\/wp-json\/wp\/v2\/product_brand?post=7952"},{"taxonomy":"product_cat","embeddable":true,"href":"https:\/\/ammann-stepstore.com\/es\/wp-json\/wp\/v2\/product_cat?post=7952"},{"taxonomy":"product_tag","embeddable":true,"href":"https:\/\/ammann-stepstore.com\/es\/wp-json\/wp\/v2\/product_tag?post=7952"}],"curies":[{"name":"wp","href":"https:\/\/api.w.org\/{rel}","templated":true}]}}