{"id":7950,"date":"2024-02-09T09:31:23","date_gmt":"2024-02-09T08:31:23","guid":{"rendered":"https:\/\/ammann-stepstore-18589519.wptestserver2.de\/?post_type=product&#038;p=7950"},"modified":"2026-04-15T15:20:32","modified_gmt":"2026-04-15T13:20:32","slug":"soporte-pasamanos-acero-inoxidable-soporte-pasamanos-classic","status":"publish","type":"product","link":"https:\/\/ammann-stepstore.com\/es\/produkt\/handlaufhalter-edelstahl-handlaufstuetze-handlauftraeger-handlaufhalterung-classic\/","title":{"rendered":"Soporte de pasamanos de acero inoxidable Classic"},"content":{"rendered":"<p>Elegancia cl\u00e1sica para su escalera: el soporte de barandilla Classic de acero inoxidable<\/p>\n<p data-start=\"497\" data-end=\"735\">El soporte para pasamanos Classic de acero inoxidable combina un dise\u00f1o atemporal con una funci\u00f3n fiable. Es ideal para fijar pasamanos a escaleras y paredes y garantiza una instalaci\u00f3n segura y duradera del pasamanos.<\/p>\n<p data-start=\"737\" data-end=\"1051\">Con su forma estilizada y su superficie de acero inoxidable de alta calidad, este soporte de pasamanos para escaleras y barandillas es adecuado tanto para estilos de decoraci\u00f3n modernos como cl\u00e1sicos. El soporte proporciona una conexi\u00f3n estable entre el pasamanos y la pared y garantiza un guiado seguro a lo largo de la escalera.<\/p>\n<p data-start=\"1053\" data-end=\"1295\">Gracias a su robusto dise\u00f1o, el soporte para pasamanos de acero inoxidable es especialmente duradero y resistente. Es perfecto para pasamanos de madera, barandillas y pasamanos de escaleras en edificios residenciales, edificios p\u00fablicos o locales comerciales.<\/p>\n<p data-start=\"1297\" data-end=\"1499\">La instalaci\u00f3n es r\u00e1pida y sencilla. El soporte de barandilla para montaje en pared puede instalarse en unos pocos pasos sencillos y garantiza de inmediato una construcci\u00f3n de barandilla segura y estable.<\/p>\n<p data-start=\"1501\" data-end=\"1702\">Conf\u00ede en la calidad, la funcionalidad y el dise\u00f1o atemporal del soporte de barandilla de acero inoxidable Classic: la soluci\u00f3n ideal para fijar la barandilla a su escalera de forma segura y elegante.<\/p>\n<p>Informaci\u00f3n sobre el art\u00edculo:<\/p>\n<p>Enden der Halterung auf einer Seite rund und auf einer Seite gerade &#8211; somit k\u00f6nnen eckige und runde Handl\u00e4ufe montiert werden.<\/p>\n<p>Env\u00edo desde Alemania.<\/p>","protected":false},"excerpt":{"rendered":"<p>Klassische Eleganz f\u00fcr Ihre Treppe: Der Handlaufhalter Classic in Edelstahl Der Handlaufhalter Classic aus Edelstahl vereint zeitloses Design mit zuverl\u00e4ssiger Funktion. Er eignet sich ideal f\u00fcr die Befestigung von Handl\u00e4ufen an Treppen und W\u00e4nden und sorgt f\u00fcr eine sichere und langlebige Handlaufmontage. Mit seiner schlanken Form und der hochwertigen Edelstahloberfl\u00e4che passt dieser Handlaufhalter f\u00fcr Treppen&#8230;<\/p>","protected":false},"featured_media":8108,"comment_status":"closed","ping_status":"closed","template":"","meta":[],"product_brand":[],"product_cat":[77],"product_tag":[],"class_list":{"0":"post-7950","1":"product","2":"type-product","3":"status-publish","4":"has-post-thumbnail","6":"product_cat-wandlaufhalter","8":"first","9":"instock","10":"taxable","11":"shipping-taxable","12":"purchasable","13":"product-type-simple"},"yoast_head":"<!-- This site is optimized with the Yoast SEO plugin v27.4 - https:\/\/yoast.com\/product\/yoast-seo-wordpress\/ -->\n<title>Handlaufhalter Edelstahl Classic - Ammann Stepstore<\/title>\n<meta name=\"description\" content=\"Unser Handlaufhalter-Classic passt perfekt in jedes Haus. Egal ob klassisch, oder modern: Diese Handlaufst\u00fctze passt immer perfekt.\" \/>\n<meta name=\"robots\" content=\"index, follow, max-snippet:-1, max-image-preview:large, max-video-preview:-1\" \/>\n<link rel=\"canonical\" href=\"https:\/\/ammann-stepstore.com\/es\/producto\/soporte-pasamanos-acero-inoxidable-soporte-pasamanos-classic\/\" \/>\n<meta property=\"og:locale\" content=\"es_ES\" \/>\n<meta property=\"og:type\" content=\"article\" \/>\n<meta property=\"og:title\" content=\"Handlaufhalter Edelstahl Classic - Ammann Stepstore\" \/>\n<meta property=\"og:description\" content=\"Unser Handlaufhalter-Classic passt perfekt in jedes Haus. Egal ob klassisch, oder modern: Diese Handlaufst\u00fctze passt immer perfekt.\" \/>\n<meta property=\"og:url\" content=\"https:\/\/ammann-stepstore.com\/es\/producto\/soporte-pasamanos-acero-inoxidable-soporte-pasamanos-classic\/\" \/>\n<meta property=\"og:site_name\" content=\"Ammann Stepstore\" \/>\n<meta property=\"article:modified_time\" content=\"2026-04-15T13:20:32+00:00\" \/>\n<meta property=\"og:image\" content=\"https:\/\/ammann-stepstore.com\/wp-content\/uploads\/2024\/04\/Ammann-Treppen_Wandhandlaufhalter-Classic_1.jpg\" \/>\n\t<meta property=\"og:image:width\" content=\"790\" \/>\n\t<meta property=\"og:image:height\" content=\"1000\" \/>\n\t<meta property=\"og:image:type\" content=\"image\/jpeg\" \/>\n<meta name=\"twitter:card\" content=\"summary_large_image\" \/>\n<meta name=\"twitter:label1\" content=\"Tiempo de lectura\" \/>\n\t<meta name=\"twitter:data1\" content=\"2 minutos\" \/>\n<script type=\"application\/ld+json\" class=\"yoast-schema-graph\">{\"@context\":\"https:\\\/\\\/schema.org\",\"@graph\":[{\"@type\":\"WebPage\",\"@id\":\"https:\\\/\\\/ammann-stepstore.com\\\/produkt\\\/handlaufhalter-edelstahl-handlaufstuetze-handlauftraeger-handlaufhalterung-classic\\\/\",\"url\":\"https:\\\/\\\/ammann-stepstore.com\\\/produkt\\\/handlaufhalter-edelstahl-handlaufstuetze-handlauftraeger-handlaufhalterung-classic\\\/\",\"name\":\"Handlaufhalter Edelstahl Classic - Ammann Stepstore\",\"isPartOf\":{\"@id\":\"https:\\\/\\\/ammann-stepstore.com\\\/#website\"},\"primaryImageOfPage\":{\"@id\":\"https:\\\/\\\/ammann-stepstore.com\\\/produkt\\\/handlaufhalter-edelstahl-handlaufstuetze-handlauftraeger-handlaufhalterung-classic\\\/#primaryimage\"},\"image\":{\"@id\":\"https:\\\/\\\/ammann-stepstore.com\\\/produkt\\\/handlaufhalter-edelstahl-handlaufstuetze-handlauftraeger-handlaufhalterung-classic\\\/#primaryimage\"},\"thumbnailUrl\":\"https:\\\/\\\/ammann-stepstore.com\\\/wp-content\\\/uploads\\\/2024\\\/04\\\/Ammann-Treppen_Wandhandlaufhalter-Classic_1.jpg\",\"datePublished\":\"2024-02-09T08:31:23+00:00\",\"dateModified\":\"2026-04-15T13:20:32+00:00\",\"description\":\"Unser Handlaufhalter-Classic passt perfekt in jedes Haus. Egal ob klassisch, oder modern: Diese Handlaufst\u00fctze passt immer perfekt.\",\"breadcrumb\":{\"@id\":\"https:\\\/\\\/ammann-stepstore.com\\\/produkt\\\/handlaufhalter-edelstahl-handlaufstuetze-handlauftraeger-handlaufhalterung-classic\\\/#breadcrumb\"},\"inLanguage\":\"es\",\"potentialAction\":[{\"@type\":\"ReadAction\",\"target\":[\"https:\\\/\\\/ammann-stepstore.com\\\/produkt\\\/handlaufhalter-edelstahl-handlaufstuetze-handlauftraeger-handlaufhalterung-classic\\\/\"]}]},{\"@type\":\"ImageObject\",\"inLanguage\":\"es\",\"@id\":\"https:\\\/\\\/ammann-stepstore.com\\\/produkt\\\/handlaufhalter-edelstahl-handlaufstuetze-handlauftraeger-handlaufhalterung-classic\\\/#primaryimage\",\"url\":\"https:\\\/\\\/ammann-stepstore.com\\\/wp-content\\\/uploads\\\/2024\\\/04\\\/Ammann-Treppen_Wandhandlaufhalter-Classic_1.jpg\",\"contentUrl\":\"https:\\\/\\\/ammann-stepstore.com\\\/wp-content\\\/uploads\\\/2024\\\/04\\\/Ammann-Treppen_Wandhandlaufhalter-Classic_1.jpg\",\"width\":790,\"height\":1000,\"caption\":\"Ammann-Treppen_handlaufhalter-handlaufhalterung-Handlauftr\u00e4ger-Classic_1\"},{\"@type\":\"BreadcrumbList\",\"@id\":\"https:\\\/\\\/ammann-stepstore.com\\\/produkt\\\/handlaufhalter-edelstahl-handlaufstuetze-handlauftraeger-handlaufhalterung-classic\\\/#breadcrumb\",\"itemListElement\":[{\"@type\":\"ListItem\",\"position\":1,\"name\":\"Startseite\",\"item\":\"https:\\\/\\\/ammann-stepstore.com\\\/\"},{\"@type\":\"ListItem\",\"position\":2,\"name\":\"Shop\",\"item\":\"https:\\\/\\\/ammann-stepstore.com\\\/shop\\\/\"},{\"@type\":\"ListItem\",\"position\":3,\"name\":\"Handlaufhalter Edelstahl Classic\"}]},{\"@type\":\"WebSite\",\"@id\":\"https:\\\/\\\/ammann-stepstore.com\\\/#website\",\"url\":\"https:\\\/\\\/ammann-stepstore.com\\\/\",\"name\":\"Ammann Stepstore\",\"description\":\"Treppenbau-Zubeh\u00f6r bequem online kaufen\",\"publisher\":{\"@id\":\"https:\\\/\\\/ammann-stepstore.com\\\/#organization\"},\"potentialAction\":[{\"@type\":\"SearchAction\",\"target\":{\"@type\":\"EntryPoint\",\"urlTemplate\":\"https:\\\/\\\/ammann-stepstore.com\\\/?s={search_term_string}\"},\"query-input\":{\"@type\":\"PropertyValueSpecification\",\"valueRequired\":true,\"valueName\":\"search_term_string\"}}],\"inLanguage\":\"es\"},{\"@type\":\"Organization\",\"@id\":\"https:\\\/\\\/ammann-stepstore.com\\\/#organization\",\"name\":\"easy-step GmbH\",\"url\":\"https:\\\/\\\/ammann-stepstore.com\\\/\",\"logo\":{\"@type\":\"ImageObject\",\"inLanguage\":\"es\",\"@id\":\"https:\\\/\\\/ammann-stepstore.com\\\/#\\\/schema\\\/logo\\\/image\\\/\",\"url\":\"https:\\\/\\\/ammann-stepstore.com\\\/wp-content\\\/uploads\\\/2018\\\/09\\\/Systembautreppe-merged.png\",\"contentUrl\":\"https:\\\/\\\/ammann-stepstore.com\\\/wp-content\\\/uploads\\\/2018\\\/09\\\/Systembautreppe-merged.png\",\"width\":273,\"height\":67,\"caption\":\"easy-step GmbH\"},\"image\":{\"@id\":\"https:\\\/\\\/ammann-stepstore.com\\\/#\\\/schema\\\/logo\\\/image\\\/\"},\"sameAs\":[\"https:\\\/\\\/www.instagram.com\\\/easystep_bautreppe\\\/\"]}]}<\/script>\n<!-- \/ Yoast SEO plugin. -->","yoast_head_json":{"title":"Soporte de acero inoxidable para pasamanos Classic - Ammann Stepstore","description":"Nuestro soporte de pasamanos Classic encaja perfectamente en cualquier hogar. Ya sea cl\u00e1sico o moderno: Este soporte de pasamanos siempre encaja a la perfecci\u00f3n.","robots":{"index":"index","follow":"follow","max-snippet":"max-snippet:-1","max-image-preview":"max-image-preview:large","max-video-preview":"max-video-preview:-1"},"canonical":"https:\/\/ammann-stepstore.com\/es\/producto\/soporte-pasamanos-acero-inoxidable-soporte-pasamanos-classic\/","og_locale":"es_ES","og_type":"article","og_title":"Handlaufhalter Edelstahl Classic - Ammann Stepstore","og_description":"Unser Handlaufhalter-Classic passt perfekt in jedes Haus. Egal ob klassisch, oder modern: Diese Handlaufst\u00fctze passt immer perfekt.","og_url":"https:\/\/ammann-stepstore.com\/es\/producto\/soporte-pasamanos-acero-inoxidable-soporte-pasamanos-classic\/","og_site_name":"Ammann Stepstore","article_modified_time":"2026-04-15T13:20:32+00:00","og_image":[{"width":790,"height":1000,"url":"https:\/\/ammann-stepstore.com\/wp-content\/uploads\/2024\/04\/Ammann-Treppen_Wandhandlaufhalter-Classic_1.jpg","type":"image\/jpeg"}],"twitter_card":"summary_large_image","twitter_misc":{"Tiempo de lectura":"2 minutos"},"schema":{"@context":"https:\/\/schema.org","@graph":[{"@type":"WebPage","@id":"https:\/\/ammann-stepstore.com\/produkt\/handlaufhalter-edelstahl-handlaufstuetze-handlauftraeger-handlaufhalterung-classic\/","url":"https:\/\/ammann-stepstore.com\/produkt\/handlaufhalter-edelstahl-handlaufstuetze-handlauftraeger-handlaufhalterung-classic\/","name":"Soporte de acero inoxidable para pasamanos Classic - Ammann Stepstore","isPartOf":{"@id":"https:\/\/ammann-stepstore.com\/#website"},"primaryImageOfPage":{"@id":"https:\/\/ammann-stepstore.com\/produkt\/handlaufhalter-edelstahl-handlaufstuetze-handlauftraeger-handlaufhalterung-classic\/#primaryimage"},"image":{"@id":"https:\/\/ammann-stepstore.com\/produkt\/handlaufhalter-edelstahl-handlaufstuetze-handlauftraeger-handlaufhalterung-classic\/#primaryimage"},"thumbnailUrl":"https:\/\/ammann-stepstore.com\/wp-content\/uploads\/2024\/04\/Ammann-Treppen_Wandhandlaufhalter-Classic_1.jpg","datePublished":"2024-02-09T08:31:23+00:00","dateModified":"2026-04-15T13:20:32+00:00","description":"Nuestro soporte de pasamanos Classic encaja perfectamente en cualquier hogar. Ya sea cl\u00e1sico o moderno: Este soporte de pasamanos siempre encaja a la perfecci\u00f3n.","breadcrumb":{"@id":"https:\/\/ammann-stepstore.com\/produkt\/handlaufhalter-edelstahl-handlaufstuetze-handlauftraeger-handlaufhalterung-classic\/#breadcrumb"},"inLanguage":"es","potentialAction":[{"@type":"ReadAction","target":["https:\/\/ammann-stepstore.com\/produkt\/handlaufhalter-edelstahl-handlaufstuetze-handlauftraeger-handlaufhalterung-classic\/"]}]},{"@type":"ImageObject","inLanguage":"es","@id":"https:\/\/ammann-stepstore.com\/produkt\/handlaufhalter-edelstahl-handlaufstuetze-handlauftraeger-handlaufhalterung-classic\/#primaryimage","url":"https:\/\/ammann-stepstore.com\/wp-content\/uploads\/2024\/04\/Ammann-Treppen_Wandhandlaufhalter-Classic_1.jpg","contentUrl":"https:\/\/ammann-stepstore.com\/wp-content\/uploads\/2024\/04\/Ammann-Treppen_Wandhandlaufhalter-Classic_1.jpg","width":790,"height":1000,"caption":"Ammann-Treppen_handlaufhalter-handlaufhalterung-Handlauftr\u00e4ger-Classic_1"},{"@type":"BreadcrumbList","@id":"https:\/\/ammann-stepstore.com\/produkt\/handlaufhalter-edelstahl-handlaufstuetze-handlauftraeger-handlaufhalterung-classic\/#breadcrumb","itemListElement":[{"@type":"ListItem","position":1,"name":"Startseite","item":"https:\/\/ammann-stepstore.com\/"},{"@type":"ListItem","position":2,"name":"Shop","item":"https:\/\/ammann-stepstore.com\/shop\/"},{"@type":"ListItem","position":3,"name":"Handlaufhalter Edelstahl Classic"}]},{"@type":"WebSite","@id":"https:\/\/ammann-stepstore.com\/#website","url":"https:\/\/ammann-stepstore.com\/","name":"Tienda Ammann Stepstore","description":"Comprar accesorios para escaleras c\u00f3modamente en l\u00ednea","publisher":{"@id":"https:\/\/ammann-stepstore.com\/#organization"},"potentialAction":[{"@type":"SearchAction","target":{"@type":"EntryPoint","urlTemplate":"https:\/\/ammann-stepstore.com\/?s={search_term_string}"},"query-input":{"@type":"PropertyValueSpecification","valueRequired":true,"valueName":"search_term_string"}}],"inLanguage":"es"},{"@type":"Organization","@id":"https:\/\/ammann-stepstore.com\/#organization","name":"easy-step GmbH","url":"https:\/\/ammann-stepstore.com\/","logo":{"@type":"ImageObject","inLanguage":"es","@id":"https:\/\/ammann-stepstore.com\/#\/schema\/logo\/image\/","url":"https:\/\/ammann-stepstore.com\/wp-content\/uploads\/2018\/09\/Systembautreppe-merged.png","contentUrl":"https:\/\/ammann-stepstore.com\/wp-content\/uploads\/2018\/09\/Systembautreppe-merged.png","width":273,"height":67,"caption":"easy-step GmbH"},"image":{"@id":"https:\/\/ammann-stepstore.com\/#\/schema\/logo\/image\/"},"sameAs":["https:\/\/www.instagram.com\/easystep_bautreppe\/"]}]}},"_links":{"self":[{"href":"https:\/\/ammann-stepstore.com\/es\/wp-json\/wp\/v2\/product\/7950","targetHints":{"allow":["GET"]}}],"collection":[{"href":"https:\/\/ammann-stepstore.com\/es\/wp-json\/wp\/v2\/product"}],"about":[{"href":"https:\/\/ammann-stepstore.com\/es\/wp-json\/wp\/v2\/types\/product"}],"replies":[{"embeddable":true,"href":"https:\/\/ammann-stepstore.com\/es\/wp-json\/wp\/v2\/comments?post=7950"}],"wp:featuredmedia":[{"embeddable":true,"href":"https:\/\/ammann-stepstore.com\/es\/wp-json\/wp\/v2\/media\/8108"}],"wp:attachment":[{"href":"https:\/\/ammann-stepstore.com\/es\/wp-json\/wp\/v2\/media?parent=7950"}],"wp:term":[{"taxonomy":"product_brand","embeddable":true,"href":"https:\/\/ammann-stepstore.com\/es\/wp-json\/wp\/v2\/product_brand?post=7950"},{"taxonomy":"product_cat","embeddable":true,"href":"https:\/\/ammann-stepstore.com\/es\/wp-json\/wp\/v2\/product_cat?post=7950"},{"taxonomy":"product_tag","embeddable":true,"href":"https:\/\/ammann-stepstore.com\/es\/wp-json\/wp\/v2\/product_tag?post=7950"}],"curies":[{"name":"wp","href":"https:\/\/api.w.org\/{rel}","templated":true}]}}