{"id":7939,"date":"2024-02-23T10:35:35","date_gmt":"2024-02-23T09:35:35","guid":{"rendered":"https:\/\/ammann-stepstore-18589519.wptestserver2.de\/?post_type=product&#038;p=7939"},"modified":"2026-03-31T11:28:52","modified_gmt":"2026-03-31T09:28:52","slug":"soporte-de-peldano-soporte-de-peldano-fijacion-de-peldano-conector-de-peldano-de-acero-inoxidable-para-escaleras-de-zanca-de-madera","status":"publish","type":"product","link":"https:\/\/ammann-stepstore.com\/es\/produkt\/stufenauflager-stufentraeger-stufenhalterung-treppenstufenbefestigung-stufenverbinder-aus-edelstahl-fuer-holzwangentreppen\/","title":{"rendered":"Soportes de pelda\u00f1os de acero inoxidable para escaleras de madera y conexiones de madera vers\u00e1tiles"},"content":{"rendered":"<div>\n<h3>Soportes para pelda\u00f1os de Ammann Stepstore<\/h3>\n<p>Descubra las ventajas de nuestros soportes de pelda\u00f1os para escaleras de largueros de madera y ponga fin de forma permanente a los traqueteos o chirridos de las escaleras. Nuestros soportes para escaleras proporcionan una conexi\u00f3n insonorizada entre los pelda\u00f1os y los largueros y permiten disfrutar de unas escaleras silenciosas, estables y duraderas.<\/p>\n<p>Con nuestros soportes y conectores de pelda\u00f1os de acero inoxidable de alta calidad, los pelda\u00f1os individuales pueden sustituirse f\u00e1cilmente, sin tener que desmontar toda la escalera. No es necesario un laborioso fresado, basta con un simple taladro. Esto significa que incluso los principiantes pueden construir escaleras de forma r\u00e1pida y segura.<\/p>\n<p>Nuestros soportes para pelda\u00f1os no s\u00f3lo son una alternativa inteligente a la cl\u00e1sica escalera de empotrar. Tambi\u00e9n son ideales como conectores de madera universales para numerosos proyectos de madera en interiores y exteriores.<\/p>\n<p>Ideal para cualquiera que busque una soluci\u00f3n de conexi\u00f3n de acero inoxidable duradera, estable y vers\u00e1til.<\/p>\n<p>Haga su pedido ahora y experimente la diferencia: con las sofisticadas soluciones de Ammann Treppen para la fijaci\u00f3n de pelda\u00f1os y las uniones flexibles de madera.<\/p>\n<\/div>\n<p>&nbsp;<\/p>\n<div>\n<h4>Informaci\u00f3n sobre el art\u00edculo<\/h4>\n<p><strong>Datos t\u00e9cnicos:<\/strong><\/p>\n<ul>\n<li>Espiga de 15 mm para montaje en la mejilla<\/li>\n<li>20 mm \u00d8 para taladrar en la mejilla<\/li>\n<li>Distancia entre larguero y pelda\u00f1o: 5 mm (para aislamiento ac\u00fastico)<\/li>\n<li>Soporte del pelda\u00f1o: 45 mm<\/li>\n<\/ul>\n<p>entrega <strong>Sin tornillos<\/strong>.<br \/>\nCon pelda\u00f1os de 45 mm de grosor y largueros de 45 mm de grosor <strong>Tornillos Torx para madera de 4,5 \u00d7 40<\/strong> recomendada.<\/p>\n<p>Para m\u00e1s informaci\u00f3n, consulte el <strong>Instrucciones de montaje<\/strong>.<\/p>\n<p><strong>Se necesitan 4 soportes de pelda\u00f1o por pelda\u00f1o.<\/strong><\/p>\n<p>Env\u00edo desde Alemania.<\/p>\n<\/div>\n<p>&nbsp;<\/p>\n<p><a style=\"display: inline-flex; align-items: center; justify-content: center; height: 46px; padding: 0 22px; background: #d4001f; color: #fff; border-radius: 24px; text-decoration: none; font-weight: 600; font-size: 16px; line-height: 1; box-sizing: border-box;\" href=\"\/es\/treppenstufen-befestigen-wangentreppe\/\"><br \/>\nPasos de fijaci\u00f3n<br \/>\n<\/a><\/p>","protected":false},"excerpt":{"rendered":"<p>por unidad para una escalera de 15 contrahuellas<\/p>","protected":false},"featured_media":8099,"comment_status":"closed","ping_status":"closed","template":"","meta":[],"product_brand":[],"product_cat":[78],"product_tag":[],"class_list":{"0":"post-7939","1":"product","2":"type-product","3":"status-publish","4":"has-post-thumbnail","6":"product_cat-stufenauflager","8":"first","9":"instock","10":"taxable","11":"shipping-taxable","12":"purchasable","13":"product-type-simple"},"yoast_head":"<!-- This site is optimized with the Yoast SEO plugin v27.4 - https:\/\/yoast.com\/product\/yoast-seo-wordpress\/ -->\n<title>Stufenauflager aus Edelstahl f\u00fcr Holztreppen &amp; vielseitige Holzverbindungen - Ammann Stepstore<\/title>\n<meta name=\"description\" content=\"Treppenstufenbefestigung aus Edelstahl f\u00fcr Holzwangentreppen. Jetzt Stufentr\u00e4ger kaufen im Online-Shop von Ammann Treppen.\" \/>\n<meta name=\"robots\" content=\"index, follow, max-snippet:-1, max-image-preview:large, max-video-preview:-1\" \/>\n<link rel=\"canonical\" href=\"https:\/\/ammann-stepstore.com\/es\/producto\/soporte-de-peldano-soporte-de-peldano-fijacion-de-peldano-conector-de-peldano-de-acero-inoxidable-para-escaleras-de-zanca-de-madera\/\" \/>\n<meta property=\"og:locale\" content=\"es_ES\" \/>\n<meta property=\"og:type\" content=\"article\" \/>\n<meta property=\"og:title\" content=\"Stufenauflager aus Edelstahl f\u00fcr Holztreppen &amp; vielseitige Holzverbindungen - Ammann Stepstore\" \/>\n<meta property=\"og:description\" content=\"Treppenstufenbefestigung aus Edelstahl f\u00fcr Holzwangentreppen. Jetzt Stufentr\u00e4ger kaufen im Online-Shop von Ammann Treppen.\" \/>\n<meta property=\"og:url\" content=\"https:\/\/ammann-stepstore.com\/es\/producto\/soporte-de-peldano-soporte-de-peldano-fijacion-de-peldano-conector-de-peldano-de-acero-inoxidable-para-escaleras-de-zanca-de-madera\/\" \/>\n<meta property=\"og:site_name\" content=\"Ammann Stepstore\" \/>\n<meta property=\"article:modified_time\" content=\"2026-03-31T09:28:52+00:00\" \/>\n<meta property=\"og:image\" content=\"https:\/\/ammann-stepstore.com\/wp-content\/uploads\/2024\/02\/Ammann-Treppen_Stufenauflager_4-1.jpg\" \/>\n\t<meta property=\"og:image:width\" content=\"790\" \/>\n\t<meta property=\"og:image:height\" content=\"1000\" \/>\n\t<meta property=\"og:image:type\" content=\"image\/jpeg\" \/>\n<meta name=\"twitter:card\" content=\"summary_large_image\" \/>\n<meta name=\"twitter:label1\" content=\"Tiempo de lectura\" \/>\n\t<meta name=\"twitter:data1\" content=\"2 minutos\" \/>\n<script type=\"application\/ld+json\" class=\"yoast-schema-graph\">{\"@context\":\"https:\\\/\\\/schema.org\",\"@graph\":[{\"@type\":\"WebPage\",\"@id\":\"https:\\\/\\\/ammann-stepstore.com\\\/de\\\/produkt\\\/stufenauflager-stufentraeger-stufenhalterung-treppenstufenbefestigung-stufenverbinder-aus-edelstahl-fuer-holzwangentreppen\\\/\",\"url\":\"https:\\\/\\\/ammann-stepstore.com\\\/de\\\/produkt\\\/stufenauflager-stufentraeger-stufenhalterung-treppenstufenbefestigung-stufenverbinder-aus-edelstahl-fuer-holzwangentreppen\\\/\",\"name\":\"Stufenauflager aus Edelstahl f\u00fcr Holztreppen & vielseitige Holzverbindungen - Ammann Stepstore\",\"isPartOf\":{\"@id\":\"https:\\\/\\\/ammann-stepstore.com\\\/#website\"},\"primaryImageOfPage\":{\"@id\":\"https:\\\/\\\/ammann-stepstore.com\\\/de\\\/produkt\\\/stufenauflager-stufentraeger-stufenhalterung-treppenstufenbefestigung-stufenverbinder-aus-edelstahl-fuer-holzwangentreppen\\\/#primaryimage\"},\"image\":{\"@id\":\"https:\\\/\\\/ammann-stepstore.com\\\/de\\\/produkt\\\/stufenauflager-stufentraeger-stufenhalterung-treppenstufenbefestigung-stufenverbinder-aus-edelstahl-fuer-holzwangentreppen\\\/#primaryimage\"},\"thumbnailUrl\":\"https:\\\/\\\/ammann-stepstore.com\\\/wp-content\\\/uploads\\\/2024\\\/02\\\/Ammann-Treppen_Stufenauflager_4-1.jpg\",\"datePublished\":\"2024-02-23T09:35:35+00:00\",\"dateModified\":\"2026-03-31T09:28:52+00:00\",\"description\":\"Treppenstufenbefestigung aus Edelstahl f\u00fcr Holzwangentreppen. Jetzt Stufentr\u00e4ger kaufen im Online-Shop von Ammann Treppen.\",\"breadcrumb\":{\"@id\":\"https:\\\/\\\/ammann-stepstore.com\\\/de\\\/produkt\\\/stufenauflager-stufentraeger-stufenhalterung-treppenstufenbefestigung-stufenverbinder-aus-edelstahl-fuer-holzwangentreppen\\\/#breadcrumb\"},\"inLanguage\":\"es\",\"potentialAction\":[{\"@type\":\"ReadAction\",\"target\":[\"https:\\\/\\\/ammann-stepstore.com\\\/de\\\/produkt\\\/stufenauflager-stufentraeger-stufenhalterung-treppenstufenbefestigung-stufenverbinder-aus-edelstahl-fuer-holzwangentreppen\\\/\"]}]},{\"@type\":\"ImageObject\",\"inLanguage\":\"es\",\"@id\":\"https:\\\/\\\/ammann-stepstore.com\\\/de\\\/produkt\\\/stufenauflager-stufentraeger-stufenhalterung-treppenstufenbefestigung-stufenverbinder-aus-edelstahl-fuer-holzwangentreppen\\\/#primaryimage\",\"url\":\"https:\\\/\\\/ammann-stepstore.com\\\/wp-content\\\/uploads\\\/2024\\\/02\\\/Ammann-Treppen_Stufenauflager_4-1.jpg\",\"contentUrl\":\"https:\\\/\\\/ammann-stepstore.com\\\/wp-content\\\/uploads\\\/2024\\\/02\\\/Ammann-Treppen_Stufenauflager_4-1.jpg\",\"width\":790,\"height\":1000,\"caption\":\"Stufenhalterung f\u00fcr Holztreppen aus Edelstahl\"},{\"@type\":\"BreadcrumbList\",\"@id\":\"https:\\\/\\\/ammann-stepstore.com\\\/de\\\/produkt\\\/stufenauflager-stufentraeger-stufenhalterung-treppenstufenbefestigung-stufenverbinder-aus-edelstahl-fuer-holzwangentreppen\\\/#breadcrumb\",\"itemListElement\":[{\"@type\":\"ListItem\",\"position\":1,\"name\":\"Startseite\",\"item\":\"https:\\\/\\\/ammann-stepstore.com\\\/\"},{\"@type\":\"ListItem\",\"position\":2,\"name\":\"Shop\",\"item\":\"https:\\\/\\\/ammann-stepstore.com\\\/shop\\\/\"},{\"@type\":\"ListItem\",\"position\":3,\"name\":\"Stufenauflager aus Edelstahl f\u00fcr Holztreppen &#038; vielseitige Holzverbindungen\"}]},{\"@type\":\"WebSite\",\"@id\":\"https:\\\/\\\/ammann-stepstore.com\\\/#website\",\"url\":\"https:\\\/\\\/ammann-stepstore.com\\\/\",\"name\":\"Ammann Stepstore\",\"description\":\"Treppenbau-Zubeh\u00f6r bequem online kaufen\",\"publisher\":{\"@id\":\"https:\\\/\\\/ammann-stepstore.com\\\/#organization\"},\"potentialAction\":[{\"@type\":\"SearchAction\",\"target\":{\"@type\":\"EntryPoint\",\"urlTemplate\":\"https:\\\/\\\/ammann-stepstore.com\\\/?s={search_term_string}\"},\"query-input\":{\"@type\":\"PropertyValueSpecification\",\"valueRequired\":true,\"valueName\":\"search_term_string\"}}],\"inLanguage\":\"es\"},{\"@type\":\"Organization\",\"@id\":\"https:\\\/\\\/ammann-stepstore.com\\\/#organization\",\"name\":\"easy-step GmbH\",\"url\":\"https:\\\/\\\/ammann-stepstore.com\\\/\",\"logo\":{\"@type\":\"ImageObject\",\"inLanguage\":\"es\",\"@id\":\"https:\\\/\\\/ammann-stepstore.com\\\/#\\\/schema\\\/logo\\\/image\\\/\",\"url\":\"https:\\\/\\\/ammann-stepstore.com\\\/wp-content\\\/uploads\\\/2018\\\/09\\\/Systembautreppe-merged.png\",\"contentUrl\":\"https:\\\/\\\/ammann-stepstore.com\\\/wp-content\\\/uploads\\\/2018\\\/09\\\/Systembautreppe-merged.png\",\"width\":273,\"height\":67,\"caption\":\"easy-step GmbH\"},\"image\":{\"@id\":\"https:\\\/\\\/ammann-stepstore.com\\\/#\\\/schema\\\/logo\\\/image\\\/\"},\"sameAs\":[\"https:\\\/\\\/www.instagram.com\\\/easystep_bautreppe\\\/\"]}]}<\/script>\n<!-- \/ Yoast SEO plugin. -->","yoast_head_json":{"title":"Soportes de pelda\u00f1os de acero inoxidable para escaleras de madera y conexiones de madera vers\u00e1tiles - Ammann Stepstore","description":"Soporte de pelda\u00f1o de acero inoxidable para escaleras de zancas de madera. Compre ahora soportes para pelda\u00f1os en la tienda online de Ammann Treppen.","robots":{"index":"index","follow":"follow","max-snippet":"max-snippet:-1","max-image-preview":"max-image-preview:large","max-video-preview":"max-video-preview:-1"},"canonical":"https:\/\/ammann-stepstore.com\/es\/producto\/soporte-de-peldano-soporte-de-peldano-fijacion-de-peldano-conector-de-peldano-de-acero-inoxidable-para-escaleras-de-zanca-de-madera\/","og_locale":"es_ES","og_type":"article","og_title":"Stufenauflager aus Edelstahl f\u00fcr Holztreppen & vielseitige Holzverbindungen - Ammann Stepstore","og_description":"Treppenstufenbefestigung aus Edelstahl f\u00fcr Holzwangentreppen. Jetzt Stufentr\u00e4ger kaufen im Online-Shop von Ammann Treppen.","og_url":"https:\/\/ammann-stepstore.com\/es\/producto\/soporte-de-peldano-soporte-de-peldano-fijacion-de-peldano-conector-de-peldano-de-acero-inoxidable-para-escaleras-de-zanca-de-madera\/","og_site_name":"Ammann Stepstore","article_modified_time":"2026-03-31T09:28:52+00:00","og_image":[{"width":790,"height":1000,"url":"https:\/\/ammann-stepstore.com\/wp-content\/uploads\/2024\/02\/Ammann-Treppen_Stufenauflager_4-1.jpg","type":"image\/jpeg"}],"twitter_card":"summary_large_image","twitter_misc":{"Tiempo de lectura":"2 minutos"},"schema":{"@context":"https:\/\/schema.org","@graph":[{"@type":"WebPage","@id":"https:\/\/ammann-stepstore.com\/de\/produkt\/stufenauflager-stufentraeger-stufenhalterung-treppenstufenbefestigung-stufenverbinder-aus-edelstahl-fuer-holzwangentreppen\/","url":"https:\/\/ammann-stepstore.com\/de\/produkt\/stufenauflager-stufentraeger-stufenhalterung-treppenstufenbefestigung-stufenverbinder-aus-edelstahl-fuer-holzwangentreppen\/","name":"Soportes de pelda\u00f1os de acero inoxidable para escaleras de madera y conexiones de madera vers\u00e1tiles - Ammann Stepstore","isPartOf":{"@id":"https:\/\/ammann-stepstore.com\/#website"},"primaryImageOfPage":{"@id":"https:\/\/ammann-stepstore.com\/de\/produkt\/stufenauflager-stufentraeger-stufenhalterung-treppenstufenbefestigung-stufenverbinder-aus-edelstahl-fuer-holzwangentreppen\/#primaryimage"},"image":{"@id":"https:\/\/ammann-stepstore.com\/de\/produkt\/stufenauflager-stufentraeger-stufenhalterung-treppenstufenbefestigung-stufenverbinder-aus-edelstahl-fuer-holzwangentreppen\/#primaryimage"},"thumbnailUrl":"https:\/\/ammann-stepstore.com\/wp-content\/uploads\/2024\/02\/Ammann-Treppen_Stufenauflager_4-1.jpg","datePublished":"2024-02-23T09:35:35+00:00","dateModified":"2026-03-31T09:28:52+00:00","description":"Soporte de pelda\u00f1o de acero inoxidable para escaleras de zancas de madera. Compre ahora soportes para pelda\u00f1os en la tienda online de Ammann Treppen.","breadcrumb":{"@id":"https:\/\/ammann-stepstore.com\/de\/produkt\/stufenauflager-stufentraeger-stufenhalterung-treppenstufenbefestigung-stufenverbinder-aus-edelstahl-fuer-holzwangentreppen\/#breadcrumb"},"inLanguage":"es","potentialAction":[{"@type":"ReadAction","target":["https:\/\/ammann-stepstore.com\/de\/produkt\/stufenauflager-stufentraeger-stufenhalterung-treppenstufenbefestigung-stufenverbinder-aus-edelstahl-fuer-holzwangentreppen\/"]}]},{"@type":"ImageObject","inLanguage":"es","@id":"https:\/\/ammann-stepstore.com\/de\/produkt\/stufenauflager-stufentraeger-stufenhalterung-treppenstufenbefestigung-stufenverbinder-aus-edelstahl-fuer-holzwangentreppen\/#primaryimage","url":"https:\/\/ammann-stepstore.com\/wp-content\/uploads\/2024\/02\/Ammann-Treppen_Stufenauflager_4-1.jpg","contentUrl":"https:\/\/ammann-stepstore.com\/wp-content\/uploads\/2024\/02\/Ammann-Treppen_Stufenauflager_4-1.jpg","width":790,"height":1000,"caption":"Stufenhalterung f\u00fcr Holztreppen aus Edelstahl"},{"@type":"BreadcrumbList","@id":"https:\/\/ammann-stepstore.com\/de\/produkt\/stufenauflager-stufentraeger-stufenhalterung-treppenstufenbefestigung-stufenverbinder-aus-edelstahl-fuer-holzwangentreppen\/#breadcrumb","itemListElement":[{"@type":"ListItem","position":1,"name":"Startseite","item":"https:\/\/ammann-stepstore.com\/"},{"@type":"ListItem","position":2,"name":"Shop","item":"https:\/\/ammann-stepstore.com\/shop\/"},{"@type":"ListItem","position":3,"name":"Stufenauflager aus Edelstahl f\u00fcr Holztreppen &#038; vielseitige Holzverbindungen"}]},{"@type":"WebSite","@id":"https:\/\/ammann-stepstore.com\/#website","url":"https:\/\/ammann-stepstore.com\/","name":"Tienda Ammann Stepstore","description":"Comprar accesorios para escaleras c\u00f3modamente en l\u00ednea","publisher":{"@id":"https:\/\/ammann-stepstore.com\/#organization"},"potentialAction":[{"@type":"SearchAction","target":{"@type":"EntryPoint","urlTemplate":"https:\/\/ammann-stepstore.com\/?s={search_term_string}"},"query-input":{"@type":"PropertyValueSpecification","valueRequired":true,"valueName":"search_term_string"}}],"inLanguage":"es"},{"@type":"Organization","@id":"https:\/\/ammann-stepstore.com\/#organization","name":"easy-step GmbH","url":"https:\/\/ammann-stepstore.com\/","logo":{"@type":"ImageObject","inLanguage":"es","@id":"https:\/\/ammann-stepstore.com\/#\/schema\/logo\/image\/","url":"https:\/\/ammann-stepstore.com\/wp-content\/uploads\/2018\/09\/Systembautreppe-merged.png","contentUrl":"https:\/\/ammann-stepstore.com\/wp-content\/uploads\/2018\/09\/Systembautreppe-merged.png","width":273,"height":67,"caption":"easy-step GmbH"},"image":{"@id":"https:\/\/ammann-stepstore.com\/#\/schema\/logo\/image\/"},"sameAs":["https:\/\/www.instagram.com\/easystep_bautreppe\/"]}]}},"_links":{"self":[{"href":"https:\/\/ammann-stepstore.com\/es\/wp-json\/wp\/v2\/product\/7939","targetHints":{"allow":["GET"]}}],"collection":[{"href":"https:\/\/ammann-stepstore.com\/es\/wp-json\/wp\/v2\/product"}],"about":[{"href":"https:\/\/ammann-stepstore.com\/es\/wp-json\/wp\/v2\/types\/product"}],"replies":[{"embeddable":true,"href":"https:\/\/ammann-stepstore.com\/es\/wp-json\/wp\/v2\/comments?post=7939"}],"wp:featuredmedia":[{"embeddable":true,"href":"https:\/\/ammann-stepstore.com\/es\/wp-json\/wp\/v2\/media\/8099"}],"wp:attachment":[{"href":"https:\/\/ammann-stepstore.com\/es\/wp-json\/wp\/v2\/media?parent=7939"}],"wp:term":[{"taxonomy":"product_brand","embeddable":true,"href":"https:\/\/ammann-stepstore.com\/es\/wp-json\/wp\/v2\/product_brand?post=7939"},{"taxonomy":"product_cat","embeddable":true,"href":"https:\/\/ammann-stepstore.com\/es\/wp-json\/wp\/v2\/product_cat?post=7939"},{"taxonomy":"product_tag","embeddable":true,"href":"https:\/\/ammann-stepstore.com\/es\/wp-json\/wp\/v2\/product_tag?post=7939"}],"curies":[{"name":"wp","href":"https:\/\/api.w.org\/{rel}","templated":true}]}}