{"id":7779,"date":"2024-01-22T19:06:26","date_gmt":"2024-01-22T18:06:26","guid":{"rendered":"https:\/\/ammann-stepstore-18589519.wptestserver2.de\/?page_id=7779"},"modified":"2026-03-12T11:10:47","modified_gmt":"2026-03-12T10:10:47","slug":"empresa","status":"publish","type":"page","link":"https:\/\/ammann-stepstore.com\/es\/unternehmen\/","title":{"rendered":"La empresa"},"content":{"rendered":"<section class=\"l-section wpb_row us_custom_854ca308 height_medium\"><div class=\"l-section-h i-cf\"><div class=\"g-cols vc_row via_flex valign_top type_default stacking_default\"><div class=\"vc_col-sm-12 wpb_column vc_column_container\"><div class=\"vc_column-inner\"><div class=\"wpb_wrapper\"><\/div><\/div><\/div><\/div><\/div><\/section><section class=\"l-section wpb_row us_custom_11374b0e height_medium\"><div class=\"l-section-h i-cf\"><div class=\"g-cols vc_row via_flex valign_top type_default stacking_default\"><div class=\"vc_col-sm-6 wpb_column vc_column_container\"><div class=\"vc_column-inner\"><div class=\"wpb_wrapper\"><div class=\"wpb_text_column us_custom_5ba5a645\"><div class=\"wpb_wrapper\"><h3>EXPERIENCIA EN ESCALERAS DESDE 1988<\/h3>\n<\/div><\/div><\/div><\/div><\/div><div class=\"vc_col-sm-6 wpb_column vc_column_container\"><div class=\"vc_column-inner\"><div class=\"wpb_wrapper\"><div class=\"wpb_text_column\"><div class=\"wpb_wrapper\"><p>Desde 1988, el nombre AMMANN TREPPEN es sin\u00f3nimo de soluciones de dise\u00f1o innovadoras y de alta calidad en la construcci\u00f3n de escaleras. Nuestros especialistas, flexibles, imaginativos y altamente cualificados, le ofrecen un asesoramiento de primera clase y participan en el proceso de dise\u00f1o y planificaci\u00f3n.<\/p>\n<p>En nuestra nueva tienda en l\u00ednea AMMANN STEPSTORE, encontrar\u00e1 ahora una amplia gama de productos que hemos desarrollado y optimizado a lo largo de los a\u00f1os.<\/p>\n<\/div><\/div><\/div><\/div><\/div><\/div><\/div><\/section><section class=\"l-section wpb_row us_custom_887a049b height_medium\"><div class=\"l-section-h i-cf\"><div class=\"g-cols vc_row via_flex valign_top type_default stacking_default\"><div class=\"vc_col-sm-6 wpb_column vc_column_container has_text_color has_bg_color\"><div class=\"vc_column-inner us_custom_8cb1acd0\"><div class=\"wpb_wrapper\"><div class=\"wpb_text_column us_custom_079e8bee\"><div class=\"wpb_wrapper\"><p>viva de cerca nuestras escaleras<\/p>\n<\/div><\/div><div class=\"wpb_text_column us_custom_5c800f2d\"><div class=\"wpb_wrapper\"><p>Visite una de nuestras exposiciones: en 400 metros cuadrados en Schwabm\u00fcnchen podr\u00e1 experimentar las distintas formas de escaleras y opciones de dise\u00f1o para su escalera individual.<\/p>\n<\/div><\/div><\/div><\/div><\/div><div class=\"vc_col-sm-6 wpb_column vc_column_container\"><div class=\"vc_column-inner\"><div class=\"wpb_wrapper\"><div class=\"g-cols wpb_row via_flex valign_top type_default stacking_default\"><div class=\"vc_col-sm-12 wpb_column vc_column_container\"><div class=\"vc_column-inner us_custom_b6a72ce1\"><div class=\"wpb_wrapper\"><div class=\"w-image us_custom_b6a72ce1 align_none\"><div class=\"w-image-h\"><img decoding=\"async\" width=\"1426\" height=\"969\" src=\"https:\/\/ammann-stepstore.com\/wp-content\/uploads\/2024\/01\/image-8-1.png\" class=\"attachment-full size-full\" alt=\"\" loading=\"lazy\" srcset=\"https:\/\/ammann-stepstore.com\/wp-content\/uploads\/2024\/01\/image-8-1.png 1426w, https:\/\/ammann-stepstore.com\/wp-content\/uploads\/2024\/01\/image-8-1-300x204.png 300w, https:\/\/ammann-stepstore.com\/wp-content\/uploads\/2024\/01\/image-8-1-1024x696.png 1024w, https:\/\/ammann-stepstore.com\/wp-content\/uploads\/2024\/01\/image-8-1-18x12.png 18w, https:\/\/ammann-stepstore.com\/wp-content\/uploads\/2024\/01\/image-8-1-600x408.png 600w, https:\/\/ammann-stepstore.com\/wp-content\/uploads\/2024\/01\/image-8-1-74x50.png 74w\" sizes=\"auto, (max-width: 1426px) 100vw, 1426px\" \/><\/div><\/div><\/div><\/div><\/div><\/div><\/div><\/div><\/div><\/div><\/div><\/section><section class=\"l-section wpb_row height_medium\"><div class=\"l-section-h i-cf\"><div class=\"g-cols vc_row via_flex valign_top type_default stacking_default\"><div class=\"vc_col-sm-6 wpb_column vc_column_container has_text_color\"><div class=\"vc_column-inner us_custom_cb43d0d8\"><div class=\"wpb_wrapper\"><div class=\"g-cols wpb_row via_flex valign_top type_default stacking_default\"><div class=\"vc_col-sm-12 wpb_column vc_column_container\"><div class=\"vc_column-inner us_custom_b6a72ce1\"><div class=\"wpb_wrapper\"><div class=\"w-image us_custom_b6a72ce1 align_none\"><div class=\"w-image-h\"><img decoding=\"async\" width=\"1220\" height=\"927\" src=\"https:\/\/ammann-stepstore.com\/wp-content\/uploads\/2024\/01\/image-9.png\" class=\"attachment-full size-full\" alt=\"Trabajos manuales\" loading=\"lazy\" srcset=\"https:\/\/ammann-stepstore.com\/wp-content\/uploads\/2024\/01\/image-9.png 1220w, https:\/\/ammann-stepstore.com\/wp-content\/uploads\/2024\/01\/image-9-300x228.png 300w, https:\/\/ammann-stepstore.com\/wp-content\/uploads\/2024\/01\/image-9-1024x778.png 1024w, https:\/\/ammann-stepstore.com\/wp-content\/uploads\/2024\/01\/image-9-16x12.png 16w, https:\/\/ammann-stepstore.com\/wp-content\/uploads\/2024\/01\/image-9-600x456.png 600w, https:\/\/ammann-stepstore.com\/wp-content\/uploads\/2024\/01\/image-9-66x50.png 66w\" sizes=\"auto, (max-width: 1220px) 100vw, 1220px\" \/><\/div><\/div><\/div><\/div><\/div><\/div><\/div><\/div><\/div><div class=\"vc_col-sm-6 wpb_column vc_column_container\"><div class=\"vc_column-inner\"><div class=\"wpb_wrapper\"><div class=\"wpb_text_column us_custom_11374b0e amman-shop-title\"><div class=\"wpb_wrapper\"><p>producimos en ARTESAN\u00cdA TRADICIONAL<\/p>\n<\/div><\/div><div class=\"wpb_text_column us_custom_5c800f2d\"><div class=\"wpb_wrapper\"><p>Todas nuestras escaleras se fabrican con maderas locales y de todo el mundo.<br \/>\nLa madera es un material fuerte, duradero, resistente y f\u00e1cil de trabajar. Por su versatilidad, sus excelentes propiedades y su aspecto natural y c\u00e1lido, la madera es m\u00e1s popular que nunca. La madera armoniza perfectamente con otros materiales como la piedra, el cristal y el metal. .<br \/>\nEl m\u00e1ximo cuidado en la selecci\u00f3n y el acabado de la madera garantiza un producto duradero y estable.<\/p>\n<\/div><\/div><div class=\"w-btn-wrapper align_none\"><a class=\"w-btn us-btn-style_4\" title=\"M\u00e1s informaci\u00f3n en Ammann-Treppen.de\" target=\" _blank\" rel=\"nofollow\" href=\"https:\/\/www.ammann-treppen.de\/\"><span class=\"w-btn-label\">M\u00e1s informaci\u00f3n en Ammann-Treppen.de<\/span><\/a><\/div><\/div><\/div><\/div><\/div><\/div><\/section>","protected":false},"excerpt":{"rendered":"COMPETENCIA EN ESCALERAS DESDE 1988 Desde 1988, el nombre AMMANN TREPPEN es sin\u00f3nimo de soluciones de dise\u00f1o innovadoras y de alta calidad en la construcci\u00f3n de escaleras. Nuestros especialistas, flexibles, imaginativos y altamente cualificados, le asesorar\u00e1n de primera clase y le implicar\u00e1n en el proceso de dise\u00f1o y planificaci\u00f3n. En nuestra nueva tienda en l\u00ednea AMMANN STEPSTORE, encontrar\u00e1 ahora una amplia gama de productos que hemos desarrollado a lo largo de los a\u00f1os.","protected":false},"author":8,"featured_media":0,"parent":0,"menu_order":0,"comment_status":"closed","ping_status":"closed","template":"","meta":{"footnotes":""},"class_list":["post-7779","page","type-page","status-publish","hentry"],"yoast_head":"<!-- This site is optimized with the Yoast SEO plugin v27.4 - https:\/\/yoast.com\/product\/yoast-seo-wordpress\/ -->\n<title>Unternehmen - Ammann Stepstore<\/title>\n<meta name=\"robots\" content=\"index, follow, max-snippet:-1, max-image-preview:large, max-video-preview:-1\" \/>\n<link rel=\"canonical\" href=\"https:\/\/ammann-stepstore.com\/es\/empresa\/\" \/>\n<meta property=\"og:locale\" content=\"es_ES\" \/>\n<meta property=\"og:type\" content=\"article\" \/>\n<meta property=\"og:title\" content=\"Unternehmen - Ammann Stepstore\" \/>\n<meta property=\"og:url\" content=\"https:\/\/ammann-stepstore.com\/es\/empresa\/\" \/>\n<meta property=\"og:site_name\" content=\"Ammann Stepstore\" \/>\n<meta property=\"article:modified_time\" content=\"2026-03-12T10:10:47+00:00\" \/>\n<meta name=\"twitter:card\" content=\"summary_large_image\" \/>\n<meta name=\"twitter:label1\" content=\"Tiempo de lectura\" \/>\n\t<meta name=\"twitter:data1\" content=\"2 minutos\" \/>\n<script type=\"application\/ld+json\" class=\"yoast-schema-graph\">{\"@context\":\"https:\\\/\\\/schema.org\",\"@graph\":[{\"@type\":\"WebPage\",\"@id\":\"https:\\\/\\\/ammann-stepstore.com\\\/unternehmen\\\/\",\"url\":\"https:\\\/\\\/ammann-stepstore.com\\\/unternehmen\\\/\",\"name\":\"Unternehmen - Ammann Stepstore\",\"isPartOf\":{\"@id\":\"https:\\\/\\\/ammann-stepstore.com\\\/#website\"},\"datePublished\":\"2024-01-22T18:06:26+00:00\",\"dateModified\":\"2026-03-12T10:10:47+00:00\",\"breadcrumb\":{\"@id\":\"https:\\\/\\\/ammann-stepstore.com\\\/unternehmen\\\/#breadcrumb\"},\"inLanguage\":\"es\",\"potentialAction\":[{\"@type\":\"ReadAction\",\"target\":[\"https:\\\/\\\/ammann-stepstore.com\\\/unternehmen\\\/\"]}]},{\"@type\":\"BreadcrumbList\",\"@id\":\"https:\\\/\\\/ammann-stepstore.com\\\/unternehmen\\\/#breadcrumb\",\"itemListElement\":[{\"@type\":\"ListItem\",\"position\":1,\"name\":\"Startseite\",\"item\":\"https:\\\/\\\/ammann-stepstore.com\\\/\"},{\"@type\":\"ListItem\",\"position\":2,\"name\":\"Unternehmen\"}]},{\"@type\":\"WebSite\",\"@id\":\"https:\\\/\\\/ammann-stepstore.com\\\/#website\",\"url\":\"https:\\\/\\\/ammann-stepstore.com\\\/\",\"name\":\"Ammann Stepstore\",\"description\":\"Treppenbau-Zubeh\u00f6r bequem online kaufen\",\"publisher\":{\"@id\":\"https:\\\/\\\/ammann-stepstore.com\\\/#organization\"},\"potentialAction\":[{\"@type\":\"SearchAction\",\"target\":{\"@type\":\"EntryPoint\",\"urlTemplate\":\"https:\\\/\\\/ammann-stepstore.com\\\/?s={search_term_string}\"},\"query-input\":{\"@type\":\"PropertyValueSpecification\",\"valueRequired\":true,\"valueName\":\"search_term_string\"}}],\"inLanguage\":\"es\"},{\"@type\":\"Organization\",\"@id\":\"https:\\\/\\\/ammann-stepstore.com\\\/#organization\",\"name\":\"easy-step GmbH\",\"url\":\"https:\\\/\\\/ammann-stepstore.com\\\/\",\"logo\":{\"@type\":\"ImageObject\",\"inLanguage\":\"es\",\"@id\":\"https:\\\/\\\/ammann-stepstore.com\\\/#\\\/schema\\\/logo\\\/image\\\/\",\"url\":\"https:\\\/\\\/ammann-stepstore.com\\\/wp-content\\\/uploads\\\/2018\\\/09\\\/Systembautreppe-merged.png\",\"contentUrl\":\"https:\\\/\\\/ammann-stepstore.com\\\/wp-content\\\/uploads\\\/2018\\\/09\\\/Systembautreppe-merged.png\",\"width\":273,\"height\":67,\"caption\":\"easy-step GmbH\"},\"image\":{\"@id\":\"https:\\\/\\\/ammann-stepstore.com\\\/#\\\/schema\\\/logo\\\/image\\\/\"},\"sameAs\":[\"https:\\\/\\\/www.instagram.com\\\/easystep_bautreppe\\\/\"]}]}<\/script>\n<!-- \/ Yoast SEO plugin. -->","yoast_head_json":{"title":"Empresa - Ammann Stepstore","robots":{"index":"index","follow":"follow","max-snippet":"max-snippet:-1","max-image-preview":"max-image-preview:large","max-video-preview":"max-video-preview:-1"},"canonical":"https:\/\/ammann-stepstore.com\/es\/empresa\/","og_locale":"es_ES","og_type":"article","og_title":"Unternehmen - Ammann Stepstore","og_url":"https:\/\/ammann-stepstore.com\/es\/empresa\/","og_site_name":"Ammann Stepstore","article_modified_time":"2026-03-12T10:10:47+00:00","twitter_card":"summary_large_image","twitter_misc":{"Tiempo de lectura":"2 minutos"},"schema":{"@context":"https:\/\/schema.org","@graph":[{"@type":"WebPage","@id":"https:\/\/ammann-stepstore.com\/unternehmen\/","url":"https:\/\/ammann-stepstore.com\/unternehmen\/","name":"Empresa - Ammann Stepstore","isPartOf":{"@id":"https:\/\/ammann-stepstore.com\/#website"},"datePublished":"2024-01-22T18:06:26+00:00","dateModified":"2026-03-12T10:10:47+00:00","breadcrumb":{"@id":"https:\/\/ammann-stepstore.com\/unternehmen\/#breadcrumb"},"inLanguage":"es","potentialAction":[{"@type":"ReadAction","target":["https:\/\/ammann-stepstore.com\/unternehmen\/"]}]},{"@type":"BreadcrumbList","@id":"https:\/\/ammann-stepstore.com\/unternehmen\/#breadcrumb","itemListElement":[{"@type":"ListItem","position":1,"name":"Startseite","item":"https:\/\/ammann-stepstore.com\/"},{"@type":"ListItem","position":2,"name":"Unternehmen"}]},{"@type":"WebSite","@id":"https:\/\/ammann-stepstore.com\/#website","url":"https:\/\/ammann-stepstore.com\/","name":"Tienda Ammann Stepstore","description":"Comprar accesorios para escaleras c\u00f3modamente en l\u00ednea","publisher":{"@id":"https:\/\/ammann-stepstore.com\/#organization"},"potentialAction":[{"@type":"SearchAction","target":{"@type":"EntryPoint","urlTemplate":"https:\/\/ammann-stepstore.com\/?s={search_term_string}"},"query-input":{"@type":"PropertyValueSpecification","valueRequired":true,"valueName":"search_term_string"}}],"inLanguage":"es"},{"@type":"Organization","@id":"https:\/\/ammann-stepstore.com\/#organization","name":"easy-step GmbH","url":"https:\/\/ammann-stepstore.com\/","logo":{"@type":"ImageObject","inLanguage":"es","@id":"https:\/\/ammann-stepstore.com\/#\/schema\/logo\/image\/","url":"https:\/\/ammann-stepstore.com\/wp-content\/uploads\/2018\/09\/Systembautreppe-merged.png","contentUrl":"https:\/\/ammann-stepstore.com\/wp-content\/uploads\/2018\/09\/Systembautreppe-merged.png","width":273,"height":67,"caption":"easy-step GmbH"},"image":{"@id":"https:\/\/ammann-stepstore.com\/#\/schema\/logo\/image\/"},"sameAs":["https:\/\/www.instagram.com\/easystep_bautreppe\/"]}]}},"_links":{"self":[{"href":"https:\/\/ammann-stepstore.com\/es\/wp-json\/wp\/v2\/pages\/7779","targetHints":{"allow":["GET"]}}],"collection":[{"href":"https:\/\/ammann-stepstore.com\/es\/wp-json\/wp\/v2\/pages"}],"about":[{"href":"https:\/\/ammann-stepstore.com\/es\/wp-json\/wp\/v2\/types\/page"}],"author":[{"embeddable":true,"href":"https:\/\/ammann-stepstore.com\/es\/wp-json\/wp\/v2\/users\/8"}],"replies":[{"embeddable":true,"href":"https:\/\/ammann-stepstore.com\/es\/wp-json\/wp\/v2\/comments?post=7779"}],"version-history":[{"count":3,"href":"https:\/\/ammann-stepstore.com\/es\/wp-json\/wp\/v2\/pages\/7779\/revisions"}],"predecessor-version":[{"id":8517,"href":"https:\/\/ammann-stepstore.com\/es\/wp-json\/wp\/v2\/pages\/7779\/revisions\/8517"}],"wp:attachment":[{"href":"https:\/\/ammann-stepstore.com\/es\/wp-json\/wp\/v2\/media?parent=7779"}],"curies":[{"name":"wp","href":"https:\/\/api.w.org\/{rel}","templated":true}]}}