{"id":7107,"date":"2024-02-14T07:59:49","date_gmt":"2024-02-14T07:59:49","guid":{"rendered":"https:\/\/ammann-stepstore-18589519.wptestserver2.de\/agb\/"},"modified":"2024-02-14T09:10:05","modified_gmt":"2024-02-14T08:10:05","slug":"agb","status":"publish","type":"page","link":"https:\/\/ammann-stepstore.com\/es\/agb\/","title":{"rendered":"Allgemeine Gesch\u00e4ftsbedingungen mit Kundeninformationen"},"content":{"rendered":"<h1>Condiciones generales<\/h1>\n<div  class=\"agb_content agb_terms  notranslate\"><div><h2>\u00cdndice<\/h2>\n<ol>\n<li>\u00c1mbito de aplicaci\u00f3n<\/li>\n<li>Celebraci\u00f3n del contrato<\/li>\n<li>Derecho de anulaci\u00f3n<\/li>\n<li>Precios y condiciones de pago<\/li>\n<li>Condiciones de entrega y env\u00edo<\/li>\n<li>Conservaci\u00f3n del t\u00edtulo<\/li>\n<li>Responsabilidad por defectos (garant\u00eda)<\/li>\n<li>Legislaci\u00f3n aplicable<\/li>\n<li>Lugar de jurisdicci\u00f3n<\/li>\n<li>Resoluci\u00f3n alternativa de litigios<\/li>\n<\/ol>\n\n<h2>1) \u00c1mbito de aplicaci\u00f3n<\/h2>\n\n<p><b>1.1<\/b>&nbsp;Las presentes Condiciones Generales de Contrataci\u00f3n (en lo sucesivo, \"CGC\") de la empresa Ammann OHG (en lo sucesivo, \"Vendedor\") se aplicar\u00e1n a todos los contratos celebrados entre un consumidor o un comerciante (en lo sucesivo, \u201eCliente\u201c) y el Vendedor relativos a todos los bienes y\/o servicios presentados en la tienda online del Vendedor. Por la presente se rechaza la inclusi\u00f3n de los propios t\u00e9rminos y condiciones del Cliente, a menos que se acuerde lo contrario.<\/p>\n\n<p><b>1.2<\/b>&nbsp;Un consumidor en el sentido de las presentes CGC es cualquier persona f\u00edsica que celebre un negocio jur\u00eddico con fines que no puedan atribuirse principalmente a su actividad comercial o profesional independiente.<\/p>\n\n<p><b>1.3<\/b>&nbsp;Un empresario en el sentido de estas CGC es una persona f\u00edsica o jur\u00eddica o una sociedad con capacidad jur\u00eddica que, al celebrar un negocio jur\u00eddico, act\u00faa en el ejercicio de su actividad profesional comercial o independiente.<\/p>\n\n<h2>2) Celebraci\u00f3n del contrato<\/h2>\n\n<p><b>2.1<\/b>&nbsp;Las descripciones de productos contenidas en la tienda online del vendedor no constituyen ofertas vinculantes por parte del vendedor, sino que sirven para presentar una oferta vinculante por parte del cliente.<\/p>\n\n<p><b>2.2<\/b>&nbsp;El cliente puede presentar la oferta a trav\u00e9s del formulario de pedido en l\u00ednea integrado en la tienda en l\u00ednea del vendedor. Tras colocar los bienes seleccionados en la cesta de la compra virtual y pasar por el proceso de pedido electr\u00f3nico, el cliente presenta una oferta contractual jur\u00eddicamente vinculante con respecto a los bienes contenidos en la cesta de la compra haciendo clic en el bot\u00f3n que concluye el proceso de pedido.<\/p>\n\n<p><b>2.3<\/b>&nbsp;El vendedor puede aceptar la oferta del cliente en un plazo de cinco d\u00edas,<\/p>\n\n<ul>\n<li>enviando al cliente una confirmaci\u00f3n de pedido por escrito o una confirmaci\u00f3n de pedido en forma de texto (fax o correo electr\u00f3nico), siendo determinante a este respecto la recepci\u00f3n de la confirmaci\u00f3n de pedido por parte del cliente, o bien<\/li>\n<li>mediante la entrega al cliente de la mercanc\u00eda solicitada, siendo determinante la recepci\u00f3n de la mercanc\u00eda por parte del cliente, o bien<\/li>\n<li>solicitando el pago al cliente una vez realizado el pedido.<\/li>\n<\/ul>\n\n<p>Si existen varias de las alternativas mencionadas, el contrato se perfeccionar\u00e1 en el momento en que se produzca en primer lugar una de las alternativas mencionadas. El plazo de aceptaci\u00f3n de la oferta comienza el d\u00eda siguiente al env\u00edo de la oferta por parte del cliente y finaliza al t\u00e9rmino del quinto d\u00eda siguiente al env\u00edo de la oferta. Si el vendedor no acepta la oferta del cliente en el plazo mencionado, se considerar\u00e1 que rechaza la oferta, con la consecuencia de que el cliente deja de estar vinculado por su declaraci\u00f3n de intenciones.<\/p>\n\n<p><b>2.4<\/b>&nbsp;Si se selecciona una forma de pago ofrecida por PayPal, el pago se procesa a trav\u00e9s del proveedor de servicios de pago PayPal (Europe) S.\u00e0 r.l. et Cie, S.C.A., 22-24 Boulevard Royal, L-2449 Luxemburgo (en lo sucesivo, \u201ePayPal\u201c), con sujeci\u00f3n a las Condiciones de uso de PayPal, que pueden consultarse en <a href=\"https:\/\/www.paypal.com\/de\/webapps\/mpp\/ua\/useragreement-full\" target=\"_blank\">https:\/\/www.paypal.com<wbr>\/es<wbr>\/webapps<wbr>\/mpp<wbr>\/ua<wbr>\/convenio-de-usuario-completo<\/a> o, si el cliente no dispone de una cuenta PayPal, de acuerdo con las condiciones para pagos sin cuenta PayPal, disponibles en <a href=\"https:\/\/www.paypal.com\/de\/webapps\/mpp\/ua\/privacywax-full\" target=\"_blank\">https:\/\/www.paypal.com<wbr>\/es<wbr>\/webapps<wbr>\/mpp<wbr>\/ua<wbr>\/privacywax-full<\/a>. Si el cliente paga utilizando una forma de pago ofrecida por PayPal que puede seleccionarse en el proceso de pedido en Internet, el vendedor declara la aceptaci\u00f3n de la oferta del cliente en el momento en que \u00e9ste pulsa el bot\u00f3n que completa el proceso de pedido.<\/p>\n\n<p><b>2.5<\/b>&nbsp;Al enviar una oferta a trav\u00e9s del formulario de pedido en l\u00ednea del vendedor, el texto del contrato ser\u00e1 guardado por el vendedor una vez concluido el contrato y enviado al cliente en forma de texto (por ejemplo, correo electr\u00f3nico, fax o carta) tras el env\u00edo del pedido del cliente. El vendedor no pondr\u00e1 a disposici\u00f3n el texto del contrato m\u00e1s all\u00e1 de esto. Si el cliente ha creado una cuenta de usuario en la tienda online del vendedor antes de enviar su pedido, los datos del pedido se archivan en el sitio web del vendedor y el cliente puede acceder a ellos gratuitamente a trav\u00e9s de su cuenta de usuario protegida por contrase\u00f1a introduciendo los datos de acceso correspondientes.<\/p>\n\n<p><b>2.6<\/b>&nbsp;Antes de realizar un pedido vinculante a trav\u00e9s del formulario de pedido en l\u00ednea del vendedor, el cliente puede reconocer posibles errores de introducci\u00f3n de datos leyendo atentamente la informaci\u00f3n que aparece en la pantalla. Un medio t\u00e9cnico eficaz para reconocer mejor los errores de introducci\u00f3n puede ser la funci\u00f3n de aumento del navegador, que ampl\u00eda la visualizaci\u00f3n en la pantalla. El cliente puede corregir sus entradas durante el proceso de pedido electr\u00f3nico utilizando las funciones habituales del teclado y el rat\u00f3n hasta que pulse el bot\u00f3n que finaliza el proceso de pedido.<\/p>\n\n<p><b>2.7<\/b>&nbsp;El idioma alem\u00e1n est\u00e1 disponible para la celebraci\u00f3n del contrato.<\/p>\n\n<p><b>2.8<\/b>&nbsp;Por lo general, los pedidos se tramitan y el contacto se establece por correo electr\u00f3nico y mediante la tramitaci\u00f3n automatizada de pedidos. El cliente debe asegurarse de que la direcci\u00f3n de correo electr\u00f3nico facilitada por \u00e9l para la tramitaci\u00f3n del pedido es correcta, de modo que los correos electr\u00f3nicos enviados por el vendedor puedan recibirse en dicha direcci\u00f3n. En particular, al utilizar filtros SPAM, el cliente debe asegurarse de que todos los correos electr\u00f3nicos enviados por el vendedor o por terceros encargados por el vendedor de tramitar el pedido puedan ser entregados.<\/p>\n\n<h2>3) Derecho de cancelaci\u00f3n<\/h2>\n\n<p><b>3.1<\/b>&nbsp;En general, los consumidores tienen derecho de cancelaci\u00f3n.<\/p>\n\n<p><b>3.2<\/b>&nbsp;Encontrar\u00e1 m\u00e1s informaci\u00f3n sobre el derecho de cancelaci\u00f3n en la pol\u00edtica de cancelaci\u00f3n del vendedor.<\/p>\n\n<h2>4) Precios y condiciones de pago<\/h2>\n\n<p><b>4.1<\/b>&nbsp;A menos que se indique lo contrario en la descripci\u00f3n del producto del vendedor, los precios indicados son precios totales que incluyen el IVA legal. Los gastos de entrega y env\u00edo adicionales se indicar\u00e1n por separado en la descripci\u00f3n del producto correspondiente.<\/p>\n\n<p><b>4.2<\/b>&nbsp;La opci\u00f3n u opciones de pago se comunicar\u00e1n al cliente en la tienda online del vendedor.<\/p>\n\n<p><b>4.3<\/b>&nbsp;Si se ha acordado el pago por adelantado mediante transferencia bancaria, el pago deber\u00e1 efectuarse inmediatamente despu\u00e9s de la celebraci\u00f3n del contrato, a menos que las partes hayan acordado una fecha de vencimiento posterior.<\/p>\n\n<h2>5) Condiciones de entrega y env\u00edo<\/h2>\n\n<p><b>5.1<\/b>&nbsp;Si el vendedor se ofrece a enviar la mercanc\u00eda, la entrega se realizar\u00e1 dentro de la zona de entrega especificada por el vendedor a la direcci\u00f3n de entrega especificada por el cliente, a menos que se acuerde otra cosa. La direcci\u00f3n de entrega especificada en la tramitaci\u00f3n del pedido del vendedor es determinante para la tramitaci\u00f3n de la transacci\u00f3n.<\/p>\n\n<p><b>5.2<\/b>&nbsp;Si la entrega de la mercanc\u00eda fracasa por causas imputables al cliente, \u00e9ste correr\u00e1 con los gastos razonables en que incurra el vendedor como consecuencia de ello. Esto no se aplica a los gastos de devoluci\u00f3n si el cliente ejerce efectivamente su derecho de desistimiento. Si el cliente ejerce efectivamente su derecho de desistimiento, se aplicar\u00e1 a los gastos de devoluci\u00f3n lo dispuesto en la pol\u00edtica de desistimiento del vendedor.<\/p>\n\n<p><b>5.3<\/b>&nbsp;Si el cliente act\u00faa en calidad de empresario, el riesgo de p\u00e9rdida accidental y de deterioro accidental de los bienes vendidos se transmitir\u00e1 al cliente tan pronto como el vendedor haya entregado los bienes al transitario, transportista u otra persona u organizaci\u00f3n designada para realizar el env\u00edo. Si el cliente act\u00faa como consumidor, el riesgo de p\u00e9rdida accidental y deterioro accidental de los bienes vendidos no se transmitir\u00e1 hasta que los bienes sean entregados al cliente o a una persona autorizada para recibirlos. No obstante, el riesgo de p\u00e9rdida accidental y de deterioro accidental de la mercanc\u00eda vendida se transmitir\u00e1 al cliente, incluso en el caso de consumidores, tan pronto como el vendedor haya entregado la mercanc\u00eda al transportista, al transportista o a la persona u organizaci\u00f3n designada de otro modo para realizar el env\u00edo, si el cliente ha encargado al transportista, al transportista o a la persona u organizaci\u00f3n designada de otro modo para realizar el env\u00edo y el vendedor no ha nombrado previamente a esta persona u organizaci\u00f3n al cliente.<\/p>\n\n<p><b>5.4<\/b>&nbsp;El vendedor se reserva el derecho a rescindir el contrato en caso de autoentrega incorrecta o indebida. Esto s\u00f3lo se aplicar\u00e1 en el caso de que el vendedor no sea responsable de la falta de entrega y el vendedor haya concluido una operaci\u00f3n de cobertura espec\u00edfica con el proveedor con la debida diligencia. El vendedor har\u00e1 todos los esfuerzos razonables para conseguir la mercanc\u00eda. En caso de no disponibilidad o de disponibilidad parcial de la mercanc\u00eda, se informar\u00e1 inmediatamente al cliente y se le reembolsar\u00e1 la contraprestaci\u00f3n sin demora.<\/p>\n\n<p><b>5.5<\/b>&nbsp;La auto recogida no es posible por razones log\u00edsticas.<\/p>\n\n<h2>6) Conservaci\u00f3n del t\u00edtulo<\/h2>\n\n<p>Si el vendedor efect\u00faa el pago por adelantado, conservar\u00e1 la propiedad de la mercanc\u00eda entregada hasta el pago \u00edntegro del precio de compra adeudado.<\/p>\n\n<h2>7) Responsabilidad por defectos (garant\u00eda)<\/h2>\n\n<p>Salvo que se indique lo contrario en las disposiciones siguientes, se aplicar\u00e1n las disposiciones de responsabilidad legal por defectos. Como excepci\u00f3n, se aplicar\u00e1 lo siguiente a los contratos de entrega de mercanc\u00edas:<\/p>\n\n<p><b>7.1<\/b>&nbsp;Si el cliente act\u00faa como empresario,<\/p>\n\n<ul>\n<li>el vendedor puede elegir el tipo de cumplimiento posterior;<\/li>\n<li>el plazo de prescripci\u00f3n por defectos en bienes nuevos es de un a\u00f1o a partir de la entrega de los bienes;<\/li>\n<li>quedan excluidos los derechos y reclamaciones por defectos de los bienes usados;<\/li>\n<li>el plazo de prescripci\u00f3n no se reanudar\u00e1 si se realiza una entrega de sustituci\u00f3n como parte de la responsabilidad por defectos.<\/li>\n<\/ul>\n\n<p><b>7.2<\/b>&nbsp;Las limitaciones de responsabilidad y el acortamiento de los plazos antes mencionados no se aplican<\/p>\n\n<ul>\n<li>para reclamaciones por da\u00f1os y reembolso de gastos por parte del cliente,<\/li>\n<li>en caso de que el vendedor haya ocultado fraudulentamente el defecto,<\/li>\n<li>para los bienes que se han utilizado para un edificio de acuerdo con su uso normal y han causado su defectuosidad,<\/li>\n<li>para cualquier obligaci\u00f3n existente del vendedor de proporcionar actualizaciones para productos digitales, en el caso de contratos de suministro de bienes con elementos digitales.<\/li>\n<\/ul>\n\n<p><b>7.3<\/b>&nbsp;Adem\u00e1s, para los empresarios, los plazos de prescripci\u00f3n de cualquier derecho de recurso legal existente no se ver\u00e1n afectados.<\/p>\n\n<p><b>7.4<\/b>&nbsp;Si el cliente act\u00faa como comerciante en el sentido del art\u00edculo 1 del C\u00f3digo de Comercio alem\u00e1n (HGB), estar\u00e1 sujeto a la obligaci\u00f3n comercial de inspeccionar y notificar los defectos de conformidad con el art\u00edculo 377 del HGB. Si el cliente incumple las obligaciones de notificaci\u00f3n all\u00ed reguladas, la mercanc\u00eda se considerar\u00e1 aprobada.<\/p>\n\n<p><b>7.5<\/b>&nbsp;Si el cliente act\u00faa como consumidor, se le ruega que reclame al repartidor la mercanc\u00eda entregada con da\u00f1os de transporte evidentes y que informe de ello al vendedor. Si el cliente no lo hace, esto no tendr\u00e1 ning\u00fan efecto sobre sus reclamaciones legales o contractuales por defectos.<\/p>\n\n<h2>8) Legislaci\u00f3n aplicable<\/h2>\n\n<p>Para todas las relaciones jur\u00eddicas entre las partes se aplicar\u00e1 el derecho de la Rep\u00fablica Federal de Alemania, con exclusi\u00f3n de las leyes sobre compraventa internacional de mercanc\u00edas. En el caso de los consumidores, esta elecci\u00f3n de ley s\u00f3lo se aplicar\u00e1 en la medida en que no se retire la protecci\u00f3n concedida por las disposiciones imperativas de la ley del pa\u00eds en el que el consumidor tenga su residencia habitual.<\/p>\n\n<h2>9) Jurisdicci\u00f3n<\/h2>\n\n<p>Si el cliente act\u00faa como comerciante, persona jur\u00eddica de derecho p\u00fablico o patrimonio especial de derecho p\u00fablico con domicilio social en el territorio de la Rep\u00fablica Federal de Alemania, el fuero exclusivo para todos los litigios derivados de este contrato ser\u00e1 el domicilio social del vendedor. Si el cliente tiene su domicilio fuera del territorio de la Rep\u00fablica Federal de Alemania, el domicilio social del vendedor ser\u00e1 la jurisdicci\u00f3n exclusiva para todos los litigios derivados del presente contrato si el contrato o las reclamaciones derivadas del mismo pueden atribuirse a la actividad profesional o comercial del cliente. No obstante, en los casos anteriores, el vendedor tendr\u00e1 en todo caso derecho a recurrir al tribunal del domicilio social del cliente.<\/p>\n\n<h2>10) Resoluci\u00f3n alternativa de litigios<\/h2>\n\n<p><b>10.1<\/b>&nbsp;La Comisi\u00f3n Europea ofrece una plataforma de resoluci\u00f3n de litigios en l\u00ednea en Internet en el siguiente enlace: <a href=\"https:\/\/ec.europa.eu\/consumers\/odr\" target=\"_blank\">https:\/\/ec.europa.eu<wbr>\/consumidores<wbr>\/odr<\/a><\/p>\n\n<p>Esta plataforma sirve de punto de contacto para la resoluci\u00f3n extrajudicial de litigios derivados de contratos de compra o de servicios en l\u00ednea en los que est\u00e9 implicado un consumidor.<\/p>\n\n<p><b>10.2<\/b>&nbsp;El vendedor no est\u00e1 obligado ni dispuesto a participar en un procedimiento de resoluci\u00f3n de litigios ante una junta arbitral de consumo.<\/p><\/div><div id=\"itkanzlei_txt_copyright\" style=\"font-size: 12px; margin-top: 8em;\"><div style=\"display: inline-block; vertical-align: top;\"><a href=\"https:\/\/www.it-recht-kanzlei.de\/\" target=\"_blank\"><img decoding=\"async\" src=\"https:\/\/www.it-recht-kanzlei.de\/logo\/Copyright-Logo_AGB.png?i=55220-3b9a2-39c7-907d-1\" id=\"itkanzlei_img_copyright\" alt=\"Bufete de abogados inform\u00e1ticos\" title=\"Bufete de abogados inform\u00e1ticos\" style=\"margin-top: -20px; border-style: none; max-width: 100%;\" \/><\/a><\/div><div style=\"display: inline-block; vertical-align: top; margin-left: 5px; float: right; white-space: nowrap;\">Estado: 14.02.2024, 08:59:47 h<\/div><div style=\"clear: right;\"><\/div><\/div><\/div>","protected":false},"excerpt":{"rendered":"<p>Condiciones generales<\/p>","protected":false},"author":10,"featured_media":6348,"parent":0,"menu_order":0,"comment_status":"closed","ping_status":"closed","template":"","meta":{"footnotes":""},"class_list":["post-7107","page","type-page","status-publish","has-post-thumbnail","hentry"],"yoast_head":"<!-- This site is optimized with the Yoast SEO plugin v27.4 - https:\/\/yoast.com\/product\/yoast-seo-wordpress\/ -->\n<title>AGB - Ammann Stepstore<\/title>\n<meta name=\"description\" content=\"Allgemeine Gesch\u00e4ftsbedingungen mit Kundeninformationen. easy-step gmbh Rohbautreppen. Schwabm\u00fcnchen - Deutschland.\" \/>\n<meta name=\"robots\" content=\"index, follow, max-snippet:-1, max-image-preview:large, max-video-preview:-1\" \/>\n<link rel=\"canonical\" href=\"https:\/\/ammann-stepstore.com\/es\/agb\/\" \/>\n<meta property=\"og:locale\" content=\"es_ES\" \/>\n<meta property=\"og:type\" content=\"article\" \/>\n<meta property=\"og:title\" content=\"AGB - Ammann Stepstore\" \/>\n<meta property=\"og:description\" content=\"Allgemeine Gesch\u00e4ftsbedingungen mit Kundeninformationen. easy-step gmbh Rohbautreppen. Schwabm\u00fcnchen - Deutschland.\" \/>\n<meta property=\"og:url\" content=\"https:\/\/ammann-stepstore.com\/es\/agb\/\" \/>\n<meta property=\"og:site_name\" content=\"Ammann Stepstore\" \/>\n<meta property=\"article:modified_time\" content=\"2024-02-14T08:10:05+00:00\" \/>\n<meta property=\"og:image\" content=\"https:\/\/ammann-stepstore.com\/wp-content\/uploads\/2018\/09\/Aufbau.jpg\" \/>\n\t<meta property=\"og:image:width\" content=\"543\" \/>\n\t<meta property=\"og:image:height\" content=\"589\" \/>\n\t<meta property=\"og:image:type\" content=\"image\/jpeg\" \/>\n<meta name=\"twitter:card\" content=\"summary_large_image\" \/>\n<meta name=\"twitter:label1\" content=\"Tiempo de lectura\" \/>\n\t<meta name=\"twitter:data1\" content=\"1 minuto\" \/>\n<script type=\"application\/ld+json\" class=\"yoast-schema-graph\">{\"@context\":\"https:\\\/\\\/schema.org\",\"@graph\":[{\"@type\":\"WebPage\",\"@id\":\"https:\\\/\\\/ammann-stepstore.com\\\/agb\\\/\",\"url\":\"https:\\\/\\\/ammann-stepstore.com\\\/agb\\\/\",\"name\":\"AGB - Ammann Stepstore\",\"isPartOf\":{\"@id\":\"https:\\\/\\\/ammann-stepstore.com\\\/#website\"},\"primaryImageOfPage\":{\"@id\":\"https:\\\/\\\/ammann-stepstore.com\\\/agb\\\/#primaryimage\"},\"image\":{\"@id\":\"https:\\\/\\\/ammann-stepstore.com\\\/agb\\\/#primaryimage\"},\"thumbnailUrl\":\"https:\\\/\\\/ammann-stepstore.com\\\/wp-content\\\/uploads\\\/2018\\\/09\\\/Aufbau.jpg\",\"datePublished\":\"2024-02-14T07:59:49+00:00\",\"dateModified\":\"2024-02-14T08:10:05+00:00\",\"description\":\"Allgemeine Gesch\u00e4ftsbedingungen mit Kundeninformationen. easy-step gmbh Rohbautreppen. Schwabm\u00fcnchen - Deutschland.\",\"breadcrumb\":{\"@id\":\"https:\\\/\\\/ammann-stepstore.com\\\/agb\\\/#breadcrumb\"},\"inLanguage\":\"es\",\"potentialAction\":[{\"@type\":\"ReadAction\",\"target\":[\"https:\\\/\\\/ammann-stepstore.com\\\/agb\\\/\"]}]},{\"@type\":\"ImageObject\",\"inLanguage\":\"es\",\"@id\":\"https:\\\/\\\/ammann-stepstore.com\\\/agb\\\/#primaryimage\",\"url\":\"https:\\\/\\\/ammann-stepstore.com\\\/wp-content\\\/uploads\\\/2018\\\/09\\\/Aufbau.jpg\",\"contentUrl\":\"https:\\\/\\\/ammann-stepstore.com\\\/wp-content\\\/uploads\\\/2018\\\/09\\\/Aufbau.jpg\",\"width\":543,\"height\":589,\"caption\":\"Bautreppe Aufbau\"},{\"@type\":\"BreadcrumbList\",\"@id\":\"https:\\\/\\\/ammann-stepstore.com\\\/agb\\\/#breadcrumb\",\"itemListElement\":[{\"@type\":\"ListItem\",\"position\":1,\"name\":\"Startseite\",\"item\":\"https:\\\/\\\/ammann-stepstore.com\\\/\"},{\"@type\":\"ListItem\",\"position\":2,\"name\":\"Allgemeine Gesch\u00e4ftsbedingungen mit Kundeninformationen\"}]},{\"@type\":\"WebSite\",\"@id\":\"https:\\\/\\\/ammann-stepstore.com\\\/#website\",\"url\":\"https:\\\/\\\/ammann-stepstore.com\\\/\",\"name\":\"Ammann Stepstore\",\"description\":\"Treppenbau-Zubeh\u00f6r bequem online kaufen\",\"publisher\":{\"@id\":\"https:\\\/\\\/ammann-stepstore.com\\\/#organization\"},\"potentialAction\":[{\"@type\":\"SearchAction\",\"target\":{\"@type\":\"EntryPoint\",\"urlTemplate\":\"https:\\\/\\\/ammann-stepstore.com\\\/?s={search_term_string}\"},\"query-input\":{\"@type\":\"PropertyValueSpecification\",\"valueRequired\":true,\"valueName\":\"search_term_string\"}}],\"inLanguage\":\"es\"},{\"@type\":\"Organization\",\"@id\":\"https:\\\/\\\/ammann-stepstore.com\\\/#organization\",\"name\":\"easy-step GmbH\",\"url\":\"https:\\\/\\\/ammann-stepstore.com\\\/\",\"logo\":{\"@type\":\"ImageObject\",\"inLanguage\":\"es\",\"@id\":\"https:\\\/\\\/ammann-stepstore.com\\\/#\\\/schema\\\/logo\\\/image\\\/\",\"url\":\"https:\\\/\\\/ammann-stepstore.com\\\/wp-content\\\/uploads\\\/2018\\\/09\\\/Systembautreppe-merged.png\",\"contentUrl\":\"https:\\\/\\\/ammann-stepstore.com\\\/wp-content\\\/uploads\\\/2018\\\/09\\\/Systembautreppe-merged.png\",\"width\":273,\"height\":67,\"caption\":\"easy-step GmbH\"},\"image\":{\"@id\":\"https:\\\/\\\/ammann-stepstore.com\\\/#\\\/schema\\\/logo\\\/image\\\/\"},\"sameAs\":[\"https:\\\/\\\/www.instagram.com\\\/easystep_bautreppe\\\/\"]}]}<\/script>\n<!-- \/ Yoast SEO plugin. -->","yoast_head_json":{"title":"AGB - Ammann Stepstore","description":"Condiciones generales con informaci\u00f3n al cliente. easy-step gmbh Rohbautreppen. Schwabm\u00fcnchen - Alemania.","robots":{"index":"index","follow":"follow","max-snippet":"max-snippet:-1","max-image-preview":"max-image-preview:large","max-video-preview":"max-video-preview:-1"},"canonical":"https:\/\/ammann-stepstore.com\/es\/agb\/","og_locale":"es_ES","og_type":"article","og_title":"AGB - Ammann Stepstore","og_description":"Allgemeine Gesch\u00e4ftsbedingungen mit Kundeninformationen. easy-step gmbh Rohbautreppen. Schwabm\u00fcnchen - Deutschland.","og_url":"https:\/\/ammann-stepstore.com\/es\/agb\/","og_site_name":"Ammann Stepstore","article_modified_time":"2024-02-14T08:10:05+00:00","og_image":[{"width":543,"height":589,"url":"https:\/\/ammann-stepstore.com\/wp-content\/uploads\/2018\/09\/Aufbau.jpg","type":"image\/jpeg"}],"twitter_card":"summary_large_image","twitter_misc":{"Tiempo de lectura":"1 minuto"},"schema":{"@context":"https:\/\/schema.org","@graph":[{"@type":"WebPage","@id":"https:\/\/ammann-stepstore.com\/agb\/","url":"https:\/\/ammann-stepstore.com\/agb\/","name":"AGB - Ammann Stepstore","isPartOf":{"@id":"https:\/\/ammann-stepstore.com\/#website"},"primaryImageOfPage":{"@id":"https:\/\/ammann-stepstore.com\/agb\/#primaryimage"},"image":{"@id":"https:\/\/ammann-stepstore.com\/agb\/#primaryimage"},"thumbnailUrl":"https:\/\/ammann-stepstore.com\/wp-content\/uploads\/2018\/09\/Aufbau.jpg","datePublished":"2024-02-14T07:59:49+00:00","dateModified":"2024-02-14T08:10:05+00:00","description":"Condiciones generales con informaci\u00f3n al cliente. easy-step gmbh Rohbautreppen. Schwabm\u00fcnchen - Alemania.","breadcrumb":{"@id":"https:\/\/ammann-stepstore.com\/agb\/#breadcrumb"},"inLanguage":"es","potentialAction":[{"@type":"ReadAction","target":["https:\/\/ammann-stepstore.com\/agb\/"]}]},{"@type":"ImageObject","inLanguage":"es","@id":"https:\/\/ammann-stepstore.com\/agb\/#primaryimage","url":"https:\/\/ammann-stepstore.com\/wp-content\/uploads\/2018\/09\/Aufbau.jpg","contentUrl":"https:\/\/ammann-stepstore.com\/wp-content\/uploads\/2018\/09\/Aufbau.jpg","width":543,"height":589,"caption":"Bautreppe Aufbau"},{"@type":"BreadcrumbList","@id":"https:\/\/ammann-stepstore.com\/agb\/#breadcrumb","itemListElement":[{"@type":"ListItem","position":1,"name":"Startseite","item":"https:\/\/ammann-stepstore.com\/"},{"@type":"ListItem","position":2,"name":"Allgemeine Gesch\u00e4ftsbedingungen mit Kundeninformationen"}]},{"@type":"WebSite","@id":"https:\/\/ammann-stepstore.com\/#website","url":"https:\/\/ammann-stepstore.com\/","name":"Tienda Ammann Stepstore","description":"Comprar accesorios para escaleras c\u00f3modamente en l\u00ednea","publisher":{"@id":"https:\/\/ammann-stepstore.com\/#organization"},"potentialAction":[{"@type":"SearchAction","target":{"@type":"EntryPoint","urlTemplate":"https:\/\/ammann-stepstore.com\/?s={search_term_string}"},"query-input":{"@type":"PropertyValueSpecification","valueRequired":true,"valueName":"search_term_string"}}],"inLanguage":"es"},{"@type":"Organization","@id":"https:\/\/ammann-stepstore.com\/#organization","name":"easy-step GmbH","url":"https:\/\/ammann-stepstore.com\/","logo":{"@type":"ImageObject","inLanguage":"es","@id":"https:\/\/ammann-stepstore.com\/#\/schema\/logo\/image\/","url":"https:\/\/ammann-stepstore.com\/wp-content\/uploads\/2018\/09\/Systembautreppe-merged.png","contentUrl":"https:\/\/ammann-stepstore.com\/wp-content\/uploads\/2018\/09\/Systembautreppe-merged.png","width":273,"height":67,"caption":"easy-step GmbH"},"image":{"@id":"https:\/\/ammann-stepstore.com\/#\/schema\/logo\/image\/"},"sameAs":["https:\/\/www.instagram.com\/easystep_bautreppe\/"]}]}},"_links":{"self":[{"href":"https:\/\/ammann-stepstore.com\/es\/wp-json\/wp\/v2\/pages\/7107","targetHints":{"allow":["GET"]}}],"collection":[{"href":"https:\/\/ammann-stepstore.com\/es\/wp-json\/wp\/v2\/pages"}],"about":[{"href":"https:\/\/ammann-stepstore.com\/es\/wp-json\/wp\/v2\/types\/page"}],"author":[{"embeddable":true,"href":"https:\/\/ammann-stepstore.com\/es\/wp-json\/wp\/v2\/users\/10"}],"replies":[{"embeddable":true,"href":"https:\/\/ammann-stepstore.com\/es\/wp-json\/wp\/v2\/comments?post=7107"}],"version-history":[{"count":0,"href":"https:\/\/ammann-stepstore.com\/es\/wp-json\/wp\/v2\/pages\/7107\/revisions"}],"wp:featuredmedia":[{"embeddable":true,"href":"https:\/\/ammann-stepstore.com\/es\/wp-json\/wp\/v2\/media\/6348"}],"wp:attachment":[{"href":"https:\/\/ammann-stepstore.com\/es\/wp-json\/wp\/v2\/media?parent=7107"}],"curies":[{"name":"wp","href":"https:\/\/api.w.org\/{rel}","templated":true}]}}