{"id":3,"date":"2024-02-14T08:43:03","date_gmt":"2024-02-14T08:43:03","guid":{"rendered":"https:\/\/ammann-stepstore-18589519.wptestserver2.de\/?page_id=3"},"modified":"2024-02-14T09:43:03","modified_gmt":"2024-02-14T08:43:03","slug":"proteccion-de-datos","status":"publish","type":"page","link":"https:\/\/ammann-stepstore.com\/es\/datenschutz\/","title":{"rendered":"Pol\u00edtica de privacidad"},"content":{"rendered":"<h1>Pol\u00edtica de privacidad<\/h1>\n<div  class=\"agb_content agb_privacy  notranslate\"><div><h2>1) Presentaci\u00f3n y datos de contacto del responsable del tratamiento<\/h2>\n\n<p><b>1.1<\/b>&nbsp;Nos complace que visite nuestro sitio web y le agradecemos su inter\u00e9s. A continuaci\u00f3n, le informaremos sobre c\u00f3mo tratamos sus datos personales cuando utiliza nuestro sitio web. Los datos personales son todos aquellos con los que se le puede identificar personalmente.<\/p>\n\n<p><b>1.2<\/b>&nbsp;El responsable del tratamiento de datos en este sitio web, en el sentido del Reglamento General de Protecci\u00f3n de Datos (RGPD), es Ammann OHG, Robert-Bosch-Str. 2, 86830 Schwabm\u00fcnchen, Deutschland, Tel.: 08232809200, E-Mail: info@ammann-treppen.de. El responsable del tratamiento de los datos personales es la persona f\u00edsica o jur\u00eddica que, sola o conjuntamente con otras, determina los fines y medios del tratamiento de los datos personales.<\/p>\n\n<h2>2) Recogida de datos al visitar nuestro sitio web<\/h2>\n\n<p><b>2.1<\/b>&nbsp;Si utiliza nuestro sitio web \u00fanicamente con fines informativos, es decir, si no se registra ni nos facilita informaci\u00f3n de otro tipo, s\u00f3lo recopilamos los datos que su navegador transmite al servidor del sitio (los denominados \u201earchivos de registro del servidor\u201c). Cuando visita nuestro sitio web, recopilamos los siguientes datos, que son t\u00e9cnicamente necesarios para mostrarle el sitio web:<\/p>\n\n<ul>\n<li>Nuestro sitio web visitado<\/li>\n<li>Fecha y hora en el momento del acceso<\/li>\n<li>Cantidad de datos enviados en bytes<\/li>\n<li>Fuente\/referencia desde la que lleg\u00f3 a la p\u00e1gina<\/li>\n<li>Navegador utilizado<\/li>\n<li>Sistema operativo utilizado<\/li>\n<li>Direcci\u00f3n IP utilizada (si procede: de forma an\u00f3nima)<\/li>\n<\/ul>\n\n<p>El tratamiento se lleva a cabo de conformidad con el art. 6, apdo. 1, letra f del RGPD sobre la base de nuestro inter\u00e9s leg\u00edtimo en mejorar la estabilidad y funcionalidad de nuestro sitio web. Los datos no se transmiten ni se utilizan de ninguna otra forma. No obstante, nos reservamos el derecho a comprobar posteriormente los archivos de registro del servidor si existen indicios concretos de uso il\u00edcito.<\/p>\n\n<p><b>2.2<\/b>&nbsp;Este sitio web utiliza cifrado SSL o TLS por motivos de seguridad y para proteger la transmisi\u00f3n de datos personales y otros contenidos confidenciales (por ejemplo, pedidos o consultas al responsable del tratamiento). Puede reconocer una conexi\u00f3n cifrada por la cadena de caracteres \u201ehttps:\/\/\u201c y el s\u00edmbolo del candado en la l\u00ednea de su navegador.<\/p>\n\n<h2>3) Establecer contacto<\/h2>\n\n<p>Cuando se pone en contacto con nosotros (por ejemplo, a trav\u00e9s del formulario de contacto o por correo electr\u00f3nico), los datos personales se procesan exclusivamente con el fin de procesar y responder a su consulta y s\u00f3lo en la medida necesaria para este fin.<\/p>\n\n<p>La base jur\u00eddica para el tratamiento de estos datos es nuestro inter\u00e9s leg\u00edtimo en responder a su solicitud de conformidad con el art\u00edculo 6, apartado 1, letra f) del RGPD. Si su contacto tiene por objeto un contrato, la base jur\u00eddica adicional para el tratamiento es el art\u00edculo 6, apartado 1, letra b) del RGPD. Sus datos se suprimir\u00e1n si de las circunstancias se deduce que el asunto en cuesti\u00f3n se ha aclarado de forma concluyente y siempre que no existan obligaciones legales de conservaci\u00f3n que establezcan lo contrario.<\/p>\n\n<h2>4) Tratamiento de datos al abrir una cuenta de cliente<\/h2>\n\n<p>De conformidad con el art\u00edculo 6, apartado 1, letra b) del RGPD, los datos personales se seguir\u00e1n recopilando y procesando en la medida necesaria si usted nos los facilita al abrir una cuenta de cliente. Los datos necesarios para abrir una cuenta se encuentran en la m\u00e1scara de introducci\u00f3n de datos del formulario correspondiente de nuestro sitio web.<\/p>\n\n<p>La supresi\u00f3n de su cuenta de cliente es posible en cualquier momento y puede realizarse enviando un mensaje a la direcci\u00f3n del responsable del tratamiento arriba mencionada. Tras la supresi\u00f3n de su cuenta de cliente, sus datos se eliminar\u00e1n, siempre que todos los contratos celebrados a trav\u00e9s de ella se hayan tramitado \u00edntegramente, no existan plazos legales de conservaci\u00f3n en contra y no tengamos inter\u00e9s leg\u00edtimo en seguir almacen\u00e1ndolos.<\/p>\n\n<h2>5) Tratamiento de datos para la tramitaci\u00f3n de pedidos<\/h2>\n\n<p><b>5.1<\/b>&nbsp;En la medida en que sea necesario para la tramitaci\u00f3n del contrato con fines de entrega y pago, los datos personales recogidos por nosotros se transmitir\u00e1n a la empresa de transporte encargada y a la entidad de cr\u00e9dito encargada, de conformidad con el art. 6, apdo. 1, letra b del RGPD.<\/p>\n\n<p>Si le debemos actualizaciones de bienes con elementos digitales o de productos digitales sobre la base de un contrato correspondiente, procesamos los datos de contacto (nombre, direcci\u00f3n, direcci\u00f3n de correo electr\u00f3nico) facilitados por usted al realizar el pedido con el fin de informarle personalmente por los medios de comunicaci\u00f3n adecuados (por ejemplo, por correo postal o electr\u00f3nico) sobre las pr\u00f3ximas actualizaciones dentro del plazo legalmente establecido en el \u00e1mbito de nuestras obligaciones legales de informaci\u00f3n de conformidad con el art. 6, apdo. 1 lit. c GDPR. Sus datos de contacto se utilizar\u00e1n estrictamente con el fin de notificarle las actualizaciones debidas por nosotros y s\u00f3lo ser\u00e1n procesados por nosotros para este fin en la medida en que esto sea necesario para la informaci\u00f3n respectiva.<\/p>\n\n<p>Para tramitar su pedido, tambi\u00e9n colaboramos con el\/los siguiente(s) proveedor(es) de servicios, que nos apoyan total o parcialmente en el cumplimiento de los contratos celebrados. Determinados datos personales se transmiten a estos proveedores de servicios de conformidad con la siguiente informaci\u00f3n.<\/p>\n\n<p><b>5.2<\/b>&nbsp;Uso de proveedores de servicios de pago (servicios de pago)<\/p>\n\n<p>- Paypal<\/p>\n\n<p>En este sitio web est\u00e1n disponibles uno o varios m\u00e9todos de pago en l\u00ednea del siguiente proveedor: PayPal (Europe) S.a.r.l. et Cie, S.C.A., 22-24 Boulevard Royal, L-2449 Luxemburgo<\/p>\n\n<p>Si selecciona un m\u00e9todo de pago del proveedor para el que realiza el pago por adelantado, los datos de pago que proporcione durante el proceso de pedido (incluidos el nombre, la direcci\u00f3n, la informaci\u00f3n bancaria y de la tarjeta de pago, la divisa y el n\u00famero de transacci\u00f3n), as\u00ed como la informaci\u00f3n sobre el contenido de su pedido, se transmitir\u00e1n al proveedor de conformidad con el art. 6, apdo. 1, letra b) del RGPD. En este caso, sus datos s\u00f3lo se transmitir\u00e1n al proveedor con el fin de procesar el pago y \u00fanicamente en la medida en que sea necesario para este fin.<\/p>\n\n<p>Si selecciona un m\u00e9todo de pago para el que realizamos el pago por adelantado, tambi\u00e9n se le pedir\u00e1 que proporcione determinados datos personales (nombre y apellidos, calle, n\u00famero de casa, c\u00f3digo postal, ciudad, fecha de nacimiento, direcci\u00f3n de correo electr\u00f3nico, n\u00famero de tel\u00e9fono y, si procede, datos sobre un medio de pago alternativo) durante el proceso de pedido.<\/p>\n\n<p>Con el fin de salvaguardar nuestro inter\u00e9s leg\u00edtimo en determinar su solvencia en tales casos, transmitiremos estos datos al proveedor con el fin de realizar una comprobaci\u00f3n de solvencia de conformidad con el art. 6, apdo. 1, letra f del RGPD. Sobre la base de los datos personales facilitados por usted y otros datos (como la cesta de la compra, el importe de la factura, el historial de pedidos, la experiencia de pago), el proveedor comprueba si la opci\u00f3n de pago que usted ha seleccionado puede concederse con respecto a los riesgos de pago y\/o morosidad.<\/p>\n\n<p>El informe de cr\u00e9dito puede contener valores de probabilidad (los llamados valores de puntuaci\u00f3n). Si los valores de puntuaci\u00f3n se incluyen en el resultado del informe de cr\u00e9dito, se basan en un procedimiento matem\u00e1tico-estad\u00edstico cient\u00edficamente reconocido. El c\u00e1lculo de los valores de puntuaci\u00f3n incluye, entre otros, los datos de la direcci\u00f3n.<\/p>\n\n<p>Puede oponerse a este tratamiento de sus datos en cualquier momento envi\u00e1ndonos un mensaje a nosotros o al proveedor. No obstante, el proveedor podr\u00e1 seguir estando autorizado a tratar sus datos personales si ello es necesario para tramitar los pagos de conformidad con el contrato.<\/p>\n\n<h2>6) Derechos del interesado<\/h2>\n\n<p><b>6.1<\/b>&nbsp;La legislaci\u00f3n aplicable en materia de protecci\u00f3n de datos le concede los siguientes derechos de los interesados (derechos de acceso e intervenci\u00f3n) frente al responsable del tratamiento en relaci\u00f3n con el tratamiento de sus datos personales, en los que se hace referencia a la base jur\u00eddica indicada para los respectivos requisitos de ejercicio:<\/p>\n\n<ul>\n<li>Derecho a la informaci\u00f3n de conformidad con el art\u00edculo 15 del RGPD;<\/li>\n<li>Derecho de rectificaci\u00f3n de conformidad con el art\u00edculo 16 del RGPD;<\/li>\n<li>Derecho de supresi\u00f3n con arreglo al art\u00edculo 17 del RGPD;<\/li>\n<li>Derecho a la restricci\u00f3n del tratamiento de conformidad con el art\u00edculo 18 del RGPD;<\/li>\n<li>Derecho a la informaci\u00f3n de conformidad con el art\u00edculo 19 del RGPD;<\/li>\n<li>Derecho a la portabilidad de los datos de conformidad con el art\u00edculo 20 del RGPD;<\/li>\n<li>Derecho a retirar el consentimiento otorgado de conformidad con el art. 7 (3) GDPR;<\/li>\n<li>Derecho a presentar una reclamaci\u00f3n de conformidad con el art\u00edculo 77 del RGPD.<\/li>\n<\/ul>\n\n<p><b>6.2<\/b>&nbsp;DERECHO DE OPOSICI\u00d3N<\/p>\n\n<p>SI TRATAMOS SUS DATOS PERSONALES COMO PARTE DE UNA PONDERACI\u00d3N DE INTERESES SOBRE LA BASE DE NUESTRO INTER\u00c9S LEG\u00cdTIMO PREPONDERANTE, TIENE DERECHO A OPONERSE A ESTE TRATAMIENTO EN CUALQUIER MOMENTO CON EFECTOS PARA EL FUTURO POR MOTIVOS RELACIONADOS CON SU SITUACI\u00d3N PARTICULAR.<\/p>\n\n<p>SI EJERCE SU DERECHO DE OPOSICI\u00d3N, DEJAREMOS DE TRATAR LOS DATOS EN CUESTI\u00d3N. NO OBSTANTE, NOS RESERVAMOS EL DERECHO A CONTINUAR EL TRATAMIENTO SI PODEMOS DEMOSTRAR MOTIVOS LEG\u00cdTIMOS IMPERIOSOS PARA EL TRATAMIENTO QUE PREVALEZCAN SOBRE SUS INTERESES, DERECHOS Y LIBERTADES FUNDAMENTALES, O SI EL TRATAMIENTO SIRVE PARA EL RECONOCIMIENTO, EJERCICIO O DEFENSA DE RECLAMACIONES LEGALES.<\/p>\n\n<p>SI TRATAMOS SUS DATOS PERSONALES CON FINES DE MERCADOTECNIA DIRECTA, USTED TIENE DERECHO A OPONERSE EN CUALQUIER MOMENTO AL TRATAMIENTO DE LOS DATOS PERSONALES QUE LE CONCIERNEN CON FINES DE DICHA MERCADOTECNIA. PUEDE EJERCER SU DERECHO DE OPOSICI\u00d3N COMO SE DESCRIBE M\u00c1S ARRIBA.<\/p>\n\n<p>SI EJERCE SU DERECHO DE OPOSICI\u00d3N, DEJAREMOS DE TRATAR LOS DATOS EN CUESTI\u00d3N CON FINES DE VENTA DIRECTA.<\/p>\n\n<h2>7) Duraci\u00f3n del almacenamiento de datos personales<\/h2>\n\n<p>La duraci\u00f3n del almacenamiento de los datos personales viene determinada por la base jur\u00eddica correspondiente, la finalidad del tratamiento y, si procede, tambi\u00e9n por el per\u00edodo de conservaci\u00f3n legal correspondiente (por ejemplo, los per\u00edodos de conservaci\u00f3n en virtud del Derecho mercantil y fiscal).<\/p>\n\n<p>Cuando se traten datos personales sobre la base de un consentimiento expreso de conformidad con el art\u00edculo 6, apartado 1, letra a) del RGPD, los datos en cuesti\u00f3n se conservar\u00e1n hasta que usted retire su consentimiento.<\/p>\n\n<p>Si existen periodos de conservaci\u00f3n legales para los datos que se procesan en el marco de obligaciones legales o similares sobre la base del Art. 6 p\u00e1rrafo 1 lit. b GDPR, estos datos se eliminar\u00e1n rutinariamente despu\u00e9s de que hayan expirado los periodos de conservaci\u00f3n, siempre que ya no sean necesarios para el cumplimiento del contrato o el inicio del contrato y\/o ya no tengamos un inter\u00e9s leg\u00edtimo en su almacenamiento posterior.<\/p>\n\n<p>Al procesar datos personales sobre la base del Art. 6 p\u00e1rrafo 1 lit. f GDPR, estos datos se almacenar\u00e1n hasta que ejerza su derecho a oponerse de conformidad con el Art. 21 p\u00e1rrafo 1 GDPR, a menos que podamos demostrar motivos leg\u00edtimos imperiosos para el procesamiento que prevalezcan sobre sus intereses, derechos y libertades, o el procesamiento sirva para el establecimiento, ejercicio o defensa de reclamaciones legales.<\/p>\n\n<p>Cuando se procesan datos personales con fines de marketing directo sobre la base del art. 6 p\u00e1rr. 1 lit. f GDPR, estos datos se almacenan hasta que usted ejerce su derecho de oposici\u00f3n de conformidad con el art. 21 p\u00e1rr. 2 GDPR.<\/p>\n\n<p>Salvo que se indique lo contrario en el resto de la informaci\u00f3n de esta declaraci\u00f3n sobre situaciones espec\u00edficas de tratamiento, los datos personales almacenados se suprimir\u00e1n cuando ya no sean necesarios para los fines para los que fueron recogidos o tratados de otro modo.<\/p><\/div><div id=\"itkanzlei_txt_copyright\" style=\"font-size: 12px; margin-top: 8em;\"><div style=\"display: inline-block; vertical-align: top;\"><a href=\"https:\/\/www.it-recht-kanzlei.de\/\" target=\"_blank\"><img decoding=\"async\" src=\"https:\/\/www.it-recht-kanzlei.de\/logo\/Copyright-Logo_Datenschutzerklaerung.png?i=55220-3b9a2-39c8-907e-1\" id=\"itkanzlei_img_copyright\" alt=\"Bufete de abogados inform\u00e1ticos\" title=\"Bufete de abogados inform\u00e1ticos\" style=\"margin-top: -20px; border-style: none; max-width: 100%;\" \/><\/a><\/div><div style=\"display: inline-block; vertical-align: top; margin-left: 5px; float: right; white-space: nowrap;\">Estado: 14\/02\/2024, 09:43:00<\/div><div style=\"clear: right;\"><\/div><\/div><\/div>","protected":false},"excerpt":{"rendered":"<p>Pol\u00edtica de privacidad<\/p>","protected":false},"author":10,"featured_media":0,"parent":0,"menu_order":0,"comment_status":"closed","ping_status":"closed","template":"","meta":{"footnotes":""},"class_list":["post-3","page","type-page","status-publish","hentry"],"yoast_head":"<!-- This site is optimized with the Yoast SEO plugin v27.4 - https:\/\/yoast.com\/product\/yoast-seo-wordpress\/ -->\n<title>Datenschutzerkl\u00e4rung - Ammann Stepstore<\/title>\n<meta name=\"description\" content=\"Die verantwortliche Stelle f\u00fcr die Datenverarbeitung auf dieser Website ist: easy-step GmbH, Robert-Bosch-Str. 2, 86830 Schwabm\u00fcnchen\" \/>\n<meta name=\"robots\" content=\"index, follow, max-snippet:-1, max-image-preview:large, max-video-preview:-1\" \/>\n<link rel=\"canonical\" href=\"https:\/\/ammann-stepstore.com\/es\/proteccion-de-datos\/\" \/>\n<meta property=\"og:locale\" content=\"es_ES\" \/>\n<meta property=\"og:type\" content=\"article\" \/>\n<meta property=\"og:title\" content=\"Datenschutzerkl\u00e4rung - Ammann Stepstore\" \/>\n<meta property=\"og:description\" content=\"Die verantwortliche Stelle f\u00fcr die Datenverarbeitung auf dieser Website ist: easy-step GmbH, Robert-Bosch-Str. 2, 86830 Schwabm\u00fcnchen\" \/>\n<meta property=\"og:url\" content=\"https:\/\/ammann-stepstore.com\/es\/proteccion-de-datos\/\" \/>\n<meta property=\"og:site_name\" content=\"Ammann Stepstore\" \/>\n<meta property=\"og:image\" content=\"https:\/\/ammann-stepstore.com\/wp-content\/uploads\/2018\/12\/transport-behelfstreppe-03.jpg\" \/>\n\t<meta property=\"og:image:width\" content=\"300\" \/>\n\t<meta property=\"og:image:height\" content=\"300\" \/>\n\t<meta property=\"og:image:type\" content=\"image\/jpeg\" \/>\n<meta name=\"twitter:card\" content=\"summary_large_image\" \/>\n<meta name=\"twitter:label1\" content=\"Tiempo de lectura\" \/>\n\t<meta name=\"twitter:data1\" content=\"1 minuto\" \/>\n<script type=\"application\/ld+json\" class=\"yoast-schema-graph\">{\"@context\":\"https:\\\/\\\/schema.org\",\"@graph\":[{\"@type\":\"WebPage\",\"@id\":\"https:\\\/\\\/ammann-stepstore.com\\\/datenschutz\\\/\",\"url\":\"https:\\\/\\\/ammann-stepstore.com\\\/datenschutz\\\/\",\"name\":\"Datenschutzerkl\u00e4rung - Ammann Stepstore\",\"isPartOf\":{\"@id\":\"https:\\\/\\\/ammann-stepstore.com\\\/#website\"},\"datePublished\":\"2024-02-14T08:43:03+00:00\",\"description\":\"Die verantwortliche Stelle f\u00fcr die Datenverarbeitung auf dieser Website ist: easy-step GmbH, Robert-Bosch-Str. 2, 86830 Schwabm\u00fcnchen\",\"breadcrumb\":{\"@id\":\"https:\\\/\\\/ammann-stepstore.com\\\/datenschutz\\\/#breadcrumb\"},\"inLanguage\":\"es\",\"potentialAction\":[{\"@type\":\"ReadAction\",\"target\":[\"https:\\\/\\\/ammann-stepstore.com\\\/datenschutz\\\/\"]}]},{\"@type\":\"BreadcrumbList\",\"@id\":\"https:\\\/\\\/ammann-stepstore.com\\\/datenschutz\\\/#breadcrumb\",\"itemListElement\":[{\"@type\":\"ListItem\",\"position\":1,\"name\":\"Startseite\",\"item\":\"https:\\\/\\\/ammann-stepstore.com\\\/\"},{\"@type\":\"ListItem\",\"position\":2,\"name\":\"Datenschutzerkl\u00e4rung\"}]},{\"@type\":\"WebSite\",\"@id\":\"https:\\\/\\\/ammann-stepstore.com\\\/#website\",\"url\":\"https:\\\/\\\/ammann-stepstore.com\\\/\",\"name\":\"Ammann Stepstore\",\"description\":\"Treppenbau-Zubeh\u00f6r bequem online kaufen\",\"publisher\":{\"@id\":\"https:\\\/\\\/ammann-stepstore.com\\\/#organization\"},\"potentialAction\":[{\"@type\":\"SearchAction\",\"target\":{\"@type\":\"EntryPoint\",\"urlTemplate\":\"https:\\\/\\\/ammann-stepstore.com\\\/?s={search_term_string}\"},\"query-input\":{\"@type\":\"PropertyValueSpecification\",\"valueRequired\":true,\"valueName\":\"search_term_string\"}}],\"inLanguage\":\"es\"},{\"@type\":\"Organization\",\"@id\":\"https:\\\/\\\/ammann-stepstore.com\\\/#organization\",\"name\":\"easy-step GmbH\",\"url\":\"https:\\\/\\\/ammann-stepstore.com\\\/\",\"logo\":{\"@type\":\"ImageObject\",\"inLanguage\":\"es\",\"@id\":\"https:\\\/\\\/ammann-stepstore.com\\\/#\\\/schema\\\/logo\\\/image\\\/\",\"url\":\"https:\\\/\\\/ammann-stepstore.com\\\/wp-content\\\/uploads\\\/2018\\\/09\\\/Systembautreppe-merged.png\",\"contentUrl\":\"https:\\\/\\\/ammann-stepstore.com\\\/wp-content\\\/uploads\\\/2018\\\/09\\\/Systembautreppe-merged.png\",\"width\":273,\"height\":67,\"caption\":\"easy-step GmbH\"},\"image\":{\"@id\":\"https:\\\/\\\/ammann-stepstore.com\\\/#\\\/schema\\\/logo\\\/image\\\/\"},\"sameAs\":[\"https:\\\/\\\/www.instagram.com\\\/easystep_bautreppe\\\/\"]}]}<\/script>\n<!-- \/ Yoast SEO plugin. -->","yoast_head_json":{"title":"Pol\u00edtica de privacidad - Ammann Stepstore","description":"El responsable del tratamiento de datos en este sitio web es: easy-step GmbH, Robert-Bosch-Str. 2, 86830 Schwabm\u00fcnchen, Alemania.","robots":{"index":"index","follow":"follow","max-snippet":"max-snippet:-1","max-image-preview":"max-image-preview:large","max-video-preview":"max-video-preview:-1"},"canonical":"https:\/\/ammann-stepstore.com\/es\/proteccion-de-datos\/","og_locale":"es_ES","og_type":"article","og_title":"Datenschutzerkl\u00e4rung - Ammann Stepstore","og_description":"Die verantwortliche Stelle f\u00fcr die Datenverarbeitung auf dieser Website ist: easy-step GmbH, Robert-Bosch-Str. 2, 86830 Schwabm\u00fcnchen","og_url":"https:\/\/ammann-stepstore.com\/es\/proteccion-de-datos\/","og_site_name":"Ammann Stepstore","og_image":[{"width":300,"height":300,"url":"https:\/\/ammann-stepstore.com\/wp-content\/uploads\/2018\/12\/transport-behelfstreppe-03.jpg","type":"image\/jpeg"}],"twitter_card":"summary_large_image","twitter_misc":{"Tiempo de lectura":"1 minuto"},"schema":{"@context":"https:\/\/schema.org","@graph":[{"@type":"WebPage","@id":"https:\/\/ammann-stepstore.com\/datenschutz\/","url":"https:\/\/ammann-stepstore.com\/datenschutz\/","name":"Pol\u00edtica de privacidad - Ammann Stepstore","isPartOf":{"@id":"https:\/\/ammann-stepstore.com\/#website"},"datePublished":"2024-02-14T08:43:03+00:00","description":"El responsable del tratamiento de datos en este sitio web es: easy-step GmbH, Robert-Bosch-Str. 2, 86830 Schwabm\u00fcnchen, Alemania.","breadcrumb":{"@id":"https:\/\/ammann-stepstore.com\/datenschutz\/#breadcrumb"},"inLanguage":"es","potentialAction":[{"@type":"ReadAction","target":["https:\/\/ammann-stepstore.com\/datenschutz\/"]}]},{"@type":"BreadcrumbList","@id":"https:\/\/ammann-stepstore.com\/datenschutz\/#breadcrumb","itemListElement":[{"@type":"ListItem","position":1,"name":"Startseite","item":"https:\/\/ammann-stepstore.com\/"},{"@type":"ListItem","position":2,"name":"Datenschutzerkl\u00e4rung"}]},{"@type":"WebSite","@id":"https:\/\/ammann-stepstore.com\/#website","url":"https:\/\/ammann-stepstore.com\/","name":"Tienda Ammann Stepstore","description":"Comprar accesorios para escaleras c\u00f3modamente en l\u00ednea","publisher":{"@id":"https:\/\/ammann-stepstore.com\/#organization"},"potentialAction":[{"@type":"SearchAction","target":{"@type":"EntryPoint","urlTemplate":"https:\/\/ammann-stepstore.com\/?s={search_term_string}"},"query-input":{"@type":"PropertyValueSpecification","valueRequired":true,"valueName":"search_term_string"}}],"inLanguage":"es"},{"@type":"Organization","@id":"https:\/\/ammann-stepstore.com\/#organization","name":"easy-step GmbH","url":"https:\/\/ammann-stepstore.com\/","logo":{"@type":"ImageObject","inLanguage":"es","@id":"https:\/\/ammann-stepstore.com\/#\/schema\/logo\/image\/","url":"https:\/\/ammann-stepstore.com\/wp-content\/uploads\/2018\/09\/Systembautreppe-merged.png","contentUrl":"https:\/\/ammann-stepstore.com\/wp-content\/uploads\/2018\/09\/Systembautreppe-merged.png","width":273,"height":67,"caption":"easy-step GmbH"},"image":{"@id":"https:\/\/ammann-stepstore.com\/#\/schema\/logo\/image\/"},"sameAs":["https:\/\/www.instagram.com\/easystep_bautreppe\/"]}]}},"_links":{"self":[{"href":"https:\/\/ammann-stepstore.com\/es\/wp-json\/wp\/v2\/pages\/3","targetHints":{"allow":["GET"]}}],"collection":[{"href":"https:\/\/ammann-stepstore.com\/es\/wp-json\/wp\/v2\/pages"}],"about":[{"href":"https:\/\/ammann-stepstore.com\/es\/wp-json\/wp\/v2\/types\/page"}],"author":[{"embeddable":true,"href":"https:\/\/ammann-stepstore.com\/es\/wp-json\/wp\/v2\/users\/10"}],"replies":[{"embeddable":true,"href":"https:\/\/ammann-stepstore.com\/es\/wp-json\/wp\/v2\/comments?post=3"}],"version-history":[{"count":0,"href":"https:\/\/ammann-stepstore.com\/es\/wp-json\/wp\/v2\/pages\/3\/revisions"}],"wp:attachment":[{"href":"https:\/\/ammann-stepstore.com\/es\/wp-json\/wp\/v2\/media?parent=3"}],"curies":[{"name":"wp","href":"https:\/\/api.w.org\/{rel}","templated":true}]}}