{"id":8482,"date":"2026-01-29T11:49:43","date_gmt":"2026-01-29T10:49:43","guid":{"rendered":"https:\/\/ammann-stepstore.com\/?post_type=product&#038;p=8482"},"modified":"2026-03-31T11:26:12","modified_gmt":"2026-03-31T09:26:12","slug":"stainless-steel-step-support-for-steel-stringer-stairs-for-welding-in","status":"publish","type":"product","link":"https:\/\/ammann-stepstore.com\/en\/produkt\/stufenauflager-aus-edelstahl-fuer-stahlwangentreppen-zum-einschweissen\/","title":{"rendered":"Stainless steel step support for weld-in steel stringer stairs"},"content":{"rendered":"<div>\n<p data-start=\"288\" data-end=\"358\">Stair nosing fastening for steel stringer stairs from Ammann Treppen<\/p>\n<p data-start=\"360\" data-end=\"571\">We have designed specially developed weld-in step supports for steel stringer stairs. These allow steps to be securely and permanently attached to steel stringers and precisely installed.<\/p>\n<p data-start=\"573\" data-end=\"902\">Our step bearings for steel stringer stairs are welded directly into the steel stringer and form a stable and durable support for wooden steps. The sophisticated design ensures a clean appearance, high stability and reliable fastening of the steps to the steel stringer.<\/p>\n<p data-start=\"904\" data-end=\"1175\">The weld-in step supports are ideal for staircase construction with steel stringers, where steps need to be precisely positioned and permanently fixed. They make installation easier and provide a professional solution in modern staircase construction.<\/p>\n<p data-start=\"1177\" data-end=\"1340\">Discover our high-quality step bearings for steel stringer staircases now and realise stable, precise and visually appealing staircase constructions.<\/p>\n<\/div>\n<div><\/div>\n<div><\/div>\n<div><\/div>\n<div>Article information:<\/div>\n<div><\/div>\n<div><\/div>\n<div>\n<div><span style=\"color: #202020; font-family: Helvetica Neue, Helvetica, Arial, sans-serif;\">8.5 mm spigot for cheek mounting for welding in with 20 mm <\/span>\u00d8 , stringer distance to step 5mm for sound insulation, step support 45mm<\/div>\n<div>Supplied without screws (4.5 x 40 Torx wood screws are recommended for 45 mm thick steps)<\/div>\n<div><\/div>\n<div><\/div>\n<div><span style=\"color: #202020; font-family: Helvetica Neue, Helvetica, Arial, sans-serif;\">4 step supports are required per straight step.<\/span><\/div>\n<div><\/div>\n<div>Shipping from Germany<\/div>\n<div>\n<div><\/div>\n<div><\/div>\n<div>Stair nosing support, steel stringer stair nosing support, stair nosing support, step support, step hanger, wooden step bracket, stair nosing fastening, step anchor, stair nosing support, step bracket, connector for steel and wood<\/div>\n<\/div>\n<\/div>","protected":false},"excerpt":{"rendered":"<p>per unit for a staircase with 15 risers<\/p>","protected":false},"featured_media":8483,"comment_status":"closed","ping_status":"closed","template":"","meta":[],"product_brand":[],"product_cat":[78],"product_tag":[],"class_list":{"0":"post-8482","1":"product","2":"type-product","3":"status-publish","4":"has-post-thumbnail","6":"product_cat-stufenauflager","8":"first","9":"instock","10":"taxable","11":"shipping-taxable","12":"purchasable","13":"product-type-simple"},"yoast_head":"<!-- This site is optimized with the Yoast SEO plugin v27.4 - https:\/\/yoast.com\/product\/yoast-seo-wordpress\/ -->\n<title>Stufenauflager aus Edelstahl f\u00fcr Stahlwangentreppen zum Einschwei\u00dfen - Ammann Stepstore<\/title>\n<meta name=\"description\" content=\"Treppenstufenbefestigung aus Edelstahl f\u00fcr Stahlwangentreppen zum Einschwei\u00dfen. Jetzt Stufentr\u00e4ger kaufen im Online-Shop von Ammann Treppen.\" \/>\n<meta name=\"robots\" content=\"index, follow, max-snippet:-1, max-image-preview:large, max-video-preview:-1\" \/>\n<link rel=\"canonical\" href=\"https:\/\/ammann-stepstore.com\/en\/product-2\/stainless-steel-step-support-for-steel-stringer-stairs-for-welding-in\/\" \/>\n<meta property=\"og:locale\" content=\"en_GB\" \/>\n<meta property=\"og:type\" content=\"article\" \/>\n<meta property=\"og:title\" content=\"Stufenauflager aus Edelstahl f\u00fcr Stahlwangentreppen zum Einschwei\u00dfen - Ammann Stepstore\" \/>\n<meta property=\"og:description\" content=\"Treppenstufenbefestigung aus Edelstahl f\u00fcr Stahlwangentreppen zum Einschwei\u00dfen. Jetzt Stufentr\u00e4ger kaufen im Online-Shop von Ammann Treppen.\" \/>\n<meta property=\"og:url\" content=\"https:\/\/ammann-stepstore.com\/en\/product-2\/stainless-steel-step-support-for-steel-stringer-stairs-for-welding-in\/\" \/>\n<meta property=\"og:site_name\" content=\"Ammann Stepstore\" \/>\n<meta property=\"article:modified_time\" content=\"2026-03-31T09:26:12+00:00\" \/>\n<meta property=\"og:image\" content=\"https:\/\/ammann-stepstore.com\/wp-content\/uploads\/2026\/01\/StufenlagerStahlwangeSchweissbar1.jpg\" \/>\n\t<meta property=\"og:image:width\" content=\"790\" \/>\n\t<meta property=\"og:image:height\" content=\"1000\" \/>\n\t<meta property=\"og:image:type\" content=\"image\/jpeg\" \/>\n<meta name=\"twitter:card\" content=\"summary_large_image\" \/>\n<meta name=\"twitter:label1\" content=\"Estimated reading time\" \/>\n\t<meta name=\"twitter:data1\" content=\"2 minutes\" \/>\n<script type=\"application\/ld+json\" class=\"yoast-schema-graph\">{\"@context\":\"https:\\\/\\\/schema.org\",\"@graph\":[{\"@type\":\"WebPage\",\"@id\":\"https:\\\/\\\/ammann-stepstore.com\\\/fr\\\/produit\\\/supports-de-marches-en-acier-inoxydable-pour-escaliers-a-limons-en-acier-a-souder\\\/\",\"url\":\"https:\\\/\\\/ammann-stepstore.com\\\/fr\\\/produit\\\/supports-de-marches-en-acier-inoxydable-pour-escaliers-a-limons-en-acier-a-souder\\\/\",\"name\":\"Stufenauflager aus Edelstahl f\u00fcr Stahlwangentreppen zum Einschwei\u00dfen - Ammann Stepstore\",\"isPartOf\":{\"@id\":\"https:\\\/\\\/ammann-stepstore.com\\\/#website\"},\"primaryImageOfPage\":{\"@id\":\"https:\\\/\\\/ammann-stepstore.com\\\/fr\\\/produit\\\/supports-de-marches-en-acier-inoxydable-pour-escaliers-a-limons-en-acier-a-souder\\\/#primaryimage\"},\"image\":{\"@id\":\"https:\\\/\\\/ammann-stepstore.com\\\/fr\\\/produit\\\/supports-de-marches-en-acier-inoxydable-pour-escaliers-a-limons-en-acier-a-souder\\\/#primaryimage\"},\"thumbnailUrl\":\"https:\\\/\\\/ammann-stepstore.com\\\/wp-content\\\/uploads\\\/2026\\\/01\\\/StufenlagerStahlwangeSchweissbar1.jpg\",\"datePublished\":\"2026-01-29T10:49:43+00:00\",\"dateModified\":\"2026-03-31T09:26:12+00:00\",\"description\":\"Treppenstufenbefestigung aus Edelstahl f\u00fcr Stahlwangentreppen zum Einschwei\u00dfen. Jetzt Stufentr\u00e4ger kaufen im Online-Shop von Ammann Treppen.\",\"breadcrumb\":{\"@id\":\"https:\\\/\\\/ammann-stepstore.com\\\/fr\\\/produit\\\/supports-de-marches-en-acier-inoxydable-pour-escaliers-a-limons-en-acier-a-souder\\\/#breadcrumb\"},\"inLanguage\":\"en-GB\",\"potentialAction\":[{\"@type\":\"ReadAction\",\"target\":[\"https:\\\/\\\/ammann-stepstore.com\\\/fr\\\/produit\\\/supports-de-marches-en-acier-inoxydable-pour-escaliers-a-limons-en-acier-a-souder\\\/\"]}]},{\"@type\":\"ImageObject\",\"inLanguage\":\"en-GB\",\"@id\":\"https:\\\/\\\/ammann-stepstore.com\\\/fr\\\/produit\\\/supports-de-marches-en-acier-inoxydable-pour-escaliers-a-limons-en-acier-a-souder\\\/#primaryimage\",\"url\":\"https:\\\/\\\/ammann-stepstore.com\\\/wp-content\\\/uploads\\\/2026\\\/01\\\/StufenlagerStahlwangeSchweissbar1.jpg\",\"contentUrl\":\"https:\\\/\\\/ammann-stepstore.com\\\/wp-content\\\/uploads\\\/2026\\\/01\\\/StufenlagerStahlwangeSchweissbar1.jpg\",\"width\":790,\"height\":1000,\"caption\":\"Stufenauflager f\u00fcr Stahlwangentreppen zum Einschwei\u00dfen\"},{\"@type\":\"BreadcrumbList\",\"@id\":\"https:\\\/\\\/ammann-stepstore.com\\\/fr\\\/produit\\\/supports-de-marches-en-acier-inoxydable-pour-escaliers-a-limons-en-acier-a-souder\\\/#breadcrumb\",\"itemListElement\":[{\"@type\":\"ListItem\",\"position\":1,\"name\":\"Startseite\",\"item\":\"https:\\\/\\\/ammann-stepstore.com\\\/\"},{\"@type\":\"ListItem\",\"position\":2,\"name\":\"Shop\",\"item\":\"https:\\\/\\\/ammann-stepstore.com\\\/shop\\\/\"},{\"@type\":\"ListItem\",\"position\":3,\"name\":\"Stufenauflager aus Edelstahl f\u00fcr Stahlwangentreppen zum Einschwei\u00dfen\"}]},{\"@type\":\"WebSite\",\"@id\":\"https:\\\/\\\/ammann-stepstore.com\\\/#website\",\"url\":\"https:\\\/\\\/ammann-stepstore.com\\\/\",\"name\":\"Ammann Stepstore\",\"description\":\"Treppenbau-Zubeh\u00f6r bequem online kaufen\",\"publisher\":{\"@id\":\"https:\\\/\\\/ammann-stepstore.com\\\/#organization\"},\"potentialAction\":[{\"@type\":\"SearchAction\",\"target\":{\"@type\":\"EntryPoint\",\"urlTemplate\":\"https:\\\/\\\/ammann-stepstore.com\\\/?s={search_term_string}\"},\"query-input\":{\"@type\":\"PropertyValueSpecification\",\"valueRequired\":true,\"valueName\":\"search_term_string\"}}],\"inLanguage\":\"en-GB\"},{\"@type\":\"Organization\",\"@id\":\"https:\\\/\\\/ammann-stepstore.com\\\/#organization\",\"name\":\"easy-step GmbH\",\"url\":\"https:\\\/\\\/ammann-stepstore.com\\\/\",\"logo\":{\"@type\":\"ImageObject\",\"inLanguage\":\"en-GB\",\"@id\":\"https:\\\/\\\/ammann-stepstore.com\\\/#\\\/schema\\\/logo\\\/image\\\/\",\"url\":\"https:\\\/\\\/ammann-stepstore.com\\\/wp-content\\\/uploads\\\/2018\\\/09\\\/Systembautreppe-merged.png\",\"contentUrl\":\"https:\\\/\\\/ammann-stepstore.com\\\/wp-content\\\/uploads\\\/2018\\\/09\\\/Systembautreppe-merged.png\",\"width\":273,\"height\":67,\"caption\":\"easy-step GmbH\"},\"image\":{\"@id\":\"https:\\\/\\\/ammann-stepstore.com\\\/#\\\/schema\\\/logo\\\/image\\\/\"},\"sameAs\":[\"https:\\\/\\\/www.instagram.com\\\/easystep_bautreppe\\\/\"]}]}<\/script>\n<!-- \/ Yoast SEO plugin. -->","yoast_head_json":{"title":"Stainless steel step support for weld-in steel stringer stairs - Ammann Stepstore","description":"Stainless steel stair tread fastening for steel stringer stairs for welding in. Buy step supports now in the Ammann Treppen online shop.","robots":{"index":"index","follow":"follow","max-snippet":"max-snippet:-1","max-image-preview":"max-image-preview:large","max-video-preview":"max-video-preview:-1"},"canonical":"https:\/\/ammann-stepstore.com\/en\/product-2\/stainless-steel-step-support-for-steel-stringer-stairs-for-welding-in\/","og_locale":"en_GB","og_type":"article","og_title":"Stufenauflager aus Edelstahl f\u00fcr Stahlwangentreppen zum Einschwei\u00dfen - Ammann Stepstore","og_description":"Treppenstufenbefestigung aus Edelstahl f\u00fcr Stahlwangentreppen zum Einschwei\u00dfen. Jetzt Stufentr\u00e4ger kaufen im Online-Shop von Ammann Treppen.","og_url":"https:\/\/ammann-stepstore.com\/en\/product-2\/stainless-steel-step-support-for-steel-stringer-stairs-for-welding-in\/","og_site_name":"Ammann Stepstore","article_modified_time":"2026-03-31T09:26:12+00:00","og_image":[{"width":790,"height":1000,"url":"https:\/\/ammann-stepstore.com\/wp-content\/uploads\/2026\/01\/StufenlagerStahlwangeSchweissbar1.jpg","type":"image\/jpeg"}],"twitter_card":"summary_large_image","twitter_misc":{"Estimated reading time":"2 minutes"},"schema":{"@context":"https:\/\/schema.org","@graph":[{"@type":"WebPage","@id":"https:\/\/ammann-stepstore.com\/fr\/produit\/supports-de-marches-en-acier-inoxydable-pour-escaliers-a-limons-en-acier-a-souder\/","url":"https:\/\/ammann-stepstore.com\/fr\/produit\/supports-de-marches-en-acier-inoxydable-pour-escaliers-a-limons-en-acier-a-souder\/","name":"Stainless steel step support for weld-in steel stringer stairs - Ammann Stepstore","isPartOf":{"@id":"https:\/\/ammann-stepstore.com\/#website"},"primaryImageOfPage":{"@id":"https:\/\/ammann-stepstore.com\/fr\/produit\/supports-de-marches-en-acier-inoxydable-pour-escaliers-a-limons-en-acier-a-souder\/#primaryimage"},"image":{"@id":"https:\/\/ammann-stepstore.com\/fr\/produit\/supports-de-marches-en-acier-inoxydable-pour-escaliers-a-limons-en-acier-a-souder\/#primaryimage"},"thumbnailUrl":"https:\/\/ammann-stepstore.com\/wp-content\/uploads\/2026\/01\/StufenlagerStahlwangeSchweissbar1.jpg","datePublished":"2026-01-29T10:49:43+00:00","dateModified":"2026-03-31T09:26:12+00:00","description":"Stainless steel stair tread fastening for steel stringer stairs for welding in. Buy step supports now in the Ammann Treppen online shop.","breadcrumb":{"@id":"https:\/\/ammann-stepstore.com\/fr\/produit\/supports-de-marches-en-acier-inoxydable-pour-escaliers-a-limons-en-acier-a-souder\/#breadcrumb"},"inLanguage":"en-GB","potentialAction":[{"@type":"ReadAction","target":["https:\/\/ammann-stepstore.com\/fr\/produit\/supports-de-marches-en-acier-inoxydable-pour-escaliers-a-limons-en-acier-a-souder\/"]}]},{"@type":"ImageObject","inLanguage":"en-GB","@id":"https:\/\/ammann-stepstore.com\/fr\/produit\/supports-de-marches-en-acier-inoxydable-pour-escaliers-a-limons-en-acier-a-souder\/#primaryimage","url":"https:\/\/ammann-stepstore.com\/wp-content\/uploads\/2026\/01\/StufenlagerStahlwangeSchweissbar1.jpg","contentUrl":"https:\/\/ammann-stepstore.com\/wp-content\/uploads\/2026\/01\/StufenlagerStahlwangeSchweissbar1.jpg","width":790,"height":1000,"caption":"Stufenauflager f\u00fcr Stahlwangentreppen zum Einschwei\u00dfen"},{"@type":"BreadcrumbList","@id":"https:\/\/ammann-stepstore.com\/fr\/produit\/supports-de-marches-en-acier-inoxydable-pour-escaliers-a-limons-en-acier-a-souder\/#breadcrumb","itemListElement":[{"@type":"ListItem","position":1,"name":"Startseite","item":"https:\/\/ammann-stepstore.com\/"},{"@type":"ListItem","position":2,"name":"Shop","item":"https:\/\/ammann-stepstore.com\/shop\/"},{"@type":"ListItem","position":3,"name":"Stufenauflager aus Edelstahl f\u00fcr Stahlwangentreppen zum Einschwei\u00dfen"}]},{"@type":"WebSite","@id":"https:\/\/ammann-stepstore.com\/#website","url":"https:\/\/ammann-stepstore.com\/","name":"Ammann Stepstore","description":"Buy staircase accessories conveniently online","publisher":{"@id":"https:\/\/ammann-stepstore.com\/#organization"},"potentialAction":[{"@type":"SearchAction","target":{"@type":"EntryPoint","urlTemplate":"https:\/\/ammann-stepstore.com\/?s={search_term_string}"},"query-input":{"@type":"PropertyValueSpecification","valueRequired":true,"valueName":"search_term_string"}}],"inLanguage":"en-GB"},{"@type":"Organization","@id":"https:\/\/ammann-stepstore.com\/#organization","name":"easy-step GmbH","url":"https:\/\/ammann-stepstore.com\/","logo":{"@type":"ImageObject","inLanguage":"en-GB","@id":"https:\/\/ammann-stepstore.com\/#\/schema\/logo\/image\/","url":"https:\/\/ammann-stepstore.com\/wp-content\/uploads\/2018\/09\/Systembautreppe-merged.png","contentUrl":"https:\/\/ammann-stepstore.com\/wp-content\/uploads\/2018\/09\/Systembautreppe-merged.png","width":273,"height":67,"caption":"easy-step GmbH"},"image":{"@id":"https:\/\/ammann-stepstore.com\/#\/schema\/logo\/image\/"},"sameAs":["https:\/\/www.instagram.com\/easystep_bautreppe\/"]}]}},"_links":{"self":[{"href":"https:\/\/ammann-stepstore.com\/en\/wp-json\/wp\/v2\/product\/8482","targetHints":{"allow":["GET"]}}],"collection":[{"href":"https:\/\/ammann-stepstore.com\/en\/wp-json\/wp\/v2\/product"}],"about":[{"href":"https:\/\/ammann-stepstore.com\/en\/wp-json\/wp\/v2\/types\/product"}],"replies":[{"embeddable":true,"href":"https:\/\/ammann-stepstore.com\/en\/wp-json\/wp\/v2\/comments?post=8482"}],"wp:featuredmedia":[{"embeddable":true,"href":"https:\/\/ammann-stepstore.com\/en\/wp-json\/wp\/v2\/media\/8483"}],"wp:attachment":[{"href":"https:\/\/ammann-stepstore.com\/en\/wp-json\/wp\/v2\/media?parent=8482"}],"wp:term":[{"taxonomy":"product_brand","embeddable":true,"href":"https:\/\/ammann-stepstore.com\/en\/wp-json\/wp\/v2\/product_brand?post=8482"},{"taxonomy":"product_cat","embeddable":true,"href":"https:\/\/ammann-stepstore.com\/en\/wp-json\/wp\/v2\/product_cat?post=8482"},{"taxonomy":"product_tag","embeddable":true,"href":"https:\/\/ammann-stepstore.com\/en\/wp-json\/wp\/v2\/product_tag?post=8482"}],"curies":[{"name":"wp","href":"https:\/\/api.w.org\/{rel}","templated":true}]}}