{"id":8127,"date":"2024-04-11T09:13:09","date_gmt":"2024-04-11T07:13:09","guid":{"rendered":"https:\/\/ammann-stepstore-18589519.wptestserver2.de\/?post_type=product&#038;p=8127"},"modified":"2026-04-15T15:50:44","modified_gmt":"2026-04-15T13:50:44","slug":"handrail-bracket-stainless-steel-handrail-support-handrail-bracket-handrail-bracket-ral-9010","status":"publish","type":"product","link":"https:\/\/ammann-stepstore.com\/en\/produkt\/handlaufhalter-edelstahl-handlaufstuetze-handlauftraeger-handlaufhalterung-ral-9010\/","title":{"rendered":"Handrail holder stainless steel Classic - RAL 9010"},"content":{"rendered":"<p data-start=\"1577\" data-end=\"1652\">Classic handrail holder in white - elegant wall mounting for handrails<\/p>\n<p data-start=\"1654\" data-end=\"1935\">The Classic handrail holder in white offers an elegant and functional solution for attaching handrails to stairs and walls. The light-coloured surface ensures a discreet look and goes particularly well with light-coloured stairs, wooden handrails and modern living spaces.<\/p>\n<p data-start=\"1937\" data-end=\"2188\">This handrail holder for stair handrails combines a timeless design with a sturdy construction. The high-quality design ensures a secure connection between the handrail and the wall and guarantees reliable everyday use.<\/p>\n<p data-start=\"2190\" data-end=\"2426\">The white handrail holder is ideal for various types of stairs and handrails made of wood or metal. It is a durable solution for stairs, banisters and wall handrails in homes, offices or public buildings.<\/p>\n<p data-start=\"2428\" data-end=\"2618\">Installation is quick and easy. The handrail bracket for wall mounting can be attached in a few simple steps and immediately ensures a stable handrail construction.<\/p>\n<p data-start=\"2620\" data-end=\"2778\">With the Classic handrail holder in white, you can rely on a stylish and practical solution for the secure attachment of handrails to your staircase.<\/p>\n<p>Article information:<\/p>\n<p>Enden der Halterung auf einer Seite rund und auf einer Seite gerade &#8211; somit k\u00f6nnen eckige und runde Handl\u00e4ufe montiert werden.<\/p>\n<p>(3-part wall handrail bracket)<\/p>","protected":false},"excerpt":{"rendered":"<p>Handlaufhalter Classic in Wei\u00df \u2013 elegante Wandbefestigung f\u00fcr Handl\u00e4ufe Der Handlaufhalter Classic in Wei\u00df bietet eine elegante und funktionale L\u00f6sung f\u00fcr die Befestigung von Handl\u00e4ufen an Treppen und W\u00e4nden. Die helle Oberfl\u00e4che sorgt f\u00fcr eine dezente Optik und passt besonders gut zu hellen Treppen, Holzhandl\u00e4ufen und modernen Wohnr\u00e4umen. Dieser Handlaufhalter f\u00fcr Treppenhandl\u00e4ufe verbindet ein zeitloses&#8230;<\/p>","protected":false},"featured_media":8136,"comment_status":"closed","ping_status":"closed","template":"","meta":[],"product_brand":[],"product_cat":[77],"product_tag":[],"class_list":{"0":"post-8127","1":"product","2":"type-product","3":"status-publish","4":"has-post-thumbnail","6":"product_cat-wandlaufhalter","8":"first","9":"outofstock","10":"taxable","11":"shipping-taxable","12":"purchasable","13":"product-type-simple"},"yoast_head":"<!-- This site is optimized with the Yoast SEO plugin v27.4 - https:\/\/yoast.com\/product\/yoast-seo-wordpress\/ -->\n<title>Handlaufhalter Edelstahl Classic - RAL 9010 - Ammann Stepstore<\/title>\n<meta name=\"description\" content=\"Unser Handlaufhalter-Classic passt perfekt in jedes Haus. Egal ob klassisch, oder modern: Dieser Handlauftr\u00e4ger passt immer perfekt.\" \/>\n<meta name=\"robots\" content=\"index, follow, max-snippet:-1, max-image-preview:large, max-video-preview:-1\" \/>\n<link rel=\"canonical\" href=\"https:\/\/ammann-stepstore.com\/en\/product-2\/handrail-bracket-stainless-steel-handrail-support-handrail-bracket-handrail-bracket-ral-9010\/\" \/>\n<meta property=\"og:locale\" content=\"en_GB\" \/>\n<meta property=\"og:type\" content=\"article\" \/>\n<meta property=\"og:title\" content=\"Handlaufhalter Edelstahl Classic - RAL 9010 - Ammann Stepstore\" \/>\n<meta property=\"og:description\" content=\"Unser Handlaufhalter-Classic passt perfekt in jedes Haus. Egal ob klassisch, oder modern: Dieser Handlauftr\u00e4ger passt immer perfekt.\" \/>\n<meta property=\"og:url\" content=\"https:\/\/ammann-stepstore.com\/en\/product-2\/handrail-bracket-stainless-steel-handrail-support-handrail-bracket-handrail-bracket-ral-9010\/\" \/>\n<meta property=\"og:site_name\" content=\"Ammann Stepstore\" \/>\n<meta property=\"article:modified_time\" content=\"2026-04-15T13:50:44+00:00\" \/>\n<meta property=\"og:image\" content=\"https:\/\/ammann-stepstore.com\/wp-content\/uploads\/2024\/04\/Ammann-Treppen_Wandlaufhalter_RAL9010_1-1.jpg\" \/>\n\t<meta property=\"og:image:width\" content=\"790\" \/>\n\t<meta property=\"og:image:height\" content=\"1000\" \/>\n\t<meta property=\"og:image:type\" content=\"image\/jpeg\" \/>\n<meta name=\"twitter:card\" content=\"summary_large_image\" \/>\n<meta name=\"twitter:label1\" content=\"Estimated reading time\" \/>\n\t<meta name=\"twitter:data1\" content=\"2 minutes\" \/>\n<script type=\"application\/ld+json\" class=\"yoast-schema-graph\">{\"@context\":\"https:\\\/\\\/schema.org\",\"@graph\":[{\"@type\":\"WebPage\",\"@id\":\"https:\\\/\\\/ammann-stepstore.com\\\/produkt\\\/handlaufhalter-edelstahl-handlaufstuetze-handlauftraeger-handlaufhalterung-ral-9010\\\/\",\"url\":\"https:\\\/\\\/ammann-stepstore.com\\\/produkt\\\/handlaufhalter-edelstahl-handlaufstuetze-handlauftraeger-handlaufhalterung-ral-9010\\\/\",\"name\":\"Handlaufhalter Edelstahl Classic - RAL 9010 - Ammann Stepstore\",\"isPartOf\":{\"@id\":\"https:\\\/\\\/ammann-stepstore.com\\\/#website\"},\"primaryImageOfPage\":{\"@id\":\"https:\\\/\\\/ammann-stepstore.com\\\/produkt\\\/handlaufhalter-edelstahl-handlaufstuetze-handlauftraeger-handlaufhalterung-ral-9010\\\/#primaryimage\"},\"image\":{\"@id\":\"https:\\\/\\\/ammann-stepstore.com\\\/produkt\\\/handlaufhalter-edelstahl-handlaufstuetze-handlauftraeger-handlaufhalterung-ral-9010\\\/#primaryimage\"},\"thumbnailUrl\":\"https:\\\/\\\/ammann-stepstore.com\\\/wp-content\\\/uploads\\\/2024\\\/04\\\/Ammann-Treppen_Wandlaufhalter_RAL9010_1-1.jpg\",\"datePublished\":\"2024-04-11T07:13:09+00:00\",\"dateModified\":\"2026-04-15T13:50:44+00:00\",\"description\":\"Unser Handlaufhalter-Classic passt perfekt in jedes Haus. Egal ob klassisch, oder modern: Dieser Handlauftr\u00e4ger passt immer perfekt.\",\"breadcrumb\":{\"@id\":\"https:\\\/\\\/ammann-stepstore.com\\\/produkt\\\/handlaufhalter-edelstahl-handlaufstuetze-handlauftraeger-handlaufhalterung-ral-9010\\\/#breadcrumb\"},\"inLanguage\":\"en-GB\",\"potentialAction\":[{\"@type\":\"ReadAction\",\"target\":[\"https:\\\/\\\/ammann-stepstore.com\\\/produkt\\\/handlaufhalter-edelstahl-handlaufstuetze-handlauftraeger-handlaufhalterung-ral-9010\\\/\"]}]},{\"@type\":\"ImageObject\",\"inLanguage\":\"en-GB\",\"@id\":\"https:\\\/\\\/ammann-stepstore.com\\\/produkt\\\/handlaufhalter-edelstahl-handlaufstuetze-handlauftraeger-handlaufhalterung-ral-9010\\\/#primaryimage\",\"url\":\"https:\\\/\\\/ammann-stepstore.com\\\/wp-content\\\/uploads\\\/2024\\\/04\\\/Ammann-Treppen_Wandlaufhalter_RAL9010_1-1.jpg\",\"contentUrl\":\"https:\\\/\\\/ammann-stepstore.com\\\/wp-content\\\/uploads\\\/2024\\\/04\\\/Ammann-Treppen_Wandlaufhalter_RAL9010_1-1.jpg\",\"width\":790,\"height\":1000,\"caption\":\"handlaufhalter-edelstahl-handlaufst\u00fctze-handlauftr\u00e4ger-ral-9010\"},{\"@type\":\"BreadcrumbList\",\"@id\":\"https:\\\/\\\/ammann-stepstore.com\\\/produkt\\\/handlaufhalter-edelstahl-handlaufstuetze-handlauftraeger-handlaufhalterung-ral-9010\\\/#breadcrumb\",\"itemListElement\":[{\"@type\":\"ListItem\",\"position\":1,\"name\":\"Startseite\",\"item\":\"https:\\\/\\\/ammann-stepstore.com\\\/\"},{\"@type\":\"ListItem\",\"position\":2,\"name\":\"Shop\",\"item\":\"https:\\\/\\\/ammann-stepstore.com\\\/shop\\\/\"},{\"@type\":\"ListItem\",\"position\":3,\"name\":\"Handlaufhalter Edelstahl Classic &#8211; RAL 9010\"}]},{\"@type\":\"WebSite\",\"@id\":\"https:\\\/\\\/ammann-stepstore.com\\\/#website\",\"url\":\"https:\\\/\\\/ammann-stepstore.com\\\/\",\"name\":\"Ammann Stepstore\",\"description\":\"Treppenbau-Zubeh\u00f6r bequem online kaufen\",\"publisher\":{\"@id\":\"https:\\\/\\\/ammann-stepstore.com\\\/#organization\"},\"potentialAction\":[{\"@type\":\"SearchAction\",\"target\":{\"@type\":\"EntryPoint\",\"urlTemplate\":\"https:\\\/\\\/ammann-stepstore.com\\\/?s={search_term_string}\"},\"query-input\":{\"@type\":\"PropertyValueSpecification\",\"valueRequired\":true,\"valueName\":\"search_term_string\"}}],\"inLanguage\":\"en-GB\"},{\"@type\":\"Organization\",\"@id\":\"https:\\\/\\\/ammann-stepstore.com\\\/#organization\",\"name\":\"easy-step GmbH\",\"url\":\"https:\\\/\\\/ammann-stepstore.com\\\/\",\"logo\":{\"@type\":\"ImageObject\",\"inLanguage\":\"en-GB\",\"@id\":\"https:\\\/\\\/ammann-stepstore.com\\\/#\\\/schema\\\/logo\\\/image\\\/\",\"url\":\"https:\\\/\\\/ammann-stepstore.com\\\/wp-content\\\/uploads\\\/2018\\\/09\\\/Systembautreppe-merged.png\",\"contentUrl\":\"https:\\\/\\\/ammann-stepstore.com\\\/wp-content\\\/uploads\\\/2018\\\/09\\\/Systembautreppe-merged.png\",\"width\":273,\"height\":67,\"caption\":\"easy-step GmbH\"},\"image\":{\"@id\":\"https:\\\/\\\/ammann-stepstore.com\\\/#\\\/schema\\\/logo\\\/image\\\/\"},\"sameAs\":[\"https:\\\/\\\/www.instagram.com\\\/easystep_bautreppe\\\/\"]}]}<\/script>\n<!-- \/ Yoast SEO plugin. -->","yoast_head_json":{"title":"Stainless steel handrail holder Classic - RAL 9010 - Ammann Stepstore","description":"Our Classic handrail holder fits perfectly into any home. Whether classic or modern: This handrail bracket always fits perfectly.","robots":{"index":"index","follow":"follow","max-snippet":"max-snippet:-1","max-image-preview":"max-image-preview:large","max-video-preview":"max-video-preview:-1"},"canonical":"https:\/\/ammann-stepstore.com\/en\/product-2\/handrail-bracket-stainless-steel-handrail-support-handrail-bracket-handrail-bracket-ral-9010\/","og_locale":"en_GB","og_type":"article","og_title":"Handlaufhalter Edelstahl Classic - RAL 9010 - Ammann Stepstore","og_description":"Unser Handlaufhalter-Classic passt perfekt in jedes Haus. Egal ob klassisch, oder modern: Dieser Handlauftr\u00e4ger passt immer perfekt.","og_url":"https:\/\/ammann-stepstore.com\/en\/product-2\/handrail-bracket-stainless-steel-handrail-support-handrail-bracket-handrail-bracket-ral-9010\/","og_site_name":"Ammann Stepstore","article_modified_time":"2026-04-15T13:50:44+00:00","og_image":[{"width":790,"height":1000,"url":"https:\/\/ammann-stepstore.com\/wp-content\/uploads\/2024\/04\/Ammann-Treppen_Wandlaufhalter_RAL9010_1-1.jpg","type":"image\/jpeg"}],"twitter_card":"summary_large_image","twitter_misc":{"Estimated reading time":"2 minutes"},"schema":{"@context":"https:\/\/schema.org","@graph":[{"@type":"WebPage","@id":"https:\/\/ammann-stepstore.com\/produkt\/handlaufhalter-edelstahl-handlaufstuetze-handlauftraeger-handlaufhalterung-ral-9010\/","url":"https:\/\/ammann-stepstore.com\/produkt\/handlaufhalter-edelstahl-handlaufstuetze-handlauftraeger-handlaufhalterung-ral-9010\/","name":"Stainless steel handrail holder Classic - RAL 9010 - Ammann Stepstore","isPartOf":{"@id":"https:\/\/ammann-stepstore.com\/#website"},"primaryImageOfPage":{"@id":"https:\/\/ammann-stepstore.com\/produkt\/handlaufhalter-edelstahl-handlaufstuetze-handlauftraeger-handlaufhalterung-ral-9010\/#primaryimage"},"image":{"@id":"https:\/\/ammann-stepstore.com\/produkt\/handlaufhalter-edelstahl-handlaufstuetze-handlauftraeger-handlaufhalterung-ral-9010\/#primaryimage"},"thumbnailUrl":"https:\/\/ammann-stepstore.com\/wp-content\/uploads\/2024\/04\/Ammann-Treppen_Wandlaufhalter_RAL9010_1-1.jpg","datePublished":"2024-04-11T07:13:09+00:00","dateModified":"2026-04-15T13:50:44+00:00","description":"Our Classic handrail holder fits perfectly into any home. Whether classic or modern: This handrail bracket always fits perfectly.","breadcrumb":{"@id":"https:\/\/ammann-stepstore.com\/produkt\/handlaufhalter-edelstahl-handlaufstuetze-handlauftraeger-handlaufhalterung-ral-9010\/#breadcrumb"},"inLanguage":"en-GB","potentialAction":[{"@type":"ReadAction","target":["https:\/\/ammann-stepstore.com\/produkt\/handlaufhalter-edelstahl-handlaufstuetze-handlauftraeger-handlaufhalterung-ral-9010\/"]}]},{"@type":"ImageObject","inLanguage":"en-GB","@id":"https:\/\/ammann-stepstore.com\/produkt\/handlaufhalter-edelstahl-handlaufstuetze-handlauftraeger-handlaufhalterung-ral-9010\/#primaryimage","url":"https:\/\/ammann-stepstore.com\/wp-content\/uploads\/2024\/04\/Ammann-Treppen_Wandlaufhalter_RAL9010_1-1.jpg","contentUrl":"https:\/\/ammann-stepstore.com\/wp-content\/uploads\/2024\/04\/Ammann-Treppen_Wandlaufhalter_RAL9010_1-1.jpg","width":790,"height":1000,"caption":"handlaufhalter-edelstahl-handlaufst\u00fctze-handlauftr\u00e4ger-ral-9010"},{"@type":"BreadcrumbList","@id":"https:\/\/ammann-stepstore.com\/produkt\/handlaufhalter-edelstahl-handlaufstuetze-handlauftraeger-handlaufhalterung-ral-9010\/#breadcrumb","itemListElement":[{"@type":"ListItem","position":1,"name":"Startseite","item":"https:\/\/ammann-stepstore.com\/"},{"@type":"ListItem","position":2,"name":"Shop","item":"https:\/\/ammann-stepstore.com\/shop\/"},{"@type":"ListItem","position":3,"name":"Handlaufhalter Edelstahl Classic &#8211; RAL 9010"}]},{"@type":"WebSite","@id":"https:\/\/ammann-stepstore.com\/#website","url":"https:\/\/ammann-stepstore.com\/","name":"Ammann Stepstore","description":"Buy staircase accessories conveniently online","publisher":{"@id":"https:\/\/ammann-stepstore.com\/#organization"},"potentialAction":[{"@type":"SearchAction","target":{"@type":"EntryPoint","urlTemplate":"https:\/\/ammann-stepstore.com\/?s={search_term_string}"},"query-input":{"@type":"PropertyValueSpecification","valueRequired":true,"valueName":"search_term_string"}}],"inLanguage":"en-GB"},{"@type":"Organization","@id":"https:\/\/ammann-stepstore.com\/#organization","name":"easy-step GmbH","url":"https:\/\/ammann-stepstore.com\/","logo":{"@type":"ImageObject","inLanguage":"en-GB","@id":"https:\/\/ammann-stepstore.com\/#\/schema\/logo\/image\/","url":"https:\/\/ammann-stepstore.com\/wp-content\/uploads\/2018\/09\/Systembautreppe-merged.png","contentUrl":"https:\/\/ammann-stepstore.com\/wp-content\/uploads\/2018\/09\/Systembautreppe-merged.png","width":273,"height":67,"caption":"easy-step GmbH"},"image":{"@id":"https:\/\/ammann-stepstore.com\/#\/schema\/logo\/image\/"},"sameAs":["https:\/\/www.instagram.com\/easystep_bautreppe\/"]}]}},"_links":{"self":[{"href":"https:\/\/ammann-stepstore.com\/en\/wp-json\/wp\/v2\/product\/8127","targetHints":{"allow":["GET"]}}],"collection":[{"href":"https:\/\/ammann-stepstore.com\/en\/wp-json\/wp\/v2\/product"}],"about":[{"href":"https:\/\/ammann-stepstore.com\/en\/wp-json\/wp\/v2\/types\/product"}],"replies":[{"embeddable":true,"href":"https:\/\/ammann-stepstore.com\/en\/wp-json\/wp\/v2\/comments?post=8127"}],"wp:featuredmedia":[{"embeddable":true,"href":"https:\/\/ammann-stepstore.com\/en\/wp-json\/wp\/v2\/media\/8136"}],"wp:attachment":[{"href":"https:\/\/ammann-stepstore.com\/en\/wp-json\/wp\/v2\/media?parent=8127"}],"wp:term":[{"taxonomy":"product_brand","embeddable":true,"href":"https:\/\/ammann-stepstore.com\/en\/wp-json\/wp\/v2\/product_brand?post=8127"},{"taxonomy":"product_cat","embeddable":true,"href":"https:\/\/ammann-stepstore.com\/en\/wp-json\/wp\/v2\/product_cat?post=8127"},{"taxonomy":"product_tag","embeddable":true,"href":"https:\/\/ammann-stepstore.com\/en\/wp-json\/wp\/v2\/product_tag?post=8127"}],"curies":[{"name":"wp","href":"https:\/\/api.w.org\/{rel}","templated":true}]}}