{"id":8125,"date":"2024-04-11T09:01:03","date_gmt":"2024-04-11T07:01:03","guid":{"rendered":"https:\/\/ammann-stepstore-18589519.wptestserver2.de\/?post_type=product&#038;p=8125"},"modified":"2026-04-14T14:47:13","modified_gmt":"2026-04-14T12:47:13","slug":"step-support-step-support-step-fastening-step-connector-for-wooden-stringer-stairs-ral-9005","status":"publish","type":"product","link":"https:\/\/ammann-stepstore.com\/en\/produkt\/stufenauflager-stufentraeger-treppenstufenbefestigung-stufenverbinder-fuer-holzwangentreppen-ral-9005\/","title":{"rendered":"Stainless steel step support for wooden stairs &amp; versatile wooden connections black"},"content":{"rendered":"<div>\n<p>Stufenauflager von Ammann Treppen:<\/p>\n<p class=\"\" data-start=\"378\" data-end=\"682\">Discover the benefits of our step supports for wooden stringer stairs and put a permanent end to rattling or squeaking stairs. Our stair supports provide a sound-decoupled connection between the treads and stringers and offer a quiet, stable and long-lasting staircase experience.<\/p>\n<p class=\"\" data-start=\"684\" data-end=\"989\">With our high-quality stainless steel step supports and step connectors, individual steps can be easily replaced - without having to dismantle the entire staircase. There is no need for time-consuming milling, a simple drill hole is all that is required. This means that even beginners can build stairs quickly and safely.<\/p>\n<p class=\"\" data-start=\"991\" data-end=\"1285\">Unsere Stufenauflager sind nicht nur eine clevere Alternative zur eingestemmten Treppe \u2013 sie eignen sich auch universell als Holzverbinder f\u00fcr vielf\u00e4ltige Holzprojekte im Innen- und Au\u00dfenbereich. Ideal f\u00fcr alle, die langlebige und vielseitige Verbindungsl\u00f6sungen aus Edelstahl suchen.<\/p>\n<p class=\"\" data-start=\"1287\" data-end=\"1453\">Order now and experience the difference - with sophisticated solutions for your step fastening and flexible wooden connections from Ammann Treppen.<\/p>\n<\/div>\n<div><\/div>\n<div><\/div>\n<div>Article information:<\/div>\n<div><\/div>\n<div>\n<div><span style=\"color: #202020; font-family: Helvetica Neue, Helvetica, Arial, sans-serif;\">15 mm spigot for cheek mounting, 20 mm\u00a0<\/span>\u00d8 for drilling into the stringboard, stringboard distance to the step 5mm for sound insulation, step support 45mm<\/div>\n<div>Supplied without screws (4.5 x 40 Torx wood screws are recommended for 45 mm thick steps and 45 mm thick stringers)<\/div>\n<div><\/div>\n<div>See installation instructions for all further information.<\/div>\n<div><span style=\"color: #202020; font-family: Helvetica Neue, Helvetica, Arial, sans-serif;\">4 step supports are required per step.<\/span><\/div>\n<\/div>\n<div><\/div>\n<div>Shipping from Germany.<\/div>\n<div>\n<div><\/div>\n<div><\/div>\n<div>\n<div><\/div>\n<div><\/div>\n<div>Stair tread support, stringer tread support, tread support, step support, step hanger, wooden step holder, stair fastening, step anchor, stair tread support, step holder<\/div>\n<\/div>\n<\/div>","protected":false},"excerpt":{"rendered":"<p>Stufenauflager von Ammann Treppen: Entdecken Sie die Vorteile unserer Stufenauflager f\u00fcr Holzwangentreppen und beenden Sie klappernde oder quietschende Treppen dauerhaft. Unsere Treppenauflager sorgen f\u00fcr eine schallentkoppelte Verbindung zwischen Stufen und Wangen und bieten ein ruhiges, stabiles und langlebiges Treppenerlebnis. Mit unseren hochwertigen Stufentr\u00e4gern und Stufenverbindern aus Edelstahl k\u00f6nnen einzelne Stufen problemlos ausgetauscht werden \u2013 ganz&#8230;<\/p>","protected":false},"featured_media":8103,"comment_status":"closed","ping_status":"closed","template":"","meta":[],"product_brand":[],"product_cat":[78],"product_tag":[],"class_list":{"0":"post-8125","1":"product","2":"type-product","3":"status-publish","4":"has-post-thumbnail","6":"product_cat-stufenauflager","8":"first","9":"instock","10":"taxable","11":"shipping-taxable","12":"purchasable","13":"product-type-simple"},"yoast_head":"<!-- This site is optimized with the Yoast SEO plugin v27.4 - https:\/\/yoast.com\/product\/yoast-seo-wordpress\/ -->\n<title>Stufenauflager aus Edelstahl f\u00fcr Holztreppen &amp; vielseitige Holzverbindungen schwarz - Ammann Stepstore<\/title>\n<meta name=\"description\" content=\"Treppenstufenbefestigung aus Edelstahl f\u00fcr Holzwangentreppen. Diese Stufentr\u00e4ger sind die bessere Alternative zur eingestemmten Treppe (Schallentkoppelt)\" \/>\n<meta name=\"robots\" content=\"index, follow, max-snippet:-1, max-image-preview:large, max-video-preview:-1\" \/>\n<link rel=\"canonical\" href=\"https:\/\/ammann-stepstore.com\/en\/product-2\/step-support-step-support-step-fastening-step-connector-for-wooden-stringer-stairs-ral-9005\/\" \/>\n<meta property=\"og:locale\" content=\"en_GB\" \/>\n<meta property=\"og:type\" content=\"article\" \/>\n<meta property=\"og:title\" content=\"Stufenauflager aus Edelstahl f\u00fcr Holztreppen &amp; vielseitige Holzverbindungen schwarz - Ammann Stepstore\" \/>\n<meta property=\"og:description\" content=\"Treppenstufenbefestigung aus Edelstahl f\u00fcr Holzwangentreppen. Diese Stufentr\u00e4ger sind die bessere Alternative zur eingestemmten Treppe (Schallentkoppelt)\" \/>\n<meta property=\"og:url\" content=\"https:\/\/ammann-stepstore.com\/en\/product-2\/step-support-step-support-step-fastening-step-connector-for-wooden-stringer-stairs-ral-9005\/\" \/>\n<meta property=\"og:site_name\" content=\"Ammann Stepstore\" \/>\n<meta property=\"article:modified_time\" content=\"2026-04-14T12:47:13+00:00\" \/>\n<meta property=\"og:image\" content=\"https:\/\/ammann-stepstore.com\/wp-content\/uploads\/2024\/04\/Ammann-Treppen_Stufenauflager_RAL9005_4.jpg\" \/>\n\t<meta property=\"og:image:width\" content=\"790\" \/>\n\t<meta property=\"og:image:height\" content=\"1000\" \/>\n\t<meta property=\"og:image:type\" content=\"image\/jpeg\" \/>\n<meta name=\"twitter:card\" content=\"summary_large_image\" \/>\n<meta name=\"twitter:label1\" content=\"Estimated reading time\" \/>\n\t<meta name=\"twitter:data1\" content=\"2 minutes\" \/>\n<script type=\"application\/ld+json\" class=\"yoast-schema-graph\">{\"@context\":\"https:\\\/\\\/schema.org\",\"@graph\":[{\"@type\":\"WebPage\",\"@id\":\"https:\\\/\\\/ammann-stepstore.com\\\/produkt\\\/stufenauflager-stufentraeger-treppenstufenbefestigung-stufenverbinder-fuer-holzwangentreppen-ral-9005\\\/\",\"url\":\"https:\\\/\\\/ammann-stepstore.com\\\/produkt\\\/stufenauflager-stufentraeger-treppenstufenbefestigung-stufenverbinder-fuer-holzwangentreppen-ral-9005\\\/\",\"name\":\"Stufenauflager aus Edelstahl f\u00fcr Holztreppen & vielseitige Holzverbindungen schwarz - Ammann Stepstore\",\"isPartOf\":{\"@id\":\"https:\\\/\\\/ammann-stepstore.com\\\/#website\"},\"primaryImageOfPage\":{\"@id\":\"https:\\\/\\\/ammann-stepstore.com\\\/produkt\\\/stufenauflager-stufentraeger-treppenstufenbefestigung-stufenverbinder-fuer-holzwangentreppen-ral-9005\\\/#primaryimage\"},\"image\":{\"@id\":\"https:\\\/\\\/ammann-stepstore.com\\\/produkt\\\/stufenauflager-stufentraeger-treppenstufenbefestigung-stufenverbinder-fuer-holzwangentreppen-ral-9005\\\/#primaryimage\"},\"thumbnailUrl\":\"https:\\\/\\\/ammann-stepstore.com\\\/wp-content\\\/uploads\\\/2024\\\/04\\\/Ammann-Treppen_Stufenauflager_RAL9005_4.jpg\",\"datePublished\":\"2024-04-11T07:01:03+00:00\",\"dateModified\":\"2026-04-14T12:47:13+00:00\",\"description\":\"Treppenstufenbefestigung aus Edelstahl f\u00fcr Holzwangentreppen. Diese Stufentr\u00e4ger sind die bessere Alternative zur eingestemmten Treppe (Schallentkoppelt)\",\"breadcrumb\":{\"@id\":\"https:\\\/\\\/ammann-stepstore.com\\\/produkt\\\/stufenauflager-stufentraeger-treppenstufenbefestigung-stufenverbinder-fuer-holzwangentreppen-ral-9005\\\/#breadcrumb\"},\"inLanguage\":\"en-GB\",\"potentialAction\":[{\"@type\":\"ReadAction\",\"target\":[\"https:\\\/\\\/ammann-stepstore.com\\\/produkt\\\/stufenauflager-stufentraeger-treppenstufenbefestigung-stufenverbinder-fuer-holzwangentreppen-ral-9005\\\/\"]}]},{\"@type\":\"ImageObject\",\"inLanguage\":\"en-GB\",\"@id\":\"https:\\\/\\\/ammann-stepstore.com\\\/produkt\\\/stufenauflager-stufentraeger-treppenstufenbefestigung-stufenverbinder-fuer-holzwangentreppen-ral-9005\\\/#primaryimage\",\"url\":\"https:\\\/\\\/ammann-stepstore.com\\\/wp-content\\\/uploads\\\/2024\\\/04\\\/Ammann-Treppen_Stufenauflager_RAL9005_4.jpg\",\"contentUrl\":\"https:\\\/\\\/ammann-stepstore.com\\\/wp-content\\\/uploads\\\/2024\\\/04\\\/Ammann-Treppen_Stufenauflager_RAL9005_4.jpg\",\"width\":790,\"height\":1000,\"caption\":\"Stufenberbinder f\u00fcr Holztreppen schwarz\"},{\"@type\":\"BreadcrumbList\",\"@id\":\"https:\\\/\\\/ammann-stepstore.com\\\/produkt\\\/stufenauflager-stufentraeger-treppenstufenbefestigung-stufenverbinder-fuer-holzwangentreppen-ral-9005\\\/#breadcrumb\",\"itemListElement\":[{\"@type\":\"ListItem\",\"position\":1,\"name\":\"Startseite\",\"item\":\"https:\\\/\\\/ammann-stepstore.com\\\/\"},{\"@type\":\"ListItem\",\"position\":2,\"name\":\"Shop\",\"item\":\"https:\\\/\\\/ammann-stepstore.com\\\/shop\\\/\"},{\"@type\":\"ListItem\",\"position\":3,\"name\":\"Stufenauflager aus Edelstahl f\u00fcr Holztreppen &#038; vielseitige Holzverbindungen schwarz\"}]},{\"@type\":\"WebSite\",\"@id\":\"https:\\\/\\\/ammann-stepstore.com\\\/#website\",\"url\":\"https:\\\/\\\/ammann-stepstore.com\\\/\",\"name\":\"Ammann Stepstore\",\"description\":\"Treppenbau-Zubeh\u00f6r bequem online kaufen\",\"publisher\":{\"@id\":\"https:\\\/\\\/ammann-stepstore.com\\\/#organization\"},\"potentialAction\":[{\"@type\":\"SearchAction\",\"target\":{\"@type\":\"EntryPoint\",\"urlTemplate\":\"https:\\\/\\\/ammann-stepstore.com\\\/?s={search_term_string}\"},\"query-input\":{\"@type\":\"PropertyValueSpecification\",\"valueRequired\":true,\"valueName\":\"search_term_string\"}}],\"inLanguage\":\"en-GB\"},{\"@type\":\"Organization\",\"@id\":\"https:\\\/\\\/ammann-stepstore.com\\\/#organization\",\"name\":\"easy-step GmbH\",\"url\":\"https:\\\/\\\/ammann-stepstore.com\\\/\",\"logo\":{\"@type\":\"ImageObject\",\"inLanguage\":\"en-GB\",\"@id\":\"https:\\\/\\\/ammann-stepstore.com\\\/#\\\/schema\\\/logo\\\/image\\\/\",\"url\":\"https:\\\/\\\/ammann-stepstore.com\\\/wp-content\\\/uploads\\\/2018\\\/09\\\/Systembautreppe-merged.png\",\"contentUrl\":\"https:\\\/\\\/ammann-stepstore.com\\\/wp-content\\\/uploads\\\/2018\\\/09\\\/Systembautreppe-merged.png\",\"width\":273,\"height\":67,\"caption\":\"easy-step GmbH\"},\"image\":{\"@id\":\"https:\\\/\\\/ammann-stepstore.com\\\/#\\\/schema\\\/logo\\\/image\\\/\"},\"sameAs\":[\"https:\\\/\\\/www.instagram.com\\\/easystep_bautreppe\\\/\"]}]}<\/script>\n<!-- \/ Yoast SEO plugin. -->","yoast_head_json":{"title":"Stufenauflager aus Edelstahl f\u00fcr Holztreppen & vielseitige Holzverbindungen schwarz - Ammann Stepstore","description":"Stainless steel stair tread fastening for wooden stringer stairs. These step supports are the better alternative to mortised stairs (sound-decoupled)","robots":{"index":"index","follow":"follow","max-snippet":"max-snippet:-1","max-image-preview":"max-image-preview:large","max-video-preview":"max-video-preview:-1"},"canonical":"https:\/\/ammann-stepstore.com\/en\/product-2\/step-support-step-support-step-fastening-step-connector-for-wooden-stringer-stairs-ral-9005\/","og_locale":"en_GB","og_type":"article","og_title":"Stufenauflager aus Edelstahl f\u00fcr Holztreppen & vielseitige Holzverbindungen schwarz - Ammann Stepstore","og_description":"Treppenstufenbefestigung aus Edelstahl f\u00fcr Holzwangentreppen. Diese Stufentr\u00e4ger sind die bessere Alternative zur eingestemmten Treppe (Schallentkoppelt)","og_url":"https:\/\/ammann-stepstore.com\/en\/product-2\/step-support-step-support-step-fastening-step-connector-for-wooden-stringer-stairs-ral-9005\/","og_site_name":"Ammann Stepstore","article_modified_time":"2026-04-14T12:47:13+00:00","og_image":[{"width":790,"height":1000,"url":"https:\/\/ammann-stepstore.com\/wp-content\/uploads\/2024\/04\/Ammann-Treppen_Stufenauflager_RAL9005_4.jpg","type":"image\/jpeg"}],"twitter_card":"summary_large_image","twitter_misc":{"Estimated reading time":"2 minutes"},"schema":{"@context":"https:\/\/schema.org","@graph":[{"@type":"WebPage","@id":"https:\/\/ammann-stepstore.com\/produkt\/stufenauflager-stufentraeger-treppenstufenbefestigung-stufenverbinder-fuer-holzwangentreppen-ral-9005\/","url":"https:\/\/ammann-stepstore.com\/produkt\/stufenauflager-stufentraeger-treppenstufenbefestigung-stufenverbinder-fuer-holzwangentreppen-ral-9005\/","name":"Stufenauflager aus Edelstahl f\u00fcr Holztreppen & vielseitige Holzverbindungen schwarz - Ammann Stepstore","isPartOf":{"@id":"https:\/\/ammann-stepstore.com\/#website"},"primaryImageOfPage":{"@id":"https:\/\/ammann-stepstore.com\/produkt\/stufenauflager-stufentraeger-treppenstufenbefestigung-stufenverbinder-fuer-holzwangentreppen-ral-9005\/#primaryimage"},"image":{"@id":"https:\/\/ammann-stepstore.com\/produkt\/stufenauflager-stufentraeger-treppenstufenbefestigung-stufenverbinder-fuer-holzwangentreppen-ral-9005\/#primaryimage"},"thumbnailUrl":"https:\/\/ammann-stepstore.com\/wp-content\/uploads\/2024\/04\/Ammann-Treppen_Stufenauflager_RAL9005_4.jpg","datePublished":"2024-04-11T07:01:03+00:00","dateModified":"2026-04-14T12:47:13+00:00","description":"Stainless steel stair tread fastening for wooden stringer stairs. These step supports are the better alternative to mortised stairs (sound-decoupled)","breadcrumb":{"@id":"https:\/\/ammann-stepstore.com\/produkt\/stufenauflager-stufentraeger-treppenstufenbefestigung-stufenverbinder-fuer-holzwangentreppen-ral-9005\/#breadcrumb"},"inLanguage":"en-GB","potentialAction":[{"@type":"ReadAction","target":["https:\/\/ammann-stepstore.com\/produkt\/stufenauflager-stufentraeger-treppenstufenbefestigung-stufenverbinder-fuer-holzwangentreppen-ral-9005\/"]}]},{"@type":"ImageObject","inLanguage":"en-GB","@id":"https:\/\/ammann-stepstore.com\/produkt\/stufenauflager-stufentraeger-treppenstufenbefestigung-stufenverbinder-fuer-holzwangentreppen-ral-9005\/#primaryimage","url":"https:\/\/ammann-stepstore.com\/wp-content\/uploads\/2024\/04\/Ammann-Treppen_Stufenauflager_RAL9005_4.jpg","contentUrl":"https:\/\/ammann-stepstore.com\/wp-content\/uploads\/2024\/04\/Ammann-Treppen_Stufenauflager_RAL9005_4.jpg","width":790,"height":1000,"caption":"Stufenberbinder f\u00fcr Holztreppen schwarz"},{"@type":"BreadcrumbList","@id":"https:\/\/ammann-stepstore.com\/produkt\/stufenauflager-stufentraeger-treppenstufenbefestigung-stufenverbinder-fuer-holzwangentreppen-ral-9005\/#breadcrumb","itemListElement":[{"@type":"ListItem","position":1,"name":"Startseite","item":"https:\/\/ammann-stepstore.com\/"},{"@type":"ListItem","position":2,"name":"Shop","item":"https:\/\/ammann-stepstore.com\/shop\/"},{"@type":"ListItem","position":3,"name":"Stufenauflager aus Edelstahl f\u00fcr Holztreppen &#038; vielseitige Holzverbindungen schwarz"}]},{"@type":"WebSite","@id":"https:\/\/ammann-stepstore.com\/#website","url":"https:\/\/ammann-stepstore.com\/","name":"Ammann Stepstore","description":"Buy staircase accessories conveniently online","publisher":{"@id":"https:\/\/ammann-stepstore.com\/#organization"},"potentialAction":[{"@type":"SearchAction","target":{"@type":"EntryPoint","urlTemplate":"https:\/\/ammann-stepstore.com\/?s={search_term_string}"},"query-input":{"@type":"PropertyValueSpecification","valueRequired":true,"valueName":"search_term_string"}}],"inLanguage":"en-GB"},{"@type":"Organization","@id":"https:\/\/ammann-stepstore.com\/#organization","name":"easy-step GmbH","url":"https:\/\/ammann-stepstore.com\/","logo":{"@type":"ImageObject","inLanguage":"en-GB","@id":"https:\/\/ammann-stepstore.com\/#\/schema\/logo\/image\/","url":"https:\/\/ammann-stepstore.com\/wp-content\/uploads\/2018\/09\/Systembautreppe-merged.png","contentUrl":"https:\/\/ammann-stepstore.com\/wp-content\/uploads\/2018\/09\/Systembautreppe-merged.png","width":273,"height":67,"caption":"easy-step GmbH"},"image":{"@id":"https:\/\/ammann-stepstore.com\/#\/schema\/logo\/image\/"},"sameAs":["https:\/\/www.instagram.com\/easystep_bautreppe\/"]}]}},"_links":{"self":[{"href":"https:\/\/ammann-stepstore.com\/en\/wp-json\/wp\/v2\/product\/8125","targetHints":{"allow":["GET"]}}],"collection":[{"href":"https:\/\/ammann-stepstore.com\/en\/wp-json\/wp\/v2\/product"}],"about":[{"href":"https:\/\/ammann-stepstore.com\/en\/wp-json\/wp\/v2\/types\/product"}],"replies":[{"embeddable":true,"href":"https:\/\/ammann-stepstore.com\/en\/wp-json\/wp\/v2\/comments?post=8125"}],"wp:featuredmedia":[{"embeddable":true,"href":"https:\/\/ammann-stepstore.com\/en\/wp-json\/wp\/v2\/media\/8103"}],"wp:attachment":[{"href":"https:\/\/ammann-stepstore.com\/en\/wp-json\/wp\/v2\/media?parent=8125"}],"wp:term":[{"taxonomy":"product_brand","embeddable":true,"href":"https:\/\/ammann-stepstore.com\/en\/wp-json\/wp\/v2\/product_brand?post=8125"},{"taxonomy":"product_cat","embeddable":true,"href":"https:\/\/ammann-stepstore.com\/en\/wp-json\/wp\/v2\/product_cat?post=8125"},{"taxonomy":"product_tag","embeddable":true,"href":"https:\/\/ammann-stepstore.com\/en\/wp-json\/wp\/v2\/product_tag?post=8125"}],"curies":[{"name":"wp","href":"https:\/\/api.w.org\/{rel}","templated":true}]}}