{"id":8019,"date":"2024-02-23T08:49:12","date_gmt":"2024-02-23T07:49:12","guid":{"rendered":"https:\/\/ammann-stepstore-18589519.wptestserver2.de\/?post_type=product&#038;p=8019"},"modified":"2026-03-31T11:29:28","modified_gmt":"2026-03-31T09:29:28","slug":"step-support-step-support-step-bracket-step-fastening-step-connector-step-support-made-of-stainless-steel-for-saddled-wooden-stringer-stairs","status":"publish","type":"product","link":"https:\/\/ammann-stepstore.com\/en\/produkt\/stufenauflager-stufentraeger-stufenhalterung-treppenstufenbefestigung-stufenverbinder-stufenauflage-aus-edelstahl-fuer-aufgesattelte-holzwangentreppen\/","title":{"rendered":"Stainless steel step support for saddle-mounted wooden stringer stairs"},"content":{"rendered":"<p>Stair nosing attachment from Ammann Stairs:<\/p>\n<div>\n<p data-start=\"360\" data-end=\"579\">Discover our specially developed step supports for saddle-mounted wooden stringer staircases. They enable simple, precise and stable fastening of steps in modern staircase constructions.<\/p>\n<p data-start=\"581\" data-end=\"878\">We have developed a high-quality stainless steel step support for semi-mounted stairs that ensures a secure and durable connection between the stair tread and stringer. It is easy to install and ensures a clean and professional staircase construction.<\/p>\n<p data-start=\"880\" data-end=\"1124\">Our step bearings for semi-mounted wooden staircases make staircase construction much easier - ideal for professional stair builders as well as DIY enthusiasts who want to realise a stable and high-quality staircase mounting.<\/p>\n<p data-start=\"1126\" data-end=\"1309\">Order our step supports for semi-mounted stairs now and realise durable and precise staircase constructions with the proven solutions from Ammann Stairs.<\/p>\n<\/div>\n<div><\/div>\n<div><\/div>\n<div><\/div>\n<div>Article information:<\/div>\n<div><\/div>\n<div>\n<div><\/div>\n<div><span style=\"color: #202020; font-family: Helvetica Neue, Helvetica, Arial, sans-serif;\">80 mm total length, 30 mm of which on the saddled cheek bore, 25 mm diameter<\/span>, further details on the detailed drawing (last picture)<\/div>\n<div><span style=\"color: #202020; font-family: Helvetica Neue, Helvetica, Arial, sans-serif;\">\u00a0<\/span><\/div>\n<div>Supplied without screws (4.5 x 40 Torx wood screws are recommended for 45 mm thick steps and 45 mm thick stringers)<\/div>\n<div><\/div>\n<div><span style=\"color: #202020; font-family: Helvetica Neue, Helvetica, Arial, sans-serif;\">4 step supports are required per step.<\/span><\/div>\n<div><\/div>\n<div>Shipping from Germany.<\/div>\n<div>\n<div><\/div>\n<div><\/div>\n<div>Stair tread support, stringer tread support, stair tread support, step support, step hanger, wooden step holder, stair fastening, step anchor, stair tread support, step holder, stair fastening<\/div>\n<\/div>\n<\/div>","protected":false},"excerpt":{"rendered":"<p>per unit for a staircase with 15 risers<\/p>","protected":false},"featured_media":8095,"comment_status":"closed","ping_status":"closed","template":"","meta":[],"product_brand":[],"product_cat":[78],"product_tag":[],"class_list":{"0":"post-8019","1":"product","2":"type-product","3":"status-publish","4":"has-post-thumbnail","6":"product_cat-stufenauflager","8":"first","9":"instock","10":"taxable","11":"shipping-taxable","12":"purchasable","13":"product-type-simple"},"yoast_head":"<!-- This site is optimized with the Yoast SEO plugin v27.4 - https:\/\/yoast.com\/product\/yoast-seo-wordpress\/ -->\n<title>Stufenauflager aus Edelstahl f\u00fcr aufgesattelte Holzwangentreppen - Ammann Stepstore<\/title>\n<meta name=\"description\" content=\"Treppenstufenbefestigung aus Edelstahl f\u00fcr aufgesattelte Holztreppen - Bestellen Sie jetzt und entdecken die Vorteile der Stufentr\u00e4ger.\" \/>\n<meta name=\"robots\" content=\"index, follow, max-snippet:-1, max-image-preview:large, max-video-preview:-1\" \/>\n<link rel=\"canonical\" href=\"https:\/\/ammann-stepstore.com\/en\/product-2\/step-support-step-support-step-bracket-step-fastening-step-connector-step-support-made-of-stainless-steel-for-saddled-wooden-stringer-stairs\/\" \/>\n<meta property=\"og:locale\" content=\"en_GB\" \/>\n<meta property=\"og:type\" content=\"article\" \/>\n<meta property=\"og:title\" content=\"Stufenauflager aus Edelstahl f\u00fcr aufgesattelte Holzwangentreppen - Ammann Stepstore\" \/>\n<meta property=\"og:description\" content=\"Treppenstufenbefestigung aus Edelstahl f\u00fcr aufgesattelte Holztreppen - Bestellen Sie jetzt und entdecken die Vorteile der Stufentr\u00e4ger.\" \/>\n<meta property=\"og:url\" content=\"https:\/\/ammann-stepstore.com\/en\/product-2\/step-support-step-support-step-bracket-step-fastening-step-connector-step-support-made-of-stainless-steel-for-saddled-wooden-stringer-stairs\/\" \/>\n<meta property=\"og:site_name\" content=\"Ammann Stepstore\" \/>\n<meta property=\"article:modified_time\" content=\"2026-03-31T09:29:28+00:00\" \/>\n<meta property=\"og:image\" content=\"https:\/\/ammann-stepstore.com\/wp-content\/uploads\/2024\/02\/Ammann-Treppen_Stufenauflager2_3.jpg\" \/>\n\t<meta property=\"og:image:width\" content=\"790\" \/>\n\t<meta property=\"og:image:height\" content=\"1000\" \/>\n\t<meta property=\"og:image:type\" content=\"image\/jpeg\" \/>\n<meta name=\"twitter:card\" content=\"summary_large_image\" \/>\n<meta name=\"twitter:label1\" content=\"Estimated reading time\" \/>\n\t<meta name=\"twitter:data1\" content=\"2 minutes\" \/>\n<script type=\"application\/ld+json\" class=\"yoast-schema-graph\">{\"@context\":\"https:\\\/\\\/schema.org\",\"@graph\":[{\"@type\":\"WebPage\",\"@id\":\"https:\\\/\\\/ammann-stepstore.com\\\/pt\\\/product-2\\\/suporte-de-degrau-suporte-de-degrau-suporte-de-degrau-fixacao-de-degrau-conetor-de-degrau-suporte-de-degrau-feito-de-aco-inoxidavel-para-escadas-de-madeira-seladas\\\/\",\"url\":\"https:\\\/\\\/ammann-stepstore.com\\\/pt\\\/product-2\\\/suporte-de-degrau-suporte-de-degrau-suporte-de-degrau-fixacao-de-degrau-conetor-de-degrau-suporte-de-degrau-feito-de-aco-inoxidavel-para-escadas-de-madeira-seladas\\\/\",\"name\":\"Stufenauflager aus Edelstahl f\u00fcr aufgesattelte Holzwangentreppen - Ammann Stepstore\",\"isPartOf\":{\"@id\":\"https:\\\/\\\/ammann-stepstore.com\\\/#website\"},\"primaryImageOfPage\":{\"@id\":\"https:\\\/\\\/ammann-stepstore.com\\\/pt\\\/product-2\\\/suporte-de-degrau-suporte-de-degrau-suporte-de-degrau-fixacao-de-degrau-conetor-de-degrau-suporte-de-degrau-feito-de-aco-inoxidavel-para-escadas-de-madeira-seladas\\\/#primaryimage\"},\"image\":{\"@id\":\"https:\\\/\\\/ammann-stepstore.com\\\/pt\\\/product-2\\\/suporte-de-degrau-suporte-de-degrau-suporte-de-degrau-fixacao-de-degrau-conetor-de-degrau-suporte-de-degrau-feito-de-aco-inoxidavel-para-escadas-de-madeira-seladas\\\/#primaryimage\"},\"thumbnailUrl\":\"https:\\\/\\\/ammann-stepstore.com\\\/wp-content\\\/uploads\\\/2024\\\/02\\\/Ammann-Treppen_Stufenauflager2_3.jpg\",\"datePublished\":\"2024-02-23T07:49:12+00:00\",\"dateModified\":\"2026-03-31T09:29:28+00:00\",\"description\":\"Treppenstufenbefestigung aus Edelstahl f\u00fcr aufgesattelte Holztreppen - Bestellen Sie jetzt und entdecken die Vorteile der Stufentr\u00e4ger.\",\"breadcrumb\":{\"@id\":\"https:\\\/\\\/ammann-stepstore.com\\\/pt\\\/product-2\\\/suporte-de-degrau-suporte-de-degrau-suporte-de-degrau-fixacao-de-degrau-conetor-de-degrau-suporte-de-degrau-feito-de-aco-inoxidavel-para-escadas-de-madeira-seladas\\\/#breadcrumb\"},\"inLanguage\":\"en-GB\",\"potentialAction\":[{\"@type\":\"ReadAction\",\"target\":[\"https:\\\/\\\/ammann-stepstore.com\\\/pt\\\/product-2\\\/suporte-de-degrau-suporte-de-degrau-suporte-de-degrau-fixacao-de-degrau-conetor-de-degrau-suporte-de-degrau-feito-de-aco-inoxidavel-para-escadas-de-madeira-seladas\\\/\"]}]},{\"@type\":\"ImageObject\",\"inLanguage\":\"en-GB\",\"@id\":\"https:\\\/\\\/ammann-stepstore.com\\\/pt\\\/product-2\\\/suporte-de-degrau-suporte-de-degrau-suporte-de-degrau-fixacao-de-degrau-conetor-de-degrau-suporte-de-degrau-feito-de-aco-inoxidavel-para-escadas-de-madeira-seladas\\\/#primaryimage\",\"url\":\"https:\\\/\\\/ammann-stepstore.com\\\/wp-content\\\/uploads\\\/2024\\\/02\\\/Ammann-Treppen_Stufenauflager2_3.jpg\",\"contentUrl\":\"https:\\\/\\\/ammann-stepstore.com\\\/wp-content\\\/uploads\\\/2024\\\/02\\\/Ammann-Treppen_Stufenauflager2_3.jpg\",\"width\":790,\"height\":1000,\"caption\":\"Stufenbefestigung f\u00fcr aufgesattelte Wangentreppen\"},{\"@type\":\"BreadcrumbList\",\"@id\":\"https:\\\/\\\/ammann-stepstore.com\\\/pt\\\/product-2\\\/suporte-de-degrau-suporte-de-degrau-suporte-de-degrau-fixacao-de-degrau-conetor-de-degrau-suporte-de-degrau-feito-de-aco-inoxidavel-para-escadas-de-madeira-seladas\\\/#breadcrumb\",\"itemListElement\":[{\"@type\":\"ListItem\",\"position\":1,\"name\":\"Startseite\",\"item\":\"https:\\\/\\\/ammann-stepstore.com\\\/\"},{\"@type\":\"ListItem\",\"position\":2,\"name\":\"Shop\",\"item\":\"https:\\\/\\\/ammann-stepstore.com\\\/shop\\\/\"},{\"@type\":\"ListItem\",\"position\":3,\"name\":\"Stufenauflager aus Edelstahl f\u00fcr aufgesattelte Holzwangentreppen\"}]},{\"@type\":\"WebSite\",\"@id\":\"https:\\\/\\\/ammann-stepstore.com\\\/#website\",\"url\":\"https:\\\/\\\/ammann-stepstore.com\\\/\",\"name\":\"Ammann Stepstore\",\"description\":\"Treppenbau-Zubeh\u00f6r bequem online kaufen\",\"publisher\":{\"@id\":\"https:\\\/\\\/ammann-stepstore.com\\\/#organization\"},\"potentialAction\":[{\"@type\":\"SearchAction\",\"target\":{\"@type\":\"EntryPoint\",\"urlTemplate\":\"https:\\\/\\\/ammann-stepstore.com\\\/?s={search_term_string}\"},\"query-input\":{\"@type\":\"PropertyValueSpecification\",\"valueRequired\":true,\"valueName\":\"search_term_string\"}}],\"inLanguage\":\"en-GB\"},{\"@type\":\"Organization\",\"@id\":\"https:\\\/\\\/ammann-stepstore.com\\\/#organization\",\"name\":\"easy-step GmbH\",\"url\":\"https:\\\/\\\/ammann-stepstore.com\\\/\",\"logo\":{\"@type\":\"ImageObject\",\"inLanguage\":\"en-GB\",\"@id\":\"https:\\\/\\\/ammann-stepstore.com\\\/#\\\/schema\\\/logo\\\/image\\\/\",\"url\":\"https:\\\/\\\/ammann-stepstore.com\\\/wp-content\\\/uploads\\\/2018\\\/09\\\/Systembautreppe-merged.png\",\"contentUrl\":\"https:\\\/\\\/ammann-stepstore.com\\\/wp-content\\\/uploads\\\/2018\\\/09\\\/Systembautreppe-merged.png\",\"width\":273,\"height\":67,\"caption\":\"easy-step GmbH\"},\"image\":{\"@id\":\"https:\\\/\\\/ammann-stepstore.com\\\/#\\\/schema\\\/logo\\\/image\\\/\"},\"sameAs\":[\"https:\\\/\\\/www.instagram.com\\\/easystep_bautreppe\\\/\"]}]}<\/script>\n<!-- \/ Yoast SEO plugin. -->","yoast_head_json":{"title":"Stainless steel step support for saddle-mounted wooden stringer stairs - Ammann Stepstore","description":"Stainless steel stair nosing fasteners for semi-mounted wooden stairs - Order now and discover the benefits of stair nosing brackets.","robots":{"index":"index","follow":"follow","max-snippet":"max-snippet:-1","max-image-preview":"max-image-preview:large","max-video-preview":"max-video-preview:-1"},"canonical":"https:\/\/ammann-stepstore.com\/en\/product-2\/step-support-step-support-step-bracket-step-fastening-step-connector-step-support-made-of-stainless-steel-for-saddled-wooden-stringer-stairs\/","og_locale":"en_GB","og_type":"article","og_title":"Stufenauflager aus Edelstahl f\u00fcr aufgesattelte Holzwangentreppen - Ammann Stepstore","og_description":"Treppenstufenbefestigung aus Edelstahl f\u00fcr aufgesattelte Holztreppen - Bestellen Sie jetzt und entdecken die Vorteile der Stufentr\u00e4ger.","og_url":"https:\/\/ammann-stepstore.com\/en\/product-2\/step-support-step-support-step-bracket-step-fastening-step-connector-step-support-made-of-stainless-steel-for-saddled-wooden-stringer-stairs\/","og_site_name":"Ammann Stepstore","article_modified_time":"2026-03-31T09:29:28+00:00","og_image":[{"width":790,"height":1000,"url":"https:\/\/ammann-stepstore.com\/wp-content\/uploads\/2024\/02\/Ammann-Treppen_Stufenauflager2_3.jpg","type":"image\/jpeg"}],"twitter_card":"summary_large_image","twitter_misc":{"Estimated reading time":"2 minutes"},"schema":{"@context":"https:\/\/schema.org","@graph":[{"@type":"WebPage","@id":"https:\/\/ammann-stepstore.com\/pt\/product-2\/suporte-de-degrau-suporte-de-degrau-suporte-de-degrau-fixacao-de-degrau-conetor-de-degrau-suporte-de-degrau-feito-de-aco-inoxidavel-para-escadas-de-madeira-seladas\/","url":"https:\/\/ammann-stepstore.com\/pt\/product-2\/suporte-de-degrau-suporte-de-degrau-suporte-de-degrau-fixacao-de-degrau-conetor-de-degrau-suporte-de-degrau-feito-de-aco-inoxidavel-para-escadas-de-madeira-seladas\/","name":"Stainless steel step support for saddle-mounted wooden stringer stairs - Ammann Stepstore","isPartOf":{"@id":"https:\/\/ammann-stepstore.com\/#website"},"primaryImageOfPage":{"@id":"https:\/\/ammann-stepstore.com\/pt\/product-2\/suporte-de-degrau-suporte-de-degrau-suporte-de-degrau-fixacao-de-degrau-conetor-de-degrau-suporte-de-degrau-feito-de-aco-inoxidavel-para-escadas-de-madeira-seladas\/#primaryimage"},"image":{"@id":"https:\/\/ammann-stepstore.com\/pt\/product-2\/suporte-de-degrau-suporte-de-degrau-suporte-de-degrau-fixacao-de-degrau-conetor-de-degrau-suporte-de-degrau-feito-de-aco-inoxidavel-para-escadas-de-madeira-seladas\/#primaryimage"},"thumbnailUrl":"https:\/\/ammann-stepstore.com\/wp-content\/uploads\/2024\/02\/Ammann-Treppen_Stufenauflager2_3.jpg","datePublished":"2024-02-23T07:49:12+00:00","dateModified":"2026-03-31T09:29:28+00:00","description":"Stainless steel stair nosing fasteners for semi-mounted wooden stairs - Order now and discover the benefits of stair nosing brackets.","breadcrumb":{"@id":"https:\/\/ammann-stepstore.com\/pt\/product-2\/suporte-de-degrau-suporte-de-degrau-suporte-de-degrau-fixacao-de-degrau-conetor-de-degrau-suporte-de-degrau-feito-de-aco-inoxidavel-para-escadas-de-madeira-seladas\/#breadcrumb"},"inLanguage":"en-GB","potentialAction":[{"@type":"ReadAction","target":["https:\/\/ammann-stepstore.com\/pt\/product-2\/suporte-de-degrau-suporte-de-degrau-suporte-de-degrau-fixacao-de-degrau-conetor-de-degrau-suporte-de-degrau-feito-de-aco-inoxidavel-para-escadas-de-madeira-seladas\/"]}]},{"@type":"ImageObject","inLanguage":"en-GB","@id":"https:\/\/ammann-stepstore.com\/pt\/product-2\/suporte-de-degrau-suporte-de-degrau-suporte-de-degrau-fixacao-de-degrau-conetor-de-degrau-suporte-de-degrau-feito-de-aco-inoxidavel-para-escadas-de-madeira-seladas\/#primaryimage","url":"https:\/\/ammann-stepstore.com\/wp-content\/uploads\/2024\/02\/Ammann-Treppen_Stufenauflager2_3.jpg","contentUrl":"https:\/\/ammann-stepstore.com\/wp-content\/uploads\/2024\/02\/Ammann-Treppen_Stufenauflager2_3.jpg","width":790,"height":1000,"caption":"Stufenbefestigung f\u00fcr aufgesattelte Wangentreppen"},{"@type":"BreadcrumbList","@id":"https:\/\/ammann-stepstore.com\/pt\/product-2\/suporte-de-degrau-suporte-de-degrau-suporte-de-degrau-fixacao-de-degrau-conetor-de-degrau-suporte-de-degrau-feito-de-aco-inoxidavel-para-escadas-de-madeira-seladas\/#breadcrumb","itemListElement":[{"@type":"ListItem","position":1,"name":"Startseite","item":"https:\/\/ammann-stepstore.com\/"},{"@type":"ListItem","position":2,"name":"Shop","item":"https:\/\/ammann-stepstore.com\/shop\/"},{"@type":"ListItem","position":3,"name":"Stufenauflager aus Edelstahl f\u00fcr aufgesattelte Holzwangentreppen"}]},{"@type":"WebSite","@id":"https:\/\/ammann-stepstore.com\/#website","url":"https:\/\/ammann-stepstore.com\/","name":"Ammann Stepstore","description":"Buy staircase accessories conveniently online","publisher":{"@id":"https:\/\/ammann-stepstore.com\/#organization"},"potentialAction":[{"@type":"SearchAction","target":{"@type":"EntryPoint","urlTemplate":"https:\/\/ammann-stepstore.com\/?s={search_term_string}"},"query-input":{"@type":"PropertyValueSpecification","valueRequired":true,"valueName":"search_term_string"}}],"inLanguage":"en-GB"},{"@type":"Organization","@id":"https:\/\/ammann-stepstore.com\/#organization","name":"easy-step GmbH","url":"https:\/\/ammann-stepstore.com\/","logo":{"@type":"ImageObject","inLanguage":"en-GB","@id":"https:\/\/ammann-stepstore.com\/#\/schema\/logo\/image\/","url":"https:\/\/ammann-stepstore.com\/wp-content\/uploads\/2018\/09\/Systembautreppe-merged.png","contentUrl":"https:\/\/ammann-stepstore.com\/wp-content\/uploads\/2018\/09\/Systembautreppe-merged.png","width":273,"height":67,"caption":"easy-step GmbH"},"image":{"@id":"https:\/\/ammann-stepstore.com\/#\/schema\/logo\/image\/"},"sameAs":["https:\/\/www.instagram.com\/easystep_bautreppe\/"]}]}},"_links":{"self":[{"href":"https:\/\/ammann-stepstore.com\/en\/wp-json\/wp\/v2\/product\/8019","targetHints":{"allow":["GET"]}}],"collection":[{"href":"https:\/\/ammann-stepstore.com\/en\/wp-json\/wp\/v2\/product"}],"about":[{"href":"https:\/\/ammann-stepstore.com\/en\/wp-json\/wp\/v2\/types\/product"}],"replies":[{"embeddable":true,"href":"https:\/\/ammann-stepstore.com\/en\/wp-json\/wp\/v2\/comments?post=8019"}],"wp:featuredmedia":[{"embeddable":true,"href":"https:\/\/ammann-stepstore.com\/en\/wp-json\/wp\/v2\/media\/8095"}],"wp:attachment":[{"href":"https:\/\/ammann-stepstore.com\/en\/wp-json\/wp\/v2\/media?parent=8019"}],"wp:term":[{"taxonomy":"product_brand","embeddable":true,"href":"https:\/\/ammann-stepstore.com\/en\/wp-json\/wp\/v2\/product_brand?post=8019"},{"taxonomy":"product_cat","embeddable":true,"href":"https:\/\/ammann-stepstore.com\/en\/wp-json\/wp\/v2\/product_cat?post=8019"},{"taxonomy":"product_tag","embeddable":true,"href":"https:\/\/ammann-stepstore.com\/en\/wp-json\/wp\/v2\/product_tag?post=8019"}],"curies":[{"name":"wp","href":"https:\/\/api.w.org\/{rel}","templated":true}]}}